{"id":461325,"date":"2023-12-29T12:15:16","date_gmt":"2023-12-29T11:15:16","guid":{"rendered":"https:\/\/www.daisho.be\/produit\/keikogi-hose-yomogi\/"},"modified":"2025-12-22T17:24:40","modified_gmt":"2025-12-22T16:24:40","slug":"keikogi-hose-yomogi","status":"publish","type":"product","link":"https:\/\/www.daisho.be\/de\/produit\/keikogi-hose-yomogi\/","title":{"rendered":"Keikogi-Hose Yomogi"},"content":{"rendered":"<p>Tozando hat einen neuartigen Aikido-Gi mit Hilfe einer innovativen Faser namens Unitika Pulper entworfen, die die Vorteile von Polyester und Baumwolle kombiniert. Der Stoff wird mit Hilfe einer Pflanze namens Yomogi oder japanischer Beifu\u00df (Artememisia princeps) behandelt, die f\u00fcr ihre antibakterielle und geruchshemmende Wirkung bekannt ist.<br \/>\nDieser Aikido-Gi wird auf traditionelle Weise von den Tozando-Schneidern in Iwate, Japan, hergestellt.<br \/>\nDiese Aikidohose ist perfekt f\u00fcr die Kombination mit dem Yomogi Dogi geeignet. Sie ist leicht und bleibt w\u00e4hrend des Trainings k\u00fchl.<br \/>\nWie alle unsere Aikidohosen wurden sie speziell f\u00fcr das Aikidotraining entworfen, mit einer doppelten Dicke ab dem Knie, um zus\u00e4tzlichen Komfort und Haltbarkeit w\u00e4hrend Suwari-Waza zu bieten.<\/p>\n<p>Die Gr\u00f6\u00dfen k\u00f6nnen mit der Yomogi Keikogi Jacke Ref. AG260W kombiniert werden.<\/p>\n<p>Eigenschaften:<br \/>\n\u00c2- Made in Japan<br \/>\n\u00c2- Unitika Pulper Faser (60% Baumwolle und 40% Polyester).<br \/>\n\u00c2- Antibakterielle und geruchshemmende Yomogi Prozedur<br \/>\n\u00c2- Schnell trocknend<br \/>\n\u00c2- Perfekt f\u00fcr den Sommer<br \/>\n\u00c2- Verst\u00e4rkte Kniepartie <\/p>\n","protected":false},"excerpt":{"rendered":"<p>Tozando hat einen neuartigen Aikido-Gi mit Hilfe einer innovativen Faser namens Unitika Pulper entworfen, die die Vorteile von Polyester und Baumwolle kombiniert. Der Stoff wird mit Hilfe einer Pflanze namens Yomogi oder japanischer Beifu\u00df (Artememisia princeps) behandelt, die f\u00fcr ihre antibakterielle und geruchshemmende Wirkung bekannt ist. Dieser Aikido-Gi wird auf traditionelle Weise von den Tozando-Schneidern [&hellip;]<\/p>\n","protected":false},"featured_media":461330,"comment_status":"open","ping_status":"closed","template":"","meta":{"inline_featured_image":false},"product_brand":[],"product_cat":[2127,2230,2128,2118],"product_tag":[2332],"sport":[429],"class_list":{"0":"post-461325","1":"product","2":"type-product","3":"status-publish","4":"has-post-thumbnail","6":"product_cat-aikido-kimonos-de","7":"product_cat-judo-kimonos-de","8":"product_cat-jujitsu-kimono-de","9":"product_cat-kleidung-kimonos","10":"product_tag-tozando-de","11":"pa_size-85","12":"pa_size-35-2","13":"pa_size-84","14":"pa_size-45-2","15":"pa_size-83","16":"sport-aikido","18":"first","19":"instock","20":"taxable","21":"shipping-taxable","22":"purchasable","23":"product-type-variable"},"yoast_head":"<!-- This site is optimized with the Yoast SEO plugin v27.2 - https:\/\/yoast.com\/product\/yoast-seo-wordpress\/ -->\n<title>Keikogi-Hose Yomogi &#8211; Daisho<\/title>\n<meta name=\"description\" content=\"Yomogi Keikogi Hose von Tozando f\u00fcr Aikido-Praktizierende. In verschiedenen Gr\u00f6\u00dfen erh\u00e4ltlich. | Hier finden Sie sie in unserem Daisho Shop.\" \/>\n<meta name=\"robots\" content=\"index, follow, max-snippet:-1, max-image-preview:large, max-video-preview:-1\" \/>\n<link rel=\"canonical\" href=\"https:\/\/www.daisho.be\/de\/produit\/keikogi-hose-yomogi\/\" \/>\n<meta property=\"og:locale\" content=\"de_DE\" \/>\n<meta property=\"og:type\" content=\"article\" \/>\n<meta property=\"og:title\" content=\"Keikogi-Hose Yomogi &#8211; Daisho\" \/>\n<meta property=\"og:description\" content=\"Yomogi Keikogi Hose von Tozando f\u00fcr Aikido-Praktizierende. In verschiedenen Gr\u00f6\u00dfen erh\u00e4ltlich. | Hier finden Sie sie in unserem Daisho Shop.\" \/>\n<meta property=\"og:url\" content=\"https:\/\/www.daisho.be\/de\/produit\/keikogi-hose-yomogi\/\" \/>\n<meta property=\"og:site_name\" content=\"Daisho\" \/>\n<meta property=\"article:modified_time\" content=\"2025-12-22T16:24:40+00:00\" \/>\n<meta property=\"og:image\" content=\"https:\/\/www.daisho.be\/wp-content\/uploads\/2023\/12\/image.webp\" \/>\n\t<meta property=\"og:image:width\" content=\"600\" \/>\n\t<meta property=\"og:image:height\" content=\"600\" \/>\n\t<meta property=\"og:image:type\" content=\"image\/webp\" \/>\n<meta name=\"twitter:card\" content=\"summary_large_image\" \/>\n<meta name=\"twitter:label1\" content=\"Gesch\u00e4tzte Lesezeit\" \/>\n\t<meta name=\"twitter:data1\" content=\"1\u00a0Minute\" \/>\n<script type=\"application\/ld+json\" class=\"yoast-schema-graph\">{\"@context\":\"https:\/\/schema.org\",\"@graph\":[{\"@type\":\"WebPage\",\"@id\":\"https:\/\/www.daisho.be\/de\/produit\/keikogi-hose-yomogi\/\",\"url\":\"https:\/\/www.daisho.be\/de\/produit\/keikogi-hose-yomogi\/\",\"name\":\"Keikogi-Hose Yomogi &#8211; Daisho\",\"isPartOf\":{\"@id\":\"https:\/\/www.daisho.be\/de\/#website\"},\"primaryImageOfPage\":{\"@id\":\"https:\/\/www.daisho.be\/de\/produit\/keikogi-hose-yomogi\/#primaryimage\"},\"image\":{\"@id\":\"https:\/\/www.daisho.be\/de\/produit\/keikogi-hose-yomogi\/#primaryimage\"},\"thumbnailUrl\":\"https:\/\/www.daisho.be\/wp-content\/uploads\/2023\/12\/image.webp\",\"datePublished\":\"2023-12-29T11:15:16+00:00\",\"dateModified\":\"2025-12-22T16:24:40+00:00\",\"description\":\"Yomogi Keikogi Hose von Tozando f\u00fcr Aikido-Praktizierende. In verschiedenen Gr\u00f6\u00dfen erh\u00e4ltlich. | Hier finden Sie sie in unserem Daisho Shop.\",\"breadcrumb\":{\"@id\":\"https:\/\/www.daisho.be\/de\/produit\/keikogi-hose-yomogi\/#breadcrumb\"},\"inLanguage\":\"de\",\"potentialAction\":[{\"@type\":\"ReadAction\",\"target\":[\"https:\/\/www.daisho.be\/de\/produit\/keikogi-hose-yomogi\/\"]}]},{\"@type\":\"ImageObject\",\"inLanguage\":\"de\",\"@id\":\"https:\/\/www.daisho.be\/de\/produit\/keikogi-hose-yomogi\/#primaryimage\",\"url\":\"https:\/\/www.daisho.be\/wp-content\/uploads\/2023\/12\/image.webp\",\"contentUrl\":\"https:\/\/www.daisho.be\/wp-content\/uploads\/2023\/12\/image.webp\",\"width\":600,\"height\":600,\"caption\":\"Keikogi-Hose Yomogi-1\"},{\"@type\":\"BreadcrumbList\",\"@id\":\"https:\/\/www.daisho.be\/de\/produit\/keikogi-hose-yomogi\/#breadcrumb\",\"itemListElement\":[{\"@type\":\"ListItem\",\"position\":1,\"name\":\"Accueil\",\"item\":\"https:\/\/www.daisho.be\/de\/\"},{\"@type\":\"ListItem\",\"position\":2,\"name\":\"Produkte\",\"item\":\"https:\/\/www.daisho.be\/de\/produkte\/\"},{\"@type\":\"ListItem\",\"position\":3,\"name\":\"Ausr\u00fcstung und Kleidung f\u00fcr Kampfkunst und Kampfsport\",\"item\":\"https:\/\/www.daisho.be\/de\/categorie-produit\/ausrustung-und-kleidung-fur-kampfkunst-und-kampfsport\/\"},{\"@type\":\"ListItem\",\"position\":4,\"name\":\"A\u00efkido\",\"item\":\"https:\/\/www.daisho.be\/de\/categorie-produit\/ausrustung-und-kleidung-fur-kampfkunst-und-kampfsport\/aikido-de\/\"},{\"@type\":\"ListItem\",\"position\":5,\"name\":\"Aikido Kimonos\",\"item\":\"https:\/\/www.daisho.be\/de\/categorie-produit\/ausrustung-und-kleidung-fur-kampfkunst-und-kampfsport\/aikido-de\/aikido-kimonos-de\/\"},{\"@type\":\"ListItem\",\"position\":6,\"name\":\"Keikogi-Hose Yomogi\"}]},{\"@type\":\"WebSite\",\"@id\":\"https:\/\/www.daisho.be\/de\/#website\",\"url\":\"https:\/\/www.daisho.be\/de\/\",\"name\":\"Daisho\",\"description\":\"Sp&eacute;cialiste de l'&eacute;quipement sportif d'arts martiaux\",\"publisher\":{\"@id\":\"https:\/\/www.daisho.be\/de\/#organization\"},\"potentialAction\":[{\"@type\":\"SearchAction\",\"target\":{\"@type\":\"EntryPoint\",\"urlTemplate\":\"https:\/\/www.daisho.be\/de\/?s={search_term_string}\"},\"query-input\":{\"@type\":\"PropertyValueSpecification\",\"valueRequired\":true,\"valueName\":\"search_term_string\"}}],\"inLanguage\":\"de\"},{\"@type\":\"Organization\",\"@id\":\"https:\/\/www.daisho.be\/de\/#organization\",\"name\":\"Daisho\",\"url\":\"https:\/\/www.daisho.be\/de\/\",\"logo\":{\"@type\":\"ImageObject\",\"inLanguage\":\"de\",\"@id\":\"https:\/\/www.daisho.be\/de\/#\/schema\/logo\/image\/\",\"url\":\"https:\/\/www.daisho.be\/wp-content\/uploads\/2019\/07\/color-nothing-horizontale4x-e1564486100247.png\",\"contentUrl\":\"https:\/\/www.daisho.be\/wp-content\/uploads\/2019\/07\/color-nothing-horizontale4x-e1564486100247.png\",\"width\":1547,\"height\":385,\"caption\":\"Daisho\"},\"image\":{\"@id\":\"https:\/\/www.daisho.be\/de\/#\/schema\/logo\/image\/\"}}]}<\/script>\n<!-- \/ Yoast SEO plugin. -->","yoast_head_json":{"title":"Keikogi-Hose Yomogi &#8211; Daisho","description":"Yomogi Keikogi Hose von Tozando f\u00fcr Aikido-Praktizierende. In verschiedenen Gr\u00f6\u00dfen erh\u00e4ltlich. | Hier finden Sie sie in unserem Daisho Shop.","robots":{"index":"index","follow":"follow","max-snippet":"max-snippet:-1","max-image-preview":"max-image-preview:large","max-video-preview":"max-video-preview:-1"},"canonical":"https:\/\/www.daisho.be\/de\/produit\/keikogi-hose-yomogi\/","og_locale":"de_DE","og_type":"article","og_title":"Keikogi-Hose Yomogi &#8211; Daisho","og_description":"Yomogi Keikogi Hose von Tozando f\u00fcr Aikido-Praktizierende. In verschiedenen Gr\u00f6\u00dfen erh\u00e4ltlich. | Hier finden Sie sie in unserem Daisho Shop.","og_url":"https:\/\/www.daisho.be\/de\/produit\/keikogi-hose-yomogi\/","og_site_name":"Daisho","article_modified_time":"2025-12-22T16:24:40+00:00","og_image":[{"width":600,"height":600,"url":"https:\/\/www.daisho.be\/wp-content\/uploads\/2023\/12\/image.webp","type":"image\/webp"}],"twitter_card":"summary_large_image","twitter_misc":{"Gesch\u00e4tzte Lesezeit":"1\u00a0Minute"},"schema":{"@context":"https:\/\/schema.org","@graph":[{"@type":"WebPage","@id":"https:\/\/www.daisho.be\/de\/produit\/keikogi-hose-yomogi\/","url":"https:\/\/www.daisho.be\/de\/produit\/keikogi-hose-yomogi\/","name":"Keikogi-Hose Yomogi &#8211; Daisho","isPartOf":{"@id":"https:\/\/www.daisho.be\/de\/#website"},"primaryImageOfPage":{"@id":"https:\/\/www.daisho.be\/de\/produit\/keikogi-hose-yomogi\/#primaryimage"},"image":{"@id":"https:\/\/www.daisho.be\/de\/produit\/keikogi-hose-yomogi\/#primaryimage"},"thumbnailUrl":"https:\/\/www.daisho.be\/wp-content\/uploads\/2023\/12\/image.webp","datePublished":"2023-12-29T11:15:16+00:00","dateModified":"2025-12-22T16:24:40+00:00","description":"Yomogi Keikogi Hose von Tozando f\u00fcr Aikido-Praktizierende. In verschiedenen Gr\u00f6\u00dfen erh\u00e4ltlich. | Hier finden Sie sie in unserem Daisho Shop.","breadcrumb":{"@id":"https:\/\/www.daisho.be\/de\/produit\/keikogi-hose-yomogi\/#breadcrumb"},"inLanguage":"de","potentialAction":[{"@type":"ReadAction","target":["https:\/\/www.daisho.be\/de\/produit\/keikogi-hose-yomogi\/"]}]},{"@type":"ImageObject","inLanguage":"de","@id":"https:\/\/www.daisho.be\/de\/produit\/keikogi-hose-yomogi\/#primaryimage","url":"https:\/\/www.daisho.be\/wp-content\/uploads\/2023\/12\/image.webp","contentUrl":"https:\/\/www.daisho.be\/wp-content\/uploads\/2023\/12\/image.webp","width":600,"height":600,"caption":"Keikogi-Hose Yomogi-1"},{"@type":"BreadcrumbList","@id":"https:\/\/www.daisho.be\/de\/produit\/keikogi-hose-yomogi\/#breadcrumb","itemListElement":[{"@type":"ListItem","position":1,"name":"Accueil","item":"https:\/\/www.daisho.be\/de\/"},{"@type":"ListItem","position":2,"name":"Produkte","item":"https:\/\/www.daisho.be\/de\/produkte\/"},{"@type":"ListItem","position":3,"name":"Ausr\u00fcstung und Kleidung f\u00fcr Kampfkunst und Kampfsport","item":"https:\/\/www.daisho.be\/de\/categorie-produit\/ausrustung-und-kleidung-fur-kampfkunst-und-kampfsport\/"},{"@type":"ListItem","position":4,"name":"A\u00efkido","item":"https:\/\/www.daisho.be\/de\/categorie-produit\/ausrustung-und-kleidung-fur-kampfkunst-und-kampfsport\/aikido-de\/"},{"@type":"ListItem","position":5,"name":"Aikido Kimonos","item":"https:\/\/www.daisho.be\/de\/categorie-produit\/ausrustung-und-kleidung-fur-kampfkunst-und-kampfsport\/aikido-de\/aikido-kimonos-de\/"},{"@type":"ListItem","position":6,"name":"Keikogi-Hose Yomogi"}]},{"@type":"WebSite","@id":"https:\/\/www.daisho.be\/de\/#website","url":"https:\/\/www.daisho.be\/de\/","name":"Daisho","description":"Sp&eacute;cialiste de l'&eacute;quipement sportif d'arts martiaux","publisher":{"@id":"https:\/\/www.daisho.be\/de\/#organization"},"potentialAction":[{"@type":"SearchAction","target":{"@type":"EntryPoint","urlTemplate":"https:\/\/www.daisho.be\/de\/?s={search_term_string}"},"query-input":{"@type":"PropertyValueSpecification","valueRequired":true,"valueName":"search_term_string"}}],"inLanguage":"de"},{"@type":"Organization","@id":"https:\/\/www.daisho.be\/de\/#organization","name":"Daisho","url":"https:\/\/www.daisho.be\/de\/","logo":{"@type":"ImageObject","inLanguage":"de","@id":"https:\/\/www.daisho.be\/de\/#\/schema\/logo\/image\/","url":"https:\/\/www.daisho.be\/wp-content\/uploads\/2019\/07\/color-nothing-horizontale4x-e1564486100247.png","contentUrl":"https:\/\/www.daisho.be\/wp-content\/uploads\/2019\/07\/color-nothing-horizontale4x-e1564486100247.png","width":1547,"height":385,"caption":"Daisho"},"image":{"@id":"https:\/\/www.daisho.be\/de\/#\/schema\/logo\/image\/"}}]}},"_links":{"self":[{"href":"https:\/\/www.daisho.be\/de\/wp-json\/wp\/v2\/product\/461325","targetHints":{"allow":["GET"]}}],"collection":[{"href":"https:\/\/www.daisho.be\/de\/wp-json\/wp\/v2\/product"}],"about":[{"href":"https:\/\/www.daisho.be\/de\/wp-json\/wp\/v2\/types\/product"}],"replies":[{"embeddable":true,"href":"https:\/\/www.daisho.be\/de\/wp-json\/wp\/v2\/comments?post=461325"}],"wp:featuredmedia":[{"embeddable":true,"href":"https:\/\/www.daisho.be\/de\/wp-json\/wp\/v2\/media\/461330"}],"wp:attachment":[{"href":"https:\/\/www.daisho.be\/de\/wp-json\/wp\/v2\/media?parent=461325"}],"wp:term":[{"taxonomy":"product_brand","embeddable":true,"href":"https:\/\/www.daisho.be\/de\/wp-json\/wp\/v2\/product_brand?post=461325"},{"taxonomy":"product_cat","embeddable":true,"href":"https:\/\/www.daisho.be\/de\/wp-json\/wp\/v2\/product_cat?post=461325"},{"taxonomy":"product_tag","embeddable":true,"href":"https:\/\/www.daisho.be\/de\/wp-json\/wp\/v2\/product_tag?post=461325"},{"taxonomy":"sport","embeddable":true,"href":"https:\/\/www.daisho.be\/de\/wp-json\/wp\/v2\/sport?post=461325"}],"curies":[{"name":"wp","href":"https:\/\/api.w.org\/{rel}","templated":true}]}}