{"id":461152,"date":"2024-01-13T12:13:27","date_gmt":"2024-01-13T11:13:27","guid":{"rendered":"https:\/\/www.daisho.be\/produit\/feststehender-spiegel-amadeus-rahmen-silber\/"},"modified":"2026-03-31T14:52:05","modified_gmt":"2026-03-31T12:52:05","slug":"feststehender-spiegel-amadeus-rahmen-silber","status":"publish","type":"product","link":"https:\/\/www.daisho.be\/de\/produit\/feststehender-spiegel-amadeus-rahmen-silber\/","title":{"rendered":"Feststehender Spiegel Amadeus &#8211; Rahmen Silber 170&#215;100 cm"},"content":{"rendered":"<p>Der Amadeus ist ein professioneller Spiegel, der so entworfen wurde, dass er mit unseren wandmontierten Tanzstangen harmoniert. Durch eine speziell entworfene \u00d6ffnung im Glas und in der Halterung kann der Amadeus mit unseren Arabesque Wandkonsolen installiert werden. Erh\u00e4ltlich in zwei Gr\u00f6\u00dfen, 2 x 1 m und 1,7 x 1 m, ist dieser perfekt reflektierende Spiegel ein ideales Werkzeug, um Ihre Technik zu perfektionieren und das Beste aus Ihrem Raum zu machen.<br \/>\nBessere Raumplanung.<br \/>\nWir haben die ideale L\u00f6sung f\u00fcr die effektive Kombination von Spiegeln und Tanzstangen entwickelt. Unsere Design- und Fertigungsteams haben einen Spiegel mit einer gerahmten \u00d6ffnung entworfen, der die Integrit\u00e4t der gesamten Struktur nicht beeintr\u00e4chtigt. Dank der 20 x 10 cm gro\u00dfen \u00d6ffnung k\u00f6nnen die Arabesque-Konsolen direkt an der Wand befestigt werden, ohne zus\u00e4tzlichen Druck auf den Spiegel auszu\u00fcben, was eine sichere Installation gew\u00e4hrleistet.<br \/>\nDas 4 mm dicke Glas des professionellen Amadeus-Spiegels ist von h\u00f6chster Qualit\u00e4t. Es erm\u00f6glicht mehreren Sch\u00fclern in unterschiedlichen Entfernungen, sich ohne Verzerrung zu sehen und pr\u00e4zise zu arbeiten.<br \/>\nDetails, die den Unterschied ausmachen.<br \/>\nDie verzinkten Stahlhalterungen, die an die Wand geschraubt werden, sind so konzipiert, dass der Spiegel mit Hilfe der Schlitze im Rahmen aufgeh\u00e4ngt werden kann. Sobald der Spiegel in die Halterungen eingeh\u00e4ngt ist, liegt er flach an der Wand. Dieses System verteilt das Gewicht auf die gesamte Fl\u00e4che und garantiert eine perfekte Ausrichtung und Stabilit\u00e4t der gesamten Installation, unabh\u00e4ngig von der Anzahl der Spiegel. Die Aluminiumrahmen und die \u00d6ffnung sch\u00fctzen den Spiegel und erm\u00f6glichen es, mehrere Spiegel sicher und ohne Abweichungen zu montieren.<br \/>\nBei Dinamica Ballet achten wir auf Details, daher k\u00f6nnen Sie zwischen silbernen oder schwarzen Rahmen w\u00e4hlen, um den Amadeus mit der Konsole der Ballettstange abzustimmen. Die Spiegel, Konsolen und Holzstangen werden separat verkauft, so dass Sie die Modelle w\u00e4hlen k\u00f6nnen, die zu Ihrem Raum passen. Der Amadeus kann auch in Kombination mit unseren Standard-Figaro-Spiegeln verwendet werden, um gro\u00dfe Spiegel- und Tanzstangeninstallationen zu schaffen.<br \/>\nEin Hochsicherheitsspiegel.<br \/>\nDie Dicke des Spiegels, der Schutz des Aluminiumrahmens und das Befestigungssystem machen den Amadeus sehr robust und bieten einen hohen Schutz gegen Bruch. Bei einem starken Aufprall auf den Spiegel kann dieser jedoch zerbrechen. Aus diesem Grund haben wir eine Sicherheitsfolie angebracht, die verhindert, dass sich Glasfragmente l\u00f6sen und jemanden treffen. Der Amadeus entspricht den europ\u00e4ischen Sicherheits- und Leistungsstandards EN-6060.             <\/p>\n","protected":false},"excerpt":{"rendered":"<p>Der Amadeus ist ein professioneller Spiegel, der so entworfen wurde, dass er mit unseren wandmontierten Tanzstangen harmoniert. Durch eine speziell entworfene \u00d6ffnung im Glas und in der Halterung kann der Amadeus mit unseren Arabesque Wandkonsolen installiert werden. Erh\u00e4ltlich in zwei Gr\u00f6\u00dfen, 2 x 1 m und 1,7 x 1 m, ist dieser perfekt reflektierende Spiegel [&hellip;]<\/p>\n","protected":false},"featured_media":461157,"comment_status":"open","ping_status":"closed","template":"","meta":{"inline_featured_image":false},"product_brand":[],"product_cat":[2055,2348],"product_tag":[2349],"sport":[],"class_list":{"0":"post-461152","1":"product","2":"type-product","3":"status-publish","4":"has-post-thumbnail","6":"product_cat-karate-trainingsmaterial","7":"product_cat-spiegel","8":"product_tag-dinamica-ballet-de","9":"product_shipping_class-schwere-produkte","10":"pa_size-170x100-cms","12":"first","13":"instock","14":"taxable","15":"shipping-taxable","16":"purchasable","17":"product-type-variable"},"yoast_head":"<!-- This site is optimized with the Yoast SEO plugin v27.2 - https:\/\/yoast.com\/product\/yoast-seo-wordpress\/ -->\n<title>Feststehender Spiegel Amadeus - Rahmen Silber 170x100 cm &#8211; Daisho<\/title>\n<meta name=\"description\" content=\"Profi-Tanzspiegel mit \u00d6ffnung f\u00fcr Stangen, perfektes Spiegelbild, erh\u00f6hte Sicherheit, 2 Gr\u00f6\u00dfen erh\u00e4ltlich. Finden Sie ihn auf www.daisho.be|Daisho\" \/>\n<meta name=\"robots\" content=\"index, follow, max-snippet:-1, max-image-preview:large, max-video-preview:-1\" \/>\n<link rel=\"canonical\" href=\"https:\/\/www.daisho.be\/de\/produit\/feststehender-spiegel-amadeus-rahmen-silber\/\" \/>\n<meta property=\"og:locale\" content=\"de_DE\" \/>\n<meta property=\"og:type\" content=\"article\" \/>\n<meta property=\"og:title\" content=\"Feststehender Spiegel Amadeus - Rahmen Silber 170x100 cm &#8211; Daisho\" \/>\n<meta property=\"og:description\" content=\"Profi-Tanzspiegel mit \u00d6ffnung f\u00fcr Stangen, perfektes Spiegelbild, erh\u00f6hte Sicherheit, 2 Gr\u00f6\u00dfen erh\u00e4ltlich. Finden Sie ihn auf www.daisho.be|Daisho\" \/>\n<meta property=\"og:url\" content=\"https:\/\/www.daisho.be\/de\/produit\/feststehender-spiegel-amadeus-rahmen-silber\/\" \/>\n<meta property=\"og:site_name\" content=\"Daisho\" \/>\n<meta property=\"article:modified_time\" content=\"2026-03-31T12:52:05+00:00\" \/>\n<meta property=\"og:image\" content=\"https:\/\/www.daisho.be\/wp-content\/uploads\/2024\/01\/image-204.jpg\" \/>\n\t<meta property=\"og:image:width\" content=\"801\" \/>\n\t<meta property=\"og:image:height\" content=\"1200\" \/>\n\t<meta property=\"og:image:type\" content=\"image\/jpeg\" \/>\n<meta name=\"twitter:card\" content=\"summary_large_image\" \/>\n<meta name=\"twitter:label1\" content=\"Gesch\u00e4tzte Lesezeit\" \/>\n\t<meta name=\"twitter:data1\" content=\"2\u00a0Minuten\" \/>\n<script type=\"application\/ld+json\" class=\"yoast-schema-graph\">{\"@context\":\"https:\/\/schema.org\",\"@graph\":[{\"@type\":\"WebPage\",\"@id\":\"https:\/\/www.daisho.be\/de\/produit\/feststehender-spiegel-amadeus-rahmen-silber\/\",\"url\":\"https:\/\/www.daisho.be\/de\/produit\/feststehender-spiegel-amadeus-rahmen-silber\/\",\"name\":\"Feststehender Spiegel Amadeus - Rahmen Silber 170x100 cm &#8211; Daisho\",\"isPartOf\":{\"@id\":\"https:\/\/www.daisho.be\/de\/#website\"},\"primaryImageOfPage\":{\"@id\":\"https:\/\/www.daisho.be\/de\/produit\/feststehender-spiegel-amadeus-rahmen-silber\/#primaryimage\"},\"image\":{\"@id\":\"https:\/\/www.daisho.be\/de\/produit\/feststehender-spiegel-amadeus-rahmen-silber\/#primaryimage\"},\"thumbnailUrl\":\"https:\/\/www.daisho.be\/wp-content\/uploads\/2024\/01\/image-204.jpg\",\"datePublished\":\"2024-01-13T11:13:27+00:00\",\"dateModified\":\"2026-03-31T12:52:05+00:00\",\"description\":\"Profi-Tanzspiegel mit \u00d6ffnung f\u00fcr Stangen, perfektes Spiegelbild, erh\u00f6hte Sicherheit, 2 Gr\u00f6\u00dfen erh\u00e4ltlich. Finden Sie ihn auf www.daisho.be|Daisho\",\"breadcrumb\":{\"@id\":\"https:\/\/www.daisho.be\/de\/produit\/feststehender-spiegel-amadeus-rahmen-silber\/#breadcrumb\"},\"inLanguage\":\"de\",\"potentialAction\":[{\"@type\":\"ReadAction\",\"target\":[\"https:\/\/www.daisho.be\/de\/produit\/feststehender-spiegel-amadeus-rahmen-silber\/\"]}]},{\"@type\":\"ImageObject\",\"inLanguage\":\"de\",\"@id\":\"https:\/\/www.daisho.be\/de\/produit\/feststehender-spiegel-amadeus-rahmen-silber\/#primaryimage\",\"url\":\"https:\/\/www.daisho.be\/wp-content\/uploads\/2024\/01\/image-204.jpg\",\"contentUrl\":\"https:\/\/www.daisho.be\/wp-content\/uploads\/2024\/01\/image-204.jpg\",\"width\":801,\"height\":1200,\"caption\":\"Feststehender Spiegel Amadeus - Rahmen Silber 170x100 cm-1\"},{\"@type\":\"BreadcrumbList\",\"@id\":\"https:\/\/www.daisho.be\/de\/produit\/feststehender-spiegel-amadeus-rahmen-silber\/#breadcrumb\",\"itemListElement\":[{\"@type\":\"ListItem\",\"position\":1,\"name\":\"Accueil\",\"item\":\"https:\/\/www.daisho.be\/de\/\"},{\"@type\":\"ListItem\",\"position\":2,\"name\":\"Produkte\",\"item\":\"https:\/\/www.daisho.be\/de\/produkte\/\"},{\"@type\":\"ListItem\",\"position\":3,\"name\":\"Ausr\u00fcstung und Kleidung f\u00fcr Kampfkunst und Kampfsport\",\"item\":\"https:\/\/www.daisho.be\/de\/categorie-produit\/ausrustung-und-kleidung-fur-kampfkunst-und-kampfsport\/\"},{\"@type\":\"ListItem\",\"position\":4,\"name\":\"Karate\",\"item\":\"https:\/\/www.daisho.be\/de\/categorie-produit\/ausrustung-und-kleidung-fur-kampfkunst-und-kampfsport\/karate-de-2\/\"},{\"@type\":\"ListItem\",\"position\":5,\"name\":\"Karate Trainingsmaterial\",\"item\":\"https:\/\/www.daisho.be\/de\/categorie-produit\/ausrustung-und-kleidung-fur-kampfkunst-und-kampfsport\/karate-de-2\/karate-trainingsmaterial\/\"},{\"@type\":\"ListItem\",\"position\":6,\"name\":\"Feststehender Spiegel Amadeus &#8211; Rahmen Silber 170&#215;100 cm\"}]},{\"@type\":\"WebSite\",\"@id\":\"https:\/\/www.daisho.be\/de\/#website\",\"url\":\"https:\/\/www.daisho.be\/de\/\",\"name\":\"Daisho\",\"description\":\"Sp&eacute;cialiste de l'&eacute;quipement sportif d'arts martiaux\",\"publisher\":{\"@id\":\"https:\/\/www.daisho.be\/de\/#organization\"},\"potentialAction\":[{\"@type\":\"SearchAction\",\"target\":{\"@type\":\"EntryPoint\",\"urlTemplate\":\"https:\/\/www.daisho.be\/de\/?s={search_term_string}\"},\"query-input\":{\"@type\":\"PropertyValueSpecification\",\"valueRequired\":true,\"valueName\":\"search_term_string\"}}],\"inLanguage\":\"de\"},{\"@type\":\"Organization\",\"@id\":\"https:\/\/www.daisho.be\/de\/#organization\",\"name\":\"Daisho\",\"url\":\"https:\/\/www.daisho.be\/de\/\",\"logo\":{\"@type\":\"ImageObject\",\"inLanguage\":\"de\",\"@id\":\"https:\/\/www.daisho.be\/de\/#\/schema\/logo\/image\/\",\"url\":\"https:\/\/www.daisho.be\/wp-content\/uploads\/2019\/07\/color-nothing-horizontale4x-e1564486100247.png\",\"contentUrl\":\"https:\/\/www.daisho.be\/wp-content\/uploads\/2019\/07\/color-nothing-horizontale4x-e1564486100247.png\",\"width\":1547,\"height\":385,\"caption\":\"Daisho\"},\"image\":{\"@id\":\"https:\/\/www.daisho.be\/de\/#\/schema\/logo\/image\/\"}}]}<\/script>\n<!-- \/ Yoast SEO plugin. -->","yoast_head_json":{"title":"Feststehender Spiegel Amadeus - Rahmen Silber 170x100 cm &#8211; Daisho","description":"Profi-Tanzspiegel mit \u00d6ffnung f\u00fcr Stangen, perfektes Spiegelbild, erh\u00f6hte Sicherheit, 2 Gr\u00f6\u00dfen erh\u00e4ltlich. Finden Sie ihn auf www.daisho.be|Daisho","robots":{"index":"index","follow":"follow","max-snippet":"max-snippet:-1","max-image-preview":"max-image-preview:large","max-video-preview":"max-video-preview:-1"},"canonical":"https:\/\/www.daisho.be\/de\/produit\/feststehender-spiegel-amadeus-rahmen-silber\/","og_locale":"de_DE","og_type":"article","og_title":"Feststehender Spiegel Amadeus - Rahmen Silber 170x100 cm &#8211; Daisho","og_description":"Profi-Tanzspiegel mit \u00d6ffnung f\u00fcr Stangen, perfektes Spiegelbild, erh\u00f6hte Sicherheit, 2 Gr\u00f6\u00dfen erh\u00e4ltlich. Finden Sie ihn auf www.daisho.be|Daisho","og_url":"https:\/\/www.daisho.be\/de\/produit\/feststehender-spiegel-amadeus-rahmen-silber\/","og_site_name":"Daisho","article_modified_time":"2026-03-31T12:52:05+00:00","og_image":[{"width":801,"height":1200,"url":"https:\/\/www.daisho.be\/wp-content\/uploads\/2024\/01\/image-204.jpg","type":"image\/jpeg"}],"twitter_card":"summary_large_image","twitter_misc":{"Gesch\u00e4tzte Lesezeit":"2\u00a0Minuten"},"schema":{"@context":"https:\/\/schema.org","@graph":[{"@type":"WebPage","@id":"https:\/\/www.daisho.be\/de\/produit\/feststehender-spiegel-amadeus-rahmen-silber\/","url":"https:\/\/www.daisho.be\/de\/produit\/feststehender-spiegel-amadeus-rahmen-silber\/","name":"Feststehender Spiegel Amadeus - Rahmen Silber 170x100 cm &#8211; Daisho","isPartOf":{"@id":"https:\/\/www.daisho.be\/de\/#website"},"primaryImageOfPage":{"@id":"https:\/\/www.daisho.be\/de\/produit\/feststehender-spiegel-amadeus-rahmen-silber\/#primaryimage"},"image":{"@id":"https:\/\/www.daisho.be\/de\/produit\/feststehender-spiegel-amadeus-rahmen-silber\/#primaryimage"},"thumbnailUrl":"https:\/\/www.daisho.be\/wp-content\/uploads\/2024\/01\/image-204.jpg","datePublished":"2024-01-13T11:13:27+00:00","dateModified":"2026-03-31T12:52:05+00:00","description":"Profi-Tanzspiegel mit \u00d6ffnung f\u00fcr Stangen, perfektes Spiegelbild, erh\u00f6hte Sicherheit, 2 Gr\u00f6\u00dfen erh\u00e4ltlich. Finden Sie ihn auf www.daisho.be|Daisho","breadcrumb":{"@id":"https:\/\/www.daisho.be\/de\/produit\/feststehender-spiegel-amadeus-rahmen-silber\/#breadcrumb"},"inLanguage":"de","potentialAction":[{"@type":"ReadAction","target":["https:\/\/www.daisho.be\/de\/produit\/feststehender-spiegel-amadeus-rahmen-silber\/"]}]},{"@type":"ImageObject","inLanguage":"de","@id":"https:\/\/www.daisho.be\/de\/produit\/feststehender-spiegel-amadeus-rahmen-silber\/#primaryimage","url":"https:\/\/www.daisho.be\/wp-content\/uploads\/2024\/01\/image-204.jpg","contentUrl":"https:\/\/www.daisho.be\/wp-content\/uploads\/2024\/01\/image-204.jpg","width":801,"height":1200,"caption":"Feststehender Spiegel Amadeus - Rahmen Silber 170x100 cm-1"},{"@type":"BreadcrumbList","@id":"https:\/\/www.daisho.be\/de\/produit\/feststehender-spiegel-amadeus-rahmen-silber\/#breadcrumb","itemListElement":[{"@type":"ListItem","position":1,"name":"Accueil","item":"https:\/\/www.daisho.be\/de\/"},{"@type":"ListItem","position":2,"name":"Produkte","item":"https:\/\/www.daisho.be\/de\/produkte\/"},{"@type":"ListItem","position":3,"name":"Ausr\u00fcstung und Kleidung f\u00fcr Kampfkunst und Kampfsport","item":"https:\/\/www.daisho.be\/de\/categorie-produit\/ausrustung-und-kleidung-fur-kampfkunst-und-kampfsport\/"},{"@type":"ListItem","position":4,"name":"Karate","item":"https:\/\/www.daisho.be\/de\/categorie-produit\/ausrustung-und-kleidung-fur-kampfkunst-und-kampfsport\/karate-de-2\/"},{"@type":"ListItem","position":5,"name":"Karate Trainingsmaterial","item":"https:\/\/www.daisho.be\/de\/categorie-produit\/ausrustung-und-kleidung-fur-kampfkunst-und-kampfsport\/karate-de-2\/karate-trainingsmaterial\/"},{"@type":"ListItem","position":6,"name":"Feststehender Spiegel Amadeus &#8211; Rahmen Silber 170&#215;100 cm"}]},{"@type":"WebSite","@id":"https:\/\/www.daisho.be\/de\/#website","url":"https:\/\/www.daisho.be\/de\/","name":"Daisho","description":"Sp&eacute;cialiste de l'&eacute;quipement sportif d'arts martiaux","publisher":{"@id":"https:\/\/www.daisho.be\/de\/#organization"},"potentialAction":[{"@type":"SearchAction","target":{"@type":"EntryPoint","urlTemplate":"https:\/\/www.daisho.be\/de\/?s={search_term_string}"},"query-input":{"@type":"PropertyValueSpecification","valueRequired":true,"valueName":"search_term_string"}}],"inLanguage":"de"},{"@type":"Organization","@id":"https:\/\/www.daisho.be\/de\/#organization","name":"Daisho","url":"https:\/\/www.daisho.be\/de\/","logo":{"@type":"ImageObject","inLanguage":"de","@id":"https:\/\/www.daisho.be\/de\/#\/schema\/logo\/image\/","url":"https:\/\/www.daisho.be\/wp-content\/uploads\/2019\/07\/color-nothing-horizontale4x-e1564486100247.png","contentUrl":"https:\/\/www.daisho.be\/wp-content\/uploads\/2019\/07\/color-nothing-horizontale4x-e1564486100247.png","width":1547,"height":385,"caption":"Daisho"},"image":{"@id":"https:\/\/www.daisho.be\/de\/#\/schema\/logo\/image\/"}}]}},"_links":{"self":[{"href":"https:\/\/www.daisho.be\/de\/wp-json\/wp\/v2\/product\/461152","targetHints":{"allow":["GET"]}}],"collection":[{"href":"https:\/\/www.daisho.be\/de\/wp-json\/wp\/v2\/product"}],"about":[{"href":"https:\/\/www.daisho.be\/de\/wp-json\/wp\/v2\/types\/product"}],"replies":[{"embeddable":true,"href":"https:\/\/www.daisho.be\/de\/wp-json\/wp\/v2\/comments?post=461152"}],"wp:featuredmedia":[{"embeddable":true,"href":"https:\/\/www.daisho.be\/de\/wp-json\/wp\/v2\/media\/461157"}],"wp:attachment":[{"href":"https:\/\/www.daisho.be\/de\/wp-json\/wp\/v2\/media?parent=461152"}],"wp:term":[{"taxonomy":"product_brand","embeddable":true,"href":"https:\/\/www.daisho.be\/de\/wp-json\/wp\/v2\/product_brand?post=461152"},{"taxonomy":"product_cat","embeddable":true,"href":"https:\/\/www.daisho.be\/de\/wp-json\/wp\/v2\/product_cat?post=461152"},{"taxonomy":"product_tag","embeddable":true,"href":"https:\/\/www.daisho.be\/de\/wp-json\/wp\/v2\/product_tag?post=461152"},{"taxonomy":"sport","embeddable":true,"href":"https:\/\/www.daisho.be\/de\/wp-json\/wp\/v2\/sport?post=461152"}],"curies":[{"name":"wp","href":"https:\/\/api.w.org\/{rel}","templated":true}]}}