{"id":461146,"date":"2024-01-13T12:13:47","date_gmt":"2024-01-13T11:13:47","guid":{"rendered":"https:\/\/www.daisho.be\/produit\/feststehender-spiegel-boris-rahmen-silber-siebdruck-2\/"},"modified":"2026-03-26T16:41:04","modified_gmt":"2026-03-26T15:41:04","slug":"feststehender-spiegel-boris-rahmen-silber-siebdruck-2","status":"publish","type":"product","link":"https:\/\/www.daisho.be\/de\/produit\/feststehender-spiegel-boris-rahmen-silber-siebdruck-2\/","title":{"rendered":"Feststehender Spiegel Boris &#8211; Rahmen Silber + Siebdruck"},"content":{"rendered":"<p>Der Boris ist ein serigraphierter Wandspiegel, der f\u00fcr Profis entwickelt wurde, die auf der Suche nach technischer Pr\u00e4zision sind. Er hilft Choreographen, Musikern, Sportlern und Rehabilitationsexperten, die Bewegungen ihrer Sch\u00fcler mit Hilfe des 10 x 5 Zentimeter gro\u00dfen Siebdruckrasters zu verbessern. Der Boris-Spiegel, dessen Name eine Hommage an das Meisterwerk der russischen Oper Boris Godunow ist, wirft ein perfektes Spiegelbild und garantiert maximale Sicherheit f\u00fcr die Menschen.<br \/>\nEntwickelt f\u00fcr exzellente Bewegung.<br \/>\nDer Boris-Spiegel ist ein ideales Arbeitswerkzeug f\u00fcr Fachleute, die pr\u00e4gnante Ausdrucksformen ben\u00f6tigen. Die gesamte Spiegelfl\u00e4che ist mit einem 10 x 5 cm gro\u00dfen feinen Linienraster versehen, das eine sorgf\u00e4ltige Kontrolle der K\u00f6rperhaltung und eine strenge technische Bewertung erm\u00f6glicht.<br \/>\nDie au\u00dfergew\u00f6hnliche Qualit\u00e4t des Boris-Spiegels bietet eine perfekte Reflexion, unabh\u00e4ngig von der Entfernung, in der sich die Personen befinden. Bei Gruppenarbeit k\u00f6nnen mehrere Spiegel zusammengestellt werden, um eine durchgehende Fl\u00e4che ohne Zwischenr\u00e4ume zu schaffen.<br \/>\nErh\u00e4ltlich in drei Gr\u00f6\u00dfen und zwei Farben<br \/>\nDer Boris-Spiegel ist in verschiedenen Gr\u00f6\u00dfen und Farben erh\u00e4ltlich, um sich an alle Arten von R\u00e4umen anzupassen. Der Boris Spiegel ist in drei Gr\u00f6\u00dfen erh\u00e4ltlich, die klassische Gr\u00f6\u00dfe 200 x 100 cm, 170 x 100 cm oder 120 x 80 cm, ideal f\u00fcr Kurse mit Kindern. Sie k\u00f6nnen zwischen einem silbernen oder schwarzen Rahmen w\u00e4hlen.<br \/>\nAbsolute Sicherheit.<br \/>\nDer Installationsmechanismus erm\u00f6glicht es, den Boris-Spiegel \u00fcber einer Sockelleiste zu befestigen, wobei seine gesamte Oberfl\u00e4che auf der Wand aufliegt, wodurch der Druck gleichm\u00e4\u00dfig verteilt wird. Der Aluminiumrahmen bietet zus\u00e4tzlichen Schutz f\u00fcr den Benutzer und im Falle eines Bruchs durch einen starken Aufprall sorgen die Verarbeitung und die Qualit\u00e4t des Materials daf\u00fcr, dass sich die Glassplitter nicht vom Spiegel l\u00f6sen, gem\u00e4\u00df der europ\u00e4ischen Sicherheitsnorm EN-6060.<br \/>\nEinfache Installation und die M\u00f6glichkeit, den Spiegel zu verschieben.<br \/>\nDas Modell Boris wird auf verzinkten Stahltr\u00e4gern montiert, die an die Wand geschraubt werden.        Der Aluminiumrahmen haftet perfekt auf d\u00fcnnen Untergr\u00fcnden. Dieser Mechanismus macht es einfach, den Boris-Spiegel zu installieren, ohne die Wand zu sehr zu beeinflussen. Au\u00dferdem k\u00f6nnen Sie den Spiegel bei Bedarf einfach umh\u00e4ngen.  <\/p>\n","protected":false},"excerpt":{"rendered":"<p>Der Boris ist ein serigraphierter Wandspiegel, der f\u00fcr Profis entwickelt wurde, die auf der Suche nach technischer Pr\u00e4zision sind. Er hilft Choreographen, Musikern, Sportlern und Rehabilitationsexperten, die Bewegungen ihrer Sch\u00fcler mit Hilfe des 10 x 5 Zentimeter gro\u00dfen Siebdruckrasters zu verbessern. Der Boris-Spiegel, dessen Name eine Hommage an das Meisterwerk der russischen Oper Boris Godunow [&hellip;]<\/p>\n","protected":false},"featured_media":461150,"comment_status":"open","ping_status":"closed","template":"","meta":{"inline_featured_image":false},"product_brand":[],"product_cat":[2055,2348],"product_tag":[2349],"sport":[],"class_list":{"0":"post-461146","1":"product","2":"type-product","3":"status-publish","4":"has-post-thumbnail","6":"product_cat-karate-trainingsmaterial","7":"product_cat-spiegel","8":"product_tag-dinamica-ballet-de","9":"product_shipping_class-schwere-produkte","10":"pa_size-200x100-cms","12":"first","13":"instock","14":"taxable","15":"shipping-taxable","16":"purchasable","17":"product-type-variable"},"yoast_head":"<!-- This site is optimized with the Yoast SEO plugin v27.2 - https:\/\/yoast.com\/product\/yoast-seo-wordpress\/ -->\n<title>Feststehender Spiegel Boris - Rahmen Silber + Siebdruck &#8211; Daisho<\/title>\n<meta name=\"description\" content=\"Wandspiegel mit Raster 10x5 cm, ideal f\u00fcr Tanz, Sport und Rehabilitation. Hohe Pr\u00e4zision und perfekte Reflexion. Finden Sie ihn unter www.daisho.be | Daisho\" \/>\n<meta name=\"robots\" content=\"index, follow, max-snippet:-1, max-image-preview:large, max-video-preview:-1\" \/>\n<link rel=\"canonical\" href=\"https:\/\/www.daisho.be\/de\/produit\/feststehender-spiegel-boris-rahmen-silber-siebdruck-2\/\" \/>\n<meta property=\"og:locale\" content=\"de_DE\" \/>\n<meta property=\"og:type\" content=\"article\" \/>\n<meta property=\"og:title\" content=\"Feststehender Spiegel Boris - Rahmen Silber + Siebdruck &#8211; Daisho\" \/>\n<meta property=\"og:description\" content=\"Wandspiegel mit Raster 10x5 cm, ideal f\u00fcr Tanz, Sport und Rehabilitation. Hohe Pr\u00e4zision und perfekte Reflexion. Finden Sie ihn unter www.daisho.be | Daisho\" \/>\n<meta property=\"og:url\" content=\"https:\/\/www.daisho.be\/de\/produit\/feststehender-spiegel-boris-rahmen-silber-siebdruck-2\/\" \/>\n<meta property=\"og:site_name\" content=\"Daisho\" \/>\n<meta property=\"article:modified_time\" content=\"2026-03-26T15:41:04+00:00\" \/>\n<meta property=\"og:image\" content=\"https:\/\/www.daisho.be\/wp-content\/uploads\/2024\/01\/image-207.jpg\" \/>\n\t<meta property=\"og:image:width\" content=\"801\" \/>\n\t<meta property=\"og:image:height\" content=\"1200\" \/>\n\t<meta property=\"og:image:type\" content=\"image\/jpeg\" \/>\n<meta name=\"twitter:card\" content=\"summary_large_image\" \/>\n<meta name=\"twitter:label1\" content=\"Gesch\u00e4tzte Lesezeit\" \/>\n\t<meta name=\"twitter:data1\" content=\"2\u00a0Minuten\" \/>\n<script type=\"application\/ld+json\" class=\"yoast-schema-graph\">{\"@context\":\"https:\/\/schema.org\",\"@graph\":[{\"@type\":\"WebPage\",\"@id\":\"https:\/\/www.daisho.be\/de\/produit\/feststehender-spiegel-boris-rahmen-silber-siebdruck-2\/\",\"url\":\"https:\/\/www.daisho.be\/de\/produit\/feststehender-spiegel-boris-rahmen-silber-siebdruck-2\/\",\"name\":\"Feststehender Spiegel Boris - Rahmen Silber + Siebdruck &#8211; Daisho\",\"isPartOf\":{\"@id\":\"https:\/\/www.daisho.be\/de\/#website\"},\"primaryImageOfPage\":{\"@id\":\"https:\/\/www.daisho.be\/de\/produit\/feststehender-spiegel-boris-rahmen-silber-siebdruck-2\/#primaryimage\"},\"image\":{\"@id\":\"https:\/\/www.daisho.be\/de\/produit\/feststehender-spiegel-boris-rahmen-silber-siebdruck-2\/#primaryimage\"},\"thumbnailUrl\":\"https:\/\/www.daisho.be\/wp-content\/uploads\/2024\/01\/image-207.jpg\",\"datePublished\":\"2024-01-13T11:13:47+00:00\",\"dateModified\":\"2026-03-26T15:41:04+00:00\",\"description\":\"Wandspiegel mit Raster 10x5 cm, ideal f\u00fcr Tanz, Sport und Rehabilitation. Hohe Pr\u00e4zision und perfekte Reflexion. Finden Sie ihn unter www.daisho.be | Daisho\",\"breadcrumb\":{\"@id\":\"https:\/\/www.daisho.be\/de\/produit\/feststehender-spiegel-boris-rahmen-silber-siebdruck-2\/#breadcrumb\"},\"inLanguage\":\"de\",\"potentialAction\":[{\"@type\":\"ReadAction\",\"target\":[\"https:\/\/www.daisho.be\/de\/produit\/feststehender-spiegel-boris-rahmen-silber-siebdruck-2\/\"]}]},{\"@type\":\"ImageObject\",\"inLanguage\":\"de\",\"@id\":\"https:\/\/www.daisho.be\/de\/produit\/feststehender-spiegel-boris-rahmen-silber-siebdruck-2\/#primaryimage\",\"url\":\"https:\/\/www.daisho.be\/wp-content\/uploads\/2024\/01\/image-207.jpg\",\"contentUrl\":\"https:\/\/www.daisho.be\/wp-content\/uploads\/2024\/01\/image-207.jpg\",\"width\":801,\"height\":1200,\"caption\":\"Feststehender Spiegel Boris - Rahmen Silber + Siebdruck-1\"},{\"@type\":\"BreadcrumbList\",\"@id\":\"https:\/\/www.daisho.be\/de\/produit\/feststehender-spiegel-boris-rahmen-silber-siebdruck-2\/#breadcrumb\",\"itemListElement\":[{\"@type\":\"ListItem\",\"position\":1,\"name\":\"Accueil\",\"item\":\"https:\/\/www.daisho.be\/de\/\"},{\"@type\":\"ListItem\",\"position\":2,\"name\":\"Produkte\",\"item\":\"https:\/\/www.daisho.be\/de\/produkte\/\"},{\"@type\":\"ListItem\",\"position\":3,\"name\":\"Ausr\u00fcstung und Kleidung f\u00fcr Kampfkunst und Kampfsport\",\"item\":\"https:\/\/www.daisho.be\/de\/categorie-produit\/ausrustung-und-kleidung-fur-kampfkunst-und-kampfsport\/\"},{\"@type\":\"ListItem\",\"position\":4,\"name\":\"Karate\",\"item\":\"https:\/\/www.daisho.be\/de\/categorie-produit\/ausrustung-und-kleidung-fur-kampfkunst-und-kampfsport\/karate-de-2\/\"},{\"@type\":\"ListItem\",\"position\":5,\"name\":\"Karate Trainingsmaterial\",\"item\":\"https:\/\/www.daisho.be\/de\/categorie-produit\/ausrustung-und-kleidung-fur-kampfkunst-und-kampfsport\/karate-de-2\/karate-trainingsmaterial\/\"},{\"@type\":\"ListItem\",\"position\":6,\"name\":\"Feststehender Spiegel Boris &#8211; Rahmen Silber + Siebdruck\"}]},{\"@type\":\"WebSite\",\"@id\":\"https:\/\/www.daisho.be\/de\/#website\",\"url\":\"https:\/\/www.daisho.be\/de\/\",\"name\":\"Daisho\",\"description\":\"Sp&eacute;cialiste de l'&eacute;quipement sportif d'arts martiaux\",\"publisher\":{\"@id\":\"https:\/\/www.daisho.be\/de\/#organization\"},\"potentialAction\":[{\"@type\":\"SearchAction\",\"target\":{\"@type\":\"EntryPoint\",\"urlTemplate\":\"https:\/\/www.daisho.be\/de\/?s={search_term_string}\"},\"query-input\":{\"@type\":\"PropertyValueSpecification\",\"valueRequired\":true,\"valueName\":\"search_term_string\"}}],\"inLanguage\":\"de\"},{\"@type\":\"Organization\",\"@id\":\"https:\/\/www.daisho.be\/de\/#organization\",\"name\":\"Daisho\",\"url\":\"https:\/\/www.daisho.be\/de\/\",\"logo\":{\"@type\":\"ImageObject\",\"inLanguage\":\"de\",\"@id\":\"https:\/\/www.daisho.be\/de\/#\/schema\/logo\/image\/\",\"url\":\"https:\/\/www.daisho.be\/wp-content\/uploads\/2019\/07\/color-nothing-horizontale4x-e1564486100247.png\",\"contentUrl\":\"https:\/\/www.daisho.be\/wp-content\/uploads\/2019\/07\/color-nothing-horizontale4x-e1564486100247.png\",\"width\":1547,\"height\":385,\"caption\":\"Daisho\"},\"image\":{\"@id\":\"https:\/\/www.daisho.be\/de\/#\/schema\/logo\/image\/\"}}]}<\/script>\n<!-- \/ Yoast SEO plugin. -->","yoast_head_json":{"title":"Feststehender Spiegel Boris - Rahmen Silber + Siebdruck &#8211; Daisho","description":"Wandspiegel mit Raster 10x5 cm, ideal f\u00fcr Tanz, Sport und Rehabilitation. Hohe Pr\u00e4zision und perfekte Reflexion. Finden Sie ihn unter www.daisho.be | Daisho","robots":{"index":"index","follow":"follow","max-snippet":"max-snippet:-1","max-image-preview":"max-image-preview:large","max-video-preview":"max-video-preview:-1"},"canonical":"https:\/\/www.daisho.be\/de\/produit\/feststehender-spiegel-boris-rahmen-silber-siebdruck-2\/","og_locale":"de_DE","og_type":"article","og_title":"Feststehender Spiegel Boris - Rahmen Silber + Siebdruck &#8211; Daisho","og_description":"Wandspiegel mit Raster 10x5 cm, ideal f\u00fcr Tanz, Sport und Rehabilitation. Hohe Pr\u00e4zision und perfekte Reflexion. Finden Sie ihn unter www.daisho.be | Daisho","og_url":"https:\/\/www.daisho.be\/de\/produit\/feststehender-spiegel-boris-rahmen-silber-siebdruck-2\/","og_site_name":"Daisho","article_modified_time":"2026-03-26T15:41:04+00:00","og_image":[{"width":801,"height":1200,"url":"https:\/\/www.daisho.be\/wp-content\/uploads\/2024\/01\/image-207.jpg","type":"image\/jpeg"}],"twitter_card":"summary_large_image","twitter_misc":{"Gesch\u00e4tzte Lesezeit":"2\u00a0Minuten"},"schema":{"@context":"https:\/\/schema.org","@graph":[{"@type":"WebPage","@id":"https:\/\/www.daisho.be\/de\/produit\/feststehender-spiegel-boris-rahmen-silber-siebdruck-2\/","url":"https:\/\/www.daisho.be\/de\/produit\/feststehender-spiegel-boris-rahmen-silber-siebdruck-2\/","name":"Feststehender Spiegel Boris - Rahmen Silber + Siebdruck &#8211; Daisho","isPartOf":{"@id":"https:\/\/www.daisho.be\/de\/#website"},"primaryImageOfPage":{"@id":"https:\/\/www.daisho.be\/de\/produit\/feststehender-spiegel-boris-rahmen-silber-siebdruck-2\/#primaryimage"},"image":{"@id":"https:\/\/www.daisho.be\/de\/produit\/feststehender-spiegel-boris-rahmen-silber-siebdruck-2\/#primaryimage"},"thumbnailUrl":"https:\/\/www.daisho.be\/wp-content\/uploads\/2024\/01\/image-207.jpg","datePublished":"2024-01-13T11:13:47+00:00","dateModified":"2026-03-26T15:41:04+00:00","description":"Wandspiegel mit Raster 10x5 cm, ideal f\u00fcr Tanz, Sport und Rehabilitation. Hohe Pr\u00e4zision und perfekte Reflexion. Finden Sie ihn unter www.daisho.be | Daisho","breadcrumb":{"@id":"https:\/\/www.daisho.be\/de\/produit\/feststehender-spiegel-boris-rahmen-silber-siebdruck-2\/#breadcrumb"},"inLanguage":"de","potentialAction":[{"@type":"ReadAction","target":["https:\/\/www.daisho.be\/de\/produit\/feststehender-spiegel-boris-rahmen-silber-siebdruck-2\/"]}]},{"@type":"ImageObject","inLanguage":"de","@id":"https:\/\/www.daisho.be\/de\/produit\/feststehender-spiegel-boris-rahmen-silber-siebdruck-2\/#primaryimage","url":"https:\/\/www.daisho.be\/wp-content\/uploads\/2024\/01\/image-207.jpg","contentUrl":"https:\/\/www.daisho.be\/wp-content\/uploads\/2024\/01\/image-207.jpg","width":801,"height":1200,"caption":"Feststehender Spiegel Boris - Rahmen Silber + Siebdruck-1"},{"@type":"BreadcrumbList","@id":"https:\/\/www.daisho.be\/de\/produit\/feststehender-spiegel-boris-rahmen-silber-siebdruck-2\/#breadcrumb","itemListElement":[{"@type":"ListItem","position":1,"name":"Accueil","item":"https:\/\/www.daisho.be\/de\/"},{"@type":"ListItem","position":2,"name":"Produkte","item":"https:\/\/www.daisho.be\/de\/produkte\/"},{"@type":"ListItem","position":3,"name":"Ausr\u00fcstung und Kleidung f\u00fcr Kampfkunst und Kampfsport","item":"https:\/\/www.daisho.be\/de\/categorie-produit\/ausrustung-und-kleidung-fur-kampfkunst-und-kampfsport\/"},{"@type":"ListItem","position":4,"name":"Karate","item":"https:\/\/www.daisho.be\/de\/categorie-produit\/ausrustung-und-kleidung-fur-kampfkunst-und-kampfsport\/karate-de-2\/"},{"@type":"ListItem","position":5,"name":"Karate Trainingsmaterial","item":"https:\/\/www.daisho.be\/de\/categorie-produit\/ausrustung-und-kleidung-fur-kampfkunst-und-kampfsport\/karate-de-2\/karate-trainingsmaterial\/"},{"@type":"ListItem","position":6,"name":"Feststehender Spiegel Boris &#8211; Rahmen Silber + Siebdruck"}]},{"@type":"WebSite","@id":"https:\/\/www.daisho.be\/de\/#website","url":"https:\/\/www.daisho.be\/de\/","name":"Daisho","description":"Sp&eacute;cialiste de l'&eacute;quipement sportif d'arts martiaux","publisher":{"@id":"https:\/\/www.daisho.be\/de\/#organization"},"potentialAction":[{"@type":"SearchAction","target":{"@type":"EntryPoint","urlTemplate":"https:\/\/www.daisho.be\/de\/?s={search_term_string}"},"query-input":{"@type":"PropertyValueSpecification","valueRequired":true,"valueName":"search_term_string"}}],"inLanguage":"de"},{"@type":"Organization","@id":"https:\/\/www.daisho.be\/de\/#organization","name":"Daisho","url":"https:\/\/www.daisho.be\/de\/","logo":{"@type":"ImageObject","inLanguage":"de","@id":"https:\/\/www.daisho.be\/de\/#\/schema\/logo\/image\/","url":"https:\/\/www.daisho.be\/wp-content\/uploads\/2019\/07\/color-nothing-horizontale4x-e1564486100247.png","contentUrl":"https:\/\/www.daisho.be\/wp-content\/uploads\/2019\/07\/color-nothing-horizontale4x-e1564486100247.png","width":1547,"height":385,"caption":"Daisho"},"image":{"@id":"https:\/\/www.daisho.be\/de\/#\/schema\/logo\/image\/"}}]}},"_links":{"self":[{"href":"https:\/\/www.daisho.be\/de\/wp-json\/wp\/v2\/product\/461146","targetHints":{"allow":["GET"]}}],"collection":[{"href":"https:\/\/www.daisho.be\/de\/wp-json\/wp\/v2\/product"}],"about":[{"href":"https:\/\/www.daisho.be\/de\/wp-json\/wp\/v2\/types\/product"}],"replies":[{"embeddable":true,"href":"https:\/\/www.daisho.be\/de\/wp-json\/wp\/v2\/comments?post=461146"}],"wp:featuredmedia":[{"embeddable":true,"href":"https:\/\/www.daisho.be\/de\/wp-json\/wp\/v2\/media\/461150"}],"wp:attachment":[{"href":"https:\/\/www.daisho.be\/de\/wp-json\/wp\/v2\/media?parent=461146"}],"wp:term":[{"taxonomy":"product_brand","embeddable":true,"href":"https:\/\/www.daisho.be\/de\/wp-json\/wp\/v2\/product_brand?post=461146"},{"taxonomy":"product_cat","embeddable":true,"href":"https:\/\/www.daisho.be\/de\/wp-json\/wp\/v2\/product_cat?post=461146"},{"taxonomy":"product_tag","embeddable":true,"href":"https:\/\/www.daisho.be\/de\/wp-json\/wp\/v2\/product_tag?post=461146"},{"taxonomy":"sport","embeddable":true,"href":"https:\/\/www.daisho.be\/de\/wp-json\/wp\/v2\/sport?post=461146"}],"curies":[{"name":"wp","href":"https:\/\/api.w.org\/{rel}","templated":true}]}}