{"id":461085,"date":"2024-01-13T12:15:20","date_gmt":"2024-01-13T11:15:20","guid":{"rendered":"https:\/\/www.daisho.be\/produit\/tragbarer-spiegel-billy-180-x-100-cm\/"},"modified":"2026-04-13T15:55:18","modified_gmt":"2026-04-13T13:55:18","slug":"tragbarer-spiegel-billy-180-x-100-cm","status":"publish","type":"product","link":"https:\/\/www.daisho.be\/de\/produit\/tragbarer-spiegel-billy-180-x-100-cm\/","title":{"rendered":"Tragbarer Spiegel Billy &#8211; 190 x 100 cm"},"content":{"rendered":"<p>Der Billy ist ein 190 x 100 cm gro\u00dfer Spiegel f\u00fcr professionelle T\u00e4nzer und andere darstellende K\u00fcnste, der eine gro\u00dfe Flexibilit\u00e4t bei der Einrichtung von S\u00e4len erm\u00f6glicht. Er bietet eine perfekte Spiegelung aus jedem Winkel, so dass Sie Ihre k\u00fcnstlerische Technik mit Pr\u00e4zision trainieren k\u00f6nnen. Dank des konkaven Sockels und der feststellbaren Rollen k\u00f6nnen Sie ihn leicht bewegen. Der Holzrahmen sichert die Struktur und tr\u00e4gt zur \u00c4sthetik dieses Modells bei.<br \/>\nEine gute Reflexion f\u00fcr eine bessere Technik.<br \/>\nUm die Technik in jeder Kunst- oder Sportdisziplin zu verbessern, ist ein hochpr\u00e4ziser Spiegel unerl\u00e4sslich. Der 4 mm dicke und aus den hochwertigsten Materialien gefertigte Billy Spiegel f\u00fcr Profis bildet auf seiner gesamten Oberfl\u00e4che einen exakten rechten Winkel zum Boden, was eine perfekte Reflexion ohne Verzerrungen garantiert. Unabh\u00e4ngig davon, wie weit der Sch\u00fcler vom Spiegel entfernt ist, kann er sich selbst sehen und seine Bewegungen detailliert kontrollieren.<br \/>\nBewegungsfreiheit.<br \/>\nMit den 4 Rollen k\u00f6nnen Sie den Billy-Spiegel m\u00fchelos bewegen. Die konkav geformte Eisenbasis verteilt das Gewicht des Spiegels auf die gesamte Struktur und sorgt so f\u00fcr eine ausgezeichnete Ergonomie und eine wirklich einfache Bewegung.<br \/>\nBenutzen Sie den Griff an der Seite, wenn Sie den Billy bewegen, um Verschmutzungen zu vermeiden und benutzen Sie die Feststellbremsen, um den Billy zu stabilisieren, wenn er sich in der von Ihnen gew\u00fcnschten Position befindet. Die R\u00e4der aus hochdichtem Gummi sind so konstruiert, dass sie den Boden Ihres Studios nicht besch\u00e4digen. Mit einem Gesamtgewicht von 47 Kilogramm ist der Billy ein stabiler und robuster Spiegel, der keine Kratzer oder Spuren auf Ihrem Boden hinterlassen wird, selbst wenn es sich um Parkett handelt.<br \/>\nSicherheit und Flexibilit\u00e4t.<br \/>\nDie Dicke des Spiegels, die Eisenbasis, der Holzrahmen und der Schutz auf der R\u00fcckseite verleihen dem Billy eine gro\u00dfe Robustheit und einen sehr hohen Schutz gegen Bruch. Bei einem starken Aufprall auf den Spiegel kann dieser jedoch zerbrechen. Aus diesem Grund haben wir eine Sicherheitsfolie angebracht, um zu verhindern, dass sich Glasfragmente l\u00f6sen und jemanden treffen. Die Gr\u00f6\u00dfe und Form des Eisensockels ist so konzipiert, dass der Spiegel nicht versehentlich umkippen kann.<br \/>\nWenn Sie eine gro\u00dfe Spiegelfl\u00e4che f\u00fcr die Arbeit mit Gruppen schaffen m\u00f6chten, k\u00f6nnen Sie mehrere Spiegel mit einem Verbindungsst\u00fcck oben und unten zusammenf\u00fcgen. In diesem Fall k\u00f6nnen Sie die Spiegel verschieben, indem Sie sie aneinander h\u00e4ngen lassen. Wenn Sie einen qualitativ hochwertigen beweglichen Spiegel suchen, ist Billy seit vielen Jahren eine Referenz in der darstellenden Kunst.       <\/p>\n","protected":false},"excerpt":{"rendered":"<p>Der Billy ist ein 190 x 100 cm gro\u00dfer Spiegel f\u00fcr professionelle T\u00e4nzer und andere darstellende K\u00fcnste, der eine gro\u00dfe Flexibilit\u00e4t bei der Einrichtung von S\u00e4len erm\u00f6glicht. Er bietet eine perfekte Spiegelung aus jedem Winkel, so dass Sie Ihre k\u00fcnstlerische Technik mit Pr\u00e4zision trainieren k\u00f6nnen. Dank des konkaven Sockels und der feststellbaren Rollen k\u00f6nnen Sie [&hellip;]<\/p>\n","protected":false},"featured_media":461088,"comment_status":"open","ping_status":"closed","template":"","meta":{"inline_featured_image":false},"product_brand":[],"product_cat":[2055,2348],"product_tag":[2349],"sport":[],"class_list":{"0":"post-461085","1":"product","2":"type-product","3":"status-publish","4":"has-post-thumbnail","6":"product_cat-karate-trainingsmaterial","7":"product_cat-spiegel","8":"product_tag-dinamica-ballet-de","9":"product_shipping_class-schwere-produkte","10":"pa_size-190x100-cms","12":"first","13":"instock","14":"taxable","15":"shipping-taxable","16":"purchasable","17":"product-type-variable"},"yoast_head":"<!-- This site is optimized with the Yoast SEO plugin v27.2 - https:\/\/yoast.com\/product\/yoast-seo-wordpress\/ -->\n<title>Tragbarer Spiegel Billy - 190 x 100 cm &#8211; Daisho<\/title>\n<meta name=\"description\" content=\"Beweglicher Spiegel 180x100 cm, perfekte Spiegelung ohne Verzerrung, stabil, sicher und leicht zu bewegen mit Rollen. Finden Sie ihn auf www.daisho.be | Daisho\" \/>\n<meta name=\"robots\" content=\"index, follow, max-snippet:-1, max-image-preview:large, max-video-preview:-1\" \/>\n<link rel=\"canonical\" href=\"https:\/\/www.daisho.be\/de\/produit\/tragbarer-spiegel-billy-180-x-100-cm\/\" \/>\n<meta property=\"og:locale\" content=\"de_DE\" \/>\n<meta property=\"og:type\" content=\"article\" \/>\n<meta property=\"og:title\" content=\"Tragbarer Spiegel Billy - 190 x 100 cm &#8211; Daisho\" \/>\n<meta property=\"og:description\" content=\"Beweglicher Spiegel 180x100 cm, perfekte Spiegelung ohne Verzerrung, stabil, sicher und leicht zu bewegen mit Rollen. Finden Sie ihn auf www.daisho.be | Daisho\" \/>\n<meta property=\"og:url\" content=\"https:\/\/www.daisho.be\/de\/produit\/tragbarer-spiegel-billy-180-x-100-cm\/\" \/>\n<meta property=\"og:site_name\" content=\"Daisho\" \/>\n<meta property=\"article:modified_time\" content=\"2026-04-13T13:55:18+00:00\" \/>\n<meta property=\"og:image\" content=\"https:\/\/www.daisho.be\/wp-content\/uploads\/2024\/01\/image-217-scaled.jpg\" \/>\n\t<meta property=\"og:image:width\" content=\"2048\" \/>\n\t<meta property=\"og:image:height\" content=\"1365\" \/>\n\t<meta property=\"og:image:type\" content=\"image\/jpeg\" \/>\n<meta name=\"twitter:card\" content=\"summary_large_image\" \/>\n<meta name=\"twitter:label1\" content=\"Gesch\u00e4tzte Lesezeit\" \/>\n\t<meta name=\"twitter:data1\" content=\"2\u00a0Minuten\" \/>\n<script type=\"application\/ld+json\" class=\"yoast-schema-graph\">{\"@context\":\"https:\/\/schema.org\",\"@graph\":[{\"@type\":\"WebPage\",\"@id\":\"https:\/\/www.daisho.be\/de\/produit\/tragbarer-spiegel-billy-180-x-100-cm\/\",\"url\":\"https:\/\/www.daisho.be\/de\/produit\/tragbarer-spiegel-billy-180-x-100-cm\/\",\"name\":\"Tragbarer Spiegel Billy - 190 x 100 cm &#8211; Daisho\",\"isPartOf\":{\"@id\":\"https:\/\/www.daisho.be\/de\/#website\"},\"primaryImageOfPage\":{\"@id\":\"https:\/\/www.daisho.be\/de\/produit\/tragbarer-spiegel-billy-180-x-100-cm\/#primaryimage\"},\"image\":{\"@id\":\"https:\/\/www.daisho.be\/de\/produit\/tragbarer-spiegel-billy-180-x-100-cm\/#primaryimage\"},\"thumbnailUrl\":\"https:\/\/www.daisho.be\/wp-content\/uploads\/2024\/01\/image-217-scaled.jpg\",\"datePublished\":\"2024-01-13T11:15:20+00:00\",\"dateModified\":\"2026-04-13T13:55:18+00:00\",\"description\":\"Beweglicher Spiegel 180x100 cm, perfekte Spiegelung ohne Verzerrung, stabil, sicher und leicht zu bewegen mit Rollen. Finden Sie ihn auf www.daisho.be | Daisho\",\"breadcrumb\":{\"@id\":\"https:\/\/www.daisho.be\/de\/produit\/tragbarer-spiegel-billy-180-x-100-cm\/#breadcrumb\"},\"inLanguage\":\"de\",\"potentialAction\":[{\"@type\":\"ReadAction\",\"target\":[\"https:\/\/www.daisho.be\/de\/produit\/tragbarer-spiegel-billy-180-x-100-cm\/\"]}]},{\"@type\":\"ImageObject\",\"inLanguage\":\"de\",\"@id\":\"https:\/\/www.daisho.be\/de\/produit\/tragbarer-spiegel-billy-180-x-100-cm\/#primaryimage\",\"url\":\"https:\/\/www.daisho.be\/wp-content\/uploads\/2024\/01\/image-217-scaled.jpg\",\"contentUrl\":\"https:\/\/www.daisho.be\/wp-content\/uploads\/2024\/01\/image-217-scaled.jpg\",\"width\":2048,\"height\":1365,\"caption\":\"Tragbarer Spiegel Billy - 190 x 100 cm -1\"},{\"@type\":\"BreadcrumbList\",\"@id\":\"https:\/\/www.daisho.be\/de\/produit\/tragbarer-spiegel-billy-180-x-100-cm\/#breadcrumb\",\"itemListElement\":[{\"@type\":\"ListItem\",\"position\":1,\"name\":\"Accueil\",\"item\":\"https:\/\/www.daisho.be\/de\/\"},{\"@type\":\"ListItem\",\"position\":2,\"name\":\"Produkte\",\"item\":\"https:\/\/www.daisho.be\/de\/produkte\/\"},{\"@type\":\"ListItem\",\"position\":3,\"name\":\"Ausr\u00fcstung und Kleidung f\u00fcr Kampfkunst und Kampfsport\",\"item\":\"https:\/\/www.daisho.be\/de\/categorie-produit\/ausrustung-und-kleidung-fur-kampfkunst-und-kampfsport\/\"},{\"@type\":\"ListItem\",\"position\":4,\"name\":\"Karate\",\"item\":\"https:\/\/www.daisho.be\/de\/categorie-produit\/ausrustung-und-kleidung-fur-kampfkunst-und-kampfsport\/karate-de-2\/\"},{\"@type\":\"ListItem\",\"position\":5,\"name\":\"Karate Trainingsmaterial\",\"item\":\"https:\/\/www.daisho.be\/de\/categorie-produit\/ausrustung-und-kleidung-fur-kampfkunst-und-kampfsport\/karate-de-2\/karate-trainingsmaterial\/\"},{\"@type\":\"ListItem\",\"position\":6,\"name\":\"Tragbarer Spiegel Billy &#8211; 190 x 100 cm\"}]},{\"@type\":\"WebSite\",\"@id\":\"https:\/\/www.daisho.be\/de\/#website\",\"url\":\"https:\/\/www.daisho.be\/de\/\",\"name\":\"Daisho\",\"description\":\"Sp&eacute;cialiste de l'&eacute;quipement sportif d'arts martiaux\",\"publisher\":{\"@id\":\"https:\/\/www.daisho.be\/de\/#organization\"},\"potentialAction\":[{\"@type\":\"SearchAction\",\"target\":{\"@type\":\"EntryPoint\",\"urlTemplate\":\"https:\/\/www.daisho.be\/de\/?s={search_term_string}\"},\"query-input\":{\"@type\":\"PropertyValueSpecification\",\"valueRequired\":true,\"valueName\":\"search_term_string\"}}],\"inLanguage\":\"de\"},{\"@type\":\"Organization\",\"@id\":\"https:\/\/www.daisho.be\/de\/#organization\",\"name\":\"Daisho\",\"url\":\"https:\/\/www.daisho.be\/de\/\",\"logo\":{\"@type\":\"ImageObject\",\"inLanguage\":\"de\",\"@id\":\"https:\/\/www.daisho.be\/de\/#\/schema\/logo\/image\/\",\"url\":\"https:\/\/www.daisho.be\/wp-content\/uploads\/2019\/07\/color-nothing-horizontale4x-e1564486100247.png\",\"contentUrl\":\"https:\/\/www.daisho.be\/wp-content\/uploads\/2019\/07\/color-nothing-horizontale4x-e1564486100247.png\",\"width\":1547,\"height\":385,\"caption\":\"Daisho\"},\"image\":{\"@id\":\"https:\/\/www.daisho.be\/de\/#\/schema\/logo\/image\/\"}}]}<\/script>\n<!-- \/ Yoast SEO plugin. -->","yoast_head_json":{"title":"Tragbarer Spiegel Billy - 190 x 100 cm &#8211; Daisho","description":"Beweglicher Spiegel 180x100 cm, perfekte Spiegelung ohne Verzerrung, stabil, sicher und leicht zu bewegen mit Rollen. Finden Sie ihn auf www.daisho.be | Daisho","robots":{"index":"index","follow":"follow","max-snippet":"max-snippet:-1","max-image-preview":"max-image-preview:large","max-video-preview":"max-video-preview:-1"},"canonical":"https:\/\/www.daisho.be\/de\/produit\/tragbarer-spiegel-billy-180-x-100-cm\/","og_locale":"de_DE","og_type":"article","og_title":"Tragbarer Spiegel Billy - 190 x 100 cm &#8211; Daisho","og_description":"Beweglicher Spiegel 180x100 cm, perfekte Spiegelung ohne Verzerrung, stabil, sicher und leicht zu bewegen mit Rollen. Finden Sie ihn auf www.daisho.be | Daisho","og_url":"https:\/\/www.daisho.be\/de\/produit\/tragbarer-spiegel-billy-180-x-100-cm\/","og_site_name":"Daisho","article_modified_time":"2026-04-13T13:55:18+00:00","og_image":[{"width":2048,"height":1365,"url":"https:\/\/www.daisho.be\/wp-content\/uploads\/2024\/01\/image-217-scaled.jpg","type":"image\/jpeg"}],"twitter_card":"summary_large_image","twitter_misc":{"Gesch\u00e4tzte Lesezeit":"2\u00a0Minuten"},"schema":{"@context":"https:\/\/schema.org","@graph":[{"@type":"WebPage","@id":"https:\/\/www.daisho.be\/de\/produit\/tragbarer-spiegel-billy-180-x-100-cm\/","url":"https:\/\/www.daisho.be\/de\/produit\/tragbarer-spiegel-billy-180-x-100-cm\/","name":"Tragbarer Spiegel Billy - 190 x 100 cm &#8211; Daisho","isPartOf":{"@id":"https:\/\/www.daisho.be\/de\/#website"},"primaryImageOfPage":{"@id":"https:\/\/www.daisho.be\/de\/produit\/tragbarer-spiegel-billy-180-x-100-cm\/#primaryimage"},"image":{"@id":"https:\/\/www.daisho.be\/de\/produit\/tragbarer-spiegel-billy-180-x-100-cm\/#primaryimage"},"thumbnailUrl":"https:\/\/www.daisho.be\/wp-content\/uploads\/2024\/01\/image-217-scaled.jpg","datePublished":"2024-01-13T11:15:20+00:00","dateModified":"2026-04-13T13:55:18+00:00","description":"Beweglicher Spiegel 180x100 cm, perfekte Spiegelung ohne Verzerrung, stabil, sicher und leicht zu bewegen mit Rollen. Finden Sie ihn auf www.daisho.be | Daisho","breadcrumb":{"@id":"https:\/\/www.daisho.be\/de\/produit\/tragbarer-spiegel-billy-180-x-100-cm\/#breadcrumb"},"inLanguage":"de","potentialAction":[{"@type":"ReadAction","target":["https:\/\/www.daisho.be\/de\/produit\/tragbarer-spiegel-billy-180-x-100-cm\/"]}]},{"@type":"ImageObject","inLanguage":"de","@id":"https:\/\/www.daisho.be\/de\/produit\/tragbarer-spiegel-billy-180-x-100-cm\/#primaryimage","url":"https:\/\/www.daisho.be\/wp-content\/uploads\/2024\/01\/image-217-scaled.jpg","contentUrl":"https:\/\/www.daisho.be\/wp-content\/uploads\/2024\/01\/image-217-scaled.jpg","width":2048,"height":1365,"caption":"Tragbarer Spiegel Billy - 190 x 100 cm -1"},{"@type":"BreadcrumbList","@id":"https:\/\/www.daisho.be\/de\/produit\/tragbarer-spiegel-billy-180-x-100-cm\/#breadcrumb","itemListElement":[{"@type":"ListItem","position":1,"name":"Accueil","item":"https:\/\/www.daisho.be\/de\/"},{"@type":"ListItem","position":2,"name":"Produkte","item":"https:\/\/www.daisho.be\/de\/produkte\/"},{"@type":"ListItem","position":3,"name":"Ausr\u00fcstung und Kleidung f\u00fcr Kampfkunst und Kampfsport","item":"https:\/\/www.daisho.be\/de\/categorie-produit\/ausrustung-und-kleidung-fur-kampfkunst-und-kampfsport\/"},{"@type":"ListItem","position":4,"name":"Karate","item":"https:\/\/www.daisho.be\/de\/categorie-produit\/ausrustung-und-kleidung-fur-kampfkunst-und-kampfsport\/karate-de-2\/"},{"@type":"ListItem","position":5,"name":"Karate Trainingsmaterial","item":"https:\/\/www.daisho.be\/de\/categorie-produit\/ausrustung-und-kleidung-fur-kampfkunst-und-kampfsport\/karate-de-2\/karate-trainingsmaterial\/"},{"@type":"ListItem","position":6,"name":"Tragbarer Spiegel Billy &#8211; 190 x 100 cm"}]},{"@type":"WebSite","@id":"https:\/\/www.daisho.be\/de\/#website","url":"https:\/\/www.daisho.be\/de\/","name":"Daisho","description":"Sp&eacute;cialiste de l'&eacute;quipement sportif d'arts martiaux","publisher":{"@id":"https:\/\/www.daisho.be\/de\/#organization"},"potentialAction":[{"@type":"SearchAction","target":{"@type":"EntryPoint","urlTemplate":"https:\/\/www.daisho.be\/de\/?s={search_term_string}"},"query-input":{"@type":"PropertyValueSpecification","valueRequired":true,"valueName":"search_term_string"}}],"inLanguage":"de"},{"@type":"Organization","@id":"https:\/\/www.daisho.be\/de\/#organization","name":"Daisho","url":"https:\/\/www.daisho.be\/de\/","logo":{"@type":"ImageObject","inLanguage":"de","@id":"https:\/\/www.daisho.be\/de\/#\/schema\/logo\/image\/","url":"https:\/\/www.daisho.be\/wp-content\/uploads\/2019\/07\/color-nothing-horizontale4x-e1564486100247.png","contentUrl":"https:\/\/www.daisho.be\/wp-content\/uploads\/2019\/07\/color-nothing-horizontale4x-e1564486100247.png","width":1547,"height":385,"caption":"Daisho"},"image":{"@id":"https:\/\/www.daisho.be\/de\/#\/schema\/logo\/image\/"}}]}},"_links":{"self":[{"href":"https:\/\/www.daisho.be\/de\/wp-json\/wp\/v2\/product\/461085","targetHints":{"allow":["GET"]}}],"collection":[{"href":"https:\/\/www.daisho.be\/de\/wp-json\/wp\/v2\/product"}],"about":[{"href":"https:\/\/www.daisho.be\/de\/wp-json\/wp\/v2\/types\/product"}],"replies":[{"embeddable":true,"href":"https:\/\/www.daisho.be\/de\/wp-json\/wp\/v2\/comments?post=461085"}],"wp:featuredmedia":[{"embeddable":true,"href":"https:\/\/www.daisho.be\/de\/wp-json\/wp\/v2\/media\/461088"}],"wp:attachment":[{"href":"https:\/\/www.daisho.be\/de\/wp-json\/wp\/v2\/media?parent=461085"}],"wp:term":[{"taxonomy":"product_brand","embeddable":true,"href":"https:\/\/www.daisho.be\/de\/wp-json\/wp\/v2\/product_brand?post=461085"},{"taxonomy":"product_cat","embeddable":true,"href":"https:\/\/www.daisho.be\/de\/wp-json\/wp\/v2\/product_cat?post=461085"},{"taxonomy":"product_tag","embeddable":true,"href":"https:\/\/www.daisho.be\/de\/wp-json\/wp\/v2\/product_tag?post=461085"},{"taxonomy":"sport","embeddable":true,"href":"https:\/\/www.daisho.be\/de\/wp-json\/wp\/v2\/sport?post=461085"}],"curies":[{"name":"wp","href":"https:\/\/api.w.org\/{rel}","templated":true}]}}