{"id":461080,"date":"2024-01-13T12:14:43","date_gmt":"2024-01-13T11:14:43","guid":{"rendered":"https:\/\/www.daisho.be\/produit\/feststehender-spiegel-figaro-rahmen-schwarz-2\/"},"modified":"2026-03-31T10:41:20","modified_gmt":"2026-03-31T08:41:20","slug":"feststehender-spiegel-figaro-rahmen-schwarz-2","status":"publish","type":"product","link":"https:\/\/www.daisho.be\/de\/produit\/feststehender-spiegel-figaro-rahmen-schwarz-2\/","title":{"rendered":"Figaro feststehender Spiegel &#8211; Schwarzer Rahmen 200&#215;100 cm"},"content":{"rendered":"<p>Le Figaro ist ein Spiegel f\u00fcr die Fachleute der darstellenden K\u00fcnste und des Sports. Er bietet eine perfekte Reflexion ohne Verzerrung aus jeder Entfernung, so dass T\u00e4nzer, Musiker oder Sportler ihre Technik pr\u00e4zise trainieren k\u00f6nnen. Es wurde so konzipiert, dass Sie so viele Einheiten wie n\u00f6tig zusammenstellen k\u00f6nnen, um einen durchgehenden Raum mit einem Gef\u00fchl von Weite und Eleganz zu schaffen. Der Figaro ist ein Hochsicherheitsspiegel dank seines Wandbefestigungssystems und der Anti-Splitter-Folie, die verhindert, dass sich die Fragmente bei einem heftigen Aufprall l\u00f6sen.<br \/>\nEin unverzichtbares Arbeitswerkzeug.<br \/>\nZur Verbesserung der Technik in jeder k\u00fcnstlerischen oder sportlichen Disziplin ist ein Spiegel von hoher Pr\u00e4zision unerl\u00e4sslich. Das 4 Millimeter dicke Glas des professionellen Figaro-Spiegels ist von h\u00f6chster Qualit\u00e4t. Er erm\u00f6glicht es mehreren Sch\u00fclern, die sich in unterschiedlichen Entfernungen befinden, sich ohne Verzerrung zu sehen und pr\u00e4zise zu arbeiten. Die Halterungen aus verzinktem Stahl garantieren eine perfekte Befestigung an der Wand und eine ebene Oberfl\u00e4che ohne Neigung.    Die Aluminiumrahmen sch\u00fctzen den Spiegel und erm\u00f6glichen es, die verschiedenen Einheiten sicher und ohne Abweichung zu verbinden.<br \/>\nGr\u00f6\u00dfen und Farben, um das perfekte Studio zu schaffen.<br \/>\nDer Spiegel ist ein wesentliches Element in einem Raum und wir haben den Figaro in verschiedenen Gr\u00f6\u00dfen und mit einem schwarz-silbernen Rahmen entworfen, der sich an die Gr\u00f6\u00dfe und den Stil Ihres Studios anpasst. Er ist in drei Gr\u00f6\u00dfen erh\u00e4ltlich, dem klassischen 2&#215;1 m und kleineren, kinderfreundlichen Modellen.<br \/>\nMaximale Sicherheit f\u00fcr die Ruhe aller.<br \/>\nDie Dicke des Spiegels, der Schutz der Aluminiumrahmen und das Befestigungssystem verleihen dem Figaro eine gro\u00dfe Robustheit und einen sehr hohen Schutz gegen Bruch.  Bei einem starken Aufprall auf den Spiegel kann dieser jedoch zerbrechen. Aus diesem Grund bringen wir eine Sicherheitsschutzfolie an, um zu verhindern, dass sich Glasfragmente l\u00f6sen und jemanden treffen.  Die an die Wand geschraubten Halterungen sind so konzipiert, dass der Spiegel mit Hilfe der Kerben im Rahmen aufgeh\u00e4ngt werden kann. Das Gewicht wird \u00fcber die gesamte Fl\u00e4che verteilt und die Tatsache, dass es vollst\u00e4ndig an der Wand anliegt, sorgt f\u00fcr eine perfekte Stabilit\u00e4t.  Der verzinkte Stahl des Tr\u00e4gers verhindert Oxidation. Der Figaro entspricht den europ\u00e4ischen Sicherheits- und Leistungsnormen EN-6060.<br \/>\nDie Flexibilit\u00e4t eines einzigen feststehenden Spiegels.<br \/>\nDie beiden kleinen Halterungen aus rostfreiem, verzinktem Stahl werden mit zwei Schrauben an der Wand befestigt. Der Aluminiumrahmen, der den gesamten Spiegel umgibt, hat zwei Schlitze, an denen der Spiegel aufgeh\u00e4ngt werden kann. Dieses System bietet Sicherheit und Flexibilit\u00e4t, denn wenn Sie die Spiegel eines Tages in einem anderen Raum aufstellen m\u00fcssen, k\u00f6nnen Sie sie einfach umstellen. Nach dem Aufh\u00e4ngen an den Halterungen liegt der Spiegel v\u00f6llig flach an der Wand. Dieses System verteilt das Gewicht \u00fcber die gesamte Fl\u00e4che und sorgt f\u00fcr eine perfekte Ausrichtung und Stabilit\u00e4t der gesamten Installation, unabh\u00e4ngig von der Anzahl der Spiegel. Sie k\u00f6nnen den Figaro mit unseren bodenmontierten Stangen kombinieren, um den Platz optimal zu nutzen und Ihr ideales Tanzstudio einzurichten.<\/p>\n","protected":false},"excerpt":{"rendered":"<p>Le Figaro ist ein Spiegel f\u00fcr die Fachleute der darstellenden K\u00fcnste und des Sports. Er bietet eine perfekte Reflexion ohne Verzerrung aus jeder Entfernung, so dass T\u00e4nzer, Musiker oder Sportler ihre Technik pr\u00e4zise trainieren k\u00f6nnen. Es wurde so konzipiert, dass Sie so viele Einheiten wie n\u00f6tig zusammenstellen k\u00f6nnen, um einen durchgehenden Raum mit einem Gef\u00fchl [&hellip;]<\/p>\n","protected":false},"featured_media":461084,"comment_status":"open","ping_status":"closed","template":"","meta":{"inline_featured_image":false},"product_brand":[],"product_cat":[2055,2348],"product_tag":[2349],"sport":[],"class_list":{"0":"post-461080","1":"product","2":"type-product","3":"status-publish","4":"has-post-thumbnail","6":"product_cat-karate-trainingsmaterial","7":"product_cat-spiegel","8":"product_tag-dinamica-ballet-de","9":"product_shipping_class-schwere-produkte","10":"pa_size-200x100-cms","12":"first","13":"instock","14":"taxable","15":"shipping-taxable","16":"purchasable","17":"product-type-variable"},"yoast_head":"<!-- This site is optimized with the Yoast SEO plugin v27.2 - https:\/\/yoast.com\/product\/yoast-seo-wordpress\/ -->\n<title>Figaro feststehender Spiegel - Schwarzer Rahmen 200x100 cm &#8211; Daisho<\/title>\n<meta name=\"description\" content=\"Wandspiegel, perfektes Spiegelbild ohne Verzerrung, hohe Splitterschutzsicherheit, anpassbar und ideal f\u00fcr Tanz und Sport. Finden Sie ihn auf www.daisho.be | Daisho\" \/>\n<meta name=\"robots\" content=\"index, follow, max-snippet:-1, max-image-preview:large, max-video-preview:-1\" \/>\n<link rel=\"canonical\" href=\"https:\/\/www.daisho.be\/de\/produit\/feststehender-spiegel-figaro-rahmen-schwarz-2\/\" \/>\n<meta property=\"og:locale\" content=\"de_DE\" \/>\n<meta property=\"og:type\" content=\"article\" \/>\n<meta property=\"og:title\" content=\"Figaro feststehender Spiegel - Schwarzer Rahmen 200x100 cm &#8211; Daisho\" \/>\n<meta property=\"og:description\" content=\"Wandspiegel, perfektes Spiegelbild ohne Verzerrung, hohe Splitterschutzsicherheit, anpassbar und ideal f\u00fcr Tanz und Sport. Finden Sie ihn auf www.daisho.be | Daisho\" \/>\n<meta property=\"og:url\" content=\"https:\/\/www.daisho.be\/de\/produit\/feststehender-spiegel-figaro-rahmen-schwarz-2\/\" \/>\n<meta property=\"og:site_name\" content=\"Daisho\" \/>\n<meta property=\"article:modified_time\" content=\"2026-03-31T08:41:20+00:00\" \/>\n<meta property=\"og:image\" content=\"https:\/\/www.daisho.be\/wp-content\/uploads\/2024\/01\/image-215.jpg\" \/>\n\t<meta property=\"og:image:width\" content=\"801\" \/>\n\t<meta property=\"og:image:height\" content=\"1200\" \/>\n\t<meta property=\"og:image:type\" content=\"image\/jpeg\" \/>\n<meta name=\"twitter:card\" content=\"summary_large_image\" \/>\n<meta name=\"twitter:label1\" content=\"Gesch\u00e4tzte Lesezeit\" \/>\n\t<meta name=\"twitter:data1\" content=\"3\u00a0Minuten\" \/>\n<script type=\"application\/ld+json\" class=\"yoast-schema-graph\">{\"@context\":\"https:\/\/schema.org\",\"@graph\":[{\"@type\":\"WebPage\",\"@id\":\"https:\/\/www.daisho.be\/de\/produit\/feststehender-spiegel-figaro-rahmen-schwarz-2\/\",\"url\":\"https:\/\/www.daisho.be\/de\/produit\/feststehender-spiegel-figaro-rahmen-schwarz-2\/\",\"name\":\"Figaro feststehender Spiegel - Schwarzer Rahmen 200x100 cm &#8211; Daisho\",\"isPartOf\":{\"@id\":\"https:\/\/www.daisho.be\/de\/#website\"},\"primaryImageOfPage\":{\"@id\":\"https:\/\/www.daisho.be\/de\/produit\/feststehender-spiegel-figaro-rahmen-schwarz-2\/#primaryimage\"},\"image\":{\"@id\":\"https:\/\/www.daisho.be\/de\/produit\/feststehender-spiegel-figaro-rahmen-schwarz-2\/#primaryimage\"},\"thumbnailUrl\":\"https:\/\/www.daisho.be\/wp-content\/uploads\/2024\/01\/image-215.jpg\",\"datePublished\":\"2024-01-13T11:14:43+00:00\",\"dateModified\":\"2026-03-31T08:41:20+00:00\",\"description\":\"Wandspiegel, perfektes Spiegelbild ohne Verzerrung, hohe Splitterschutzsicherheit, anpassbar und ideal f\u00fcr Tanz und Sport. Finden Sie ihn auf www.daisho.be | Daisho\",\"breadcrumb\":{\"@id\":\"https:\/\/www.daisho.be\/de\/produit\/feststehender-spiegel-figaro-rahmen-schwarz-2\/#breadcrumb\"},\"inLanguage\":\"de\",\"potentialAction\":[{\"@type\":\"ReadAction\",\"target\":[\"https:\/\/www.daisho.be\/de\/produit\/feststehender-spiegel-figaro-rahmen-schwarz-2\/\"]}]},{\"@type\":\"ImageObject\",\"inLanguage\":\"de\",\"@id\":\"https:\/\/www.daisho.be\/de\/produit\/feststehender-spiegel-figaro-rahmen-schwarz-2\/#primaryimage\",\"url\":\"https:\/\/www.daisho.be\/wp-content\/uploads\/2024\/01\/image-215.jpg\",\"contentUrl\":\"https:\/\/www.daisho.be\/wp-content\/uploads\/2024\/01\/image-215.jpg\",\"width\":801,\"height\":1200,\"caption\":\"Figaro feststehender Spiegel - Schwarzer Rahmen 200x100 cm-1\"},{\"@type\":\"BreadcrumbList\",\"@id\":\"https:\/\/www.daisho.be\/de\/produit\/feststehender-spiegel-figaro-rahmen-schwarz-2\/#breadcrumb\",\"itemListElement\":[{\"@type\":\"ListItem\",\"position\":1,\"name\":\"Accueil\",\"item\":\"https:\/\/www.daisho.be\/de\/\"},{\"@type\":\"ListItem\",\"position\":2,\"name\":\"Produkte\",\"item\":\"https:\/\/www.daisho.be\/de\/produkte\/\"},{\"@type\":\"ListItem\",\"position\":3,\"name\":\"Ausr\u00fcstung und Kleidung f\u00fcr Kampfkunst und Kampfsport\",\"item\":\"https:\/\/www.daisho.be\/de\/categorie-produit\/ausrustung-und-kleidung-fur-kampfkunst-und-kampfsport\/\"},{\"@type\":\"ListItem\",\"position\":4,\"name\":\"Karate\",\"item\":\"https:\/\/www.daisho.be\/de\/categorie-produit\/ausrustung-und-kleidung-fur-kampfkunst-und-kampfsport\/karate-de-2\/\"},{\"@type\":\"ListItem\",\"position\":5,\"name\":\"Karate Trainingsmaterial\",\"item\":\"https:\/\/www.daisho.be\/de\/categorie-produit\/ausrustung-und-kleidung-fur-kampfkunst-und-kampfsport\/karate-de-2\/karate-trainingsmaterial\/\"},{\"@type\":\"ListItem\",\"position\":6,\"name\":\"Figaro feststehender Spiegel &#8211; Schwarzer Rahmen 200&#215;100 cm\"}]},{\"@type\":\"WebSite\",\"@id\":\"https:\/\/www.daisho.be\/de\/#website\",\"url\":\"https:\/\/www.daisho.be\/de\/\",\"name\":\"Daisho\",\"description\":\"Sp&eacute;cialiste de l'&eacute;quipement sportif d'arts martiaux\",\"publisher\":{\"@id\":\"https:\/\/www.daisho.be\/de\/#organization\"},\"potentialAction\":[{\"@type\":\"SearchAction\",\"target\":{\"@type\":\"EntryPoint\",\"urlTemplate\":\"https:\/\/www.daisho.be\/de\/?s={search_term_string}\"},\"query-input\":{\"@type\":\"PropertyValueSpecification\",\"valueRequired\":true,\"valueName\":\"search_term_string\"}}],\"inLanguage\":\"de\"},{\"@type\":\"Organization\",\"@id\":\"https:\/\/www.daisho.be\/de\/#organization\",\"name\":\"Daisho\",\"url\":\"https:\/\/www.daisho.be\/de\/\",\"logo\":{\"@type\":\"ImageObject\",\"inLanguage\":\"de\",\"@id\":\"https:\/\/www.daisho.be\/de\/#\/schema\/logo\/image\/\",\"url\":\"https:\/\/www.daisho.be\/wp-content\/uploads\/2019\/07\/color-nothing-horizontale4x-e1564486100247.png\",\"contentUrl\":\"https:\/\/www.daisho.be\/wp-content\/uploads\/2019\/07\/color-nothing-horizontale4x-e1564486100247.png\",\"width\":1547,\"height\":385,\"caption\":\"Daisho\"},\"image\":{\"@id\":\"https:\/\/www.daisho.be\/de\/#\/schema\/logo\/image\/\"}}]}<\/script>\n<!-- \/ Yoast SEO plugin. -->","yoast_head_json":{"title":"Figaro feststehender Spiegel - Schwarzer Rahmen 200x100 cm &#8211; Daisho","description":"Wandspiegel, perfektes Spiegelbild ohne Verzerrung, hohe Splitterschutzsicherheit, anpassbar und ideal f\u00fcr Tanz und Sport. Finden Sie ihn auf www.daisho.be | Daisho","robots":{"index":"index","follow":"follow","max-snippet":"max-snippet:-1","max-image-preview":"max-image-preview:large","max-video-preview":"max-video-preview:-1"},"canonical":"https:\/\/www.daisho.be\/de\/produit\/feststehender-spiegel-figaro-rahmen-schwarz-2\/","og_locale":"de_DE","og_type":"article","og_title":"Figaro feststehender Spiegel - Schwarzer Rahmen 200x100 cm &#8211; Daisho","og_description":"Wandspiegel, perfektes Spiegelbild ohne Verzerrung, hohe Splitterschutzsicherheit, anpassbar und ideal f\u00fcr Tanz und Sport. Finden Sie ihn auf www.daisho.be | Daisho","og_url":"https:\/\/www.daisho.be\/de\/produit\/feststehender-spiegel-figaro-rahmen-schwarz-2\/","og_site_name":"Daisho","article_modified_time":"2026-03-31T08:41:20+00:00","og_image":[{"width":801,"height":1200,"url":"https:\/\/www.daisho.be\/wp-content\/uploads\/2024\/01\/image-215.jpg","type":"image\/jpeg"}],"twitter_card":"summary_large_image","twitter_misc":{"Gesch\u00e4tzte Lesezeit":"3\u00a0Minuten"},"schema":{"@context":"https:\/\/schema.org","@graph":[{"@type":"WebPage","@id":"https:\/\/www.daisho.be\/de\/produit\/feststehender-spiegel-figaro-rahmen-schwarz-2\/","url":"https:\/\/www.daisho.be\/de\/produit\/feststehender-spiegel-figaro-rahmen-schwarz-2\/","name":"Figaro feststehender Spiegel - Schwarzer Rahmen 200x100 cm &#8211; Daisho","isPartOf":{"@id":"https:\/\/www.daisho.be\/de\/#website"},"primaryImageOfPage":{"@id":"https:\/\/www.daisho.be\/de\/produit\/feststehender-spiegel-figaro-rahmen-schwarz-2\/#primaryimage"},"image":{"@id":"https:\/\/www.daisho.be\/de\/produit\/feststehender-spiegel-figaro-rahmen-schwarz-2\/#primaryimage"},"thumbnailUrl":"https:\/\/www.daisho.be\/wp-content\/uploads\/2024\/01\/image-215.jpg","datePublished":"2024-01-13T11:14:43+00:00","dateModified":"2026-03-31T08:41:20+00:00","description":"Wandspiegel, perfektes Spiegelbild ohne Verzerrung, hohe Splitterschutzsicherheit, anpassbar und ideal f\u00fcr Tanz und Sport. Finden Sie ihn auf www.daisho.be | Daisho","breadcrumb":{"@id":"https:\/\/www.daisho.be\/de\/produit\/feststehender-spiegel-figaro-rahmen-schwarz-2\/#breadcrumb"},"inLanguage":"de","potentialAction":[{"@type":"ReadAction","target":["https:\/\/www.daisho.be\/de\/produit\/feststehender-spiegel-figaro-rahmen-schwarz-2\/"]}]},{"@type":"ImageObject","inLanguage":"de","@id":"https:\/\/www.daisho.be\/de\/produit\/feststehender-spiegel-figaro-rahmen-schwarz-2\/#primaryimage","url":"https:\/\/www.daisho.be\/wp-content\/uploads\/2024\/01\/image-215.jpg","contentUrl":"https:\/\/www.daisho.be\/wp-content\/uploads\/2024\/01\/image-215.jpg","width":801,"height":1200,"caption":"Figaro feststehender Spiegel - Schwarzer Rahmen 200x100 cm-1"},{"@type":"BreadcrumbList","@id":"https:\/\/www.daisho.be\/de\/produit\/feststehender-spiegel-figaro-rahmen-schwarz-2\/#breadcrumb","itemListElement":[{"@type":"ListItem","position":1,"name":"Accueil","item":"https:\/\/www.daisho.be\/de\/"},{"@type":"ListItem","position":2,"name":"Produkte","item":"https:\/\/www.daisho.be\/de\/produkte\/"},{"@type":"ListItem","position":3,"name":"Ausr\u00fcstung und Kleidung f\u00fcr Kampfkunst und Kampfsport","item":"https:\/\/www.daisho.be\/de\/categorie-produit\/ausrustung-und-kleidung-fur-kampfkunst-und-kampfsport\/"},{"@type":"ListItem","position":4,"name":"Karate","item":"https:\/\/www.daisho.be\/de\/categorie-produit\/ausrustung-und-kleidung-fur-kampfkunst-und-kampfsport\/karate-de-2\/"},{"@type":"ListItem","position":5,"name":"Karate Trainingsmaterial","item":"https:\/\/www.daisho.be\/de\/categorie-produit\/ausrustung-und-kleidung-fur-kampfkunst-und-kampfsport\/karate-de-2\/karate-trainingsmaterial\/"},{"@type":"ListItem","position":6,"name":"Figaro feststehender Spiegel &#8211; Schwarzer Rahmen 200&#215;100 cm"}]},{"@type":"WebSite","@id":"https:\/\/www.daisho.be\/de\/#website","url":"https:\/\/www.daisho.be\/de\/","name":"Daisho","description":"Sp&eacute;cialiste de l'&eacute;quipement sportif d'arts martiaux","publisher":{"@id":"https:\/\/www.daisho.be\/de\/#organization"},"potentialAction":[{"@type":"SearchAction","target":{"@type":"EntryPoint","urlTemplate":"https:\/\/www.daisho.be\/de\/?s={search_term_string}"},"query-input":{"@type":"PropertyValueSpecification","valueRequired":true,"valueName":"search_term_string"}}],"inLanguage":"de"},{"@type":"Organization","@id":"https:\/\/www.daisho.be\/de\/#organization","name":"Daisho","url":"https:\/\/www.daisho.be\/de\/","logo":{"@type":"ImageObject","inLanguage":"de","@id":"https:\/\/www.daisho.be\/de\/#\/schema\/logo\/image\/","url":"https:\/\/www.daisho.be\/wp-content\/uploads\/2019\/07\/color-nothing-horizontale4x-e1564486100247.png","contentUrl":"https:\/\/www.daisho.be\/wp-content\/uploads\/2019\/07\/color-nothing-horizontale4x-e1564486100247.png","width":1547,"height":385,"caption":"Daisho"},"image":{"@id":"https:\/\/www.daisho.be\/de\/#\/schema\/logo\/image\/"}}]}},"_links":{"self":[{"href":"https:\/\/www.daisho.be\/de\/wp-json\/wp\/v2\/product\/461080","targetHints":{"allow":["GET"]}}],"collection":[{"href":"https:\/\/www.daisho.be\/de\/wp-json\/wp\/v2\/product"}],"about":[{"href":"https:\/\/www.daisho.be\/de\/wp-json\/wp\/v2\/types\/product"}],"replies":[{"embeddable":true,"href":"https:\/\/www.daisho.be\/de\/wp-json\/wp\/v2\/comments?post=461080"}],"wp:featuredmedia":[{"embeddable":true,"href":"https:\/\/www.daisho.be\/de\/wp-json\/wp\/v2\/media\/461084"}],"wp:attachment":[{"href":"https:\/\/www.daisho.be\/de\/wp-json\/wp\/v2\/media?parent=461080"}],"wp:term":[{"taxonomy":"product_brand","embeddable":true,"href":"https:\/\/www.daisho.be\/de\/wp-json\/wp\/v2\/product_brand?post=461080"},{"taxonomy":"product_cat","embeddable":true,"href":"https:\/\/www.daisho.be\/de\/wp-json\/wp\/v2\/product_cat?post=461080"},{"taxonomy":"product_tag","embeddable":true,"href":"https:\/\/www.daisho.be\/de\/wp-json\/wp\/v2\/product_tag?post=461080"},{"taxonomy":"sport","embeddable":true,"href":"https:\/\/www.daisho.be\/de\/wp-json\/wp\/v2\/sport?post=461080"}],"curies":[{"name":"wp","href":"https:\/\/api.w.org\/{rel}","templated":true}]}}