{"id":461061,"date":"2024-01-23T11:23:06","date_gmt":"2024-01-23T10:23:06","guid":{"rendered":"https:\/\/www.daisho.be\/produit\/herrenschale-pro-leder-adidas-schwarz-gold\/"},"modified":"2025-12-24T16:14:41","modified_gmt":"2025-12-24T15:14:41","slug":"herrenschale-pro-leder-adidas-schwarz-gold","status":"publish","type":"product","link":"https:\/\/www.daisho.be\/de\/produit\/herrenschale-pro-leder-adidas-schwarz-gold\/","title":{"rendered":"Herrenschale PRO Leder adidas Schwarz\/Gold"},"content":{"rendered":"<p>Der adidas Herrenschutz PRO Leder ist ein hochwertiger Leistenschutz, der f\u00fcr Kampfsportarten wie Boxen, Kickboxen, Muay Thai und MMA entwickelt wurde.<br \/>\nEr ist aus echtem Rindsleder gefertigt, einem nat\u00fcrlichen Material, das langlebig und pflegeleicht ist.<br \/>\nDas Innere besteht aus einem Block aus eingespritztem Schaumstoff, der St\u00f6\u00dfe absorbiert, und einer harten Schale, die den empfindlichen Bereich sch\u00fctzt.<br \/>\nEin Polyesterfutter trennt den K\u00f6rper von der Schale und dem sto\u00dfd\u00e4mpfenden Schaumstoff f\u00fcr zus\u00e4tzlichen Komfort.<\/p>\n<p>Merkmale :<br \/>\n&#8211; Au\u00dfenmaterial aus echtem Rindsleder<br \/>\n&#8211; Innenausstattung aus Spritzschaum und Hartschale<br \/>\n&#8211; Polyesterfutter<br \/>\n&#8211; Verschluss mit elastischen B\u00e4ndern und Schn\u00fcrsenkeln<br \/>\n&#8211; CE-gepr\u00fcft<\/p>\n<p>Die adidas PRO Leder Herrenschale ist eine ausgezeichnete Wahl f\u00fcr Sportler aller Niveaus, die optimalen Schutz suchen.<br \/>\nEr ist bequem zu tragen und bietet maximalen Schutz vor Schl\u00e4gen unterhalb der G\u00fcrtellinie.<\/p>\n<p><i class=\"fa fa-clock-o\"><\/i>  WIEDERAUFF\u00dcLLUNGSDATUM: 05.06.2025<\/p>\n","protected":false},"excerpt":{"rendered":"<p>Der adidas Herrenschutz PRO Leder ist ein hochwertiger Leistenschutz, der f\u00fcr Kampfsportarten wie Boxen, Kickboxen, Muay Thai und MMA entwickelt wurde. Er ist aus echtem Rindsleder gefertigt, einem nat\u00fcrlichen Material, das langlebig und pflegeleicht ist. Das Innere besteht aus einem Block aus eingespritztem Schaumstoff, der St\u00f6\u00dfe absorbiert, und einer harten Schale, die den empfindlichen Bereich [&hellip;]<\/p>\n","protected":false},"featured_media":461067,"comment_status":"open","ping_status":"closed","template":"","meta":{"inline_featured_image":false},"product_brand":[],"product_cat":[2271,2052,2051],"product_tag":[2178],"sport":[],"class_list":{"0":"post-461061","1":"product","2":"type-product","3":"status-publish","4":"has-post-thumbnail","6":"product_cat-adidas-boxing-protektoren","7":"product_cat-protektoren-boxen","8":"product_cat-schutz","9":"product_tag-adidas-de","10":"pa_size-l","11":"pa_size-m","12":"pa_size-s","13":"pa_size-xl","15":"first","16":"instock","17":"taxable","18":"shipping-taxable","19":"purchasable","20":"product-type-variable"},"yoast_head":"<!-- This site is optimized with the Yoast SEO plugin v27.2 - https:\/\/yoast.com\/product\/yoast-seo-wordpress\/ -->\n<title>Herrenschale PRO Leder adidas Schwarz\/Gold &#8211; Daisho<\/title>\n<meta name=\"description\" content=\"Der adidas PRO Leder Herren-Shell ist eine ausgezeichnete Wahl f\u00fcr Sportler aller Niveaus, die einen optimalen Schutz suchen.\" \/>\n<meta name=\"robots\" content=\"index, follow, max-snippet:-1, max-image-preview:large, max-video-preview:-1\" \/>\n<link rel=\"canonical\" href=\"https:\/\/www.daisho.be\/de\/produit\/herrenschale-pro-leder-adidas-schwarz-gold\/\" \/>\n<meta property=\"og:locale\" content=\"de_DE\" \/>\n<meta property=\"og:type\" content=\"article\" \/>\n<meta property=\"og:title\" content=\"Herrenschale PRO Leder adidas Schwarz\/Gold &#8211; Daisho\" \/>\n<meta property=\"og:description\" content=\"Der adidas PRO Leder Herren-Shell ist eine ausgezeichnete Wahl f\u00fcr Sportler aller Niveaus, die einen optimalen Schutz suchen.\" \/>\n<meta property=\"og:url\" content=\"https:\/\/www.daisho.be\/de\/produit\/herrenschale-pro-leder-adidas-schwarz-gold\/\" \/>\n<meta property=\"og:site_name\" content=\"Daisho\" \/>\n<meta property=\"article:modified_time\" content=\"2025-12-24T15:14:41+00:00\" \/>\n<meta property=\"og:image\" content=\"https:\/\/www.daisho.be\/wp-content\/uploads\/2024\/01\/image-239.jpg\" \/>\n\t<meta property=\"og:image:width\" content=\"800\" \/>\n\t<meta property=\"og:image:height\" content=\"800\" \/>\n\t<meta property=\"og:image:type\" content=\"image\/jpeg\" \/>\n<meta name=\"twitter:card\" content=\"summary_large_image\" \/>\n<meta name=\"twitter:label1\" content=\"Gesch\u00e4tzte Lesezeit\" \/>\n\t<meta name=\"twitter:data1\" content=\"1\u00a0Minute\" \/>\n<script type=\"application\/ld+json\" class=\"yoast-schema-graph\">{\"@context\":\"https:\/\/schema.org\",\"@graph\":[{\"@type\":\"WebPage\",\"@id\":\"https:\/\/www.daisho.be\/de\/produit\/herrenschale-pro-leder-adidas-schwarz-gold\/\",\"url\":\"https:\/\/www.daisho.be\/de\/produit\/herrenschale-pro-leder-adidas-schwarz-gold\/\",\"name\":\"Herrenschale PRO Leder adidas Schwarz\/Gold &#8211; Daisho\",\"isPartOf\":{\"@id\":\"https:\/\/www.daisho.be\/de\/#website\"},\"primaryImageOfPage\":{\"@id\":\"https:\/\/www.daisho.be\/de\/produit\/herrenschale-pro-leder-adidas-schwarz-gold\/#primaryimage\"},\"image\":{\"@id\":\"https:\/\/www.daisho.be\/de\/produit\/herrenschale-pro-leder-adidas-schwarz-gold\/#primaryimage\"},\"thumbnailUrl\":\"https:\/\/www.daisho.be\/wp-content\/uploads\/2024\/01\/image-239.jpg\",\"datePublished\":\"2024-01-23T10:23:06+00:00\",\"dateModified\":\"2025-12-24T15:14:41+00:00\",\"description\":\"Der adidas PRO Leder Herren-Shell ist eine ausgezeichnete Wahl f\u00fcr Sportler aller Niveaus, die einen optimalen Schutz suchen.\",\"breadcrumb\":{\"@id\":\"https:\/\/www.daisho.be\/de\/produit\/herrenschale-pro-leder-adidas-schwarz-gold\/#breadcrumb\"},\"inLanguage\":\"de\",\"potentialAction\":[{\"@type\":\"ReadAction\",\"target\":[\"https:\/\/www.daisho.be\/de\/produit\/herrenschale-pro-leder-adidas-schwarz-gold\/\"]}]},{\"@type\":\"ImageObject\",\"inLanguage\":\"de\",\"@id\":\"https:\/\/www.daisho.be\/de\/produit\/herrenschale-pro-leder-adidas-schwarz-gold\/#primaryimage\",\"url\":\"https:\/\/www.daisho.be\/wp-content\/uploads\/2024\/01\/image-239.jpg\",\"contentUrl\":\"https:\/\/www.daisho.be\/wp-content\/uploads\/2024\/01\/image-239.jpg\",\"width\":800,\"height\":800,\"caption\":\"Herrenschale PRO Leder adidas Schwarz\/Gold-1\"},{\"@type\":\"BreadcrumbList\",\"@id\":\"https:\/\/www.daisho.be\/de\/produit\/herrenschale-pro-leder-adidas-schwarz-gold\/#breadcrumb\",\"itemListElement\":[{\"@type\":\"ListItem\",\"position\":1,\"name\":\"Accueil\",\"item\":\"https:\/\/www.daisho.be\/de\/\"},{\"@type\":\"ListItem\",\"position\":2,\"name\":\"Produkte\",\"item\":\"https:\/\/www.daisho.be\/de\/produkte\/\"},{\"@type\":\"ListItem\",\"position\":3,\"name\":\"ADIDAS COMBAT SPORTS\",\"item\":\"https:\/\/www.daisho.be\/de\/categorie-produit\/adidas-combat-sports-de\/\"},{\"@type\":\"ListItem\",\"position\":4,\"name\":\"Boxen\",\"item\":\"https:\/\/www.daisho.be\/de\/categorie-produit\/adidas-combat-sports-de\/boxen\/\"},{\"@type\":\"ListItem\",\"position\":5,\"name\":\"Adidas Boxing Protektoren\",\"item\":\"https:\/\/www.daisho.be\/de\/categorie-produit\/adidas-combat-sports-de\/boxen\/adidas-boxing-protektoren\/\"},{\"@type\":\"ListItem\",\"position\":6,\"name\":\"Herrenschale PRO Leder adidas Schwarz\/Gold\"}]},{\"@type\":\"WebSite\",\"@id\":\"https:\/\/www.daisho.be\/de\/#website\",\"url\":\"https:\/\/www.daisho.be\/de\/\",\"name\":\"Daisho\",\"description\":\"Sp&eacute;cialiste de l'&eacute;quipement sportif d'arts martiaux\",\"publisher\":{\"@id\":\"https:\/\/www.daisho.be\/de\/#organization\"},\"potentialAction\":[{\"@type\":\"SearchAction\",\"target\":{\"@type\":\"EntryPoint\",\"urlTemplate\":\"https:\/\/www.daisho.be\/de\/?s={search_term_string}\"},\"query-input\":{\"@type\":\"PropertyValueSpecification\",\"valueRequired\":true,\"valueName\":\"search_term_string\"}}],\"inLanguage\":\"de\"},{\"@type\":\"Organization\",\"@id\":\"https:\/\/www.daisho.be\/de\/#organization\",\"name\":\"Daisho\",\"url\":\"https:\/\/www.daisho.be\/de\/\",\"logo\":{\"@type\":\"ImageObject\",\"inLanguage\":\"de\",\"@id\":\"https:\/\/www.daisho.be\/de\/#\/schema\/logo\/image\/\",\"url\":\"https:\/\/www.daisho.be\/wp-content\/uploads\/2019\/07\/color-nothing-horizontale4x-e1564486100247.png\",\"contentUrl\":\"https:\/\/www.daisho.be\/wp-content\/uploads\/2019\/07\/color-nothing-horizontale4x-e1564486100247.png\",\"width\":1547,\"height\":385,\"caption\":\"Daisho\"},\"image\":{\"@id\":\"https:\/\/www.daisho.be\/de\/#\/schema\/logo\/image\/\"}}]}<\/script>\n<!-- \/ Yoast SEO plugin. -->","yoast_head_json":{"title":"Herrenschale PRO Leder adidas Schwarz\/Gold &#8211; Daisho","description":"Der adidas PRO Leder Herren-Shell ist eine ausgezeichnete Wahl f\u00fcr Sportler aller Niveaus, die einen optimalen Schutz suchen.","robots":{"index":"index","follow":"follow","max-snippet":"max-snippet:-1","max-image-preview":"max-image-preview:large","max-video-preview":"max-video-preview:-1"},"canonical":"https:\/\/www.daisho.be\/de\/produit\/herrenschale-pro-leder-adidas-schwarz-gold\/","og_locale":"de_DE","og_type":"article","og_title":"Herrenschale PRO Leder adidas Schwarz\/Gold &#8211; Daisho","og_description":"Der adidas PRO Leder Herren-Shell ist eine ausgezeichnete Wahl f\u00fcr Sportler aller Niveaus, die einen optimalen Schutz suchen.","og_url":"https:\/\/www.daisho.be\/de\/produit\/herrenschale-pro-leder-adidas-schwarz-gold\/","og_site_name":"Daisho","article_modified_time":"2025-12-24T15:14:41+00:00","og_image":[{"width":800,"height":800,"url":"https:\/\/www.daisho.be\/wp-content\/uploads\/2024\/01\/image-239.jpg","type":"image\/jpeg"}],"twitter_card":"summary_large_image","twitter_misc":{"Gesch\u00e4tzte Lesezeit":"1\u00a0Minute"},"schema":{"@context":"https:\/\/schema.org","@graph":[{"@type":"WebPage","@id":"https:\/\/www.daisho.be\/de\/produit\/herrenschale-pro-leder-adidas-schwarz-gold\/","url":"https:\/\/www.daisho.be\/de\/produit\/herrenschale-pro-leder-adidas-schwarz-gold\/","name":"Herrenschale PRO Leder adidas Schwarz\/Gold &#8211; Daisho","isPartOf":{"@id":"https:\/\/www.daisho.be\/de\/#website"},"primaryImageOfPage":{"@id":"https:\/\/www.daisho.be\/de\/produit\/herrenschale-pro-leder-adidas-schwarz-gold\/#primaryimage"},"image":{"@id":"https:\/\/www.daisho.be\/de\/produit\/herrenschale-pro-leder-adidas-schwarz-gold\/#primaryimage"},"thumbnailUrl":"https:\/\/www.daisho.be\/wp-content\/uploads\/2024\/01\/image-239.jpg","datePublished":"2024-01-23T10:23:06+00:00","dateModified":"2025-12-24T15:14:41+00:00","description":"Der adidas PRO Leder Herren-Shell ist eine ausgezeichnete Wahl f\u00fcr Sportler aller Niveaus, die einen optimalen Schutz suchen.","breadcrumb":{"@id":"https:\/\/www.daisho.be\/de\/produit\/herrenschale-pro-leder-adidas-schwarz-gold\/#breadcrumb"},"inLanguage":"de","potentialAction":[{"@type":"ReadAction","target":["https:\/\/www.daisho.be\/de\/produit\/herrenschale-pro-leder-adidas-schwarz-gold\/"]}]},{"@type":"ImageObject","inLanguage":"de","@id":"https:\/\/www.daisho.be\/de\/produit\/herrenschale-pro-leder-adidas-schwarz-gold\/#primaryimage","url":"https:\/\/www.daisho.be\/wp-content\/uploads\/2024\/01\/image-239.jpg","contentUrl":"https:\/\/www.daisho.be\/wp-content\/uploads\/2024\/01\/image-239.jpg","width":800,"height":800,"caption":"Herrenschale PRO Leder adidas Schwarz\/Gold-1"},{"@type":"BreadcrumbList","@id":"https:\/\/www.daisho.be\/de\/produit\/herrenschale-pro-leder-adidas-schwarz-gold\/#breadcrumb","itemListElement":[{"@type":"ListItem","position":1,"name":"Accueil","item":"https:\/\/www.daisho.be\/de\/"},{"@type":"ListItem","position":2,"name":"Produkte","item":"https:\/\/www.daisho.be\/de\/produkte\/"},{"@type":"ListItem","position":3,"name":"ADIDAS COMBAT SPORTS","item":"https:\/\/www.daisho.be\/de\/categorie-produit\/adidas-combat-sports-de\/"},{"@type":"ListItem","position":4,"name":"Boxen","item":"https:\/\/www.daisho.be\/de\/categorie-produit\/adidas-combat-sports-de\/boxen\/"},{"@type":"ListItem","position":5,"name":"Adidas Boxing Protektoren","item":"https:\/\/www.daisho.be\/de\/categorie-produit\/adidas-combat-sports-de\/boxen\/adidas-boxing-protektoren\/"},{"@type":"ListItem","position":6,"name":"Herrenschale PRO Leder adidas Schwarz\/Gold"}]},{"@type":"WebSite","@id":"https:\/\/www.daisho.be\/de\/#website","url":"https:\/\/www.daisho.be\/de\/","name":"Daisho","description":"Sp&eacute;cialiste de l'&eacute;quipement sportif d'arts martiaux","publisher":{"@id":"https:\/\/www.daisho.be\/de\/#organization"},"potentialAction":[{"@type":"SearchAction","target":{"@type":"EntryPoint","urlTemplate":"https:\/\/www.daisho.be\/de\/?s={search_term_string}"},"query-input":{"@type":"PropertyValueSpecification","valueRequired":true,"valueName":"search_term_string"}}],"inLanguage":"de"},{"@type":"Organization","@id":"https:\/\/www.daisho.be\/de\/#organization","name":"Daisho","url":"https:\/\/www.daisho.be\/de\/","logo":{"@type":"ImageObject","inLanguage":"de","@id":"https:\/\/www.daisho.be\/de\/#\/schema\/logo\/image\/","url":"https:\/\/www.daisho.be\/wp-content\/uploads\/2019\/07\/color-nothing-horizontale4x-e1564486100247.png","contentUrl":"https:\/\/www.daisho.be\/wp-content\/uploads\/2019\/07\/color-nothing-horizontale4x-e1564486100247.png","width":1547,"height":385,"caption":"Daisho"},"image":{"@id":"https:\/\/www.daisho.be\/de\/#\/schema\/logo\/image\/"}}]}},"_links":{"self":[{"href":"https:\/\/www.daisho.be\/de\/wp-json\/wp\/v2\/product\/461061","targetHints":{"allow":["GET"]}}],"collection":[{"href":"https:\/\/www.daisho.be\/de\/wp-json\/wp\/v2\/product"}],"about":[{"href":"https:\/\/www.daisho.be\/de\/wp-json\/wp\/v2\/types\/product"}],"replies":[{"embeddable":true,"href":"https:\/\/www.daisho.be\/de\/wp-json\/wp\/v2\/comments?post=461061"}],"wp:featuredmedia":[{"embeddable":true,"href":"https:\/\/www.daisho.be\/de\/wp-json\/wp\/v2\/media\/461067"}],"wp:attachment":[{"href":"https:\/\/www.daisho.be\/de\/wp-json\/wp\/v2\/media?parent=461061"}],"wp:term":[{"taxonomy":"product_brand","embeddable":true,"href":"https:\/\/www.daisho.be\/de\/wp-json\/wp\/v2\/product_brand?post=461061"},{"taxonomy":"product_cat","embeddable":true,"href":"https:\/\/www.daisho.be\/de\/wp-json\/wp\/v2\/product_cat?post=461061"},{"taxonomy":"product_tag","embeddable":true,"href":"https:\/\/www.daisho.be\/de\/wp-json\/wp\/v2\/product_tag?post=461061"},{"taxonomy":"sport","embeddable":true,"href":"https:\/\/www.daisho.be\/de\/wp-json\/wp\/v2\/sport?post=461061"}],"curies":[{"name":"wp","href":"https:\/\/api.w.org\/{rel}","templated":true}]}}