{"id":461049,"date":"2022-07-22T12:39:00","date_gmt":"2022-07-22T10:39:00","guid":{"rendered":"https:\/\/www.daisho.be\/produit\/innenhandschuhe-zebra-fitness\/"},"modified":"2022-07-22T12:39:00","modified_gmt":"2022-07-22T10:39:00","slug":"innenhandschuhe-zebra-fitness","status":"publish","type":"product","link":"https:\/\/www.daisho.be\/de\/produit\/innenhandschuhe-zebra-fitness\/","title":{"rendered":"Innenhandschuhe ZEBRA FITNESS"},"content":{"rendered":"<p>Die flexiblen FITNESS Innenhandschuhe aus gestricktem Baumwollgarn mit Elastan sind sehr gut als Bandagen geeignet, die schnell angelegt werden k\u00f6nnen und einen leichten St\u00fctzeffekt bieten. Das offene Daumenloch und 2 Finger\u00f6ffnungen auf der Vorderseite erhalten das Griffgef\u00fchl. Auch aus hygienischen Gr\u00fcnden empfohlen, z.B. B. wenn Sie geliehene Handschuhe verwenden. Obermaterial: gestrickte Baumwolle mit Elasthan<br \/>\nDaumen\u00f6ffnung und Doppelfingerschlaufen Ohne sch\u00e4dliche Azofarbstoffe   <\/p>\n","protected":false},"excerpt":{"rendered":"<p>Die flexiblen FITNESS Innenhandschuhe aus gestricktem Baumwollgarn mit Elastan sind sehr gut als Bandagen geeignet, die schnell angelegt werden k\u00f6nnen und einen leichten St\u00fctzeffekt bieten. Das offene Daumenloch und 2 Finger\u00f6ffnungen auf der Vorderseite erhalten das Griffgef\u00fchl. Auch aus hygienischen Gr\u00fcnden empfohlen, z.B. B. wenn Sie geliehene Handschuhe verwenden. Obermaterial: gestrickte Baumwolle mit Elasthan Daumen\u00f6ffnung [&hellip;]<\/p>\n","protected":false},"featured_media":461052,"comment_status":"open","ping_status":"closed","template":"","meta":{"inline_featured_image":false},"product_brand":[],"product_cat":[2052],"product_tag":[2319],"sport":[],"class_list":{"0":"post-461049","1":"product","2":"type-product","3":"status-publish","4":"has-post-thumbnail","6":"product_cat-protektoren-boxen","7":"product_tag-zebra-de","8":"pa_size-s-m-2","10":"first","11":"instock","12":"taxable","13":"shipping-taxable","14":"purchasable","15":"product-type-variable"},"yoast_head":"<!-- This site is optimized with the Yoast SEO plugin v27.2 - https:\/\/yoast.com\/product\/yoast-seo-wordpress\/ -->\n<title>Innenhandschuhe ZEBRA FITNESS &#8211; Daisho<\/title>\n<meta name=\"robots\" content=\"index, follow, max-snippet:-1, max-image-preview:large, max-video-preview:-1\" \/>\n<link rel=\"canonical\" href=\"https:\/\/www.daisho.be\/de\/produit\/innenhandschuhe-zebra-fitness\/\" \/>\n<meta property=\"og:locale\" content=\"de_DE\" \/>\n<meta property=\"og:type\" content=\"article\" \/>\n<meta property=\"og:title\" content=\"Innenhandschuhe ZEBRA FITNESS &#8211; Daisho\" \/>\n<meta property=\"og:description\" content=\"Die flexiblen FITNESS Innenhandschuhe aus gestricktem Baumwollgarn mit Elastan sind sehr gut als Bandagen geeignet, die schnell angelegt werden k\u00f6nnen und einen leichten St\u00fctzeffekt bieten. Das offene Daumenloch und 2 Finger\u00f6ffnungen auf der Vorderseite erhalten das Griffgef\u00fchl. Auch aus hygienischen Gr\u00fcnden empfohlen, z.B. B. wenn Sie geliehene Handschuhe verwenden. Obermaterial: gestrickte Baumwolle mit Elasthan Daumen\u00f6ffnung [&hellip;]\" \/>\n<meta property=\"og:url\" content=\"https:\/\/www.daisho.be\/de\/produit\/innenhandschuhe-zebra-fitness\/\" \/>\n<meta property=\"og:site_name\" content=\"Daisho\" \/>\n<meta property=\"og:image\" content=\"https:\/\/www.daisho.be\/wp-content\/uploads\/2022\/07\/image-88.jpg\" \/>\n\t<meta property=\"og:image:width\" content=\"510\" \/>\n\t<meta property=\"og:image:height\" content=\"720\" \/>\n\t<meta property=\"og:image:type\" content=\"image\/jpeg\" \/>\n<meta name=\"twitter:card\" content=\"summary_large_image\" \/>\n<script type=\"application\/ld+json\" class=\"yoast-schema-graph\">{\"@context\":\"https:\/\/schema.org\",\"@graph\":[{\"@type\":\"WebPage\",\"@id\":\"https:\/\/www.daisho.be\/de\/produit\/innenhandschuhe-zebra-fitness\/\",\"url\":\"https:\/\/www.daisho.be\/de\/produit\/innenhandschuhe-zebra-fitness\/\",\"name\":\"Innenhandschuhe ZEBRA FITNESS &#8211; Daisho\",\"isPartOf\":{\"@id\":\"https:\/\/www.daisho.be\/de\/#website\"},\"primaryImageOfPage\":{\"@id\":\"https:\/\/www.daisho.be\/de\/produit\/innenhandschuhe-zebra-fitness\/#primaryimage\"},\"image\":{\"@id\":\"https:\/\/www.daisho.be\/de\/produit\/innenhandschuhe-zebra-fitness\/#primaryimage\"},\"thumbnailUrl\":\"https:\/\/www.daisho.be\/wp-content\/uploads\/2022\/07\/image-88.jpg\",\"datePublished\":\"2022-07-22T10:39:00+00:00\",\"breadcrumb\":{\"@id\":\"https:\/\/www.daisho.be\/de\/produit\/innenhandschuhe-zebra-fitness\/#breadcrumb\"},\"inLanguage\":\"de\",\"potentialAction\":[{\"@type\":\"ReadAction\",\"target\":[\"https:\/\/www.daisho.be\/de\/produit\/innenhandschuhe-zebra-fitness\/\"]}]},{\"@type\":\"ImageObject\",\"inLanguage\":\"de\",\"@id\":\"https:\/\/www.daisho.be\/de\/produit\/innenhandschuhe-zebra-fitness\/#primaryimage\",\"url\":\"https:\/\/www.daisho.be\/wp-content\/uploads\/2022\/07\/image-88.jpg\",\"contentUrl\":\"https:\/\/www.daisho.be\/wp-content\/uploads\/2022\/07\/image-88.jpg\",\"width\":510,\"height\":720},{\"@type\":\"BreadcrumbList\",\"@id\":\"https:\/\/www.daisho.be\/de\/produit\/innenhandschuhe-zebra-fitness\/#breadcrumb\",\"itemListElement\":[{\"@type\":\"ListItem\",\"position\":1,\"name\":\"Accueil\",\"item\":\"https:\/\/www.daisho.be\/de\/\"},{\"@type\":\"ListItem\",\"position\":2,\"name\":\"Produkte\",\"item\":\"https:\/\/www.daisho.be\/de\/produkte\/\"},{\"@type\":\"ListItem\",\"position\":3,\"name\":\"Ausr\u00fcstung und Kleidung f\u00fcr Kampfkunst und Kampfsport\",\"item\":\"https:\/\/www.daisho.be\/de\/categorie-produit\/ausrustung-und-kleidung-fur-kampfkunst-und-kampfsport\/\"},{\"@type\":\"ListItem\",\"position\":4,\"name\":\"Boxen\",\"item\":\"https:\/\/www.daisho.be\/de\/categorie-produit\/ausrustung-und-kleidung-fur-kampfkunst-und-kampfsport\/boxen-de\/\"},{\"@type\":\"ListItem\",\"position\":5,\"name\":\"Protektoren Boxen\",\"item\":\"https:\/\/www.daisho.be\/de\/categorie-produit\/ausrustung-und-kleidung-fur-kampfkunst-und-kampfsport\/boxen-de\/protektoren-boxen\/\"},{\"@type\":\"ListItem\",\"position\":6,\"name\":\"Innenhandschuhe ZEBRA FITNESS\"}]},{\"@type\":\"WebSite\",\"@id\":\"https:\/\/www.daisho.be\/de\/#website\",\"url\":\"https:\/\/www.daisho.be\/de\/\",\"name\":\"Daisho\",\"description\":\"Sp&eacute;cialiste de l'&eacute;quipement sportif d'arts martiaux\",\"publisher\":{\"@id\":\"https:\/\/www.daisho.be\/de\/#organization\"},\"potentialAction\":[{\"@type\":\"SearchAction\",\"target\":{\"@type\":\"EntryPoint\",\"urlTemplate\":\"https:\/\/www.daisho.be\/de\/?s={search_term_string}\"},\"query-input\":{\"@type\":\"PropertyValueSpecification\",\"valueRequired\":true,\"valueName\":\"search_term_string\"}}],\"inLanguage\":\"de\"},{\"@type\":\"Organization\",\"@id\":\"https:\/\/www.daisho.be\/de\/#organization\",\"name\":\"Daisho\",\"url\":\"https:\/\/www.daisho.be\/de\/\",\"logo\":{\"@type\":\"ImageObject\",\"inLanguage\":\"de\",\"@id\":\"https:\/\/www.daisho.be\/de\/#\/schema\/logo\/image\/\",\"url\":\"https:\/\/www.daisho.be\/wp-content\/uploads\/2019\/07\/color-nothing-horizontale4x-e1564486100247.png\",\"contentUrl\":\"https:\/\/www.daisho.be\/wp-content\/uploads\/2019\/07\/color-nothing-horizontale4x-e1564486100247.png\",\"width\":1547,\"height\":385,\"caption\":\"Daisho\"},\"image\":{\"@id\":\"https:\/\/www.daisho.be\/de\/#\/schema\/logo\/image\/\"}}]}<\/script>\n<!-- \/ Yoast SEO plugin. -->","yoast_head_json":{"title":"Innenhandschuhe ZEBRA FITNESS &#8211; Daisho","robots":{"index":"index","follow":"follow","max-snippet":"max-snippet:-1","max-image-preview":"max-image-preview:large","max-video-preview":"max-video-preview:-1"},"canonical":"https:\/\/www.daisho.be\/de\/produit\/innenhandschuhe-zebra-fitness\/","og_locale":"de_DE","og_type":"article","og_title":"Innenhandschuhe ZEBRA FITNESS &#8211; Daisho","og_description":"Die flexiblen FITNESS Innenhandschuhe aus gestricktem Baumwollgarn mit Elastan sind sehr gut als Bandagen geeignet, die schnell angelegt werden k\u00f6nnen und einen leichten St\u00fctzeffekt bieten. Das offene Daumenloch und 2 Finger\u00f6ffnungen auf der Vorderseite erhalten das Griffgef\u00fchl. Auch aus hygienischen Gr\u00fcnden empfohlen, z.B. B. wenn Sie geliehene Handschuhe verwenden. Obermaterial: gestrickte Baumwolle mit Elasthan Daumen\u00f6ffnung [&hellip;]","og_url":"https:\/\/www.daisho.be\/de\/produit\/innenhandschuhe-zebra-fitness\/","og_site_name":"Daisho","og_image":[{"width":510,"height":720,"url":"https:\/\/www.daisho.be\/wp-content\/uploads\/2022\/07\/image-88.jpg","type":"image\/jpeg"}],"twitter_card":"summary_large_image","schema":{"@context":"https:\/\/schema.org","@graph":[{"@type":"WebPage","@id":"https:\/\/www.daisho.be\/de\/produit\/innenhandschuhe-zebra-fitness\/","url":"https:\/\/www.daisho.be\/de\/produit\/innenhandschuhe-zebra-fitness\/","name":"Innenhandschuhe ZEBRA FITNESS &#8211; Daisho","isPartOf":{"@id":"https:\/\/www.daisho.be\/de\/#website"},"primaryImageOfPage":{"@id":"https:\/\/www.daisho.be\/de\/produit\/innenhandschuhe-zebra-fitness\/#primaryimage"},"image":{"@id":"https:\/\/www.daisho.be\/de\/produit\/innenhandschuhe-zebra-fitness\/#primaryimage"},"thumbnailUrl":"https:\/\/www.daisho.be\/wp-content\/uploads\/2022\/07\/image-88.jpg","datePublished":"2022-07-22T10:39:00+00:00","breadcrumb":{"@id":"https:\/\/www.daisho.be\/de\/produit\/innenhandschuhe-zebra-fitness\/#breadcrumb"},"inLanguage":"de","potentialAction":[{"@type":"ReadAction","target":["https:\/\/www.daisho.be\/de\/produit\/innenhandschuhe-zebra-fitness\/"]}]},{"@type":"ImageObject","inLanguage":"de","@id":"https:\/\/www.daisho.be\/de\/produit\/innenhandschuhe-zebra-fitness\/#primaryimage","url":"https:\/\/www.daisho.be\/wp-content\/uploads\/2022\/07\/image-88.jpg","contentUrl":"https:\/\/www.daisho.be\/wp-content\/uploads\/2022\/07\/image-88.jpg","width":510,"height":720},{"@type":"BreadcrumbList","@id":"https:\/\/www.daisho.be\/de\/produit\/innenhandschuhe-zebra-fitness\/#breadcrumb","itemListElement":[{"@type":"ListItem","position":1,"name":"Accueil","item":"https:\/\/www.daisho.be\/de\/"},{"@type":"ListItem","position":2,"name":"Produkte","item":"https:\/\/www.daisho.be\/de\/produkte\/"},{"@type":"ListItem","position":3,"name":"Ausr\u00fcstung und Kleidung f\u00fcr Kampfkunst und Kampfsport","item":"https:\/\/www.daisho.be\/de\/categorie-produit\/ausrustung-und-kleidung-fur-kampfkunst-und-kampfsport\/"},{"@type":"ListItem","position":4,"name":"Boxen","item":"https:\/\/www.daisho.be\/de\/categorie-produit\/ausrustung-und-kleidung-fur-kampfkunst-und-kampfsport\/boxen-de\/"},{"@type":"ListItem","position":5,"name":"Protektoren Boxen","item":"https:\/\/www.daisho.be\/de\/categorie-produit\/ausrustung-und-kleidung-fur-kampfkunst-und-kampfsport\/boxen-de\/protektoren-boxen\/"},{"@type":"ListItem","position":6,"name":"Innenhandschuhe ZEBRA FITNESS"}]},{"@type":"WebSite","@id":"https:\/\/www.daisho.be\/de\/#website","url":"https:\/\/www.daisho.be\/de\/","name":"Daisho","description":"Sp&eacute;cialiste de l'&eacute;quipement sportif d'arts martiaux","publisher":{"@id":"https:\/\/www.daisho.be\/de\/#organization"},"potentialAction":[{"@type":"SearchAction","target":{"@type":"EntryPoint","urlTemplate":"https:\/\/www.daisho.be\/de\/?s={search_term_string}"},"query-input":{"@type":"PropertyValueSpecification","valueRequired":true,"valueName":"search_term_string"}}],"inLanguage":"de"},{"@type":"Organization","@id":"https:\/\/www.daisho.be\/de\/#organization","name":"Daisho","url":"https:\/\/www.daisho.be\/de\/","logo":{"@type":"ImageObject","inLanguage":"de","@id":"https:\/\/www.daisho.be\/de\/#\/schema\/logo\/image\/","url":"https:\/\/www.daisho.be\/wp-content\/uploads\/2019\/07\/color-nothing-horizontale4x-e1564486100247.png","contentUrl":"https:\/\/www.daisho.be\/wp-content\/uploads\/2019\/07\/color-nothing-horizontale4x-e1564486100247.png","width":1547,"height":385,"caption":"Daisho"},"image":{"@id":"https:\/\/www.daisho.be\/de\/#\/schema\/logo\/image\/"}}]}},"_links":{"self":[{"href":"https:\/\/www.daisho.be\/de\/wp-json\/wp\/v2\/product\/461049","targetHints":{"allow":["GET"]}}],"collection":[{"href":"https:\/\/www.daisho.be\/de\/wp-json\/wp\/v2\/product"}],"about":[{"href":"https:\/\/www.daisho.be\/de\/wp-json\/wp\/v2\/types\/product"}],"replies":[{"embeddable":true,"href":"https:\/\/www.daisho.be\/de\/wp-json\/wp\/v2\/comments?post=461049"}],"wp:featuredmedia":[{"embeddable":true,"href":"https:\/\/www.daisho.be\/de\/wp-json\/wp\/v2\/media\/461052"}],"wp:attachment":[{"href":"https:\/\/www.daisho.be\/de\/wp-json\/wp\/v2\/media?parent=461049"}],"wp:term":[{"taxonomy":"product_brand","embeddable":true,"href":"https:\/\/www.daisho.be\/de\/wp-json\/wp\/v2\/product_brand?post=461049"},{"taxonomy":"product_cat","embeddable":true,"href":"https:\/\/www.daisho.be\/de\/wp-json\/wp\/v2\/product_cat?post=461049"},{"taxonomy":"product_tag","embeddable":true,"href":"https:\/\/www.daisho.be\/de\/wp-json\/wp\/v2\/product_tag?post=461049"},{"taxonomy":"sport","embeddable":true,"href":"https:\/\/www.daisho.be\/de\/wp-json\/wp\/v2\/sport?post=461049"}],"curies":[{"name":"wp","href":"https:\/\/api.w.org\/{rel}","templated":true}]}}