{"id":461044,"date":"2022-07-22T12:39:28","date_gmt":"2022-07-22T10:39:28","guid":{"rendered":"https:\/\/www.daisho.be\/produit\/faeustlinge-zebra-pro\/"},"modified":"2026-01-02T16:50:55","modified_gmt":"2026-01-02T15:50:55","slug":"faeustlinge-zebra-pro","status":"publish","type":"product","link":"https:\/\/www.daisho.be\/de\/produit\/faeustlinge-zebra-pro\/","title":{"rendered":"F\u00e4ustlinge ZEBRA PRO"},"content":{"rendered":"<p>Die PRO Quick Wrap Innenhandschuhe aus elastischem Neopren eignen sich sehr gut als Bandage mit zus\u00e4tzlichem Kn\u00f6chelschutz, die schnell angelegt werden kann. Ein Gelkissen an den Kn\u00f6cheln sorgt f\u00fcr ein kompaktes, professionelles Bandagengef\u00fchl und eine zus\u00e4tzliche D\u00e4mpfung. Die offene Innenseite mit einem kleinen Klettverschluss erm\u00f6glicht ein schnelles Anlegen. Die extralangen Bandagen mit einer L\u00e4nge von 2 m st\u00fctzen nicht nur das Handgelenk, sondern auch die gesamte Hand und das Daumengelenk, wenn sie richtig gewickelt sind.   <\/p>\n<p>Obermaterial: elastisches Neopren<br \/>\nEinzelne Schlaufen erm\u00f6glichen normales Packen mit der zus\u00e4tzlichen Bandage<br \/>\nElastische Bandage aus 100% Baumwolle in 2m L\u00e4nge mit V-f\u00f6rmigem Klettverschluss<br \/>\nOhne sch\u00e4dliche Azofarbstoffe<\/p>\n","protected":false},"excerpt":{"rendered":"<p>Die PRO Quick Wrap Innenhandschuhe aus elastischem Neopren eignen sich sehr gut als Bandage mit zus\u00e4tzlichem Kn\u00f6chelschutz, die schnell angelegt werden kann. Ein Gelkissen an den Kn\u00f6cheln sorgt f\u00fcr ein kompaktes, professionelles Bandagengef\u00fchl und eine zus\u00e4tzliche D\u00e4mpfung. Die offene Innenseite mit einem kleinen Klettverschluss erm\u00f6glicht ein schnelles Anlegen. Die extralangen Bandagen mit einer L\u00e4nge von [&hellip;]<\/p>\n","protected":false},"featured_media":619650,"comment_status":"open","ping_status":"closed","template":"","meta":{"inline_featured_image":false},"product_brand":[],"product_cat":[2071,2075,2051],"product_tag":[2319],"sport":[],"class_list":{"0":"post-461044","1":"product","2":"type-product","3":"status-publish","4":"has-post-thumbnail","6":"product_cat-krav-maga-handschuhe","7":"product_cat-mma-handschuhe","8":"product_cat-schutz","9":"product_tag-zebra-de","10":"pa_size-l-xl","11":"pa_size-s-m-2","13":"first","14":"instock","15":"taxable","16":"shipping-taxable","17":"purchasable","18":"product-type-variable"},"yoast_head":"<!-- This site is optimized with the Yoast SEO plugin v27.2 - https:\/\/yoast.com\/product\/yoast-seo-wordpress\/ -->\n<title>F\u00e4ustlinge ZEBRA PRO &#8211; Daisho<\/title>\n<meta name=\"robots\" content=\"index, follow, max-snippet:-1, max-image-preview:large, max-video-preview:-1\" \/>\n<link rel=\"canonical\" href=\"https:\/\/www.daisho.be\/de\/produit\/faeustlinge-zebra-pro\/\" \/>\n<meta property=\"og:locale\" content=\"de_DE\" \/>\n<meta property=\"og:type\" content=\"article\" \/>\n<meta property=\"og:title\" content=\"F\u00e4ustlinge ZEBRA PRO &#8211; Daisho\" \/>\n<meta property=\"og:description\" content=\"Die PRO Quick Wrap Innenhandschuhe aus elastischem Neopren eignen sich sehr gut als Bandage mit zus\u00e4tzlichem Kn\u00f6chelschutz, die schnell angelegt werden kann. Ein Gelkissen an den Kn\u00f6cheln sorgt f\u00fcr ein kompaktes, professionelles Bandagengef\u00fchl und eine zus\u00e4tzliche D\u00e4mpfung. Die offene Innenseite mit einem kleinen Klettverschluss erm\u00f6glicht ein schnelles Anlegen. Die extralangen Bandagen mit einer L\u00e4nge von [&hellip;]\" \/>\n<meta property=\"og:url\" content=\"https:\/\/www.daisho.be\/de\/produit\/faeustlinge-zebra-pro\/\" \/>\n<meta property=\"og:site_name\" content=\"Daisho\" \/>\n<meta property=\"article:modified_time\" content=\"2026-01-02T15:50:55+00:00\" \/>\n<meta property=\"og:image\" content=\"https:\/\/www.daisho.be\/wp-content\/uploads\/2025\/11\/image-55.jpg\" \/>\n\t<meta property=\"og:image:width\" content=\"510\" \/>\n\t<meta property=\"og:image:height\" content=\"720\" \/>\n\t<meta property=\"og:image:type\" content=\"image\/jpeg\" \/>\n<meta name=\"twitter:card\" content=\"summary_large_image\" \/>\n<meta name=\"twitter:label1\" content=\"Gesch\u00e4tzte Lesezeit\" \/>\n\t<meta name=\"twitter:data1\" content=\"1\u00a0Minute\" \/>\n<script type=\"application\/ld+json\" class=\"yoast-schema-graph\">{\"@context\":\"https:\/\/schema.org\",\"@graph\":[{\"@type\":\"WebPage\",\"@id\":\"https:\/\/www.daisho.be\/de\/produit\/faeustlinge-zebra-pro\/\",\"url\":\"https:\/\/www.daisho.be\/de\/produit\/faeustlinge-zebra-pro\/\",\"name\":\"F\u00e4ustlinge ZEBRA PRO &#8211; Daisho\",\"isPartOf\":{\"@id\":\"https:\/\/www.daisho.be\/de\/#website\"},\"primaryImageOfPage\":{\"@id\":\"https:\/\/www.daisho.be\/de\/produit\/faeustlinge-zebra-pro\/#primaryimage\"},\"image\":{\"@id\":\"https:\/\/www.daisho.be\/de\/produit\/faeustlinge-zebra-pro\/#primaryimage\"},\"thumbnailUrl\":\"https:\/\/www.daisho.be\/wp-content\/uploads\/2025\/11\/image-55.jpg\",\"datePublished\":\"2022-07-22T10:39:28+00:00\",\"dateModified\":\"2026-01-02T15:50:55+00:00\",\"breadcrumb\":{\"@id\":\"https:\/\/www.daisho.be\/de\/produit\/faeustlinge-zebra-pro\/#breadcrumb\"},\"inLanguage\":\"de\",\"potentialAction\":[{\"@type\":\"ReadAction\",\"target\":[\"https:\/\/www.daisho.be\/de\/produit\/faeustlinge-zebra-pro\/\"]}]},{\"@type\":\"ImageObject\",\"inLanguage\":\"de\",\"@id\":\"https:\/\/www.daisho.be\/de\/produit\/faeustlinge-zebra-pro\/#primaryimage\",\"url\":\"https:\/\/www.daisho.be\/wp-content\/uploads\/2025\/11\/image-55.jpg\",\"contentUrl\":\"https:\/\/www.daisho.be\/wp-content\/uploads\/2025\/11\/image-55.jpg\",\"width\":510,\"height\":720,\"caption\":\"F\u00e4ustlinge ZEBRA PRO-1\"},{\"@type\":\"BreadcrumbList\",\"@id\":\"https:\/\/www.daisho.be\/de\/produit\/faeustlinge-zebra-pro\/#breadcrumb\",\"itemListElement\":[{\"@type\":\"ListItem\",\"position\":1,\"name\":\"Accueil\",\"item\":\"https:\/\/www.daisho.be\/de\/\"},{\"@type\":\"ListItem\",\"position\":2,\"name\":\"Produkte\",\"item\":\"https:\/\/www.daisho.be\/de\/produkte\/\"},{\"@type\":\"ListItem\",\"position\":3,\"name\":\"Ausr\u00fcstung und Kleidung f\u00fcr Kampfkunst und Kampfsport\",\"item\":\"https:\/\/www.daisho.be\/de\/categorie-produit\/ausrustung-und-kleidung-fur-kampfkunst-und-kampfsport\/\"},{\"@type\":\"ListItem\",\"position\":4,\"name\":\"Krav Maga\",\"item\":\"https:\/\/www.daisho.be\/de\/categorie-produit\/ausrustung-und-kleidung-fur-kampfkunst-und-kampfsport\/krav-maga-de\/\"},{\"@type\":\"ListItem\",\"position\":5,\"name\":\"Krav Maga Handschuhe\",\"item\":\"https:\/\/www.daisho.be\/de\/categorie-produit\/ausrustung-und-kleidung-fur-kampfkunst-und-kampfsport\/krav-maga-de\/krav-maga-handschuhe\/\"},{\"@type\":\"ListItem\",\"position\":6,\"name\":\"F\u00e4ustlinge ZEBRA PRO\"}]},{\"@type\":\"WebSite\",\"@id\":\"https:\/\/www.daisho.be\/de\/#website\",\"url\":\"https:\/\/www.daisho.be\/de\/\",\"name\":\"Daisho\",\"description\":\"Sp&eacute;cialiste de l'&eacute;quipement sportif d'arts martiaux\",\"publisher\":{\"@id\":\"https:\/\/www.daisho.be\/de\/#organization\"},\"potentialAction\":[{\"@type\":\"SearchAction\",\"target\":{\"@type\":\"EntryPoint\",\"urlTemplate\":\"https:\/\/www.daisho.be\/de\/?s={search_term_string}\"},\"query-input\":{\"@type\":\"PropertyValueSpecification\",\"valueRequired\":true,\"valueName\":\"search_term_string\"}}],\"inLanguage\":\"de\"},{\"@type\":\"Organization\",\"@id\":\"https:\/\/www.daisho.be\/de\/#organization\",\"name\":\"Daisho\",\"url\":\"https:\/\/www.daisho.be\/de\/\",\"logo\":{\"@type\":\"ImageObject\",\"inLanguage\":\"de\",\"@id\":\"https:\/\/www.daisho.be\/de\/#\/schema\/logo\/image\/\",\"url\":\"https:\/\/www.daisho.be\/wp-content\/uploads\/2019\/07\/color-nothing-horizontale4x-e1564486100247.png\",\"contentUrl\":\"https:\/\/www.daisho.be\/wp-content\/uploads\/2019\/07\/color-nothing-horizontale4x-e1564486100247.png\",\"width\":1547,\"height\":385,\"caption\":\"Daisho\"},\"image\":{\"@id\":\"https:\/\/www.daisho.be\/de\/#\/schema\/logo\/image\/\"}}]}<\/script>\n<!-- \/ Yoast SEO plugin. -->","yoast_head_json":{"title":"F\u00e4ustlinge ZEBRA PRO &#8211; Daisho","robots":{"index":"index","follow":"follow","max-snippet":"max-snippet:-1","max-image-preview":"max-image-preview:large","max-video-preview":"max-video-preview:-1"},"canonical":"https:\/\/www.daisho.be\/de\/produit\/faeustlinge-zebra-pro\/","og_locale":"de_DE","og_type":"article","og_title":"F\u00e4ustlinge ZEBRA PRO &#8211; Daisho","og_description":"Die PRO Quick Wrap Innenhandschuhe aus elastischem Neopren eignen sich sehr gut als Bandage mit zus\u00e4tzlichem Kn\u00f6chelschutz, die schnell angelegt werden kann. Ein Gelkissen an den Kn\u00f6cheln sorgt f\u00fcr ein kompaktes, professionelles Bandagengef\u00fchl und eine zus\u00e4tzliche D\u00e4mpfung. Die offene Innenseite mit einem kleinen Klettverschluss erm\u00f6glicht ein schnelles Anlegen. Die extralangen Bandagen mit einer L\u00e4nge von [&hellip;]","og_url":"https:\/\/www.daisho.be\/de\/produit\/faeustlinge-zebra-pro\/","og_site_name":"Daisho","article_modified_time":"2026-01-02T15:50:55+00:00","og_image":[{"width":510,"height":720,"url":"https:\/\/www.daisho.be\/wp-content\/uploads\/2025\/11\/image-55.jpg","type":"image\/jpeg"}],"twitter_card":"summary_large_image","twitter_misc":{"Gesch\u00e4tzte Lesezeit":"1\u00a0Minute"},"schema":{"@context":"https:\/\/schema.org","@graph":[{"@type":"WebPage","@id":"https:\/\/www.daisho.be\/de\/produit\/faeustlinge-zebra-pro\/","url":"https:\/\/www.daisho.be\/de\/produit\/faeustlinge-zebra-pro\/","name":"F\u00e4ustlinge ZEBRA PRO &#8211; Daisho","isPartOf":{"@id":"https:\/\/www.daisho.be\/de\/#website"},"primaryImageOfPage":{"@id":"https:\/\/www.daisho.be\/de\/produit\/faeustlinge-zebra-pro\/#primaryimage"},"image":{"@id":"https:\/\/www.daisho.be\/de\/produit\/faeustlinge-zebra-pro\/#primaryimage"},"thumbnailUrl":"https:\/\/www.daisho.be\/wp-content\/uploads\/2025\/11\/image-55.jpg","datePublished":"2022-07-22T10:39:28+00:00","dateModified":"2026-01-02T15:50:55+00:00","breadcrumb":{"@id":"https:\/\/www.daisho.be\/de\/produit\/faeustlinge-zebra-pro\/#breadcrumb"},"inLanguage":"de","potentialAction":[{"@type":"ReadAction","target":["https:\/\/www.daisho.be\/de\/produit\/faeustlinge-zebra-pro\/"]}]},{"@type":"ImageObject","inLanguage":"de","@id":"https:\/\/www.daisho.be\/de\/produit\/faeustlinge-zebra-pro\/#primaryimage","url":"https:\/\/www.daisho.be\/wp-content\/uploads\/2025\/11\/image-55.jpg","contentUrl":"https:\/\/www.daisho.be\/wp-content\/uploads\/2025\/11\/image-55.jpg","width":510,"height":720,"caption":"F\u00e4ustlinge ZEBRA PRO-1"},{"@type":"BreadcrumbList","@id":"https:\/\/www.daisho.be\/de\/produit\/faeustlinge-zebra-pro\/#breadcrumb","itemListElement":[{"@type":"ListItem","position":1,"name":"Accueil","item":"https:\/\/www.daisho.be\/de\/"},{"@type":"ListItem","position":2,"name":"Produkte","item":"https:\/\/www.daisho.be\/de\/produkte\/"},{"@type":"ListItem","position":3,"name":"Ausr\u00fcstung und Kleidung f\u00fcr Kampfkunst und Kampfsport","item":"https:\/\/www.daisho.be\/de\/categorie-produit\/ausrustung-und-kleidung-fur-kampfkunst-und-kampfsport\/"},{"@type":"ListItem","position":4,"name":"Krav Maga","item":"https:\/\/www.daisho.be\/de\/categorie-produit\/ausrustung-und-kleidung-fur-kampfkunst-und-kampfsport\/krav-maga-de\/"},{"@type":"ListItem","position":5,"name":"Krav Maga Handschuhe","item":"https:\/\/www.daisho.be\/de\/categorie-produit\/ausrustung-und-kleidung-fur-kampfkunst-und-kampfsport\/krav-maga-de\/krav-maga-handschuhe\/"},{"@type":"ListItem","position":6,"name":"F\u00e4ustlinge ZEBRA PRO"}]},{"@type":"WebSite","@id":"https:\/\/www.daisho.be\/de\/#website","url":"https:\/\/www.daisho.be\/de\/","name":"Daisho","description":"Sp&eacute;cialiste de l'&eacute;quipement sportif d'arts martiaux","publisher":{"@id":"https:\/\/www.daisho.be\/de\/#organization"},"potentialAction":[{"@type":"SearchAction","target":{"@type":"EntryPoint","urlTemplate":"https:\/\/www.daisho.be\/de\/?s={search_term_string}"},"query-input":{"@type":"PropertyValueSpecification","valueRequired":true,"valueName":"search_term_string"}}],"inLanguage":"de"},{"@type":"Organization","@id":"https:\/\/www.daisho.be\/de\/#organization","name":"Daisho","url":"https:\/\/www.daisho.be\/de\/","logo":{"@type":"ImageObject","inLanguage":"de","@id":"https:\/\/www.daisho.be\/de\/#\/schema\/logo\/image\/","url":"https:\/\/www.daisho.be\/wp-content\/uploads\/2019\/07\/color-nothing-horizontale4x-e1564486100247.png","contentUrl":"https:\/\/www.daisho.be\/wp-content\/uploads\/2019\/07\/color-nothing-horizontale4x-e1564486100247.png","width":1547,"height":385,"caption":"Daisho"},"image":{"@id":"https:\/\/www.daisho.be\/de\/#\/schema\/logo\/image\/"}}]}},"_links":{"self":[{"href":"https:\/\/www.daisho.be\/de\/wp-json\/wp\/v2\/product\/461044","targetHints":{"allow":["GET"]}}],"collection":[{"href":"https:\/\/www.daisho.be\/de\/wp-json\/wp\/v2\/product"}],"about":[{"href":"https:\/\/www.daisho.be\/de\/wp-json\/wp\/v2\/types\/product"}],"replies":[{"embeddable":true,"href":"https:\/\/www.daisho.be\/de\/wp-json\/wp\/v2\/comments?post=461044"}],"wp:featuredmedia":[{"embeddable":true,"href":"https:\/\/www.daisho.be\/de\/wp-json\/wp\/v2\/media\/619650"}],"wp:attachment":[{"href":"https:\/\/www.daisho.be\/de\/wp-json\/wp\/v2\/media?parent=461044"}],"wp:term":[{"taxonomy":"product_brand","embeddable":true,"href":"https:\/\/www.daisho.be\/de\/wp-json\/wp\/v2\/product_brand?post=461044"},{"taxonomy":"product_cat","embeddable":true,"href":"https:\/\/www.daisho.be\/de\/wp-json\/wp\/v2\/product_cat?post=461044"},{"taxonomy":"product_tag","embeddable":true,"href":"https:\/\/www.daisho.be\/de\/wp-json\/wp\/v2\/product_tag?post=461044"},{"taxonomy":"sport","embeddable":true,"href":"https:\/\/www.daisho.be\/de\/wp-json\/wp\/v2\/sport?post=461044"}],"curies":[{"name":"wp","href":"https:\/\/api.w.org\/{rel}","templated":true}]}}