{"id":461037,"date":"2022-07-22T12:39:06","date_gmt":"2022-07-22T10:39:06","guid":{"rendered":"https:\/\/www.daisho.be\/produit\/innenhandschuhe-zebra-performance\/"},"modified":"2022-07-22T12:39:06","modified_gmt":"2022-07-22T10:39:06","slug":"innenhandschuhe-zebra-performance","status":"publish","type":"product","link":"https:\/\/www.daisho.be\/de\/produit\/innenhandschuhe-zebra-performance\/","title":{"rendered":"Innenhandschuhe ZEBRA PERFORMANCE"},"content":{"rendered":"<p>Die flexiblen PERFORMANCE Innenhandschuhe aus gestricktem Baumwollgarn mit Elastan sind sehr gut als Bandagen mit zus\u00e4tzlichem Kn\u00f6chelschutz geeignet, die schnell angezogen werden k\u00f6nnen.<br \/>\nEin Gelkissen an den Kn\u00f6cheln bietet zus\u00e4tzliche D\u00e4mpfung.<br \/>\nDie extra langen Bandagen mit einer L\u00e4nge von 2m st\u00fctzen nicht nur das Handgelenk, sondern auch die gesamte Hand und das freiliegende Metakarpophalangealgelenk, wenn sie richtig gewickelt werden.<\/p>\n<p>Obermaterial: gestrickte Baumwolle mit Elastan<br \/>\nDoppelfingerschnallen f\u00fcr eine bessere Haltbarkeit<br \/>\nBandage aus 100% elastischer Baumwolle in einer L\u00e4nge von 2m mit Klettverschluss im V-Schnitt<br \/>\nOhne sch\u00e4dliche Azo-Farbstoffe<\/p>\n","protected":false},"excerpt":{"rendered":"<p>Die flexiblen PERFORMANCE Innenhandschuhe aus gestricktem Baumwollgarn mit Elastan sind sehr gut als Bandagen mit zus\u00e4tzlichem Kn\u00f6chelschutz geeignet, die schnell angezogen werden k\u00f6nnen. Ein Gelkissen an den Kn\u00f6cheln bietet zus\u00e4tzliche D\u00e4mpfung. Die extra langen Bandagen mit einer L\u00e4nge von 2m st\u00fctzen nicht nur das Handgelenk, sondern auch die gesamte Hand und das freiliegende Metakarpophalangealgelenk, wenn [&hellip;]<\/p>\n","protected":false},"featured_media":461041,"comment_status":"open","ping_status":"closed","template":"","meta":{"inline_featured_image":false},"product_brand":[],"product_cat":[2052],"product_tag":[2319],"sport":[],"class_list":{"0":"post-461037","1":"product","2":"type-product","3":"status-publish","4":"has-post-thumbnail","6":"product_cat-protektoren-boxen","7":"product_tag-zebra-de","8":"pa_size-s-m-2","10":"first","11":"instock","12":"taxable","13":"shipping-taxable","14":"purchasable","15":"product-type-variable"},"yoast_head":"<!-- This site is optimized with the Yoast SEO plugin v27.2 - https:\/\/yoast.com\/product\/yoast-seo-wordpress\/ -->\n<title>Innenhandschuhe ZEBRA PERFORMANCE &#8211; Daisho<\/title>\n<meta name=\"robots\" content=\"index, follow, max-snippet:-1, max-image-preview:large, max-video-preview:-1\" \/>\n<link rel=\"canonical\" href=\"https:\/\/www.daisho.be\/de\/produit\/innenhandschuhe-zebra-performance\/\" \/>\n<meta property=\"og:locale\" content=\"de_DE\" \/>\n<meta property=\"og:type\" content=\"article\" \/>\n<meta property=\"og:title\" content=\"Innenhandschuhe ZEBRA PERFORMANCE &#8211; Daisho\" \/>\n<meta property=\"og:description\" content=\"Die flexiblen PERFORMANCE Innenhandschuhe aus gestricktem Baumwollgarn mit Elastan sind sehr gut als Bandagen mit zus\u00e4tzlichem Kn\u00f6chelschutz geeignet, die schnell angezogen werden k\u00f6nnen. Ein Gelkissen an den Kn\u00f6cheln bietet zus\u00e4tzliche D\u00e4mpfung. Die extra langen Bandagen mit einer L\u00e4nge von 2m st\u00fctzen nicht nur das Handgelenk, sondern auch die gesamte Hand und das freiliegende Metakarpophalangealgelenk, wenn [&hellip;]\" \/>\n<meta property=\"og:url\" content=\"https:\/\/www.daisho.be\/de\/produit\/innenhandschuhe-zebra-performance\/\" \/>\n<meta property=\"og:site_name\" content=\"Daisho\" \/>\n<meta property=\"og:image\" content=\"https:\/\/www.daisho.be\/wp-content\/uploads\/2024\/03\/image-4.jpg\" \/>\n\t<meta property=\"og:image:width\" content=\"510\" \/>\n\t<meta property=\"og:image:height\" content=\"720\" \/>\n\t<meta property=\"og:image:type\" content=\"image\/jpeg\" \/>\n<meta name=\"twitter:card\" content=\"summary_large_image\" \/>\n<script type=\"application\/ld+json\" class=\"yoast-schema-graph\">{\"@context\":\"https:\/\/schema.org\",\"@graph\":[{\"@type\":\"WebPage\",\"@id\":\"https:\/\/www.daisho.be\/de\/produit\/innenhandschuhe-zebra-performance\/\",\"url\":\"https:\/\/www.daisho.be\/de\/produit\/innenhandschuhe-zebra-performance\/\",\"name\":\"Innenhandschuhe ZEBRA PERFORMANCE &#8211; Daisho\",\"isPartOf\":{\"@id\":\"https:\/\/www.daisho.be\/de\/#website\"},\"primaryImageOfPage\":{\"@id\":\"https:\/\/www.daisho.be\/de\/produit\/innenhandschuhe-zebra-performance\/#primaryimage\"},\"image\":{\"@id\":\"https:\/\/www.daisho.be\/de\/produit\/innenhandschuhe-zebra-performance\/#primaryimage\"},\"thumbnailUrl\":\"https:\/\/www.daisho.be\/wp-content\/uploads\/2024\/03\/image-4.jpg\",\"datePublished\":\"2022-07-22T10:39:06+00:00\",\"breadcrumb\":{\"@id\":\"https:\/\/www.daisho.be\/de\/produit\/innenhandschuhe-zebra-performance\/#breadcrumb\"},\"inLanguage\":\"de\",\"potentialAction\":[{\"@type\":\"ReadAction\",\"target\":[\"https:\/\/www.daisho.be\/de\/produit\/innenhandschuhe-zebra-performance\/\"]}]},{\"@type\":\"ImageObject\",\"inLanguage\":\"de\",\"@id\":\"https:\/\/www.daisho.be\/de\/produit\/innenhandschuhe-zebra-performance\/#primaryimage\",\"url\":\"https:\/\/www.daisho.be\/wp-content\/uploads\/2024\/03\/image-4.jpg\",\"contentUrl\":\"https:\/\/www.daisho.be\/wp-content\/uploads\/2024\/03\/image-4.jpg\",\"width\":510,\"height\":720},{\"@type\":\"BreadcrumbList\",\"@id\":\"https:\/\/www.daisho.be\/de\/produit\/innenhandschuhe-zebra-performance\/#breadcrumb\",\"itemListElement\":[{\"@type\":\"ListItem\",\"position\":1,\"name\":\"Accueil\",\"item\":\"https:\/\/www.daisho.be\/de\/\"},{\"@type\":\"ListItem\",\"position\":2,\"name\":\"Produkte\",\"item\":\"https:\/\/www.daisho.be\/de\/produkte\/\"},{\"@type\":\"ListItem\",\"position\":3,\"name\":\"Ausr\u00fcstung und Kleidung f\u00fcr Kampfkunst und Kampfsport\",\"item\":\"https:\/\/www.daisho.be\/de\/categorie-produit\/ausrustung-und-kleidung-fur-kampfkunst-und-kampfsport\/\"},{\"@type\":\"ListItem\",\"position\":4,\"name\":\"Boxen\",\"item\":\"https:\/\/www.daisho.be\/de\/categorie-produit\/ausrustung-und-kleidung-fur-kampfkunst-und-kampfsport\/boxen-de\/\"},{\"@type\":\"ListItem\",\"position\":5,\"name\":\"Protektoren Boxen\",\"item\":\"https:\/\/www.daisho.be\/de\/categorie-produit\/ausrustung-und-kleidung-fur-kampfkunst-und-kampfsport\/boxen-de\/protektoren-boxen\/\"},{\"@type\":\"ListItem\",\"position\":6,\"name\":\"Innenhandschuhe ZEBRA PERFORMANCE\"}]},{\"@type\":\"WebSite\",\"@id\":\"https:\/\/www.daisho.be\/de\/#website\",\"url\":\"https:\/\/www.daisho.be\/de\/\",\"name\":\"Daisho\",\"description\":\"Sp&eacute;cialiste de l'&eacute;quipement sportif d'arts martiaux\",\"publisher\":{\"@id\":\"https:\/\/www.daisho.be\/de\/#organization\"},\"potentialAction\":[{\"@type\":\"SearchAction\",\"target\":{\"@type\":\"EntryPoint\",\"urlTemplate\":\"https:\/\/www.daisho.be\/de\/?s={search_term_string}\"},\"query-input\":{\"@type\":\"PropertyValueSpecification\",\"valueRequired\":true,\"valueName\":\"search_term_string\"}}],\"inLanguage\":\"de\"},{\"@type\":\"Organization\",\"@id\":\"https:\/\/www.daisho.be\/de\/#organization\",\"name\":\"Daisho\",\"url\":\"https:\/\/www.daisho.be\/de\/\",\"logo\":{\"@type\":\"ImageObject\",\"inLanguage\":\"de\",\"@id\":\"https:\/\/www.daisho.be\/de\/#\/schema\/logo\/image\/\",\"url\":\"https:\/\/www.daisho.be\/wp-content\/uploads\/2019\/07\/color-nothing-horizontale4x-e1564486100247.png\",\"contentUrl\":\"https:\/\/www.daisho.be\/wp-content\/uploads\/2019\/07\/color-nothing-horizontale4x-e1564486100247.png\",\"width\":1547,\"height\":385,\"caption\":\"Daisho\"},\"image\":{\"@id\":\"https:\/\/www.daisho.be\/de\/#\/schema\/logo\/image\/\"}}]}<\/script>\n<!-- \/ Yoast SEO plugin. -->","yoast_head_json":{"title":"Innenhandschuhe ZEBRA PERFORMANCE &#8211; Daisho","robots":{"index":"index","follow":"follow","max-snippet":"max-snippet:-1","max-image-preview":"max-image-preview:large","max-video-preview":"max-video-preview:-1"},"canonical":"https:\/\/www.daisho.be\/de\/produit\/innenhandschuhe-zebra-performance\/","og_locale":"de_DE","og_type":"article","og_title":"Innenhandschuhe ZEBRA PERFORMANCE &#8211; Daisho","og_description":"Die flexiblen PERFORMANCE Innenhandschuhe aus gestricktem Baumwollgarn mit Elastan sind sehr gut als Bandagen mit zus\u00e4tzlichem Kn\u00f6chelschutz geeignet, die schnell angezogen werden k\u00f6nnen. Ein Gelkissen an den Kn\u00f6cheln bietet zus\u00e4tzliche D\u00e4mpfung. Die extra langen Bandagen mit einer L\u00e4nge von 2m st\u00fctzen nicht nur das Handgelenk, sondern auch die gesamte Hand und das freiliegende Metakarpophalangealgelenk, wenn [&hellip;]","og_url":"https:\/\/www.daisho.be\/de\/produit\/innenhandschuhe-zebra-performance\/","og_site_name":"Daisho","og_image":[{"width":510,"height":720,"url":"https:\/\/www.daisho.be\/wp-content\/uploads\/2024\/03\/image-4.jpg","type":"image\/jpeg"}],"twitter_card":"summary_large_image","schema":{"@context":"https:\/\/schema.org","@graph":[{"@type":"WebPage","@id":"https:\/\/www.daisho.be\/de\/produit\/innenhandschuhe-zebra-performance\/","url":"https:\/\/www.daisho.be\/de\/produit\/innenhandschuhe-zebra-performance\/","name":"Innenhandschuhe ZEBRA PERFORMANCE &#8211; Daisho","isPartOf":{"@id":"https:\/\/www.daisho.be\/de\/#website"},"primaryImageOfPage":{"@id":"https:\/\/www.daisho.be\/de\/produit\/innenhandschuhe-zebra-performance\/#primaryimage"},"image":{"@id":"https:\/\/www.daisho.be\/de\/produit\/innenhandschuhe-zebra-performance\/#primaryimage"},"thumbnailUrl":"https:\/\/www.daisho.be\/wp-content\/uploads\/2024\/03\/image-4.jpg","datePublished":"2022-07-22T10:39:06+00:00","breadcrumb":{"@id":"https:\/\/www.daisho.be\/de\/produit\/innenhandschuhe-zebra-performance\/#breadcrumb"},"inLanguage":"de","potentialAction":[{"@type":"ReadAction","target":["https:\/\/www.daisho.be\/de\/produit\/innenhandschuhe-zebra-performance\/"]}]},{"@type":"ImageObject","inLanguage":"de","@id":"https:\/\/www.daisho.be\/de\/produit\/innenhandschuhe-zebra-performance\/#primaryimage","url":"https:\/\/www.daisho.be\/wp-content\/uploads\/2024\/03\/image-4.jpg","contentUrl":"https:\/\/www.daisho.be\/wp-content\/uploads\/2024\/03\/image-4.jpg","width":510,"height":720},{"@type":"BreadcrumbList","@id":"https:\/\/www.daisho.be\/de\/produit\/innenhandschuhe-zebra-performance\/#breadcrumb","itemListElement":[{"@type":"ListItem","position":1,"name":"Accueil","item":"https:\/\/www.daisho.be\/de\/"},{"@type":"ListItem","position":2,"name":"Produkte","item":"https:\/\/www.daisho.be\/de\/produkte\/"},{"@type":"ListItem","position":3,"name":"Ausr\u00fcstung und Kleidung f\u00fcr Kampfkunst und Kampfsport","item":"https:\/\/www.daisho.be\/de\/categorie-produit\/ausrustung-und-kleidung-fur-kampfkunst-und-kampfsport\/"},{"@type":"ListItem","position":4,"name":"Boxen","item":"https:\/\/www.daisho.be\/de\/categorie-produit\/ausrustung-und-kleidung-fur-kampfkunst-und-kampfsport\/boxen-de\/"},{"@type":"ListItem","position":5,"name":"Protektoren Boxen","item":"https:\/\/www.daisho.be\/de\/categorie-produit\/ausrustung-und-kleidung-fur-kampfkunst-und-kampfsport\/boxen-de\/protektoren-boxen\/"},{"@type":"ListItem","position":6,"name":"Innenhandschuhe ZEBRA PERFORMANCE"}]},{"@type":"WebSite","@id":"https:\/\/www.daisho.be\/de\/#website","url":"https:\/\/www.daisho.be\/de\/","name":"Daisho","description":"Sp&eacute;cialiste de l'&eacute;quipement sportif d'arts martiaux","publisher":{"@id":"https:\/\/www.daisho.be\/de\/#organization"},"potentialAction":[{"@type":"SearchAction","target":{"@type":"EntryPoint","urlTemplate":"https:\/\/www.daisho.be\/de\/?s={search_term_string}"},"query-input":{"@type":"PropertyValueSpecification","valueRequired":true,"valueName":"search_term_string"}}],"inLanguage":"de"},{"@type":"Organization","@id":"https:\/\/www.daisho.be\/de\/#organization","name":"Daisho","url":"https:\/\/www.daisho.be\/de\/","logo":{"@type":"ImageObject","inLanguage":"de","@id":"https:\/\/www.daisho.be\/de\/#\/schema\/logo\/image\/","url":"https:\/\/www.daisho.be\/wp-content\/uploads\/2019\/07\/color-nothing-horizontale4x-e1564486100247.png","contentUrl":"https:\/\/www.daisho.be\/wp-content\/uploads\/2019\/07\/color-nothing-horizontale4x-e1564486100247.png","width":1547,"height":385,"caption":"Daisho"},"image":{"@id":"https:\/\/www.daisho.be\/de\/#\/schema\/logo\/image\/"}}]}},"_links":{"self":[{"href":"https:\/\/www.daisho.be\/de\/wp-json\/wp\/v2\/product\/461037","targetHints":{"allow":["GET"]}}],"collection":[{"href":"https:\/\/www.daisho.be\/de\/wp-json\/wp\/v2\/product"}],"about":[{"href":"https:\/\/www.daisho.be\/de\/wp-json\/wp\/v2\/types\/product"}],"replies":[{"embeddable":true,"href":"https:\/\/www.daisho.be\/de\/wp-json\/wp\/v2\/comments?post=461037"}],"wp:featuredmedia":[{"embeddable":true,"href":"https:\/\/www.daisho.be\/de\/wp-json\/wp\/v2\/media\/461041"}],"wp:attachment":[{"href":"https:\/\/www.daisho.be\/de\/wp-json\/wp\/v2\/media?parent=461037"}],"wp:term":[{"taxonomy":"product_brand","embeddable":true,"href":"https:\/\/www.daisho.be\/de\/wp-json\/wp\/v2\/product_brand?post=461037"},{"taxonomy":"product_cat","embeddable":true,"href":"https:\/\/www.daisho.be\/de\/wp-json\/wp\/v2\/product_cat?post=461037"},{"taxonomy":"product_tag","embeddable":true,"href":"https:\/\/www.daisho.be\/de\/wp-json\/wp\/v2\/product_tag?post=461037"},{"taxonomy":"sport","embeddable":true,"href":"https:\/\/www.daisho.be\/de\/wp-json\/wp\/v2\/sport?post=461037"}],"curies":[{"name":"wp","href":"https:\/\/api.w.org\/{rel}","templated":true}]}}