{"id":461026,"date":"2022-07-22T12:40:11","date_gmt":"2022-07-22T10:40:11","guid":{"rendered":"https:\/\/www.daisho.be\/produit\/zebra-performance-schienbeinschuetzer\/"},"modified":"2022-07-22T12:40:11","modified_gmt":"2022-07-22T10:40:11","slug":"zebra-performance-schienbeinschuetzer","status":"publish","type":"product","link":"https:\/\/www.daisho.be\/de\/produit\/zebra-performance-schienbeinschuetzer\/","title":{"rendered":"ZEBRA PERFORMANCE Schienbeinsch\u00fctzer"},"content":{"rendered":"<p>PERFORMANCE Schienbeinsch\u00fctzer aus elastischem Neopren. Sichere Passform durch Verrutschen in engen Str\u00fcmpfen. Die offene Ferse und der Vorfu\u00df bieten immer eine sehr gute Stabilit\u00e4t durch den direkten Kontakt mit dem Boden. Die &#8222;EVA&#8220;-Schaumstoffschichten auf dem Schienbein und dem Rist bieten eine ausreichende D\u00e4mpfung. Elastisches Neoprenmaterial f\u00fcr guten Grip<br \/>\nOffene Ferse und Vorfu\u00df f\u00fcr rutschfesten Bodenkontakt<br \/>\nAnatomisch korrekt vorgebogene Schienbein- und Ristkr\u00fcmmung   <\/p>\n","protected":false},"excerpt":{"rendered":"<p>PERFORMANCE Schienbeinsch\u00fctzer aus elastischem Neopren. Sichere Passform durch Verrutschen in engen Str\u00fcmpfen. Die offene Ferse und der Vorfu\u00df bieten immer eine sehr gute Stabilit\u00e4t durch den direkten Kontakt mit dem Boden. Die &#8222;EVA&#8220;-Schaumstoffschichten auf dem Schienbein und dem Rist bieten eine ausreichende D\u00e4mpfung. Elastisches Neoprenmaterial f\u00fcr guten Grip Offene Ferse und Vorfu\u00df f\u00fcr rutschfesten Bodenkontakt [&hellip;]<\/p>\n","protected":false},"featured_media":461030,"comment_status":"open","ping_status":"closed","template":"","meta":{"inline_featured_image":false},"product_brand":[],"product_cat":[2091,2065,2052],"product_tag":[2319],"sport":[],"class_list":{"0":"post-461026","1":"product","2":"type-product","3":"status-publish","4":"has-post-thumbnail","6":"product_cat-mma-schutz","7":"product_cat-muay-thai-protektoren","8":"product_cat-protektoren-boxen","9":"product_tag-zebra-de","10":"pa_size-xs-xl","12":"first","13":"instock","14":"taxable","15":"shipping-taxable","16":"purchasable","17":"product-type-variable"},"yoast_head":"<!-- This site is optimized with the Yoast SEO plugin v27.2 - https:\/\/yoast.com\/product\/yoast-seo-wordpress\/ -->\n<title>ZEBRA PERFORMANCE Schienbeinsch\u00fctzer &#8211; Daisho<\/title>\n<meta name=\"robots\" content=\"index, follow, max-snippet:-1, max-image-preview:large, max-video-preview:-1\" \/>\n<link rel=\"canonical\" href=\"https:\/\/www.daisho.be\/de\/produit\/zebra-performance-schienbeinschuetzer\/\" \/>\n<meta property=\"og:locale\" content=\"de_DE\" \/>\n<meta property=\"og:type\" content=\"article\" \/>\n<meta property=\"og:title\" content=\"ZEBRA PERFORMANCE Schienbeinsch\u00fctzer &#8211; Daisho\" \/>\n<meta property=\"og:description\" content=\"PERFORMANCE Schienbeinsch\u00fctzer aus elastischem Neopren. Sichere Passform durch Verrutschen in engen Str\u00fcmpfen. Die offene Ferse und der Vorfu\u00df bieten immer eine sehr gute Stabilit\u00e4t durch den direkten Kontakt mit dem Boden. Die &#8222;EVA&#8220;-Schaumstoffschichten auf dem Schienbein und dem Rist bieten eine ausreichende D\u00e4mpfung. Elastisches Neoprenmaterial f\u00fcr guten Grip Offene Ferse und Vorfu\u00df f\u00fcr rutschfesten Bodenkontakt [&hellip;]\" \/>\n<meta property=\"og:url\" content=\"https:\/\/www.daisho.be\/de\/produit\/zebra-performance-schienbeinschuetzer\/\" \/>\n<meta property=\"og:site_name\" content=\"Daisho\" \/>\n<meta property=\"og:image\" content=\"https:\/\/www.daisho.be\/wp-content\/uploads\/2022\/07\/image-105.jpg\" \/>\n\t<meta property=\"og:image:width\" content=\"510\" \/>\n\t<meta property=\"og:image:height\" content=\"720\" \/>\n\t<meta property=\"og:image:type\" content=\"image\/jpeg\" \/>\n<meta name=\"twitter:card\" content=\"summary_large_image\" \/>\n<script type=\"application\/ld+json\" class=\"yoast-schema-graph\">{\"@context\":\"https:\/\/schema.org\",\"@graph\":[{\"@type\":\"WebPage\",\"@id\":\"https:\/\/www.daisho.be\/de\/produit\/zebra-performance-schienbeinschuetzer\/\",\"url\":\"https:\/\/www.daisho.be\/de\/produit\/zebra-performance-schienbeinschuetzer\/\",\"name\":\"ZEBRA PERFORMANCE Schienbeinsch\u00fctzer &#8211; Daisho\",\"isPartOf\":{\"@id\":\"https:\/\/www.daisho.be\/de\/#website\"},\"primaryImageOfPage\":{\"@id\":\"https:\/\/www.daisho.be\/de\/produit\/zebra-performance-schienbeinschuetzer\/#primaryimage\"},\"image\":{\"@id\":\"https:\/\/www.daisho.be\/de\/produit\/zebra-performance-schienbeinschuetzer\/#primaryimage\"},\"thumbnailUrl\":\"https:\/\/www.daisho.be\/wp-content\/uploads\/2022\/07\/image-105.jpg\",\"datePublished\":\"2022-07-22T10:40:11+00:00\",\"breadcrumb\":{\"@id\":\"https:\/\/www.daisho.be\/de\/produit\/zebra-performance-schienbeinschuetzer\/#breadcrumb\"},\"inLanguage\":\"de\",\"potentialAction\":[{\"@type\":\"ReadAction\",\"target\":[\"https:\/\/www.daisho.be\/de\/produit\/zebra-performance-schienbeinschuetzer\/\"]}]},{\"@type\":\"ImageObject\",\"inLanguage\":\"de\",\"@id\":\"https:\/\/www.daisho.be\/de\/produit\/zebra-performance-schienbeinschuetzer\/#primaryimage\",\"url\":\"https:\/\/www.daisho.be\/wp-content\/uploads\/2022\/07\/image-105.jpg\",\"contentUrl\":\"https:\/\/www.daisho.be\/wp-content\/uploads\/2022\/07\/image-105.jpg\",\"width\":510,\"height\":720},{\"@type\":\"BreadcrumbList\",\"@id\":\"https:\/\/www.daisho.be\/de\/produit\/zebra-performance-schienbeinschuetzer\/#breadcrumb\",\"itemListElement\":[{\"@type\":\"ListItem\",\"position\":1,\"name\":\"Accueil\",\"item\":\"https:\/\/www.daisho.be\/de\/\"},{\"@type\":\"ListItem\",\"position\":2,\"name\":\"Produkte\",\"item\":\"https:\/\/www.daisho.be\/de\/produkte\/\"},{\"@type\":\"ListItem\",\"position\":3,\"name\":\"Ausr\u00fcstung und Kleidung f\u00fcr Kampfkunst und Kampfsport\",\"item\":\"https:\/\/www.daisho.be\/de\/categorie-produit\/ausrustung-und-kleidung-fur-kampfkunst-und-kampfsport\/\"},{\"@type\":\"ListItem\",\"position\":4,\"name\":\"MMA\",\"item\":\"https:\/\/www.daisho.be\/de\/categorie-produit\/ausrustung-und-kleidung-fur-kampfkunst-und-kampfsport\/mma-de-2\/\"},{\"@type\":\"ListItem\",\"position\":5,\"name\":\"MMA-Schutz\",\"item\":\"https:\/\/www.daisho.be\/de\/categorie-produit\/ausrustung-und-kleidung-fur-kampfkunst-und-kampfsport\/mma-de-2\/mma-schutz\/\"},{\"@type\":\"ListItem\",\"position\":6,\"name\":\"ZEBRA PERFORMANCE Schienbeinsch\u00fctzer\"}]},{\"@type\":\"WebSite\",\"@id\":\"https:\/\/www.daisho.be\/de\/#website\",\"url\":\"https:\/\/www.daisho.be\/de\/\",\"name\":\"Daisho\",\"description\":\"Sp&eacute;cialiste de l'&eacute;quipement sportif d'arts martiaux\",\"publisher\":{\"@id\":\"https:\/\/www.daisho.be\/de\/#organization\"},\"potentialAction\":[{\"@type\":\"SearchAction\",\"target\":{\"@type\":\"EntryPoint\",\"urlTemplate\":\"https:\/\/www.daisho.be\/de\/?s={search_term_string}\"},\"query-input\":{\"@type\":\"PropertyValueSpecification\",\"valueRequired\":true,\"valueName\":\"search_term_string\"}}],\"inLanguage\":\"de\"},{\"@type\":\"Organization\",\"@id\":\"https:\/\/www.daisho.be\/de\/#organization\",\"name\":\"Daisho\",\"url\":\"https:\/\/www.daisho.be\/de\/\",\"logo\":{\"@type\":\"ImageObject\",\"inLanguage\":\"de\",\"@id\":\"https:\/\/www.daisho.be\/de\/#\/schema\/logo\/image\/\",\"url\":\"https:\/\/www.daisho.be\/wp-content\/uploads\/2019\/07\/color-nothing-horizontale4x-e1564486100247.png\",\"contentUrl\":\"https:\/\/www.daisho.be\/wp-content\/uploads\/2019\/07\/color-nothing-horizontale4x-e1564486100247.png\",\"width\":1547,\"height\":385,\"caption\":\"Daisho\"},\"image\":{\"@id\":\"https:\/\/www.daisho.be\/de\/#\/schema\/logo\/image\/\"}}]}<\/script>\n<!-- \/ Yoast SEO plugin. -->","yoast_head_json":{"title":"ZEBRA PERFORMANCE Schienbeinsch\u00fctzer &#8211; Daisho","robots":{"index":"index","follow":"follow","max-snippet":"max-snippet:-1","max-image-preview":"max-image-preview:large","max-video-preview":"max-video-preview:-1"},"canonical":"https:\/\/www.daisho.be\/de\/produit\/zebra-performance-schienbeinschuetzer\/","og_locale":"de_DE","og_type":"article","og_title":"ZEBRA PERFORMANCE Schienbeinsch\u00fctzer &#8211; Daisho","og_description":"PERFORMANCE Schienbeinsch\u00fctzer aus elastischem Neopren. Sichere Passform durch Verrutschen in engen Str\u00fcmpfen. Die offene Ferse und der Vorfu\u00df bieten immer eine sehr gute Stabilit\u00e4t durch den direkten Kontakt mit dem Boden. Die &#8222;EVA&#8220;-Schaumstoffschichten auf dem Schienbein und dem Rist bieten eine ausreichende D\u00e4mpfung. Elastisches Neoprenmaterial f\u00fcr guten Grip Offene Ferse und Vorfu\u00df f\u00fcr rutschfesten Bodenkontakt [&hellip;]","og_url":"https:\/\/www.daisho.be\/de\/produit\/zebra-performance-schienbeinschuetzer\/","og_site_name":"Daisho","og_image":[{"width":510,"height":720,"url":"https:\/\/www.daisho.be\/wp-content\/uploads\/2022\/07\/image-105.jpg","type":"image\/jpeg"}],"twitter_card":"summary_large_image","schema":{"@context":"https:\/\/schema.org","@graph":[{"@type":"WebPage","@id":"https:\/\/www.daisho.be\/de\/produit\/zebra-performance-schienbeinschuetzer\/","url":"https:\/\/www.daisho.be\/de\/produit\/zebra-performance-schienbeinschuetzer\/","name":"ZEBRA PERFORMANCE Schienbeinsch\u00fctzer &#8211; Daisho","isPartOf":{"@id":"https:\/\/www.daisho.be\/de\/#website"},"primaryImageOfPage":{"@id":"https:\/\/www.daisho.be\/de\/produit\/zebra-performance-schienbeinschuetzer\/#primaryimage"},"image":{"@id":"https:\/\/www.daisho.be\/de\/produit\/zebra-performance-schienbeinschuetzer\/#primaryimage"},"thumbnailUrl":"https:\/\/www.daisho.be\/wp-content\/uploads\/2022\/07\/image-105.jpg","datePublished":"2022-07-22T10:40:11+00:00","breadcrumb":{"@id":"https:\/\/www.daisho.be\/de\/produit\/zebra-performance-schienbeinschuetzer\/#breadcrumb"},"inLanguage":"de","potentialAction":[{"@type":"ReadAction","target":["https:\/\/www.daisho.be\/de\/produit\/zebra-performance-schienbeinschuetzer\/"]}]},{"@type":"ImageObject","inLanguage":"de","@id":"https:\/\/www.daisho.be\/de\/produit\/zebra-performance-schienbeinschuetzer\/#primaryimage","url":"https:\/\/www.daisho.be\/wp-content\/uploads\/2022\/07\/image-105.jpg","contentUrl":"https:\/\/www.daisho.be\/wp-content\/uploads\/2022\/07\/image-105.jpg","width":510,"height":720},{"@type":"BreadcrumbList","@id":"https:\/\/www.daisho.be\/de\/produit\/zebra-performance-schienbeinschuetzer\/#breadcrumb","itemListElement":[{"@type":"ListItem","position":1,"name":"Accueil","item":"https:\/\/www.daisho.be\/de\/"},{"@type":"ListItem","position":2,"name":"Produkte","item":"https:\/\/www.daisho.be\/de\/produkte\/"},{"@type":"ListItem","position":3,"name":"Ausr\u00fcstung und Kleidung f\u00fcr Kampfkunst und Kampfsport","item":"https:\/\/www.daisho.be\/de\/categorie-produit\/ausrustung-und-kleidung-fur-kampfkunst-und-kampfsport\/"},{"@type":"ListItem","position":4,"name":"MMA","item":"https:\/\/www.daisho.be\/de\/categorie-produit\/ausrustung-und-kleidung-fur-kampfkunst-und-kampfsport\/mma-de-2\/"},{"@type":"ListItem","position":5,"name":"MMA-Schutz","item":"https:\/\/www.daisho.be\/de\/categorie-produit\/ausrustung-und-kleidung-fur-kampfkunst-und-kampfsport\/mma-de-2\/mma-schutz\/"},{"@type":"ListItem","position":6,"name":"ZEBRA PERFORMANCE Schienbeinsch\u00fctzer"}]},{"@type":"WebSite","@id":"https:\/\/www.daisho.be\/de\/#website","url":"https:\/\/www.daisho.be\/de\/","name":"Daisho","description":"Sp&eacute;cialiste de l'&eacute;quipement sportif d'arts martiaux","publisher":{"@id":"https:\/\/www.daisho.be\/de\/#organization"},"potentialAction":[{"@type":"SearchAction","target":{"@type":"EntryPoint","urlTemplate":"https:\/\/www.daisho.be\/de\/?s={search_term_string}"},"query-input":{"@type":"PropertyValueSpecification","valueRequired":true,"valueName":"search_term_string"}}],"inLanguage":"de"},{"@type":"Organization","@id":"https:\/\/www.daisho.be\/de\/#organization","name":"Daisho","url":"https:\/\/www.daisho.be\/de\/","logo":{"@type":"ImageObject","inLanguage":"de","@id":"https:\/\/www.daisho.be\/de\/#\/schema\/logo\/image\/","url":"https:\/\/www.daisho.be\/wp-content\/uploads\/2019\/07\/color-nothing-horizontale4x-e1564486100247.png","contentUrl":"https:\/\/www.daisho.be\/wp-content\/uploads\/2019\/07\/color-nothing-horizontale4x-e1564486100247.png","width":1547,"height":385,"caption":"Daisho"},"image":{"@id":"https:\/\/www.daisho.be\/de\/#\/schema\/logo\/image\/"}}]}},"_links":{"self":[{"href":"https:\/\/www.daisho.be\/de\/wp-json\/wp\/v2\/product\/461026","targetHints":{"allow":["GET"]}}],"collection":[{"href":"https:\/\/www.daisho.be\/de\/wp-json\/wp\/v2\/product"}],"about":[{"href":"https:\/\/www.daisho.be\/de\/wp-json\/wp\/v2\/types\/product"}],"replies":[{"embeddable":true,"href":"https:\/\/www.daisho.be\/de\/wp-json\/wp\/v2\/comments?post=461026"}],"wp:featuredmedia":[{"embeddable":true,"href":"https:\/\/www.daisho.be\/de\/wp-json\/wp\/v2\/media\/461030"}],"wp:attachment":[{"href":"https:\/\/www.daisho.be\/de\/wp-json\/wp\/v2\/media?parent=461026"}],"wp:term":[{"taxonomy":"product_brand","embeddable":true,"href":"https:\/\/www.daisho.be\/de\/wp-json\/wp\/v2\/product_brand?post=461026"},{"taxonomy":"product_cat","embeddable":true,"href":"https:\/\/www.daisho.be\/de\/wp-json\/wp\/v2\/product_cat?post=461026"},{"taxonomy":"product_tag","embeddable":true,"href":"https:\/\/www.daisho.be\/de\/wp-json\/wp\/v2\/product_tag?post=461026"},{"taxonomy":"sport","embeddable":true,"href":"https:\/\/www.daisho.be\/de\/wp-json\/wp\/v2\/sport?post=461026"}],"curies":[{"name":"wp","href":"https:\/\/api.w.org\/{rel}","templated":true}]}}