{"id":461019,"date":"2022-07-22T12:39:51","date_gmt":"2022-07-22T10:39:51","guid":{"rendered":"https:\/\/www.daisho.be\/produit\/kopfschutz-zebra-fitness\/"},"modified":"2022-07-22T12:39:51","modified_gmt":"2022-07-22T10:39:51","slug":"kopfschutz-zebra-fitness","status":"publish","type":"product","link":"https:\/\/www.daisho.be\/de\/produit\/kopfschutz-zebra-fitness\/","title":{"rendered":"Kopfschutz ZEBRA FITNESS"},"content":{"rendered":"<p>Zuverl\u00e4ssiger Kopfschutz aus mattem &#8222;FLX PU&#8220;. Der mehrschichtige EVA-Schaum passt sich sehr gut an die Form des Kopfes an und gew\u00e4hrleistet daher eine sehr gute Passform. Das Kinn und die Wangenknochen werden durch eine anatomisch angepasste Polsterung gesch\u00fctzt. Ein extra breiter Klettverschluss am Hinterkopf und ein zus\u00e4tzlicher Spitzenverschluss am Oberkopf sorgen f\u00fcr einen sicheren Halt. Dieser leichte FITNESS-Helm ist ideal f\u00fcr Anf\u00e4nger im MMA, Boxen oder Kickboxen. Obermaterial: FLX PU matt f\u00fcr einfache Reinigung<br \/>\nEingebauter Kinn- und Wangenknochenschutz<br \/>\nEin zus\u00e4tzlicher Klettverschluss aus Garn am Hinterkopf erm\u00f6glicht schnelles Ein- und Ausschalten.    <\/p>\n","protected":false},"excerpt":{"rendered":"<p>Zuverl\u00e4ssiger Kopfschutz aus mattem &#8222;FLX PU&#8220;. Der mehrschichtige EVA-Schaum passt sich sehr gut an die Form des Kopfes an und gew\u00e4hrleistet daher eine sehr gute Passform. Das Kinn und die Wangenknochen werden durch eine anatomisch angepasste Polsterung gesch\u00fctzt. Ein extra breiter Klettverschluss am Hinterkopf und ein zus\u00e4tzlicher Spitzenverschluss am Oberkopf sorgen f\u00fcr einen sicheren Halt. [&hellip;]<\/p>\n","protected":false},"featured_media":461022,"comment_status":"open","ping_status":"closed","template":"","meta":{"inline_featured_image":false},"product_brand":[],"product_cat":[2091,2065,2052],"product_tag":[2319],"sport":[],"class_list":{"0":"post-461019","1":"product","2":"type-product","3":"status-publish","4":"has-post-thumbnail","6":"product_cat-mma-schutz","7":"product_cat-muay-thai-protektoren","8":"product_cat-protektoren-boxen","9":"product_tag-zebra-de","10":"pa_size-xs-xl","12":"first","13":"instock","14":"taxable","15":"shipping-taxable","16":"purchasable","17":"product-type-variable"},"yoast_head":"<!-- This site is optimized with the Yoast SEO plugin v27.2 - https:\/\/yoast.com\/product\/yoast-seo-wordpress\/ -->\n<title>Kopfschutz ZEBRA FITNESS &#8211; Daisho<\/title>\n<meta name=\"robots\" content=\"index, follow, max-snippet:-1, max-image-preview:large, max-video-preview:-1\" \/>\n<link rel=\"canonical\" href=\"https:\/\/www.daisho.be\/de\/produit\/kopfschutz-zebra-fitness\/\" \/>\n<meta property=\"og:locale\" content=\"de_DE\" \/>\n<meta property=\"og:type\" content=\"article\" \/>\n<meta property=\"og:title\" content=\"Kopfschutz ZEBRA FITNESS &#8211; Daisho\" \/>\n<meta property=\"og:description\" content=\"Zuverl\u00e4ssiger Kopfschutz aus mattem &#8222;FLX PU&#8220;. Der mehrschichtige EVA-Schaum passt sich sehr gut an die Form des Kopfes an und gew\u00e4hrleistet daher eine sehr gute Passform. Das Kinn und die Wangenknochen werden durch eine anatomisch angepasste Polsterung gesch\u00fctzt. Ein extra breiter Klettverschluss am Hinterkopf und ein zus\u00e4tzlicher Spitzenverschluss am Oberkopf sorgen f\u00fcr einen sicheren Halt. [&hellip;]\" \/>\n<meta property=\"og:url\" content=\"https:\/\/www.daisho.be\/de\/produit\/kopfschutz-zebra-fitness\/\" \/>\n<meta property=\"og:site_name\" content=\"Daisho\" \/>\n<meta property=\"og:image\" content=\"https:\/\/www.daisho.be\/wp-content\/uploads\/2022\/07\/image-99.jpg\" \/>\n\t<meta property=\"og:image:width\" content=\"510\" \/>\n\t<meta property=\"og:image:height\" content=\"720\" \/>\n\t<meta property=\"og:image:type\" content=\"image\/jpeg\" \/>\n<meta name=\"twitter:card\" content=\"summary_large_image\" \/>\n<meta name=\"twitter:label1\" content=\"Gesch\u00e4tzte Lesezeit\" \/>\n\t<meta name=\"twitter:data1\" content=\"1\u00a0Minute\" \/>\n<script type=\"application\/ld+json\" class=\"yoast-schema-graph\">{\"@context\":\"https:\/\/schema.org\",\"@graph\":[{\"@type\":\"WebPage\",\"@id\":\"https:\/\/www.daisho.be\/de\/produit\/kopfschutz-zebra-fitness\/\",\"url\":\"https:\/\/www.daisho.be\/de\/produit\/kopfschutz-zebra-fitness\/\",\"name\":\"Kopfschutz ZEBRA FITNESS &#8211; Daisho\",\"isPartOf\":{\"@id\":\"https:\/\/www.daisho.be\/de\/#website\"},\"primaryImageOfPage\":{\"@id\":\"https:\/\/www.daisho.be\/de\/produit\/kopfschutz-zebra-fitness\/#primaryimage\"},\"image\":{\"@id\":\"https:\/\/www.daisho.be\/de\/produit\/kopfschutz-zebra-fitness\/#primaryimage\"},\"thumbnailUrl\":\"https:\/\/www.daisho.be\/wp-content\/uploads\/2022\/07\/image-99.jpg\",\"datePublished\":\"2022-07-22T10:39:51+00:00\",\"breadcrumb\":{\"@id\":\"https:\/\/www.daisho.be\/de\/produit\/kopfschutz-zebra-fitness\/#breadcrumb\"},\"inLanguage\":\"de\",\"potentialAction\":[{\"@type\":\"ReadAction\",\"target\":[\"https:\/\/www.daisho.be\/de\/produit\/kopfschutz-zebra-fitness\/\"]}]},{\"@type\":\"ImageObject\",\"inLanguage\":\"de\",\"@id\":\"https:\/\/www.daisho.be\/de\/produit\/kopfschutz-zebra-fitness\/#primaryimage\",\"url\":\"https:\/\/www.daisho.be\/wp-content\/uploads\/2022\/07\/image-99.jpg\",\"contentUrl\":\"https:\/\/www.daisho.be\/wp-content\/uploads\/2022\/07\/image-99.jpg\",\"width\":510,\"height\":720},{\"@type\":\"BreadcrumbList\",\"@id\":\"https:\/\/www.daisho.be\/de\/produit\/kopfschutz-zebra-fitness\/#breadcrumb\",\"itemListElement\":[{\"@type\":\"ListItem\",\"position\":1,\"name\":\"Accueil\",\"item\":\"https:\/\/www.daisho.be\/de\/\"},{\"@type\":\"ListItem\",\"position\":2,\"name\":\"Produkte\",\"item\":\"https:\/\/www.daisho.be\/de\/produkte\/\"},{\"@type\":\"ListItem\",\"position\":3,\"name\":\"Ausr\u00fcstung und Kleidung f\u00fcr Kampfkunst und Kampfsport\",\"item\":\"https:\/\/www.daisho.be\/de\/categorie-produit\/ausrustung-und-kleidung-fur-kampfkunst-und-kampfsport\/\"},{\"@type\":\"ListItem\",\"position\":4,\"name\":\"MMA\",\"item\":\"https:\/\/www.daisho.be\/de\/categorie-produit\/ausrustung-und-kleidung-fur-kampfkunst-und-kampfsport\/mma-de-2\/\"},{\"@type\":\"ListItem\",\"position\":5,\"name\":\"MMA-Schutz\",\"item\":\"https:\/\/www.daisho.be\/de\/categorie-produit\/ausrustung-und-kleidung-fur-kampfkunst-und-kampfsport\/mma-de-2\/mma-schutz\/\"},{\"@type\":\"ListItem\",\"position\":6,\"name\":\"Kopfschutz ZEBRA FITNESS\"}]},{\"@type\":\"WebSite\",\"@id\":\"https:\/\/www.daisho.be\/de\/#website\",\"url\":\"https:\/\/www.daisho.be\/de\/\",\"name\":\"Daisho\",\"description\":\"Sp&eacute;cialiste de l'&eacute;quipement sportif d'arts martiaux\",\"publisher\":{\"@id\":\"https:\/\/www.daisho.be\/de\/#organization\"},\"potentialAction\":[{\"@type\":\"SearchAction\",\"target\":{\"@type\":\"EntryPoint\",\"urlTemplate\":\"https:\/\/www.daisho.be\/de\/?s={search_term_string}\"},\"query-input\":{\"@type\":\"PropertyValueSpecification\",\"valueRequired\":true,\"valueName\":\"search_term_string\"}}],\"inLanguage\":\"de\"},{\"@type\":\"Organization\",\"@id\":\"https:\/\/www.daisho.be\/de\/#organization\",\"name\":\"Daisho\",\"url\":\"https:\/\/www.daisho.be\/de\/\",\"logo\":{\"@type\":\"ImageObject\",\"inLanguage\":\"de\",\"@id\":\"https:\/\/www.daisho.be\/de\/#\/schema\/logo\/image\/\",\"url\":\"https:\/\/www.daisho.be\/wp-content\/uploads\/2019\/07\/color-nothing-horizontale4x-e1564486100247.png\",\"contentUrl\":\"https:\/\/www.daisho.be\/wp-content\/uploads\/2019\/07\/color-nothing-horizontale4x-e1564486100247.png\",\"width\":1547,\"height\":385,\"caption\":\"Daisho\"},\"image\":{\"@id\":\"https:\/\/www.daisho.be\/de\/#\/schema\/logo\/image\/\"}}]}<\/script>\n<!-- \/ Yoast SEO plugin. -->","yoast_head_json":{"title":"Kopfschutz ZEBRA FITNESS &#8211; Daisho","robots":{"index":"index","follow":"follow","max-snippet":"max-snippet:-1","max-image-preview":"max-image-preview:large","max-video-preview":"max-video-preview:-1"},"canonical":"https:\/\/www.daisho.be\/de\/produit\/kopfschutz-zebra-fitness\/","og_locale":"de_DE","og_type":"article","og_title":"Kopfschutz ZEBRA FITNESS &#8211; Daisho","og_description":"Zuverl\u00e4ssiger Kopfschutz aus mattem &#8222;FLX PU&#8220;. Der mehrschichtige EVA-Schaum passt sich sehr gut an die Form des Kopfes an und gew\u00e4hrleistet daher eine sehr gute Passform. Das Kinn und die Wangenknochen werden durch eine anatomisch angepasste Polsterung gesch\u00fctzt. Ein extra breiter Klettverschluss am Hinterkopf und ein zus\u00e4tzlicher Spitzenverschluss am Oberkopf sorgen f\u00fcr einen sicheren Halt. [&hellip;]","og_url":"https:\/\/www.daisho.be\/de\/produit\/kopfschutz-zebra-fitness\/","og_site_name":"Daisho","og_image":[{"width":510,"height":720,"url":"https:\/\/www.daisho.be\/wp-content\/uploads\/2022\/07\/image-99.jpg","type":"image\/jpeg"}],"twitter_card":"summary_large_image","twitter_misc":{"Gesch\u00e4tzte Lesezeit":"1\u00a0Minute"},"schema":{"@context":"https:\/\/schema.org","@graph":[{"@type":"WebPage","@id":"https:\/\/www.daisho.be\/de\/produit\/kopfschutz-zebra-fitness\/","url":"https:\/\/www.daisho.be\/de\/produit\/kopfschutz-zebra-fitness\/","name":"Kopfschutz ZEBRA FITNESS &#8211; Daisho","isPartOf":{"@id":"https:\/\/www.daisho.be\/de\/#website"},"primaryImageOfPage":{"@id":"https:\/\/www.daisho.be\/de\/produit\/kopfschutz-zebra-fitness\/#primaryimage"},"image":{"@id":"https:\/\/www.daisho.be\/de\/produit\/kopfschutz-zebra-fitness\/#primaryimage"},"thumbnailUrl":"https:\/\/www.daisho.be\/wp-content\/uploads\/2022\/07\/image-99.jpg","datePublished":"2022-07-22T10:39:51+00:00","breadcrumb":{"@id":"https:\/\/www.daisho.be\/de\/produit\/kopfschutz-zebra-fitness\/#breadcrumb"},"inLanguage":"de","potentialAction":[{"@type":"ReadAction","target":["https:\/\/www.daisho.be\/de\/produit\/kopfschutz-zebra-fitness\/"]}]},{"@type":"ImageObject","inLanguage":"de","@id":"https:\/\/www.daisho.be\/de\/produit\/kopfschutz-zebra-fitness\/#primaryimage","url":"https:\/\/www.daisho.be\/wp-content\/uploads\/2022\/07\/image-99.jpg","contentUrl":"https:\/\/www.daisho.be\/wp-content\/uploads\/2022\/07\/image-99.jpg","width":510,"height":720},{"@type":"BreadcrumbList","@id":"https:\/\/www.daisho.be\/de\/produit\/kopfschutz-zebra-fitness\/#breadcrumb","itemListElement":[{"@type":"ListItem","position":1,"name":"Accueil","item":"https:\/\/www.daisho.be\/de\/"},{"@type":"ListItem","position":2,"name":"Produkte","item":"https:\/\/www.daisho.be\/de\/produkte\/"},{"@type":"ListItem","position":3,"name":"Ausr\u00fcstung und Kleidung f\u00fcr Kampfkunst und Kampfsport","item":"https:\/\/www.daisho.be\/de\/categorie-produit\/ausrustung-und-kleidung-fur-kampfkunst-und-kampfsport\/"},{"@type":"ListItem","position":4,"name":"MMA","item":"https:\/\/www.daisho.be\/de\/categorie-produit\/ausrustung-und-kleidung-fur-kampfkunst-und-kampfsport\/mma-de-2\/"},{"@type":"ListItem","position":5,"name":"MMA-Schutz","item":"https:\/\/www.daisho.be\/de\/categorie-produit\/ausrustung-und-kleidung-fur-kampfkunst-und-kampfsport\/mma-de-2\/mma-schutz\/"},{"@type":"ListItem","position":6,"name":"Kopfschutz ZEBRA FITNESS"}]},{"@type":"WebSite","@id":"https:\/\/www.daisho.be\/de\/#website","url":"https:\/\/www.daisho.be\/de\/","name":"Daisho","description":"Sp&eacute;cialiste de l'&eacute;quipement sportif d'arts martiaux","publisher":{"@id":"https:\/\/www.daisho.be\/de\/#organization"},"potentialAction":[{"@type":"SearchAction","target":{"@type":"EntryPoint","urlTemplate":"https:\/\/www.daisho.be\/de\/?s={search_term_string}"},"query-input":{"@type":"PropertyValueSpecification","valueRequired":true,"valueName":"search_term_string"}}],"inLanguage":"de"},{"@type":"Organization","@id":"https:\/\/www.daisho.be\/de\/#organization","name":"Daisho","url":"https:\/\/www.daisho.be\/de\/","logo":{"@type":"ImageObject","inLanguage":"de","@id":"https:\/\/www.daisho.be\/de\/#\/schema\/logo\/image\/","url":"https:\/\/www.daisho.be\/wp-content\/uploads\/2019\/07\/color-nothing-horizontale4x-e1564486100247.png","contentUrl":"https:\/\/www.daisho.be\/wp-content\/uploads\/2019\/07\/color-nothing-horizontale4x-e1564486100247.png","width":1547,"height":385,"caption":"Daisho"},"image":{"@id":"https:\/\/www.daisho.be\/de\/#\/schema\/logo\/image\/"}}]}},"_links":{"self":[{"href":"https:\/\/www.daisho.be\/de\/wp-json\/wp\/v2\/product\/461019","targetHints":{"allow":["GET"]}}],"collection":[{"href":"https:\/\/www.daisho.be\/de\/wp-json\/wp\/v2\/product"}],"about":[{"href":"https:\/\/www.daisho.be\/de\/wp-json\/wp\/v2\/types\/product"}],"replies":[{"embeddable":true,"href":"https:\/\/www.daisho.be\/de\/wp-json\/wp\/v2\/comments?post=461019"}],"wp:featuredmedia":[{"embeddable":true,"href":"https:\/\/www.daisho.be\/de\/wp-json\/wp\/v2\/media\/461022"}],"wp:attachment":[{"href":"https:\/\/www.daisho.be\/de\/wp-json\/wp\/v2\/media?parent=461019"}],"wp:term":[{"taxonomy":"product_brand","embeddable":true,"href":"https:\/\/www.daisho.be\/de\/wp-json\/wp\/v2\/product_brand?post=461019"},{"taxonomy":"product_cat","embeddable":true,"href":"https:\/\/www.daisho.be\/de\/wp-json\/wp\/v2\/product_cat?post=461019"},{"taxonomy":"product_tag","embeddable":true,"href":"https:\/\/www.daisho.be\/de\/wp-json\/wp\/v2\/product_tag?post=461019"},{"taxonomy":"sport","embeddable":true,"href":"https:\/\/www.daisho.be\/de\/wp-json\/wp\/v2\/sport?post=461019"}],"curies":[{"name":"wp","href":"https:\/\/api.w.org\/{rel}","templated":true}]}}