{"id":461009,"date":"2022-07-22T12:40:22","date_gmt":"2022-07-22T10:40:22","guid":{"rendered":"https:\/\/www.daisho.be\/produit\/zebra-pro-schienbeinschuetzer\/"},"modified":"2026-03-31T14:51:46","modified_gmt":"2026-03-31T12:51:46","slug":"zebra-pro-schienbeinschuetzer","status":"publish","type":"product","link":"https:\/\/www.daisho.be\/de\/produit\/zebra-pro-schienbeinschuetzer\/","title":{"rendered":"ZEBRA PRO Schienbeinsch\u00fctzer"},"content":{"rendered":"<p>PRO Schienbeinsch\u00fctzer aus &#8222;FLX PU&#8220;. Die anatomisch korrekte Vor\u00fcberwachung des mehrschichtigen EVA-Schaums am Schienbein und im Ristbereich in Kombination mit den beiden extra breiten Klettverschl\u00fcssen sorgt f\u00fcr eine sehr gute Passform und einen stabilen Halt. <\/p>\n<p>Die doppelte Polsterung im mittleren Bereich des Schienbeins und des Rists bietet maximale D\u00e4mpfungseigenschaften. Ein zus\u00e4tzlicher Polsterkeil aus Neopren zwischen Schienbein und Rist d\u00e4mpft den Aufprall auch dann, wenn der Fu\u00df w\u00e4hrend des Beinschlags gestreckt wird. Ein hoher Protektor f\u00fcr h\u00f6chste Anspr\u00fcche.  <\/p>\n<p>FLX PU Au\u00dfenmaterial f\u00fcr einfache Reinigung<br \/>\nDoppelte Polsterung an Schienbein und Rist<br \/>\nExtra breiter Klettverschluss f\u00fcr eine sichere Passform<br \/>\nAnatomisch korrekte Kr\u00fcmmung an Schienbein und Rist<\/p>\n","protected":false},"excerpt":{"rendered":"<p>PRO Schienbeinsch\u00fctzer aus &#8222;FLX PU&#8220;. Die anatomisch korrekte Vor\u00fcberwachung des mehrschichtigen EVA-Schaums am Schienbein und im Ristbereich in Kombination mit den beiden extra breiten Klettverschl\u00fcssen sorgt f\u00fcr eine sehr gute Passform und einen stabilen Halt. Die doppelte Polsterung im mittleren Bereich des Schienbeins und des Rists bietet maximale D\u00e4mpfungseigenschaften. Ein zus\u00e4tzlicher Polsterkeil aus Neopren zwischen [&hellip;]<\/p>\n","protected":false},"featured_media":461018,"comment_status":"closed","ping_status":"closed","template":"","meta":{"inline_featured_image":false},"product_brand":[],"product_cat":[2091,2065,2051],"product_tag":[2319],"sport":[],"class_list":{"0":"post-461009","1":"product","2":"type-product","3":"status-publish","4":"has-post-thumbnail","6":"product_cat-mma-schutz","7":"product_cat-muay-thai-protektoren","8":"product_cat-schutz","9":"product_tag-zebra-de","10":"pa_size-l","11":"pa_size-m","12":"pa_size-s","13":"pa_size-xl","14":"pa_size-xs","15":"pa_size-xxl","17":"first","18":"instock","19":"sale","20":"taxable","21":"shipping-taxable","22":"purchasable","23":"product-type-variable"},"yoast_head":"<!-- This site is optimized with the Yoast SEO plugin v27.2 - https:\/\/yoast.com\/product\/yoast-seo-wordpress\/ -->\n<title>ZEBRA PRO Schienbeinsch\u00fctzer &#8211; Daisho<\/title>\n<meta name=\"description\" content=\"ZEBRA PRO Schienbeinsch\u00fctzer : Der beste Schutz f\u00fcr Ihre Beine. Komfort, Haltbarkeit und Stil. Entdecken Sie sie jetzt!\" \/>\n<meta name=\"robots\" content=\"index, follow, max-snippet:-1, max-image-preview:large, max-video-preview:-1\" \/>\n<link rel=\"canonical\" href=\"https:\/\/www.daisho.be\/de\/produit\/zebra-pro-schienbeinschuetzer\/\" \/>\n<meta property=\"og:locale\" content=\"de_DE\" \/>\n<meta property=\"og:type\" content=\"article\" \/>\n<meta property=\"og:title\" content=\"ZEBRA PRO Schienbeinsch\u00fctzer &#8211; Daisho\" \/>\n<meta property=\"og:description\" content=\"ZEBRA PRO Schienbeinsch\u00fctzer : Der beste Schutz f\u00fcr Ihre Beine. Komfort, Haltbarkeit und Stil. Entdecken Sie sie jetzt!\" \/>\n<meta property=\"og:url\" content=\"https:\/\/www.daisho.be\/de\/produit\/zebra-pro-schienbeinschuetzer\/\" \/>\n<meta property=\"og:site_name\" content=\"Daisho\" \/>\n<meta property=\"article:modified_time\" content=\"2026-03-31T12:51:46+00:00\" \/>\n<meta property=\"og:image\" content=\"https:\/\/www.daisho.be\/wp-content\/uploads\/2023\/09\/image-38.jpg\" \/>\n\t<meta property=\"og:image:width\" content=\"510\" \/>\n\t<meta property=\"og:image:height\" content=\"720\" \/>\n\t<meta property=\"og:image:type\" content=\"image\/jpeg\" \/>\n<meta name=\"twitter:card\" content=\"summary_large_image\" \/>\n<meta name=\"twitter:label1\" content=\"Gesch\u00e4tzte Lesezeit\" \/>\n\t<meta name=\"twitter:data1\" content=\"1\u00a0Minute\" \/>\n<script type=\"application\/ld+json\" class=\"yoast-schema-graph\">{\"@context\":\"https:\/\/schema.org\",\"@graph\":[{\"@type\":\"WebPage\",\"@id\":\"https:\/\/www.daisho.be\/de\/produit\/zebra-pro-schienbeinschuetzer\/\",\"url\":\"https:\/\/www.daisho.be\/de\/produit\/zebra-pro-schienbeinschuetzer\/\",\"name\":\"ZEBRA PRO Schienbeinsch\u00fctzer &#8211; Daisho\",\"isPartOf\":{\"@id\":\"https:\/\/www.daisho.be\/de\/#website\"},\"primaryImageOfPage\":{\"@id\":\"https:\/\/www.daisho.be\/de\/produit\/zebra-pro-schienbeinschuetzer\/#primaryimage\"},\"image\":{\"@id\":\"https:\/\/www.daisho.be\/de\/produit\/zebra-pro-schienbeinschuetzer\/#primaryimage\"},\"thumbnailUrl\":\"https:\/\/www.daisho.be\/wp-content\/uploads\/2023\/09\/image-38.jpg\",\"datePublished\":\"2022-07-22T10:40:22+00:00\",\"dateModified\":\"2026-03-31T12:51:46+00:00\",\"description\":\"ZEBRA PRO Schienbeinsch\u00fctzer : Der beste Schutz f\u00fcr Ihre Beine. Komfort, Haltbarkeit und Stil. Entdecken Sie sie jetzt!\",\"breadcrumb\":{\"@id\":\"https:\/\/www.daisho.be\/de\/produit\/zebra-pro-schienbeinschuetzer\/#breadcrumb\"},\"inLanguage\":\"de\",\"potentialAction\":[{\"@type\":\"ReadAction\",\"target\":[\"https:\/\/www.daisho.be\/de\/produit\/zebra-pro-schienbeinschuetzer\/\"]}]},{\"@type\":\"ImageObject\",\"inLanguage\":\"de\",\"@id\":\"https:\/\/www.daisho.be\/de\/produit\/zebra-pro-schienbeinschuetzer\/#primaryimage\",\"url\":\"https:\/\/www.daisho.be\/wp-content\/uploads\/2023\/09\/image-38.jpg\",\"contentUrl\":\"https:\/\/www.daisho.be\/wp-content\/uploads\/2023\/09\/image-38.jpg\",\"width\":510,\"height\":720,\"caption\":\"ZEBRA PRO-1 Schienbeinsch\u00fctzer\"},{\"@type\":\"BreadcrumbList\",\"@id\":\"https:\/\/www.daisho.be\/de\/produit\/zebra-pro-schienbeinschuetzer\/#breadcrumb\",\"itemListElement\":[{\"@type\":\"ListItem\",\"position\":1,\"name\":\"Accueil\",\"item\":\"https:\/\/www.daisho.be\/de\/\"},{\"@type\":\"ListItem\",\"position\":2,\"name\":\"Produkte\",\"item\":\"https:\/\/www.daisho.be\/de\/produkte\/\"},{\"@type\":\"ListItem\",\"position\":3,\"name\":\"Ausr\u00fcstung und Kleidung f\u00fcr Kampfkunst und Kampfsport\",\"item\":\"https:\/\/www.daisho.be\/de\/categorie-produit\/ausrustung-und-kleidung-fur-kampfkunst-und-kampfsport\/\"},{\"@type\":\"ListItem\",\"position\":4,\"name\":\"MMA\",\"item\":\"https:\/\/www.daisho.be\/de\/categorie-produit\/ausrustung-und-kleidung-fur-kampfkunst-und-kampfsport\/mma-de-2\/\"},{\"@type\":\"ListItem\",\"position\":5,\"name\":\"MMA-Schutz\",\"item\":\"https:\/\/www.daisho.be\/de\/categorie-produit\/ausrustung-und-kleidung-fur-kampfkunst-und-kampfsport\/mma-de-2\/mma-schutz\/\"},{\"@type\":\"ListItem\",\"position\":6,\"name\":\"ZEBRA PRO Schienbeinsch\u00fctzer\"}]},{\"@type\":\"WebSite\",\"@id\":\"https:\/\/www.daisho.be\/de\/#website\",\"url\":\"https:\/\/www.daisho.be\/de\/\",\"name\":\"Daisho\",\"description\":\"Sp&eacute;cialiste de l'&eacute;quipement sportif d'arts martiaux\",\"publisher\":{\"@id\":\"https:\/\/www.daisho.be\/de\/#organization\"},\"potentialAction\":[{\"@type\":\"SearchAction\",\"target\":{\"@type\":\"EntryPoint\",\"urlTemplate\":\"https:\/\/www.daisho.be\/de\/?s={search_term_string}\"},\"query-input\":{\"@type\":\"PropertyValueSpecification\",\"valueRequired\":true,\"valueName\":\"search_term_string\"}}],\"inLanguage\":\"de\"},{\"@type\":\"Organization\",\"@id\":\"https:\/\/www.daisho.be\/de\/#organization\",\"name\":\"Daisho\",\"url\":\"https:\/\/www.daisho.be\/de\/\",\"logo\":{\"@type\":\"ImageObject\",\"inLanguage\":\"de\",\"@id\":\"https:\/\/www.daisho.be\/de\/#\/schema\/logo\/image\/\",\"url\":\"https:\/\/www.daisho.be\/wp-content\/uploads\/2019\/07\/color-nothing-horizontale4x-e1564486100247.png\",\"contentUrl\":\"https:\/\/www.daisho.be\/wp-content\/uploads\/2019\/07\/color-nothing-horizontale4x-e1564486100247.png\",\"width\":1547,\"height\":385,\"caption\":\"Daisho\"},\"image\":{\"@id\":\"https:\/\/www.daisho.be\/de\/#\/schema\/logo\/image\/\"}}]}<\/script>\n<!-- \/ Yoast SEO plugin. -->","yoast_head_json":{"title":"ZEBRA PRO Schienbeinsch\u00fctzer &#8211; Daisho","description":"ZEBRA PRO Schienbeinsch\u00fctzer : Der beste Schutz f\u00fcr Ihre Beine. Komfort, Haltbarkeit und Stil. Entdecken Sie sie jetzt!","robots":{"index":"index","follow":"follow","max-snippet":"max-snippet:-1","max-image-preview":"max-image-preview:large","max-video-preview":"max-video-preview:-1"},"canonical":"https:\/\/www.daisho.be\/de\/produit\/zebra-pro-schienbeinschuetzer\/","og_locale":"de_DE","og_type":"article","og_title":"ZEBRA PRO Schienbeinsch\u00fctzer &#8211; Daisho","og_description":"ZEBRA PRO Schienbeinsch\u00fctzer : Der beste Schutz f\u00fcr Ihre Beine. Komfort, Haltbarkeit und Stil. Entdecken Sie sie jetzt!","og_url":"https:\/\/www.daisho.be\/de\/produit\/zebra-pro-schienbeinschuetzer\/","og_site_name":"Daisho","article_modified_time":"2026-03-31T12:51:46+00:00","og_image":[{"width":510,"height":720,"url":"https:\/\/www.daisho.be\/wp-content\/uploads\/2023\/09\/image-38.jpg","type":"image\/jpeg"}],"twitter_card":"summary_large_image","twitter_misc":{"Gesch\u00e4tzte Lesezeit":"1\u00a0Minute"},"schema":{"@context":"https:\/\/schema.org","@graph":[{"@type":"WebPage","@id":"https:\/\/www.daisho.be\/de\/produit\/zebra-pro-schienbeinschuetzer\/","url":"https:\/\/www.daisho.be\/de\/produit\/zebra-pro-schienbeinschuetzer\/","name":"ZEBRA PRO Schienbeinsch\u00fctzer &#8211; Daisho","isPartOf":{"@id":"https:\/\/www.daisho.be\/de\/#website"},"primaryImageOfPage":{"@id":"https:\/\/www.daisho.be\/de\/produit\/zebra-pro-schienbeinschuetzer\/#primaryimage"},"image":{"@id":"https:\/\/www.daisho.be\/de\/produit\/zebra-pro-schienbeinschuetzer\/#primaryimage"},"thumbnailUrl":"https:\/\/www.daisho.be\/wp-content\/uploads\/2023\/09\/image-38.jpg","datePublished":"2022-07-22T10:40:22+00:00","dateModified":"2026-03-31T12:51:46+00:00","description":"ZEBRA PRO Schienbeinsch\u00fctzer : Der beste Schutz f\u00fcr Ihre Beine. Komfort, Haltbarkeit und Stil. Entdecken Sie sie jetzt!","breadcrumb":{"@id":"https:\/\/www.daisho.be\/de\/produit\/zebra-pro-schienbeinschuetzer\/#breadcrumb"},"inLanguage":"de","potentialAction":[{"@type":"ReadAction","target":["https:\/\/www.daisho.be\/de\/produit\/zebra-pro-schienbeinschuetzer\/"]}]},{"@type":"ImageObject","inLanguage":"de","@id":"https:\/\/www.daisho.be\/de\/produit\/zebra-pro-schienbeinschuetzer\/#primaryimage","url":"https:\/\/www.daisho.be\/wp-content\/uploads\/2023\/09\/image-38.jpg","contentUrl":"https:\/\/www.daisho.be\/wp-content\/uploads\/2023\/09\/image-38.jpg","width":510,"height":720,"caption":"ZEBRA PRO-1 Schienbeinsch\u00fctzer"},{"@type":"BreadcrumbList","@id":"https:\/\/www.daisho.be\/de\/produit\/zebra-pro-schienbeinschuetzer\/#breadcrumb","itemListElement":[{"@type":"ListItem","position":1,"name":"Accueil","item":"https:\/\/www.daisho.be\/de\/"},{"@type":"ListItem","position":2,"name":"Produkte","item":"https:\/\/www.daisho.be\/de\/produkte\/"},{"@type":"ListItem","position":3,"name":"Ausr\u00fcstung und Kleidung f\u00fcr Kampfkunst und Kampfsport","item":"https:\/\/www.daisho.be\/de\/categorie-produit\/ausrustung-und-kleidung-fur-kampfkunst-und-kampfsport\/"},{"@type":"ListItem","position":4,"name":"MMA","item":"https:\/\/www.daisho.be\/de\/categorie-produit\/ausrustung-und-kleidung-fur-kampfkunst-und-kampfsport\/mma-de-2\/"},{"@type":"ListItem","position":5,"name":"MMA-Schutz","item":"https:\/\/www.daisho.be\/de\/categorie-produit\/ausrustung-und-kleidung-fur-kampfkunst-und-kampfsport\/mma-de-2\/mma-schutz\/"},{"@type":"ListItem","position":6,"name":"ZEBRA PRO Schienbeinsch\u00fctzer"}]},{"@type":"WebSite","@id":"https:\/\/www.daisho.be\/de\/#website","url":"https:\/\/www.daisho.be\/de\/","name":"Daisho","description":"Sp&eacute;cialiste de l'&eacute;quipement sportif d'arts martiaux","publisher":{"@id":"https:\/\/www.daisho.be\/de\/#organization"},"potentialAction":[{"@type":"SearchAction","target":{"@type":"EntryPoint","urlTemplate":"https:\/\/www.daisho.be\/de\/?s={search_term_string}"},"query-input":{"@type":"PropertyValueSpecification","valueRequired":true,"valueName":"search_term_string"}}],"inLanguage":"de"},{"@type":"Organization","@id":"https:\/\/www.daisho.be\/de\/#organization","name":"Daisho","url":"https:\/\/www.daisho.be\/de\/","logo":{"@type":"ImageObject","inLanguage":"de","@id":"https:\/\/www.daisho.be\/de\/#\/schema\/logo\/image\/","url":"https:\/\/www.daisho.be\/wp-content\/uploads\/2019\/07\/color-nothing-horizontale4x-e1564486100247.png","contentUrl":"https:\/\/www.daisho.be\/wp-content\/uploads\/2019\/07\/color-nothing-horizontale4x-e1564486100247.png","width":1547,"height":385,"caption":"Daisho"},"image":{"@id":"https:\/\/www.daisho.be\/de\/#\/schema\/logo\/image\/"}}]}},"_links":{"self":[{"href":"https:\/\/www.daisho.be\/de\/wp-json\/wp\/v2\/product\/461009","targetHints":{"allow":["GET"]}}],"collection":[{"href":"https:\/\/www.daisho.be\/de\/wp-json\/wp\/v2\/product"}],"about":[{"href":"https:\/\/www.daisho.be\/de\/wp-json\/wp\/v2\/types\/product"}],"replies":[{"embeddable":true,"href":"https:\/\/www.daisho.be\/de\/wp-json\/wp\/v2\/comments?post=461009"}],"wp:featuredmedia":[{"embeddable":true,"href":"https:\/\/www.daisho.be\/de\/wp-json\/wp\/v2\/media\/461018"}],"wp:attachment":[{"href":"https:\/\/www.daisho.be\/de\/wp-json\/wp\/v2\/media?parent=461009"}],"wp:term":[{"taxonomy":"product_brand","embeddable":true,"href":"https:\/\/www.daisho.be\/de\/wp-json\/wp\/v2\/product_brand?post=461009"},{"taxonomy":"product_cat","embeddable":true,"href":"https:\/\/www.daisho.be\/de\/wp-json\/wp\/v2\/product_cat?post=461009"},{"taxonomy":"product_tag","embeddable":true,"href":"https:\/\/www.daisho.be\/de\/wp-json\/wp\/v2\/product_tag?post=461009"},{"taxonomy":"sport","embeddable":true,"href":"https:\/\/www.daisho.be\/de\/wp-json\/wp\/v2\/sport?post=461009"}],"curies":[{"name":"wp","href":"https:\/\/api.w.org\/{rel}","templated":true}]}}