{"id":460974,"date":"2022-08-08T09:31:08","date_gmt":"2022-08-08T07:31:08","guid":{"rendered":"https:\/\/www.daisho.be\/produit\/orientalischer-balsam-100ml-prestoglas\/"},"modified":"2022-08-08T09:31:08","modified_gmt":"2022-08-08T07:31:08","slug":"orientalischer-balsam-100ml-prestoglas","status":"publish","type":"product","link":"https:\/\/www.daisho.be\/de\/produit\/orientalischer-balsam-100ml-prestoglas\/","title":{"rendered":"Orientalischer Balsam 100ml PRESTOGLAS"},"content":{"rendered":"<p>Der kleine Bruder des Thai-Balsams enth\u00e4lt weniger konzentrierte \u00e4therische \u00d6le, aber die gleichen Bestandteile, so dass Sie eine umfassendere Massage durchf\u00fchren k\u00f6nnen.<br \/>\nEbenso wirksam zur Vorbereitung der Muskeln auf die Anstrengung wie auch zur Linderung der Beschwerden.<br \/>\nEin unentbehrliches Allroundtalent in Ihrem Pflegeset.<\/p>\n","protected":false},"excerpt":{"rendered":"<p>Der kleine Bruder des Thai-Balsams enth\u00e4lt weniger konzentrierte \u00e4therische \u00d6le, aber die gleichen Bestandteile, so dass Sie eine umfassendere Massage durchf\u00fchren k\u00f6nnen. Ebenso wirksam zur Vorbereitung der Muskeln auf die Anstrengung wie auch zur Linderung der Beschwerden. Ein unentbehrliches Allroundtalent in Ihrem Pflegeset.<\/p>\n","protected":false},"featured_media":460975,"comment_status":"open","ping_status":"closed","template":"","meta":{"inline_featured_image":false},"product_brand":[],"product_cat":[2088,2210,2169],"product_tag":[2322],"sport":[],"class_list":{"0":"post-460974","1":"product","2":"type-product","3":"status-publish","4":"has-post-thumbnail","6":"product_cat-cremes-de","7":"product_cat-massage-therapie","8":"product_cat-pflege","9":"product_tag-prestoglas-de","10":"pa_size-sans-taille-defaut","12":"first","13":"instock","14":"taxable","15":"shipping-taxable","16":"purchasable","17":"product-type-simple"},"yoast_head":"<!-- This site is optimized with the Yoast SEO plugin v27.2 - https:\/\/yoast.com\/product\/yoast-seo-wordpress\/ -->\n<title>Orientalischer Balsam 100ml PRESTOGLAS &#8211; Daisho<\/title>\n<meta name=\"robots\" content=\"index, follow, max-snippet:-1, max-image-preview:large, max-video-preview:-1\" \/>\n<link rel=\"canonical\" href=\"https:\/\/www.daisho.be\/de\/produit\/orientalischer-balsam-100ml-prestoglas\/\" \/>\n<meta property=\"og:locale\" content=\"de_DE\" \/>\n<meta property=\"og:type\" content=\"article\" \/>\n<meta property=\"og:title\" content=\"Orientalischer Balsam 100ml PRESTOGLAS &#8211; Daisho\" \/>\n<meta property=\"og:description\" content=\"Der kleine Bruder des Thai-Balsams enth\u00e4lt weniger konzentrierte \u00e4therische \u00d6le, aber die gleichen Bestandteile, so dass Sie eine umfassendere Massage durchf\u00fchren k\u00f6nnen. Ebenso wirksam zur Vorbereitung der Muskeln auf die Anstrengung wie auch zur Linderung der Beschwerden. Ein unentbehrliches Allroundtalent in Ihrem Pflegeset.\" \/>\n<meta property=\"og:url\" content=\"https:\/\/www.daisho.be\/de\/produit\/orientalischer-balsam-100ml-prestoglas\/\" \/>\n<meta property=\"og:site_name\" content=\"Daisho\" \/>\n<meta property=\"og:image\" content=\"https:\/\/www.daisho.be\/wp-content\/uploads\/2023\/08\/image.png\" \/>\n\t<meta property=\"og:image:width\" content=\"1200\" \/>\n\t<meta property=\"og:image:height\" content=\"1200\" \/>\n\t<meta property=\"og:image:type\" content=\"image\/png\" \/>\n<meta name=\"twitter:card\" content=\"summary_large_image\" \/>\n<script type=\"application\/ld+json\" class=\"yoast-schema-graph\">{\"@context\":\"https:\/\/schema.org\",\"@graph\":[{\"@type\":\"WebPage\",\"@id\":\"https:\/\/www.daisho.be\/de\/produit\/orientalischer-balsam-100ml-prestoglas\/\",\"url\":\"https:\/\/www.daisho.be\/de\/produit\/orientalischer-balsam-100ml-prestoglas\/\",\"name\":\"Orientalischer Balsam 100ml PRESTOGLAS &#8211; Daisho\",\"isPartOf\":{\"@id\":\"https:\/\/www.daisho.be\/de\/#website\"},\"primaryImageOfPage\":{\"@id\":\"https:\/\/www.daisho.be\/de\/produit\/orientalischer-balsam-100ml-prestoglas\/#primaryimage\"},\"image\":{\"@id\":\"https:\/\/www.daisho.be\/de\/produit\/orientalischer-balsam-100ml-prestoglas\/#primaryimage\"},\"thumbnailUrl\":\"https:\/\/www.daisho.be\/wp-content\/uploads\/2023\/08\/image.png\",\"datePublished\":\"2022-08-08T07:31:08+00:00\",\"breadcrumb\":{\"@id\":\"https:\/\/www.daisho.be\/de\/produit\/orientalischer-balsam-100ml-prestoglas\/#breadcrumb\"},\"inLanguage\":\"de\",\"potentialAction\":[{\"@type\":\"ReadAction\",\"target\":[\"https:\/\/www.daisho.be\/de\/produit\/orientalischer-balsam-100ml-prestoglas\/\"]}]},{\"@type\":\"ImageObject\",\"inLanguage\":\"de\",\"@id\":\"https:\/\/www.daisho.be\/de\/produit\/orientalischer-balsam-100ml-prestoglas\/#primaryimage\",\"url\":\"https:\/\/www.daisho.be\/wp-content\/uploads\/2023\/08\/image.png\",\"contentUrl\":\"https:\/\/www.daisho.be\/wp-content\/uploads\/2023\/08\/image.png\",\"width\":1200,\"height\":1200},{\"@type\":\"BreadcrumbList\",\"@id\":\"https:\/\/www.daisho.be\/de\/produit\/orientalischer-balsam-100ml-prestoglas\/#breadcrumb\",\"itemListElement\":[{\"@type\":\"ListItem\",\"position\":1,\"name\":\"Accueil\",\"item\":\"https:\/\/www.daisho.be\/de\/\"},{\"@type\":\"ListItem\",\"position\":2,\"name\":\"Produkte\",\"item\":\"https:\/\/www.daisho.be\/de\/produkte\/\"},{\"@type\":\"ListItem\",\"position\":3,\"name\":\"Sportlerpflege\",\"item\":\"https:\/\/www.daisho.be\/de\/categorie-produit\/sportlerpflege\/\"},{\"@type\":\"ListItem\",\"position\":4,\"name\":\"Cremes\",\"item\":\"https:\/\/www.daisho.be\/de\/categorie-produit\/sportlerpflege\/cremes-de\/\"},{\"@type\":\"ListItem\",\"position\":5,\"name\":\"Orientalischer Balsam 100ml PRESTOGLAS\"}]},{\"@type\":\"WebSite\",\"@id\":\"https:\/\/www.daisho.be\/de\/#website\",\"url\":\"https:\/\/www.daisho.be\/de\/\",\"name\":\"Daisho\",\"description\":\"Sp&eacute;cialiste de l'&eacute;quipement sportif d'arts martiaux\",\"publisher\":{\"@id\":\"https:\/\/www.daisho.be\/de\/#organization\"},\"potentialAction\":[{\"@type\":\"SearchAction\",\"target\":{\"@type\":\"EntryPoint\",\"urlTemplate\":\"https:\/\/www.daisho.be\/de\/?s={search_term_string}\"},\"query-input\":{\"@type\":\"PropertyValueSpecification\",\"valueRequired\":true,\"valueName\":\"search_term_string\"}}],\"inLanguage\":\"de\"},{\"@type\":\"Organization\",\"@id\":\"https:\/\/www.daisho.be\/de\/#organization\",\"name\":\"Daisho\",\"url\":\"https:\/\/www.daisho.be\/de\/\",\"logo\":{\"@type\":\"ImageObject\",\"inLanguage\":\"de\",\"@id\":\"https:\/\/www.daisho.be\/de\/#\/schema\/logo\/image\/\",\"url\":\"https:\/\/www.daisho.be\/wp-content\/uploads\/2019\/07\/color-nothing-horizontale4x-e1564486100247.png\",\"contentUrl\":\"https:\/\/www.daisho.be\/wp-content\/uploads\/2019\/07\/color-nothing-horizontale4x-e1564486100247.png\",\"width\":1547,\"height\":385,\"caption\":\"Daisho\"},\"image\":{\"@id\":\"https:\/\/www.daisho.be\/de\/#\/schema\/logo\/image\/\"}}]}<\/script>\n<!-- \/ Yoast SEO plugin. -->","yoast_head_json":{"title":"Orientalischer Balsam 100ml PRESTOGLAS &#8211; Daisho","robots":{"index":"index","follow":"follow","max-snippet":"max-snippet:-1","max-image-preview":"max-image-preview:large","max-video-preview":"max-video-preview:-1"},"canonical":"https:\/\/www.daisho.be\/de\/produit\/orientalischer-balsam-100ml-prestoglas\/","og_locale":"de_DE","og_type":"article","og_title":"Orientalischer Balsam 100ml PRESTOGLAS &#8211; Daisho","og_description":"Der kleine Bruder des Thai-Balsams enth\u00e4lt weniger konzentrierte \u00e4therische \u00d6le, aber die gleichen Bestandteile, so dass Sie eine umfassendere Massage durchf\u00fchren k\u00f6nnen. Ebenso wirksam zur Vorbereitung der Muskeln auf die Anstrengung wie auch zur Linderung der Beschwerden. Ein unentbehrliches Allroundtalent in Ihrem Pflegeset.","og_url":"https:\/\/www.daisho.be\/de\/produit\/orientalischer-balsam-100ml-prestoglas\/","og_site_name":"Daisho","og_image":[{"width":1200,"height":1200,"url":"https:\/\/www.daisho.be\/wp-content\/uploads\/2023\/08\/image.png","type":"image\/png"}],"twitter_card":"summary_large_image","schema":{"@context":"https:\/\/schema.org","@graph":[{"@type":"WebPage","@id":"https:\/\/www.daisho.be\/de\/produit\/orientalischer-balsam-100ml-prestoglas\/","url":"https:\/\/www.daisho.be\/de\/produit\/orientalischer-balsam-100ml-prestoglas\/","name":"Orientalischer Balsam 100ml PRESTOGLAS &#8211; Daisho","isPartOf":{"@id":"https:\/\/www.daisho.be\/de\/#website"},"primaryImageOfPage":{"@id":"https:\/\/www.daisho.be\/de\/produit\/orientalischer-balsam-100ml-prestoglas\/#primaryimage"},"image":{"@id":"https:\/\/www.daisho.be\/de\/produit\/orientalischer-balsam-100ml-prestoglas\/#primaryimage"},"thumbnailUrl":"https:\/\/www.daisho.be\/wp-content\/uploads\/2023\/08\/image.png","datePublished":"2022-08-08T07:31:08+00:00","breadcrumb":{"@id":"https:\/\/www.daisho.be\/de\/produit\/orientalischer-balsam-100ml-prestoglas\/#breadcrumb"},"inLanguage":"de","potentialAction":[{"@type":"ReadAction","target":["https:\/\/www.daisho.be\/de\/produit\/orientalischer-balsam-100ml-prestoglas\/"]}]},{"@type":"ImageObject","inLanguage":"de","@id":"https:\/\/www.daisho.be\/de\/produit\/orientalischer-balsam-100ml-prestoglas\/#primaryimage","url":"https:\/\/www.daisho.be\/wp-content\/uploads\/2023\/08\/image.png","contentUrl":"https:\/\/www.daisho.be\/wp-content\/uploads\/2023\/08\/image.png","width":1200,"height":1200},{"@type":"BreadcrumbList","@id":"https:\/\/www.daisho.be\/de\/produit\/orientalischer-balsam-100ml-prestoglas\/#breadcrumb","itemListElement":[{"@type":"ListItem","position":1,"name":"Accueil","item":"https:\/\/www.daisho.be\/de\/"},{"@type":"ListItem","position":2,"name":"Produkte","item":"https:\/\/www.daisho.be\/de\/produkte\/"},{"@type":"ListItem","position":3,"name":"Sportlerpflege","item":"https:\/\/www.daisho.be\/de\/categorie-produit\/sportlerpflege\/"},{"@type":"ListItem","position":4,"name":"Cremes","item":"https:\/\/www.daisho.be\/de\/categorie-produit\/sportlerpflege\/cremes-de\/"},{"@type":"ListItem","position":5,"name":"Orientalischer Balsam 100ml PRESTOGLAS"}]},{"@type":"WebSite","@id":"https:\/\/www.daisho.be\/de\/#website","url":"https:\/\/www.daisho.be\/de\/","name":"Daisho","description":"Sp&eacute;cialiste de l'&eacute;quipement sportif d'arts martiaux","publisher":{"@id":"https:\/\/www.daisho.be\/de\/#organization"},"potentialAction":[{"@type":"SearchAction","target":{"@type":"EntryPoint","urlTemplate":"https:\/\/www.daisho.be\/de\/?s={search_term_string}"},"query-input":{"@type":"PropertyValueSpecification","valueRequired":true,"valueName":"search_term_string"}}],"inLanguage":"de"},{"@type":"Organization","@id":"https:\/\/www.daisho.be\/de\/#organization","name":"Daisho","url":"https:\/\/www.daisho.be\/de\/","logo":{"@type":"ImageObject","inLanguage":"de","@id":"https:\/\/www.daisho.be\/de\/#\/schema\/logo\/image\/","url":"https:\/\/www.daisho.be\/wp-content\/uploads\/2019\/07\/color-nothing-horizontale4x-e1564486100247.png","contentUrl":"https:\/\/www.daisho.be\/wp-content\/uploads\/2019\/07\/color-nothing-horizontale4x-e1564486100247.png","width":1547,"height":385,"caption":"Daisho"},"image":{"@id":"https:\/\/www.daisho.be\/de\/#\/schema\/logo\/image\/"}}]}},"_links":{"self":[{"href":"https:\/\/www.daisho.be\/de\/wp-json\/wp\/v2\/product\/460974","targetHints":{"allow":["GET"]}}],"collection":[{"href":"https:\/\/www.daisho.be\/de\/wp-json\/wp\/v2\/product"}],"about":[{"href":"https:\/\/www.daisho.be\/de\/wp-json\/wp\/v2\/types\/product"}],"replies":[{"embeddable":true,"href":"https:\/\/www.daisho.be\/de\/wp-json\/wp\/v2\/comments?post=460974"}],"wp:featuredmedia":[{"embeddable":true,"href":"https:\/\/www.daisho.be\/de\/wp-json\/wp\/v2\/media\/460975"}],"wp:attachment":[{"href":"https:\/\/www.daisho.be\/de\/wp-json\/wp\/v2\/media?parent=460974"}],"wp:term":[{"taxonomy":"product_brand","embeddable":true,"href":"https:\/\/www.daisho.be\/de\/wp-json\/wp\/v2\/product_brand?post=460974"},{"taxonomy":"product_cat","embeddable":true,"href":"https:\/\/www.daisho.be\/de\/wp-json\/wp\/v2\/product_cat?post=460974"},{"taxonomy":"product_tag","embeddable":true,"href":"https:\/\/www.daisho.be\/de\/wp-json\/wp\/v2\/product_tag?post=460974"},{"taxonomy":"sport","embeddable":true,"href":"https:\/\/www.daisho.be\/de\/wp-json\/wp\/v2\/sport?post=460974"}],"curies":[{"name":"wp","href":"https:\/\/api.w.org\/{rel}","templated":true}]}}