{"id":460893,"date":"2024-02-01T18:03:36","date_gmt":"2024-02-01T17:03:36","guid":{"rendered":"https:\/\/www.daisho.be\/produit\/stock-bo-aus-buche-langer-stock\/"},"modified":"2025-10-09T14:21:08","modified_gmt":"2025-10-09T12:21:08","slug":"stock-bo-aus-buche-langer-stock","status":"publish","type":"product","link":"https:\/\/www.daisho.be\/de\/produit\/stock-bo-aus-buche-langer-stock\/","title":{"rendered":"Stock Bo aus Buche | Langer Stock"},"content":{"rendered":"<p>Der Bo-Stock ist aus Buchenholz und wird in \u00d6sterreich hergestellt. Die direkte und individuelle Produktion garantiert eine gleichbleibende Premiumqualit\u00e4t dieser St\u00f6cke.<x id=\"gid_0\"><\/x>Er ist ge\u00f6lt, geschliffen und an den Enden abgerundet. Durch diese Verarbeitung liegt dieser Bo-Stock f\u00fcr das Langwaffentraining besonders gut in der Hand.<br \/>\nDieser Bo eignet sich sehr gut f\u00fcr Kobudo und Bo-Jutsu und zeichnet sich durch eine gute Haltbarkeit aus.<br \/>\nDer Langstock hat eine traditionelle L\u00e4nge von ca. 182 cm und einen Durchmesser von ca. 3 cm.<br \/>\nDer stabile Bo-Stock besteht aus r\u00f6tlichem Buchenholz und wiegt etwa 950 bis 1000 Gramm.<br \/>\nBuchenholz ist ein stabiles Hartholz, das sich besonders gut f\u00fcr St\u00f6cke eignet.<br \/>\nF\u00fcr Bo-St\u00f6cke wird ein Sperrgutzuschlag erhoben.  <\/p>\n<p>Produktmerkmale:<br \/>\nMaterial: Buche<br \/>\nL\u00e4nge: ca. 182 cm<br \/>\nDurchmesser: ca. 3 cm<br \/>\nGewicht: ca. 950 &#8211; 1000 Gramm<br \/>\nge\u00f6lt<br \/>\nHergestellt in \u00d6sterreich<\/p>\n","protected":false},"excerpt":{"rendered":"<p>Der Bo-Stock ist aus Buchenholz und wird in \u00d6sterreich hergestellt. Die direkte und individuelle Produktion garantiert eine gleichbleibende Premiumqualit\u00e4t dieser St\u00f6cke.Er ist ge\u00f6lt, geschliffen und an den Enden abgerundet. Durch diese Verarbeitung liegt dieser Bo-Stock f\u00fcr das Langwaffentraining besonders gut in der Hand. Dieser Bo eignet sich sehr gut f\u00fcr Kobudo und Bo-Jutsu und zeichnet [&hellip;]<\/p>\n","protected":false},"featured_media":460895,"comment_status":"open","ping_status":"closed","template":"","meta":{"inline_featured_image":false},"product_brand":[],"product_cat":[2115,2120,2121],"product_tag":[2158],"sport":[],"class_list":{"0":"post-460893","1":"product","2":"type-product","3":"status-publish","4":"has-post-thumbnail","6":"product_cat-waffen","7":"product_cat-waffen-fur-aikido","8":"product_cat-waffen-fur-kendo-und-iaido","9":"product_tag-s-b-j-de","10":"product_shipping_class-grose-produkte","12":"first","13":"instock","14":"taxable","15":"shipping-taxable","16":"purchasable","17":"product-type-simple"},"yoast_head":"<!-- This site is optimized with the Yoast SEO plugin v27.2 - https:\/\/yoast.com\/product\/yoast-seo-wordpress\/ -->\n<title>Stock Bo aus Buche | Langer Stock &#8211; Daisho<\/title>\n<meta name=\"description\" content=\"Entdecken Sie den Buchenholzstock, der f\u00fcr das Training mit Langwaffen entwickelt wurde. Er bietet Ihnen Qualit\u00e4t und Haltbarkeit. Sie finden ihn unter www.daihso.be|Daisho.\" \/>\n<meta name=\"robots\" content=\"index, follow, max-snippet:-1, max-image-preview:large, max-video-preview:-1\" \/>\n<link rel=\"canonical\" href=\"https:\/\/www.daisho.be\/de\/produit\/stock-bo-aus-buche-langer-stock\/\" \/>\n<meta property=\"og:locale\" content=\"de_DE\" \/>\n<meta property=\"og:type\" content=\"article\" \/>\n<meta property=\"og:title\" content=\"Stock Bo aus Buche | Langer Stock &#8211; Daisho\" \/>\n<meta property=\"og:description\" content=\"Entdecken Sie den Buchenholzstock, der f\u00fcr das Training mit Langwaffen entwickelt wurde. Er bietet Ihnen Qualit\u00e4t und Haltbarkeit. Sie finden ihn unter www.daihso.be|Daisho.\" \/>\n<meta property=\"og:url\" content=\"https:\/\/www.daisho.be\/de\/produit\/stock-bo-aus-buche-langer-stock\/\" \/>\n<meta property=\"og:site_name\" content=\"Daisho\" \/>\n<meta property=\"article:modified_time\" content=\"2025-10-09T12:21:08+00:00\" \/>\n<meta property=\"og:image\" content=\"https:\/\/www.daisho.be\/wp-content\/uploads\/2024\/02\/image-3.jpg\" \/>\n\t<meta property=\"og:image:width\" content=\"1200\" \/>\n\t<meta property=\"og:image:height\" content=\"800\" \/>\n\t<meta property=\"og:image:type\" content=\"image\/jpeg\" \/>\n<meta name=\"twitter:card\" content=\"summary_large_image\" \/>\n<meta name=\"twitter:label1\" content=\"Gesch\u00e4tzte Lesezeit\" \/>\n\t<meta name=\"twitter:data1\" content=\"1\u00a0Minute\" \/>\n<script type=\"application\/ld+json\" class=\"yoast-schema-graph\">{\"@context\":\"https:\/\/schema.org\",\"@graph\":[{\"@type\":\"WebPage\",\"@id\":\"https:\/\/www.daisho.be\/de\/produit\/stock-bo-aus-buche-langer-stock\/\",\"url\":\"https:\/\/www.daisho.be\/de\/produit\/stock-bo-aus-buche-langer-stock\/\",\"name\":\"Stock Bo aus Buche | Langer Stock &#8211; Daisho\",\"isPartOf\":{\"@id\":\"https:\/\/www.daisho.be\/de\/#website\"},\"primaryImageOfPage\":{\"@id\":\"https:\/\/www.daisho.be\/de\/produit\/stock-bo-aus-buche-langer-stock\/#primaryimage\"},\"image\":{\"@id\":\"https:\/\/www.daisho.be\/de\/produit\/stock-bo-aus-buche-langer-stock\/#primaryimage\"},\"thumbnailUrl\":\"https:\/\/www.daisho.be\/wp-content\/uploads\/2024\/02\/image-3.jpg\",\"datePublished\":\"2024-02-01T17:03:36+00:00\",\"dateModified\":\"2025-10-09T12:21:08+00:00\",\"description\":\"Entdecken Sie den Buchenholzstock, der f\u00fcr das Training mit Langwaffen entwickelt wurde. Er bietet Ihnen Qualit\u00e4t und Haltbarkeit. Sie finden ihn unter www.daihso.be|Daisho.\",\"breadcrumb\":{\"@id\":\"https:\/\/www.daisho.be\/de\/produit\/stock-bo-aus-buche-langer-stock\/#breadcrumb\"},\"inLanguage\":\"de\",\"potentialAction\":[{\"@type\":\"ReadAction\",\"target\":[\"https:\/\/www.daisho.be\/de\/produit\/stock-bo-aus-buche-langer-stock\/\"]}]},{\"@type\":\"ImageObject\",\"inLanguage\":\"de\",\"@id\":\"https:\/\/www.daisho.be\/de\/produit\/stock-bo-aus-buche-langer-stock\/#primaryimage\",\"url\":\"https:\/\/www.daisho.be\/wp-content\/uploads\/2024\/02\/image-3.jpg\",\"contentUrl\":\"https:\/\/www.daisho.be\/wp-content\/uploads\/2024\/02\/image-3.jpg\",\"width\":1200,\"height\":800,\"caption\":\"Stock Bo aus Buche | Stock lang-1\"},{\"@type\":\"BreadcrumbList\",\"@id\":\"https:\/\/www.daisho.be\/de\/produit\/stock-bo-aus-buche-langer-stock\/#breadcrumb\",\"itemListElement\":[{\"@type\":\"ListItem\",\"position\":1,\"name\":\"Accueil\",\"item\":\"https:\/\/www.daisho.be\/de\/\"},{\"@type\":\"ListItem\",\"position\":2,\"name\":\"Produkte\",\"item\":\"https:\/\/www.daisho.be\/de\/produkte\/\"},{\"@type\":\"ListItem\",\"position\":3,\"name\":\"Ausr\u00fcstung und Kleidung f\u00fcr Kampfkunst und Kampfsport\",\"item\":\"https:\/\/www.daisho.be\/de\/categorie-produit\/ausrustung-und-kleidung-fur-kampfkunst-und-kampfsport\/\"},{\"@type\":\"ListItem\",\"position\":4,\"name\":\"A\u00efkido\",\"item\":\"https:\/\/www.daisho.be\/de\/categorie-produit\/ausrustung-und-kleidung-fur-kampfkunst-und-kampfsport\/aikido-de\/\"},{\"@type\":\"ListItem\",\"position\":5,\"name\":\"Waffen f\u00fcr Aikido\",\"item\":\"https:\/\/www.daisho.be\/de\/categorie-produit\/ausrustung-und-kleidung-fur-kampfkunst-und-kampfsport\/aikido-de\/waffen-fur-aikido\/\"},{\"@type\":\"ListItem\",\"position\":6,\"name\":\"Stock Bo aus Buche | Langer Stock\"}]},{\"@type\":\"WebSite\",\"@id\":\"https:\/\/www.daisho.be\/de\/#website\",\"url\":\"https:\/\/www.daisho.be\/de\/\",\"name\":\"Daisho\",\"description\":\"Sp&eacute;cialiste de l'&eacute;quipement sportif d'arts martiaux\",\"publisher\":{\"@id\":\"https:\/\/www.daisho.be\/de\/#organization\"},\"potentialAction\":[{\"@type\":\"SearchAction\",\"target\":{\"@type\":\"EntryPoint\",\"urlTemplate\":\"https:\/\/www.daisho.be\/de\/?s={search_term_string}\"},\"query-input\":{\"@type\":\"PropertyValueSpecification\",\"valueRequired\":true,\"valueName\":\"search_term_string\"}}],\"inLanguage\":\"de\"},{\"@type\":\"Organization\",\"@id\":\"https:\/\/www.daisho.be\/de\/#organization\",\"name\":\"Daisho\",\"url\":\"https:\/\/www.daisho.be\/de\/\",\"logo\":{\"@type\":\"ImageObject\",\"inLanguage\":\"de\",\"@id\":\"https:\/\/www.daisho.be\/de\/#\/schema\/logo\/image\/\",\"url\":\"https:\/\/www.daisho.be\/wp-content\/uploads\/2019\/07\/color-nothing-horizontale4x-e1564486100247.png\",\"contentUrl\":\"https:\/\/www.daisho.be\/wp-content\/uploads\/2019\/07\/color-nothing-horizontale4x-e1564486100247.png\",\"width\":1547,\"height\":385,\"caption\":\"Daisho\"},\"image\":{\"@id\":\"https:\/\/www.daisho.be\/de\/#\/schema\/logo\/image\/\"}}]}<\/script>\n<!-- \/ Yoast SEO plugin. -->","yoast_head_json":{"title":"Stock Bo aus Buche | Langer Stock &#8211; Daisho","description":"Entdecken Sie den Buchenholzstock, der f\u00fcr das Training mit Langwaffen entwickelt wurde. Er bietet Ihnen Qualit\u00e4t und Haltbarkeit. Sie finden ihn unter www.daihso.be|Daisho.","robots":{"index":"index","follow":"follow","max-snippet":"max-snippet:-1","max-image-preview":"max-image-preview:large","max-video-preview":"max-video-preview:-1"},"canonical":"https:\/\/www.daisho.be\/de\/produit\/stock-bo-aus-buche-langer-stock\/","og_locale":"de_DE","og_type":"article","og_title":"Stock Bo aus Buche | Langer Stock &#8211; Daisho","og_description":"Entdecken Sie den Buchenholzstock, der f\u00fcr das Training mit Langwaffen entwickelt wurde. Er bietet Ihnen Qualit\u00e4t und Haltbarkeit. Sie finden ihn unter www.daihso.be|Daisho.","og_url":"https:\/\/www.daisho.be\/de\/produit\/stock-bo-aus-buche-langer-stock\/","og_site_name":"Daisho","article_modified_time":"2025-10-09T12:21:08+00:00","og_image":[{"width":1200,"height":800,"url":"https:\/\/www.daisho.be\/wp-content\/uploads\/2024\/02\/image-3.jpg","type":"image\/jpeg"}],"twitter_card":"summary_large_image","twitter_misc":{"Gesch\u00e4tzte Lesezeit":"1\u00a0Minute"},"schema":{"@context":"https:\/\/schema.org","@graph":[{"@type":"WebPage","@id":"https:\/\/www.daisho.be\/de\/produit\/stock-bo-aus-buche-langer-stock\/","url":"https:\/\/www.daisho.be\/de\/produit\/stock-bo-aus-buche-langer-stock\/","name":"Stock Bo aus Buche | Langer Stock &#8211; Daisho","isPartOf":{"@id":"https:\/\/www.daisho.be\/de\/#website"},"primaryImageOfPage":{"@id":"https:\/\/www.daisho.be\/de\/produit\/stock-bo-aus-buche-langer-stock\/#primaryimage"},"image":{"@id":"https:\/\/www.daisho.be\/de\/produit\/stock-bo-aus-buche-langer-stock\/#primaryimage"},"thumbnailUrl":"https:\/\/www.daisho.be\/wp-content\/uploads\/2024\/02\/image-3.jpg","datePublished":"2024-02-01T17:03:36+00:00","dateModified":"2025-10-09T12:21:08+00:00","description":"Entdecken Sie den Buchenholzstock, der f\u00fcr das Training mit Langwaffen entwickelt wurde. Er bietet Ihnen Qualit\u00e4t und Haltbarkeit. Sie finden ihn unter www.daihso.be|Daisho.","breadcrumb":{"@id":"https:\/\/www.daisho.be\/de\/produit\/stock-bo-aus-buche-langer-stock\/#breadcrumb"},"inLanguage":"de","potentialAction":[{"@type":"ReadAction","target":["https:\/\/www.daisho.be\/de\/produit\/stock-bo-aus-buche-langer-stock\/"]}]},{"@type":"ImageObject","inLanguage":"de","@id":"https:\/\/www.daisho.be\/de\/produit\/stock-bo-aus-buche-langer-stock\/#primaryimage","url":"https:\/\/www.daisho.be\/wp-content\/uploads\/2024\/02\/image-3.jpg","contentUrl":"https:\/\/www.daisho.be\/wp-content\/uploads\/2024\/02\/image-3.jpg","width":1200,"height":800,"caption":"Stock Bo aus Buche | Stock lang-1"},{"@type":"BreadcrumbList","@id":"https:\/\/www.daisho.be\/de\/produit\/stock-bo-aus-buche-langer-stock\/#breadcrumb","itemListElement":[{"@type":"ListItem","position":1,"name":"Accueil","item":"https:\/\/www.daisho.be\/de\/"},{"@type":"ListItem","position":2,"name":"Produkte","item":"https:\/\/www.daisho.be\/de\/produkte\/"},{"@type":"ListItem","position":3,"name":"Ausr\u00fcstung und Kleidung f\u00fcr Kampfkunst und Kampfsport","item":"https:\/\/www.daisho.be\/de\/categorie-produit\/ausrustung-und-kleidung-fur-kampfkunst-und-kampfsport\/"},{"@type":"ListItem","position":4,"name":"A\u00efkido","item":"https:\/\/www.daisho.be\/de\/categorie-produit\/ausrustung-und-kleidung-fur-kampfkunst-und-kampfsport\/aikido-de\/"},{"@type":"ListItem","position":5,"name":"Waffen f\u00fcr Aikido","item":"https:\/\/www.daisho.be\/de\/categorie-produit\/ausrustung-und-kleidung-fur-kampfkunst-und-kampfsport\/aikido-de\/waffen-fur-aikido\/"},{"@type":"ListItem","position":6,"name":"Stock Bo aus Buche | Langer Stock"}]},{"@type":"WebSite","@id":"https:\/\/www.daisho.be\/de\/#website","url":"https:\/\/www.daisho.be\/de\/","name":"Daisho","description":"Sp&eacute;cialiste de l'&eacute;quipement sportif d'arts martiaux","publisher":{"@id":"https:\/\/www.daisho.be\/de\/#organization"},"potentialAction":[{"@type":"SearchAction","target":{"@type":"EntryPoint","urlTemplate":"https:\/\/www.daisho.be\/de\/?s={search_term_string}"},"query-input":{"@type":"PropertyValueSpecification","valueRequired":true,"valueName":"search_term_string"}}],"inLanguage":"de"},{"@type":"Organization","@id":"https:\/\/www.daisho.be\/de\/#organization","name":"Daisho","url":"https:\/\/www.daisho.be\/de\/","logo":{"@type":"ImageObject","inLanguage":"de","@id":"https:\/\/www.daisho.be\/de\/#\/schema\/logo\/image\/","url":"https:\/\/www.daisho.be\/wp-content\/uploads\/2019\/07\/color-nothing-horizontale4x-e1564486100247.png","contentUrl":"https:\/\/www.daisho.be\/wp-content\/uploads\/2019\/07\/color-nothing-horizontale4x-e1564486100247.png","width":1547,"height":385,"caption":"Daisho"},"image":{"@id":"https:\/\/www.daisho.be\/de\/#\/schema\/logo\/image\/"}}]}},"_links":{"self":[{"href":"https:\/\/www.daisho.be\/de\/wp-json\/wp\/v2\/product\/460893","targetHints":{"allow":["GET"]}}],"collection":[{"href":"https:\/\/www.daisho.be\/de\/wp-json\/wp\/v2\/product"}],"about":[{"href":"https:\/\/www.daisho.be\/de\/wp-json\/wp\/v2\/types\/product"}],"replies":[{"embeddable":true,"href":"https:\/\/www.daisho.be\/de\/wp-json\/wp\/v2\/comments?post=460893"}],"wp:featuredmedia":[{"embeddable":true,"href":"https:\/\/www.daisho.be\/de\/wp-json\/wp\/v2\/media\/460895"}],"wp:attachment":[{"href":"https:\/\/www.daisho.be\/de\/wp-json\/wp\/v2\/media?parent=460893"}],"wp:term":[{"taxonomy":"product_brand","embeddable":true,"href":"https:\/\/www.daisho.be\/de\/wp-json\/wp\/v2\/product_brand?post=460893"},{"taxonomy":"product_cat","embeddable":true,"href":"https:\/\/www.daisho.be\/de\/wp-json\/wp\/v2\/product_cat?post=460893"},{"taxonomy":"product_tag","embeddable":true,"href":"https:\/\/www.daisho.be\/de\/wp-json\/wp\/v2\/product_tag?post=460893"},{"taxonomy":"sport","embeddable":true,"href":"https:\/\/www.daisho.be\/de\/wp-json\/wp\/v2\/sport?post=460893"}],"curies":[{"name":"wp","href":"https:\/\/api.w.org\/{rel}","templated":true}]}}