{"id":460890,"date":"2024-02-01T18:27:00","date_gmt":"2024-02-01T17:27:00","guid":{"rendered":"https:\/\/www.daisho.be\/produit\/spreiztrainer-schwarz\/"},"modified":"2024-02-01T18:27:00","modified_gmt":"2024-02-01T17:27:00","slug":"spreiztrainer-schwarz","status":"publish","type":"product","link":"https:\/\/www.daisho.be\/de\/produit\/spreiztrainer-schwarz\/","title":{"rendered":"Spreiztrainer &#8211; schwarz"},"content":{"rendered":"<p>Beinspreizer | Spreiztrainer schwarz<br \/>\nDer Spreiztrainer ist ein hervorragendes und \u00e4u\u00dferst n\u00fctzliches Zubeh\u00f6r, das sowohl in den Kampfk\u00fcnsten als auch im Balletttraining verwendet werden kann. Der Spreiztrainer ist aus hochwertigen Materialien gefertigt. Der Beinspreiztrainer hilft hervorragend bei der Dehnung und Verl\u00e4ngerung der Bein- und Oberschenkelmuskulatur und verbessert auch das Wohlbefinden. VIELE ANWENDUNGEN &#8211; Der Beinspreizer ist ein hervorragendes und \u00e4u\u00dferst n\u00fctzliches Dehnungsger\u00e4t, das sowohl in den Kampfk\u00fcnsten als auch beim Balletttraining eingesetzt werden kann. F\u00dcR JEDEN &#8211; Der Beinspreizer kann mehrfach verstellt werden und kann sowohl von Anf\u00e4ngern als auch von erfahrenen Personen verwendet werden. EINFACH ZU VERSTAUEN &#8211; Der Beinspreizer ist sehr einfach zu verstauen. Zusammengeklappt ist er deutlich kleiner.<br \/>\n6 EINSTELLUNGSSTUFEN &#8211; Der Streckapparat verf\u00fcgt \u00fcber bis zu 6 Einstellungsstufen f\u00fcr jeden der 3 Arme. So kann jeder leicht seine individuellen Einstellungen vornehmen, um einfach und bequem zu dehnen.<br \/>\nEigenschaften:<br \/>\nMaterial: Stahl + Schaumstoff + ABS<br \/>\nf\u00fcr Anf\u00e4nger und Fortgeschrittene<br \/>\nleicht zu verstauen<br \/>\nEinstellung in 6 Stufen<br \/>\nMa\u00dfe: ca. 99,5\/7,5 cm<br \/>\nGewicht: ca. 1,286 kg<\/p>\n","protected":false},"excerpt":{"rendered":"<p>Beinspreizer | Spreiztrainer schwarz Der Spreiztrainer ist ein hervorragendes und \u00e4u\u00dferst n\u00fctzliches Zubeh\u00f6r, das sowohl in den Kampfk\u00fcnsten als auch im Balletttraining verwendet werden kann. Der Spreiztrainer ist aus hochwertigen Materialien gefertigt. Der Beinspreiztrainer hilft hervorragend bei der Dehnung und Verl\u00e4ngerung der Bein- und Oberschenkelmuskulatur und verbessert auch das Wohlbefinden. VIELE ANWENDUNGEN &#8211; Der Beinspreizer [&hellip;]<\/p>\n","protected":false},"featured_media":460891,"comment_status":"open","ping_status":"closed","template":"","meta":{"inline_featured_image":false},"product_brand":[],"product_cat":[2055,2056,2054],"product_tag":[2158],"sport":[],"class_list":{"0":"post-460890","1":"product","2":"type-product","3":"status-publish","4":"has-post-thumbnail","6":"product_cat-karate-trainingsmaterial","7":"product_cat-kick-boxing-trainingsmaterial","8":"product_cat-trainingsmaterial","9":"product_tag-s-b-j-de","11":"first","12":"instock","13":"taxable","14":"shipping-taxable","15":"purchasable","16":"product-type-simple"},"yoast_head":"<!-- This site is optimized with the Yoast SEO plugin v27.2 - https:\/\/yoast.com\/product\/yoast-seo-wordpress\/ -->\n<title>Spreiztrainer - schwarz &#8211; Daisho<\/title>\n<meta name=\"robots\" content=\"index, follow, max-snippet:-1, max-image-preview:large, max-video-preview:-1\" \/>\n<link rel=\"canonical\" href=\"https:\/\/www.daisho.be\/de\/produit\/spreiztrainer-schwarz\/\" \/>\n<meta property=\"og:locale\" content=\"de_DE\" \/>\n<meta property=\"og:type\" content=\"article\" \/>\n<meta property=\"og:title\" content=\"Spreiztrainer - schwarz &#8211; Daisho\" \/>\n<meta property=\"og:description\" content=\"Beinspreizer | Spreiztrainer schwarz Der Spreiztrainer ist ein hervorragendes und \u00e4u\u00dferst n\u00fctzliches Zubeh\u00f6r, das sowohl in den Kampfk\u00fcnsten als auch im Balletttraining verwendet werden kann. Der Spreiztrainer ist aus hochwertigen Materialien gefertigt. Der Beinspreiztrainer hilft hervorragend bei der Dehnung und Verl\u00e4ngerung der Bein- und Oberschenkelmuskulatur und verbessert auch das Wohlbefinden. VIELE ANWENDUNGEN &#8211; Der Beinspreizer [&hellip;]\" \/>\n<meta property=\"og:url\" content=\"https:\/\/www.daisho.be\/de\/produit\/spreiztrainer-schwarz\/\" \/>\n<meta property=\"og:site_name\" content=\"Daisho\" \/>\n<meta property=\"og:image\" content=\"https:\/\/www.daisho.be\/wp-content\/uploads\/2024\/02\/image-8.jpg\" \/>\n\t<meta property=\"og:image:width\" content=\"1200\" \/>\n\t<meta property=\"og:image:height\" content=\"843\" \/>\n\t<meta property=\"og:image:type\" content=\"image\/jpeg\" \/>\n<meta name=\"twitter:card\" content=\"summary_large_image\" \/>\n<meta name=\"twitter:label1\" content=\"Gesch\u00e4tzte Lesezeit\" \/>\n\t<meta name=\"twitter:data1\" content=\"1\u00a0Minute\" \/>\n<script type=\"application\/ld+json\" class=\"yoast-schema-graph\">{\"@context\":\"https:\/\/schema.org\",\"@graph\":[{\"@type\":\"WebPage\",\"@id\":\"https:\/\/www.daisho.be\/de\/produit\/spreiztrainer-schwarz\/\",\"url\":\"https:\/\/www.daisho.be\/de\/produit\/spreiztrainer-schwarz\/\",\"name\":\"Spreiztrainer - schwarz &#8211; Daisho\",\"isPartOf\":{\"@id\":\"https:\/\/www.daisho.be\/de\/#website\"},\"primaryImageOfPage\":{\"@id\":\"https:\/\/www.daisho.be\/de\/produit\/spreiztrainer-schwarz\/#primaryimage\"},\"image\":{\"@id\":\"https:\/\/www.daisho.be\/de\/produit\/spreiztrainer-schwarz\/#primaryimage\"},\"thumbnailUrl\":\"https:\/\/www.daisho.be\/wp-content\/uploads\/2024\/02\/image-8.jpg\",\"datePublished\":\"2024-02-01T17:27:00+00:00\",\"breadcrumb\":{\"@id\":\"https:\/\/www.daisho.be\/de\/produit\/spreiztrainer-schwarz\/#breadcrumb\"},\"inLanguage\":\"de\",\"potentialAction\":[{\"@type\":\"ReadAction\",\"target\":[\"https:\/\/www.daisho.be\/de\/produit\/spreiztrainer-schwarz\/\"]}]},{\"@type\":\"ImageObject\",\"inLanguage\":\"de\",\"@id\":\"https:\/\/www.daisho.be\/de\/produit\/spreiztrainer-schwarz\/#primaryimage\",\"url\":\"https:\/\/www.daisho.be\/wp-content\/uploads\/2024\/02\/image-8.jpg\",\"contentUrl\":\"https:\/\/www.daisho.be\/wp-content\/uploads\/2024\/02\/image-8.jpg\",\"width\":1200,\"height\":843},{\"@type\":\"BreadcrumbList\",\"@id\":\"https:\/\/www.daisho.be\/de\/produit\/spreiztrainer-schwarz\/#breadcrumb\",\"itemListElement\":[{\"@type\":\"ListItem\",\"position\":1,\"name\":\"Accueil\",\"item\":\"https:\/\/www.daisho.be\/de\/\"},{\"@type\":\"ListItem\",\"position\":2,\"name\":\"Produkte\",\"item\":\"https:\/\/www.daisho.be\/de\/produkte\/\"},{\"@type\":\"ListItem\",\"position\":3,\"name\":\"Ausr\u00fcstung und Kleidung f\u00fcr Kampfkunst und Kampfsport\",\"item\":\"https:\/\/www.daisho.be\/de\/categorie-produit\/ausrustung-und-kleidung-fur-kampfkunst-und-kampfsport\/\"},{\"@type\":\"ListItem\",\"position\":4,\"name\":\"Karate\",\"item\":\"https:\/\/www.daisho.be\/de\/categorie-produit\/ausrustung-und-kleidung-fur-kampfkunst-und-kampfsport\/karate-de-2\/\"},{\"@type\":\"ListItem\",\"position\":5,\"name\":\"Karate Trainingsmaterial\",\"item\":\"https:\/\/www.daisho.be\/de\/categorie-produit\/ausrustung-und-kleidung-fur-kampfkunst-und-kampfsport\/karate-de-2\/karate-trainingsmaterial\/\"},{\"@type\":\"ListItem\",\"position\":6,\"name\":\"Spreiztrainer &#8211; schwarz\"}]},{\"@type\":\"WebSite\",\"@id\":\"https:\/\/www.daisho.be\/de\/#website\",\"url\":\"https:\/\/www.daisho.be\/de\/\",\"name\":\"Daisho\",\"description\":\"Sp&eacute;cialiste de l'&eacute;quipement sportif d'arts martiaux\",\"publisher\":{\"@id\":\"https:\/\/www.daisho.be\/de\/#organization\"},\"potentialAction\":[{\"@type\":\"SearchAction\",\"target\":{\"@type\":\"EntryPoint\",\"urlTemplate\":\"https:\/\/www.daisho.be\/de\/?s={search_term_string}\"},\"query-input\":{\"@type\":\"PropertyValueSpecification\",\"valueRequired\":true,\"valueName\":\"search_term_string\"}}],\"inLanguage\":\"de\"},{\"@type\":\"Organization\",\"@id\":\"https:\/\/www.daisho.be\/de\/#organization\",\"name\":\"Daisho\",\"url\":\"https:\/\/www.daisho.be\/de\/\",\"logo\":{\"@type\":\"ImageObject\",\"inLanguage\":\"de\",\"@id\":\"https:\/\/www.daisho.be\/de\/#\/schema\/logo\/image\/\",\"url\":\"https:\/\/www.daisho.be\/wp-content\/uploads\/2019\/07\/color-nothing-horizontale4x-e1564486100247.png\",\"contentUrl\":\"https:\/\/www.daisho.be\/wp-content\/uploads\/2019\/07\/color-nothing-horizontale4x-e1564486100247.png\",\"width\":1547,\"height\":385,\"caption\":\"Daisho\"},\"image\":{\"@id\":\"https:\/\/www.daisho.be\/de\/#\/schema\/logo\/image\/\"}}]}<\/script>\n<!-- \/ Yoast SEO plugin. -->","yoast_head_json":{"title":"Spreiztrainer - schwarz &#8211; Daisho","robots":{"index":"index","follow":"follow","max-snippet":"max-snippet:-1","max-image-preview":"max-image-preview:large","max-video-preview":"max-video-preview:-1"},"canonical":"https:\/\/www.daisho.be\/de\/produit\/spreiztrainer-schwarz\/","og_locale":"de_DE","og_type":"article","og_title":"Spreiztrainer - schwarz &#8211; Daisho","og_description":"Beinspreizer | Spreiztrainer schwarz Der Spreiztrainer ist ein hervorragendes und \u00e4u\u00dferst n\u00fctzliches Zubeh\u00f6r, das sowohl in den Kampfk\u00fcnsten als auch im Balletttraining verwendet werden kann. Der Spreiztrainer ist aus hochwertigen Materialien gefertigt. Der Beinspreiztrainer hilft hervorragend bei der Dehnung und Verl\u00e4ngerung der Bein- und Oberschenkelmuskulatur und verbessert auch das Wohlbefinden. VIELE ANWENDUNGEN &#8211; Der Beinspreizer [&hellip;]","og_url":"https:\/\/www.daisho.be\/de\/produit\/spreiztrainer-schwarz\/","og_site_name":"Daisho","og_image":[{"width":1200,"height":843,"url":"https:\/\/www.daisho.be\/wp-content\/uploads\/2024\/02\/image-8.jpg","type":"image\/jpeg"}],"twitter_card":"summary_large_image","twitter_misc":{"Gesch\u00e4tzte Lesezeit":"1\u00a0Minute"},"schema":{"@context":"https:\/\/schema.org","@graph":[{"@type":"WebPage","@id":"https:\/\/www.daisho.be\/de\/produit\/spreiztrainer-schwarz\/","url":"https:\/\/www.daisho.be\/de\/produit\/spreiztrainer-schwarz\/","name":"Spreiztrainer - schwarz &#8211; Daisho","isPartOf":{"@id":"https:\/\/www.daisho.be\/de\/#website"},"primaryImageOfPage":{"@id":"https:\/\/www.daisho.be\/de\/produit\/spreiztrainer-schwarz\/#primaryimage"},"image":{"@id":"https:\/\/www.daisho.be\/de\/produit\/spreiztrainer-schwarz\/#primaryimage"},"thumbnailUrl":"https:\/\/www.daisho.be\/wp-content\/uploads\/2024\/02\/image-8.jpg","datePublished":"2024-02-01T17:27:00+00:00","breadcrumb":{"@id":"https:\/\/www.daisho.be\/de\/produit\/spreiztrainer-schwarz\/#breadcrumb"},"inLanguage":"de","potentialAction":[{"@type":"ReadAction","target":["https:\/\/www.daisho.be\/de\/produit\/spreiztrainer-schwarz\/"]}]},{"@type":"ImageObject","inLanguage":"de","@id":"https:\/\/www.daisho.be\/de\/produit\/spreiztrainer-schwarz\/#primaryimage","url":"https:\/\/www.daisho.be\/wp-content\/uploads\/2024\/02\/image-8.jpg","contentUrl":"https:\/\/www.daisho.be\/wp-content\/uploads\/2024\/02\/image-8.jpg","width":1200,"height":843},{"@type":"BreadcrumbList","@id":"https:\/\/www.daisho.be\/de\/produit\/spreiztrainer-schwarz\/#breadcrumb","itemListElement":[{"@type":"ListItem","position":1,"name":"Accueil","item":"https:\/\/www.daisho.be\/de\/"},{"@type":"ListItem","position":2,"name":"Produkte","item":"https:\/\/www.daisho.be\/de\/produkte\/"},{"@type":"ListItem","position":3,"name":"Ausr\u00fcstung und Kleidung f\u00fcr Kampfkunst und Kampfsport","item":"https:\/\/www.daisho.be\/de\/categorie-produit\/ausrustung-und-kleidung-fur-kampfkunst-und-kampfsport\/"},{"@type":"ListItem","position":4,"name":"Karate","item":"https:\/\/www.daisho.be\/de\/categorie-produit\/ausrustung-und-kleidung-fur-kampfkunst-und-kampfsport\/karate-de-2\/"},{"@type":"ListItem","position":5,"name":"Karate Trainingsmaterial","item":"https:\/\/www.daisho.be\/de\/categorie-produit\/ausrustung-und-kleidung-fur-kampfkunst-und-kampfsport\/karate-de-2\/karate-trainingsmaterial\/"},{"@type":"ListItem","position":6,"name":"Spreiztrainer &#8211; schwarz"}]},{"@type":"WebSite","@id":"https:\/\/www.daisho.be\/de\/#website","url":"https:\/\/www.daisho.be\/de\/","name":"Daisho","description":"Sp&eacute;cialiste de l'&eacute;quipement sportif d'arts martiaux","publisher":{"@id":"https:\/\/www.daisho.be\/de\/#organization"},"potentialAction":[{"@type":"SearchAction","target":{"@type":"EntryPoint","urlTemplate":"https:\/\/www.daisho.be\/de\/?s={search_term_string}"},"query-input":{"@type":"PropertyValueSpecification","valueRequired":true,"valueName":"search_term_string"}}],"inLanguage":"de"},{"@type":"Organization","@id":"https:\/\/www.daisho.be\/de\/#organization","name":"Daisho","url":"https:\/\/www.daisho.be\/de\/","logo":{"@type":"ImageObject","inLanguage":"de","@id":"https:\/\/www.daisho.be\/de\/#\/schema\/logo\/image\/","url":"https:\/\/www.daisho.be\/wp-content\/uploads\/2019\/07\/color-nothing-horizontale4x-e1564486100247.png","contentUrl":"https:\/\/www.daisho.be\/wp-content\/uploads\/2019\/07\/color-nothing-horizontale4x-e1564486100247.png","width":1547,"height":385,"caption":"Daisho"},"image":{"@id":"https:\/\/www.daisho.be\/de\/#\/schema\/logo\/image\/"}}]}},"_links":{"self":[{"href":"https:\/\/www.daisho.be\/de\/wp-json\/wp\/v2\/product\/460890","targetHints":{"allow":["GET"]}}],"collection":[{"href":"https:\/\/www.daisho.be\/de\/wp-json\/wp\/v2\/product"}],"about":[{"href":"https:\/\/www.daisho.be\/de\/wp-json\/wp\/v2\/types\/product"}],"replies":[{"embeddable":true,"href":"https:\/\/www.daisho.be\/de\/wp-json\/wp\/v2\/comments?post=460890"}],"wp:featuredmedia":[{"embeddable":true,"href":"https:\/\/www.daisho.be\/de\/wp-json\/wp\/v2\/media\/460891"}],"wp:attachment":[{"href":"https:\/\/www.daisho.be\/de\/wp-json\/wp\/v2\/media?parent=460890"}],"wp:term":[{"taxonomy":"product_brand","embeddable":true,"href":"https:\/\/www.daisho.be\/de\/wp-json\/wp\/v2\/product_brand?post=460890"},{"taxonomy":"product_cat","embeddable":true,"href":"https:\/\/www.daisho.be\/de\/wp-json\/wp\/v2\/product_cat?post=460890"},{"taxonomy":"product_tag","embeddable":true,"href":"https:\/\/www.daisho.be\/de\/wp-json\/wp\/v2\/product_tag?post=460890"},{"taxonomy":"sport","embeddable":true,"href":"https:\/\/www.daisho.be\/de\/wp-json\/wp\/v2\/sport?post=460890"}],"curies":[{"name":"wp","href":"https:\/\/api.w.org\/{rel}","templated":true}]}}