{"id":460597,"date":"2024-02-15T11:32:12","date_gmt":"2024-02-15T10:32:12","guid":{"rendered":"https:\/\/www.daisho.be\/produit\/tokaido-karatejacke-kata-master-mix-wkf-10-oz\/"},"modified":"2025-12-24T08:29:46","modified_gmt":"2025-12-24T07:29:46","slug":"tokaido-karatejacke-kata-master-mix-wkf-10-oz","status":"publish","type":"product","link":"https:\/\/www.daisho.be\/de\/produit\/tokaido-karatejacke-kata-master-mix-wkf-10-oz\/","title":{"rendered":"TOKAIDO KARATEJACKE KATA MASTER MIX, WKF, 10 OZ."},"content":{"rendered":"<p>Die Tokaido Kata Master Mix Karatejacke ist eine hochwertige Jacke, die f\u00fcr Karateka aller Niveaus konzipiert wurde.<br \/>\nSie entspricht den Standards der World Karate Federation (WKF) und ist daher ideal f\u00fcr Wettk\u00e4mpfe geeignet.<br \/>\nDie Jacke ist aus einer Mischung aus Baumwolle und Polyester gefertigt, was ihr eine ausgezeichnete Strapazierf\u00e4higkeit und einen optimalen Tragekomfort verleiht.<br \/>\nEs hat eine eng anliegende Passform, die optimale Bewegungsfreiheit bietet.<\/p>\n<p>Merkmale :<br \/>\nMaterial: 70 % Baumwolle, 30 % Polyester<br \/>\nGewicht: 10 oz<br \/>\nPassform: eng anliegend<br \/>\nN\u00e4hte: mehrfach und verst\u00e4rkt<br \/>\nSchrumpfung: gering<br \/>\nDie Jacke ist in einer breiten Palette von Gr\u00f6\u00dfen von 150 bis 200 cm erh\u00e4ltlich.<br \/>\nSie ist auch mit farbigen Stickereien an den Schultern erh\u00e4ltlich.<\/p>\n","protected":false},"excerpt":{"rendered":"<p>Die Tokaido Kata Master Mix Karatejacke ist eine hochwertige Jacke, die f\u00fcr Karateka aller Niveaus konzipiert wurde. Sie entspricht den Standards der World Karate Federation (WKF) und ist daher ideal f\u00fcr Wettk\u00e4mpfe geeignet. Die Jacke ist aus einer Mischung aus Baumwolle und Polyester gefertigt, was ihr eine ausgezeichnete Strapazierf\u00e4higkeit und einen optimalen Tragekomfort verleiht. Es [&hellip;]<\/p>\n","protected":false},"featured_media":460600,"comment_status":"open","ping_status":"closed","template":"","meta":{"inline_featured_image":false},"product_brand":[],"product_cat":[2343,2128,2008,2118],"product_tag":[2004],"sport":[],"class_list":{"0":"post-460597","1":"product","2":"type-product","3":"status-publish","4":"has-post-thumbnail","6":"product_cat-ausrustung-und-kleidung-fur-kampfkunst-und-kampfsport","7":"product_cat-jujitsu-kimono-de","8":"product_cat-karate-kimonos-de","9":"product_cat-kleidung-kimonos","10":"product_tag-tokaido-de","11":"pa_size-380","12":"pa_size-379","13":"pa_size-387","14":"pa_size-378","15":"pa_size-386","16":"pa_size-377","17":"pa_size-385","18":"pa_size-376","19":"pa_size-384","20":"pa_size-383","22":"first","23":"instock","24":"taxable","25":"shipping-taxable","26":"purchasable","27":"product-type-variable"},"yoast_head":"<!-- This site is optimized with the Yoast SEO plugin v27.2 - https:\/\/yoast.com\/product\/yoast-seo-wordpress\/ -->\n<title>TOKAIDO KARATEJACKE KATA MASTER MIX, WKF, 10 OZ. &#8211; Daisho<\/title>\n<meta name=\"description\" content=\"Die Tokaido Kata Master Mix Karatejacke ist eine hochwertige Karatejacke, die f\u00fcr Karate-Praktizierende aller Niveaus entwickelt wurde.\" \/>\n<meta name=\"robots\" content=\"index, follow, max-snippet:-1, max-image-preview:large, max-video-preview:-1\" \/>\n<link rel=\"canonical\" href=\"https:\/\/www.daisho.be\/de\/produit\/tokaido-karatejacke-kata-master-mix-wkf-10-oz\/\" \/>\n<meta property=\"og:locale\" content=\"de_DE\" \/>\n<meta property=\"og:type\" content=\"article\" \/>\n<meta property=\"og:title\" content=\"TOKAIDO KARATEJACKE KATA MASTER MIX, WKF, 10 OZ. &#8211; Daisho\" \/>\n<meta property=\"og:description\" content=\"Die Tokaido Kata Master Mix Karatejacke ist eine hochwertige Karatejacke, die f\u00fcr Karate-Praktizierende aller Niveaus entwickelt wurde.\" \/>\n<meta property=\"og:url\" content=\"https:\/\/www.daisho.be\/de\/produit\/tokaido-karatejacke-kata-master-mix-wkf-10-oz\/\" \/>\n<meta property=\"og:site_name\" content=\"Daisho\" \/>\n<meta property=\"article:modified_time\" content=\"2025-12-24T07:29:46+00:00\" \/>\n<meta property=\"og:image\" content=\"https:\/\/www.daisho.be\/wp-content\/uploads\/2024\/02\/image-40.jpg\" \/>\n\t<meta property=\"og:image:width\" content=\"800\" \/>\n\t<meta property=\"og:image:height\" content=\"1280\" \/>\n\t<meta property=\"og:image:type\" content=\"image\/jpeg\" \/>\n<meta name=\"twitter:card\" content=\"summary_large_image\" \/>\n<meta name=\"twitter:label1\" content=\"Gesch\u00e4tzte Lesezeit\" \/>\n\t<meta name=\"twitter:data1\" content=\"1\u00a0Minute\" \/>\n<script type=\"application\/ld+json\" class=\"yoast-schema-graph\">{\"@context\":\"https:\/\/schema.org\",\"@graph\":[{\"@type\":\"WebPage\",\"@id\":\"https:\/\/www.daisho.be\/de\/produit\/tokaido-karatejacke-kata-master-mix-wkf-10-oz\/\",\"url\":\"https:\/\/www.daisho.be\/de\/produit\/tokaido-karatejacke-kata-master-mix-wkf-10-oz\/\",\"name\":\"TOKAIDO KARATEJACKE KATA MASTER MIX, WKF, 10 OZ. &#8211; Daisho\",\"isPartOf\":{\"@id\":\"https:\/\/www.daisho.be\/de\/#website\"},\"primaryImageOfPage\":{\"@id\":\"https:\/\/www.daisho.be\/de\/produit\/tokaido-karatejacke-kata-master-mix-wkf-10-oz\/#primaryimage\"},\"image\":{\"@id\":\"https:\/\/www.daisho.be\/de\/produit\/tokaido-karatejacke-kata-master-mix-wkf-10-oz\/#primaryimage\"},\"thumbnailUrl\":\"https:\/\/www.daisho.be\/wp-content\/uploads\/2024\/02\/image-40.jpg\",\"datePublished\":\"2024-02-15T10:32:12+00:00\",\"dateModified\":\"2025-12-24T07:29:46+00:00\",\"description\":\"Die Tokaido Kata Master Mix Karatejacke ist eine hochwertige Karatejacke, die f\u00fcr Karate-Praktizierende aller Niveaus entwickelt wurde.\",\"breadcrumb\":{\"@id\":\"https:\/\/www.daisho.be\/de\/produit\/tokaido-karatejacke-kata-master-mix-wkf-10-oz\/#breadcrumb\"},\"inLanguage\":\"de\",\"potentialAction\":[{\"@type\":\"ReadAction\",\"target\":[\"https:\/\/www.daisho.be\/de\/produit\/tokaido-karatejacke-kata-master-mix-wkf-10-oz\/\"]}]},{\"@type\":\"ImageObject\",\"inLanguage\":\"de\",\"@id\":\"https:\/\/www.daisho.be\/de\/produit\/tokaido-karatejacke-kata-master-mix-wkf-10-oz\/#primaryimage\",\"url\":\"https:\/\/www.daisho.be\/wp-content\/uploads\/2024\/02\/image-40.jpg\",\"contentUrl\":\"https:\/\/www.daisho.be\/wp-content\/uploads\/2024\/02\/image-40.jpg\",\"width\":800,\"height\":1280,\"caption\":\"KARATEJACKE TOKAIDO KATA MASTER MIX, WKF, 10 OZ.-1\"},{\"@type\":\"BreadcrumbList\",\"@id\":\"https:\/\/www.daisho.be\/de\/produit\/tokaido-karatejacke-kata-master-mix-wkf-10-oz\/#breadcrumb\",\"itemListElement\":[{\"@type\":\"ListItem\",\"position\":1,\"name\":\"Accueil\",\"item\":\"https:\/\/www.daisho.be\/de\/\"},{\"@type\":\"ListItem\",\"position\":2,\"name\":\"Produkte\",\"item\":\"https:\/\/www.daisho.be\/de\/produkte\/\"},{\"@type\":\"ListItem\",\"position\":3,\"name\":\"Ausr\u00fcstung und Kleidung f\u00fcr Kampfkunst und Kampfsport\",\"item\":\"https:\/\/www.daisho.be\/de\/categorie-produit\/ausrustung-und-kleidung-fur-kampfkunst-und-kampfsport\/\"},{\"@type\":\"ListItem\",\"position\":4,\"name\":\"Brasilianisches Jujitsu und Jiu-Jitsu\",\"item\":\"https:\/\/www.daisho.be\/de\/categorie-produit\/ausrustung-und-kleidung-fur-kampfkunst-und-kampfsport\/brasilianisches-jujitsu-und-jiu-jitsu\/\"},{\"@type\":\"ListItem\",\"position\":5,\"name\":\"Jujitsu Kimono\",\"item\":\"https:\/\/www.daisho.be\/de\/categorie-produit\/ausrustung-und-kleidung-fur-kampfkunst-und-kampfsport\/brasilianisches-jujitsu-und-jiu-jitsu\/jujitsu-kimono-de\/\"},{\"@type\":\"ListItem\",\"position\":6,\"name\":\"TOKAIDO KARATEJACKE KATA MASTER MIX, WKF, 10 OZ.\"}]},{\"@type\":\"WebSite\",\"@id\":\"https:\/\/www.daisho.be\/de\/#website\",\"url\":\"https:\/\/www.daisho.be\/de\/\",\"name\":\"Daisho\",\"description\":\"Sp&eacute;cialiste de l'&eacute;quipement sportif d'arts martiaux\",\"publisher\":{\"@id\":\"https:\/\/www.daisho.be\/de\/#organization\"},\"potentialAction\":[{\"@type\":\"SearchAction\",\"target\":{\"@type\":\"EntryPoint\",\"urlTemplate\":\"https:\/\/www.daisho.be\/de\/?s={search_term_string}\"},\"query-input\":{\"@type\":\"PropertyValueSpecification\",\"valueRequired\":true,\"valueName\":\"search_term_string\"}}],\"inLanguage\":\"de\"},{\"@type\":\"Organization\",\"@id\":\"https:\/\/www.daisho.be\/de\/#organization\",\"name\":\"Daisho\",\"url\":\"https:\/\/www.daisho.be\/de\/\",\"logo\":{\"@type\":\"ImageObject\",\"inLanguage\":\"de\",\"@id\":\"https:\/\/www.daisho.be\/de\/#\/schema\/logo\/image\/\",\"url\":\"https:\/\/www.daisho.be\/wp-content\/uploads\/2019\/07\/color-nothing-horizontale4x-e1564486100247.png\",\"contentUrl\":\"https:\/\/www.daisho.be\/wp-content\/uploads\/2019\/07\/color-nothing-horizontale4x-e1564486100247.png\",\"width\":1547,\"height\":385,\"caption\":\"Daisho\"},\"image\":{\"@id\":\"https:\/\/www.daisho.be\/de\/#\/schema\/logo\/image\/\"}}]}<\/script>\n<!-- \/ Yoast SEO plugin. -->","yoast_head_json":{"title":"TOKAIDO KARATEJACKE KATA MASTER MIX, WKF, 10 OZ. &#8211; Daisho","description":"Die Tokaido Kata Master Mix Karatejacke ist eine hochwertige Karatejacke, die f\u00fcr Karate-Praktizierende aller Niveaus entwickelt wurde.","robots":{"index":"index","follow":"follow","max-snippet":"max-snippet:-1","max-image-preview":"max-image-preview:large","max-video-preview":"max-video-preview:-1"},"canonical":"https:\/\/www.daisho.be\/de\/produit\/tokaido-karatejacke-kata-master-mix-wkf-10-oz\/","og_locale":"de_DE","og_type":"article","og_title":"TOKAIDO KARATEJACKE KATA MASTER MIX, WKF, 10 OZ. &#8211; Daisho","og_description":"Die Tokaido Kata Master Mix Karatejacke ist eine hochwertige Karatejacke, die f\u00fcr Karate-Praktizierende aller Niveaus entwickelt wurde.","og_url":"https:\/\/www.daisho.be\/de\/produit\/tokaido-karatejacke-kata-master-mix-wkf-10-oz\/","og_site_name":"Daisho","article_modified_time":"2025-12-24T07:29:46+00:00","og_image":[{"width":800,"height":1280,"url":"https:\/\/www.daisho.be\/wp-content\/uploads\/2024\/02\/image-40.jpg","type":"image\/jpeg"}],"twitter_card":"summary_large_image","twitter_misc":{"Gesch\u00e4tzte Lesezeit":"1\u00a0Minute"},"schema":{"@context":"https:\/\/schema.org","@graph":[{"@type":"WebPage","@id":"https:\/\/www.daisho.be\/de\/produit\/tokaido-karatejacke-kata-master-mix-wkf-10-oz\/","url":"https:\/\/www.daisho.be\/de\/produit\/tokaido-karatejacke-kata-master-mix-wkf-10-oz\/","name":"TOKAIDO KARATEJACKE KATA MASTER MIX, WKF, 10 OZ. &#8211; Daisho","isPartOf":{"@id":"https:\/\/www.daisho.be\/de\/#website"},"primaryImageOfPage":{"@id":"https:\/\/www.daisho.be\/de\/produit\/tokaido-karatejacke-kata-master-mix-wkf-10-oz\/#primaryimage"},"image":{"@id":"https:\/\/www.daisho.be\/de\/produit\/tokaido-karatejacke-kata-master-mix-wkf-10-oz\/#primaryimage"},"thumbnailUrl":"https:\/\/www.daisho.be\/wp-content\/uploads\/2024\/02\/image-40.jpg","datePublished":"2024-02-15T10:32:12+00:00","dateModified":"2025-12-24T07:29:46+00:00","description":"Die Tokaido Kata Master Mix Karatejacke ist eine hochwertige Karatejacke, die f\u00fcr Karate-Praktizierende aller Niveaus entwickelt wurde.","breadcrumb":{"@id":"https:\/\/www.daisho.be\/de\/produit\/tokaido-karatejacke-kata-master-mix-wkf-10-oz\/#breadcrumb"},"inLanguage":"de","potentialAction":[{"@type":"ReadAction","target":["https:\/\/www.daisho.be\/de\/produit\/tokaido-karatejacke-kata-master-mix-wkf-10-oz\/"]}]},{"@type":"ImageObject","inLanguage":"de","@id":"https:\/\/www.daisho.be\/de\/produit\/tokaido-karatejacke-kata-master-mix-wkf-10-oz\/#primaryimage","url":"https:\/\/www.daisho.be\/wp-content\/uploads\/2024\/02\/image-40.jpg","contentUrl":"https:\/\/www.daisho.be\/wp-content\/uploads\/2024\/02\/image-40.jpg","width":800,"height":1280,"caption":"KARATEJACKE TOKAIDO KATA MASTER MIX, WKF, 10 OZ.-1"},{"@type":"BreadcrumbList","@id":"https:\/\/www.daisho.be\/de\/produit\/tokaido-karatejacke-kata-master-mix-wkf-10-oz\/#breadcrumb","itemListElement":[{"@type":"ListItem","position":1,"name":"Accueil","item":"https:\/\/www.daisho.be\/de\/"},{"@type":"ListItem","position":2,"name":"Produkte","item":"https:\/\/www.daisho.be\/de\/produkte\/"},{"@type":"ListItem","position":3,"name":"Ausr\u00fcstung und Kleidung f\u00fcr Kampfkunst und Kampfsport","item":"https:\/\/www.daisho.be\/de\/categorie-produit\/ausrustung-und-kleidung-fur-kampfkunst-und-kampfsport\/"},{"@type":"ListItem","position":4,"name":"Brasilianisches Jujitsu und Jiu-Jitsu","item":"https:\/\/www.daisho.be\/de\/categorie-produit\/ausrustung-und-kleidung-fur-kampfkunst-und-kampfsport\/brasilianisches-jujitsu-und-jiu-jitsu\/"},{"@type":"ListItem","position":5,"name":"Jujitsu Kimono","item":"https:\/\/www.daisho.be\/de\/categorie-produit\/ausrustung-und-kleidung-fur-kampfkunst-und-kampfsport\/brasilianisches-jujitsu-und-jiu-jitsu\/jujitsu-kimono-de\/"},{"@type":"ListItem","position":6,"name":"TOKAIDO KARATEJACKE KATA MASTER MIX, WKF, 10 OZ."}]},{"@type":"WebSite","@id":"https:\/\/www.daisho.be\/de\/#website","url":"https:\/\/www.daisho.be\/de\/","name":"Daisho","description":"Sp&eacute;cialiste de l'&eacute;quipement sportif d'arts martiaux","publisher":{"@id":"https:\/\/www.daisho.be\/de\/#organization"},"potentialAction":[{"@type":"SearchAction","target":{"@type":"EntryPoint","urlTemplate":"https:\/\/www.daisho.be\/de\/?s={search_term_string}"},"query-input":{"@type":"PropertyValueSpecification","valueRequired":true,"valueName":"search_term_string"}}],"inLanguage":"de"},{"@type":"Organization","@id":"https:\/\/www.daisho.be\/de\/#organization","name":"Daisho","url":"https:\/\/www.daisho.be\/de\/","logo":{"@type":"ImageObject","inLanguage":"de","@id":"https:\/\/www.daisho.be\/de\/#\/schema\/logo\/image\/","url":"https:\/\/www.daisho.be\/wp-content\/uploads\/2019\/07\/color-nothing-horizontale4x-e1564486100247.png","contentUrl":"https:\/\/www.daisho.be\/wp-content\/uploads\/2019\/07\/color-nothing-horizontale4x-e1564486100247.png","width":1547,"height":385,"caption":"Daisho"},"image":{"@id":"https:\/\/www.daisho.be\/de\/#\/schema\/logo\/image\/"}}]}},"_links":{"self":[{"href":"https:\/\/www.daisho.be\/de\/wp-json\/wp\/v2\/product\/460597","targetHints":{"allow":["GET"]}}],"collection":[{"href":"https:\/\/www.daisho.be\/de\/wp-json\/wp\/v2\/product"}],"about":[{"href":"https:\/\/www.daisho.be\/de\/wp-json\/wp\/v2\/types\/product"}],"replies":[{"embeddable":true,"href":"https:\/\/www.daisho.be\/de\/wp-json\/wp\/v2\/comments?post=460597"}],"wp:featuredmedia":[{"embeddable":true,"href":"https:\/\/www.daisho.be\/de\/wp-json\/wp\/v2\/media\/460600"}],"wp:attachment":[{"href":"https:\/\/www.daisho.be\/de\/wp-json\/wp\/v2\/media?parent=460597"}],"wp:term":[{"taxonomy":"product_brand","embeddable":true,"href":"https:\/\/www.daisho.be\/de\/wp-json\/wp\/v2\/product_brand?post=460597"},{"taxonomy":"product_cat","embeddable":true,"href":"https:\/\/www.daisho.be\/de\/wp-json\/wp\/v2\/product_cat?post=460597"},{"taxonomy":"product_tag","embeddable":true,"href":"https:\/\/www.daisho.be\/de\/wp-json\/wp\/v2\/product_tag?post=460597"},{"taxonomy":"sport","embeddable":true,"href":"https:\/\/www.daisho.be\/de\/wp-json\/wp\/v2\/sport?post=460597"}],"curies":[{"name":"wp","href":"https:\/\/api.w.org\/{rel}","templated":true}]}}