{"id":460575,"date":"2024-02-14T14:23:57","date_gmt":"2024-02-14T13:23:57","guid":{"rendered":"https:\/\/www.daisho.be\/produit\/shinai-aus-bambus\/"},"modified":"2026-01-03T15:07:13","modified_gmt":"2026-01-03T14:07:13","slug":"shinai-aus-bambus","status":"publish","type":"product","link":"https:\/\/www.daisho.be\/de\/produit\/shinai-aus-bambus\/","title":{"rendered":"SHINAI AUS BAMBUS"},"content":{"rendered":"<p>Ein Shinai ist ein \u00dcbungsschwert, das als Ersatz f\u00fcr ein Bokken oder ein Katana verwendet wird.<br \/>\nDie Shinai aus Bambus sind \u00e4u\u00dferst robust. Der Griff ist mit Rindsleder \u00fcberzogen und liegt gut in der Hand.<br \/>\nDie Shinai sind in verschiedenen L\u00e4ngen erh\u00e4ltlich. <\/p>\n<p>Eigenschaften:<\/p>\n<p> aus robustem Bambus<br \/>\n Griff und Spitze sind mit Rindsleder \u00fcberzogen<br \/>\n mit Tsuba (Handschutz) aus Kunststoff und Tsuba-Halterung aus Gummi<br \/>\n das Shinai ist sehr gut f\u00fcr jedes Training geeignet<\/p>\n<p>Verf\u00fcgbare L\u00e4ngen:<\/p>\n<p> 112 cm \/ 36 Zoll<br \/>\n 115 cm \/ 37 Zoll<br \/>\n 118 cm \/ 38 Zoll<br \/>\n 120 cm \/ 39 Zoll<\/p>\n","protected":false},"excerpt":{"rendered":"<p>Ein Shinai ist ein \u00dcbungsschwert, das als Ersatz f\u00fcr ein Bokken oder ein Katana verwendet wird. Die Shinai aus Bambus sind \u00e4u\u00dferst robust. Der Griff ist mit Rindsleder \u00fcberzogen und liegt gut in der Hand. Die Shinai sind in verschiedenen L\u00e4ngen erh\u00e4ltlich. Eigenschaften: aus robustem Bambus Griff und Spitze sind mit Rindsleder \u00fcberzogen mit Tsuba [&hellip;]<\/p>\n","protected":false},"featured_media":460595,"comment_status":"open","ping_status":"closed","template":"","meta":{"inline_featured_image":false},"product_brand":[],"product_cat":[2115,2120,2121],"product_tag":[2158],"sport":[454,453],"class_list":{"0":"post-460575","1":"product","2":"type-product","3":"status-publish","4":"has-post-thumbnail","6":"product_cat-waffen","7":"product_cat-waffen-fur-aikido","8":"product_cat-waffen-fur-kendo-und-iaido","9":"product_tag-s-b-j-de","10":"product_shipping_class-grose-produkte","11":"pa_size-112-cm","12":"pa_size-115-cm","13":"pa_size-118-cm","14":"pa_size-120-cm","15":"sport-iaido","16":"sport-kendo","18":"first","19":"instock","20":"taxable","21":"shipping-taxable","22":"purchasable","23":"product-type-variable"},"yoast_head":"<!-- This site is optimized with the Yoast SEO plugin v27.2 - https:\/\/yoast.com\/product\/yoast-seo-wordpress\/ -->\n<title>SHINAI AUS BAMBUS &#8211; Daisho<\/title>\n<meta name=\"description\" content=\"Shinai aus Bambus f\u00fcr die Aus\u00fcbung von Kendo. Erh\u00e4ltlich in 4 verschiedenen L\u00e4ngen in unserem Online-Shop www.daisho.be | Daisho\" \/>\n<meta name=\"robots\" content=\"index, follow, max-snippet:-1, max-image-preview:large, max-video-preview:-1\" \/>\n<link rel=\"canonical\" href=\"https:\/\/www.daisho.be\/de\/produit\/shinai-aus-bambus\/\" \/>\n<meta property=\"og:locale\" content=\"de_DE\" \/>\n<meta property=\"og:type\" content=\"article\" \/>\n<meta property=\"og:title\" content=\"SHINAI AUS BAMBUS &#8211; Daisho\" \/>\n<meta property=\"og:description\" content=\"Shinai aus Bambus f\u00fcr die Aus\u00fcbung von Kendo. Erh\u00e4ltlich in 4 verschiedenen L\u00e4ngen in unserem Online-Shop www.daisho.be | Daisho\" \/>\n<meta property=\"og:url\" content=\"https:\/\/www.daisho.be\/de\/produit\/shinai-aus-bambus\/\" \/>\n<meta property=\"og:site_name\" content=\"Daisho\" \/>\n<meta property=\"article:modified_time\" content=\"2026-01-03T14:07:13+00:00\" \/>\n<meta property=\"og:image\" content=\"https:\/\/www.daisho.be\/wp-content\/uploads\/2024\/02\/image-37.jpg\" \/>\n\t<meta property=\"og:image:width\" content=\"1200\" \/>\n\t<meta property=\"og:image:height\" content=\"1051\" \/>\n\t<meta property=\"og:image:type\" content=\"image\/jpeg\" \/>\n<meta name=\"twitter:card\" content=\"summary_large_image\" \/>\n<script type=\"application\/ld+json\" class=\"yoast-schema-graph\">{\"@context\":\"https:\/\/schema.org\",\"@graph\":[{\"@type\":\"WebPage\",\"@id\":\"https:\/\/www.daisho.be\/de\/produit\/shinai-aus-bambus\/\",\"url\":\"https:\/\/www.daisho.be\/de\/produit\/shinai-aus-bambus\/\",\"name\":\"SHINAI AUS BAMBUS &#8211; Daisho\",\"isPartOf\":{\"@id\":\"https:\/\/www.daisho.be\/de\/#website\"},\"primaryImageOfPage\":{\"@id\":\"https:\/\/www.daisho.be\/de\/produit\/shinai-aus-bambus\/#primaryimage\"},\"image\":{\"@id\":\"https:\/\/www.daisho.be\/de\/produit\/shinai-aus-bambus\/#primaryimage\"},\"thumbnailUrl\":\"https:\/\/www.daisho.be\/wp-content\/uploads\/2024\/02\/image-37.jpg\",\"datePublished\":\"2024-02-14T13:23:57+00:00\",\"dateModified\":\"2026-01-03T14:07:13+00:00\",\"description\":\"Shinai aus Bambus f\u00fcr die Aus\u00fcbung von Kendo. Erh\u00e4ltlich in 4 verschiedenen L\u00e4ngen in unserem Online-Shop www.daisho.be | Daisho\",\"breadcrumb\":{\"@id\":\"https:\/\/www.daisho.be\/de\/produit\/shinai-aus-bambus\/#breadcrumb\"},\"inLanguage\":\"de\",\"potentialAction\":[{\"@type\":\"ReadAction\",\"target\":[\"https:\/\/www.daisho.be\/de\/produit\/shinai-aus-bambus\/\"]}]},{\"@type\":\"ImageObject\",\"inLanguage\":\"de\",\"@id\":\"https:\/\/www.daisho.be\/de\/produit\/shinai-aus-bambus\/#primaryimage\",\"url\":\"https:\/\/www.daisho.be\/wp-content\/uploads\/2024\/02\/image-37.jpg\",\"contentUrl\":\"https:\/\/www.daisho.be\/wp-content\/uploads\/2024\/02\/image-37.jpg\",\"width\":1200,\"height\":1051,\"caption\":\"SHINAI AUS BAMBUS-1\"},{\"@type\":\"BreadcrumbList\",\"@id\":\"https:\/\/www.daisho.be\/de\/produit\/shinai-aus-bambus\/#breadcrumb\",\"itemListElement\":[{\"@type\":\"ListItem\",\"position\":1,\"name\":\"Accueil\",\"item\":\"https:\/\/www.daisho.be\/de\/\"},{\"@type\":\"ListItem\",\"position\":2,\"name\":\"Produkte\",\"item\":\"https:\/\/www.daisho.be\/de\/produkte\/\"},{\"@type\":\"ListItem\",\"position\":3,\"name\":\"Ausr\u00fcstung und Kleidung f\u00fcr Kampfkunst und Kampfsport\",\"item\":\"https:\/\/www.daisho.be\/de\/categorie-produit\/ausrustung-und-kleidung-fur-kampfkunst-und-kampfsport\/\"},{\"@type\":\"ListItem\",\"position\":4,\"name\":\"A\u00efkido\",\"item\":\"https:\/\/www.daisho.be\/de\/categorie-produit\/ausrustung-und-kleidung-fur-kampfkunst-und-kampfsport\/aikido-de\/\"},{\"@type\":\"ListItem\",\"position\":5,\"name\":\"Waffen f\u00fcr Aikido\",\"item\":\"https:\/\/www.daisho.be\/de\/categorie-produit\/ausrustung-und-kleidung-fur-kampfkunst-und-kampfsport\/aikido-de\/waffen-fur-aikido\/\"},{\"@type\":\"ListItem\",\"position\":6,\"name\":\"SHINAI AUS BAMBUS\"}]},{\"@type\":\"WebSite\",\"@id\":\"https:\/\/www.daisho.be\/de\/#website\",\"url\":\"https:\/\/www.daisho.be\/de\/\",\"name\":\"Daisho\",\"description\":\"Sp&eacute;cialiste de l'&eacute;quipement sportif d'arts martiaux\",\"publisher\":{\"@id\":\"https:\/\/www.daisho.be\/de\/#organization\"},\"potentialAction\":[{\"@type\":\"SearchAction\",\"target\":{\"@type\":\"EntryPoint\",\"urlTemplate\":\"https:\/\/www.daisho.be\/de\/?s={search_term_string}\"},\"query-input\":{\"@type\":\"PropertyValueSpecification\",\"valueRequired\":true,\"valueName\":\"search_term_string\"}}],\"inLanguage\":\"de\"},{\"@type\":\"Organization\",\"@id\":\"https:\/\/www.daisho.be\/de\/#organization\",\"name\":\"Daisho\",\"url\":\"https:\/\/www.daisho.be\/de\/\",\"logo\":{\"@type\":\"ImageObject\",\"inLanguage\":\"de\",\"@id\":\"https:\/\/www.daisho.be\/de\/#\/schema\/logo\/image\/\",\"url\":\"https:\/\/www.daisho.be\/wp-content\/uploads\/2019\/07\/color-nothing-horizontale4x-e1564486100247.png\",\"contentUrl\":\"https:\/\/www.daisho.be\/wp-content\/uploads\/2019\/07\/color-nothing-horizontale4x-e1564486100247.png\",\"width\":1547,\"height\":385,\"caption\":\"Daisho\"},\"image\":{\"@id\":\"https:\/\/www.daisho.be\/de\/#\/schema\/logo\/image\/\"}}]}<\/script>\n<!-- \/ Yoast SEO plugin. -->","yoast_head_json":{"title":"SHINAI AUS BAMBUS &#8211; Daisho","description":"Shinai aus Bambus f\u00fcr die Aus\u00fcbung von Kendo. Erh\u00e4ltlich in 4 verschiedenen L\u00e4ngen in unserem Online-Shop www.daisho.be | Daisho","robots":{"index":"index","follow":"follow","max-snippet":"max-snippet:-1","max-image-preview":"max-image-preview:large","max-video-preview":"max-video-preview:-1"},"canonical":"https:\/\/www.daisho.be\/de\/produit\/shinai-aus-bambus\/","og_locale":"de_DE","og_type":"article","og_title":"SHINAI AUS BAMBUS &#8211; Daisho","og_description":"Shinai aus Bambus f\u00fcr die Aus\u00fcbung von Kendo. Erh\u00e4ltlich in 4 verschiedenen L\u00e4ngen in unserem Online-Shop www.daisho.be | Daisho","og_url":"https:\/\/www.daisho.be\/de\/produit\/shinai-aus-bambus\/","og_site_name":"Daisho","article_modified_time":"2026-01-03T14:07:13+00:00","og_image":[{"width":1200,"height":1051,"url":"https:\/\/www.daisho.be\/wp-content\/uploads\/2024\/02\/image-37.jpg","type":"image\/jpeg"}],"twitter_card":"summary_large_image","schema":{"@context":"https:\/\/schema.org","@graph":[{"@type":"WebPage","@id":"https:\/\/www.daisho.be\/de\/produit\/shinai-aus-bambus\/","url":"https:\/\/www.daisho.be\/de\/produit\/shinai-aus-bambus\/","name":"SHINAI AUS BAMBUS &#8211; Daisho","isPartOf":{"@id":"https:\/\/www.daisho.be\/de\/#website"},"primaryImageOfPage":{"@id":"https:\/\/www.daisho.be\/de\/produit\/shinai-aus-bambus\/#primaryimage"},"image":{"@id":"https:\/\/www.daisho.be\/de\/produit\/shinai-aus-bambus\/#primaryimage"},"thumbnailUrl":"https:\/\/www.daisho.be\/wp-content\/uploads\/2024\/02\/image-37.jpg","datePublished":"2024-02-14T13:23:57+00:00","dateModified":"2026-01-03T14:07:13+00:00","description":"Shinai aus Bambus f\u00fcr die Aus\u00fcbung von Kendo. Erh\u00e4ltlich in 4 verschiedenen L\u00e4ngen in unserem Online-Shop www.daisho.be | Daisho","breadcrumb":{"@id":"https:\/\/www.daisho.be\/de\/produit\/shinai-aus-bambus\/#breadcrumb"},"inLanguage":"de","potentialAction":[{"@type":"ReadAction","target":["https:\/\/www.daisho.be\/de\/produit\/shinai-aus-bambus\/"]}]},{"@type":"ImageObject","inLanguage":"de","@id":"https:\/\/www.daisho.be\/de\/produit\/shinai-aus-bambus\/#primaryimage","url":"https:\/\/www.daisho.be\/wp-content\/uploads\/2024\/02\/image-37.jpg","contentUrl":"https:\/\/www.daisho.be\/wp-content\/uploads\/2024\/02\/image-37.jpg","width":1200,"height":1051,"caption":"SHINAI AUS BAMBUS-1"},{"@type":"BreadcrumbList","@id":"https:\/\/www.daisho.be\/de\/produit\/shinai-aus-bambus\/#breadcrumb","itemListElement":[{"@type":"ListItem","position":1,"name":"Accueil","item":"https:\/\/www.daisho.be\/de\/"},{"@type":"ListItem","position":2,"name":"Produkte","item":"https:\/\/www.daisho.be\/de\/produkte\/"},{"@type":"ListItem","position":3,"name":"Ausr\u00fcstung und Kleidung f\u00fcr Kampfkunst und Kampfsport","item":"https:\/\/www.daisho.be\/de\/categorie-produit\/ausrustung-und-kleidung-fur-kampfkunst-und-kampfsport\/"},{"@type":"ListItem","position":4,"name":"A\u00efkido","item":"https:\/\/www.daisho.be\/de\/categorie-produit\/ausrustung-und-kleidung-fur-kampfkunst-und-kampfsport\/aikido-de\/"},{"@type":"ListItem","position":5,"name":"Waffen f\u00fcr Aikido","item":"https:\/\/www.daisho.be\/de\/categorie-produit\/ausrustung-und-kleidung-fur-kampfkunst-und-kampfsport\/aikido-de\/waffen-fur-aikido\/"},{"@type":"ListItem","position":6,"name":"SHINAI AUS BAMBUS"}]},{"@type":"WebSite","@id":"https:\/\/www.daisho.be\/de\/#website","url":"https:\/\/www.daisho.be\/de\/","name":"Daisho","description":"Sp&eacute;cialiste de l'&eacute;quipement sportif d'arts martiaux","publisher":{"@id":"https:\/\/www.daisho.be\/de\/#organization"},"potentialAction":[{"@type":"SearchAction","target":{"@type":"EntryPoint","urlTemplate":"https:\/\/www.daisho.be\/de\/?s={search_term_string}"},"query-input":{"@type":"PropertyValueSpecification","valueRequired":true,"valueName":"search_term_string"}}],"inLanguage":"de"},{"@type":"Organization","@id":"https:\/\/www.daisho.be\/de\/#organization","name":"Daisho","url":"https:\/\/www.daisho.be\/de\/","logo":{"@type":"ImageObject","inLanguage":"de","@id":"https:\/\/www.daisho.be\/de\/#\/schema\/logo\/image\/","url":"https:\/\/www.daisho.be\/wp-content\/uploads\/2019\/07\/color-nothing-horizontale4x-e1564486100247.png","contentUrl":"https:\/\/www.daisho.be\/wp-content\/uploads\/2019\/07\/color-nothing-horizontale4x-e1564486100247.png","width":1547,"height":385,"caption":"Daisho"},"image":{"@id":"https:\/\/www.daisho.be\/de\/#\/schema\/logo\/image\/"}}]}},"_links":{"self":[{"href":"https:\/\/www.daisho.be\/de\/wp-json\/wp\/v2\/product\/460575","targetHints":{"allow":["GET"]}}],"collection":[{"href":"https:\/\/www.daisho.be\/de\/wp-json\/wp\/v2\/product"}],"about":[{"href":"https:\/\/www.daisho.be\/de\/wp-json\/wp\/v2\/types\/product"}],"replies":[{"embeddable":true,"href":"https:\/\/www.daisho.be\/de\/wp-json\/wp\/v2\/comments?post=460575"}],"wp:featuredmedia":[{"embeddable":true,"href":"https:\/\/www.daisho.be\/de\/wp-json\/wp\/v2\/media\/460595"}],"wp:attachment":[{"href":"https:\/\/www.daisho.be\/de\/wp-json\/wp\/v2\/media?parent=460575"}],"wp:term":[{"taxonomy":"product_brand","embeddable":true,"href":"https:\/\/www.daisho.be\/de\/wp-json\/wp\/v2\/product_brand?post=460575"},{"taxonomy":"product_cat","embeddable":true,"href":"https:\/\/www.daisho.be\/de\/wp-json\/wp\/v2\/product_cat?post=460575"},{"taxonomy":"product_tag","embeddable":true,"href":"https:\/\/www.daisho.be\/de\/wp-json\/wp\/v2\/product_tag?post=460575"},{"taxonomy":"sport","embeddable":true,"href":"https:\/\/www.daisho.be\/de\/wp-json\/wp\/v2\/sport?post=460575"}],"curies":[{"name":"wp","href":"https:\/\/api.w.org\/{rel}","templated":true}]}}