{"id":460494,"date":"2022-02-05T16:42:33","date_gmt":"2022-02-05T15:42:33","guid":{"rendered":"https:\/\/www.daisho.be\/produit\/adidas-opro-gen4-gold-edition-schwarz-senior-zahnschutz\/"},"modified":"2025-10-16T11:12:27","modified_gmt":"2025-10-16T09:12:27","slug":"adidas-opro-gen4-gold-edition-schwarz-senior-zahnschutz","status":"publish","type":"product","link":"https:\/\/www.daisho.be\/de\/produit\/adidas-opro-gen4-gold-edition-schwarz-senior-zahnschutz\/","title":{"rendered":"Adidas OPRO Gen4 Gold-Edition Schwarz Senior Zahnschutz"},"content":{"rendered":"<p>Einzigartiger Zahnschutz von Opro in Zusammenarbeit mit adidas.<br \/>\nPerfekter Schutz f\u00fcr Ihre Z\u00e4hne.<br \/>\nGelschicht f\u00fcr den Schutz und einfach anzubringen.<br \/>\nDie anatomisch platzierten Fl\u00fcgel werden bei der Herstellung des Zahnschutzes weich, so dass die Z\u00e4hne gut in den Zahnschutz fallen.<br \/>\nDer speziell geformte Zahnschutz sorgt daf\u00fcr, dass Sie gut atmen und sprechen k\u00f6nnen.<br \/>\nDer Zahnschutz wird mit einer praktischen Aufbewahrungsbox geliefert.<br \/>\nDer Gen4 Gold-Edition Zahnschutz ist f?r den professionellen K?mpfer geeignet.<br \/>\nVorteile:<br \/>\n&#8211; leichtes Atmen<br \/>\n&#8211; flexibler Innenkanal f?r D?mpfung<br \/>\n&#8211; maximaler Komfort &#8211; maximaler Schutz<br \/>\n&#8211; inkl. Aufbewahrungsbox<br \/>\n&#8211; bakterienhemmend behandelt <\/p>\n","protected":false},"excerpt":{"rendered":"<p>Einzigartiger Zahnschutz von Opro in Zusammenarbeit mit adidas. Perfekter Schutz f\u00fcr Ihre Z\u00e4hne. Gelschicht f\u00fcr den Schutz und einfach anzubringen. Die anatomisch platzierten Fl\u00fcgel werden bei der Herstellung des Zahnschutzes weich, so dass die Z\u00e4hne gut in den Zahnschutz fallen. Der speziell geformte Zahnschutz sorgt daf\u00fcr, dass Sie gut atmen und sprechen k\u00f6nnen. Der Zahnschutz [&hellip;]<\/p>\n","protected":false},"featured_media":564726,"comment_status":"open","ping_status":"closed","template":"","meta":{"inline_featured_image":false},"product_brand":[],"product_cat":[2271,2180,2261],"product_tag":[2178],"sport":[],"class_list":{"0":"post-460494","1":"product","2":"type-product","3":"status-publish","4":"has-post-thumbnail","6":"product_cat-adidas-boxing-protektoren","7":"product_cat-karate-schutzkleidung-adidas","8":"product_cat-mma-protektoren-adidas","9":"product_tag-adidas-de","10":"pa_size-senior","12":"first","13":"instock","14":"taxable","15":"shipping-taxable","16":"purchasable","17":"product-type-variable"},"yoast_head":"<!-- This site is optimized with the Yoast SEO plugin v27.2 - https:\/\/yoast.com\/product\/yoast-seo-wordpress\/ -->\n<title>Adidas OPRO Gen4 Gold-Edition Schwarz Senior Zahnschutz &#8211; Daisho<\/title>\n<meta name=\"description\" content=\"Entdecken Sie die Adidas Zahnsch\u00fctzer, die Komfort und ultimativen Schutz bieten. Kaufen Sie ihn auf unserer Website www.daisho.be|Daisho\" \/>\n<meta name=\"robots\" content=\"index, follow, max-snippet:-1, max-image-preview:large, max-video-preview:-1\" \/>\n<link rel=\"canonical\" href=\"https:\/\/www.daisho.be\/de\/produit\/adidas-opro-gen4-gold-edition-schwarz-senior-zahnschutz\/\" \/>\n<meta property=\"og:locale\" content=\"de_DE\" \/>\n<meta property=\"og:type\" content=\"article\" \/>\n<meta property=\"og:title\" content=\"Adidas OPRO Gen4 Gold-Edition Schwarz Senior Zahnschutz &#8211; Daisho\" \/>\n<meta property=\"og:description\" content=\"Entdecken Sie die Adidas Zahnsch\u00fctzer, die Komfort und ultimativen Schutz bieten. Kaufen Sie ihn auf unserer Website www.daisho.be|Daisho\" \/>\n<meta property=\"og:url\" content=\"https:\/\/www.daisho.be\/de\/produit\/adidas-opro-gen4-gold-edition-schwarz-senior-zahnschutz\/\" \/>\n<meta property=\"og:site_name\" content=\"Daisho\" \/>\n<meta property=\"article:modified_time\" content=\"2025-10-16T09:12:27+00:00\" \/>\n<meta property=\"og:image\" content=\"https:\/\/www.daisho.be\/wp-content\/uploads\/2025\/10\/image-14.webp\" \/>\n\t<meta property=\"og:image:width\" content=\"1200\" \/>\n\t<meta property=\"og:image:height\" content=\"1200\" \/>\n\t<meta property=\"og:image:type\" content=\"image\/webp\" \/>\n<meta name=\"twitter:card\" content=\"summary_large_image\" \/>\n<meta name=\"twitter:label1\" content=\"Gesch\u00e4tzte Lesezeit\" \/>\n\t<meta name=\"twitter:data1\" content=\"1\u00a0Minute\" \/>\n<script type=\"application\/ld+json\" class=\"yoast-schema-graph\">{\"@context\":\"https:\/\/schema.org\",\"@graph\":[{\"@type\":\"WebPage\",\"@id\":\"https:\/\/www.daisho.be\/de\/produit\/adidas-opro-gen4-gold-edition-schwarz-senior-zahnschutz\/\",\"url\":\"https:\/\/www.daisho.be\/de\/produit\/adidas-opro-gen4-gold-edition-schwarz-senior-zahnschutz\/\",\"name\":\"Adidas OPRO Gen4 Gold-Edition Schwarz Senior Zahnschutz &#8211; Daisho\",\"isPartOf\":{\"@id\":\"https:\/\/www.daisho.be\/de\/#website\"},\"primaryImageOfPage\":{\"@id\":\"https:\/\/www.daisho.be\/de\/produit\/adidas-opro-gen4-gold-edition-schwarz-senior-zahnschutz\/#primaryimage\"},\"image\":{\"@id\":\"https:\/\/www.daisho.be\/de\/produit\/adidas-opro-gen4-gold-edition-schwarz-senior-zahnschutz\/#primaryimage\"},\"thumbnailUrl\":\"https:\/\/www.daisho.be\/wp-content\/uploads\/2025\/10\/image-14.webp\",\"datePublished\":\"2022-02-05T15:42:33+00:00\",\"dateModified\":\"2025-10-16T09:12:27+00:00\",\"description\":\"Entdecken Sie die Adidas Zahnsch\u00fctzer, die Komfort und ultimativen Schutz bieten. Kaufen Sie ihn auf unserer Website www.daisho.be|Daisho\",\"breadcrumb\":{\"@id\":\"https:\/\/www.daisho.be\/de\/produit\/adidas-opro-gen4-gold-edition-schwarz-senior-zahnschutz\/#breadcrumb\"},\"inLanguage\":\"de\",\"potentialAction\":[{\"@type\":\"ReadAction\",\"target\":[\"https:\/\/www.daisho.be\/de\/produit\/adidas-opro-gen4-gold-edition-schwarz-senior-zahnschutz\/\"]}]},{\"@type\":\"ImageObject\",\"inLanguage\":\"de\",\"@id\":\"https:\/\/www.daisho.be\/de\/produit\/adidas-opro-gen4-gold-edition-schwarz-senior-zahnschutz\/#primaryimage\",\"url\":\"https:\/\/www.daisho.be\/wp-content\/uploads\/2025\/10\/image-14.webp\",\"contentUrl\":\"https:\/\/www.daisho.be\/wp-content\/uploads\/2025\/10\/image-14.webp\",\"width\":1200,\"height\":1200,\"caption\":\"Adidas OPRO Gen4 Gold-Edition Schwarz Senior-1 Zahnschutz\"},{\"@type\":\"BreadcrumbList\",\"@id\":\"https:\/\/www.daisho.be\/de\/produit\/adidas-opro-gen4-gold-edition-schwarz-senior-zahnschutz\/#breadcrumb\",\"itemListElement\":[{\"@type\":\"ListItem\",\"position\":1,\"name\":\"Accueil\",\"item\":\"https:\/\/www.daisho.be\/de\/\"},{\"@type\":\"ListItem\",\"position\":2,\"name\":\"Produkte\",\"item\":\"https:\/\/www.daisho.be\/de\/produkte\/\"},{\"@type\":\"ListItem\",\"position\":3,\"name\":\"ADIDAS COMBAT SPORTS\",\"item\":\"https:\/\/www.daisho.be\/de\/categorie-produit\/adidas-combat-sports-de\/\"},{\"@type\":\"ListItem\",\"position\":4,\"name\":\"Boxen\",\"item\":\"https:\/\/www.daisho.be\/de\/categorie-produit\/adidas-combat-sports-de\/boxen\/\"},{\"@type\":\"ListItem\",\"position\":5,\"name\":\"Adidas Boxing Protektoren\",\"item\":\"https:\/\/www.daisho.be\/de\/categorie-produit\/adidas-combat-sports-de\/boxen\/adidas-boxing-protektoren\/\"},{\"@type\":\"ListItem\",\"position\":6,\"name\":\"Adidas OPRO Gen4 Gold-Edition Schwarz Senior Zahnschutz\"}]},{\"@type\":\"WebSite\",\"@id\":\"https:\/\/www.daisho.be\/de\/#website\",\"url\":\"https:\/\/www.daisho.be\/de\/\",\"name\":\"Daisho\",\"description\":\"Sp&eacute;cialiste de l'&eacute;quipement sportif d'arts martiaux\",\"publisher\":{\"@id\":\"https:\/\/www.daisho.be\/de\/#organization\"},\"potentialAction\":[{\"@type\":\"SearchAction\",\"target\":{\"@type\":\"EntryPoint\",\"urlTemplate\":\"https:\/\/www.daisho.be\/de\/?s={search_term_string}\"},\"query-input\":{\"@type\":\"PropertyValueSpecification\",\"valueRequired\":true,\"valueName\":\"search_term_string\"}}],\"inLanguage\":\"de\"},{\"@type\":\"Organization\",\"@id\":\"https:\/\/www.daisho.be\/de\/#organization\",\"name\":\"Daisho\",\"url\":\"https:\/\/www.daisho.be\/de\/\",\"logo\":{\"@type\":\"ImageObject\",\"inLanguage\":\"de\",\"@id\":\"https:\/\/www.daisho.be\/de\/#\/schema\/logo\/image\/\",\"url\":\"https:\/\/www.daisho.be\/wp-content\/uploads\/2019\/07\/color-nothing-horizontale4x-e1564486100247.png\",\"contentUrl\":\"https:\/\/www.daisho.be\/wp-content\/uploads\/2019\/07\/color-nothing-horizontale4x-e1564486100247.png\",\"width\":1547,\"height\":385,\"caption\":\"Daisho\"},\"image\":{\"@id\":\"https:\/\/www.daisho.be\/de\/#\/schema\/logo\/image\/\"}}]}<\/script>\n<!-- \/ Yoast SEO plugin. -->","yoast_head_json":{"title":"Adidas OPRO Gen4 Gold-Edition Schwarz Senior Zahnschutz &#8211; Daisho","description":"Entdecken Sie die Adidas Zahnsch\u00fctzer, die Komfort und ultimativen Schutz bieten. Kaufen Sie ihn auf unserer Website www.daisho.be|Daisho","robots":{"index":"index","follow":"follow","max-snippet":"max-snippet:-1","max-image-preview":"max-image-preview:large","max-video-preview":"max-video-preview:-1"},"canonical":"https:\/\/www.daisho.be\/de\/produit\/adidas-opro-gen4-gold-edition-schwarz-senior-zahnschutz\/","og_locale":"de_DE","og_type":"article","og_title":"Adidas OPRO Gen4 Gold-Edition Schwarz Senior Zahnschutz &#8211; Daisho","og_description":"Entdecken Sie die Adidas Zahnsch\u00fctzer, die Komfort und ultimativen Schutz bieten. Kaufen Sie ihn auf unserer Website www.daisho.be|Daisho","og_url":"https:\/\/www.daisho.be\/de\/produit\/adidas-opro-gen4-gold-edition-schwarz-senior-zahnschutz\/","og_site_name":"Daisho","article_modified_time":"2025-10-16T09:12:27+00:00","og_image":[{"width":1200,"height":1200,"url":"https:\/\/www.daisho.be\/wp-content\/uploads\/2025\/10\/image-14.webp","type":"image\/webp"}],"twitter_card":"summary_large_image","twitter_misc":{"Gesch\u00e4tzte Lesezeit":"1\u00a0Minute"},"schema":{"@context":"https:\/\/schema.org","@graph":[{"@type":"WebPage","@id":"https:\/\/www.daisho.be\/de\/produit\/adidas-opro-gen4-gold-edition-schwarz-senior-zahnschutz\/","url":"https:\/\/www.daisho.be\/de\/produit\/adidas-opro-gen4-gold-edition-schwarz-senior-zahnschutz\/","name":"Adidas OPRO Gen4 Gold-Edition Schwarz Senior Zahnschutz &#8211; Daisho","isPartOf":{"@id":"https:\/\/www.daisho.be\/de\/#website"},"primaryImageOfPage":{"@id":"https:\/\/www.daisho.be\/de\/produit\/adidas-opro-gen4-gold-edition-schwarz-senior-zahnschutz\/#primaryimage"},"image":{"@id":"https:\/\/www.daisho.be\/de\/produit\/adidas-opro-gen4-gold-edition-schwarz-senior-zahnschutz\/#primaryimage"},"thumbnailUrl":"https:\/\/www.daisho.be\/wp-content\/uploads\/2025\/10\/image-14.webp","datePublished":"2022-02-05T15:42:33+00:00","dateModified":"2025-10-16T09:12:27+00:00","description":"Entdecken Sie die Adidas Zahnsch\u00fctzer, die Komfort und ultimativen Schutz bieten. Kaufen Sie ihn auf unserer Website www.daisho.be|Daisho","breadcrumb":{"@id":"https:\/\/www.daisho.be\/de\/produit\/adidas-opro-gen4-gold-edition-schwarz-senior-zahnschutz\/#breadcrumb"},"inLanguage":"de","potentialAction":[{"@type":"ReadAction","target":["https:\/\/www.daisho.be\/de\/produit\/adidas-opro-gen4-gold-edition-schwarz-senior-zahnschutz\/"]}]},{"@type":"ImageObject","inLanguage":"de","@id":"https:\/\/www.daisho.be\/de\/produit\/adidas-opro-gen4-gold-edition-schwarz-senior-zahnschutz\/#primaryimage","url":"https:\/\/www.daisho.be\/wp-content\/uploads\/2025\/10\/image-14.webp","contentUrl":"https:\/\/www.daisho.be\/wp-content\/uploads\/2025\/10\/image-14.webp","width":1200,"height":1200,"caption":"Adidas OPRO Gen4 Gold-Edition Schwarz Senior-1 Zahnschutz"},{"@type":"BreadcrumbList","@id":"https:\/\/www.daisho.be\/de\/produit\/adidas-opro-gen4-gold-edition-schwarz-senior-zahnschutz\/#breadcrumb","itemListElement":[{"@type":"ListItem","position":1,"name":"Accueil","item":"https:\/\/www.daisho.be\/de\/"},{"@type":"ListItem","position":2,"name":"Produkte","item":"https:\/\/www.daisho.be\/de\/produkte\/"},{"@type":"ListItem","position":3,"name":"ADIDAS COMBAT SPORTS","item":"https:\/\/www.daisho.be\/de\/categorie-produit\/adidas-combat-sports-de\/"},{"@type":"ListItem","position":4,"name":"Boxen","item":"https:\/\/www.daisho.be\/de\/categorie-produit\/adidas-combat-sports-de\/boxen\/"},{"@type":"ListItem","position":5,"name":"Adidas Boxing Protektoren","item":"https:\/\/www.daisho.be\/de\/categorie-produit\/adidas-combat-sports-de\/boxen\/adidas-boxing-protektoren\/"},{"@type":"ListItem","position":6,"name":"Adidas OPRO Gen4 Gold-Edition Schwarz Senior Zahnschutz"}]},{"@type":"WebSite","@id":"https:\/\/www.daisho.be\/de\/#website","url":"https:\/\/www.daisho.be\/de\/","name":"Daisho","description":"Sp&eacute;cialiste de l'&eacute;quipement sportif d'arts martiaux","publisher":{"@id":"https:\/\/www.daisho.be\/de\/#organization"},"potentialAction":[{"@type":"SearchAction","target":{"@type":"EntryPoint","urlTemplate":"https:\/\/www.daisho.be\/de\/?s={search_term_string}"},"query-input":{"@type":"PropertyValueSpecification","valueRequired":true,"valueName":"search_term_string"}}],"inLanguage":"de"},{"@type":"Organization","@id":"https:\/\/www.daisho.be\/de\/#organization","name":"Daisho","url":"https:\/\/www.daisho.be\/de\/","logo":{"@type":"ImageObject","inLanguage":"de","@id":"https:\/\/www.daisho.be\/de\/#\/schema\/logo\/image\/","url":"https:\/\/www.daisho.be\/wp-content\/uploads\/2019\/07\/color-nothing-horizontale4x-e1564486100247.png","contentUrl":"https:\/\/www.daisho.be\/wp-content\/uploads\/2019\/07\/color-nothing-horizontale4x-e1564486100247.png","width":1547,"height":385,"caption":"Daisho"},"image":{"@id":"https:\/\/www.daisho.be\/de\/#\/schema\/logo\/image\/"}}]}},"_links":{"self":[{"href":"https:\/\/www.daisho.be\/de\/wp-json\/wp\/v2\/product\/460494","targetHints":{"allow":["GET"]}}],"collection":[{"href":"https:\/\/www.daisho.be\/de\/wp-json\/wp\/v2\/product"}],"about":[{"href":"https:\/\/www.daisho.be\/de\/wp-json\/wp\/v2\/types\/product"}],"replies":[{"embeddable":true,"href":"https:\/\/www.daisho.be\/de\/wp-json\/wp\/v2\/comments?post=460494"}],"wp:featuredmedia":[{"embeddable":true,"href":"https:\/\/www.daisho.be\/de\/wp-json\/wp\/v2\/media\/564726"}],"wp:attachment":[{"href":"https:\/\/www.daisho.be\/de\/wp-json\/wp\/v2\/media?parent=460494"}],"wp:term":[{"taxonomy":"product_brand","embeddable":true,"href":"https:\/\/www.daisho.be\/de\/wp-json\/wp\/v2\/product_brand?post=460494"},{"taxonomy":"product_cat","embeddable":true,"href":"https:\/\/www.daisho.be\/de\/wp-json\/wp\/v2\/product_cat?post=460494"},{"taxonomy":"product_tag","embeddable":true,"href":"https:\/\/www.daisho.be\/de\/wp-json\/wp\/v2\/product_tag?post=460494"},{"taxonomy":"sport","embeddable":true,"href":"https:\/\/www.daisho.be\/de\/wp-json\/wp\/v2\/sport?post=460494"}],"curies":[{"name":"wp","href":"https:\/\/api.w.org\/{rel}","templated":true}]}}