{"id":460443,"date":"2022-09-05T21:59:32","date_gmt":"2022-09-05T19:59:32","guid":{"rendered":"https:\/\/www.daisho.be\/produit\/tokaido-karate-handschuhe-junior-blau-wkf\/"},"modified":"2025-10-09T14:15:25","modified_gmt":"2025-10-09T12:15:25","slug":"tokaido-karate-handschuhe-junior-blau-wkf","status":"publish","type":"product","link":"https:\/\/www.daisho.be\/de\/produit\/tokaido-karate-handschuhe-junior-blau-wkf\/","title":{"rendered":"TOKAIDO KARATE HANDSCHUHE JUNIOR BLAU &#8211; WKF"},"content":{"rendered":"<p>Tokaido WKF Approved Karatehandschuhe.<br \/>\nLeichte und langlebige Handschuhe aus sto\u00dfd\u00e4mpfendem Polyurethan, die mit halbsteifem Kunstleder \u00fcberzogen sind.<br \/>\nDie WKF Approved Karatehandschuhe sind die beste Wahl f\u00fcr Kumite, sowohl im Training als auch im Wettkampf.<br \/>\nJunior Version.<\/p>\n","protected":false},"excerpt":{"rendered":"<p>Tokaido WKF Approved Karatehandschuhe. Leichte und langlebige Handschuhe aus sto\u00dfd\u00e4mpfendem Polyurethan, die mit halbsteifem Kunstleder \u00fcberzogen sind. Die WKF Approved Karatehandschuhe sind die beste Wahl f\u00fcr Kumite, sowohl im Training als auch im Wettkampf. Junior Version.<\/p>\n","protected":false},"featured_media":460451,"comment_status":"open","ping_status":"closed","template":"","meta":{"inline_featured_image":false},"product_brand":[],"product_cat":[2062,2051],"product_tag":[2004],"sport":[],"class_list":{"0":"post-460443","1":"product","2":"type-product","3":"status-publish","4":"has-post-thumbnail","6":"product_cat-karate-schutzkleidung","7":"product_cat-schutz","8":"product_tag-tokaido-de","9":"pa_size-l","10":"pa_size-m","11":"pa_size-s","12":"pa_size-xl","13":"pa_size-xs","15":"first","16":"instock","17":"taxable","18":"shipping-taxable","19":"purchasable","20":"product-type-variable"},"yoast_head":"<!-- This site is optimized with the Yoast SEO plugin v27.2 - https:\/\/yoast.com\/product\/yoast-seo-wordpress\/ -->\n<title>TOKAIDO KARATE HANDSCHUHE JUNIOR BLAU - WKF &#8211; Daisho<\/title>\n<meta name=\"description\" content=\"Entdecken Sie die WKF-zertifizierten Karatehandschuhe. Sie wurden f\u00fcr Junioren entwickelt, um ihnen einen optimalen Schutz zu bieten. Kaufen Sie sie auf www.daisho.be\" \/>\n<meta name=\"robots\" content=\"index, follow, max-snippet:-1, max-image-preview:large, max-video-preview:-1\" \/>\n<link rel=\"canonical\" href=\"https:\/\/www.daisho.be\/de\/produit\/tokaido-karate-handschuhe-junior-blau-wkf\/\" \/>\n<meta property=\"og:locale\" content=\"de_DE\" \/>\n<meta property=\"og:type\" content=\"article\" \/>\n<meta property=\"og:title\" content=\"TOKAIDO KARATE HANDSCHUHE JUNIOR BLAU - WKF &#8211; Daisho\" \/>\n<meta property=\"og:description\" content=\"Entdecken Sie die WKF-zertifizierten Karatehandschuhe. Sie wurden f\u00fcr Junioren entwickelt, um ihnen einen optimalen Schutz zu bieten. Kaufen Sie sie auf www.daisho.be\" \/>\n<meta property=\"og:url\" content=\"https:\/\/www.daisho.be\/de\/produit\/tokaido-karate-handschuhe-junior-blau-wkf\/\" \/>\n<meta property=\"og:site_name\" content=\"Daisho\" \/>\n<meta property=\"article:modified_time\" content=\"2025-10-09T12:15:25+00:00\" \/>\n<meta property=\"og:image\" content=\"https:\/\/www.daisho.be\/wp-content\/uploads\/2024\/06\/image-62-scaled.jpg\" \/>\n\t<meta property=\"og:image:width\" content=\"2048\" \/>\n\t<meta property=\"og:image:height\" content=\"1889\" \/>\n\t<meta property=\"og:image:type\" content=\"image\/jpeg\" \/>\n<meta name=\"twitter:card\" content=\"summary_large_image\" \/>\n<script type=\"application\/ld+json\" class=\"yoast-schema-graph\">{\"@context\":\"https:\/\/schema.org\",\"@graph\":[{\"@type\":\"WebPage\",\"@id\":\"https:\/\/www.daisho.be\/de\/produit\/tokaido-karate-handschuhe-junior-blau-wkf\/\",\"url\":\"https:\/\/www.daisho.be\/de\/produit\/tokaido-karate-handschuhe-junior-blau-wkf\/\",\"name\":\"TOKAIDO KARATE HANDSCHUHE JUNIOR BLAU - WKF &#8211; Daisho\",\"isPartOf\":{\"@id\":\"https:\/\/www.daisho.be\/de\/#website\"},\"primaryImageOfPage\":{\"@id\":\"https:\/\/www.daisho.be\/de\/produit\/tokaido-karate-handschuhe-junior-blau-wkf\/#primaryimage\"},\"image\":{\"@id\":\"https:\/\/www.daisho.be\/de\/produit\/tokaido-karate-handschuhe-junior-blau-wkf\/#primaryimage\"},\"thumbnailUrl\":\"https:\/\/www.daisho.be\/wp-content\/uploads\/2024\/06\/image-62-scaled.jpg\",\"datePublished\":\"2022-09-05T19:59:32+00:00\",\"dateModified\":\"2025-10-09T12:15:25+00:00\",\"description\":\"Entdecken Sie die WKF-zertifizierten Karatehandschuhe. Sie wurden f\u00fcr Junioren entwickelt, um ihnen einen optimalen Schutz zu bieten. Kaufen Sie sie auf www.daisho.be\",\"breadcrumb\":{\"@id\":\"https:\/\/www.daisho.be\/de\/produit\/tokaido-karate-handschuhe-junior-blau-wkf\/#breadcrumb\"},\"inLanguage\":\"de\",\"potentialAction\":[{\"@type\":\"ReadAction\",\"target\":[\"https:\/\/www.daisho.be\/de\/produit\/tokaido-karate-handschuhe-junior-blau-wkf\/\"]}]},{\"@type\":\"ImageObject\",\"inLanguage\":\"de\",\"@id\":\"https:\/\/www.daisho.be\/de\/produit\/tokaido-karate-handschuhe-junior-blau-wkf\/#primaryimage\",\"url\":\"https:\/\/www.daisho.be\/wp-content\/uploads\/2024\/06\/image-62-scaled.jpg\",\"contentUrl\":\"https:\/\/www.daisho.be\/wp-content\/uploads\/2024\/06\/image-62-scaled.jpg\",\"width\":2048,\"height\":1889,\"caption\":\"KARATEHANDSCHUHE TOKAIDO JUNIOR BLAU - WKF-1\"},{\"@type\":\"BreadcrumbList\",\"@id\":\"https:\/\/www.daisho.be\/de\/produit\/tokaido-karate-handschuhe-junior-blau-wkf\/#breadcrumb\",\"itemListElement\":[{\"@type\":\"ListItem\",\"position\":1,\"name\":\"Accueil\",\"item\":\"https:\/\/www.daisho.be\/de\/\"},{\"@type\":\"ListItem\",\"position\":2,\"name\":\"Produkte\",\"item\":\"https:\/\/www.daisho.be\/de\/produkte\/\"},{\"@type\":\"ListItem\",\"position\":3,\"name\":\"Ausr\u00fcstung und Kleidung f\u00fcr Kampfkunst und Kampfsport\",\"item\":\"https:\/\/www.daisho.be\/de\/categorie-produit\/ausrustung-und-kleidung-fur-kampfkunst-und-kampfsport\/\"},{\"@type\":\"ListItem\",\"position\":4,\"name\":\"Karate\",\"item\":\"https:\/\/www.daisho.be\/de\/categorie-produit\/ausrustung-und-kleidung-fur-kampfkunst-und-kampfsport\/karate-de-2\/\"},{\"@type\":\"ListItem\",\"position\":5,\"name\":\"Karate-Schutzkleidung\",\"item\":\"https:\/\/www.daisho.be\/de\/categorie-produit\/ausrustung-und-kleidung-fur-kampfkunst-und-kampfsport\/karate-de-2\/karate-schutzkleidung\/\"},{\"@type\":\"ListItem\",\"position\":6,\"name\":\"TOKAIDO KARATE HANDSCHUHE JUNIOR BLAU &#8211; WKF\"}]},{\"@type\":\"WebSite\",\"@id\":\"https:\/\/www.daisho.be\/de\/#website\",\"url\":\"https:\/\/www.daisho.be\/de\/\",\"name\":\"Daisho\",\"description\":\"Sp&eacute;cialiste de l'&eacute;quipement sportif d'arts martiaux\",\"publisher\":{\"@id\":\"https:\/\/www.daisho.be\/de\/#organization\"},\"potentialAction\":[{\"@type\":\"SearchAction\",\"target\":{\"@type\":\"EntryPoint\",\"urlTemplate\":\"https:\/\/www.daisho.be\/de\/?s={search_term_string}\"},\"query-input\":{\"@type\":\"PropertyValueSpecification\",\"valueRequired\":true,\"valueName\":\"search_term_string\"}}],\"inLanguage\":\"de\"},{\"@type\":\"Organization\",\"@id\":\"https:\/\/www.daisho.be\/de\/#organization\",\"name\":\"Daisho\",\"url\":\"https:\/\/www.daisho.be\/de\/\",\"logo\":{\"@type\":\"ImageObject\",\"inLanguage\":\"de\",\"@id\":\"https:\/\/www.daisho.be\/de\/#\/schema\/logo\/image\/\",\"url\":\"https:\/\/www.daisho.be\/wp-content\/uploads\/2019\/07\/color-nothing-horizontale4x-e1564486100247.png\",\"contentUrl\":\"https:\/\/www.daisho.be\/wp-content\/uploads\/2019\/07\/color-nothing-horizontale4x-e1564486100247.png\",\"width\":1547,\"height\":385,\"caption\":\"Daisho\"},\"image\":{\"@id\":\"https:\/\/www.daisho.be\/de\/#\/schema\/logo\/image\/\"}}]}<\/script>\n<!-- \/ Yoast SEO plugin. -->","yoast_head_json":{"title":"TOKAIDO KARATE HANDSCHUHE JUNIOR BLAU - WKF &#8211; Daisho","description":"Entdecken Sie die WKF-zertifizierten Karatehandschuhe. Sie wurden f\u00fcr Junioren entwickelt, um ihnen einen optimalen Schutz zu bieten. Kaufen Sie sie auf www.daisho.be","robots":{"index":"index","follow":"follow","max-snippet":"max-snippet:-1","max-image-preview":"max-image-preview:large","max-video-preview":"max-video-preview:-1"},"canonical":"https:\/\/www.daisho.be\/de\/produit\/tokaido-karate-handschuhe-junior-blau-wkf\/","og_locale":"de_DE","og_type":"article","og_title":"TOKAIDO KARATE HANDSCHUHE JUNIOR BLAU - WKF &#8211; Daisho","og_description":"Entdecken Sie die WKF-zertifizierten Karatehandschuhe. Sie wurden f\u00fcr Junioren entwickelt, um ihnen einen optimalen Schutz zu bieten. Kaufen Sie sie auf www.daisho.be","og_url":"https:\/\/www.daisho.be\/de\/produit\/tokaido-karate-handschuhe-junior-blau-wkf\/","og_site_name":"Daisho","article_modified_time":"2025-10-09T12:15:25+00:00","og_image":[{"width":2048,"height":1889,"url":"https:\/\/www.daisho.be\/wp-content\/uploads\/2024\/06\/image-62-scaled.jpg","type":"image\/jpeg"}],"twitter_card":"summary_large_image","schema":{"@context":"https:\/\/schema.org","@graph":[{"@type":"WebPage","@id":"https:\/\/www.daisho.be\/de\/produit\/tokaido-karate-handschuhe-junior-blau-wkf\/","url":"https:\/\/www.daisho.be\/de\/produit\/tokaido-karate-handschuhe-junior-blau-wkf\/","name":"TOKAIDO KARATE HANDSCHUHE JUNIOR BLAU - WKF &#8211; Daisho","isPartOf":{"@id":"https:\/\/www.daisho.be\/de\/#website"},"primaryImageOfPage":{"@id":"https:\/\/www.daisho.be\/de\/produit\/tokaido-karate-handschuhe-junior-blau-wkf\/#primaryimage"},"image":{"@id":"https:\/\/www.daisho.be\/de\/produit\/tokaido-karate-handschuhe-junior-blau-wkf\/#primaryimage"},"thumbnailUrl":"https:\/\/www.daisho.be\/wp-content\/uploads\/2024\/06\/image-62-scaled.jpg","datePublished":"2022-09-05T19:59:32+00:00","dateModified":"2025-10-09T12:15:25+00:00","description":"Entdecken Sie die WKF-zertifizierten Karatehandschuhe. Sie wurden f\u00fcr Junioren entwickelt, um ihnen einen optimalen Schutz zu bieten. Kaufen Sie sie auf www.daisho.be","breadcrumb":{"@id":"https:\/\/www.daisho.be\/de\/produit\/tokaido-karate-handschuhe-junior-blau-wkf\/#breadcrumb"},"inLanguage":"de","potentialAction":[{"@type":"ReadAction","target":["https:\/\/www.daisho.be\/de\/produit\/tokaido-karate-handschuhe-junior-blau-wkf\/"]}]},{"@type":"ImageObject","inLanguage":"de","@id":"https:\/\/www.daisho.be\/de\/produit\/tokaido-karate-handschuhe-junior-blau-wkf\/#primaryimage","url":"https:\/\/www.daisho.be\/wp-content\/uploads\/2024\/06\/image-62-scaled.jpg","contentUrl":"https:\/\/www.daisho.be\/wp-content\/uploads\/2024\/06\/image-62-scaled.jpg","width":2048,"height":1889,"caption":"KARATEHANDSCHUHE TOKAIDO JUNIOR BLAU - WKF-1"},{"@type":"BreadcrumbList","@id":"https:\/\/www.daisho.be\/de\/produit\/tokaido-karate-handschuhe-junior-blau-wkf\/#breadcrumb","itemListElement":[{"@type":"ListItem","position":1,"name":"Accueil","item":"https:\/\/www.daisho.be\/de\/"},{"@type":"ListItem","position":2,"name":"Produkte","item":"https:\/\/www.daisho.be\/de\/produkte\/"},{"@type":"ListItem","position":3,"name":"Ausr\u00fcstung und Kleidung f\u00fcr Kampfkunst und Kampfsport","item":"https:\/\/www.daisho.be\/de\/categorie-produit\/ausrustung-und-kleidung-fur-kampfkunst-und-kampfsport\/"},{"@type":"ListItem","position":4,"name":"Karate","item":"https:\/\/www.daisho.be\/de\/categorie-produit\/ausrustung-und-kleidung-fur-kampfkunst-und-kampfsport\/karate-de-2\/"},{"@type":"ListItem","position":5,"name":"Karate-Schutzkleidung","item":"https:\/\/www.daisho.be\/de\/categorie-produit\/ausrustung-und-kleidung-fur-kampfkunst-und-kampfsport\/karate-de-2\/karate-schutzkleidung\/"},{"@type":"ListItem","position":6,"name":"TOKAIDO KARATE HANDSCHUHE JUNIOR BLAU &#8211; WKF"}]},{"@type":"WebSite","@id":"https:\/\/www.daisho.be\/de\/#website","url":"https:\/\/www.daisho.be\/de\/","name":"Daisho","description":"Sp&eacute;cialiste de l'&eacute;quipement sportif d'arts martiaux","publisher":{"@id":"https:\/\/www.daisho.be\/de\/#organization"},"potentialAction":[{"@type":"SearchAction","target":{"@type":"EntryPoint","urlTemplate":"https:\/\/www.daisho.be\/de\/?s={search_term_string}"},"query-input":{"@type":"PropertyValueSpecification","valueRequired":true,"valueName":"search_term_string"}}],"inLanguage":"de"},{"@type":"Organization","@id":"https:\/\/www.daisho.be\/de\/#organization","name":"Daisho","url":"https:\/\/www.daisho.be\/de\/","logo":{"@type":"ImageObject","inLanguage":"de","@id":"https:\/\/www.daisho.be\/de\/#\/schema\/logo\/image\/","url":"https:\/\/www.daisho.be\/wp-content\/uploads\/2019\/07\/color-nothing-horizontale4x-e1564486100247.png","contentUrl":"https:\/\/www.daisho.be\/wp-content\/uploads\/2019\/07\/color-nothing-horizontale4x-e1564486100247.png","width":1547,"height":385,"caption":"Daisho"},"image":{"@id":"https:\/\/www.daisho.be\/de\/#\/schema\/logo\/image\/"}}]}},"_links":{"self":[{"href":"https:\/\/www.daisho.be\/de\/wp-json\/wp\/v2\/product\/460443","targetHints":{"allow":["GET"]}}],"collection":[{"href":"https:\/\/www.daisho.be\/de\/wp-json\/wp\/v2\/product"}],"about":[{"href":"https:\/\/www.daisho.be\/de\/wp-json\/wp\/v2\/types\/product"}],"replies":[{"embeddable":true,"href":"https:\/\/www.daisho.be\/de\/wp-json\/wp\/v2\/comments?post=460443"}],"wp:featuredmedia":[{"embeddable":true,"href":"https:\/\/www.daisho.be\/de\/wp-json\/wp\/v2\/media\/460451"}],"wp:attachment":[{"href":"https:\/\/www.daisho.be\/de\/wp-json\/wp\/v2\/media?parent=460443"}],"wp:term":[{"taxonomy":"product_brand","embeddable":true,"href":"https:\/\/www.daisho.be\/de\/wp-json\/wp\/v2\/product_brand?post=460443"},{"taxonomy":"product_cat","embeddable":true,"href":"https:\/\/www.daisho.be\/de\/wp-json\/wp\/v2\/product_cat?post=460443"},{"taxonomy":"product_tag","embeddable":true,"href":"https:\/\/www.daisho.be\/de\/wp-json\/wp\/v2\/product_tag?post=460443"},{"taxonomy":"sport","embeddable":true,"href":"https:\/\/www.daisho.be\/de\/wp-json\/wp\/v2\/sport?post=460443"}],"curies":[{"name":"wp","href":"https:\/\/api.w.org\/{rel}","templated":true}]}}