{"id":460404,"date":"2022-09-12T17:17:05","date_gmt":"2022-09-12T15:17:05","guid":{"rendered":"https:\/\/www.daisho.be\/produit\/beruhigende-arnika-creme\/"},"modified":"2026-02-13T09:20:46","modified_gmt":"2026-02-13T08:20:46","slug":"beruhigende-arnika-creme","status":"publish","type":"product","link":"https:\/\/www.daisho.be\/de\/produit\/beruhigende-arnika-creme\/","title":{"rendered":"BERUHIGENDE ARNIKA-CREME"},"content":{"rendered":"<p>AUF DER BASIS VON 100% NAT\u00dcRLICHEN PFLANZENEXTRAKTEN UND \u00c4THERISCHEN \u00d6LEN<\/p>\n<p>Diese Creme besteht aus Pflanzenextrakten und nat\u00fcrlichen \u00e4therischen \u00d6len und verst\u00e4rkt die Wirkung der Massage vor und nach der Anstrengung. Sie f\u00f6rdert die Entspannung von Muskeln und Gelenken. <\/p>\n<p>Inhalt: 250ml<\/p>\n","protected":false},"excerpt":{"rendered":"<p>AUF DER BASIS VON 100% NAT\u00dcRLICHEN PFLANZENEXTRAKTEN UND \u00c4THERISCHEN \u00d6LEN Diese Creme besteht aus Pflanzenextrakten und nat\u00fcrlichen \u00e4therischen \u00d6len und verst\u00e4rkt die Wirkung der Massage vor und nach der Anstrengung. Sie f\u00f6rdert die Entspannung von Muskeln und Gelenken. Inhalt: 250ml<\/p>\n","protected":false},"featured_media":460412,"comment_status":"open","ping_status":"closed","template":"","meta":{"inline_featured_image":false},"product_brand":[],"product_cat":[2088],"product_tag":[2079],"sport":[],"class_list":{"0":"post-460404","1":"product","2":"type-product","3":"status-publish","4":"has-post-thumbnail","6":"product_cat-cremes-de","7":"product_tag-meditech-de","8":"pa_size-sans-taille-defaut","10":"first","11":"instock","12":"sale","13":"taxable","14":"shipping-taxable","15":"purchasable","16":"product-type-simple"},"yoast_head":"<!-- This site is optimized with the Yoast SEO plugin v27.2 - https:\/\/yoast.com\/product\/yoast-seo-wordpress\/ -->\n<title>BERUHIGENDE ARNIKA-CREME &#8211; Daisho<\/title>\n<meta name=\"description\" content=\"Entdecken Sie die beruhigende Arnika-Creme von Meditech auf unserer Website www.daisho.be|Daisho. Sie f\u00f6rdert die Entspannung von Muskeln und Gelenken.\" \/>\n<meta name=\"robots\" content=\"index, follow, max-snippet:-1, max-image-preview:large, max-video-preview:-1\" \/>\n<link rel=\"canonical\" href=\"https:\/\/www.daisho.be\/de\/produit\/beruhigende-arnika-creme\/\" \/>\n<meta property=\"og:locale\" content=\"de_DE\" \/>\n<meta property=\"og:type\" content=\"article\" \/>\n<meta property=\"og:title\" content=\"BERUHIGENDE ARNIKA-CREME &#8211; Daisho\" \/>\n<meta property=\"og:description\" content=\"Entdecken Sie die beruhigende Arnika-Creme von Meditech auf unserer Website www.daisho.be|Daisho. Sie f\u00f6rdert die Entspannung von Muskeln und Gelenken.\" \/>\n<meta property=\"og:url\" content=\"https:\/\/www.daisho.be\/de\/produit\/beruhigende-arnika-creme\/\" \/>\n<meta property=\"og:site_name\" content=\"Daisho\" \/>\n<meta property=\"article:modified_time\" content=\"2026-02-13T08:20:46+00:00\" \/>\n<meta property=\"og:image\" content=\"https:\/\/www.daisho.be\/wp-content\/uploads\/2022\/09\/image-14.jpg\" \/>\n\t<meta property=\"og:image:width\" content=\"262\" \/>\n\t<meta property=\"og:image:height\" content=\"262\" \/>\n\t<meta property=\"og:image:type\" content=\"image\/jpeg\" \/>\n<meta name=\"twitter:card\" content=\"summary_large_image\" \/>\n<script type=\"application\/ld+json\" class=\"yoast-schema-graph\">{\"@context\":\"https:\/\/schema.org\",\"@graph\":[{\"@type\":\"WebPage\",\"@id\":\"https:\/\/www.daisho.be\/de\/produit\/beruhigende-arnika-creme\/\",\"url\":\"https:\/\/www.daisho.be\/de\/produit\/beruhigende-arnika-creme\/\",\"name\":\"BERUHIGENDE ARNIKA-CREME &#8211; Daisho\",\"isPartOf\":{\"@id\":\"https:\/\/www.daisho.be\/de\/#website\"},\"primaryImageOfPage\":{\"@id\":\"https:\/\/www.daisho.be\/de\/produit\/beruhigende-arnika-creme\/#primaryimage\"},\"image\":{\"@id\":\"https:\/\/www.daisho.be\/de\/produit\/beruhigende-arnika-creme\/#primaryimage\"},\"thumbnailUrl\":\"https:\/\/www.daisho.be\/wp-content\/uploads\/2022\/09\/image-14.jpg\",\"datePublished\":\"2022-09-12T15:17:05+00:00\",\"dateModified\":\"2026-02-13T08:20:46+00:00\",\"description\":\"Entdecken Sie die beruhigende Arnika-Creme von Meditech auf unserer Website www.daisho.be|Daisho. Sie f\u00f6rdert die Entspannung von Muskeln und Gelenken.\",\"breadcrumb\":{\"@id\":\"https:\/\/www.daisho.be\/de\/produit\/beruhigende-arnika-creme\/#breadcrumb\"},\"inLanguage\":\"de\",\"potentialAction\":[{\"@type\":\"ReadAction\",\"target\":[\"https:\/\/www.daisho.be\/de\/produit\/beruhigende-arnika-creme\/\"]}]},{\"@type\":\"ImageObject\",\"inLanguage\":\"de\",\"@id\":\"https:\/\/www.daisho.be\/de\/produit\/beruhigende-arnika-creme\/#primaryimage\",\"url\":\"https:\/\/www.daisho.be\/wp-content\/uploads\/2022\/09\/image-14.jpg\",\"contentUrl\":\"https:\/\/www.daisho.be\/wp-content\/uploads\/2022\/09\/image-14.jpg\",\"width\":262,\"height\":262,\"caption\":\"BERUHIGENDE CREME MIT ARNIKA-1\"},{\"@type\":\"BreadcrumbList\",\"@id\":\"https:\/\/www.daisho.be\/de\/produit\/beruhigende-arnika-creme\/#breadcrumb\",\"itemListElement\":[{\"@type\":\"ListItem\",\"position\":1,\"name\":\"Accueil\",\"item\":\"https:\/\/www.daisho.be\/de\/\"},{\"@type\":\"ListItem\",\"position\":2,\"name\":\"Produkte\",\"item\":\"https:\/\/www.daisho.be\/de\/produkte\/\"},{\"@type\":\"ListItem\",\"position\":3,\"name\":\"Sportlerpflege\",\"item\":\"https:\/\/www.daisho.be\/de\/categorie-produit\/sportlerpflege\/\"},{\"@type\":\"ListItem\",\"position\":4,\"name\":\"Cremes\",\"item\":\"https:\/\/www.daisho.be\/de\/categorie-produit\/sportlerpflege\/cremes-de\/\"},{\"@type\":\"ListItem\",\"position\":5,\"name\":\"BERUHIGENDE ARNIKA-CREME\"}]},{\"@type\":\"WebSite\",\"@id\":\"https:\/\/www.daisho.be\/de\/#website\",\"url\":\"https:\/\/www.daisho.be\/de\/\",\"name\":\"Daisho\",\"description\":\"Sp&eacute;cialiste de l'&eacute;quipement sportif d'arts martiaux\",\"publisher\":{\"@id\":\"https:\/\/www.daisho.be\/de\/#organization\"},\"potentialAction\":[{\"@type\":\"SearchAction\",\"target\":{\"@type\":\"EntryPoint\",\"urlTemplate\":\"https:\/\/www.daisho.be\/de\/?s={search_term_string}\"},\"query-input\":{\"@type\":\"PropertyValueSpecification\",\"valueRequired\":true,\"valueName\":\"search_term_string\"}}],\"inLanguage\":\"de\"},{\"@type\":\"Organization\",\"@id\":\"https:\/\/www.daisho.be\/de\/#organization\",\"name\":\"Daisho\",\"url\":\"https:\/\/www.daisho.be\/de\/\",\"logo\":{\"@type\":\"ImageObject\",\"inLanguage\":\"de\",\"@id\":\"https:\/\/www.daisho.be\/de\/#\/schema\/logo\/image\/\",\"url\":\"https:\/\/www.daisho.be\/wp-content\/uploads\/2019\/07\/color-nothing-horizontale4x-e1564486100247.png\",\"contentUrl\":\"https:\/\/www.daisho.be\/wp-content\/uploads\/2019\/07\/color-nothing-horizontale4x-e1564486100247.png\",\"width\":1547,\"height\":385,\"caption\":\"Daisho\"},\"image\":{\"@id\":\"https:\/\/www.daisho.be\/de\/#\/schema\/logo\/image\/\"}}]}<\/script>\n<!-- \/ Yoast SEO plugin. -->","yoast_head_json":{"title":"BERUHIGENDE ARNIKA-CREME &#8211; Daisho","description":"Entdecken Sie die beruhigende Arnika-Creme von Meditech auf unserer Website www.daisho.be|Daisho. Sie f\u00f6rdert die Entspannung von Muskeln und Gelenken.","robots":{"index":"index","follow":"follow","max-snippet":"max-snippet:-1","max-image-preview":"max-image-preview:large","max-video-preview":"max-video-preview:-1"},"canonical":"https:\/\/www.daisho.be\/de\/produit\/beruhigende-arnika-creme\/","og_locale":"de_DE","og_type":"article","og_title":"BERUHIGENDE ARNIKA-CREME &#8211; Daisho","og_description":"Entdecken Sie die beruhigende Arnika-Creme von Meditech auf unserer Website www.daisho.be|Daisho. Sie f\u00f6rdert die Entspannung von Muskeln und Gelenken.","og_url":"https:\/\/www.daisho.be\/de\/produit\/beruhigende-arnika-creme\/","og_site_name":"Daisho","article_modified_time":"2026-02-13T08:20:46+00:00","og_image":[{"width":262,"height":262,"url":"https:\/\/www.daisho.be\/wp-content\/uploads\/2022\/09\/image-14.jpg","type":"image\/jpeg"}],"twitter_card":"summary_large_image","schema":{"@context":"https:\/\/schema.org","@graph":[{"@type":"WebPage","@id":"https:\/\/www.daisho.be\/de\/produit\/beruhigende-arnika-creme\/","url":"https:\/\/www.daisho.be\/de\/produit\/beruhigende-arnika-creme\/","name":"BERUHIGENDE ARNIKA-CREME &#8211; Daisho","isPartOf":{"@id":"https:\/\/www.daisho.be\/de\/#website"},"primaryImageOfPage":{"@id":"https:\/\/www.daisho.be\/de\/produit\/beruhigende-arnika-creme\/#primaryimage"},"image":{"@id":"https:\/\/www.daisho.be\/de\/produit\/beruhigende-arnika-creme\/#primaryimage"},"thumbnailUrl":"https:\/\/www.daisho.be\/wp-content\/uploads\/2022\/09\/image-14.jpg","datePublished":"2022-09-12T15:17:05+00:00","dateModified":"2026-02-13T08:20:46+00:00","description":"Entdecken Sie die beruhigende Arnika-Creme von Meditech auf unserer Website www.daisho.be|Daisho. Sie f\u00f6rdert die Entspannung von Muskeln und Gelenken.","breadcrumb":{"@id":"https:\/\/www.daisho.be\/de\/produit\/beruhigende-arnika-creme\/#breadcrumb"},"inLanguage":"de","potentialAction":[{"@type":"ReadAction","target":["https:\/\/www.daisho.be\/de\/produit\/beruhigende-arnika-creme\/"]}]},{"@type":"ImageObject","inLanguage":"de","@id":"https:\/\/www.daisho.be\/de\/produit\/beruhigende-arnika-creme\/#primaryimage","url":"https:\/\/www.daisho.be\/wp-content\/uploads\/2022\/09\/image-14.jpg","contentUrl":"https:\/\/www.daisho.be\/wp-content\/uploads\/2022\/09\/image-14.jpg","width":262,"height":262,"caption":"BERUHIGENDE CREME MIT ARNIKA-1"},{"@type":"BreadcrumbList","@id":"https:\/\/www.daisho.be\/de\/produit\/beruhigende-arnika-creme\/#breadcrumb","itemListElement":[{"@type":"ListItem","position":1,"name":"Accueil","item":"https:\/\/www.daisho.be\/de\/"},{"@type":"ListItem","position":2,"name":"Produkte","item":"https:\/\/www.daisho.be\/de\/produkte\/"},{"@type":"ListItem","position":3,"name":"Sportlerpflege","item":"https:\/\/www.daisho.be\/de\/categorie-produit\/sportlerpflege\/"},{"@type":"ListItem","position":4,"name":"Cremes","item":"https:\/\/www.daisho.be\/de\/categorie-produit\/sportlerpflege\/cremes-de\/"},{"@type":"ListItem","position":5,"name":"BERUHIGENDE ARNIKA-CREME"}]},{"@type":"WebSite","@id":"https:\/\/www.daisho.be\/de\/#website","url":"https:\/\/www.daisho.be\/de\/","name":"Daisho","description":"Sp&eacute;cialiste de l'&eacute;quipement sportif d'arts martiaux","publisher":{"@id":"https:\/\/www.daisho.be\/de\/#organization"},"potentialAction":[{"@type":"SearchAction","target":{"@type":"EntryPoint","urlTemplate":"https:\/\/www.daisho.be\/de\/?s={search_term_string}"},"query-input":{"@type":"PropertyValueSpecification","valueRequired":true,"valueName":"search_term_string"}}],"inLanguage":"de"},{"@type":"Organization","@id":"https:\/\/www.daisho.be\/de\/#organization","name":"Daisho","url":"https:\/\/www.daisho.be\/de\/","logo":{"@type":"ImageObject","inLanguage":"de","@id":"https:\/\/www.daisho.be\/de\/#\/schema\/logo\/image\/","url":"https:\/\/www.daisho.be\/wp-content\/uploads\/2019\/07\/color-nothing-horizontale4x-e1564486100247.png","contentUrl":"https:\/\/www.daisho.be\/wp-content\/uploads\/2019\/07\/color-nothing-horizontale4x-e1564486100247.png","width":1547,"height":385,"caption":"Daisho"},"image":{"@id":"https:\/\/www.daisho.be\/de\/#\/schema\/logo\/image\/"}}]}},"_links":{"self":[{"href":"https:\/\/www.daisho.be\/de\/wp-json\/wp\/v2\/product\/460404","targetHints":{"allow":["GET"]}}],"collection":[{"href":"https:\/\/www.daisho.be\/de\/wp-json\/wp\/v2\/product"}],"about":[{"href":"https:\/\/www.daisho.be\/de\/wp-json\/wp\/v2\/types\/product"}],"replies":[{"embeddable":true,"href":"https:\/\/www.daisho.be\/de\/wp-json\/wp\/v2\/comments?post=460404"}],"wp:featuredmedia":[{"embeddable":true,"href":"https:\/\/www.daisho.be\/de\/wp-json\/wp\/v2\/media\/460412"}],"wp:attachment":[{"href":"https:\/\/www.daisho.be\/de\/wp-json\/wp\/v2\/media?parent=460404"}],"wp:term":[{"taxonomy":"product_brand","embeddable":true,"href":"https:\/\/www.daisho.be\/de\/wp-json\/wp\/v2\/product_brand?post=460404"},{"taxonomy":"product_cat","embeddable":true,"href":"https:\/\/www.daisho.be\/de\/wp-json\/wp\/v2\/product_cat?post=460404"},{"taxonomy":"product_tag","embeddable":true,"href":"https:\/\/www.daisho.be\/de\/wp-json\/wp\/v2\/product_tag?post=460404"},{"taxonomy":"sport","embeddable":true,"href":"https:\/\/www.daisho.be\/de\/wp-json\/wp\/v2\/sport?post=460404"}],"curies":[{"name":"wp","href":"https:\/\/api.w.org\/{rel}","templated":true}]}}