{"id":460365,"date":"2022-09-19T17:06:36","date_gmt":"2022-09-19T15:06:36","guid":{"rendered":"https:\/\/www.daisho.be\/produit\/drehpunkt-fuer-boxsaecke\/"},"modified":"2022-09-19T17:06:36","modified_gmt":"2022-09-19T15:06:36","slug":"drehpunkt-fuer-boxsaecke","status":"publish","type":"product","link":"https:\/\/www.daisho.be\/de\/produit\/drehpunkt-fuer-boxsaecke\/","title":{"rendered":"Drehpunkt f\u00fcr Boxs\u00e4cke"},"content":{"rendered":"<p>Dieses Drehgelenk f\u00fcr die Boxsackkette erm\u00f6glicht es dem Boxsack, sich zu drehen. Dadurch wird die Lebensdauer des Boxsacks verl\u00e4ngert.<br \/>\nF\u00fcr welche Boxs\u00e4cke ist das Drehgelenk geeignet?<br \/>\nDas Drehgelenk ist f\u00fcr alle Boxsackketten mit einem Karabinerhaken und einem Maximalgewicht von 70 kg geeignet. <\/p>\n","protected":false},"excerpt":{"rendered":"<p>Dieses Drehgelenk f\u00fcr die Boxsackkette erm\u00f6glicht es dem Boxsack, sich zu drehen. Dadurch wird die Lebensdauer des Boxsacks verl\u00e4ngert. F\u00fcr welche Boxs\u00e4cke ist das Drehgelenk geeignet? Das Drehgelenk ist f\u00fcr alle Boxsackketten mit einem Karabinerhaken und einem Maximalgewicht von 70 kg geeignet.<\/p>\n","protected":false},"featured_media":460367,"comment_status":"open","ping_status":"closed","template":"","meta":{"inline_featured_image":false},"product_brand":[],"product_cat":[2134,2132],"product_tag":[2053],"sport":[],"class_list":{"0":"post-460365","1":"product","2":"type-product","3":"status-publish","4":"has-post-thumbnail","6":"product_cat-boxsacke-de","7":"product_cat-boxsacke","8":"product_tag-daisho-de","10":"first","11":"instock","12":"taxable","13":"shipping-taxable","14":"purchasable","15":"product-type-simple"},"yoast_head":"<!-- This site is optimized with the Yoast SEO plugin v27.2 - https:\/\/yoast.com\/product\/yoast-seo-wordpress\/ -->\n<title>Drehpunkt f\u00fcr Boxs\u00e4cke &#8211; Daisho<\/title>\n<meta name=\"robots\" content=\"index, follow, max-snippet:-1, max-image-preview:large, max-video-preview:-1\" \/>\n<link rel=\"canonical\" href=\"https:\/\/www.daisho.be\/de\/produit\/drehpunkt-fuer-boxsaecke\/\" \/>\n<meta property=\"og:locale\" content=\"de_DE\" \/>\n<meta property=\"og:type\" content=\"article\" \/>\n<meta property=\"og:title\" content=\"Drehpunkt f\u00fcr Boxs\u00e4cke &#8211; Daisho\" \/>\n<meta property=\"og:description\" content=\"Dieses Drehgelenk f\u00fcr die Boxsackkette erm\u00f6glicht es dem Boxsack, sich zu drehen. Dadurch wird die Lebensdauer des Boxsacks verl\u00e4ngert. F\u00fcr welche Boxs\u00e4cke ist das Drehgelenk geeignet? Das Drehgelenk ist f\u00fcr alle Boxsackketten mit einem Karabinerhaken und einem Maximalgewicht von 70 kg geeignet.\" \/>\n<meta property=\"og:url\" content=\"https:\/\/www.daisho.be\/de\/produit\/drehpunkt-fuer-boxsaecke\/\" \/>\n<meta property=\"og:site_name\" content=\"Daisho\" \/>\n<meta property=\"og:image\" content=\"https:\/\/www.daisho.be\/wp-content\/uploads\/2022\/09\/image-31.jpg\" \/>\n\t<meta property=\"og:image:width\" content=\"650\" \/>\n\t<meta property=\"og:image:height\" content=\"650\" \/>\n\t<meta property=\"og:image:type\" content=\"image\/jpeg\" \/>\n<meta name=\"twitter:card\" content=\"summary_large_image\" \/>\n<script type=\"application\/ld+json\" class=\"yoast-schema-graph\">{\"@context\":\"https:\/\/schema.org\",\"@graph\":[{\"@type\":\"WebPage\",\"@id\":\"https:\/\/www.daisho.be\/de\/produit\/drehpunkt-fuer-boxsaecke\/\",\"url\":\"https:\/\/www.daisho.be\/de\/produit\/drehpunkt-fuer-boxsaecke\/\",\"name\":\"Drehpunkt f\u00fcr Boxs\u00e4cke &#8211; Daisho\",\"isPartOf\":{\"@id\":\"https:\/\/www.daisho.be\/de\/#website\"},\"primaryImageOfPage\":{\"@id\":\"https:\/\/www.daisho.be\/de\/produit\/drehpunkt-fuer-boxsaecke\/#primaryimage\"},\"image\":{\"@id\":\"https:\/\/www.daisho.be\/de\/produit\/drehpunkt-fuer-boxsaecke\/#primaryimage\"},\"thumbnailUrl\":\"https:\/\/www.daisho.be\/wp-content\/uploads\/2022\/09\/image-31.jpg\",\"datePublished\":\"2022-09-19T15:06:36+00:00\",\"breadcrumb\":{\"@id\":\"https:\/\/www.daisho.be\/de\/produit\/drehpunkt-fuer-boxsaecke\/#breadcrumb\"},\"inLanguage\":\"de\",\"potentialAction\":[{\"@type\":\"ReadAction\",\"target\":[\"https:\/\/www.daisho.be\/de\/produit\/drehpunkt-fuer-boxsaecke\/\"]}]},{\"@type\":\"ImageObject\",\"inLanguage\":\"de\",\"@id\":\"https:\/\/www.daisho.be\/de\/produit\/drehpunkt-fuer-boxsaecke\/#primaryimage\",\"url\":\"https:\/\/www.daisho.be\/wp-content\/uploads\/2022\/09\/image-31.jpg\",\"contentUrl\":\"https:\/\/www.daisho.be\/wp-content\/uploads\/2022\/09\/image-31.jpg\",\"width\":650,\"height\":650},{\"@type\":\"BreadcrumbList\",\"@id\":\"https:\/\/www.daisho.be\/de\/produit\/drehpunkt-fuer-boxsaecke\/#breadcrumb\",\"itemListElement\":[{\"@type\":\"ListItem\",\"position\":1,\"name\":\"Accueil\",\"item\":\"https:\/\/www.daisho.be\/de\/\"},{\"@type\":\"ListItem\",\"position\":2,\"name\":\"Produkte\",\"item\":\"https:\/\/www.daisho.be\/de\/produkte\/\"},{\"@type\":\"ListItem\",\"position\":3,\"name\":\"Ausr\u00fcstung und Kleidung f\u00fcr Kampfkunst und Kampfsport\",\"item\":\"https:\/\/www.daisho.be\/de\/categorie-produit\/ausrustung-und-kleidung-fur-kampfkunst-und-kampfsport\/\"},{\"@type\":\"ListItem\",\"position\":4,\"name\":\"Boxen\",\"item\":\"https:\/\/www.daisho.be\/de\/categorie-produit\/ausrustung-und-kleidung-fur-kampfkunst-und-kampfsport\/boxen-de\/\"},{\"@type\":\"ListItem\",\"position\":5,\"name\":\"Boxs\u00e4cke\",\"item\":\"https:\/\/www.daisho.be\/de\/categorie-produit\/ausrustung-und-kleidung-fur-kampfkunst-und-kampfsport\/boxen-de\/boxsacke-de\/\"},{\"@type\":\"ListItem\",\"position\":6,\"name\":\"Drehpunkt f\u00fcr Boxs\u00e4cke\"}]},{\"@type\":\"WebSite\",\"@id\":\"https:\/\/www.daisho.be\/de\/#website\",\"url\":\"https:\/\/www.daisho.be\/de\/\",\"name\":\"Daisho\",\"description\":\"Sp&eacute;cialiste de l'&eacute;quipement sportif d'arts martiaux\",\"publisher\":{\"@id\":\"https:\/\/www.daisho.be\/de\/#organization\"},\"potentialAction\":[{\"@type\":\"SearchAction\",\"target\":{\"@type\":\"EntryPoint\",\"urlTemplate\":\"https:\/\/www.daisho.be\/de\/?s={search_term_string}\"},\"query-input\":{\"@type\":\"PropertyValueSpecification\",\"valueRequired\":true,\"valueName\":\"search_term_string\"}}],\"inLanguage\":\"de\"},{\"@type\":\"Organization\",\"@id\":\"https:\/\/www.daisho.be\/de\/#organization\",\"name\":\"Daisho\",\"url\":\"https:\/\/www.daisho.be\/de\/\",\"logo\":{\"@type\":\"ImageObject\",\"inLanguage\":\"de\",\"@id\":\"https:\/\/www.daisho.be\/de\/#\/schema\/logo\/image\/\",\"url\":\"https:\/\/www.daisho.be\/wp-content\/uploads\/2019\/07\/color-nothing-horizontale4x-e1564486100247.png\",\"contentUrl\":\"https:\/\/www.daisho.be\/wp-content\/uploads\/2019\/07\/color-nothing-horizontale4x-e1564486100247.png\",\"width\":1547,\"height\":385,\"caption\":\"Daisho\"},\"image\":{\"@id\":\"https:\/\/www.daisho.be\/de\/#\/schema\/logo\/image\/\"}}]}<\/script>\n<!-- \/ Yoast SEO plugin. -->","yoast_head_json":{"title":"Drehpunkt f\u00fcr Boxs\u00e4cke &#8211; Daisho","robots":{"index":"index","follow":"follow","max-snippet":"max-snippet:-1","max-image-preview":"max-image-preview:large","max-video-preview":"max-video-preview:-1"},"canonical":"https:\/\/www.daisho.be\/de\/produit\/drehpunkt-fuer-boxsaecke\/","og_locale":"de_DE","og_type":"article","og_title":"Drehpunkt f\u00fcr Boxs\u00e4cke &#8211; Daisho","og_description":"Dieses Drehgelenk f\u00fcr die Boxsackkette erm\u00f6glicht es dem Boxsack, sich zu drehen. Dadurch wird die Lebensdauer des Boxsacks verl\u00e4ngert. F\u00fcr welche Boxs\u00e4cke ist das Drehgelenk geeignet? Das Drehgelenk ist f\u00fcr alle Boxsackketten mit einem Karabinerhaken und einem Maximalgewicht von 70 kg geeignet.","og_url":"https:\/\/www.daisho.be\/de\/produit\/drehpunkt-fuer-boxsaecke\/","og_site_name":"Daisho","og_image":[{"width":650,"height":650,"url":"https:\/\/www.daisho.be\/wp-content\/uploads\/2022\/09\/image-31.jpg","type":"image\/jpeg"}],"twitter_card":"summary_large_image","schema":{"@context":"https:\/\/schema.org","@graph":[{"@type":"WebPage","@id":"https:\/\/www.daisho.be\/de\/produit\/drehpunkt-fuer-boxsaecke\/","url":"https:\/\/www.daisho.be\/de\/produit\/drehpunkt-fuer-boxsaecke\/","name":"Drehpunkt f\u00fcr Boxs\u00e4cke &#8211; Daisho","isPartOf":{"@id":"https:\/\/www.daisho.be\/de\/#website"},"primaryImageOfPage":{"@id":"https:\/\/www.daisho.be\/de\/produit\/drehpunkt-fuer-boxsaecke\/#primaryimage"},"image":{"@id":"https:\/\/www.daisho.be\/de\/produit\/drehpunkt-fuer-boxsaecke\/#primaryimage"},"thumbnailUrl":"https:\/\/www.daisho.be\/wp-content\/uploads\/2022\/09\/image-31.jpg","datePublished":"2022-09-19T15:06:36+00:00","breadcrumb":{"@id":"https:\/\/www.daisho.be\/de\/produit\/drehpunkt-fuer-boxsaecke\/#breadcrumb"},"inLanguage":"de","potentialAction":[{"@type":"ReadAction","target":["https:\/\/www.daisho.be\/de\/produit\/drehpunkt-fuer-boxsaecke\/"]}]},{"@type":"ImageObject","inLanguage":"de","@id":"https:\/\/www.daisho.be\/de\/produit\/drehpunkt-fuer-boxsaecke\/#primaryimage","url":"https:\/\/www.daisho.be\/wp-content\/uploads\/2022\/09\/image-31.jpg","contentUrl":"https:\/\/www.daisho.be\/wp-content\/uploads\/2022\/09\/image-31.jpg","width":650,"height":650},{"@type":"BreadcrumbList","@id":"https:\/\/www.daisho.be\/de\/produit\/drehpunkt-fuer-boxsaecke\/#breadcrumb","itemListElement":[{"@type":"ListItem","position":1,"name":"Accueil","item":"https:\/\/www.daisho.be\/de\/"},{"@type":"ListItem","position":2,"name":"Produkte","item":"https:\/\/www.daisho.be\/de\/produkte\/"},{"@type":"ListItem","position":3,"name":"Ausr\u00fcstung und Kleidung f\u00fcr Kampfkunst und Kampfsport","item":"https:\/\/www.daisho.be\/de\/categorie-produit\/ausrustung-und-kleidung-fur-kampfkunst-und-kampfsport\/"},{"@type":"ListItem","position":4,"name":"Boxen","item":"https:\/\/www.daisho.be\/de\/categorie-produit\/ausrustung-und-kleidung-fur-kampfkunst-und-kampfsport\/boxen-de\/"},{"@type":"ListItem","position":5,"name":"Boxs\u00e4cke","item":"https:\/\/www.daisho.be\/de\/categorie-produit\/ausrustung-und-kleidung-fur-kampfkunst-und-kampfsport\/boxen-de\/boxsacke-de\/"},{"@type":"ListItem","position":6,"name":"Drehpunkt f\u00fcr Boxs\u00e4cke"}]},{"@type":"WebSite","@id":"https:\/\/www.daisho.be\/de\/#website","url":"https:\/\/www.daisho.be\/de\/","name":"Daisho","description":"Sp&eacute;cialiste de l'&eacute;quipement sportif d'arts martiaux","publisher":{"@id":"https:\/\/www.daisho.be\/de\/#organization"},"potentialAction":[{"@type":"SearchAction","target":{"@type":"EntryPoint","urlTemplate":"https:\/\/www.daisho.be\/de\/?s={search_term_string}"},"query-input":{"@type":"PropertyValueSpecification","valueRequired":true,"valueName":"search_term_string"}}],"inLanguage":"de"},{"@type":"Organization","@id":"https:\/\/www.daisho.be\/de\/#organization","name":"Daisho","url":"https:\/\/www.daisho.be\/de\/","logo":{"@type":"ImageObject","inLanguage":"de","@id":"https:\/\/www.daisho.be\/de\/#\/schema\/logo\/image\/","url":"https:\/\/www.daisho.be\/wp-content\/uploads\/2019\/07\/color-nothing-horizontale4x-e1564486100247.png","contentUrl":"https:\/\/www.daisho.be\/wp-content\/uploads\/2019\/07\/color-nothing-horizontale4x-e1564486100247.png","width":1547,"height":385,"caption":"Daisho"},"image":{"@id":"https:\/\/www.daisho.be\/de\/#\/schema\/logo\/image\/"}}]}},"_links":{"self":[{"href":"https:\/\/www.daisho.be\/de\/wp-json\/wp\/v2\/product\/460365","targetHints":{"allow":["GET"]}}],"collection":[{"href":"https:\/\/www.daisho.be\/de\/wp-json\/wp\/v2\/product"}],"about":[{"href":"https:\/\/www.daisho.be\/de\/wp-json\/wp\/v2\/types\/product"}],"replies":[{"embeddable":true,"href":"https:\/\/www.daisho.be\/de\/wp-json\/wp\/v2\/comments?post=460365"}],"wp:featuredmedia":[{"embeddable":true,"href":"https:\/\/www.daisho.be\/de\/wp-json\/wp\/v2\/media\/460367"}],"wp:attachment":[{"href":"https:\/\/www.daisho.be\/de\/wp-json\/wp\/v2\/media?parent=460365"}],"wp:term":[{"taxonomy":"product_brand","embeddable":true,"href":"https:\/\/www.daisho.be\/de\/wp-json\/wp\/v2\/product_brand?post=460365"},{"taxonomy":"product_cat","embeddable":true,"href":"https:\/\/www.daisho.be\/de\/wp-json\/wp\/v2\/product_cat?post=460365"},{"taxonomy":"product_tag","embeddable":true,"href":"https:\/\/www.daisho.be\/de\/wp-json\/wp\/v2\/product_tag?post=460365"},{"taxonomy":"sport","embeddable":true,"href":"https:\/\/www.daisho.be\/de\/wp-json\/wp\/v2\/sport?post=460365"}],"curies":[{"name":"wp","href":"https:\/\/api.w.org\/{rel}","templated":true}]}}