{"id":460348,"date":"2022-10-17T16:11:39","date_gmt":"2022-10-17T14:11:39","guid":{"rendered":"https:\/\/www.daisho.be\/produit\/victory-sports-wandhalterung-fuer-boxsack\/"},"modified":"2022-10-17T16:11:39","modified_gmt":"2022-10-17T14:11:39","slug":"victory-sports-wandhalterung-fuer-boxsack","status":"publish","type":"product","link":"https:\/\/www.daisho.be\/de\/produit\/victory-sports-wandhalterung-fuer-boxsack\/","title":{"rendered":"Victory Sports Wandhalterung f\u00fcr Boxsack"},"content":{"rendered":"<p>Das meistverkaufte Material f\u00fcr den Boxsack ist diese Boxsack-Halterung.<br \/>\nDiese Aufh\u00e4ngevorrichtung ist extrem stabil und f\u00fcr jeden Boxsack geeignet. Es ist ein g\u00fcnstiger Boxsackaufh\u00e4nger von hoher Qualit\u00e4t.<br \/>\nDieses Produkt wird mit einer zweij\u00e4hrigen Garantie geliefert.<br \/>\nWenn Sie einen Boxsack aufh\u00e4ngen wollen, muss er sicher an der Wand befestigt werden. Mit dem Victory Sports Boxsack Wandhalter kaufen Sie den besten verf\u00fcgbaren Wandhalter.<br \/>\nDer Wandhalter aus Stahl ist so konzipiert, dass er alle Kr\u00e4fte auf den Boxsack ohne Probleme aufnehmen kann. Die Wandhalterung ist extrem robust und kann sowohl zu Hause als auch in der Turnhalle verwendet werden. Die Wandhalterung wird mit Montagematerial geliefert.<br \/>\nDie H\u00e4nge-\/Wandhalterung ist f\u00fcr alle Boxs\u00e4cke aller Marken geeignet. Das maximale Belastungsgewicht des Wandhalters betr\u00e4gt 70 kg.<br \/>\nDer Aufh\u00e4nger hat eine L\u00e4nge von 75 cm. Der Aufh\u00e4ngepunkt f\u00fcr den Boxsack ist 75 cm von der Wand entfernt. Dies ist ausreichend, um alle \u00fcblichen Boxsack\u00fcbungen durchzuf\u00fchren.<br \/>\nDie H\u00f6he, die Sie ben\u00f6tigen, um die Victory Sports Boxsackhalterung an der Wand zu befestigen, h\u00e4ngt von Ihrer eigenen L\u00e4nge und der L\u00e4nge des Boxsacks ab. Sie k\u00f6nnen dies wie folgt berechnen:<br \/>\n&#8211; Die Oberseite des Boxsacks sollte 10 cm l\u00e4nger sein als Sie.<br \/>\n&#8211; Dann kommt die 30 cm lange Kette und dann die Wandhalterung.<br \/>\nAlso eigene L\u00e4nge + 10 cm + 30 cm.         Dies ist die ideale H\u00f6he, die Sie immer variieren k\u00f6nnen, wenn Sie m\u00f6chten.<br \/>\nVorteile eines Boxsackst\u00e4nders:<br \/>\n&#8211; sehr robustes und langlebiges Material<br \/>\n&#8211; f\u00fcr alle Boxsackmarken geeignet<br \/>\n&#8211; 2 Jahre Garantie<br \/>\n&#8211; einfach zu befestigen<br \/>\n&#8211; getestet bis 70 kg<br \/>\n&#8211; zu Hause und im Fitnessstudio<\/p>\n","protected":false},"excerpt":{"rendered":"<p>Das meistverkaufte Material f\u00fcr den Boxsack ist diese Boxsack-Halterung. Diese Aufh\u00e4ngevorrichtung ist extrem stabil und f\u00fcr jeden Boxsack geeignet. Es ist ein g\u00fcnstiger Boxsackaufh\u00e4nger von hoher Qualit\u00e4t. Dieses Produkt wird mit einer zweij\u00e4hrigen Garantie geliefert. Wenn Sie einen Boxsack aufh\u00e4ngen wollen, muss er sicher an der Wand befestigt werden. Mit dem Victory Sports Boxsack Wandhalter [&hellip;]<\/p>\n","protected":false},"featured_media":460351,"comment_status":"closed","ping_status":"closed","template":"","meta":{"inline_featured_image":false},"product_brand":[],"product_cat":[2132,2056,2100,2043],"product_tag":[2268],"sport":[],"class_list":{"0":"post-460348","1":"product","2":"type-product","3":"status-publish","4":"has-post-thumbnail","6":"product_cat-boxsacke","7":"product_cat-kick-boxing-trainingsmaterial","8":"product_cat-mma-trainingsmaterial","9":"product_cat-trainingsmaterial-boxen","10":"product_tag-victory-sports-de","11":"product_shipping_class-schwere-produkte","13":"first","14":"instock","15":"taxable","16":"shipping-taxable","17":"purchasable","18":"product-type-simple"},"yoast_head":"<!-- This site is optimized with the Yoast SEO plugin v27.2 - https:\/\/yoast.com\/product\/yoast-seo-wordpress\/ -->\n<title>Victory Sports Wandhalterung f\u00fcr Boxsack &#8211; Daisho<\/title>\n<meta name=\"robots\" content=\"index, follow, max-snippet:-1, max-image-preview:large, max-video-preview:-1\" \/>\n<link rel=\"canonical\" href=\"https:\/\/www.daisho.be\/de\/produit\/victory-sports-wandhalterung-fuer-boxsack\/\" \/>\n<meta property=\"og:locale\" content=\"de_DE\" \/>\n<meta property=\"og:type\" content=\"article\" \/>\n<meta property=\"og:title\" content=\"Victory Sports Wandhalterung f\u00fcr Boxsack &#8211; Daisho\" \/>\n<meta property=\"og:description\" content=\"Das meistverkaufte Material f\u00fcr den Boxsack ist diese Boxsack-Halterung. Diese Aufh\u00e4ngevorrichtung ist extrem stabil und f\u00fcr jeden Boxsack geeignet. Es ist ein g\u00fcnstiger Boxsackaufh\u00e4nger von hoher Qualit\u00e4t. Dieses Produkt wird mit einer zweij\u00e4hrigen Garantie geliefert. Wenn Sie einen Boxsack aufh\u00e4ngen wollen, muss er sicher an der Wand befestigt werden. Mit dem Victory Sports Boxsack Wandhalter [&hellip;]\" \/>\n<meta property=\"og:url\" content=\"https:\/\/www.daisho.be\/de\/produit\/victory-sports-wandhalterung-fuer-boxsack\/\" \/>\n<meta property=\"og:site_name\" content=\"Daisho\" \/>\n<meta property=\"og:image\" content=\"https:\/\/www.daisho.be\/wp-content\/uploads\/2022\/10\/image-70.jpg\" \/>\n\t<meta property=\"og:image:width\" content=\"585\" \/>\n\t<meta property=\"og:image:height\" content=\"585\" \/>\n\t<meta property=\"og:image:type\" content=\"image\/jpeg\" \/>\n<meta name=\"twitter:card\" content=\"summary_large_image\" \/>\n<meta name=\"twitter:label1\" content=\"Gesch\u00e4tzte Lesezeit\" \/>\n\t<meta name=\"twitter:data1\" content=\"1\u00a0Minute\" \/>\n<script type=\"application\/ld+json\" class=\"yoast-schema-graph\">{\"@context\":\"https:\/\/schema.org\",\"@graph\":[{\"@type\":\"WebPage\",\"@id\":\"https:\/\/www.daisho.be\/de\/produit\/victory-sports-wandhalterung-fuer-boxsack\/\",\"url\":\"https:\/\/www.daisho.be\/de\/produit\/victory-sports-wandhalterung-fuer-boxsack\/\",\"name\":\"Victory Sports Wandhalterung f\u00fcr Boxsack &#8211; Daisho\",\"isPartOf\":{\"@id\":\"https:\/\/www.daisho.be\/de\/#website\"},\"primaryImageOfPage\":{\"@id\":\"https:\/\/www.daisho.be\/de\/produit\/victory-sports-wandhalterung-fuer-boxsack\/#primaryimage\"},\"image\":{\"@id\":\"https:\/\/www.daisho.be\/de\/produit\/victory-sports-wandhalterung-fuer-boxsack\/#primaryimage\"},\"thumbnailUrl\":\"https:\/\/www.daisho.be\/wp-content\/uploads\/2022\/10\/image-70.jpg\",\"datePublished\":\"2022-10-17T14:11:39+00:00\",\"breadcrumb\":{\"@id\":\"https:\/\/www.daisho.be\/de\/produit\/victory-sports-wandhalterung-fuer-boxsack\/#breadcrumb\"},\"inLanguage\":\"de\",\"potentialAction\":[{\"@type\":\"ReadAction\",\"target\":[\"https:\/\/www.daisho.be\/de\/produit\/victory-sports-wandhalterung-fuer-boxsack\/\"]}]},{\"@type\":\"ImageObject\",\"inLanguage\":\"de\",\"@id\":\"https:\/\/www.daisho.be\/de\/produit\/victory-sports-wandhalterung-fuer-boxsack\/#primaryimage\",\"url\":\"https:\/\/www.daisho.be\/wp-content\/uploads\/2022\/10\/image-70.jpg\",\"contentUrl\":\"https:\/\/www.daisho.be\/wp-content\/uploads\/2022\/10\/image-70.jpg\",\"width\":585,\"height\":585},{\"@type\":\"BreadcrumbList\",\"@id\":\"https:\/\/www.daisho.be\/de\/produit\/victory-sports-wandhalterung-fuer-boxsack\/#breadcrumb\",\"itemListElement\":[{\"@type\":\"ListItem\",\"position\":1,\"name\":\"Accueil\",\"item\":\"https:\/\/www.daisho.be\/de\/\"},{\"@type\":\"ListItem\",\"position\":2,\"name\":\"Produkte\",\"item\":\"https:\/\/www.daisho.be\/de\/produkte\/\"},{\"@type\":\"ListItem\",\"position\":3,\"name\":\"Ausr\u00fcstung und Kleidung f\u00fcr Kampfkunst und Kampfsport\",\"item\":\"https:\/\/www.daisho.be\/de\/categorie-produit\/ausrustung-und-kleidung-fur-kampfkunst-und-kampfsport\/\"},{\"@type\":\"ListItem\",\"position\":4,\"name\":\"Kick Boxing\",\"item\":\"https:\/\/www.daisho.be\/de\/categorie-produit\/ausrustung-und-kleidung-fur-kampfkunst-und-kampfsport\/kick-boxing-de-2\/\"},{\"@type\":\"ListItem\",\"position\":5,\"name\":\"Kick-Boxing Trainingsmaterial\",\"item\":\"https:\/\/www.daisho.be\/de\/categorie-produit\/ausrustung-und-kleidung-fur-kampfkunst-und-kampfsport\/kick-boxing-de-2\/kick-boxing-trainingsmaterial\/\"},{\"@type\":\"ListItem\",\"position\":6,\"name\":\"Victory Sports Wandhalterung f\u00fcr Boxsack\"}]},{\"@type\":\"WebSite\",\"@id\":\"https:\/\/www.daisho.be\/de\/#website\",\"url\":\"https:\/\/www.daisho.be\/de\/\",\"name\":\"Daisho\",\"description\":\"Sp&eacute;cialiste de l'&eacute;quipement sportif d'arts martiaux\",\"publisher\":{\"@id\":\"https:\/\/www.daisho.be\/de\/#organization\"},\"potentialAction\":[{\"@type\":\"SearchAction\",\"target\":{\"@type\":\"EntryPoint\",\"urlTemplate\":\"https:\/\/www.daisho.be\/de\/?s={search_term_string}\"},\"query-input\":{\"@type\":\"PropertyValueSpecification\",\"valueRequired\":true,\"valueName\":\"search_term_string\"}}],\"inLanguage\":\"de\"},{\"@type\":\"Organization\",\"@id\":\"https:\/\/www.daisho.be\/de\/#organization\",\"name\":\"Daisho\",\"url\":\"https:\/\/www.daisho.be\/de\/\",\"logo\":{\"@type\":\"ImageObject\",\"inLanguage\":\"de\",\"@id\":\"https:\/\/www.daisho.be\/de\/#\/schema\/logo\/image\/\",\"url\":\"https:\/\/www.daisho.be\/wp-content\/uploads\/2019\/07\/color-nothing-horizontale4x-e1564486100247.png\",\"contentUrl\":\"https:\/\/www.daisho.be\/wp-content\/uploads\/2019\/07\/color-nothing-horizontale4x-e1564486100247.png\",\"width\":1547,\"height\":385,\"caption\":\"Daisho\"},\"image\":{\"@id\":\"https:\/\/www.daisho.be\/de\/#\/schema\/logo\/image\/\"}}]}<\/script>\n<!-- \/ Yoast SEO plugin. -->","yoast_head_json":{"title":"Victory Sports Wandhalterung f\u00fcr Boxsack &#8211; Daisho","robots":{"index":"index","follow":"follow","max-snippet":"max-snippet:-1","max-image-preview":"max-image-preview:large","max-video-preview":"max-video-preview:-1"},"canonical":"https:\/\/www.daisho.be\/de\/produit\/victory-sports-wandhalterung-fuer-boxsack\/","og_locale":"de_DE","og_type":"article","og_title":"Victory Sports Wandhalterung f\u00fcr Boxsack &#8211; Daisho","og_description":"Das meistverkaufte Material f\u00fcr den Boxsack ist diese Boxsack-Halterung. Diese Aufh\u00e4ngevorrichtung ist extrem stabil und f\u00fcr jeden Boxsack geeignet. Es ist ein g\u00fcnstiger Boxsackaufh\u00e4nger von hoher Qualit\u00e4t. Dieses Produkt wird mit einer zweij\u00e4hrigen Garantie geliefert. Wenn Sie einen Boxsack aufh\u00e4ngen wollen, muss er sicher an der Wand befestigt werden. Mit dem Victory Sports Boxsack Wandhalter [&hellip;]","og_url":"https:\/\/www.daisho.be\/de\/produit\/victory-sports-wandhalterung-fuer-boxsack\/","og_site_name":"Daisho","og_image":[{"width":585,"height":585,"url":"https:\/\/www.daisho.be\/wp-content\/uploads\/2022\/10\/image-70.jpg","type":"image\/jpeg"}],"twitter_card":"summary_large_image","twitter_misc":{"Gesch\u00e4tzte Lesezeit":"1\u00a0Minute"},"schema":{"@context":"https:\/\/schema.org","@graph":[{"@type":"WebPage","@id":"https:\/\/www.daisho.be\/de\/produit\/victory-sports-wandhalterung-fuer-boxsack\/","url":"https:\/\/www.daisho.be\/de\/produit\/victory-sports-wandhalterung-fuer-boxsack\/","name":"Victory Sports Wandhalterung f\u00fcr Boxsack &#8211; Daisho","isPartOf":{"@id":"https:\/\/www.daisho.be\/de\/#website"},"primaryImageOfPage":{"@id":"https:\/\/www.daisho.be\/de\/produit\/victory-sports-wandhalterung-fuer-boxsack\/#primaryimage"},"image":{"@id":"https:\/\/www.daisho.be\/de\/produit\/victory-sports-wandhalterung-fuer-boxsack\/#primaryimage"},"thumbnailUrl":"https:\/\/www.daisho.be\/wp-content\/uploads\/2022\/10\/image-70.jpg","datePublished":"2022-10-17T14:11:39+00:00","breadcrumb":{"@id":"https:\/\/www.daisho.be\/de\/produit\/victory-sports-wandhalterung-fuer-boxsack\/#breadcrumb"},"inLanguage":"de","potentialAction":[{"@type":"ReadAction","target":["https:\/\/www.daisho.be\/de\/produit\/victory-sports-wandhalterung-fuer-boxsack\/"]}]},{"@type":"ImageObject","inLanguage":"de","@id":"https:\/\/www.daisho.be\/de\/produit\/victory-sports-wandhalterung-fuer-boxsack\/#primaryimage","url":"https:\/\/www.daisho.be\/wp-content\/uploads\/2022\/10\/image-70.jpg","contentUrl":"https:\/\/www.daisho.be\/wp-content\/uploads\/2022\/10\/image-70.jpg","width":585,"height":585},{"@type":"BreadcrumbList","@id":"https:\/\/www.daisho.be\/de\/produit\/victory-sports-wandhalterung-fuer-boxsack\/#breadcrumb","itemListElement":[{"@type":"ListItem","position":1,"name":"Accueil","item":"https:\/\/www.daisho.be\/de\/"},{"@type":"ListItem","position":2,"name":"Produkte","item":"https:\/\/www.daisho.be\/de\/produkte\/"},{"@type":"ListItem","position":3,"name":"Ausr\u00fcstung und Kleidung f\u00fcr Kampfkunst und Kampfsport","item":"https:\/\/www.daisho.be\/de\/categorie-produit\/ausrustung-und-kleidung-fur-kampfkunst-und-kampfsport\/"},{"@type":"ListItem","position":4,"name":"Kick Boxing","item":"https:\/\/www.daisho.be\/de\/categorie-produit\/ausrustung-und-kleidung-fur-kampfkunst-und-kampfsport\/kick-boxing-de-2\/"},{"@type":"ListItem","position":5,"name":"Kick-Boxing Trainingsmaterial","item":"https:\/\/www.daisho.be\/de\/categorie-produit\/ausrustung-und-kleidung-fur-kampfkunst-und-kampfsport\/kick-boxing-de-2\/kick-boxing-trainingsmaterial\/"},{"@type":"ListItem","position":6,"name":"Victory Sports Wandhalterung f\u00fcr Boxsack"}]},{"@type":"WebSite","@id":"https:\/\/www.daisho.be\/de\/#website","url":"https:\/\/www.daisho.be\/de\/","name":"Daisho","description":"Sp&eacute;cialiste de l'&eacute;quipement sportif d'arts martiaux","publisher":{"@id":"https:\/\/www.daisho.be\/de\/#organization"},"potentialAction":[{"@type":"SearchAction","target":{"@type":"EntryPoint","urlTemplate":"https:\/\/www.daisho.be\/de\/?s={search_term_string}"},"query-input":{"@type":"PropertyValueSpecification","valueRequired":true,"valueName":"search_term_string"}}],"inLanguage":"de"},{"@type":"Organization","@id":"https:\/\/www.daisho.be\/de\/#organization","name":"Daisho","url":"https:\/\/www.daisho.be\/de\/","logo":{"@type":"ImageObject","inLanguage":"de","@id":"https:\/\/www.daisho.be\/de\/#\/schema\/logo\/image\/","url":"https:\/\/www.daisho.be\/wp-content\/uploads\/2019\/07\/color-nothing-horizontale4x-e1564486100247.png","contentUrl":"https:\/\/www.daisho.be\/wp-content\/uploads\/2019\/07\/color-nothing-horizontale4x-e1564486100247.png","width":1547,"height":385,"caption":"Daisho"},"image":{"@id":"https:\/\/www.daisho.be\/de\/#\/schema\/logo\/image\/"}}]}},"_links":{"self":[{"href":"https:\/\/www.daisho.be\/de\/wp-json\/wp\/v2\/product\/460348","targetHints":{"allow":["GET"]}}],"collection":[{"href":"https:\/\/www.daisho.be\/de\/wp-json\/wp\/v2\/product"}],"about":[{"href":"https:\/\/www.daisho.be\/de\/wp-json\/wp\/v2\/types\/product"}],"replies":[{"embeddable":true,"href":"https:\/\/www.daisho.be\/de\/wp-json\/wp\/v2\/comments?post=460348"}],"wp:featuredmedia":[{"embeddable":true,"href":"https:\/\/www.daisho.be\/de\/wp-json\/wp\/v2\/media\/460351"}],"wp:attachment":[{"href":"https:\/\/www.daisho.be\/de\/wp-json\/wp\/v2\/media?parent=460348"}],"wp:term":[{"taxonomy":"product_brand","embeddable":true,"href":"https:\/\/www.daisho.be\/de\/wp-json\/wp\/v2\/product_brand?post=460348"},{"taxonomy":"product_cat","embeddable":true,"href":"https:\/\/www.daisho.be\/de\/wp-json\/wp\/v2\/product_cat?post=460348"},{"taxonomy":"product_tag","embeddable":true,"href":"https:\/\/www.daisho.be\/de\/wp-json\/wp\/v2\/product_tag?post=460348"},{"taxonomy":"sport","embeddable":true,"href":"https:\/\/www.daisho.be\/de\/wp-json\/wp\/v2\/sport?post=460348"}],"curies":[{"name":"wp","href":"https:\/\/api.w.org\/{rel}","templated":true}]}}