{"id":460224,"date":"2022-11-14T18:07:55","date_gmt":"2022-11-14T17:07:55","guid":{"rendered":"https:\/\/www.daisho.be\/produit\/adidas-speed-tilt-350v-pro-training-boxhandschuhe-weiss-gold\/"},"modified":"2025-02-27T15:36:04","modified_gmt":"2025-02-27T14:36:04","slug":"adidas-speed-tilt-350v-pro-training-boxhandschuhe-weiss-gold","status":"publish","type":"product","link":"https:\/\/www.daisho.be\/de\/produit\/adidas-speed-tilt-350v-pro-training-boxhandschuhe-weiss-gold\/","title":{"rendered":"adidas SPEED TILT 350V Pro TRaining Boxhandschuhe Wei\u00df\/Gold"},"content":{"rendered":"<p>Der Speed TILT 350V ist ein ergonomischer Handschuh f\u00fcr optimalen Schutz und maximalen Komfort. Die Handschuhe sind aus Kaktusleder: Kaktusleder ist feuchtigkeitsbest\u00e4ndig und hat eine dichte Struktur, die den Staub weniger anf\u00e4llig f\u00fcr Schmutz und Fett macht.<br \/>\nEinzigartig an diesem Modell ist das Design: Der Handschuh ist so gestaltet, dass die beiden inneren Kn\u00f6chel immer nach vorne zeigen. Dadurch werden Ihre H\u00e4nde und Gelenke am wenigsten belastet.<br \/>\nDie Polsterung des Handschuhs besteht aus mehreren FMI-Sch\u00e4umen. Dies sorgt f\u00fcr zus\u00e4tzlichen Komfort und Schutz.<br \/>\nDer doppelte Klettverschluss st\u00fctzt Ihre Handgelenke perfekt. Der Gelstab in Ihrer Handfl\u00e4che sorgt f\u00fcr einen perfekten Griff.<br \/>\nDiese (Kick)Boxhandschuhe sind f\u00fcr den professionellen K\u00e4mpfer geeignet.    <\/p>\n<p>Vorteile der adidas Speed LIFTS 350V (Kick) Boxhandschuhe<\/p>\n<p>&#8211; Langer Klettverschluss<br \/>\n&#8211; aus Kaktusleder<br \/>\n&#8211; starke, sch\u00fctzende, mehrschichtige Polsterung<br \/>\n&#8211; anatomische Form der Faust<br \/>\n&#8211; Sto\u00dfd\u00e4mpfung f\u00fcr erh\u00f6hten Komfort<\/p>\n","protected":false},"excerpt":{"rendered":"<p>Der Speed TILT 350V ist ein ergonomischer Handschuh f\u00fcr optimalen Schutz und maximalen Komfort. Die Handschuhe sind aus Kaktusleder: Kaktusleder ist feuchtigkeitsbest\u00e4ndig und hat eine dichte Struktur, die den Staub weniger anf\u00e4llig f\u00fcr Schmutz und Fett macht. Einzigartig an diesem Modell ist das Design: Der Handschuh ist so gestaltet, dass die beiden inneren Kn\u00f6chel immer [&hellip;]<\/p>\n","protected":false},"featured_media":460234,"comment_status":"open","ping_status":"closed","template":"","meta":{"inline_featured_image":false},"product_brand":[],"product_cat":[2306],"product_tag":[2178],"sport":[],"class_list":{"0":"post-460224","1":"product","2":"type-product","3":"status-publish","4":"has-post-thumbnail","6":"product_cat-boxhandschuhe-adidas","7":"product_tag-adidas-de","8":"pa_size-372","9":"pa_size-371","10":"pa_size-370","12":"first","13":"instock","14":"taxable","15":"shipping-taxable","16":"purchasable","17":"product-type-variable"},"yoast_head":"<!-- This site is optimized with the Yoast SEO plugin v27.2 - https:\/\/yoast.com\/product\/yoast-seo-wordpress\/ -->\n<title>adidas SPEED TILT 350V Pro TRaining Boxhandschuhe Wei\u00df\/Gold &#8211; Daisho<\/title>\n<meta name=\"description\" content=\"Die Speed Tilt 350v Boxhandschuhe wurden f\u00fcr einen optimalen Schutz entwickelt. Kaufen Sie sie auf unserer Website www.daisho.be|Daisho\" \/>\n<meta name=\"robots\" content=\"index, follow, max-snippet:-1, max-image-preview:large, max-video-preview:-1\" \/>\n<link rel=\"canonical\" href=\"https:\/\/www.daisho.be\/de\/produit\/adidas-speed-tilt-350v-pro-training-boxhandschuhe-weiss-gold\/\" \/>\n<meta property=\"og:locale\" content=\"de_DE\" \/>\n<meta property=\"og:type\" content=\"article\" \/>\n<meta property=\"og:title\" content=\"adidas SPEED TILT 350V Pro TRaining Boxhandschuhe Wei\u00df\/Gold &#8211; Daisho\" \/>\n<meta property=\"og:description\" content=\"Die Speed Tilt 350v Boxhandschuhe wurden f\u00fcr einen optimalen Schutz entwickelt. Kaufen Sie sie auf unserer Website www.daisho.be|Daisho\" \/>\n<meta property=\"og:url\" content=\"https:\/\/www.daisho.be\/de\/produit\/adidas-speed-tilt-350v-pro-training-boxhandschuhe-weiss-gold\/\" \/>\n<meta property=\"og:site_name\" content=\"Daisho\" \/>\n<meta property=\"article:modified_time\" content=\"2025-02-27T14:36:04+00:00\" \/>\n<meta property=\"og:image\" content=\"https:\/\/www.daisho.be\/wp-content\/uploads\/2023\/07\/image-36.jpg\" \/>\n\t<meta property=\"og:image:width\" content=\"650\" \/>\n\t<meta property=\"og:image:height\" content=\"650\" \/>\n\t<meta property=\"og:image:type\" content=\"image\/jpeg\" \/>\n<meta name=\"twitter:card\" content=\"summary_large_image\" \/>\n<meta name=\"twitter:label1\" content=\"Gesch\u00e4tzte Lesezeit\" \/>\n\t<meta name=\"twitter:data1\" content=\"1\u00a0Minute\" \/>\n<script type=\"application\/ld+json\" class=\"yoast-schema-graph\">{\"@context\":\"https:\/\/schema.org\",\"@graph\":[{\"@type\":\"WebPage\",\"@id\":\"https:\/\/www.daisho.be\/de\/produit\/adidas-speed-tilt-350v-pro-training-boxhandschuhe-weiss-gold\/\",\"url\":\"https:\/\/www.daisho.be\/de\/produit\/adidas-speed-tilt-350v-pro-training-boxhandschuhe-weiss-gold\/\",\"name\":\"adidas SPEED TILT 350V Pro TRaining Boxhandschuhe Wei\u00df\/Gold &#8211; Daisho\",\"isPartOf\":{\"@id\":\"https:\/\/www.daisho.be\/de\/#website\"},\"primaryImageOfPage\":{\"@id\":\"https:\/\/www.daisho.be\/de\/produit\/adidas-speed-tilt-350v-pro-training-boxhandschuhe-weiss-gold\/#primaryimage\"},\"image\":{\"@id\":\"https:\/\/www.daisho.be\/de\/produit\/adidas-speed-tilt-350v-pro-training-boxhandschuhe-weiss-gold\/#primaryimage\"},\"thumbnailUrl\":\"https:\/\/www.daisho.be\/wp-content\/uploads\/2023\/07\/image-36.jpg\",\"datePublished\":\"2022-11-14T17:07:55+00:00\",\"dateModified\":\"2025-02-27T14:36:04+00:00\",\"description\":\"Die Speed Tilt 350v Boxhandschuhe wurden f\u00fcr einen optimalen Schutz entwickelt. Kaufen Sie sie auf unserer Website www.daisho.be|Daisho\",\"breadcrumb\":{\"@id\":\"https:\/\/www.daisho.be\/de\/produit\/adidas-speed-tilt-350v-pro-training-boxhandschuhe-weiss-gold\/#breadcrumb\"},\"inLanguage\":\"de\",\"potentialAction\":[{\"@type\":\"ReadAction\",\"target\":[\"https:\/\/www.daisho.be\/de\/produit\/adidas-speed-tilt-350v-pro-training-boxhandschuhe-weiss-gold\/\"]}]},{\"@type\":\"ImageObject\",\"inLanguage\":\"de\",\"@id\":\"https:\/\/www.daisho.be\/de\/produit\/adidas-speed-tilt-350v-pro-training-boxhandschuhe-weiss-gold\/#primaryimage\",\"url\":\"https:\/\/www.daisho.be\/wp-content\/uploads\/2023\/07\/image-36.jpg\",\"contentUrl\":\"https:\/\/www.daisho.be\/wp-content\/uploads\/2023\/07\/image-36.jpg\",\"width\":650,\"height\":650,\"caption\":\"adidas SPEED TILT 350V Pro TRaining Boxhandschuhe Wei\u00df\/Gold-1\"},{\"@type\":\"BreadcrumbList\",\"@id\":\"https:\/\/www.daisho.be\/de\/produit\/adidas-speed-tilt-350v-pro-training-boxhandschuhe-weiss-gold\/#breadcrumb\",\"itemListElement\":[{\"@type\":\"ListItem\",\"position\":1,\"name\":\"Accueil\",\"item\":\"https:\/\/www.daisho.be\/de\/\"},{\"@type\":\"ListItem\",\"position\":2,\"name\":\"Produkte\",\"item\":\"https:\/\/www.daisho.be\/de\/produkte\/\"},{\"@type\":\"ListItem\",\"position\":3,\"name\":\"ADIDAS COMBAT SPORTS\",\"item\":\"https:\/\/www.daisho.be\/de\/categorie-produit\/adidas-combat-sports-de\/\"},{\"@type\":\"ListItem\",\"position\":4,\"name\":\"Boxen\",\"item\":\"https:\/\/www.daisho.be\/de\/categorie-produit\/adidas-combat-sports-de\/boxen\/\"},{\"@type\":\"ListItem\",\"position\":5,\"name\":\"Boxhandschuhe Adidas\",\"item\":\"https:\/\/www.daisho.be\/de\/categorie-produit\/adidas-combat-sports-de\/boxen\/boxhandschuhe-adidas\/\"},{\"@type\":\"ListItem\",\"position\":6,\"name\":\"adidas SPEED TILT 350V Pro TRaining Boxhandschuhe Wei\u00df\/Gold\"}]},{\"@type\":\"WebSite\",\"@id\":\"https:\/\/www.daisho.be\/de\/#website\",\"url\":\"https:\/\/www.daisho.be\/de\/\",\"name\":\"Daisho\",\"description\":\"Sp&eacute;cialiste de l'&eacute;quipement sportif d'arts martiaux\",\"publisher\":{\"@id\":\"https:\/\/www.daisho.be\/de\/#organization\"},\"potentialAction\":[{\"@type\":\"SearchAction\",\"target\":{\"@type\":\"EntryPoint\",\"urlTemplate\":\"https:\/\/www.daisho.be\/de\/?s={search_term_string}\"},\"query-input\":{\"@type\":\"PropertyValueSpecification\",\"valueRequired\":true,\"valueName\":\"search_term_string\"}}],\"inLanguage\":\"de\"},{\"@type\":\"Organization\",\"@id\":\"https:\/\/www.daisho.be\/de\/#organization\",\"name\":\"Daisho\",\"url\":\"https:\/\/www.daisho.be\/de\/\",\"logo\":{\"@type\":\"ImageObject\",\"inLanguage\":\"de\",\"@id\":\"https:\/\/www.daisho.be\/de\/#\/schema\/logo\/image\/\",\"url\":\"https:\/\/www.daisho.be\/wp-content\/uploads\/2019\/07\/color-nothing-horizontale4x-e1564486100247.png\",\"contentUrl\":\"https:\/\/www.daisho.be\/wp-content\/uploads\/2019\/07\/color-nothing-horizontale4x-e1564486100247.png\",\"width\":1547,\"height\":385,\"caption\":\"Daisho\"},\"image\":{\"@id\":\"https:\/\/www.daisho.be\/de\/#\/schema\/logo\/image\/\"}}]}<\/script>\n<!-- \/ Yoast SEO plugin. -->","yoast_head_json":{"title":"adidas SPEED TILT 350V Pro TRaining Boxhandschuhe Wei\u00df\/Gold &#8211; Daisho","description":"Die Speed Tilt 350v Boxhandschuhe wurden f\u00fcr einen optimalen Schutz entwickelt. Kaufen Sie sie auf unserer Website www.daisho.be|Daisho","robots":{"index":"index","follow":"follow","max-snippet":"max-snippet:-1","max-image-preview":"max-image-preview:large","max-video-preview":"max-video-preview:-1"},"canonical":"https:\/\/www.daisho.be\/de\/produit\/adidas-speed-tilt-350v-pro-training-boxhandschuhe-weiss-gold\/","og_locale":"de_DE","og_type":"article","og_title":"adidas SPEED TILT 350V Pro TRaining Boxhandschuhe Wei\u00df\/Gold &#8211; Daisho","og_description":"Die Speed Tilt 350v Boxhandschuhe wurden f\u00fcr einen optimalen Schutz entwickelt. Kaufen Sie sie auf unserer Website www.daisho.be|Daisho","og_url":"https:\/\/www.daisho.be\/de\/produit\/adidas-speed-tilt-350v-pro-training-boxhandschuhe-weiss-gold\/","og_site_name":"Daisho","article_modified_time":"2025-02-27T14:36:04+00:00","og_image":[{"width":650,"height":650,"url":"https:\/\/www.daisho.be\/wp-content\/uploads\/2023\/07\/image-36.jpg","type":"image\/jpeg"}],"twitter_card":"summary_large_image","twitter_misc":{"Gesch\u00e4tzte Lesezeit":"1\u00a0Minute"},"schema":{"@context":"https:\/\/schema.org","@graph":[{"@type":"WebPage","@id":"https:\/\/www.daisho.be\/de\/produit\/adidas-speed-tilt-350v-pro-training-boxhandschuhe-weiss-gold\/","url":"https:\/\/www.daisho.be\/de\/produit\/adidas-speed-tilt-350v-pro-training-boxhandschuhe-weiss-gold\/","name":"adidas SPEED TILT 350V Pro TRaining Boxhandschuhe Wei\u00df\/Gold &#8211; Daisho","isPartOf":{"@id":"https:\/\/www.daisho.be\/de\/#website"},"primaryImageOfPage":{"@id":"https:\/\/www.daisho.be\/de\/produit\/adidas-speed-tilt-350v-pro-training-boxhandschuhe-weiss-gold\/#primaryimage"},"image":{"@id":"https:\/\/www.daisho.be\/de\/produit\/adidas-speed-tilt-350v-pro-training-boxhandschuhe-weiss-gold\/#primaryimage"},"thumbnailUrl":"https:\/\/www.daisho.be\/wp-content\/uploads\/2023\/07\/image-36.jpg","datePublished":"2022-11-14T17:07:55+00:00","dateModified":"2025-02-27T14:36:04+00:00","description":"Die Speed Tilt 350v Boxhandschuhe wurden f\u00fcr einen optimalen Schutz entwickelt. Kaufen Sie sie auf unserer Website www.daisho.be|Daisho","breadcrumb":{"@id":"https:\/\/www.daisho.be\/de\/produit\/adidas-speed-tilt-350v-pro-training-boxhandschuhe-weiss-gold\/#breadcrumb"},"inLanguage":"de","potentialAction":[{"@type":"ReadAction","target":["https:\/\/www.daisho.be\/de\/produit\/adidas-speed-tilt-350v-pro-training-boxhandschuhe-weiss-gold\/"]}]},{"@type":"ImageObject","inLanguage":"de","@id":"https:\/\/www.daisho.be\/de\/produit\/adidas-speed-tilt-350v-pro-training-boxhandschuhe-weiss-gold\/#primaryimage","url":"https:\/\/www.daisho.be\/wp-content\/uploads\/2023\/07\/image-36.jpg","contentUrl":"https:\/\/www.daisho.be\/wp-content\/uploads\/2023\/07\/image-36.jpg","width":650,"height":650,"caption":"adidas SPEED TILT 350V Pro TRaining Boxhandschuhe Wei\u00df\/Gold-1"},{"@type":"BreadcrumbList","@id":"https:\/\/www.daisho.be\/de\/produit\/adidas-speed-tilt-350v-pro-training-boxhandschuhe-weiss-gold\/#breadcrumb","itemListElement":[{"@type":"ListItem","position":1,"name":"Accueil","item":"https:\/\/www.daisho.be\/de\/"},{"@type":"ListItem","position":2,"name":"Produkte","item":"https:\/\/www.daisho.be\/de\/produkte\/"},{"@type":"ListItem","position":3,"name":"ADIDAS COMBAT SPORTS","item":"https:\/\/www.daisho.be\/de\/categorie-produit\/adidas-combat-sports-de\/"},{"@type":"ListItem","position":4,"name":"Boxen","item":"https:\/\/www.daisho.be\/de\/categorie-produit\/adidas-combat-sports-de\/boxen\/"},{"@type":"ListItem","position":5,"name":"Boxhandschuhe Adidas","item":"https:\/\/www.daisho.be\/de\/categorie-produit\/adidas-combat-sports-de\/boxen\/boxhandschuhe-adidas\/"},{"@type":"ListItem","position":6,"name":"adidas SPEED TILT 350V Pro TRaining Boxhandschuhe Wei\u00df\/Gold"}]},{"@type":"WebSite","@id":"https:\/\/www.daisho.be\/de\/#website","url":"https:\/\/www.daisho.be\/de\/","name":"Daisho","description":"Sp&eacute;cialiste de l'&eacute;quipement sportif d'arts martiaux","publisher":{"@id":"https:\/\/www.daisho.be\/de\/#organization"},"potentialAction":[{"@type":"SearchAction","target":{"@type":"EntryPoint","urlTemplate":"https:\/\/www.daisho.be\/de\/?s={search_term_string}"},"query-input":{"@type":"PropertyValueSpecification","valueRequired":true,"valueName":"search_term_string"}}],"inLanguage":"de"},{"@type":"Organization","@id":"https:\/\/www.daisho.be\/de\/#organization","name":"Daisho","url":"https:\/\/www.daisho.be\/de\/","logo":{"@type":"ImageObject","inLanguage":"de","@id":"https:\/\/www.daisho.be\/de\/#\/schema\/logo\/image\/","url":"https:\/\/www.daisho.be\/wp-content\/uploads\/2019\/07\/color-nothing-horizontale4x-e1564486100247.png","contentUrl":"https:\/\/www.daisho.be\/wp-content\/uploads\/2019\/07\/color-nothing-horizontale4x-e1564486100247.png","width":1547,"height":385,"caption":"Daisho"},"image":{"@id":"https:\/\/www.daisho.be\/de\/#\/schema\/logo\/image\/"}}]}},"_links":{"self":[{"href":"https:\/\/www.daisho.be\/de\/wp-json\/wp\/v2\/product\/460224","targetHints":{"allow":["GET"]}}],"collection":[{"href":"https:\/\/www.daisho.be\/de\/wp-json\/wp\/v2\/product"}],"about":[{"href":"https:\/\/www.daisho.be\/de\/wp-json\/wp\/v2\/types\/product"}],"replies":[{"embeddable":true,"href":"https:\/\/www.daisho.be\/de\/wp-json\/wp\/v2\/comments?post=460224"}],"wp:featuredmedia":[{"embeddable":true,"href":"https:\/\/www.daisho.be\/de\/wp-json\/wp\/v2\/media\/460234"}],"wp:attachment":[{"href":"https:\/\/www.daisho.be\/de\/wp-json\/wp\/v2\/media?parent=460224"}],"wp:term":[{"taxonomy":"product_brand","embeddable":true,"href":"https:\/\/www.daisho.be\/de\/wp-json\/wp\/v2\/product_brand?post=460224"},{"taxonomy":"product_cat","embeddable":true,"href":"https:\/\/www.daisho.be\/de\/wp-json\/wp\/v2\/product_cat?post=460224"},{"taxonomy":"product_tag","embeddable":true,"href":"https:\/\/www.daisho.be\/de\/wp-json\/wp\/v2\/product_tag?post=460224"},{"taxonomy":"sport","embeddable":true,"href":"https:\/\/www.daisho.be\/de\/wp-json\/wp\/v2\/sport?post=460224"}],"curies":[{"name":"wp","href":"https:\/\/api.w.org\/{rel}","templated":true}]}}