{"id":460205,"date":"2023-01-19T22:00:40","date_gmt":"2023-01-19T21:00:40","guid":{"rendered":"https:\/\/www.daisho.be\/produit\/karategi-tokaido-kata-master-tokyo-made-in-japan\/"},"modified":"2025-12-23T10:36:09","modified_gmt":"2025-12-23T09:36:09","slug":"karategi-tokaido-kata-master-tokyo-made-in-japan","status":"publish","type":"product","link":"https:\/\/www.daisho.be\/de\/produit\/karategi-tokaido-kata-master-tokyo-made-in-japan\/","title":{"rendered":"KARATEGI TOKAIDO KATA MASTER TOKYO &#8211; MADE IN JAPAN"},"content":{"rendered":"<p>Karategi, TOKAIDO Kata Master Tokyo, hergestellt in Japan, WKF, 12 oz<br \/>\nDer Kata Master Tokyo ist ein japanischer Karategi, der die Kata-Erfahrung auf ein neues Niveau bringt.<br \/>\nDer neue spezielle Schnitt, der eine optimale Passform erm\u00f6glicht, ist das Ergebnis der Zusammenarbeit zwischen Kata-Experten aus Kuwait,&#x2122;Deutschland,&#x2122;Italien und&#x2122;Aserbaidschan.<br \/>\nDie sehr weite Hose bietet eine ungleiche Beinfreiheit und eine hohe Elastizit\u00e4t im unteren Bereich der Hose. Der Stoff wurde gemeinsam f\u00fcr die Olympischen Spiele 2020 in Zusammenarbeit mit Weltklasseathleten des japanischen Kata-Teams entwickelt und sorgt f\u00fcr einen einzigartigen Klang.<\/p>\n<p>Eigenschaften:<br \/>\n\u00c2- Karategi Kata f\u00fcr Wettk\u00e4mpfer und Meister, die nach Perfektion auf h\u00f6chstem Niveau streben.<br \/>\n\u00c2- Die geraden \u00c4rmel erm\u00f6glichen eine gro\u00dfe Bewegungsfreiheit, ohne dass die Jacke verrutscht, und erm\u00f6glichen so einen hervorragenden Look. Dar\u00fcber hinaus hat der Gi kurze \u00c4rmel und einen absolut langen Rock.<br \/>\nDie neue Ultimate Sound Technologie verleiht jeder Kata-Performance zus\u00e4tzliche Ausdruckskraft.<br \/>\nDie hohe Dichte des Materials l\u00e4sst den 12 oz. Gis federleicht erscheinen und erm\u00f6glicht so einen besonders hohen Tragekomfort.<br \/>\nDie N\u00e4hte am Ende der verst\u00e4rkten \u00c4rmel sind besonders schwer, was bedeutet, dass der Anzug gut f\u00e4llt, wenn Sie sich bewegen und den Look unterst\u00fctzt.<br \/>\nOffizielles Tokaido-Logo auf der rechten Brust und dem hinteren Hals gestickt.<br \/>\nDie Hose bietet zuverl\u00e4ssigen Halt durch den hohen Bund mit Kordelzug in der Taille und wird auch bei komplexen Bunkai-Bewegungen nicht eingeengt.<br \/>\nMaterial: 70 % Baumwolle, 30 % Polyester<\/p>\n","protected":false},"excerpt":{"rendered":"<p>Karategi, TOKAIDO Kata Master Tokyo, hergestellt in Japan, WKF, 12 oz Der Kata Master Tokyo ist ein japanischer Karategi, der die Kata-Erfahrung auf ein neues Niveau bringt. Der neue spezielle Schnitt, der eine optimale Passform erm\u00f6glicht, ist das Ergebnis der Zusammenarbeit zwischen Kata-Experten aus Kuwait,&#x2122;Deutschland,&#x2122;Italien und&#x2122;Aserbaidschan. Die sehr weite Hose bietet eine ungleiche Beinfreiheit und [&hellip;]<\/p>\n","protected":false},"featured_media":460208,"comment_status":"closed","ping_status":"closed","template":"","meta":{"inline_featured_image":false},"product_brand":[],"product_cat":[2008,2118],"product_tag":[2004],"sport":[],"class_list":{"0":"post-460205","1":"product","2":"type-product","3":"status-publish","4":"has-post-thumbnail","6":"product_cat-karate-kimonos-de","7":"product_cat-kleidung-kimonos","8":"product_tag-tokaido-de","9":"pa_size-380","10":"pa_size-379","11":"pa_size-387","12":"pa_size-378","13":"pa_size-386","14":"pa_size-377","15":"pa_size-385","16":"pa_size-376","17":"pa_size-384","18":"pa_size-383","20":"first","21":"instock","22":"taxable","23":"shipping-taxable","24":"purchasable","25":"product-type-variable"},"yoast_head":"<!-- This site is optimized with the Yoast SEO plugin v27.2 - https:\/\/yoast.com\/product\/yoast-seo-wordpress\/ -->\n<title>KARATEGI TOKAIDO KATA MASTER TOKYO - MADE IN JAPAN &#8211; Daisho<\/title>\n<meta name=\"description\" content=\"Der Kata Master Tokyo ist das Ergebnis der Zusammenarbeit zwischen Kata-Experten aus Kuwait, Deutschland, Italien und Aserbaidschan.\" \/>\n<meta name=\"robots\" content=\"index, follow, max-snippet:-1, max-image-preview:large, max-video-preview:-1\" \/>\n<link rel=\"canonical\" href=\"https:\/\/www.daisho.be\/de\/produit\/karategi-tokaido-kata-master-tokyo-made-in-japan\/\" \/>\n<meta property=\"og:locale\" content=\"de_DE\" \/>\n<meta property=\"og:type\" content=\"article\" \/>\n<meta property=\"og:title\" content=\"KARATEGI TOKAIDO KATA MASTER TOKYO - MADE IN JAPAN &#8211; Daisho\" \/>\n<meta property=\"og:description\" content=\"Der Kata Master Tokyo ist das Ergebnis der Zusammenarbeit zwischen Kata-Experten aus Kuwait, Deutschland, Italien und Aserbaidschan.\" \/>\n<meta property=\"og:url\" content=\"https:\/\/www.daisho.be\/de\/produit\/karategi-tokaido-kata-master-tokyo-made-in-japan\/\" \/>\n<meta property=\"og:site_name\" content=\"Daisho\" \/>\n<meta property=\"article:modified_time\" content=\"2025-12-23T09:36:09+00:00\" \/>\n<meta property=\"og:image\" content=\"https:\/\/www.daisho.be\/wp-content\/uploads\/2024\/06\/image-44.jpg\" \/>\n\t<meta property=\"og:image:width\" content=\"510\" \/>\n\t<meta property=\"og:image:height\" content=\"720\" \/>\n\t<meta property=\"og:image:type\" content=\"image\/jpeg\" \/>\n<meta name=\"twitter:card\" content=\"summary_large_image\" \/>\n<meta name=\"twitter:label1\" content=\"Gesch\u00e4tzte Lesezeit\" \/>\n\t<meta name=\"twitter:data1\" content=\"1\u00a0Minute\" \/>\n<script type=\"application\/ld+json\" class=\"yoast-schema-graph\">{\"@context\":\"https:\/\/schema.org\",\"@graph\":[{\"@type\":\"WebPage\",\"@id\":\"https:\/\/www.daisho.be\/de\/produit\/karategi-tokaido-kata-master-tokyo-made-in-japan\/\",\"url\":\"https:\/\/www.daisho.be\/de\/produit\/karategi-tokaido-kata-master-tokyo-made-in-japan\/\",\"name\":\"KARATEGI TOKAIDO KATA MASTER TOKYO - MADE IN JAPAN &#8211; Daisho\",\"isPartOf\":{\"@id\":\"https:\/\/www.daisho.be\/de\/#website\"},\"primaryImageOfPage\":{\"@id\":\"https:\/\/www.daisho.be\/de\/produit\/karategi-tokaido-kata-master-tokyo-made-in-japan\/#primaryimage\"},\"image\":{\"@id\":\"https:\/\/www.daisho.be\/de\/produit\/karategi-tokaido-kata-master-tokyo-made-in-japan\/#primaryimage\"},\"thumbnailUrl\":\"https:\/\/www.daisho.be\/wp-content\/uploads\/2024\/06\/image-44.jpg\",\"datePublished\":\"2023-01-19T21:00:40+00:00\",\"dateModified\":\"2025-12-23T09:36:09+00:00\",\"description\":\"Der Kata Master Tokyo ist das Ergebnis der Zusammenarbeit zwischen Kata-Experten aus Kuwait, Deutschland, Italien und Aserbaidschan.\",\"breadcrumb\":{\"@id\":\"https:\/\/www.daisho.be\/de\/produit\/karategi-tokaido-kata-master-tokyo-made-in-japan\/#breadcrumb\"},\"inLanguage\":\"de\",\"potentialAction\":[{\"@type\":\"ReadAction\",\"target\":[\"https:\/\/www.daisho.be\/de\/produit\/karategi-tokaido-kata-master-tokyo-made-in-japan\/\"]}]},{\"@type\":\"ImageObject\",\"inLanguage\":\"de\",\"@id\":\"https:\/\/www.daisho.be\/de\/produit\/karategi-tokaido-kata-master-tokyo-made-in-japan\/#primaryimage\",\"url\":\"https:\/\/www.daisho.be\/wp-content\/uploads\/2024\/06\/image-44.jpg\",\"contentUrl\":\"https:\/\/www.daisho.be\/wp-content\/uploads\/2024\/06\/image-44.jpg\",\"width\":510,\"height\":720,\"caption\":\"KARATEGI TOKAIDO KATA MASTER TOKYO - MADE IN JAPAN-1\"},{\"@type\":\"BreadcrumbList\",\"@id\":\"https:\/\/www.daisho.be\/de\/produit\/karategi-tokaido-kata-master-tokyo-made-in-japan\/#breadcrumb\",\"itemListElement\":[{\"@type\":\"ListItem\",\"position\":1,\"name\":\"Accueil\",\"item\":\"https:\/\/www.daisho.be\/de\/\"},{\"@type\":\"ListItem\",\"position\":2,\"name\":\"Produkte\",\"item\":\"https:\/\/www.daisho.be\/de\/produkte\/\"},{\"@type\":\"ListItem\",\"position\":3,\"name\":\"Ausr\u00fcstung und Kleidung f\u00fcr Kampfkunst und Kampfsport\",\"item\":\"https:\/\/www.daisho.be\/de\/categorie-produit\/ausrustung-und-kleidung-fur-kampfkunst-und-kampfsport\/\"},{\"@type\":\"ListItem\",\"position\":4,\"name\":\"Karate\",\"item\":\"https:\/\/www.daisho.be\/de\/categorie-produit\/ausrustung-und-kleidung-fur-kampfkunst-und-kampfsport\/karate-de-2\/\"},{\"@type\":\"ListItem\",\"position\":5,\"name\":\"Karate-Kimonos\",\"item\":\"https:\/\/www.daisho.be\/de\/categorie-produit\/ausrustung-und-kleidung-fur-kampfkunst-und-kampfsport\/karate-de-2\/karate-kimonos-de\/\"},{\"@type\":\"ListItem\",\"position\":6,\"name\":\"KARATEGI TOKAIDO KATA MASTER TOKYO &#8211; MADE IN JAPAN\"}]},{\"@type\":\"WebSite\",\"@id\":\"https:\/\/www.daisho.be\/de\/#website\",\"url\":\"https:\/\/www.daisho.be\/de\/\",\"name\":\"Daisho\",\"description\":\"Sp&eacute;cialiste de l'&eacute;quipement sportif d'arts martiaux\",\"publisher\":{\"@id\":\"https:\/\/www.daisho.be\/de\/#organization\"},\"potentialAction\":[{\"@type\":\"SearchAction\",\"target\":{\"@type\":\"EntryPoint\",\"urlTemplate\":\"https:\/\/www.daisho.be\/de\/?s={search_term_string}\"},\"query-input\":{\"@type\":\"PropertyValueSpecification\",\"valueRequired\":true,\"valueName\":\"search_term_string\"}}],\"inLanguage\":\"de\"},{\"@type\":\"Organization\",\"@id\":\"https:\/\/www.daisho.be\/de\/#organization\",\"name\":\"Daisho\",\"url\":\"https:\/\/www.daisho.be\/de\/\",\"logo\":{\"@type\":\"ImageObject\",\"inLanguage\":\"de\",\"@id\":\"https:\/\/www.daisho.be\/de\/#\/schema\/logo\/image\/\",\"url\":\"https:\/\/www.daisho.be\/wp-content\/uploads\/2019\/07\/color-nothing-horizontale4x-e1564486100247.png\",\"contentUrl\":\"https:\/\/www.daisho.be\/wp-content\/uploads\/2019\/07\/color-nothing-horizontale4x-e1564486100247.png\",\"width\":1547,\"height\":385,\"caption\":\"Daisho\"},\"image\":{\"@id\":\"https:\/\/www.daisho.be\/de\/#\/schema\/logo\/image\/\"}}]}<\/script>\n<!-- \/ Yoast SEO plugin. -->","yoast_head_json":{"title":"KARATEGI TOKAIDO KATA MASTER TOKYO - MADE IN JAPAN &#8211; Daisho","description":"Der Kata Master Tokyo ist das Ergebnis der Zusammenarbeit zwischen Kata-Experten aus Kuwait, Deutschland, Italien und Aserbaidschan.","robots":{"index":"index","follow":"follow","max-snippet":"max-snippet:-1","max-image-preview":"max-image-preview:large","max-video-preview":"max-video-preview:-1"},"canonical":"https:\/\/www.daisho.be\/de\/produit\/karategi-tokaido-kata-master-tokyo-made-in-japan\/","og_locale":"de_DE","og_type":"article","og_title":"KARATEGI TOKAIDO KATA MASTER TOKYO - MADE IN JAPAN &#8211; Daisho","og_description":"Der Kata Master Tokyo ist das Ergebnis der Zusammenarbeit zwischen Kata-Experten aus Kuwait, Deutschland, Italien und Aserbaidschan.","og_url":"https:\/\/www.daisho.be\/de\/produit\/karategi-tokaido-kata-master-tokyo-made-in-japan\/","og_site_name":"Daisho","article_modified_time":"2025-12-23T09:36:09+00:00","og_image":[{"width":510,"height":720,"url":"https:\/\/www.daisho.be\/wp-content\/uploads\/2024\/06\/image-44.jpg","type":"image\/jpeg"}],"twitter_card":"summary_large_image","twitter_misc":{"Gesch\u00e4tzte Lesezeit":"1\u00a0Minute"},"schema":{"@context":"https:\/\/schema.org","@graph":[{"@type":"WebPage","@id":"https:\/\/www.daisho.be\/de\/produit\/karategi-tokaido-kata-master-tokyo-made-in-japan\/","url":"https:\/\/www.daisho.be\/de\/produit\/karategi-tokaido-kata-master-tokyo-made-in-japan\/","name":"KARATEGI TOKAIDO KATA MASTER TOKYO - MADE IN JAPAN &#8211; Daisho","isPartOf":{"@id":"https:\/\/www.daisho.be\/de\/#website"},"primaryImageOfPage":{"@id":"https:\/\/www.daisho.be\/de\/produit\/karategi-tokaido-kata-master-tokyo-made-in-japan\/#primaryimage"},"image":{"@id":"https:\/\/www.daisho.be\/de\/produit\/karategi-tokaido-kata-master-tokyo-made-in-japan\/#primaryimage"},"thumbnailUrl":"https:\/\/www.daisho.be\/wp-content\/uploads\/2024\/06\/image-44.jpg","datePublished":"2023-01-19T21:00:40+00:00","dateModified":"2025-12-23T09:36:09+00:00","description":"Der Kata Master Tokyo ist das Ergebnis der Zusammenarbeit zwischen Kata-Experten aus Kuwait, Deutschland, Italien und Aserbaidschan.","breadcrumb":{"@id":"https:\/\/www.daisho.be\/de\/produit\/karategi-tokaido-kata-master-tokyo-made-in-japan\/#breadcrumb"},"inLanguage":"de","potentialAction":[{"@type":"ReadAction","target":["https:\/\/www.daisho.be\/de\/produit\/karategi-tokaido-kata-master-tokyo-made-in-japan\/"]}]},{"@type":"ImageObject","inLanguage":"de","@id":"https:\/\/www.daisho.be\/de\/produit\/karategi-tokaido-kata-master-tokyo-made-in-japan\/#primaryimage","url":"https:\/\/www.daisho.be\/wp-content\/uploads\/2024\/06\/image-44.jpg","contentUrl":"https:\/\/www.daisho.be\/wp-content\/uploads\/2024\/06\/image-44.jpg","width":510,"height":720,"caption":"KARATEGI TOKAIDO KATA MASTER TOKYO - MADE IN JAPAN-1"},{"@type":"BreadcrumbList","@id":"https:\/\/www.daisho.be\/de\/produit\/karategi-tokaido-kata-master-tokyo-made-in-japan\/#breadcrumb","itemListElement":[{"@type":"ListItem","position":1,"name":"Accueil","item":"https:\/\/www.daisho.be\/de\/"},{"@type":"ListItem","position":2,"name":"Produkte","item":"https:\/\/www.daisho.be\/de\/produkte\/"},{"@type":"ListItem","position":3,"name":"Ausr\u00fcstung und Kleidung f\u00fcr Kampfkunst und Kampfsport","item":"https:\/\/www.daisho.be\/de\/categorie-produit\/ausrustung-und-kleidung-fur-kampfkunst-und-kampfsport\/"},{"@type":"ListItem","position":4,"name":"Karate","item":"https:\/\/www.daisho.be\/de\/categorie-produit\/ausrustung-und-kleidung-fur-kampfkunst-und-kampfsport\/karate-de-2\/"},{"@type":"ListItem","position":5,"name":"Karate-Kimonos","item":"https:\/\/www.daisho.be\/de\/categorie-produit\/ausrustung-und-kleidung-fur-kampfkunst-und-kampfsport\/karate-de-2\/karate-kimonos-de\/"},{"@type":"ListItem","position":6,"name":"KARATEGI TOKAIDO KATA MASTER TOKYO &#8211; MADE IN JAPAN"}]},{"@type":"WebSite","@id":"https:\/\/www.daisho.be\/de\/#website","url":"https:\/\/www.daisho.be\/de\/","name":"Daisho","description":"Sp&eacute;cialiste de l'&eacute;quipement sportif d'arts martiaux","publisher":{"@id":"https:\/\/www.daisho.be\/de\/#organization"},"potentialAction":[{"@type":"SearchAction","target":{"@type":"EntryPoint","urlTemplate":"https:\/\/www.daisho.be\/de\/?s={search_term_string}"},"query-input":{"@type":"PropertyValueSpecification","valueRequired":true,"valueName":"search_term_string"}}],"inLanguage":"de"},{"@type":"Organization","@id":"https:\/\/www.daisho.be\/de\/#organization","name":"Daisho","url":"https:\/\/www.daisho.be\/de\/","logo":{"@type":"ImageObject","inLanguage":"de","@id":"https:\/\/www.daisho.be\/de\/#\/schema\/logo\/image\/","url":"https:\/\/www.daisho.be\/wp-content\/uploads\/2019\/07\/color-nothing-horizontale4x-e1564486100247.png","contentUrl":"https:\/\/www.daisho.be\/wp-content\/uploads\/2019\/07\/color-nothing-horizontale4x-e1564486100247.png","width":1547,"height":385,"caption":"Daisho"},"image":{"@id":"https:\/\/www.daisho.be\/de\/#\/schema\/logo\/image\/"}}]}},"_links":{"self":[{"href":"https:\/\/www.daisho.be\/de\/wp-json\/wp\/v2\/product\/460205","targetHints":{"allow":["GET"]}}],"collection":[{"href":"https:\/\/www.daisho.be\/de\/wp-json\/wp\/v2\/product"}],"about":[{"href":"https:\/\/www.daisho.be\/de\/wp-json\/wp\/v2\/types\/product"}],"replies":[{"embeddable":true,"href":"https:\/\/www.daisho.be\/de\/wp-json\/wp\/v2\/comments?post=460205"}],"wp:featuredmedia":[{"embeddable":true,"href":"https:\/\/www.daisho.be\/de\/wp-json\/wp\/v2\/media\/460208"}],"wp:attachment":[{"href":"https:\/\/www.daisho.be\/de\/wp-json\/wp\/v2\/media?parent=460205"}],"wp:term":[{"taxonomy":"product_brand","embeddable":true,"href":"https:\/\/www.daisho.be\/de\/wp-json\/wp\/v2\/product_brand?post=460205"},{"taxonomy":"product_cat","embeddable":true,"href":"https:\/\/www.daisho.be\/de\/wp-json\/wp\/v2\/product_cat?post=460205"},{"taxonomy":"product_tag","embeddable":true,"href":"https:\/\/www.daisho.be\/de\/wp-json\/wp\/v2\/product_tag?post=460205"},{"taxonomy":"sport","embeddable":true,"href":"https:\/\/www.daisho.be\/de\/wp-json\/wp\/v2\/sport?post=460205"}],"curies":[{"name":"wp","href":"https:\/\/api.w.org\/{rel}","templated":true}]}}