{"id":460164,"date":"2023-01-22T15:32:13","date_gmt":"2023-01-22T14:32:13","guid":{"rendered":"https:\/\/www.daisho.be\/produit\/schienbeinschoner-tokaido-kanji-blau-wkf\/"},"modified":"2026-02-17T16:33:37","modified_gmt":"2026-02-17T15:33:37","slug":"schienbeinschoner-tokaido-kanji-blau-wkf","status":"publish","type":"product","link":"https:\/\/www.daisho.be\/de\/produit\/schienbeinschoner-tokaido-kanji-blau-wkf\/","title":{"rendered":"SCHIENBEINSCHONER TOKAIDO KANJI BLAU &#8211; WKF"},"content":{"rendered":"<p>Dieser ausgezeichnete Karate-Schienbeinschoner von Tokaido ist die beste Wahl f\u00fcr alle, die gro\u00dfen Wert auf optimalen Schutz und Tragekomfort legen.<br \/>\nDer weiche Schaumstoff mit Kunstlederbezug macht ihn extrem leicht und langlebig.<br \/>\nDieser Schienbeinschoner wurde entwickelt, um den h\u00f6chsten Sicherheitsanforderungen beim Karatetraining und bei Wettk\u00e4mpfen gerecht zu werden.<\/p>\n<p>Technische Daten:<br \/>\n&#8211; WKF-gepr\u00fcft<br \/>\n&#8211; anatomisch geformter Kern<br \/>\n&#8211; sehr leicht zu reinigen<br \/>\n&#8211; kombinierbar mit dem Fu\u00dfschutz<br \/>\n&#8211; Farbe: blau.<\/p>\n","protected":false},"excerpt":{"rendered":"<p>Dieser ausgezeichnete Karate-Schienbeinschoner von Tokaido ist die beste Wahl f\u00fcr alle, die gro\u00dfen Wert auf optimalen Schutz und Tragekomfort legen. Der weiche Schaumstoff mit Kunstlederbezug macht ihn extrem leicht und langlebig. Dieser Schienbeinschoner wurde entwickelt, um den h\u00f6chsten Sicherheitsanforderungen beim Karatetraining und bei Wettk\u00e4mpfen gerecht zu werden. Technische Daten: &#8211; WKF-gepr\u00fcft &#8211; anatomisch geformter Kern [&hellip;]<\/p>\n","protected":false},"featured_media":460173,"comment_status":"open","ping_status":"closed","template":"","meta":{"inline_featured_image":false},"product_brand":[],"product_cat":[2062,2021,2051],"product_tag":[2004],"sport":[],"class_list":{"0":"post-460164","1":"product","2":"type-product","3":"status-publish","4":"has-post-thumbnail","6":"product_cat-karate-schutzkleidung","7":"product_cat-protektoren-kick-boxing","8":"product_cat-schutz","9":"product_tag-tokaido-de","10":"pa_size-l","11":"pa_size-m","12":"pa_size-s","13":"pa_size-xl","14":"pa_size-xs","16":"first","17":"instock","18":"taxable","19":"shipping-taxable","20":"purchasable","21":"product-type-variable"},"yoast_head":"<!-- This site is optimized with the Yoast SEO plugin v27.2 - https:\/\/yoast.com\/product\/yoast-seo-wordpress\/ -->\n<title>SCHIENBEINSCHONER TOKAIDO KANJI BLAU - WKF &#8211; Daisho<\/title>\n<meta name=\"description\" content=\"Hervorragender Schienbeinschoner f\u00fcr Tokaido Karate mit WKF-Zulassung, der Schutz und Komfort bietet. Finden Sie ihn jetzt auf www.daisho.be | Daisho\" \/>\n<meta name=\"robots\" content=\"index, follow, max-snippet:-1, max-image-preview:large, max-video-preview:-1\" \/>\n<link rel=\"canonical\" href=\"https:\/\/www.daisho.be\/de\/produit\/schienbeinschoner-tokaido-kanji-blau-wkf\/\" \/>\n<meta property=\"og:locale\" content=\"de_DE\" \/>\n<meta property=\"og:type\" content=\"article\" \/>\n<meta property=\"og:title\" content=\"SCHIENBEINSCHONER TOKAIDO KANJI BLAU - WKF &#8211; Daisho\" \/>\n<meta property=\"og:description\" content=\"Hervorragender Schienbeinschoner f\u00fcr Tokaido Karate mit WKF-Zulassung, der Schutz und Komfort bietet. Finden Sie ihn jetzt auf www.daisho.be | Daisho\" \/>\n<meta property=\"og:url\" content=\"https:\/\/www.daisho.be\/de\/produit\/schienbeinschoner-tokaido-kanji-blau-wkf\/\" \/>\n<meta property=\"og:site_name\" content=\"Daisho\" \/>\n<meta property=\"article:modified_time\" content=\"2026-02-17T15:33:37+00:00\" \/>\n<meta property=\"og:image\" content=\"https:\/\/www.daisho.be\/wp-content\/uploads\/2024\/06\/image-87.jpg\" \/>\n\t<meta property=\"og:image:width\" content=\"510\" \/>\n\t<meta property=\"og:image:height\" content=\"720\" \/>\n\t<meta property=\"og:image:type\" content=\"image\/jpeg\" \/>\n<meta name=\"twitter:card\" content=\"summary_large_image\" \/>\n<script type=\"application\/ld+json\" class=\"yoast-schema-graph\">{\"@context\":\"https:\/\/schema.org\",\"@graph\":[{\"@type\":\"WebPage\",\"@id\":\"https:\/\/www.daisho.be\/de\/produit\/schienbeinschoner-tokaido-kanji-blau-wkf\/\",\"url\":\"https:\/\/www.daisho.be\/de\/produit\/schienbeinschoner-tokaido-kanji-blau-wkf\/\",\"name\":\"SCHIENBEINSCHONER TOKAIDO KANJI BLAU - WKF &#8211; Daisho\",\"isPartOf\":{\"@id\":\"https:\/\/www.daisho.be\/de\/#website\"},\"primaryImageOfPage\":{\"@id\":\"https:\/\/www.daisho.be\/de\/produit\/schienbeinschoner-tokaido-kanji-blau-wkf\/#primaryimage\"},\"image\":{\"@id\":\"https:\/\/www.daisho.be\/de\/produit\/schienbeinschoner-tokaido-kanji-blau-wkf\/#primaryimage\"},\"thumbnailUrl\":\"https:\/\/www.daisho.be\/wp-content\/uploads\/2024\/06\/image-87.jpg\",\"datePublished\":\"2023-01-22T14:32:13+00:00\",\"dateModified\":\"2026-02-17T15:33:37+00:00\",\"description\":\"Hervorragender Schienbeinschoner f\u00fcr Tokaido Karate mit WKF-Zulassung, der Schutz und Komfort bietet. Finden Sie ihn jetzt auf www.daisho.be | Daisho\",\"breadcrumb\":{\"@id\":\"https:\/\/www.daisho.be\/de\/produit\/schienbeinschoner-tokaido-kanji-blau-wkf\/#breadcrumb\"},\"inLanguage\":\"de\",\"potentialAction\":[{\"@type\":\"ReadAction\",\"target\":[\"https:\/\/www.daisho.be\/de\/produit\/schienbeinschoner-tokaido-kanji-blau-wkf\/\"]}]},{\"@type\":\"ImageObject\",\"inLanguage\":\"de\",\"@id\":\"https:\/\/www.daisho.be\/de\/produit\/schienbeinschoner-tokaido-kanji-blau-wkf\/#primaryimage\",\"url\":\"https:\/\/www.daisho.be\/wp-content\/uploads\/2024\/06\/image-87.jpg\",\"contentUrl\":\"https:\/\/www.daisho.be\/wp-content\/uploads\/2024\/06\/image-87.jpg\",\"width\":510,\"height\":720,\"caption\":\"SCHIENBEINSCHONER TOKAIDO KANJI BLAU - WKF-1\"},{\"@type\":\"BreadcrumbList\",\"@id\":\"https:\/\/www.daisho.be\/de\/produit\/schienbeinschoner-tokaido-kanji-blau-wkf\/#breadcrumb\",\"itemListElement\":[{\"@type\":\"ListItem\",\"position\":1,\"name\":\"Accueil\",\"item\":\"https:\/\/www.daisho.be\/de\/\"},{\"@type\":\"ListItem\",\"position\":2,\"name\":\"Produkte\",\"item\":\"https:\/\/www.daisho.be\/de\/produkte\/\"},{\"@type\":\"ListItem\",\"position\":3,\"name\":\"Ausr\u00fcstung und Kleidung f\u00fcr Kampfkunst und Kampfsport\",\"item\":\"https:\/\/www.daisho.be\/de\/categorie-produit\/ausrustung-und-kleidung-fur-kampfkunst-und-kampfsport\/\"},{\"@type\":\"ListItem\",\"position\":4,\"name\":\"Karate\",\"item\":\"https:\/\/www.daisho.be\/de\/categorie-produit\/ausrustung-und-kleidung-fur-kampfkunst-und-kampfsport\/karate-de-2\/\"},{\"@type\":\"ListItem\",\"position\":5,\"name\":\"Karate-Schutzkleidung\",\"item\":\"https:\/\/www.daisho.be\/de\/categorie-produit\/ausrustung-und-kleidung-fur-kampfkunst-und-kampfsport\/karate-de-2\/karate-schutzkleidung\/\"},{\"@type\":\"ListItem\",\"position\":6,\"name\":\"SCHIENBEINSCHONER TOKAIDO KANJI BLAU &#8211; WKF\"}]},{\"@type\":\"WebSite\",\"@id\":\"https:\/\/www.daisho.be\/de\/#website\",\"url\":\"https:\/\/www.daisho.be\/de\/\",\"name\":\"Daisho\",\"description\":\"Sp&eacute;cialiste de l'&eacute;quipement sportif d'arts martiaux\",\"publisher\":{\"@id\":\"https:\/\/www.daisho.be\/de\/#organization\"},\"potentialAction\":[{\"@type\":\"SearchAction\",\"target\":{\"@type\":\"EntryPoint\",\"urlTemplate\":\"https:\/\/www.daisho.be\/de\/?s={search_term_string}\"},\"query-input\":{\"@type\":\"PropertyValueSpecification\",\"valueRequired\":true,\"valueName\":\"search_term_string\"}}],\"inLanguage\":\"de\"},{\"@type\":\"Organization\",\"@id\":\"https:\/\/www.daisho.be\/de\/#organization\",\"name\":\"Daisho\",\"url\":\"https:\/\/www.daisho.be\/de\/\",\"logo\":{\"@type\":\"ImageObject\",\"inLanguage\":\"de\",\"@id\":\"https:\/\/www.daisho.be\/de\/#\/schema\/logo\/image\/\",\"url\":\"https:\/\/www.daisho.be\/wp-content\/uploads\/2019\/07\/color-nothing-horizontale4x-e1564486100247.png\",\"contentUrl\":\"https:\/\/www.daisho.be\/wp-content\/uploads\/2019\/07\/color-nothing-horizontale4x-e1564486100247.png\",\"width\":1547,\"height\":385,\"caption\":\"Daisho\"},\"image\":{\"@id\":\"https:\/\/www.daisho.be\/de\/#\/schema\/logo\/image\/\"}}]}<\/script>\n<!-- \/ Yoast SEO plugin. -->","yoast_head_json":{"title":"SCHIENBEINSCHONER TOKAIDO KANJI BLAU - WKF &#8211; Daisho","description":"Hervorragender Schienbeinschoner f\u00fcr Tokaido Karate mit WKF-Zulassung, der Schutz und Komfort bietet. Finden Sie ihn jetzt auf www.daisho.be | Daisho","robots":{"index":"index","follow":"follow","max-snippet":"max-snippet:-1","max-image-preview":"max-image-preview:large","max-video-preview":"max-video-preview:-1"},"canonical":"https:\/\/www.daisho.be\/de\/produit\/schienbeinschoner-tokaido-kanji-blau-wkf\/","og_locale":"de_DE","og_type":"article","og_title":"SCHIENBEINSCHONER TOKAIDO KANJI BLAU - WKF &#8211; Daisho","og_description":"Hervorragender Schienbeinschoner f\u00fcr Tokaido Karate mit WKF-Zulassung, der Schutz und Komfort bietet. Finden Sie ihn jetzt auf www.daisho.be | Daisho","og_url":"https:\/\/www.daisho.be\/de\/produit\/schienbeinschoner-tokaido-kanji-blau-wkf\/","og_site_name":"Daisho","article_modified_time":"2026-02-17T15:33:37+00:00","og_image":[{"width":510,"height":720,"url":"https:\/\/www.daisho.be\/wp-content\/uploads\/2024\/06\/image-87.jpg","type":"image\/jpeg"}],"twitter_card":"summary_large_image","schema":{"@context":"https:\/\/schema.org","@graph":[{"@type":"WebPage","@id":"https:\/\/www.daisho.be\/de\/produit\/schienbeinschoner-tokaido-kanji-blau-wkf\/","url":"https:\/\/www.daisho.be\/de\/produit\/schienbeinschoner-tokaido-kanji-blau-wkf\/","name":"SCHIENBEINSCHONER TOKAIDO KANJI BLAU - WKF &#8211; Daisho","isPartOf":{"@id":"https:\/\/www.daisho.be\/de\/#website"},"primaryImageOfPage":{"@id":"https:\/\/www.daisho.be\/de\/produit\/schienbeinschoner-tokaido-kanji-blau-wkf\/#primaryimage"},"image":{"@id":"https:\/\/www.daisho.be\/de\/produit\/schienbeinschoner-tokaido-kanji-blau-wkf\/#primaryimage"},"thumbnailUrl":"https:\/\/www.daisho.be\/wp-content\/uploads\/2024\/06\/image-87.jpg","datePublished":"2023-01-22T14:32:13+00:00","dateModified":"2026-02-17T15:33:37+00:00","description":"Hervorragender Schienbeinschoner f\u00fcr Tokaido Karate mit WKF-Zulassung, der Schutz und Komfort bietet. Finden Sie ihn jetzt auf www.daisho.be | Daisho","breadcrumb":{"@id":"https:\/\/www.daisho.be\/de\/produit\/schienbeinschoner-tokaido-kanji-blau-wkf\/#breadcrumb"},"inLanguage":"de","potentialAction":[{"@type":"ReadAction","target":["https:\/\/www.daisho.be\/de\/produit\/schienbeinschoner-tokaido-kanji-blau-wkf\/"]}]},{"@type":"ImageObject","inLanguage":"de","@id":"https:\/\/www.daisho.be\/de\/produit\/schienbeinschoner-tokaido-kanji-blau-wkf\/#primaryimage","url":"https:\/\/www.daisho.be\/wp-content\/uploads\/2024\/06\/image-87.jpg","contentUrl":"https:\/\/www.daisho.be\/wp-content\/uploads\/2024\/06\/image-87.jpg","width":510,"height":720,"caption":"SCHIENBEINSCHONER TOKAIDO KANJI BLAU - WKF-1"},{"@type":"BreadcrumbList","@id":"https:\/\/www.daisho.be\/de\/produit\/schienbeinschoner-tokaido-kanji-blau-wkf\/#breadcrumb","itemListElement":[{"@type":"ListItem","position":1,"name":"Accueil","item":"https:\/\/www.daisho.be\/de\/"},{"@type":"ListItem","position":2,"name":"Produkte","item":"https:\/\/www.daisho.be\/de\/produkte\/"},{"@type":"ListItem","position":3,"name":"Ausr\u00fcstung und Kleidung f\u00fcr Kampfkunst und Kampfsport","item":"https:\/\/www.daisho.be\/de\/categorie-produit\/ausrustung-und-kleidung-fur-kampfkunst-und-kampfsport\/"},{"@type":"ListItem","position":4,"name":"Karate","item":"https:\/\/www.daisho.be\/de\/categorie-produit\/ausrustung-und-kleidung-fur-kampfkunst-und-kampfsport\/karate-de-2\/"},{"@type":"ListItem","position":5,"name":"Karate-Schutzkleidung","item":"https:\/\/www.daisho.be\/de\/categorie-produit\/ausrustung-und-kleidung-fur-kampfkunst-und-kampfsport\/karate-de-2\/karate-schutzkleidung\/"},{"@type":"ListItem","position":6,"name":"SCHIENBEINSCHONER TOKAIDO KANJI BLAU &#8211; WKF"}]},{"@type":"WebSite","@id":"https:\/\/www.daisho.be\/de\/#website","url":"https:\/\/www.daisho.be\/de\/","name":"Daisho","description":"Sp&eacute;cialiste de l'&eacute;quipement sportif d'arts martiaux","publisher":{"@id":"https:\/\/www.daisho.be\/de\/#organization"},"potentialAction":[{"@type":"SearchAction","target":{"@type":"EntryPoint","urlTemplate":"https:\/\/www.daisho.be\/de\/?s={search_term_string}"},"query-input":{"@type":"PropertyValueSpecification","valueRequired":true,"valueName":"search_term_string"}}],"inLanguage":"de"},{"@type":"Organization","@id":"https:\/\/www.daisho.be\/de\/#organization","name":"Daisho","url":"https:\/\/www.daisho.be\/de\/","logo":{"@type":"ImageObject","inLanguage":"de","@id":"https:\/\/www.daisho.be\/de\/#\/schema\/logo\/image\/","url":"https:\/\/www.daisho.be\/wp-content\/uploads\/2019\/07\/color-nothing-horizontale4x-e1564486100247.png","contentUrl":"https:\/\/www.daisho.be\/wp-content\/uploads\/2019\/07\/color-nothing-horizontale4x-e1564486100247.png","width":1547,"height":385,"caption":"Daisho"},"image":{"@id":"https:\/\/www.daisho.be\/de\/#\/schema\/logo\/image\/"}}]}},"_links":{"self":[{"href":"https:\/\/www.daisho.be\/de\/wp-json\/wp\/v2\/product\/460164","targetHints":{"allow":["GET"]}}],"collection":[{"href":"https:\/\/www.daisho.be\/de\/wp-json\/wp\/v2\/product"}],"about":[{"href":"https:\/\/www.daisho.be\/de\/wp-json\/wp\/v2\/types\/product"}],"replies":[{"embeddable":true,"href":"https:\/\/www.daisho.be\/de\/wp-json\/wp\/v2\/comments?post=460164"}],"wp:featuredmedia":[{"embeddable":true,"href":"https:\/\/www.daisho.be\/de\/wp-json\/wp\/v2\/media\/460173"}],"wp:attachment":[{"href":"https:\/\/www.daisho.be\/de\/wp-json\/wp\/v2\/media?parent=460164"}],"wp:term":[{"taxonomy":"product_brand","embeddable":true,"href":"https:\/\/www.daisho.be\/de\/wp-json\/wp\/v2\/product_brand?post=460164"},{"taxonomy":"product_cat","embeddable":true,"href":"https:\/\/www.daisho.be\/de\/wp-json\/wp\/v2\/product_cat?post=460164"},{"taxonomy":"product_tag","embeddable":true,"href":"https:\/\/www.daisho.be\/de\/wp-json\/wp\/v2\/product_tag?post=460164"},{"taxonomy":"sport","embeddable":true,"href":"https:\/\/www.daisho.be\/de\/wp-json\/wp\/v2\/sport?post=460164"}],"curies":[{"name":"wp","href":"https:\/\/api.w.org\/{rel}","templated":true}]}}