{"id":460126,"date":"2023-01-23T15:10:48","date_gmt":"2023-01-23T14:10:48","guid":{"rendered":"https:\/\/www.daisho.be\/produit\/adidas-sauna-trainingsanzug\/"},"modified":"2025-12-18T16:46:03","modified_gmt":"2025-12-18T15:46:03","slug":"adidas-sauna-trainingsanzug","status":"publish","type":"product","link":"https:\/\/www.daisho.be\/de\/produit\/adidas-sauna-trainingsanzug\/","title":{"rendered":"adidas Sauna-Trainingsanzug"},"content":{"rendered":"<p>Der adidas Saunaanzug bringt Sie richtig ins Schwitzen. Das durch die Wasseransammlung verursachte K\u00f6rpergewicht kann w\u00e4hrend des Trainings verringert werden. Um den Schwei\u00df zu absorbieren, wird empfohlen, darunter leichte Baumwollkleidung zu tragen, damit der Schwei\u00df gut aufgenommen werden kann. Danach kann die &#8222;Sauna&#8220; beginnen. Der professionelle Anzug hat einen weiten Schnitt und bietet Ihnen auch im Fitnessstudio ausreichend Bewegungsfreiheit.<x id=\"gid_0\"><\/x>An den \u00c4rmeln und Hosenbeinen befinden sich Aufschl\u00e4ge. Der Anzug besteht aus einer Jacke zum \u00dcberziehen mit einem gro\u00dfen adidas-Aufdruck und einer Hose mit elastischem Bund.<br \/>\nDer Trainingsanzug wird oft vor Wettk\u00e4mpfen verwendet, um schnell Gewicht zu verlieren (Kampfsport, Ringen, Kickboxen, Karate, Judo, MMA, &#8230;).<br \/>\nMaterial: 100% Polyester Erh\u00e4ltlich in den Gr\u00f6\u00dfen XS, S, M, L, XL, XXL<\/p>\n<p>Vorteile:<\/p>\n<p> verbessert den Stoffwechsel<br \/>\n entgiftet den K\u00f6rper<br \/>\n verbrennt Kalorien<br \/>\n strapazierf\u00e4higes Material<br \/>\n bequeme Passform<br \/>\n elastische B\u00fcndchen<br \/>\n Eigenschaften:<\/p>\n<p> Farbe schwarz<br \/>\n Material: 100% Polyester<br \/>\n Gr\u00f6\u00dfen: XS, S, M, L, XL, XXL<br \/>\n Anzug mit Hose und Oberteil im Set<\/p>\n","protected":false},"excerpt":{"rendered":"<p>Der adidas Saunaanzug bringt Sie richtig ins Schwitzen. Das durch die Wasseransammlung verursachte K\u00f6rpergewicht kann w\u00e4hrend des Trainings verringert werden. Um den Schwei\u00df zu absorbieren, wird empfohlen, darunter leichte Baumwollkleidung zu tragen, damit der Schwei\u00df gut aufgenommen werden kann. Danach kann die &#8222;Sauna&#8220; beginnen. Der professionelle Anzug hat einen weiten Schnitt und bietet Ihnen auch [&hellip;]<\/p>\n","protected":false},"featured_media":521397,"comment_status":"open","ping_status":"closed","template":"","meta":{"inline_featured_image":false},"product_brand":[],"product_cat":[2314,2284,2257,2076],"product_tag":[2178],"sport":[],"class_list":{"0":"post-460126","1":"product","2":"type-product","3":"status-publish","4":"has-post-thumbnail","6":"product_cat-adidas-trainingsmaterial","7":"product_cat-adidas-kleidung-fur-das-boxen","8":"product_cat-adidas-kleidung-fur-karate","9":"product_cat-kleidung","10":"product_tag-adidas-de","11":"pa_size-2xl","12":"pa_size-l","13":"pa_size-m","14":"pa_size-s","15":"pa_size-xl","16":"pa_size-xs","18":"first","19":"instock","20":"taxable","21":"shipping-taxable","22":"purchasable","23":"product-type-variable"},"yoast_head":"<!-- This site is optimized with the Yoast SEO plugin v27.2 - https:\/\/yoast.com\/product\/yoast-seo-wordpress\/ -->\n<title>adidas Sauna-Trainingsanzug &#8211; Daisho<\/title>\n<meta name=\"description\" content=\"Der Adidas Sauna-Trainingsanzug ist so konzipiert, dass er den K\u00f6rper zum Schwitzen bringt und Wasser speichert, um das Gewicht zu reduzieren. Kaufen Sie ihn auf unserer Website www.daisho.be|Daisho\" \/>\n<meta name=\"robots\" content=\"index, follow, max-snippet:-1, max-image-preview:large, max-video-preview:-1\" \/>\n<link rel=\"canonical\" href=\"https:\/\/www.daisho.be\/de\/produit\/adidas-sauna-trainingsanzug\/\" \/>\n<meta property=\"og:locale\" content=\"de_DE\" \/>\n<meta property=\"og:type\" content=\"article\" \/>\n<meta property=\"og:title\" content=\"adidas Sauna-Trainingsanzug &#8211; Daisho\" \/>\n<meta property=\"og:description\" content=\"Der Adidas Sauna-Trainingsanzug ist so konzipiert, dass er den K\u00f6rper zum Schwitzen bringt und Wasser speichert, um das Gewicht zu reduzieren. Kaufen Sie ihn auf unserer Website www.daisho.be|Daisho\" \/>\n<meta property=\"og:url\" content=\"https:\/\/www.daisho.be\/de\/produit\/adidas-sauna-trainingsanzug\/\" \/>\n<meta property=\"og:site_name\" content=\"Daisho\" \/>\n<meta property=\"article:modified_time\" content=\"2025-12-18T15:46:03+00:00\" \/>\n<meta property=\"og:image\" content=\"https:\/\/www.daisho.be\/wp-content\/uploads\/2025\/05\/image-19.jpg\" \/>\n\t<meta property=\"og:image:width\" content=\"1200\" \/>\n\t<meta property=\"og:image:height\" content=\"1200\" \/>\n\t<meta property=\"og:image:type\" content=\"image\/jpeg\" \/>\n<meta name=\"twitter:card\" content=\"summary_large_image\" \/>\n<meta name=\"twitter:label1\" content=\"Gesch\u00e4tzte Lesezeit\" \/>\n\t<meta name=\"twitter:data1\" content=\"1\u00a0Minute\" \/>\n<script type=\"application\/ld+json\" class=\"yoast-schema-graph\">{\"@context\":\"https:\/\/schema.org\",\"@graph\":[{\"@type\":\"WebPage\",\"@id\":\"https:\/\/www.daisho.be\/de\/produit\/adidas-sauna-trainingsanzug\/\",\"url\":\"https:\/\/www.daisho.be\/de\/produit\/adidas-sauna-trainingsanzug\/\",\"name\":\"adidas Sauna-Trainingsanzug &#8211; Daisho\",\"isPartOf\":{\"@id\":\"https:\/\/www.daisho.be\/de\/#website\"},\"primaryImageOfPage\":{\"@id\":\"https:\/\/www.daisho.be\/de\/produit\/adidas-sauna-trainingsanzug\/#primaryimage\"},\"image\":{\"@id\":\"https:\/\/www.daisho.be\/de\/produit\/adidas-sauna-trainingsanzug\/#primaryimage\"},\"thumbnailUrl\":\"https:\/\/www.daisho.be\/wp-content\/uploads\/2025\/05\/image-19.jpg\",\"datePublished\":\"2023-01-23T14:10:48+00:00\",\"dateModified\":\"2025-12-18T15:46:03+00:00\",\"description\":\"Der Adidas Sauna-Trainingsanzug ist so konzipiert, dass er den K\u00f6rper zum Schwitzen bringt und Wasser speichert, um das Gewicht zu reduzieren. Kaufen Sie ihn auf unserer Website www.daisho.be|Daisho\",\"breadcrumb\":{\"@id\":\"https:\/\/www.daisho.be\/de\/produit\/adidas-sauna-trainingsanzug\/#breadcrumb\"},\"inLanguage\":\"de\",\"potentialAction\":[{\"@type\":\"ReadAction\",\"target\":[\"https:\/\/www.daisho.be\/de\/produit\/adidas-sauna-trainingsanzug\/\"]}]},{\"@type\":\"ImageObject\",\"inLanguage\":\"de\",\"@id\":\"https:\/\/www.daisho.be\/de\/produit\/adidas-sauna-trainingsanzug\/#primaryimage\",\"url\":\"https:\/\/www.daisho.be\/wp-content\/uploads\/2025\/05\/image-19.jpg\",\"contentUrl\":\"https:\/\/www.daisho.be\/wp-content\/uploads\/2025\/05\/image-19.jpg\",\"width\":1200,\"height\":1200,\"caption\":\"Sauna-Trainingsanzug adidas-1\"},{\"@type\":\"BreadcrumbList\",\"@id\":\"https:\/\/www.daisho.be\/de\/produit\/adidas-sauna-trainingsanzug\/#breadcrumb\",\"itemListElement\":[{\"@type\":\"ListItem\",\"position\":1,\"name\":\"Accueil\",\"item\":\"https:\/\/www.daisho.be\/de\/\"},{\"@type\":\"ListItem\",\"position\":2,\"name\":\"Produkte\",\"item\":\"https:\/\/www.daisho.be\/de\/produkte\/\"},{\"@type\":\"ListItem\",\"position\":3,\"name\":\"ADIDAS COMBAT SPORTS\",\"item\":\"https:\/\/www.daisho.be\/de\/categorie-produit\/adidas-combat-sports-de\/\"},{\"@type\":\"ListItem\",\"position\":4,\"name\":\"Judo\",\"item\":\"https:\/\/www.daisho.be\/de\/categorie-produit\/adidas-combat-sports-de\/judo-de\/\"},{\"@type\":\"ListItem\",\"position\":5,\"name\":\"Adidas Trainingsmaterial\",\"item\":\"https:\/\/www.daisho.be\/de\/categorie-produit\/adidas-combat-sports-de\/judo-de\/adidas-trainingsmaterial\/\"},{\"@type\":\"ListItem\",\"position\":6,\"name\":\"adidas Sauna-Trainingsanzug\"}]},{\"@type\":\"WebSite\",\"@id\":\"https:\/\/www.daisho.be\/de\/#website\",\"url\":\"https:\/\/www.daisho.be\/de\/\",\"name\":\"Daisho\",\"description\":\"Sp&eacute;cialiste de l'&eacute;quipement sportif d'arts martiaux\",\"publisher\":{\"@id\":\"https:\/\/www.daisho.be\/de\/#organization\"},\"potentialAction\":[{\"@type\":\"SearchAction\",\"target\":{\"@type\":\"EntryPoint\",\"urlTemplate\":\"https:\/\/www.daisho.be\/de\/?s={search_term_string}\"},\"query-input\":{\"@type\":\"PropertyValueSpecification\",\"valueRequired\":true,\"valueName\":\"search_term_string\"}}],\"inLanguage\":\"de\"},{\"@type\":\"Organization\",\"@id\":\"https:\/\/www.daisho.be\/de\/#organization\",\"name\":\"Daisho\",\"url\":\"https:\/\/www.daisho.be\/de\/\",\"logo\":{\"@type\":\"ImageObject\",\"inLanguage\":\"de\",\"@id\":\"https:\/\/www.daisho.be\/de\/#\/schema\/logo\/image\/\",\"url\":\"https:\/\/www.daisho.be\/wp-content\/uploads\/2019\/07\/color-nothing-horizontale4x-e1564486100247.png\",\"contentUrl\":\"https:\/\/www.daisho.be\/wp-content\/uploads\/2019\/07\/color-nothing-horizontale4x-e1564486100247.png\",\"width\":1547,\"height\":385,\"caption\":\"Daisho\"},\"image\":{\"@id\":\"https:\/\/www.daisho.be\/de\/#\/schema\/logo\/image\/\"}}]}<\/script>\n<!-- \/ Yoast SEO plugin. -->","yoast_head_json":{"title":"adidas Sauna-Trainingsanzug &#8211; Daisho","description":"Der Adidas Sauna-Trainingsanzug ist so konzipiert, dass er den K\u00f6rper zum Schwitzen bringt und Wasser speichert, um das Gewicht zu reduzieren. Kaufen Sie ihn auf unserer Website www.daisho.be|Daisho","robots":{"index":"index","follow":"follow","max-snippet":"max-snippet:-1","max-image-preview":"max-image-preview:large","max-video-preview":"max-video-preview:-1"},"canonical":"https:\/\/www.daisho.be\/de\/produit\/adidas-sauna-trainingsanzug\/","og_locale":"de_DE","og_type":"article","og_title":"adidas Sauna-Trainingsanzug &#8211; Daisho","og_description":"Der Adidas Sauna-Trainingsanzug ist so konzipiert, dass er den K\u00f6rper zum Schwitzen bringt und Wasser speichert, um das Gewicht zu reduzieren. Kaufen Sie ihn auf unserer Website www.daisho.be|Daisho","og_url":"https:\/\/www.daisho.be\/de\/produit\/adidas-sauna-trainingsanzug\/","og_site_name":"Daisho","article_modified_time":"2025-12-18T15:46:03+00:00","og_image":[{"width":1200,"height":1200,"url":"https:\/\/www.daisho.be\/wp-content\/uploads\/2025\/05\/image-19.jpg","type":"image\/jpeg"}],"twitter_card":"summary_large_image","twitter_misc":{"Gesch\u00e4tzte Lesezeit":"1\u00a0Minute"},"schema":{"@context":"https:\/\/schema.org","@graph":[{"@type":"WebPage","@id":"https:\/\/www.daisho.be\/de\/produit\/adidas-sauna-trainingsanzug\/","url":"https:\/\/www.daisho.be\/de\/produit\/adidas-sauna-trainingsanzug\/","name":"adidas Sauna-Trainingsanzug &#8211; Daisho","isPartOf":{"@id":"https:\/\/www.daisho.be\/de\/#website"},"primaryImageOfPage":{"@id":"https:\/\/www.daisho.be\/de\/produit\/adidas-sauna-trainingsanzug\/#primaryimage"},"image":{"@id":"https:\/\/www.daisho.be\/de\/produit\/adidas-sauna-trainingsanzug\/#primaryimage"},"thumbnailUrl":"https:\/\/www.daisho.be\/wp-content\/uploads\/2025\/05\/image-19.jpg","datePublished":"2023-01-23T14:10:48+00:00","dateModified":"2025-12-18T15:46:03+00:00","description":"Der Adidas Sauna-Trainingsanzug ist so konzipiert, dass er den K\u00f6rper zum Schwitzen bringt und Wasser speichert, um das Gewicht zu reduzieren. Kaufen Sie ihn auf unserer Website www.daisho.be|Daisho","breadcrumb":{"@id":"https:\/\/www.daisho.be\/de\/produit\/adidas-sauna-trainingsanzug\/#breadcrumb"},"inLanguage":"de","potentialAction":[{"@type":"ReadAction","target":["https:\/\/www.daisho.be\/de\/produit\/adidas-sauna-trainingsanzug\/"]}]},{"@type":"ImageObject","inLanguage":"de","@id":"https:\/\/www.daisho.be\/de\/produit\/adidas-sauna-trainingsanzug\/#primaryimage","url":"https:\/\/www.daisho.be\/wp-content\/uploads\/2025\/05\/image-19.jpg","contentUrl":"https:\/\/www.daisho.be\/wp-content\/uploads\/2025\/05\/image-19.jpg","width":1200,"height":1200,"caption":"Sauna-Trainingsanzug adidas-1"},{"@type":"BreadcrumbList","@id":"https:\/\/www.daisho.be\/de\/produit\/adidas-sauna-trainingsanzug\/#breadcrumb","itemListElement":[{"@type":"ListItem","position":1,"name":"Accueil","item":"https:\/\/www.daisho.be\/de\/"},{"@type":"ListItem","position":2,"name":"Produkte","item":"https:\/\/www.daisho.be\/de\/produkte\/"},{"@type":"ListItem","position":3,"name":"ADIDAS COMBAT SPORTS","item":"https:\/\/www.daisho.be\/de\/categorie-produit\/adidas-combat-sports-de\/"},{"@type":"ListItem","position":4,"name":"Judo","item":"https:\/\/www.daisho.be\/de\/categorie-produit\/adidas-combat-sports-de\/judo-de\/"},{"@type":"ListItem","position":5,"name":"Adidas Trainingsmaterial","item":"https:\/\/www.daisho.be\/de\/categorie-produit\/adidas-combat-sports-de\/judo-de\/adidas-trainingsmaterial\/"},{"@type":"ListItem","position":6,"name":"adidas Sauna-Trainingsanzug"}]},{"@type":"WebSite","@id":"https:\/\/www.daisho.be\/de\/#website","url":"https:\/\/www.daisho.be\/de\/","name":"Daisho","description":"Sp&eacute;cialiste de l'&eacute;quipement sportif d'arts martiaux","publisher":{"@id":"https:\/\/www.daisho.be\/de\/#organization"},"potentialAction":[{"@type":"SearchAction","target":{"@type":"EntryPoint","urlTemplate":"https:\/\/www.daisho.be\/de\/?s={search_term_string}"},"query-input":{"@type":"PropertyValueSpecification","valueRequired":true,"valueName":"search_term_string"}}],"inLanguage":"de"},{"@type":"Organization","@id":"https:\/\/www.daisho.be\/de\/#organization","name":"Daisho","url":"https:\/\/www.daisho.be\/de\/","logo":{"@type":"ImageObject","inLanguage":"de","@id":"https:\/\/www.daisho.be\/de\/#\/schema\/logo\/image\/","url":"https:\/\/www.daisho.be\/wp-content\/uploads\/2019\/07\/color-nothing-horizontale4x-e1564486100247.png","contentUrl":"https:\/\/www.daisho.be\/wp-content\/uploads\/2019\/07\/color-nothing-horizontale4x-e1564486100247.png","width":1547,"height":385,"caption":"Daisho"},"image":{"@id":"https:\/\/www.daisho.be\/de\/#\/schema\/logo\/image\/"}}]}},"_links":{"self":[{"href":"https:\/\/www.daisho.be\/de\/wp-json\/wp\/v2\/product\/460126","targetHints":{"allow":["GET"]}}],"collection":[{"href":"https:\/\/www.daisho.be\/de\/wp-json\/wp\/v2\/product"}],"about":[{"href":"https:\/\/www.daisho.be\/de\/wp-json\/wp\/v2\/types\/product"}],"replies":[{"embeddable":true,"href":"https:\/\/www.daisho.be\/de\/wp-json\/wp\/v2\/comments?post=460126"}],"wp:featuredmedia":[{"embeddable":true,"href":"https:\/\/www.daisho.be\/de\/wp-json\/wp\/v2\/media\/521397"}],"wp:attachment":[{"href":"https:\/\/www.daisho.be\/de\/wp-json\/wp\/v2\/media?parent=460126"}],"wp:term":[{"taxonomy":"product_brand","embeddable":true,"href":"https:\/\/www.daisho.be\/de\/wp-json\/wp\/v2\/product_brand?post=460126"},{"taxonomy":"product_cat","embeddable":true,"href":"https:\/\/www.daisho.be\/de\/wp-json\/wp\/v2\/product_cat?post=460126"},{"taxonomy":"product_tag","embeddable":true,"href":"https:\/\/www.daisho.be\/de\/wp-json\/wp\/v2\/product_tag?post=460126"},{"taxonomy":"sport","embeddable":true,"href":"https:\/\/www.daisho.be\/de\/wp-json\/wp\/v2\/sport?post=460126"}],"curies":[{"name":"wp","href":"https:\/\/api.w.org\/{rel}","templated":true}]}}