{"id":460118,"date":"2023-01-23T16:36:09","date_gmt":"2023-01-23T15:36:09","guid":{"rendered":"https:\/\/www.daisho.be\/produit\/transporttasche-fuer-escrima-stoecke\/"},"modified":"2023-01-23T16:36:09","modified_gmt":"2023-01-23T15:36:09","slug":"transporttasche-fuer-escrima-stoecke","status":"publish","type":"product","link":"https:\/\/www.daisho.be\/de\/produit\/transporttasche-fuer-escrima-stoecke\/","title":{"rendered":"Transporttasche f\u00fcr Escrima-St\u00f6cke"},"content":{"rendered":"<p>Die Transporttasche f\u00fcr Escrima-St\u00f6cke ist innen leicht gef\u00fcttert und hat eine hochwertige Au\u00dfenh\u00fclle aus robustem Kunstleder. An der Au\u00dfenseite befindet sich eine kleine Tasche f\u00fcr Dokumente.<br \/>\nDie Tasche ist f\u00fcr St\u00f6cke mit einer maximalen L\u00e4nge von ca. 66 cm geeignet.<br \/>\nEs gibt Platz f\u00fcr bis zu 3 Escrima-St\u00f6cke in der Tasche. Eigenschaften:<br \/>\n&#8211; Ma\u00dfe: ca. 70 x 10 cm<br \/>\n&#8211; Au\u00dfentasche ca. 17 x 8 cm<br \/>\n&#8211; Au\u00dfenmaterial Kunstleder<br \/>\n&#8211; Innenfutter aus Stoff mit Polsterung <\/p>\n","protected":false},"excerpt":{"rendered":"<p>Die Transporttasche f\u00fcr Escrima-St\u00f6cke ist innen leicht gef\u00fcttert und hat eine hochwertige Au\u00dfenh\u00fclle aus robustem Kunstleder. An der Au\u00dfenseite befindet sich eine kleine Tasche f\u00fcr Dokumente. Die Tasche ist f\u00fcr St\u00f6cke mit einer maximalen L\u00e4nge von ca. 66 cm geeignet. Es gibt Platz f\u00fcr bis zu 3 Escrima-St\u00f6cke in der Tasche. Eigenschaften: &#8211; Ma\u00dfe: ca. [&hellip;]<\/p>\n","protected":false},"featured_media":460125,"comment_status":"open","ping_status":"closed","template":"","meta":{"inline_featured_image":false},"product_brand":[],"product_cat":[2061,2115,2121],"product_tag":[2158],"sport":[],"class_list":{"0":"post-460118","1":"product","2":"type-product","3":"status-publish","4":"has-post-thumbnail","6":"product_cat-sporttaschen","7":"product_cat-waffen","8":"product_cat-waffen-fur-kendo-und-iaido","9":"product_tag-s-b-j-de","10":"pa_size-sans-taille-defaut","12":"first","13":"instock","14":"taxable","15":"shipping-taxable","16":"purchasable","17":"product-type-variable"},"yoast_head":"<!-- This site is optimized with the Yoast SEO plugin v27.2 - https:\/\/yoast.com\/product\/yoast-seo-wordpress\/ -->\n<title>Transporttasche f\u00fcr Escrima-St\u00f6cke &#8211; Daisho<\/title>\n<meta name=\"robots\" content=\"index, follow, max-snippet:-1, max-image-preview:large, max-video-preview:-1\" \/>\n<link rel=\"canonical\" href=\"https:\/\/www.daisho.be\/de\/produit\/transporttasche-fuer-escrima-stoecke\/\" \/>\n<meta property=\"og:locale\" content=\"de_DE\" \/>\n<meta property=\"og:type\" content=\"article\" \/>\n<meta property=\"og:title\" content=\"Transporttasche f\u00fcr Escrima-St\u00f6cke &#8211; Daisho\" \/>\n<meta property=\"og:description\" content=\"Die Transporttasche f\u00fcr Escrima-St\u00f6cke ist innen leicht gef\u00fcttert und hat eine hochwertige Au\u00dfenh\u00fclle aus robustem Kunstleder. An der Au\u00dfenseite befindet sich eine kleine Tasche f\u00fcr Dokumente. Die Tasche ist f\u00fcr St\u00f6cke mit einer maximalen L\u00e4nge von ca. 66 cm geeignet. Es gibt Platz f\u00fcr bis zu 3 Escrima-St\u00f6cke in der Tasche. Eigenschaften: &#8211; Ma\u00dfe: ca. [&hellip;]\" \/>\n<meta property=\"og:url\" content=\"https:\/\/www.daisho.be\/de\/produit\/transporttasche-fuer-escrima-stoecke\/\" \/>\n<meta property=\"og:site_name\" content=\"Daisho\" \/>\n<meta property=\"og:image\" content=\"https:\/\/www.daisho.be\/wp-content\/uploads\/2023\/01\/image-212.jpg\" \/>\n\t<meta property=\"og:image:width\" content=\"1200\" \/>\n\t<meta property=\"og:image:height\" content=\"888\" \/>\n\t<meta property=\"og:image:type\" content=\"image\/jpeg\" \/>\n<meta name=\"twitter:card\" content=\"summary_large_image\" \/>\n<script type=\"application\/ld+json\" class=\"yoast-schema-graph\">{\"@context\":\"https:\/\/schema.org\",\"@graph\":[{\"@type\":\"WebPage\",\"@id\":\"https:\/\/www.daisho.be\/de\/produit\/transporttasche-fuer-escrima-stoecke\/\",\"url\":\"https:\/\/www.daisho.be\/de\/produit\/transporttasche-fuer-escrima-stoecke\/\",\"name\":\"Transporttasche f\u00fcr Escrima-St\u00f6cke &#8211; Daisho\",\"isPartOf\":{\"@id\":\"https:\/\/www.daisho.be\/de\/#website\"},\"primaryImageOfPage\":{\"@id\":\"https:\/\/www.daisho.be\/de\/produit\/transporttasche-fuer-escrima-stoecke\/#primaryimage\"},\"image\":{\"@id\":\"https:\/\/www.daisho.be\/de\/produit\/transporttasche-fuer-escrima-stoecke\/#primaryimage\"},\"thumbnailUrl\":\"https:\/\/www.daisho.be\/wp-content\/uploads\/2023\/01\/image-212.jpg\",\"datePublished\":\"2023-01-23T15:36:09+00:00\",\"breadcrumb\":{\"@id\":\"https:\/\/www.daisho.be\/de\/produit\/transporttasche-fuer-escrima-stoecke\/#breadcrumb\"},\"inLanguage\":\"de\",\"potentialAction\":[{\"@type\":\"ReadAction\",\"target\":[\"https:\/\/www.daisho.be\/de\/produit\/transporttasche-fuer-escrima-stoecke\/\"]}]},{\"@type\":\"ImageObject\",\"inLanguage\":\"de\",\"@id\":\"https:\/\/www.daisho.be\/de\/produit\/transporttasche-fuer-escrima-stoecke\/#primaryimage\",\"url\":\"https:\/\/www.daisho.be\/wp-content\/uploads\/2023\/01\/image-212.jpg\",\"contentUrl\":\"https:\/\/www.daisho.be\/wp-content\/uploads\/2023\/01\/image-212.jpg\",\"width\":1200,\"height\":888},{\"@type\":\"BreadcrumbList\",\"@id\":\"https:\/\/www.daisho.be\/de\/produit\/transporttasche-fuer-escrima-stoecke\/#breadcrumb\",\"itemListElement\":[{\"@type\":\"ListItem\",\"position\":1,\"name\":\"Accueil\",\"item\":\"https:\/\/www.daisho.be\/de\/\"},{\"@type\":\"ListItem\",\"position\":2,\"name\":\"Produkte\",\"item\":\"https:\/\/www.daisho.be\/de\/produkte\/\"},{\"@type\":\"ListItem\",\"position\":3,\"name\":\"Ausr\u00fcstung und Kleidung f\u00fcr Kampfkunst und Kampfsport\",\"item\":\"https:\/\/www.daisho.be\/de\/categorie-produit\/ausrustung-und-kleidung-fur-kampfkunst-und-kampfsport\/\"},{\"@type\":\"ListItem\",\"position\":4,\"name\":\"Kendo und Iaido\",\"item\":\"https:\/\/www.daisho.be\/de\/categorie-produit\/ausrustung-und-kleidung-fur-kampfkunst-und-kampfsport\/kendo-und-iaido\/\"},{\"@type\":\"ListItem\",\"position\":5,\"name\":\"Waffen f\u00fcr Kendo und Iaido\",\"item\":\"https:\/\/www.daisho.be\/de\/categorie-produit\/ausrustung-und-kleidung-fur-kampfkunst-und-kampfsport\/kendo-und-iaido\/waffen-fur-kendo-und-iaido\/\"},{\"@type\":\"ListItem\",\"position\":6,\"name\":\"Transporttasche f\u00fcr Escrima-St\u00f6cke\"}]},{\"@type\":\"WebSite\",\"@id\":\"https:\/\/www.daisho.be\/de\/#website\",\"url\":\"https:\/\/www.daisho.be\/de\/\",\"name\":\"Daisho\",\"description\":\"Sp&eacute;cialiste de l'&eacute;quipement sportif d'arts martiaux\",\"publisher\":{\"@id\":\"https:\/\/www.daisho.be\/de\/#organization\"},\"potentialAction\":[{\"@type\":\"SearchAction\",\"target\":{\"@type\":\"EntryPoint\",\"urlTemplate\":\"https:\/\/www.daisho.be\/de\/?s={search_term_string}\"},\"query-input\":{\"@type\":\"PropertyValueSpecification\",\"valueRequired\":true,\"valueName\":\"search_term_string\"}}],\"inLanguage\":\"de\"},{\"@type\":\"Organization\",\"@id\":\"https:\/\/www.daisho.be\/de\/#organization\",\"name\":\"Daisho\",\"url\":\"https:\/\/www.daisho.be\/de\/\",\"logo\":{\"@type\":\"ImageObject\",\"inLanguage\":\"de\",\"@id\":\"https:\/\/www.daisho.be\/de\/#\/schema\/logo\/image\/\",\"url\":\"https:\/\/www.daisho.be\/wp-content\/uploads\/2019\/07\/color-nothing-horizontale4x-e1564486100247.png\",\"contentUrl\":\"https:\/\/www.daisho.be\/wp-content\/uploads\/2019\/07\/color-nothing-horizontale4x-e1564486100247.png\",\"width\":1547,\"height\":385,\"caption\":\"Daisho\"},\"image\":{\"@id\":\"https:\/\/www.daisho.be\/de\/#\/schema\/logo\/image\/\"}}]}<\/script>\n<!-- \/ Yoast SEO plugin. -->","yoast_head_json":{"title":"Transporttasche f\u00fcr Escrima-St\u00f6cke &#8211; Daisho","robots":{"index":"index","follow":"follow","max-snippet":"max-snippet:-1","max-image-preview":"max-image-preview:large","max-video-preview":"max-video-preview:-1"},"canonical":"https:\/\/www.daisho.be\/de\/produit\/transporttasche-fuer-escrima-stoecke\/","og_locale":"de_DE","og_type":"article","og_title":"Transporttasche f\u00fcr Escrima-St\u00f6cke &#8211; Daisho","og_description":"Die Transporttasche f\u00fcr Escrima-St\u00f6cke ist innen leicht gef\u00fcttert und hat eine hochwertige Au\u00dfenh\u00fclle aus robustem Kunstleder. An der Au\u00dfenseite befindet sich eine kleine Tasche f\u00fcr Dokumente. Die Tasche ist f\u00fcr St\u00f6cke mit einer maximalen L\u00e4nge von ca. 66 cm geeignet. Es gibt Platz f\u00fcr bis zu 3 Escrima-St\u00f6cke in der Tasche. Eigenschaften: &#8211; Ma\u00dfe: ca. [&hellip;]","og_url":"https:\/\/www.daisho.be\/de\/produit\/transporttasche-fuer-escrima-stoecke\/","og_site_name":"Daisho","og_image":[{"width":1200,"height":888,"url":"https:\/\/www.daisho.be\/wp-content\/uploads\/2023\/01\/image-212.jpg","type":"image\/jpeg"}],"twitter_card":"summary_large_image","schema":{"@context":"https:\/\/schema.org","@graph":[{"@type":"WebPage","@id":"https:\/\/www.daisho.be\/de\/produit\/transporttasche-fuer-escrima-stoecke\/","url":"https:\/\/www.daisho.be\/de\/produit\/transporttasche-fuer-escrima-stoecke\/","name":"Transporttasche f\u00fcr Escrima-St\u00f6cke &#8211; Daisho","isPartOf":{"@id":"https:\/\/www.daisho.be\/de\/#website"},"primaryImageOfPage":{"@id":"https:\/\/www.daisho.be\/de\/produit\/transporttasche-fuer-escrima-stoecke\/#primaryimage"},"image":{"@id":"https:\/\/www.daisho.be\/de\/produit\/transporttasche-fuer-escrima-stoecke\/#primaryimage"},"thumbnailUrl":"https:\/\/www.daisho.be\/wp-content\/uploads\/2023\/01\/image-212.jpg","datePublished":"2023-01-23T15:36:09+00:00","breadcrumb":{"@id":"https:\/\/www.daisho.be\/de\/produit\/transporttasche-fuer-escrima-stoecke\/#breadcrumb"},"inLanguage":"de","potentialAction":[{"@type":"ReadAction","target":["https:\/\/www.daisho.be\/de\/produit\/transporttasche-fuer-escrima-stoecke\/"]}]},{"@type":"ImageObject","inLanguage":"de","@id":"https:\/\/www.daisho.be\/de\/produit\/transporttasche-fuer-escrima-stoecke\/#primaryimage","url":"https:\/\/www.daisho.be\/wp-content\/uploads\/2023\/01\/image-212.jpg","contentUrl":"https:\/\/www.daisho.be\/wp-content\/uploads\/2023\/01\/image-212.jpg","width":1200,"height":888},{"@type":"BreadcrumbList","@id":"https:\/\/www.daisho.be\/de\/produit\/transporttasche-fuer-escrima-stoecke\/#breadcrumb","itemListElement":[{"@type":"ListItem","position":1,"name":"Accueil","item":"https:\/\/www.daisho.be\/de\/"},{"@type":"ListItem","position":2,"name":"Produkte","item":"https:\/\/www.daisho.be\/de\/produkte\/"},{"@type":"ListItem","position":3,"name":"Ausr\u00fcstung und Kleidung f\u00fcr Kampfkunst und Kampfsport","item":"https:\/\/www.daisho.be\/de\/categorie-produit\/ausrustung-und-kleidung-fur-kampfkunst-und-kampfsport\/"},{"@type":"ListItem","position":4,"name":"Kendo und Iaido","item":"https:\/\/www.daisho.be\/de\/categorie-produit\/ausrustung-und-kleidung-fur-kampfkunst-und-kampfsport\/kendo-und-iaido\/"},{"@type":"ListItem","position":5,"name":"Waffen f\u00fcr Kendo und Iaido","item":"https:\/\/www.daisho.be\/de\/categorie-produit\/ausrustung-und-kleidung-fur-kampfkunst-und-kampfsport\/kendo-und-iaido\/waffen-fur-kendo-und-iaido\/"},{"@type":"ListItem","position":6,"name":"Transporttasche f\u00fcr Escrima-St\u00f6cke"}]},{"@type":"WebSite","@id":"https:\/\/www.daisho.be\/de\/#website","url":"https:\/\/www.daisho.be\/de\/","name":"Daisho","description":"Sp&eacute;cialiste de l'&eacute;quipement sportif d'arts martiaux","publisher":{"@id":"https:\/\/www.daisho.be\/de\/#organization"},"potentialAction":[{"@type":"SearchAction","target":{"@type":"EntryPoint","urlTemplate":"https:\/\/www.daisho.be\/de\/?s={search_term_string}"},"query-input":{"@type":"PropertyValueSpecification","valueRequired":true,"valueName":"search_term_string"}}],"inLanguage":"de"},{"@type":"Organization","@id":"https:\/\/www.daisho.be\/de\/#organization","name":"Daisho","url":"https:\/\/www.daisho.be\/de\/","logo":{"@type":"ImageObject","inLanguage":"de","@id":"https:\/\/www.daisho.be\/de\/#\/schema\/logo\/image\/","url":"https:\/\/www.daisho.be\/wp-content\/uploads\/2019\/07\/color-nothing-horizontale4x-e1564486100247.png","contentUrl":"https:\/\/www.daisho.be\/wp-content\/uploads\/2019\/07\/color-nothing-horizontale4x-e1564486100247.png","width":1547,"height":385,"caption":"Daisho"},"image":{"@id":"https:\/\/www.daisho.be\/de\/#\/schema\/logo\/image\/"}}]}},"_links":{"self":[{"href":"https:\/\/www.daisho.be\/de\/wp-json\/wp\/v2\/product\/460118","targetHints":{"allow":["GET"]}}],"collection":[{"href":"https:\/\/www.daisho.be\/de\/wp-json\/wp\/v2\/product"}],"about":[{"href":"https:\/\/www.daisho.be\/de\/wp-json\/wp\/v2\/types\/product"}],"replies":[{"embeddable":true,"href":"https:\/\/www.daisho.be\/de\/wp-json\/wp\/v2\/comments?post=460118"}],"wp:featuredmedia":[{"embeddable":true,"href":"https:\/\/www.daisho.be\/de\/wp-json\/wp\/v2\/media\/460125"}],"wp:attachment":[{"href":"https:\/\/www.daisho.be\/de\/wp-json\/wp\/v2\/media?parent=460118"}],"wp:term":[{"taxonomy":"product_brand","embeddable":true,"href":"https:\/\/www.daisho.be\/de\/wp-json\/wp\/v2\/product_brand?post=460118"},{"taxonomy":"product_cat","embeddable":true,"href":"https:\/\/www.daisho.be\/de\/wp-json\/wp\/v2\/product_cat?post=460118"},{"taxonomy":"product_tag","embeddable":true,"href":"https:\/\/www.daisho.be\/de\/wp-json\/wp\/v2\/product_tag?post=460118"},{"taxonomy":"sport","embeddable":true,"href":"https:\/\/www.daisho.be\/de\/wp-json\/wp\/v2\/sport?post=460118"}],"curies":[{"name":"wp","href":"https:\/\/api.w.org\/{rel}","templated":true}]}}