{"id":460073,"date":"2023-01-24T17:13:32","date_gmt":"2023-01-24T16:13:32","guid":{"rendered":"https:\/\/www.daisho.be\/produit\/karategi-adidas-shori-k999\/"},"modified":"2025-12-24T08:30:02","modified_gmt":"2025-12-24T07:30:02","slug":"karategi-adidas-shori-k999","status":"publish","type":"product","link":"https:\/\/www.daisho.be\/de\/produit\/karategi-adidas-shori-k999\/","title":{"rendered":"KARATEGI ADIDAS SHORI K999"},"content":{"rendered":"<p>Die neueste Innovation von adidas ist der Karate-Kimono Kata Shori.<br \/>\nDieser Karategi oder Kimono wurde mit den besten Kata-Spezialisten entworfen und bietet eine hervorragende Premium-Qualit\u00e4t.<br \/>\nDer fest gewebte Stoff hat eine angenehm glatte Oberfl\u00e4che. Dank des hochfesten Garns und der Mischgewebetechnologie (60% Baumwolle\/40% Polyester) schrumpft der Anzug beim Waschen nicht sehr stark (30 Grad &#8211; kein Weichsp\u00fcler!).<br \/>\nAufgrund der doppelten Lage an den \u00c4rmelenden der Jacke und den 10-fachen N\u00e4hten ist dieser Karategi sehr gut f\u00fcr Wettkampfathleten geeignet. Die N\u00e4hte am Ende der Jacke bieten ebenfalls eine Stabilisierung, so dass der Karategi perfekt sitzt.<br \/>\nDas Logo ist traditionell in Schwarz auf die Brust und den Hals auf der rechten Seite gestickt.<br \/>\nDie Hose ist im traditionellen Kata-Schnitt gefertigt, die Hosenbeine sind k\u00fcrzer und haben einen Kordelzugbund f\u00fcr eine individuelle Passform. Dank eines Mesh-Einsatzes am Kordelzug im Inneren der Hose sitzt sie bequem und scheuert nicht auf der Haut.<br \/>\nDieser Karategi ist in den Gr\u00f6\u00dfen 160-195 cm in 5 cm Schritten erh\u00e4ltlich.<br \/>\nDer Karategi Shori ist von der WKF genehmigt und als Wettkampfanzug f\u00fcr alle Meisterschaften der World Karate Federation zugelassen.<\/p>\n<p>Technische Daten:<\/p>\n<p> Erstklassiger Karategi, selbstverst\u00e4ndlich von der WKF anerkannt.<br \/>\n Hergestellt aus schwerem und lautem Material. Beste Verarbeitung.<br \/>\n Doppelte Stoffschicht an den Enden der \u00c4rmel, Jacke und Hosenbeinen<br \/>\n Jacke und Hose mit traditionellem Kordelzug in der Taille<br \/>\n In einem speziellen japanischen Schnitt: k\u00fcrzere \u00c4rmel und Hosenbeine<br \/>\n Material: 60% Baumwolle\/ 40% Polyester<br \/>\n Stoffgewicht: ca. 380 g\/m\u00b2 (ca. 14 OZ). <\/p>\n","protected":false},"excerpt":{"rendered":"<p>Die neueste Innovation von adidas ist der Karate-Kimono Kata Shori. Dieser Karategi oder Kimono wurde mit den besten Kata-Spezialisten entworfen und bietet eine hervorragende Premium-Qualit\u00e4t. Der fest gewebte Stoff hat eine angenehm glatte Oberfl\u00e4che. Dank des hochfesten Garns und der Mischgewebetechnologie (60% Baumwolle\/40% Polyester) schrumpft der Anzug beim Waschen nicht sehr stark (30 Grad &#8211; [&hellip;]<\/p>\n","protected":false},"featured_media":655173,"comment_status":"closed","ping_status":"closed","template":"","meta":{"inline_featured_image":false},"product_brand":[],"product_cat":[2008,2184,2118],"product_tag":[2178],"sport":[],"class_list":{"0":"post-460073","1":"product","2":"type-product","3":"status-publish","4":"has-post-thumbnail","6":"product_cat-karate-kimonos-de","7":"product_cat-kimono-karategi-adidas-de","8":"product_cat-kleidung-kimonos","9":"product_tag-adidas-de","10":"pa_size-379","11":"pa_size-387","12":"pa_size-378","13":"pa_size-386","14":"pa_size-377","15":"pa_size-385","16":"pa_size-376","17":"pa_size-384","19":"first","20":"instock","21":"taxable","22":"shipping-taxable","23":"purchasable","24":"product-type-variable"},"yoast_head":"<!-- This site is optimized with the Yoast SEO plugin v27.2 - https:\/\/yoast.com\/product\/yoast-seo-wordpress\/ -->\n<title>KARATEGI ADIDAS SHORI K999 &#8211; Daisho<\/title>\n<meta name=\"description\" content=\"Der Karategi Shori Adidas K999 wurde speziell f\u00fcr Kata entwickelt. Er ist von Premium Qualit\u00e4t. Kaufen Sie ihn auf www.daisho.be|Daisho\" \/>\n<meta name=\"robots\" content=\"index, follow, max-snippet:-1, max-image-preview:large, max-video-preview:-1\" \/>\n<link rel=\"canonical\" href=\"https:\/\/www.daisho.be\/de\/produit\/karategi-adidas-shori-k999\/\" \/>\n<meta property=\"og:locale\" content=\"de_DE\" \/>\n<meta property=\"og:type\" content=\"article\" \/>\n<meta property=\"og:title\" content=\"KARATEGI ADIDAS SHORI K999 &#8211; Daisho\" \/>\n<meta property=\"og:description\" content=\"Der Karategi Shori Adidas K999 wurde speziell f\u00fcr Kata entwickelt. Er ist von Premium Qualit\u00e4t. Kaufen Sie ihn auf www.daisho.be|Daisho\" \/>\n<meta property=\"og:url\" content=\"https:\/\/www.daisho.be\/de\/produit\/karategi-adidas-shori-k999\/\" \/>\n<meta property=\"og:site_name\" content=\"Daisho\" \/>\n<meta property=\"article:modified_time\" content=\"2025-12-24T07:30:02+00:00\" \/>\n<meta property=\"og:image\" content=\"https:\/\/www.daisho.be\/wp-content\/uploads\/2026\/01\/image-27.png\" \/>\n\t<meta property=\"og:image:width\" content=\"578\" \/>\n\t<meta property=\"og:image:height\" content=\"623\" \/>\n\t<meta property=\"og:image:type\" content=\"image\/png\" \/>\n<meta name=\"twitter:card\" content=\"summary_large_image\" \/>\n<meta name=\"twitter:label1\" content=\"Gesch\u00e4tzte Lesezeit\" \/>\n\t<meta name=\"twitter:data1\" content=\"1\u00a0Minute\" \/>\n<script type=\"application\/ld+json\" class=\"yoast-schema-graph\">{\"@context\":\"https:\/\/schema.org\",\"@graph\":[{\"@type\":\"WebPage\",\"@id\":\"https:\/\/www.daisho.be\/de\/produit\/karategi-adidas-shori-k999\/\",\"url\":\"https:\/\/www.daisho.be\/de\/produit\/karategi-adidas-shori-k999\/\",\"name\":\"KARATEGI ADIDAS SHORI K999 &#8211; Daisho\",\"isPartOf\":{\"@id\":\"https:\/\/www.daisho.be\/de\/#website\"},\"primaryImageOfPage\":{\"@id\":\"https:\/\/www.daisho.be\/de\/produit\/karategi-adidas-shori-k999\/#primaryimage\"},\"image\":{\"@id\":\"https:\/\/www.daisho.be\/de\/produit\/karategi-adidas-shori-k999\/#primaryimage\"},\"thumbnailUrl\":\"https:\/\/www.daisho.be\/wp-content\/uploads\/2026\/01\/image-27.png\",\"datePublished\":\"2023-01-24T16:13:32+00:00\",\"dateModified\":\"2025-12-24T07:30:02+00:00\",\"description\":\"Der Karategi Shori Adidas K999 wurde speziell f\u00fcr Kata entwickelt. Er ist von Premium Qualit\u00e4t. Kaufen Sie ihn auf www.daisho.be|Daisho\",\"breadcrumb\":{\"@id\":\"https:\/\/www.daisho.be\/de\/produit\/karategi-adidas-shori-k999\/#breadcrumb\"},\"inLanguage\":\"de\",\"potentialAction\":[{\"@type\":\"ReadAction\",\"target\":[\"https:\/\/www.daisho.be\/de\/produit\/karategi-adidas-shori-k999\/\"]}]},{\"@type\":\"ImageObject\",\"inLanguage\":\"de\",\"@id\":\"https:\/\/www.daisho.be\/de\/produit\/karategi-adidas-shori-k999\/#primaryimage\",\"url\":\"https:\/\/www.daisho.be\/wp-content\/uploads\/2026\/01\/image-27.png\",\"contentUrl\":\"https:\/\/www.daisho.be\/wp-content\/uploads\/2026\/01\/image-27.png\",\"width\":578,\"height\":623,\"caption\":\"KARATEGI ADIDAS SHORI K999-1\"},{\"@type\":\"BreadcrumbList\",\"@id\":\"https:\/\/www.daisho.be\/de\/produit\/karategi-adidas-shori-k999\/#breadcrumb\",\"itemListElement\":[{\"@type\":\"ListItem\",\"position\":1,\"name\":\"Accueil\",\"item\":\"https:\/\/www.daisho.be\/de\/\"},{\"@type\":\"ListItem\",\"position\":2,\"name\":\"Produkte\",\"item\":\"https:\/\/www.daisho.be\/de\/produkte\/\"},{\"@type\":\"ListItem\",\"position\":3,\"name\":\"ADIDAS COMBAT SPORTS\",\"item\":\"https:\/\/www.daisho.be\/de\/categorie-produit\/adidas-combat-sports-de\/\"},{\"@type\":\"ListItem\",\"position\":4,\"name\":\"Karate\",\"item\":\"https:\/\/www.daisho.be\/de\/categorie-produit\/adidas-combat-sports-de\/karate-de\/\"},{\"@type\":\"ListItem\",\"position\":5,\"name\":\"Kimono - Karategi Adidas\",\"item\":\"https:\/\/www.daisho.be\/de\/categorie-produit\/adidas-combat-sports-de\/karate-de\/kimono-karategi-adidas-de\/\"},{\"@type\":\"ListItem\",\"position\":6,\"name\":\"KARATEGI ADIDAS SHORI K999\"}]},{\"@type\":\"WebSite\",\"@id\":\"https:\/\/www.daisho.be\/de\/#website\",\"url\":\"https:\/\/www.daisho.be\/de\/\",\"name\":\"Daisho\",\"description\":\"Sp&eacute;cialiste de l'&eacute;quipement sportif d'arts martiaux\",\"publisher\":{\"@id\":\"https:\/\/www.daisho.be\/de\/#organization\"},\"potentialAction\":[{\"@type\":\"SearchAction\",\"target\":{\"@type\":\"EntryPoint\",\"urlTemplate\":\"https:\/\/www.daisho.be\/de\/?s={search_term_string}\"},\"query-input\":{\"@type\":\"PropertyValueSpecification\",\"valueRequired\":true,\"valueName\":\"search_term_string\"}}],\"inLanguage\":\"de\"},{\"@type\":\"Organization\",\"@id\":\"https:\/\/www.daisho.be\/de\/#organization\",\"name\":\"Daisho\",\"url\":\"https:\/\/www.daisho.be\/de\/\",\"logo\":{\"@type\":\"ImageObject\",\"inLanguage\":\"de\",\"@id\":\"https:\/\/www.daisho.be\/de\/#\/schema\/logo\/image\/\",\"url\":\"https:\/\/www.daisho.be\/wp-content\/uploads\/2019\/07\/color-nothing-horizontale4x-e1564486100247.png\",\"contentUrl\":\"https:\/\/www.daisho.be\/wp-content\/uploads\/2019\/07\/color-nothing-horizontale4x-e1564486100247.png\",\"width\":1547,\"height\":385,\"caption\":\"Daisho\"},\"image\":{\"@id\":\"https:\/\/www.daisho.be\/de\/#\/schema\/logo\/image\/\"}}]}<\/script>\n<!-- \/ Yoast SEO plugin. -->","yoast_head_json":{"title":"KARATEGI ADIDAS SHORI K999 &#8211; Daisho","description":"Der Karategi Shori Adidas K999 wurde speziell f\u00fcr Kata entwickelt. Er ist von Premium Qualit\u00e4t. Kaufen Sie ihn auf www.daisho.be|Daisho","robots":{"index":"index","follow":"follow","max-snippet":"max-snippet:-1","max-image-preview":"max-image-preview:large","max-video-preview":"max-video-preview:-1"},"canonical":"https:\/\/www.daisho.be\/de\/produit\/karategi-adidas-shori-k999\/","og_locale":"de_DE","og_type":"article","og_title":"KARATEGI ADIDAS SHORI K999 &#8211; Daisho","og_description":"Der Karategi Shori Adidas K999 wurde speziell f\u00fcr Kata entwickelt. Er ist von Premium Qualit\u00e4t. Kaufen Sie ihn auf www.daisho.be|Daisho","og_url":"https:\/\/www.daisho.be\/de\/produit\/karategi-adidas-shori-k999\/","og_site_name":"Daisho","article_modified_time":"2025-12-24T07:30:02+00:00","og_image":[{"width":578,"height":623,"url":"https:\/\/www.daisho.be\/wp-content\/uploads\/2026\/01\/image-27.png","type":"image\/png"}],"twitter_card":"summary_large_image","twitter_misc":{"Gesch\u00e4tzte Lesezeit":"1\u00a0Minute"},"schema":{"@context":"https:\/\/schema.org","@graph":[{"@type":"WebPage","@id":"https:\/\/www.daisho.be\/de\/produit\/karategi-adidas-shori-k999\/","url":"https:\/\/www.daisho.be\/de\/produit\/karategi-adidas-shori-k999\/","name":"KARATEGI ADIDAS SHORI K999 &#8211; Daisho","isPartOf":{"@id":"https:\/\/www.daisho.be\/de\/#website"},"primaryImageOfPage":{"@id":"https:\/\/www.daisho.be\/de\/produit\/karategi-adidas-shori-k999\/#primaryimage"},"image":{"@id":"https:\/\/www.daisho.be\/de\/produit\/karategi-adidas-shori-k999\/#primaryimage"},"thumbnailUrl":"https:\/\/www.daisho.be\/wp-content\/uploads\/2026\/01\/image-27.png","datePublished":"2023-01-24T16:13:32+00:00","dateModified":"2025-12-24T07:30:02+00:00","description":"Der Karategi Shori Adidas K999 wurde speziell f\u00fcr Kata entwickelt. Er ist von Premium Qualit\u00e4t. Kaufen Sie ihn auf www.daisho.be|Daisho","breadcrumb":{"@id":"https:\/\/www.daisho.be\/de\/produit\/karategi-adidas-shori-k999\/#breadcrumb"},"inLanguage":"de","potentialAction":[{"@type":"ReadAction","target":["https:\/\/www.daisho.be\/de\/produit\/karategi-adidas-shori-k999\/"]}]},{"@type":"ImageObject","inLanguage":"de","@id":"https:\/\/www.daisho.be\/de\/produit\/karategi-adidas-shori-k999\/#primaryimage","url":"https:\/\/www.daisho.be\/wp-content\/uploads\/2026\/01\/image-27.png","contentUrl":"https:\/\/www.daisho.be\/wp-content\/uploads\/2026\/01\/image-27.png","width":578,"height":623,"caption":"KARATEGI ADIDAS SHORI K999-1"},{"@type":"BreadcrumbList","@id":"https:\/\/www.daisho.be\/de\/produit\/karategi-adidas-shori-k999\/#breadcrumb","itemListElement":[{"@type":"ListItem","position":1,"name":"Accueil","item":"https:\/\/www.daisho.be\/de\/"},{"@type":"ListItem","position":2,"name":"Produkte","item":"https:\/\/www.daisho.be\/de\/produkte\/"},{"@type":"ListItem","position":3,"name":"ADIDAS COMBAT SPORTS","item":"https:\/\/www.daisho.be\/de\/categorie-produit\/adidas-combat-sports-de\/"},{"@type":"ListItem","position":4,"name":"Karate","item":"https:\/\/www.daisho.be\/de\/categorie-produit\/adidas-combat-sports-de\/karate-de\/"},{"@type":"ListItem","position":5,"name":"Kimono - Karategi Adidas","item":"https:\/\/www.daisho.be\/de\/categorie-produit\/adidas-combat-sports-de\/karate-de\/kimono-karategi-adidas-de\/"},{"@type":"ListItem","position":6,"name":"KARATEGI ADIDAS SHORI K999"}]},{"@type":"WebSite","@id":"https:\/\/www.daisho.be\/de\/#website","url":"https:\/\/www.daisho.be\/de\/","name":"Daisho","description":"Sp&eacute;cialiste de l'&eacute;quipement sportif d'arts martiaux","publisher":{"@id":"https:\/\/www.daisho.be\/de\/#organization"},"potentialAction":[{"@type":"SearchAction","target":{"@type":"EntryPoint","urlTemplate":"https:\/\/www.daisho.be\/de\/?s={search_term_string}"},"query-input":{"@type":"PropertyValueSpecification","valueRequired":true,"valueName":"search_term_string"}}],"inLanguage":"de"},{"@type":"Organization","@id":"https:\/\/www.daisho.be\/de\/#organization","name":"Daisho","url":"https:\/\/www.daisho.be\/de\/","logo":{"@type":"ImageObject","inLanguage":"de","@id":"https:\/\/www.daisho.be\/de\/#\/schema\/logo\/image\/","url":"https:\/\/www.daisho.be\/wp-content\/uploads\/2019\/07\/color-nothing-horizontale4x-e1564486100247.png","contentUrl":"https:\/\/www.daisho.be\/wp-content\/uploads\/2019\/07\/color-nothing-horizontale4x-e1564486100247.png","width":1547,"height":385,"caption":"Daisho"},"image":{"@id":"https:\/\/www.daisho.be\/de\/#\/schema\/logo\/image\/"}}]}},"_links":{"self":[{"href":"https:\/\/www.daisho.be\/de\/wp-json\/wp\/v2\/product\/460073","targetHints":{"allow":["GET"]}}],"collection":[{"href":"https:\/\/www.daisho.be\/de\/wp-json\/wp\/v2\/product"}],"about":[{"href":"https:\/\/www.daisho.be\/de\/wp-json\/wp\/v2\/types\/product"}],"replies":[{"embeddable":true,"href":"https:\/\/www.daisho.be\/de\/wp-json\/wp\/v2\/comments?post=460073"}],"wp:featuredmedia":[{"embeddable":true,"href":"https:\/\/www.daisho.be\/de\/wp-json\/wp\/v2\/media\/655173"}],"wp:attachment":[{"href":"https:\/\/www.daisho.be\/de\/wp-json\/wp\/v2\/media?parent=460073"}],"wp:term":[{"taxonomy":"product_brand","embeddable":true,"href":"https:\/\/www.daisho.be\/de\/wp-json\/wp\/v2\/product_brand?post=460073"},{"taxonomy":"product_cat","embeddable":true,"href":"https:\/\/www.daisho.be\/de\/wp-json\/wp\/v2\/product_cat?post=460073"},{"taxonomy":"product_tag","embeddable":true,"href":"https:\/\/www.daisho.be\/de\/wp-json\/wp\/v2\/product_tag?post=460073"},{"taxonomy":"sport","embeddable":true,"href":"https:\/\/www.daisho.be\/de\/wp-json\/wp\/v2\/sport?post=460073"}],"curies":[{"name":"wp","href":"https:\/\/api.w.org\/{rel}","templated":true}]}}