{"id":459858,"date":"2022-02-05T16:58:29","date_gmt":"2022-02-05T15:58:29","guid":{"rendered":"https:\/\/www.daisho.be\/produit\/schienbeinschuetzer-adidas-taekwondo-ce\/"},"modified":"2025-12-24T15:53:02","modified_gmt":"2025-12-24T14:53:02","slug":"schienbeinschuetzer-adidas-taekwondo-ce","status":"publish","type":"product","link":"https:\/\/www.daisho.be\/de\/produit\/schienbeinschuetzer-adidas-taekwondo-ce\/","title":{"rendered":"Schienbeinsch\u00fctzer adidas Taekwondo CE"},"content":{"rendered":"<p>Diese adidas Schienbeinsch\u00fctzer absorbieren alle Schl\u00e4ge perfekt und verteilen sie dann sehr gleichm\u00e4\u00dfig, um den Aufprall zu reduzieren.<br \/>\nDie Schienbeinsch\u00fctzer sind WTF-gepr\u00fcft und mit einem CE-Zeichen versehen.<br \/>\nDas Besondere an diesen Protektoren ist, dass sie mit den besten K\u00e4mpfern der Welt zusammengestellt wurden.<br \/>\nDies erm\u00f6glicht Ihnen, eine perfekte und ultimative optimale Passform zu genie\u00dfen.<br \/>\nDie Schienbeinsch\u00fctzer sind anatomisch geformt und passen sich daher perfekt an, um Ihre Schienbeine ideal zu sch\u00fctzen.<br \/>\nDer Schienbeinschoner passt sich mit Hilfe der elastischen Socke auf der R\u00fcckseite perfekt an Ihr Bein an.<\/p>\n<p>Vorteile :<br \/>\n&#8211; gute Absorption von Tritten<br \/>\n&#8211; ohne Gefahr f\u00fcr die Gegner<br \/>\n&#8211; mit elastischer Socke<br \/>\n&#8211; perfekte Passform durch Klettverschluss<br \/>\n&#8211; genehmigt WTF<br \/>\n&#8211; mit adidas-Logo<\/p>\n","protected":false},"excerpt":{"rendered":"<p>Diese adidas Schienbeinsch\u00fctzer absorbieren alle Schl\u00e4ge perfekt und verteilen sie dann sehr gleichm\u00e4\u00dfig, um den Aufprall zu reduzieren. Die Schienbeinsch\u00fctzer sind WTF-gepr\u00fcft und mit einem CE-Zeichen versehen. Das Besondere an diesen Protektoren ist, dass sie mit den besten K\u00e4mpfern der Welt zusammengestellt wurden. Dies erm\u00f6glicht Ihnen, eine perfekte und ultimative optimale Passform zu genie\u00dfen. Die [&hellip;]<\/p>\n","protected":false},"featured_media":459866,"comment_status":"closed","ping_status":"closed","template":"","meta":{"inline_featured_image":false},"product_brand":[],"product_cat":[2051,2092,2183],"product_tag":[2178],"sport":[],"class_list":{"0":"post-459858","1":"product","2":"type-product","3":"status-publish","4":"has-post-thumbnail","6":"product_cat-schutz","7":"product_cat-taekwondo-protektoren","8":"product_cat-taekwondo-protektoren-adidas","9":"product_tag-adidas-de","10":"pa_size-l","11":"pa_size-s","12":"pa_size-xl","13":"pa_size-xs","15":"first","16":"instock","17":"sale","18":"taxable","19":"shipping-taxable","20":"purchasable","21":"product-type-variable"},"yoast_head":"<!-- This site is optimized with the Yoast SEO plugin v27.2 - https:\/\/yoast.com\/product\/yoast-seo-wordpress\/ -->\n<title>Schienbeinsch\u00fctzer adidas Taekwondo CE &#8211; Daisho<\/title>\n<meta name=\"description\" content=\"Entdecken Sie die Adidas WTF-zertifizierten Schienbeinsch\u00fctzer, die f\u00fcr hohen Schutz konzipiert sind. Kaufen Sie sie auf unserer Website www.daisho.be|Daisho\" \/>\n<meta name=\"robots\" content=\"index, follow, max-snippet:-1, max-image-preview:large, max-video-preview:-1\" \/>\n<link rel=\"canonical\" href=\"https:\/\/www.daisho.be\/de\/produit\/schienbeinschuetzer-adidas-taekwondo-ce\/\" \/>\n<meta property=\"og:locale\" content=\"de_DE\" \/>\n<meta property=\"og:type\" content=\"article\" \/>\n<meta property=\"og:title\" content=\"Schienbeinsch\u00fctzer adidas Taekwondo CE &#8211; Daisho\" \/>\n<meta property=\"og:description\" content=\"Entdecken Sie die Adidas WTF-zertifizierten Schienbeinsch\u00fctzer, die f\u00fcr hohen Schutz konzipiert sind. Kaufen Sie sie auf unserer Website www.daisho.be|Daisho\" \/>\n<meta property=\"og:url\" content=\"https:\/\/www.daisho.be\/de\/produit\/schienbeinschuetzer-adidas-taekwondo-ce\/\" \/>\n<meta property=\"og:site_name\" content=\"Daisho\" \/>\n<meta property=\"article:modified_time\" content=\"2025-12-24T14:53:02+00:00\" \/>\n<meta property=\"og:image\" content=\"https:\/\/www.daisho.be\/wp-content\/uploads\/2023\/05\/image-37.jpg\" \/>\n\t<meta property=\"og:image:width\" content=\"650\" \/>\n\t<meta property=\"og:image:height\" content=\"650\" \/>\n\t<meta property=\"og:image:type\" content=\"image\/jpeg\" \/>\n<meta name=\"twitter:card\" content=\"summary_large_image\" \/>\n<meta name=\"twitter:label1\" content=\"Gesch\u00e4tzte Lesezeit\" \/>\n\t<meta name=\"twitter:data1\" content=\"1\u00a0Minute\" \/>\n<script type=\"application\/ld+json\" class=\"yoast-schema-graph\">{\"@context\":\"https:\/\/schema.org\",\"@graph\":[{\"@type\":\"WebPage\",\"@id\":\"https:\/\/www.daisho.be\/de\/produit\/schienbeinschuetzer-adidas-taekwondo-ce\/\",\"url\":\"https:\/\/www.daisho.be\/de\/produit\/schienbeinschuetzer-adidas-taekwondo-ce\/\",\"name\":\"Schienbeinsch\u00fctzer adidas Taekwondo CE &#8211; Daisho\",\"isPartOf\":{\"@id\":\"https:\/\/www.daisho.be\/de\/#website\"},\"primaryImageOfPage\":{\"@id\":\"https:\/\/www.daisho.be\/de\/produit\/schienbeinschuetzer-adidas-taekwondo-ce\/#primaryimage\"},\"image\":{\"@id\":\"https:\/\/www.daisho.be\/de\/produit\/schienbeinschuetzer-adidas-taekwondo-ce\/#primaryimage\"},\"thumbnailUrl\":\"https:\/\/www.daisho.be\/wp-content\/uploads\/2023\/05\/image-37.jpg\",\"datePublished\":\"2022-02-05T15:58:29+00:00\",\"dateModified\":\"2025-12-24T14:53:02+00:00\",\"description\":\"Entdecken Sie die Adidas WTF-zertifizierten Schienbeinsch\u00fctzer, die f\u00fcr hohen Schutz konzipiert sind. Kaufen Sie sie auf unserer Website www.daisho.be|Daisho\",\"breadcrumb\":{\"@id\":\"https:\/\/www.daisho.be\/de\/produit\/schienbeinschuetzer-adidas-taekwondo-ce\/#breadcrumb\"},\"inLanguage\":\"de\",\"potentialAction\":[{\"@type\":\"ReadAction\",\"target\":[\"https:\/\/www.daisho.be\/de\/produit\/schienbeinschuetzer-adidas-taekwondo-ce\/\"]}]},{\"@type\":\"ImageObject\",\"inLanguage\":\"de\",\"@id\":\"https:\/\/www.daisho.be\/de\/produit\/schienbeinschuetzer-adidas-taekwondo-ce\/#primaryimage\",\"url\":\"https:\/\/www.daisho.be\/wp-content\/uploads\/2023\/05\/image-37.jpg\",\"contentUrl\":\"https:\/\/www.daisho.be\/wp-content\/uploads\/2023\/05\/image-37.jpg\",\"width\":650,\"height\":650,\"caption\":\"adidas Taekwondo Schienbeinsch\u00fctzer CE-1\"},{\"@type\":\"BreadcrumbList\",\"@id\":\"https:\/\/www.daisho.be\/de\/produit\/schienbeinschuetzer-adidas-taekwondo-ce\/#breadcrumb\",\"itemListElement\":[{\"@type\":\"ListItem\",\"position\":1,\"name\":\"Accueil\",\"item\":\"https:\/\/www.daisho.be\/de\/\"},{\"@type\":\"ListItem\",\"position\":2,\"name\":\"Produkte\",\"item\":\"https:\/\/www.daisho.be\/de\/produkte\/\"},{\"@type\":\"ListItem\",\"position\":3,\"name\":\"Ausr\u00fcstung und Kleidung f\u00fcr Kampfkunst und Kampfsport\",\"item\":\"https:\/\/www.daisho.be\/de\/categorie-produit\/ausrustung-und-kleidung-fur-kampfkunst-und-kampfsport\/\"},{\"@type\":\"ListItem\",\"position\":4,\"name\":\"Taekwondo\",\"item\":\"https:\/\/www.daisho.be\/de\/categorie-produit\/ausrustung-und-kleidung-fur-kampfkunst-und-kampfsport\/taekwondo-de-2\/\"},{\"@type\":\"ListItem\",\"position\":5,\"name\":\"Taekwondo Protektoren\",\"item\":\"https:\/\/www.daisho.be\/de\/categorie-produit\/ausrustung-und-kleidung-fur-kampfkunst-und-kampfsport\/taekwondo-de-2\/taekwondo-protektoren\/\"},{\"@type\":\"ListItem\",\"position\":6,\"name\":\"Schienbeinsch\u00fctzer adidas Taekwondo CE\"}]},{\"@type\":\"WebSite\",\"@id\":\"https:\/\/www.daisho.be\/de\/#website\",\"url\":\"https:\/\/www.daisho.be\/de\/\",\"name\":\"Daisho\",\"description\":\"Sp&eacute;cialiste de l'&eacute;quipement sportif d'arts martiaux\",\"publisher\":{\"@id\":\"https:\/\/www.daisho.be\/de\/#organization\"},\"potentialAction\":[{\"@type\":\"SearchAction\",\"target\":{\"@type\":\"EntryPoint\",\"urlTemplate\":\"https:\/\/www.daisho.be\/de\/?s={search_term_string}\"},\"query-input\":{\"@type\":\"PropertyValueSpecification\",\"valueRequired\":true,\"valueName\":\"search_term_string\"}}],\"inLanguage\":\"de\"},{\"@type\":\"Organization\",\"@id\":\"https:\/\/www.daisho.be\/de\/#organization\",\"name\":\"Daisho\",\"url\":\"https:\/\/www.daisho.be\/de\/\",\"logo\":{\"@type\":\"ImageObject\",\"inLanguage\":\"de\",\"@id\":\"https:\/\/www.daisho.be\/de\/#\/schema\/logo\/image\/\",\"url\":\"https:\/\/www.daisho.be\/wp-content\/uploads\/2019\/07\/color-nothing-horizontale4x-e1564486100247.png\",\"contentUrl\":\"https:\/\/www.daisho.be\/wp-content\/uploads\/2019\/07\/color-nothing-horizontale4x-e1564486100247.png\",\"width\":1547,\"height\":385,\"caption\":\"Daisho\"},\"image\":{\"@id\":\"https:\/\/www.daisho.be\/de\/#\/schema\/logo\/image\/\"}}]}<\/script>\n<!-- \/ Yoast SEO plugin. -->","yoast_head_json":{"title":"Schienbeinsch\u00fctzer adidas Taekwondo CE &#8211; Daisho","description":"Entdecken Sie die Adidas WTF-zertifizierten Schienbeinsch\u00fctzer, die f\u00fcr hohen Schutz konzipiert sind. Kaufen Sie sie auf unserer Website www.daisho.be|Daisho","robots":{"index":"index","follow":"follow","max-snippet":"max-snippet:-1","max-image-preview":"max-image-preview:large","max-video-preview":"max-video-preview:-1"},"canonical":"https:\/\/www.daisho.be\/de\/produit\/schienbeinschuetzer-adidas-taekwondo-ce\/","og_locale":"de_DE","og_type":"article","og_title":"Schienbeinsch\u00fctzer adidas Taekwondo CE &#8211; Daisho","og_description":"Entdecken Sie die Adidas WTF-zertifizierten Schienbeinsch\u00fctzer, die f\u00fcr hohen Schutz konzipiert sind. Kaufen Sie sie auf unserer Website www.daisho.be|Daisho","og_url":"https:\/\/www.daisho.be\/de\/produit\/schienbeinschuetzer-adidas-taekwondo-ce\/","og_site_name":"Daisho","article_modified_time":"2025-12-24T14:53:02+00:00","og_image":[{"width":650,"height":650,"url":"https:\/\/www.daisho.be\/wp-content\/uploads\/2023\/05\/image-37.jpg","type":"image\/jpeg"}],"twitter_card":"summary_large_image","twitter_misc":{"Gesch\u00e4tzte Lesezeit":"1\u00a0Minute"},"schema":{"@context":"https:\/\/schema.org","@graph":[{"@type":"WebPage","@id":"https:\/\/www.daisho.be\/de\/produit\/schienbeinschuetzer-adidas-taekwondo-ce\/","url":"https:\/\/www.daisho.be\/de\/produit\/schienbeinschuetzer-adidas-taekwondo-ce\/","name":"Schienbeinsch\u00fctzer adidas Taekwondo CE &#8211; Daisho","isPartOf":{"@id":"https:\/\/www.daisho.be\/de\/#website"},"primaryImageOfPage":{"@id":"https:\/\/www.daisho.be\/de\/produit\/schienbeinschuetzer-adidas-taekwondo-ce\/#primaryimage"},"image":{"@id":"https:\/\/www.daisho.be\/de\/produit\/schienbeinschuetzer-adidas-taekwondo-ce\/#primaryimage"},"thumbnailUrl":"https:\/\/www.daisho.be\/wp-content\/uploads\/2023\/05\/image-37.jpg","datePublished":"2022-02-05T15:58:29+00:00","dateModified":"2025-12-24T14:53:02+00:00","description":"Entdecken Sie die Adidas WTF-zertifizierten Schienbeinsch\u00fctzer, die f\u00fcr hohen Schutz konzipiert sind. Kaufen Sie sie auf unserer Website www.daisho.be|Daisho","breadcrumb":{"@id":"https:\/\/www.daisho.be\/de\/produit\/schienbeinschuetzer-adidas-taekwondo-ce\/#breadcrumb"},"inLanguage":"de","potentialAction":[{"@type":"ReadAction","target":["https:\/\/www.daisho.be\/de\/produit\/schienbeinschuetzer-adidas-taekwondo-ce\/"]}]},{"@type":"ImageObject","inLanguage":"de","@id":"https:\/\/www.daisho.be\/de\/produit\/schienbeinschuetzer-adidas-taekwondo-ce\/#primaryimage","url":"https:\/\/www.daisho.be\/wp-content\/uploads\/2023\/05\/image-37.jpg","contentUrl":"https:\/\/www.daisho.be\/wp-content\/uploads\/2023\/05\/image-37.jpg","width":650,"height":650,"caption":"adidas Taekwondo Schienbeinsch\u00fctzer CE-1"},{"@type":"BreadcrumbList","@id":"https:\/\/www.daisho.be\/de\/produit\/schienbeinschuetzer-adidas-taekwondo-ce\/#breadcrumb","itemListElement":[{"@type":"ListItem","position":1,"name":"Accueil","item":"https:\/\/www.daisho.be\/de\/"},{"@type":"ListItem","position":2,"name":"Produkte","item":"https:\/\/www.daisho.be\/de\/produkte\/"},{"@type":"ListItem","position":3,"name":"Ausr\u00fcstung und Kleidung f\u00fcr Kampfkunst und Kampfsport","item":"https:\/\/www.daisho.be\/de\/categorie-produit\/ausrustung-und-kleidung-fur-kampfkunst-und-kampfsport\/"},{"@type":"ListItem","position":4,"name":"Taekwondo","item":"https:\/\/www.daisho.be\/de\/categorie-produit\/ausrustung-und-kleidung-fur-kampfkunst-und-kampfsport\/taekwondo-de-2\/"},{"@type":"ListItem","position":5,"name":"Taekwondo Protektoren","item":"https:\/\/www.daisho.be\/de\/categorie-produit\/ausrustung-und-kleidung-fur-kampfkunst-und-kampfsport\/taekwondo-de-2\/taekwondo-protektoren\/"},{"@type":"ListItem","position":6,"name":"Schienbeinsch\u00fctzer adidas Taekwondo CE"}]},{"@type":"WebSite","@id":"https:\/\/www.daisho.be\/de\/#website","url":"https:\/\/www.daisho.be\/de\/","name":"Daisho","description":"Sp&eacute;cialiste de l'&eacute;quipement sportif d'arts martiaux","publisher":{"@id":"https:\/\/www.daisho.be\/de\/#organization"},"potentialAction":[{"@type":"SearchAction","target":{"@type":"EntryPoint","urlTemplate":"https:\/\/www.daisho.be\/de\/?s={search_term_string}"},"query-input":{"@type":"PropertyValueSpecification","valueRequired":true,"valueName":"search_term_string"}}],"inLanguage":"de"},{"@type":"Organization","@id":"https:\/\/www.daisho.be\/de\/#organization","name":"Daisho","url":"https:\/\/www.daisho.be\/de\/","logo":{"@type":"ImageObject","inLanguage":"de","@id":"https:\/\/www.daisho.be\/de\/#\/schema\/logo\/image\/","url":"https:\/\/www.daisho.be\/wp-content\/uploads\/2019\/07\/color-nothing-horizontale4x-e1564486100247.png","contentUrl":"https:\/\/www.daisho.be\/wp-content\/uploads\/2019\/07\/color-nothing-horizontale4x-e1564486100247.png","width":1547,"height":385,"caption":"Daisho"},"image":{"@id":"https:\/\/www.daisho.be\/de\/#\/schema\/logo\/image\/"}}]}},"_links":{"self":[{"href":"https:\/\/www.daisho.be\/de\/wp-json\/wp\/v2\/product\/459858","targetHints":{"allow":["GET"]}}],"collection":[{"href":"https:\/\/www.daisho.be\/de\/wp-json\/wp\/v2\/product"}],"about":[{"href":"https:\/\/www.daisho.be\/de\/wp-json\/wp\/v2\/types\/product"}],"replies":[{"embeddable":true,"href":"https:\/\/www.daisho.be\/de\/wp-json\/wp\/v2\/comments?post=459858"}],"wp:featuredmedia":[{"embeddable":true,"href":"https:\/\/www.daisho.be\/de\/wp-json\/wp\/v2\/media\/459866"}],"wp:attachment":[{"href":"https:\/\/www.daisho.be\/de\/wp-json\/wp\/v2\/media?parent=459858"}],"wp:term":[{"taxonomy":"product_brand","embeddable":true,"href":"https:\/\/www.daisho.be\/de\/wp-json\/wp\/v2\/product_brand?post=459858"},{"taxonomy":"product_cat","embeddable":true,"href":"https:\/\/www.daisho.be\/de\/wp-json\/wp\/v2\/product_cat?post=459858"},{"taxonomy":"product_tag","embeddable":true,"href":"https:\/\/www.daisho.be\/de\/wp-json\/wp\/v2\/product_tag?post=459858"},{"taxonomy":"sport","embeddable":true,"href":"https:\/\/www.daisho.be\/de\/wp-json\/wp\/v2\/sport?post=459858"}],"curies":[{"name":"wp","href":"https:\/\/api.w.org\/{rel}","templated":true}]}}