{"id":459827,"date":"2022-02-05T16:58:57","date_gmt":"2022-02-05T15:58:57","guid":{"rendered":"https:\/\/www.daisho.be\/produit\/adidas-schienbein-ellenbogenschuetzer-elastisch-weiss\/"},"modified":"2025-02-28T15:33:56","modified_gmt":"2025-02-28T14:33:56","slug":"adidas-schienbein-ellenbogenschuetzer-elastisch-weiss","status":"publish","type":"product","link":"https:\/\/www.daisho.be\/de\/produit\/adidas-schienbein-ellenbogenschuetzer-elastisch-weiss\/","title":{"rendered":"Adidas Schienbein-\/Ellenbogensch\u00fctzer, elastisch, wei\u00df"},"content":{"rendered":"<p>Elastischer Schienbein- und Spannschutz von adidas mit weicher, sch\u00fctzender Polsterung aus hochdichtem EVA.<br \/>\nIdeal zum Schutz Ihrer Schienbeine und Ihres Spanns, kann auch als unterer Schutz f\u00fcr zus\u00e4tzlichen Schutz verwendet werden.<br \/>\nDer Schienbeinschutz eignet sich f\u00fcr alle Kampfsportler, die guten Schutz zu einem guten Preis w\u00fcnschen.<br \/>\nDer Schienbein- und Spannschutz von adidas eignet sich f\u00fcr Thai\/Kickboxing und MMA.<\/p>\n","protected":false},"excerpt":{"rendered":"<p>Elastischer Schienbein- und Spannschutz von adidas mit weicher, sch\u00fctzender Polsterung aus hochdichtem EVA. Ideal zum Schutz Ihrer Schienbeine und Ihres Spanns, kann auch als unterer Schutz f\u00fcr zus\u00e4tzlichen Schutz verwendet werden. Der Schienbeinschutz eignet sich f\u00fcr alle Kampfsportler, die guten Schutz zu einem guten Preis w\u00fcnschen. Der Schienbein- und Spannschutz von adidas eignet sich f\u00fcr [&hellip;]<\/p>\n","protected":false},"featured_media":459835,"comment_status":"open","ping_status":"closed","template":"","meta":{"inline_featured_image":false},"product_brand":[],"product_cat":[2271,2261],"product_tag":[2178],"sport":[],"class_list":{"0":"post-459827","1":"product","2":"type-product","3":"status-publish","4":"has-post-thumbnail","6":"product_cat-adidas-boxing-protektoren","7":"product_cat-mma-protektoren-adidas","8":"product_tag-adidas-de","9":"pa_size-l","10":"pa_size-m","11":"pa_size-s","12":"pa_size-xl","13":"pa_size-xs","14":"pa_size-xxs","16":"first","17":"instock","18":"taxable","19":"shipping-taxable","20":"purchasable","21":"product-type-variable"},"yoast_head":"<!-- This site is optimized with the Yoast SEO plugin v27.2 - https:\/\/yoast.com\/product\/yoast-seo-wordpress\/ -->\n<title>Adidas Schienbein-\/Ellenbogensch\u00fctzer, elastisch, wei\u00df &#8211; Daisho<\/title>\n<meta name=\"description\" content=\"Entdecken Sie die Adidas Schienbeinsch\u00fctzer, die mit hohem Schutz f\u00fcr alle Kampfsportler entwickelt wurden. Kaufen Sie sie bei www.daisho.be|Daisho\" \/>\n<meta name=\"robots\" content=\"index, follow, max-snippet:-1, max-image-preview:large, max-video-preview:-1\" \/>\n<link rel=\"canonical\" href=\"https:\/\/www.daisho.be\/de\/produit\/adidas-schienbein-ellenbogenschuetzer-elastisch-weiss\/\" \/>\n<meta property=\"og:locale\" content=\"de_DE\" \/>\n<meta property=\"og:type\" content=\"article\" \/>\n<meta property=\"og:title\" content=\"Adidas Schienbein-\/Ellenbogensch\u00fctzer, elastisch, wei\u00df &#8211; Daisho\" \/>\n<meta property=\"og:description\" content=\"Entdecken Sie die Adidas Schienbeinsch\u00fctzer, die mit hohem Schutz f\u00fcr alle Kampfsportler entwickelt wurden. Kaufen Sie sie bei www.daisho.be|Daisho\" \/>\n<meta property=\"og:url\" content=\"https:\/\/www.daisho.be\/de\/produit\/adidas-schienbein-ellenbogenschuetzer-elastisch-weiss\/\" \/>\n<meta property=\"og:site_name\" content=\"Daisho\" \/>\n<meta property=\"article:modified_time\" content=\"2025-02-28T14:33:56+00:00\" \/>\n<meta property=\"og:image\" content=\"https:\/\/www.daisho.be\/wp-content\/uploads\/2022\/04\/image.jpg\" \/>\n\t<meta property=\"og:image:width\" content=\"650\" \/>\n\t<meta property=\"og:image:height\" content=\"650\" \/>\n\t<meta property=\"og:image:type\" content=\"image\/jpeg\" \/>\n<meta name=\"twitter:card\" content=\"summary_large_image\" \/>\n<script type=\"application\/ld+json\" class=\"yoast-schema-graph\">{\"@context\":\"https:\/\/schema.org\",\"@graph\":[{\"@type\":\"WebPage\",\"@id\":\"https:\/\/www.daisho.be\/de\/produit\/adidas-schienbein-ellenbogenschuetzer-elastisch-weiss\/\",\"url\":\"https:\/\/www.daisho.be\/de\/produit\/adidas-schienbein-ellenbogenschuetzer-elastisch-weiss\/\",\"name\":\"Adidas Schienbein-\/Ellenbogensch\u00fctzer, elastisch, wei\u00df &#8211; Daisho\",\"isPartOf\":{\"@id\":\"https:\/\/www.daisho.be\/de\/#website\"},\"primaryImageOfPage\":{\"@id\":\"https:\/\/www.daisho.be\/de\/produit\/adidas-schienbein-ellenbogenschuetzer-elastisch-weiss\/#primaryimage\"},\"image\":{\"@id\":\"https:\/\/www.daisho.be\/de\/produit\/adidas-schienbein-ellenbogenschuetzer-elastisch-weiss\/#primaryimage\"},\"thumbnailUrl\":\"https:\/\/www.daisho.be\/wp-content\/uploads\/2022\/04\/image.jpg\",\"datePublished\":\"2022-02-05T15:58:57+00:00\",\"dateModified\":\"2025-02-28T14:33:56+00:00\",\"description\":\"Entdecken Sie die Adidas Schienbeinsch\u00fctzer, die mit hohem Schutz f\u00fcr alle Kampfsportler entwickelt wurden. Kaufen Sie sie bei www.daisho.be|Daisho\",\"breadcrumb\":{\"@id\":\"https:\/\/www.daisho.be\/de\/produit\/adidas-schienbein-ellenbogenschuetzer-elastisch-weiss\/#breadcrumb\"},\"inLanguage\":\"de\",\"potentialAction\":[{\"@type\":\"ReadAction\",\"target\":[\"https:\/\/www.daisho.be\/de\/produit\/adidas-schienbein-ellenbogenschuetzer-elastisch-weiss\/\"]}]},{\"@type\":\"ImageObject\",\"inLanguage\":\"de\",\"@id\":\"https:\/\/www.daisho.be\/de\/produit\/adidas-schienbein-ellenbogenschuetzer-elastisch-weiss\/#primaryimage\",\"url\":\"https:\/\/www.daisho.be\/wp-content\/uploads\/2022\/04\/image.jpg\",\"contentUrl\":\"https:\/\/www.daisho.be\/wp-content\/uploads\/2022\/04\/image.jpg\",\"width\":650,\"height\":650,\"caption\":\"Adidas Schienbein-\/Vorderfu\u00dfsch\u00fctzer elastisch wei\u00df-1\"},{\"@type\":\"BreadcrumbList\",\"@id\":\"https:\/\/www.daisho.be\/de\/produit\/adidas-schienbein-ellenbogenschuetzer-elastisch-weiss\/#breadcrumb\",\"itemListElement\":[{\"@type\":\"ListItem\",\"position\":1,\"name\":\"Accueil\",\"item\":\"https:\/\/www.daisho.be\/de\/\"},{\"@type\":\"ListItem\",\"position\":2,\"name\":\"Produkte\",\"item\":\"https:\/\/www.daisho.be\/de\/produkte\/\"},{\"@type\":\"ListItem\",\"position\":3,\"name\":\"ADIDAS COMBAT SPORTS\",\"item\":\"https:\/\/www.daisho.be\/de\/categorie-produit\/adidas-combat-sports-de\/\"},{\"@type\":\"ListItem\",\"position\":4,\"name\":\"Boxen\",\"item\":\"https:\/\/www.daisho.be\/de\/categorie-produit\/adidas-combat-sports-de\/boxen\/\"},{\"@type\":\"ListItem\",\"position\":5,\"name\":\"Adidas Boxing Protektoren\",\"item\":\"https:\/\/www.daisho.be\/de\/categorie-produit\/adidas-combat-sports-de\/boxen\/adidas-boxing-protektoren\/\"},{\"@type\":\"ListItem\",\"position\":6,\"name\":\"Adidas Schienbein-\/Ellenbogensch\u00fctzer, elastisch, wei\u00df\"}]},{\"@type\":\"WebSite\",\"@id\":\"https:\/\/www.daisho.be\/de\/#website\",\"url\":\"https:\/\/www.daisho.be\/de\/\",\"name\":\"Daisho\",\"description\":\"Sp&eacute;cialiste de l'&eacute;quipement sportif d'arts martiaux\",\"publisher\":{\"@id\":\"https:\/\/www.daisho.be\/de\/#organization\"},\"potentialAction\":[{\"@type\":\"SearchAction\",\"target\":{\"@type\":\"EntryPoint\",\"urlTemplate\":\"https:\/\/www.daisho.be\/de\/?s={search_term_string}\"},\"query-input\":{\"@type\":\"PropertyValueSpecification\",\"valueRequired\":true,\"valueName\":\"search_term_string\"}}],\"inLanguage\":\"de\"},{\"@type\":\"Organization\",\"@id\":\"https:\/\/www.daisho.be\/de\/#organization\",\"name\":\"Daisho\",\"url\":\"https:\/\/www.daisho.be\/de\/\",\"logo\":{\"@type\":\"ImageObject\",\"inLanguage\":\"de\",\"@id\":\"https:\/\/www.daisho.be\/de\/#\/schema\/logo\/image\/\",\"url\":\"https:\/\/www.daisho.be\/wp-content\/uploads\/2019\/07\/color-nothing-horizontale4x-e1564486100247.png\",\"contentUrl\":\"https:\/\/www.daisho.be\/wp-content\/uploads\/2019\/07\/color-nothing-horizontale4x-e1564486100247.png\",\"width\":1547,\"height\":385,\"caption\":\"Daisho\"},\"image\":{\"@id\":\"https:\/\/www.daisho.be\/de\/#\/schema\/logo\/image\/\"}}]}<\/script>\n<!-- \/ Yoast SEO plugin. -->","yoast_head_json":{"title":"Adidas Schienbein-\/Ellenbogensch\u00fctzer, elastisch, wei\u00df &#8211; Daisho","description":"Entdecken Sie die Adidas Schienbeinsch\u00fctzer, die mit hohem Schutz f\u00fcr alle Kampfsportler entwickelt wurden. Kaufen Sie sie bei www.daisho.be|Daisho","robots":{"index":"index","follow":"follow","max-snippet":"max-snippet:-1","max-image-preview":"max-image-preview:large","max-video-preview":"max-video-preview:-1"},"canonical":"https:\/\/www.daisho.be\/de\/produit\/adidas-schienbein-ellenbogenschuetzer-elastisch-weiss\/","og_locale":"de_DE","og_type":"article","og_title":"Adidas Schienbein-\/Ellenbogensch\u00fctzer, elastisch, wei\u00df &#8211; Daisho","og_description":"Entdecken Sie die Adidas Schienbeinsch\u00fctzer, die mit hohem Schutz f\u00fcr alle Kampfsportler entwickelt wurden. Kaufen Sie sie bei www.daisho.be|Daisho","og_url":"https:\/\/www.daisho.be\/de\/produit\/adidas-schienbein-ellenbogenschuetzer-elastisch-weiss\/","og_site_name":"Daisho","article_modified_time":"2025-02-28T14:33:56+00:00","og_image":[{"width":650,"height":650,"url":"https:\/\/www.daisho.be\/wp-content\/uploads\/2022\/04\/image.jpg","type":"image\/jpeg"}],"twitter_card":"summary_large_image","schema":{"@context":"https:\/\/schema.org","@graph":[{"@type":"WebPage","@id":"https:\/\/www.daisho.be\/de\/produit\/adidas-schienbein-ellenbogenschuetzer-elastisch-weiss\/","url":"https:\/\/www.daisho.be\/de\/produit\/adidas-schienbein-ellenbogenschuetzer-elastisch-weiss\/","name":"Adidas Schienbein-\/Ellenbogensch\u00fctzer, elastisch, wei\u00df &#8211; Daisho","isPartOf":{"@id":"https:\/\/www.daisho.be\/de\/#website"},"primaryImageOfPage":{"@id":"https:\/\/www.daisho.be\/de\/produit\/adidas-schienbein-ellenbogenschuetzer-elastisch-weiss\/#primaryimage"},"image":{"@id":"https:\/\/www.daisho.be\/de\/produit\/adidas-schienbein-ellenbogenschuetzer-elastisch-weiss\/#primaryimage"},"thumbnailUrl":"https:\/\/www.daisho.be\/wp-content\/uploads\/2022\/04\/image.jpg","datePublished":"2022-02-05T15:58:57+00:00","dateModified":"2025-02-28T14:33:56+00:00","description":"Entdecken Sie die Adidas Schienbeinsch\u00fctzer, die mit hohem Schutz f\u00fcr alle Kampfsportler entwickelt wurden. Kaufen Sie sie bei www.daisho.be|Daisho","breadcrumb":{"@id":"https:\/\/www.daisho.be\/de\/produit\/adidas-schienbein-ellenbogenschuetzer-elastisch-weiss\/#breadcrumb"},"inLanguage":"de","potentialAction":[{"@type":"ReadAction","target":["https:\/\/www.daisho.be\/de\/produit\/adidas-schienbein-ellenbogenschuetzer-elastisch-weiss\/"]}]},{"@type":"ImageObject","inLanguage":"de","@id":"https:\/\/www.daisho.be\/de\/produit\/adidas-schienbein-ellenbogenschuetzer-elastisch-weiss\/#primaryimage","url":"https:\/\/www.daisho.be\/wp-content\/uploads\/2022\/04\/image.jpg","contentUrl":"https:\/\/www.daisho.be\/wp-content\/uploads\/2022\/04\/image.jpg","width":650,"height":650,"caption":"Adidas Schienbein-\/Vorderfu\u00dfsch\u00fctzer elastisch wei\u00df-1"},{"@type":"BreadcrumbList","@id":"https:\/\/www.daisho.be\/de\/produit\/adidas-schienbein-ellenbogenschuetzer-elastisch-weiss\/#breadcrumb","itemListElement":[{"@type":"ListItem","position":1,"name":"Accueil","item":"https:\/\/www.daisho.be\/de\/"},{"@type":"ListItem","position":2,"name":"Produkte","item":"https:\/\/www.daisho.be\/de\/produkte\/"},{"@type":"ListItem","position":3,"name":"ADIDAS COMBAT SPORTS","item":"https:\/\/www.daisho.be\/de\/categorie-produit\/adidas-combat-sports-de\/"},{"@type":"ListItem","position":4,"name":"Boxen","item":"https:\/\/www.daisho.be\/de\/categorie-produit\/adidas-combat-sports-de\/boxen\/"},{"@type":"ListItem","position":5,"name":"Adidas Boxing Protektoren","item":"https:\/\/www.daisho.be\/de\/categorie-produit\/adidas-combat-sports-de\/boxen\/adidas-boxing-protektoren\/"},{"@type":"ListItem","position":6,"name":"Adidas Schienbein-\/Ellenbogensch\u00fctzer, elastisch, wei\u00df"}]},{"@type":"WebSite","@id":"https:\/\/www.daisho.be\/de\/#website","url":"https:\/\/www.daisho.be\/de\/","name":"Daisho","description":"Sp&eacute;cialiste de l'&eacute;quipement sportif d'arts martiaux","publisher":{"@id":"https:\/\/www.daisho.be\/de\/#organization"},"potentialAction":[{"@type":"SearchAction","target":{"@type":"EntryPoint","urlTemplate":"https:\/\/www.daisho.be\/de\/?s={search_term_string}"},"query-input":{"@type":"PropertyValueSpecification","valueRequired":true,"valueName":"search_term_string"}}],"inLanguage":"de"},{"@type":"Organization","@id":"https:\/\/www.daisho.be\/de\/#organization","name":"Daisho","url":"https:\/\/www.daisho.be\/de\/","logo":{"@type":"ImageObject","inLanguage":"de","@id":"https:\/\/www.daisho.be\/de\/#\/schema\/logo\/image\/","url":"https:\/\/www.daisho.be\/wp-content\/uploads\/2019\/07\/color-nothing-horizontale4x-e1564486100247.png","contentUrl":"https:\/\/www.daisho.be\/wp-content\/uploads\/2019\/07\/color-nothing-horizontale4x-e1564486100247.png","width":1547,"height":385,"caption":"Daisho"},"image":{"@id":"https:\/\/www.daisho.be\/de\/#\/schema\/logo\/image\/"}}]}},"_links":{"self":[{"href":"https:\/\/www.daisho.be\/de\/wp-json\/wp\/v2\/product\/459827","targetHints":{"allow":["GET"]}}],"collection":[{"href":"https:\/\/www.daisho.be\/de\/wp-json\/wp\/v2\/product"}],"about":[{"href":"https:\/\/www.daisho.be\/de\/wp-json\/wp\/v2\/types\/product"}],"replies":[{"embeddable":true,"href":"https:\/\/www.daisho.be\/de\/wp-json\/wp\/v2\/comments?post=459827"}],"wp:featuredmedia":[{"embeddable":true,"href":"https:\/\/www.daisho.be\/de\/wp-json\/wp\/v2\/media\/459835"}],"wp:attachment":[{"href":"https:\/\/www.daisho.be\/de\/wp-json\/wp\/v2\/media?parent=459827"}],"wp:term":[{"taxonomy":"product_brand","embeddable":true,"href":"https:\/\/www.daisho.be\/de\/wp-json\/wp\/v2\/product_brand?post=459827"},{"taxonomy":"product_cat","embeddable":true,"href":"https:\/\/www.daisho.be\/de\/wp-json\/wp\/v2\/product_cat?post=459827"},{"taxonomy":"product_tag","embeddable":true,"href":"https:\/\/www.daisho.be\/de\/wp-json\/wp\/v2\/product_tag?post=459827"},{"taxonomy":"sport","embeddable":true,"href":"https:\/\/www.daisho.be\/de\/wp-json\/wp\/v2\/sport?post=459827"}],"curies":[{"name":"wp","href":"https:\/\/api.w.org\/{rel}","templated":true}]}}