{"id":459782,"date":"2022-02-05T17:01:19","date_gmt":"2022-02-05T16:01:19","guid":{"rendered":"https:\/\/www.daisho.be\/produit\/schienbein-und-spannschuetzer-adidas-taekwondo\/"},"modified":"2025-12-24T15:29:47","modified_gmt":"2025-12-24T14:29:47","slug":"schienbein-und-spannschuetzer-adidas-taekwondo","status":"publish","type":"product","link":"https:\/\/www.daisho.be\/de\/produit\/schienbein-und-spannschuetzer-adidas-taekwondo\/","title":{"rendered":"Schienbein- und Spannsch\u00fctzer adidas Taekwondo"},"content":{"rendered":"<p>Diese adidas Schienbein- und Spannsch\u00fctzer absorbieren Schl\u00e4ge und Tritte perfekt und verteilen sie gleichm\u00e4\u00dfig. Die Schienbeinsch\u00fctzer sind anatomisch geformt und bieten perfekten Schutz w\u00e4hrend des Taekwando-Trainings. Auch der Kn\u00f6chel wird durch eine extra dicke Schutzschicht gut gesch\u00fctzt.<br \/>\nDie verstellbaren Klettverschl\u00fcsse hinten und das elastische Band unten halten die Schienbein- und Spannsch\u00fctzer in der richtigen Position und sorgen f\u00fcr eine perfekte Passform. Das vertraute adidas-Logo ist deutlich sichtbar. Diese Schienbeinsch\u00fctzer sind von der WTF anerkannt. Die Schutzschicht ist ca. 15 mm dick.<br \/>\nVorteile:<br \/>\n&#8211; gute Treppend\u00e4mpfung<br \/>\n&#8211; aus PU<br \/>\n&#8211; perfekte Passform durch Klettverschluss<br \/>\n&#8211; WTF-anerkannt<br \/>\n&#8211; 15 cm dicke Schutzschicht     <\/p>\n","protected":false},"excerpt":{"rendered":"<p>Diese adidas Schienbein- und Spannsch\u00fctzer absorbieren Schl\u00e4ge und Tritte perfekt und verteilen sie gleichm\u00e4\u00dfig. Die Schienbeinsch\u00fctzer sind anatomisch geformt und bieten perfekten Schutz w\u00e4hrend des Taekwando-Trainings. Auch der Kn\u00f6chel wird durch eine extra dicke Schutzschicht gut gesch\u00fctzt. Die verstellbaren Klettverschl\u00fcsse hinten und das elastische Band unten halten die Schienbein- und Spannsch\u00fctzer in der richtigen Position [&hellip;]<\/p>\n","protected":false},"featured_media":646241,"comment_status":"open","ping_status":"closed","template":"","meta":{"inline_featured_image":false},"product_brand":[],"product_cat":[2051,2092,2183],"product_tag":[2178],"sport":[],"class_list":{"0":"post-459782","1":"product","2":"type-product","3":"status-publish","4":"has-post-thumbnail","6":"product_cat-schutz","7":"product_cat-taekwondo-protektoren","8":"product_cat-taekwondo-protektoren-adidas","9":"product_tag-adidas-de","10":"pa_size-l","11":"pa_size-m","12":"pa_size-s","13":"pa_size-xl","14":"pa_size-xs","15":"pa_size-xxs","17":"first","18":"instock","19":"taxable","20":"shipping-taxable","21":"purchasable","22":"product-type-variable"},"yoast_head":"<!-- This site is optimized with the Yoast SEO plugin v27.2 - https:\/\/yoast.com\/product\/yoast-seo-wordpress\/ -->\n<title>Schienbein- und Spannsch\u00fctzer adidas Taekwondo &#8211; Daisho<\/title>\n<meta name=\"description\" content=\"Entdecken Sie die Adidas Economy Schienbeinsch\u00fctzer mit CE-Zertifizierung f\u00fcr alle Kampfsportler. Kaufen Sie sie auf www.daisho.be|Daisho\" \/>\n<meta name=\"robots\" content=\"index, follow, max-snippet:-1, max-image-preview:large, max-video-preview:-1\" \/>\n<link rel=\"canonical\" href=\"https:\/\/www.daisho.be\/de\/produit\/schienbein-und-spannschuetzer-adidas-taekwondo\/\" \/>\n<meta property=\"og:locale\" content=\"de_DE\" \/>\n<meta property=\"og:type\" content=\"article\" \/>\n<meta property=\"og:title\" content=\"Schienbein- und Spannsch\u00fctzer adidas Taekwondo &#8211; Daisho\" \/>\n<meta property=\"og:description\" content=\"Entdecken Sie die Adidas Economy Schienbeinsch\u00fctzer mit CE-Zertifizierung f\u00fcr alle Kampfsportler. Kaufen Sie sie auf www.daisho.be|Daisho\" \/>\n<meta property=\"og:url\" content=\"https:\/\/www.daisho.be\/de\/produit\/schienbein-und-spannschuetzer-adidas-taekwondo\/\" \/>\n<meta property=\"og:site_name\" content=\"Daisho\" \/>\n<meta property=\"article:modified_time\" content=\"2025-12-24T14:29:47+00:00\" \/>\n<meta property=\"og:image\" content=\"https:\/\/www.daisho.be\/wp-content\/uploads\/2025\/12\/image-110.jpg\" \/>\n\t<meta property=\"og:image:width\" content=\"650\" \/>\n\t<meta property=\"og:image:height\" content=\"650\" \/>\n\t<meta property=\"og:image:type\" content=\"image\/jpeg\" \/>\n<meta name=\"twitter:card\" content=\"summary_large_image\" \/>\n<meta name=\"twitter:label1\" content=\"Gesch\u00e4tzte Lesezeit\" \/>\n\t<meta name=\"twitter:data1\" content=\"1\u00a0Minute\" \/>\n<script type=\"application\/ld+json\" class=\"yoast-schema-graph\">{\"@context\":\"https:\/\/schema.org\",\"@graph\":[{\"@type\":\"WebPage\",\"@id\":\"https:\/\/www.daisho.be\/de\/produit\/schienbein-und-spannschuetzer-adidas-taekwondo\/\",\"url\":\"https:\/\/www.daisho.be\/de\/produit\/schienbein-und-spannschuetzer-adidas-taekwondo\/\",\"name\":\"Schienbein- und Spannsch\u00fctzer adidas Taekwondo &#8211; Daisho\",\"isPartOf\":{\"@id\":\"https:\/\/www.daisho.be\/de\/#website\"},\"primaryImageOfPage\":{\"@id\":\"https:\/\/www.daisho.be\/de\/produit\/schienbein-und-spannschuetzer-adidas-taekwondo\/#primaryimage\"},\"image\":{\"@id\":\"https:\/\/www.daisho.be\/de\/produit\/schienbein-und-spannschuetzer-adidas-taekwondo\/#primaryimage\"},\"thumbnailUrl\":\"https:\/\/www.daisho.be\/wp-content\/uploads\/2025\/12\/image-110.jpg\",\"datePublished\":\"2022-02-05T16:01:19+00:00\",\"dateModified\":\"2025-12-24T14:29:47+00:00\",\"description\":\"Entdecken Sie die Adidas Economy Schienbeinsch\u00fctzer mit CE-Zertifizierung f\u00fcr alle Kampfsportler. Kaufen Sie sie auf www.daisho.be|Daisho\",\"breadcrumb\":{\"@id\":\"https:\/\/www.daisho.be\/de\/produit\/schienbein-und-spannschuetzer-adidas-taekwondo\/#breadcrumb\"},\"inLanguage\":\"de\",\"potentialAction\":[{\"@type\":\"ReadAction\",\"target\":[\"https:\/\/www.daisho.be\/de\/produit\/schienbein-und-spannschuetzer-adidas-taekwondo\/\"]}]},{\"@type\":\"ImageObject\",\"inLanguage\":\"de\",\"@id\":\"https:\/\/www.daisho.be\/de\/produit\/schienbein-und-spannschuetzer-adidas-taekwondo\/#primaryimage\",\"url\":\"https:\/\/www.daisho.be\/wp-content\/uploads\/2025\/12\/image-110.jpg\",\"contentUrl\":\"https:\/\/www.daisho.be\/wp-content\/uploads\/2025\/12\/image-110.jpg\",\"width\":650,\"height\":650,\"caption\":\"adidas Taekwondo-1 Schienbein- und Spannsch\u00fctzer\"},{\"@type\":\"BreadcrumbList\",\"@id\":\"https:\/\/www.daisho.be\/de\/produit\/schienbein-und-spannschuetzer-adidas-taekwondo\/#breadcrumb\",\"itemListElement\":[{\"@type\":\"ListItem\",\"position\":1,\"name\":\"Accueil\",\"item\":\"https:\/\/www.daisho.be\/de\/\"},{\"@type\":\"ListItem\",\"position\":2,\"name\":\"Produkte\",\"item\":\"https:\/\/www.daisho.be\/de\/produkte\/\"},{\"@type\":\"ListItem\",\"position\":3,\"name\":\"Ausr\u00fcstung und Kleidung f\u00fcr Kampfkunst und Kampfsport\",\"item\":\"https:\/\/www.daisho.be\/de\/categorie-produit\/ausrustung-und-kleidung-fur-kampfkunst-und-kampfsport\/\"},{\"@type\":\"ListItem\",\"position\":4,\"name\":\"Taekwondo\",\"item\":\"https:\/\/www.daisho.be\/de\/categorie-produit\/ausrustung-und-kleidung-fur-kampfkunst-und-kampfsport\/taekwondo-de-2\/\"},{\"@type\":\"ListItem\",\"position\":5,\"name\":\"Taekwondo Protektoren\",\"item\":\"https:\/\/www.daisho.be\/de\/categorie-produit\/ausrustung-und-kleidung-fur-kampfkunst-und-kampfsport\/taekwondo-de-2\/taekwondo-protektoren\/\"},{\"@type\":\"ListItem\",\"position\":6,\"name\":\"Schienbein- und Spannsch\u00fctzer adidas Taekwondo\"}]},{\"@type\":\"WebSite\",\"@id\":\"https:\/\/www.daisho.be\/de\/#website\",\"url\":\"https:\/\/www.daisho.be\/de\/\",\"name\":\"Daisho\",\"description\":\"Sp&eacute;cialiste de l'&eacute;quipement sportif d'arts martiaux\",\"publisher\":{\"@id\":\"https:\/\/www.daisho.be\/de\/#organization\"},\"potentialAction\":[{\"@type\":\"SearchAction\",\"target\":{\"@type\":\"EntryPoint\",\"urlTemplate\":\"https:\/\/www.daisho.be\/de\/?s={search_term_string}\"},\"query-input\":{\"@type\":\"PropertyValueSpecification\",\"valueRequired\":true,\"valueName\":\"search_term_string\"}}],\"inLanguage\":\"de\"},{\"@type\":\"Organization\",\"@id\":\"https:\/\/www.daisho.be\/de\/#organization\",\"name\":\"Daisho\",\"url\":\"https:\/\/www.daisho.be\/de\/\",\"logo\":{\"@type\":\"ImageObject\",\"inLanguage\":\"de\",\"@id\":\"https:\/\/www.daisho.be\/de\/#\/schema\/logo\/image\/\",\"url\":\"https:\/\/www.daisho.be\/wp-content\/uploads\/2019\/07\/color-nothing-horizontale4x-e1564486100247.png\",\"contentUrl\":\"https:\/\/www.daisho.be\/wp-content\/uploads\/2019\/07\/color-nothing-horizontale4x-e1564486100247.png\",\"width\":1547,\"height\":385,\"caption\":\"Daisho\"},\"image\":{\"@id\":\"https:\/\/www.daisho.be\/de\/#\/schema\/logo\/image\/\"}}]}<\/script>\n<!-- \/ Yoast SEO plugin. -->","yoast_head_json":{"title":"Schienbein- und Spannsch\u00fctzer adidas Taekwondo &#8211; Daisho","description":"Entdecken Sie die Adidas Economy Schienbeinsch\u00fctzer mit CE-Zertifizierung f\u00fcr alle Kampfsportler. Kaufen Sie sie auf www.daisho.be|Daisho","robots":{"index":"index","follow":"follow","max-snippet":"max-snippet:-1","max-image-preview":"max-image-preview:large","max-video-preview":"max-video-preview:-1"},"canonical":"https:\/\/www.daisho.be\/de\/produit\/schienbein-und-spannschuetzer-adidas-taekwondo\/","og_locale":"de_DE","og_type":"article","og_title":"Schienbein- und Spannsch\u00fctzer adidas Taekwondo &#8211; Daisho","og_description":"Entdecken Sie die Adidas Economy Schienbeinsch\u00fctzer mit CE-Zertifizierung f\u00fcr alle Kampfsportler. Kaufen Sie sie auf www.daisho.be|Daisho","og_url":"https:\/\/www.daisho.be\/de\/produit\/schienbein-und-spannschuetzer-adidas-taekwondo\/","og_site_name":"Daisho","article_modified_time":"2025-12-24T14:29:47+00:00","og_image":[{"width":650,"height":650,"url":"https:\/\/www.daisho.be\/wp-content\/uploads\/2025\/12\/image-110.jpg","type":"image\/jpeg"}],"twitter_card":"summary_large_image","twitter_misc":{"Gesch\u00e4tzte Lesezeit":"1\u00a0Minute"},"schema":{"@context":"https:\/\/schema.org","@graph":[{"@type":"WebPage","@id":"https:\/\/www.daisho.be\/de\/produit\/schienbein-und-spannschuetzer-adidas-taekwondo\/","url":"https:\/\/www.daisho.be\/de\/produit\/schienbein-und-spannschuetzer-adidas-taekwondo\/","name":"Schienbein- und Spannsch\u00fctzer adidas Taekwondo &#8211; Daisho","isPartOf":{"@id":"https:\/\/www.daisho.be\/de\/#website"},"primaryImageOfPage":{"@id":"https:\/\/www.daisho.be\/de\/produit\/schienbein-und-spannschuetzer-adidas-taekwondo\/#primaryimage"},"image":{"@id":"https:\/\/www.daisho.be\/de\/produit\/schienbein-und-spannschuetzer-adidas-taekwondo\/#primaryimage"},"thumbnailUrl":"https:\/\/www.daisho.be\/wp-content\/uploads\/2025\/12\/image-110.jpg","datePublished":"2022-02-05T16:01:19+00:00","dateModified":"2025-12-24T14:29:47+00:00","description":"Entdecken Sie die Adidas Economy Schienbeinsch\u00fctzer mit CE-Zertifizierung f\u00fcr alle Kampfsportler. Kaufen Sie sie auf www.daisho.be|Daisho","breadcrumb":{"@id":"https:\/\/www.daisho.be\/de\/produit\/schienbein-und-spannschuetzer-adidas-taekwondo\/#breadcrumb"},"inLanguage":"de","potentialAction":[{"@type":"ReadAction","target":["https:\/\/www.daisho.be\/de\/produit\/schienbein-und-spannschuetzer-adidas-taekwondo\/"]}]},{"@type":"ImageObject","inLanguage":"de","@id":"https:\/\/www.daisho.be\/de\/produit\/schienbein-und-spannschuetzer-adidas-taekwondo\/#primaryimage","url":"https:\/\/www.daisho.be\/wp-content\/uploads\/2025\/12\/image-110.jpg","contentUrl":"https:\/\/www.daisho.be\/wp-content\/uploads\/2025\/12\/image-110.jpg","width":650,"height":650,"caption":"adidas Taekwondo-1 Schienbein- und Spannsch\u00fctzer"},{"@type":"BreadcrumbList","@id":"https:\/\/www.daisho.be\/de\/produit\/schienbein-und-spannschuetzer-adidas-taekwondo\/#breadcrumb","itemListElement":[{"@type":"ListItem","position":1,"name":"Accueil","item":"https:\/\/www.daisho.be\/de\/"},{"@type":"ListItem","position":2,"name":"Produkte","item":"https:\/\/www.daisho.be\/de\/produkte\/"},{"@type":"ListItem","position":3,"name":"Ausr\u00fcstung und Kleidung f\u00fcr Kampfkunst und Kampfsport","item":"https:\/\/www.daisho.be\/de\/categorie-produit\/ausrustung-und-kleidung-fur-kampfkunst-und-kampfsport\/"},{"@type":"ListItem","position":4,"name":"Taekwondo","item":"https:\/\/www.daisho.be\/de\/categorie-produit\/ausrustung-und-kleidung-fur-kampfkunst-und-kampfsport\/taekwondo-de-2\/"},{"@type":"ListItem","position":5,"name":"Taekwondo Protektoren","item":"https:\/\/www.daisho.be\/de\/categorie-produit\/ausrustung-und-kleidung-fur-kampfkunst-und-kampfsport\/taekwondo-de-2\/taekwondo-protektoren\/"},{"@type":"ListItem","position":6,"name":"Schienbein- und Spannsch\u00fctzer adidas Taekwondo"}]},{"@type":"WebSite","@id":"https:\/\/www.daisho.be\/de\/#website","url":"https:\/\/www.daisho.be\/de\/","name":"Daisho","description":"Sp&eacute;cialiste de l'&eacute;quipement sportif d'arts martiaux","publisher":{"@id":"https:\/\/www.daisho.be\/de\/#organization"},"potentialAction":[{"@type":"SearchAction","target":{"@type":"EntryPoint","urlTemplate":"https:\/\/www.daisho.be\/de\/?s={search_term_string}"},"query-input":{"@type":"PropertyValueSpecification","valueRequired":true,"valueName":"search_term_string"}}],"inLanguage":"de"},{"@type":"Organization","@id":"https:\/\/www.daisho.be\/de\/#organization","name":"Daisho","url":"https:\/\/www.daisho.be\/de\/","logo":{"@type":"ImageObject","inLanguage":"de","@id":"https:\/\/www.daisho.be\/de\/#\/schema\/logo\/image\/","url":"https:\/\/www.daisho.be\/wp-content\/uploads\/2019\/07\/color-nothing-horizontale4x-e1564486100247.png","contentUrl":"https:\/\/www.daisho.be\/wp-content\/uploads\/2019\/07\/color-nothing-horizontale4x-e1564486100247.png","width":1547,"height":385,"caption":"Daisho"},"image":{"@id":"https:\/\/www.daisho.be\/de\/#\/schema\/logo\/image\/"}}]}},"_links":{"self":[{"href":"https:\/\/www.daisho.be\/de\/wp-json\/wp\/v2\/product\/459782","targetHints":{"allow":["GET"]}}],"collection":[{"href":"https:\/\/www.daisho.be\/de\/wp-json\/wp\/v2\/product"}],"about":[{"href":"https:\/\/www.daisho.be\/de\/wp-json\/wp\/v2\/types\/product"}],"replies":[{"embeddable":true,"href":"https:\/\/www.daisho.be\/de\/wp-json\/wp\/v2\/comments?post=459782"}],"wp:featuredmedia":[{"embeddable":true,"href":"https:\/\/www.daisho.be\/de\/wp-json\/wp\/v2\/media\/646241"}],"wp:attachment":[{"href":"https:\/\/www.daisho.be\/de\/wp-json\/wp\/v2\/media?parent=459782"}],"wp:term":[{"taxonomy":"product_brand","embeddable":true,"href":"https:\/\/www.daisho.be\/de\/wp-json\/wp\/v2\/product_brand?post=459782"},{"taxonomy":"product_cat","embeddable":true,"href":"https:\/\/www.daisho.be\/de\/wp-json\/wp\/v2\/product_cat?post=459782"},{"taxonomy":"product_tag","embeddable":true,"href":"https:\/\/www.daisho.be\/de\/wp-json\/wp\/v2\/product_tag?post=459782"},{"taxonomy":"sport","embeddable":true,"href":"https:\/\/www.daisho.be\/de\/wp-json\/wp\/v2\/sport?post=459782"}],"curies":[{"name":"wp","href":"https:\/\/api.w.org\/{rel}","templated":true}]}}