{"id":459745,"date":"2022-02-05T17:02:33","date_gmt":"2022-02-05T16:02:33","guid":{"rendered":"https:\/\/www.daisho.be\/produit\/elastische-schienbein-und-spannschuetzer-von-adidas\/"},"modified":"2025-12-24T15:56:06","modified_gmt":"2025-12-24T14:56:06","slug":"elastische-schienbein-und-spannschuetzer-von-adidas","status":"publish","type":"product","link":"https:\/\/www.daisho.be\/de\/produit\/elastische-schienbein-und-spannschuetzer-von-adidas\/","title":{"rendered":"adidas elastische Schienbein- und Spannsch\u00fctzer"},"content":{"rendered":"<p>Die adidas Schienbein- und Spannsch\u00fctzer sind vorgeformt und so konzipiert, dass sie gut passen. Der Protektor besteht zu 100% aus Polyester mit einer Schaumstoffpolsterung, um Schl\u00e4ge und Tritte zu absorbieren. Durch die elastische R\u00fcckseite sind sie leicht an- und auszuziehen.<br \/>\nDie Protektoren eignen sich f\u00fcr alle Kampfsportarten wie Taekwondo oder Karate.<br \/>\nVorteile:<br \/>\n&#8211; elastisches Modell<br \/>\n&#8211; aus Polyester mit Schaumstoff<br \/>\n&#8211; geeignet f\u00fcr verschiedene Kampfsportarten<br \/>\n&#8211; gute Passform<br \/>\n&#8211; mit Ristschutz  <\/p>\n","protected":false},"excerpt":{"rendered":"<p>Die adidas Schienbein- und Spannsch\u00fctzer sind vorgeformt und so konzipiert, dass sie gut passen. Der Protektor besteht zu 100% aus Polyester mit einer Schaumstoffpolsterung, um Schl\u00e4ge und Tritte zu absorbieren. Durch die elastische R\u00fcckseite sind sie leicht an- und auszuziehen. Die Protektoren eignen sich f\u00fcr alle Kampfsportarten wie Taekwondo oder Karate. Vorteile: &#8211; elastisches Modell [&hellip;]<\/p>\n","protected":false},"featured_media":548622,"comment_status":"open","ping_status":"closed","template":"","meta":{"inline_featured_image":false},"product_brand":[],"product_cat":[2062,2180,2051,2183],"product_tag":[2178],"sport":[],"class_list":{"0":"post-459745","1":"product","2":"type-product","3":"status-publish","4":"has-post-thumbnail","6":"product_cat-karate-schutzkleidung","7":"product_cat-karate-schutzkleidung-adidas","8":"product_cat-schutz","9":"product_cat-taekwondo-protektoren-adidas","10":"product_tag-adidas-de","11":"pa_size-l","12":"pa_size-m","13":"pa_size-s","14":"pa_size-xs","15":"pa_size-xxs","17":"first","18":"instock","19":"taxable","20":"shipping-taxable","21":"purchasable","22":"product-type-variable"},"yoast_head":"<!-- This site is optimized with the Yoast SEO plugin v27.2 - https:\/\/yoast.com\/product\/yoast-seo-wordpress\/ -->\n<title>adidas elastische Schienbein- und Spannsch\u00fctzer &#8211; Daisho<\/title>\n<meta name=\"description\" content=\"Entdecken Sie die Schienbeinsch\u00fctzer f\u00fcr alle Kampfsportler. Kaufen Sie sie jetzt bei www.daisho.be|Daisho.\" \/>\n<meta name=\"robots\" content=\"index, follow, max-snippet:-1, max-image-preview:large, max-video-preview:-1\" \/>\n<link rel=\"canonical\" href=\"https:\/\/www.daisho.be\/de\/produit\/elastische-schienbein-und-spannschuetzer-von-adidas\/\" \/>\n<meta property=\"og:locale\" content=\"de_DE\" \/>\n<meta property=\"og:type\" content=\"article\" \/>\n<meta property=\"og:title\" content=\"adidas elastische Schienbein- und Spannsch\u00fctzer &#8211; Daisho\" \/>\n<meta property=\"og:description\" content=\"Entdecken Sie die Schienbeinsch\u00fctzer f\u00fcr alle Kampfsportler. Kaufen Sie sie jetzt bei www.daisho.be|Daisho.\" \/>\n<meta property=\"og:url\" content=\"https:\/\/www.daisho.be\/de\/produit\/elastische-schienbein-und-spannschuetzer-von-adidas\/\" \/>\n<meta property=\"og:site_name\" content=\"Daisho\" \/>\n<meta property=\"article:modified_time\" content=\"2025-12-24T14:56:06+00:00\" \/>\n<meta property=\"og:image\" content=\"https:\/\/www.daisho.be\/wp-content\/uploads\/2025\/08\/image-39.jpg\" \/>\n\t<meta property=\"og:image:width\" content=\"650\" \/>\n\t<meta property=\"og:image:height\" content=\"650\" \/>\n\t<meta property=\"og:image:type\" content=\"image\/jpeg\" \/>\n<meta name=\"twitter:card\" content=\"summary_large_image\" \/>\n<script type=\"application\/ld+json\" class=\"yoast-schema-graph\">{\"@context\":\"https:\/\/schema.org\",\"@graph\":[{\"@type\":\"WebPage\",\"@id\":\"https:\/\/www.daisho.be\/de\/produit\/elastische-schienbein-und-spannschuetzer-von-adidas\/\",\"url\":\"https:\/\/www.daisho.be\/de\/produit\/elastische-schienbein-und-spannschuetzer-von-adidas\/\",\"name\":\"adidas elastische Schienbein- und Spannsch\u00fctzer &#8211; Daisho\",\"isPartOf\":{\"@id\":\"https:\/\/www.daisho.be\/de\/#website\"},\"primaryImageOfPage\":{\"@id\":\"https:\/\/www.daisho.be\/de\/produit\/elastische-schienbein-und-spannschuetzer-von-adidas\/#primaryimage\"},\"image\":{\"@id\":\"https:\/\/www.daisho.be\/de\/produit\/elastische-schienbein-und-spannschuetzer-von-adidas\/#primaryimage\"},\"thumbnailUrl\":\"https:\/\/www.daisho.be\/wp-content\/uploads\/2025\/08\/image-39.jpg\",\"datePublished\":\"2022-02-05T16:02:33+00:00\",\"dateModified\":\"2025-12-24T14:56:06+00:00\",\"description\":\"Entdecken Sie die Schienbeinsch\u00fctzer f\u00fcr alle Kampfsportler. Kaufen Sie sie jetzt bei www.daisho.be|Daisho.\",\"breadcrumb\":{\"@id\":\"https:\/\/www.daisho.be\/de\/produit\/elastische-schienbein-und-spannschuetzer-von-adidas\/#breadcrumb\"},\"inLanguage\":\"de\",\"potentialAction\":[{\"@type\":\"ReadAction\",\"target\":[\"https:\/\/www.daisho.be\/de\/produit\/elastische-schienbein-und-spannschuetzer-von-adidas\/\"]}]},{\"@type\":\"ImageObject\",\"inLanguage\":\"de\",\"@id\":\"https:\/\/www.daisho.be\/de\/produit\/elastische-schienbein-und-spannschuetzer-von-adidas\/#primaryimage\",\"url\":\"https:\/\/www.daisho.be\/wp-content\/uploads\/2025\/08\/image-39.jpg\",\"contentUrl\":\"https:\/\/www.daisho.be\/wp-content\/uploads\/2025\/08\/image-39.jpg\",\"width\":650,\"height\":650,\"caption\":\"Elastischer Schienbein- und Spannschutz adidas-1\"},{\"@type\":\"BreadcrumbList\",\"@id\":\"https:\/\/www.daisho.be\/de\/produit\/elastische-schienbein-und-spannschuetzer-von-adidas\/#breadcrumb\",\"itemListElement\":[{\"@type\":\"ListItem\",\"position\":1,\"name\":\"Accueil\",\"item\":\"https:\/\/www.daisho.be\/de\/\"},{\"@type\":\"ListItem\",\"position\":2,\"name\":\"Produkte\",\"item\":\"https:\/\/www.daisho.be\/de\/produkte\/\"},{\"@type\":\"ListItem\",\"position\":3,\"name\":\"Ausr\u00fcstung und Kleidung f\u00fcr Kampfkunst und Kampfsport\",\"item\":\"https:\/\/www.daisho.be\/de\/categorie-produit\/ausrustung-und-kleidung-fur-kampfkunst-und-kampfsport\/\"},{\"@type\":\"ListItem\",\"position\":4,\"name\":\"Karate\",\"item\":\"https:\/\/www.daisho.be\/de\/categorie-produit\/ausrustung-und-kleidung-fur-kampfkunst-und-kampfsport\/karate-de-2\/\"},{\"@type\":\"ListItem\",\"position\":5,\"name\":\"Karate-Schutzkleidung\",\"item\":\"https:\/\/www.daisho.be\/de\/categorie-produit\/ausrustung-und-kleidung-fur-kampfkunst-und-kampfsport\/karate-de-2\/karate-schutzkleidung\/\"},{\"@type\":\"ListItem\",\"position\":6,\"name\":\"adidas elastische Schienbein- und Spannsch\u00fctzer\"}]},{\"@type\":\"WebSite\",\"@id\":\"https:\/\/www.daisho.be\/de\/#website\",\"url\":\"https:\/\/www.daisho.be\/de\/\",\"name\":\"Daisho\",\"description\":\"Sp&eacute;cialiste de l'&eacute;quipement sportif d'arts martiaux\",\"publisher\":{\"@id\":\"https:\/\/www.daisho.be\/de\/#organization\"},\"potentialAction\":[{\"@type\":\"SearchAction\",\"target\":{\"@type\":\"EntryPoint\",\"urlTemplate\":\"https:\/\/www.daisho.be\/de\/?s={search_term_string}\"},\"query-input\":{\"@type\":\"PropertyValueSpecification\",\"valueRequired\":true,\"valueName\":\"search_term_string\"}}],\"inLanguage\":\"de\"},{\"@type\":\"Organization\",\"@id\":\"https:\/\/www.daisho.be\/de\/#organization\",\"name\":\"Daisho\",\"url\":\"https:\/\/www.daisho.be\/de\/\",\"logo\":{\"@type\":\"ImageObject\",\"inLanguage\":\"de\",\"@id\":\"https:\/\/www.daisho.be\/de\/#\/schema\/logo\/image\/\",\"url\":\"https:\/\/www.daisho.be\/wp-content\/uploads\/2019\/07\/color-nothing-horizontale4x-e1564486100247.png\",\"contentUrl\":\"https:\/\/www.daisho.be\/wp-content\/uploads\/2019\/07\/color-nothing-horizontale4x-e1564486100247.png\",\"width\":1547,\"height\":385,\"caption\":\"Daisho\"},\"image\":{\"@id\":\"https:\/\/www.daisho.be\/de\/#\/schema\/logo\/image\/\"}}]}<\/script>\n<!-- \/ Yoast SEO plugin. -->","yoast_head_json":{"title":"adidas elastische Schienbein- und Spannsch\u00fctzer &#8211; Daisho","description":"Entdecken Sie die Schienbeinsch\u00fctzer f\u00fcr alle Kampfsportler. Kaufen Sie sie jetzt bei www.daisho.be|Daisho.","robots":{"index":"index","follow":"follow","max-snippet":"max-snippet:-1","max-image-preview":"max-image-preview:large","max-video-preview":"max-video-preview:-1"},"canonical":"https:\/\/www.daisho.be\/de\/produit\/elastische-schienbein-und-spannschuetzer-von-adidas\/","og_locale":"de_DE","og_type":"article","og_title":"adidas elastische Schienbein- und Spannsch\u00fctzer &#8211; Daisho","og_description":"Entdecken Sie die Schienbeinsch\u00fctzer f\u00fcr alle Kampfsportler. Kaufen Sie sie jetzt bei www.daisho.be|Daisho.","og_url":"https:\/\/www.daisho.be\/de\/produit\/elastische-schienbein-und-spannschuetzer-von-adidas\/","og_site_name":"Daisho","article_modified_time":"2025-12-24T14:56:06+00:00","og_image":[{"width":650,"height":650,"url":"https:\/\/www.daisho.be\/wp-content\/uploads\/2025\/08\/image-39.jpg","type":"image\/jpeg"}],"twitter_card":"summary_large_image","schema":{"@context":"https:\/\/schema.org","@graph":[{"@type":"WebPage","@id":"https:\/\/www.daisho.be\/de\/produit\/elastische-schienbein-und-spannschuetzer-von-adidas\/","url":"https:\/\/www.daisho.be\/de\/produit\/elastische-schienbein-und-spannschuetzer-von-adidas\/","name":"adidas elastische Schienbein- und Spannsch\u00fctzer &#8211; Daisho","isPartOf":{"@id":"https:\/\/www.daisho.be\/de\/#website"},"primaryImageOfPage":{"@id":"https:\/\/www.daisho.be\/de\/produit\/elastische-schienbein-und-spannschuetzer-von-adidas\/#primaryimage"},"image":{"@id":"https:\/\/www.daisho.be\/de\/produit\/elastische-schienbein-und-spannschuetzer-von-adidas\/#primaryimage"},"thumbnailUrl":"https:\/\/www.daisho.be\/wp-content\/uploads\/2025\/08\/image-39.jpg","datePublished":"2022-02-05T16:02:33+00:00","dateModified":"2025-12-24T14:56:06+00:00","description":"Entdecken Sie die Schienbeinsch\u00fctzer f\u00fcr alle Kampfsportler. Kaufen Sie sie jetzt bei www.daisho.be|Daisho.","breadcrumb":{"@id":"https:\/\/www.daisho.be\/de\/produit\/elastische-schienbein-und-spannschuetzer-von-adidas\/#breadcrumb"},"inLanguage":"de","potentialAction":[{"@type":"ReadAction","target":["https:\/\/www.daisho.be\/de\/produit\/elastische-schienbein-und-spannschuetzer-von-adidas\/"]}]},{"@type":"ImageObject","inLanguage":"de","@id":"https:\/\/www.daisho.be\/de\/produit\/elastische-schienbein-und-spannschuetzer-von-adidas\/#primaryimage","url":"https:\/\/www.daisho.be\/wp-content\/uploads\/2025\/08\/image-39.jpg","contentUrl":"https:\/\/www.daisho.be\/wp-content\/uploads\/2025\/08\/image-39.jpg","width":650,"height":650,"caption":"Elastischer Schienbein- und Spannschutz adidas-1"},{"@type":"BreadcrumbList","@id":"https:\/\/www.daisho.be\/de\/produit\/elastische-schienbein-und-spannschuetzer-von-adidas\/#breadcrumb","itemListElement":[{"@type":"ListItem","position":1,"name":"Accueil","item":"https:\/\/www.daisho.be\/de\/"},{"@type":"ListItem","position":2,"name":"Produkte","item":"https:\/\/www.daisho.be\/de\/produkte\/"},{"@type":"ListItem","position":3,"name":"Ausr\u00fcstung und Kleidung f\u00fcr Kampfkunst und Kampfsport","item":"https:\/\/www.daisho.be\/de\/categorie-produit\/ausrustung-und-kleidung-fur-kampfkunst-und-kampfsport\/"},{"@type":"ListItem","position":4,"name":"Karate","item":"https:\/\/www.daisho.be\/de\/categorie-produit\/ausrustung-und-kleidung-fur-kampfkunst-und-kampfsport\/karate-de-2\/"},{"@type":"ListItem","position":5,"name":"Karate-Schutzkleidung","item":"https:\/\/www.daisho.be\/de\/categorie-produit\/ausrustung-und-kleidung-fur-kampfkunst-und-kampfsport\/karate-de-2\/karate-schutzkleidung\/"},{"@type":"ListItem","position":6,"name":"adidas elastische Schienbein- und Spannsch\u00fctzer"}]},{"@type":"WebSite","@id":"https:\/\/www.daisho.be\/de\/#website","url":"https:\/\/www.daisho.be\/de\/","name":"Daisho","description":"Sp&eacute;cialiste de l'&eacute;quipement sportif d'arts martiaux","publisher":{"@id":"https:\/\/www.daisho.be\/de\/#organization"},"potentialAction":[{"@type":"SearchAction","target":{"@type":"EntryPoint","urlTemplate":"https:\/\/www.daisho.be\/de\/?s={search_term_string}"},"query-input":{"@type":"PropertyValueSpecification","valueRequired":true,"valueName":"search_term_string"}}],"inLanguage":"de"},{"@type":"Organization","@id":"https:\/\/www.daisho.be\/de\/#organization","name":"Daisho","url":"https:\/\/www.daisho.be\/de\/","logo":{"@type":"ImageObject","inLanguage":"de","@id":"https:\/\/www.daisho.be\/de\/#\/schema\/logo\/image\/","url":"https:\/\/www.daisho.be\/wp-content\/uploads\/2019\/07\/color-nothing-horizontale4x-e1564486100247.png","contentUrl":"https:\/\/www.daisho.be\/wp-content\/uploads\/2019\/07\/color-nothing-horizontale4x-e1564486100247.png","width":1547,"height":385,"caption":"Daisho"},"image":{"@id":"https:\/\/www.daisho.be\/de\/#\/schema\/logo\/image\/"}}]}},"_links":{"self":[{"href":"https:\/\/www.daisho.be\/de\/wp-json\/wp\/v2\/product\/459745","targetHints":{"allow":["GET"]}}],"collection":[{"href":"https:\/\/www.daisho.be\/de\/wp-json\/wp\/v2\/product"}],"about":[{"href":"https:\/\/www.daisho.be\/de\/wp-json\/wp\/v2\/types\/product"}],"replies":[{"embeddable":true,"href":"https:\/\/www.daisho.be\/de\/wp-json\/wp\/v2\/comments?post=459745"}],"wp:featuredmedia":[{"embeddable":true,"href":"https:\/\/www.daisho.be\/de\/wp-json\/wp\/v2\/media\/548622"}],"wp:attachment":[{"href":"https:\/\/www.daisho.be\/de\/wp-json\/wp\/v2\/media?parent=459745"}],"wp:term":[{"taxonomy":"product_brand","embeddable":true,"href":"https:\/\/www.daisho.be\/de\/wp-json\/wp\/v2\/product_brand?post=459745"},{"taxonomy":"product_cat","embeddable":true,"href":"https:\/\/www.daisho.be\/de\/wp-json\/wp\/v2\/product_cat?post=459745"},{"taxonomy":"product_tag","embeddable":true,"href":"https:\/\/www.daisho.be\/de\/wp-json\/wp\/v2\/product_tag?post=459745"},{"taxonomy":"sport","embeddable":true,"href":"https:\/\/www.daisho.be\/de\/wp-json\/wp\/v2\/sport?post=459745"}],"curies":[{"name":"wp","href":"https:\/\/api.w.org\/{rel}","templated":true}]}}