{"id":459632,"date":"2022-02-15T15:38:44","date_gmt":"2022-02-15T14:38:44","guid":{"rendered":"https:\/\/www.daisho.be\/produit\/adidas-thai-boxing-shorts-halb-halb-schwarz-blau\/"},"modified":"2025-02-28T15:33:28","modified_gmt":"2025-02-28T14:33:28","slug":"adidas-thai-boxing-shorts-halb-halb-schwarz-blau","status":"publish","type":"product","link":"https:\/\/www.daisho.be\/de\/produit\/adidas-thai-boxing-shorts-halb-halb-schwarz-blau\/","title":{"rendered":"adidas Thai Boxing Shorts Halb\/Halb Schwarz\/Blau"},"content":{"rendered":"<p>Diese adidas Shorts sind f\u00fcr optimale Leistung konzipiert. Sch\u00f6nes Design mit thail\u00e4ndischem Text und halb und halb farbigem Design. Satiniertes Aussehen und das Gef\u00fchl eines recht leichten Materials.   Die Shorts haben einen Schlitz, der die perfekte Bewegungsfreiheit gew\u00e4hrleistet, die Sie w\u00e4hrend des Trainings ben\u00f6tigen. Die Shorts haben ein breites Gummiband und Schn\u00fcre auf der Innenseite, um die Shorts noch enger zu machen.<br \/>\nVorteile:<br \/>\n&#8211; satiniertes Aussehen und Gef\u00fchl<br \/>\n&#8211; viel Bewegungsfreiheit<br \/>\n&#8211; robust und langlebig<br \/>\n&#8211; sch\u00f6ne Designs<\/p>\n","protected":false},"excerpt":{"rendered":"<p>Diese adidas Shorts sind f\u00fcr optimale Leistung konzipiert. Sch\u00f6nes Design mit thail\u00e4ndischem Text und halb und halb farbigem Design. Satiniertes Aussehen und das Gef\u00fchl eines recht leichten Materials. Die Shorts haben einen Schlitz, der die perfekte Bewegungsfreiheit gew\u00e4hrleistet, die Sie w\u00e4hrend des Trainings ben\u00f6tigen. Die Shorts haben ein breites Gummiband und Schn\u00fcre auf der Innenseite, [&hellip;]<\/p>\n","protected":false},"featured_media":459637,"comment_status":"open","ping_status":"closed","template":"","meta":{"inline_featured_image":false},"product_brand":[],"product_cat":[2295,2305],"product_tag":[2178],"sport":[],"class_list":{"0":"post-459632","1":"product","2":"type-product","3":"status-publish","4":"has-post-thumbnail","6":"product_cat-adidas-kleidung-fur-kick-boxing","7":"product_cat-adidas-kleidung-fur-muay-thai","8":"product_tag-adidas-de","9":"pa_size-l","10":"pa_size-m","11":"pa_size-xl","13":"first","14":"instock","15":"taxable","16":"shipping-taxable","17":"purchasable","18":"product-type-variable"},"yoast_head":"<!-- This site is optimized with the Yoast SEO plugin v27.2 - https:\/\/yoast.com\/product\/yoast-seo-wordpress\/ -->\n<title>adidas Thai Boxing Shorts Halb\/Halb Schwarz\/Blau &#8211; Daisho<\/title>\n<meta name=\"description\" content=\"Die Adidas Kickboxing Shorts sind so konzipiert, dass sie Feuchtigkeit abweisen und die Bel\u00fcftung optimieren. Finden Sie sie auf www.daisho.be|Daisho\" \/>\n<meta name=\"robots\" content=\"index, follow, max-snippet:-1, max-image-preview:large, max-video-preview:-1\" \/>\n<link rel=\"canonical\" href=\"https:\/\/www.daisho.be\/de\/produit\/adidas-thai-boxing-shorts-halb-halb-schwarz-blau\/\" \/>\n<meta property=\"og:locale\" content=\"de_DE\" \/>\n<meta property=\"og:type\" content=\"article\" \/>\n<meta property=\"og:title\" content=\"adidas Thai Boxing Shorts Halb\/Halb Schwarz\/Blau &#8211; Daisho\" \/>\n<meta property=\"og:description\" content=\"Die Adidas Kickboxing Shorts sind so konzipiert, dass sie Feuchtigkeit abweisen und die Bel\u00fcftung optimieren. Finden Sie sie auf www.daisho.be|Daisho\" \/>\n<meta property=\"og:url\" content=\"https:\/\/www.daisho.be\/de\/produit\/adidas-thai-boxing-shorts-halb-halb-schwarz-blau\/\" \/>\n<meta property=\"og:site_name\" content=\"Daisho\" \/>\n<meta property=\"article:modified_time\" content=\"2025-02-28T14:33:28+00:00\" \/>\n<meta property=\"og:image\" content=\"https:\/\/www.daisho.be\/wp-content\/uploads\/2022\/02\/image-347.jpg\" \/>\n\t<meta property=\"og:image:width\" content=\"295\" \/>\n\t<meta property=\"og:image:height\" content=\"295\" \/>\n\t<meta property=\"og:image:type\" content=\"image\/jpeg\" \/>\n<meta name=\"twitter:card\" content=\"summary_large_image\" \/>\n<script type=\"application\/ld+json\" class=\"yoast-schema-graph\">{\"@context\":\"https:\/\/schema.org\",\"@graph\":[{\"@type\":\"WebPage\",\"@id\":\"https:\/\/www.daisho.be\/de\/produit\/adidas-thai-boxing-shorts-halb-halb-schwarz-blau\/\",\"url\":\"https:\/\/www.daisho.be\/de\/produit\/adidas-thai-boxing-shorts-halb-halb-schwarz-blau\/\",\"name\":\"adidas Thai Boxing Shorts Halb\/Halb Schwarz\/Blau &#8211; Daisho\",\"isPartOf\":{\"@id\":\"https:\/\/www.daisho.be\/de\/#website\"},\"primaryImageOfPage\":{\"@id\":\"https:\/\/www.daisho.be\/de\/produit\/adidas-thai-boxing-shorts-halb-halb-schwarz-blau\/#primaryimage\"},\"image\":{\"@id\":\"https:\/\/www.daisho.be\/de\/produit\/adidas-thai-boxing-shorts-halb-halb-schwarz-blau\/#primaryimage\"},\"thumbnailUrl\":\"https:\/\/www.daisho.be\/wp-content\/uploads\/2022\/02\/image-347.jpg\",\"datePublished\":\"2022-02-15T14:38:44+00:00\",\"dateModified\":\"2025-02-28T14:33:28+00:00\",\"description\":\"Die Adidas Kickboxing Shorts sind so konzipiert, dass sie Feuchtigkeit abweisen und die Bel\u00fcftung optimieren. Finden Sie sie auf www.daisho.be|Daisho\",\"breadcrumb\":{\"@id\":\"https:\/\/www.daisho.be\/de\/produit\/adidas-thai-boxing-shorts-halb-halb-schwarz-blau\/#breadcrumb\"},\"inLanguage\":\"de\",\"potentialAction\":[{\"@type\":\"ReadAction\",\"target\":[\"https:\/\/www.daisho.be\/de\/produit\/adidas-thai-boxing-shorts-halb-halb-schwarz-blau\/\"]}]},{\"@type\":\"ImageObject\",\"inLanguage\":\"de\",\"@id\":\"https:\/\/www.daisho.be\/de\/produit\/adidas-thai-boxing-shorts-halb-halb-schwarz-blau\/#primaryimage\",\"url\":\"https:\/\/www.daisho.be\/wp-content\/uploads\/2022\/02\/image-347.jpg\",\"contentUrl\":\"https:\/\/www.daisho.be\/wp-content\/uploads\/2022\/02\/image-347.jpg\",\"width\":295,\"height\":295,\"caption\":\"adidas Thai-Boxing Shorts Halb\/Schwarz\/Blau-1\"},{\"@type\":\"BreadcrumbList\",\"@id\":\"https:\/\/www.daisho.be\/de\/produit\/adidas-thai-boxing-shorts-halb-halb-schwarz-blau\/#breadcrumb\",\"itemListElement\":[{\"@type\":\"ListItem\",\"position\":1,\"name\":\"Accueil\",\"item\":\"https:\/\/www.daisho.be\/de\/\"},{\"@type\":\"ListItem\",\"position\":2,\"name\":\"Produkte\",\"item\":\"https:\/\/www.daisho.be\/de\/produkte\/\"},{\"@type\":\"ListItem\",\"position\":3,\"name\":\"ADIDAS COMBAT SPORTS\",\"item\":\"https:\/\/www.daisho.be\/de\/categorie-produit\/adidas-combat-sports-de\/\"},{\"@type\":\"ListItem\",\"position\":4,\"name\":\"Kick-Boxing\",\"item\":\"https:\/\/www.daisho.be\/de\/categorie-produit\/adidas-combat-sports-de\/kick-boxing-de\/\"},{\"@type\":\"ListItem\",\"position\":5,\"name\":\"Adidas Kleidung f\u00fcr Kick-Boxing\",\"item\":\"https:\/\/www.daisho.be\/de\/categorie-produit\/adidas-combat-sports-de\/kick-boxing-de\/adidas-kleidung-fur-kick-boxing\/\"},{\"@type\":\"ListItem\",\"position\":6,\"name\":\"adidas Thai Boxing Shorts Halb\/Halb Schwarz\/Blau\"}]},{\"@type\":\"WebSite\",\"@id\":\"https:\/\/www.daisho.be\/de\/#website\",\"url\":\"https:\/\/www.daisho.be\/de\/\",\"name\":\"Daisho\",\"description\":\"Sp&eacute;cialiste de l'&eacute;quipement sportif d'arts martiaux\",\"publisher\":{\"@id\":\"https:\/\/www.daisho.be\/de\/#organization\"},\"potentialAction\":[{\"@type\":\"SearchAction\",\"target\":{\"@type\":\"EntryPoint\",\"urlTemplate\":\"https:\/\/www.daisho.be\/de\/?s={search_term_string}\"},\"query-input\":{\"@type\":\"PropertyValueSpecification\",\"valueRequired\":true,\"valueName\":\"search_term_string\"}}],\"inLanguage\":\"de\"},{\"@type\":\"Organization\",\"@id\":\"https:\/\/www.daisho.be\/de\/#organization\",\"name\":\"Daisho\",\"url\":\"https:\/\/www.daisho.be\/de\/\",\"logo\":{\"@type\":\"ImageObject\",\"inLanguage\":\"de\",\"@id\":\"https:\/\/www.daisho.be\/de\/#\/schema\/logo\/image\/\",\"url\":\"https:\/\/www.daisho.be\/wp-content\/uploads\/2019\/07\/color-nothing-horizontale4x-e1564486100247.png\",\"contentUrl\":\"https:\/\/www.daisho.be\/wp-content\/uploads\/2019\/07\/color-nothing-horizontale4x-e1564486100247.png\",\"width\":1547,\"height\":385,\"caption\":\"Daisho\"},\"image\":{\"@id\":\"https:\/\/www.daisho.be\/de\/#\/schema\/logo\/image\/\"}}]}<\/script>\n<!-- \/ Yoast SEO plugin. -->","yoast_head_json":{"title":"adidas Thai Boxing Shorts Halb\/Halb Schwarz\/Blau &#8211; Daisho","description":"Die Adidas Kickboxing Shorts sind so konzipiert, dass sie Feuchtigkeit abweisen und die Bel\u00fcftung optimieren. Finden Sie sie auf www.daisho.be|Daisho","robots":{"index":"index","follow":"follow","max-snippet":"max-snippet:-1","max-image-preview":"max-image-preview:large","max-video-preview":"max-video-preview:-1"},"canonical":"https:\/\/www.daisho.be\/de\/produit\/adidas-thai-boxing-shorts-halb-halb-schwarz-blau\/","og_locale":"de_DE","og_type":"article","og_title":"adidas Thai Boxing Shorts Halb\/Halb Schwarz\/Blau &#8211; Daisho","og_description":"Die Adidas Kickboxing Shorts sind so konzipiert, dass sie Feuchtigkeit abweisen und die Bel\u00fcftung optimieren. Finden Sie sie auf www.daisho.be|Daisho","og_url":"https:\/\/www.daisho.be\/de\/produit\/adidas-thai-boxing-shorts-halb-halb-schwarz-blau\/","og_site_name":"Daisho","article_modified_time":"2025-02-28T14:33:28+00:00","og_image":[{"width":295,"height":295,"url":"https:\/\/www.daisho.be\/wp-content\/uploads\/2022\/02\/image-347.jpg","type":"image\/jpeg"}],"twitter_card":"summary_large_image","schema":{"@context":"https:\/\/schema.org","@graph":[{"@type":"WebPage","@id":"https:\/\/www.daisho.be\/de\/produit\/adidas-thai-boxing-shorts-halb-halb-schwarz-blau\/","url":"https:\/\/www.daisho.be\/de\/produit\/adidas-thai-boxing-shorts-halb-halb-schwarz-blau\/","name":"adidas Thai Boxing Shorts Halb\/Halb Schwarz\/Blau &#8211; Daisho","isPartOf":{"@id":"https:\/\/www.daisho.be\/de\/#website"},"primaryImageOfPage":{"@id":"https:\/\/www.daisho.be\/de\/produit\/adidas-thai-boxing-shorts-halb-halb-schwarz-blau\/#primaryimage"},"image":{"@id":"https:\/\/www.daisho.be\/de\/produit\/adidas-thai-boxing-shorts-halb-halb-schwarz-blau\/#primaryimage"},"thumbnailUrl":"https:\/\/www.daisho.be\/wp-content\/uploads\/2022\/02\/image-347.jpg","datePublished":"2022-02-15T14:38:44+00:00","dateModified":"2025-02-28T14:33:28+00:00","description":"Die Adidas Kickboxing Shorts sind so konzipiert, dass sie Feuchtigkeit abweisen und die Bel\u00fcftung optimieren. Finden Sie sie auf www.daisho.be|Daisho","breadcrumb":{"@id":"https:\/\/www.daisho.be\/de\/produit\/adidas-thai-boxing-shorts-halb-halb-schwarz-blau\/#breadcrumb"},"inLanguage":"de","potentialAction":[{"@type":"ReadAction","target":["https:\/\/www.daisho.be\/de\/produit\/adidas-thai-boxing-shorts-halb-halb-schwarz-blau\/"]}]},{"@type":"ImageObject","inLanguage":"de","@id":"https:\/\/www.daisho.be\/de\/produit\/adidas-thai-boxing-shorts-halb-halb-schwarz-blau\/#primaryimage","url":"https:\/\/www.daisho.be\/wp-content\/uploads\/2022\/02\/image-347.jpg","contentUrl":"https:\/\/www.daisho.be\/wp-content\/uploads\/2022\/02\/image-347.jpg","width":295,"height":295,"caption":"adidas Thai-Boxing Shorts Halb\/Schwarz\/Blau-1"},{"@type":"BreadcrumbList","@id":"https:\/\/www.daisho.be\/de\/produit\/adidas-thai-boxing-shorts-halb-halb-schwarz-blau\/#breadcrumb","itemListElement":[{"@type":"ListItem","position":1,"name":"Accueil","item":"https:\/\/www.daisho.be\/de\/"},{"@type":"ListItem","position":2,"name":"Produkte","item":"https:\/\/www.daisho.be\/de\/produkte\/"},{"@type":"ListItem","position":3,"name":"ADIDAS COMBAT SPORTS","item":"https:\/\/www.daisho.be\/de\/categorie-produit\/adidas-combat-sports-de\/"},{"@type":"ListItem","position":4,"name":"Kick-Boxing","item":"https:\/\/www.daisho.be\/de\/categorie-produit\/adidas-combat-sports-de\/kick-boxing-de\/"},{"@type":"ListItem","position":5,"name":"Adidas Kleidung f\u00fcr Kick-Boxing","item":"https:\/\/www.daisho.be\/de\/categorie-produit\/adidas-combat-sports-de\/kick-boxing-de\/adidas-kleidung-fur-kick-boxing\/"},{"@type":"ListItem","position":6,"name":"adidas Thai Boxing Shorts Halb\/Halb Schwarz\/Blau"}]},{"@type":"WebSite","@id":"https:\/\/www.daisho.be\/de\/#website","url":"https:\/\/www.daisho.be\/de\/","name":"Daisho","description":"Sp&eacute;cialiste de l'&eacute;quipement sportif d'arts martiaux","publisher":{"@id":"https:\/\/www.daisho.be\/de\/#organization"},"potentialAction":[{"@type":"SearchAction","target":{"@type":"EntryPoint","urlTemplate":"https:\/\/www.daisho.be\/de\/?s={search_term_string}"},"query-input":{"@type":"PropertyValueSpecification","valueRequired":true,"valueName":"search_term_string"}}],"inLanguage":"de"},{"@type":"Organization","@id":"https:\/\/www.daisho.be\/de\/#organization","name":"Daisho","url":"https:\/\/www.daisho.be\/de\/","logo":{"@type":"ImageObject","inLanguage":"de","@id":"https:\/\/www.daisho.be\/de\/#\/schema\/logo\/image\/","url":"https:\/\/www.daisho.be\/wp-content\/uploads\/2019\/07\/color-nothing-horizontale4x-e1564486100247.png","contentUrl":"https:\/\/www.daisho.be\/wp-content\/uploads\/2019\/07\/color-nothing-horizontale4x-e1564486100247.png","width":1547,"height":385,"caption":"Daisho"},"image":{"@id":"https:\/\/www.daisho.be\/de\/#\/schema\/logo\/image\/"}}]}},"_links":{"self":[{"href":"https:\/\/www.daisho.be\/de\/wp-json\/wp\/v2\/product\/459632","targetHints":{"allow":["GET"]}}],"collection":[{"href":"https:\/\/www.daisho.be\/de\/wp-json\/wp\/v2\/product"}],"about":[{"href":"https:\/\/www.daisho.be\/de\/wp-json\/wp\/v2\/types\/product"}],"replies":[{"embeddable":true,"href":"https:\/\/www.daisho.be\/de\/wp-json\/wp\/v2\/comments?post=459632"}],"wp:featuredmedia":[{"embeddable":true,"href":"https:\/\/www.daisho.be\/de\/wp-json\/wp\/v2\/media\/459637"}],"wp:attachment":[{"href":"https:\/\/www.daisho.be\/de\/wp-json\/wp\/v2\/media?parent=459632"}],"wp:term":[{"taxonomy":"product_brand","embeddable":true,"href":"https:\/\/www.daisho.be\/de\/wp-json\/wp\/v2\/product_brand?post=459632"},{"taxonomy":"product_cat","embeddable":true,"href":"https:\/\/www.daisho.be\/de\/wp-json\/wp\/v2\/product_cat?post=459632"},{"taxonomy":"product_tag","embeddable":true,"href":"https:\/\/www.daisho.be\/de\/wp-json\/wp\/v2\/product_tag?post=459632"},{"taxonomy":"sport","embeddable":true,"href":"https:\/\/www.daisho.be\/de\/wp-json\/wp\/v2\/sport?post=459632"}],"curies":[{"name":"wp","href":"https:\/\/api.w.org\/{rel}","templated":true}]}}