{"id":459507,"date":"2022-02-15T15:46:34","date_gmt":"2022-02-15T14:46:34","guid":{"rendered":"https:\/\/www.daisho.be\/produit\/adidas-speedex-16-1-patriot-limited-edition-boxing-schuh-blau\/"},"modified":"2025-02-28T15:32:22","modified_gmt":"2025-02-28T14:32:22","slug":"adidas-speedex-16-1-patriot-limited-edition-boxing-schuh-blau","status":"publish","type":"product","link":"https:\/\/www.daisho.be\/de\/produit\/adidas-speedex-16-1-patriot-limited-edition-boxing-schuh-blau\/","title":{"rendered":"adidas Speedex 16.1 Patriot Limited Edition Boxing Schuh Blau"},"content":{"rendered":"<p>Die adidas Speedex 16.1 Boxschuhe haben ein synthetisches Obermaterial aus Mikrofaser. Dies macht die Schuhe extra leicht und bietet eine optimale Unterst\u00fctzung. Der Schaft des Schuhs besteht aus einem St\u00fcck und hat eine Innenseite aus Mesh. Dadurch sind die Schuhe sehr atmungsaktiv, so dass Ihre F\u00fc\u00dfe angenehm trocken bleiben. Die EVA-Zwischensohle sorgt f\u00fcr eine perfekte Unterst\u00fctzung Ihrer F\u00fc\u00dfe. Dar\u00fcber hinaus sind diese Schuhe mit dem einzigartigen adidas Energy-returning boost\u2122 ausgestattet. Dadurch wird Ihre Beinarbeit noch schneller und leichter zu lenken. Die adiWear-Au\u00dfensohle der Schuhe ist so konzipiert, dass Sie eine perfekte Bodenhaftung haben.<br \/>\nVorteile: &#8211; Guter Preis &#8211; Hoher Schaft &#8211; adiWear-Au\u00dfensohle &#8211; Mesh-Technologie &#8211; Ultraleicht       <\/p>\n","protected":false},"excerpt":{"rendered":"<p>Die adidas Speedex 16.1 Boxschuhe haben ein synthetisches Obermaterial aus Mikrofaser. Dies macht die Schuhe extra leicht und bietet eine optimale Unterst\u00fctzung. Der Schaft des Schuhs besteht aus einem St\u00fcck und hat eine Innenseite aus Mesh. Dadurch sind die Schuhe sehr atmungsaktiv, so dass Ihre F\u00fc\u00dfe angenehm trocken bleiben. Die EVA-Zwischensohle sorgt f\u00fcr eine perfekte [&hellip;]<\/p>\n","protected":false},"featured_media":459512,"comment_status":"open","ping_status":"closed","template":"","meta":{"inline_featured_image":false},"product_brand":[],"product_cat":[2284],"product_tag":[2178],"sport":[],"class_list":{"0":"post-459507","1":"product","2":"type-product","3":"status-publish","4":"has-post-thumbnail","6":"product_cat-adidas-kleidung-fur-das-boxen","7":"product_tag-adidas-de","8":"pa_size-sans-taille-defaut","10":"first","11":"instock","12":"taxable","13":"shipping-taxable","14":"purchasable","15":"product-type-variable"},"yoast_head":"<!-- This site is optimized with the Yoast SEO plugin v27.2 - https:\/\/yoast.com\/product\/yoast-seo-wordpress\/ -->\n<title>adidas Speedex 16.1 Patriot Limited Edition Boxing Schuh Blau &#8211; Daisho<\/title>\n<meta name=\"description\" content=\"Die Adidas-Boxschuhe sind so konzipiert, dass sie leicht und bequem sind. Kaufen Sie sie jetzt bei www.daisho.be|Daisho\" \/>\n<meta name=\"robots\" content=\"index, follow, max-snippet:-1, max-image-preview:large, max-video-preview:-1\" \/>\n<link rel=\"canonical\" href=\"https:\/\/www.daisho.be\/de\/produit\/adidas-speedex-16-1-patriot-limited-edition-boxing-schuh-blau\/\" \/>\n<meta property=\"og:locale\" content=\"de_DE\" \/>\n<meta property=\"og:type\" content=\"article\" \/>\n<meta property=\"og:title\" content=\"adidas Speedex 16.1 Patriot Limited Edition Boxing Schuh Blau &#8211; Daisho\" \/>\n<meta property=\"og:description\" content=\"Die Adidas-Boxschuhe sind so konzipiert, dass sie leicht und bequem sind. Kaufen Sie sie jetzt bei www.daisho.be|Daisho\" \/>\n<meta property=\"og:url\" content=\"https:\/\/www.daisho.be\/de\/produit\/adidas-speedex-16-1-patriot-limited-edition-boxing-schuh-blau\/\" \/>\n<meta property=\"og:site_name\" content=\"Daisho\" \/>\n<meta property=\"article:modified_time\" content=\"2025-02-28T14:32:22+00:00\" \/>\n<meta property=\"og:image\" content=\"https:\/\/www.daisho.be\/wp-content\/uploads\/2022\/02\/image-361.jpg\" \/>\n\t<meta property=\"og:image:width\" content=\"650\" \/>\n\t<meta property=\"og:image:height\" content=\"650\" \/>\n\t<meta property=\"og:image:type\" content=\"image\/jpeg\" \/>\n<meta name=\"twitter:card\" content=\"summary_large_image\" \/>\n<meta name=\"twitter:label1\" content=\"Gesch\u00e4tzte Lesezeit\" \/>\n\t<meta name=\"twitter:data1\" content=\"1\u00a0Minute\" \/>\n<script type=\"application\/ld+json\" class=\"yoast-schema-graph\">{\"@context\":\"https:\/\/schema.org\",\"@graph\":[{\"@type\":\"WebPage\",\"@id\":\"https:\/\/www.daisho.be\/de\/produit\/adidas-speedex-16-1-patriot-limited-edition-boxing-schuh-blau\/\",\"url\":\"https:\/\/www.daisho.be\/de\/produit\/adidas-speedex-16-1-patriot-limited-edition-boxing-schuh-blau\/\",\"name\":\"adidas Speedex 16.1 Patriot Limited Edition Boxing Schuh Blau &#8211; Daisho\",\"isPartOf\":{\"@id\":\"https:\/\/www.daisho.be\/de\/#website\"},\"primaryImageOfPage\":{\"@id\":\"https:\/\/www.daisho.be\/de\/produit\/adidas-speedex-16-1-patriot-limited-edition-boxing-schuh-blau\/#primaryimage\"},\"image\":{\"@id\":\"https:\/\/www.daisho.be\/de\/produit\/adidas-speedex-16-1-patriot-limited-edition-boxing-schuh-blau\/#primaryimage\"},\"thumbnailUrl\":\"https:\/\/www.daisho.be\/wp-content\/uploads\/2022\/02\/image-361.jpg\",\"datePublished\":\"2022-02-15T14:46:34+00:00\",\"dateModified\":\"2025-02-28T14:32:22+00:00\",\"description\":\"Die Adidas-Boxschuhe sind so konzipiert, dass sie leicht und bequem sind. Kaufen Sie sie jetzt bei www.daisho.be|Daisho\",\"breadcrumb\":{\"@id\":\"https:\/\/www.daisho.be\/de\/produit\/adidas-speedex-16-1-patriot-limited-edition-boxing-schuh-blau\/#breadcrumb\"},\"inLanguage\":\"de\",\"potentialAction\":[{\"@type\":\"ReadAction\",\"target\":[\"https:\/\/www.daisho.be\/de\/produit\/adidas-speedex-16-1-patriot-limited-edition-boxing-schuh-blau\/\"]}]},{\"@type\":\"ImageObject\",\"inLanguage\":\"de\",\"@id\":\"https:\/\/www.daisho.be\/de\/produit\/adidas-speedex-16-1-patriot-limited-edition-boxing-schuh-blau\/#primaryimage\",\"url\":\"https:\/\/www.daisho.be\/wp-content\/uploads\/2022\/02\/image-361.jpg\",\"contentUrl\":\"https:\/\/www.daisho.be\/wp-content\/uploads\/2022\/02\/image-361.jpg\",\"width\":650,\"height\":650,\"caption\":\"adidas Speedex 16.1 Patriot Limited Edition Boxing Schuh Blau-1\"},{\"@type\":\"BreadcrumbList\",\"@id\":\"https:\/\/www.daisho.be\/de\/produit\/adidas-speedex-16-1-patriot-limited-edition-boxing-schuh-blau\/#breadcrumb\",\"itemListElement\":[{\"@type\":\"ListItem\",\"position\":1,\"name\":\"Accueil\",\"item\":\"https:\/\/www.daisho.be\/de\/\"},{\"@type\":\"ListItem\",\"position\":2,\"name\":\"Produkte\",\"item\":\"https:\/\/www.daisho.be\/de\/produkte\/\"},{\"@type\":\"ListItem\",\"position\":3,\"name\":\"ADIDAS COMBAT SPORTS\",\"item\":\"https:\/\/www.daisho.be\/de\/categorie-produit\/adidas-combat-sports-de\/\"},{\"@type\":\"ListItem\",\"position\":4,\"name\":\"Boxen\",\"item\":\"https:\/\/www.daisho.be\/de\/categorie-produit\/adidas-combat-sports-de\/boxen\/\"},{\"@type\":\"ListItem\",\"position\":5,\"name\":\"Adidas-Kleidung f\u00fcr das Boxen\",\"item\":\"https:\/\/www.daisho.be\/de\/categorie-produit\/adidas-combat-sports-de\/boxen\/adidas-kleidung-fur-das-boxen\/\"},{\"@type\":\"ListItem\",\"position\":6,\"name\":\"adidas Speedex 16.1 Patriot Limited Edition Boxing Schuh Blau\"}]},{\"@type\":\"WebSite\",\"@id\":\"https:\/\/www.daisho.be\/de\/#website\",\"url\":\"https:\/\/www.daisho.be\/de\/\",\"name\":\"Daisho\",\"description\":\"Sp&eacute;cialiste de l'&eacute;quipement sportif d'arts martiaux\",\"publisher\":{\"@id\":\"https:\/\/www.daisho.be\/de\/#organization\"},\"potentialAction\":[{\"@type\":\"SearchAction\",\"target\":{\"@type\":\"EntryPoint\",\"urlTemplate\":\"https:\/\/www.daisho.be\/de\/?s={search_term_string}\"},\"query-input\":{\"@type\":\"PropertyValueSpecification\",\"valueRequired\":true,\"valueName\":\"search_term_string\"}}],\"inLanguage\":\"de\"},{\"@type\":\"Organization\",\"@id\":\"https:\/\/www.daisho.be\/de\/#organization\",\"name\":\"Daisho\",\"url\":\"https:\/\/www.daisho.be\/de\/\",\"logo\":{\"@type\":\"ImageObject\",\"inLanguage\":\"de\",\"@id\":\"https:\/\/www.daisho.be\/de\/#\/schema\/logo\/image\/\",\"url\":\"https:\/\/www.daisho.be\/wp-content\/uploads\/2019\/07\/color-nothing-horizontale4x-e1564486100247.png\",\"contentUrl\":\"https:\/\/www.daisho.be\/wp-content\/uploads\/2019\/07\/color-nothing-horizontale4x-e1564486100247.png\",\"width\":1547,\"height\":385,\"caption\":\"Daisho\"},\"image\":{\"@id\":\"https:\/\/www.daisho.be\/de\/#\/schema\/logo\/image\/\"}}]}<\/script>\n<!-- \/ Yoast SEO plugin. -->","yoast_head_json":{"title":"adidas Speedex 16.1 Patriot Limited Edition Boxing Schuh Blau &#8211; Daisho","description":"Die Adidas-Boxschuhe sind so konzipiert, dass sie leicht und bequem sind. Kaufen Sie sie jetzt bei www.daisho.be|Daisho","robots":{"index":"index","follow":"follow","max-snippet":"max-snippet:-1","max-image-preview":"max-image-preview:large","max-video-preview":"max-video-preview:-1"},"canonical":"https:\/\/www.daisho.be\/de\/produit\/adidas-speedex-16-1-patriot-limited-edition-boxing-schuh-blau\/","og_locale":"de_DE","og_type":"article","og_title":"adidas Speedex 16.1 Patriot Limited Edition Boxing Schuh Blau &#8211; Daisho","og_description":"Die Adidas-Boxschuhe sind so konzipiert, dass sie leicht und bequem sind. Kaufen Sie sie jetzt bei www.daisho.be|Daisho","og_url":"https:\/\/www.daisho.be\/de\/produit\/adidas-speedex-16-1-patriot-limited-edition-boxing-schuh-blau\/","og_site_name":"Daisho","article_modified_time":"2025-02-28T14:32:22+00:00","og_image":[{"width":650,"height":650,"url":"https:\/\/www.daisho.be\/wp-content\/uploads\/2022\/02\/image-361.jpg","type":"image\/jpeg"}],"twitter_card":"summary_large_image","twitter_misc":{"Gesch\u00e4tzte Lesezeit":"1\u00a0Minute"},"schema":{"@context":"https:\/\/schema.org","@graph":[{"@type":"WebPage","@id":"https:\/\/www.daisho.be\/de\/produit\/adidas-speedex-16-1-patriot-limited-edition-boxing-schuh-blau\/","url":"https:\/\/www.daisho.be\/de\/produit\/adidas-speedex-16-1-patriot-limited-edition-boxing-schuh-blau\/","name":"adidas Speedex 16.1 Patriot Limited Edition Boxing Schuh Blau &#8211; Daisho","isPartOf":{"@id":"https:\/\/www.daisho.be\/de\/#website"},"primaryImageOfPage":{"@id":"https:\/\/www.daisho.be\/de\/produit\/adidas-speedex-16-1-patriot-limited-edition-boxing-schuh-blau\/#primaryimage"},"image":{"@id":"https:\/\/www.daisho.be\/de\/produit\/adidas-speedex-16-1-patriot-limited-edition-boxing-schuh-blau\/#primaryimage"},"thumbnailUrl":"https:\/\/www.daisho.be\/wp-content\/uploads\/2022\/02\/image-361.jpg","datePublished":"2022-02-15T14:46:34+00:00","dateModified":"2025-02-28T14:32:22+00:00","description":"Die Adidas-Boxschuhe sind so konzipiert, dass sie leicht und bequem sind. Kaufen Sie sie jetzt bei www.daisho.be|Daisho","breadcrumb":{"@id":"https:\/\/www.daisho.be\/de\/produit\/adidas-speedex-16-1-patriot-limited-edition-boxing-schuh-blau\/#breadcrumb"},"inLanguage":"de","potentialAction":[{"@type":"ReadAction","target":["https:\/\/www.daisho.be\/de\/produit\/adidas-speedex-16-1-patriot-limited-edition-boxing-schuh-blau\/"]}]},{"@type":"ImageObject","inLanguage":"de","@id":"https:\/\/www.daisho.be\/de\/produit\/adidas-speedex-16-1-patriot-limited-edition-boxing-schuh-blau\/#primaryimage","url":"https:\/\/www.daisho.be\/wp-content\/uploads\/2022\/02\/image-361.jpg","contentUrl":"https:\/\/www.daisho.be\/wp-content\/uploads\/2022\/02\/image-361.jpg","width":650,"height":650,"caption":"adidas Speedex 16.1 Patriot Limited Edition Boxing Schuh Blau-1"},{"@type":"BreadcrumbList","@id":"https:\/\/www.daisho.be\/de\/produit\/adidas-speedex-16-1-patriot-limited-edition-boxing-schuh-blau\/#breadcrumb","itemListElement":[{"@type":"ListItem","position":1,"name":"Accueil","item":"https:\/\/www.daisho.be\/de\/"},{"@type":"ListItem","position":2,"name":"Produkte","item":"https:\/\/www.daisho.be\/de\/produkte\/"},{"@type":"ListItem","position":3,"name":"ADIDAS COMBAT SPORTS","item":"https:\/\/www.daisho.be\/de\/categorie-produit\/adidas-combat-sports-de\/"},{"@type":"ListItem","position":4,"name":"Boxen","item":"https:\/\/www.daisho.be\/de\/categorie-produit\/adidas-combat-sports-de\/boxen\/"},{"@type":"ListItem","position":5,"name":"Adidas-Kleidung f\u00fcr das Boxen","item":"https:\/\/www.daisho.be\/de\/categorie-produit\/adidas-combat-sports-de\/boxen\/adidas-kleidung-fur-das-boxen\/"},{"@type":"ListItem","position":6,"name":"adidas Speedex 16.1 Patriot Limited Edition Boxing Schuh Blau"}]},{"@type":"WebSite","@id":"https:\/\/www.daisho.be\/de\/#website","url":"https:\/\/www.daisho.be\/de\/","name":"Daisho","description":"Sp&eacute;cialiste de l'&eacute;quipement sportif d'arts martiaux","publisher":{"@id":"https:\/\/www.daisho.be\/de\/#organization"},"potentialAction":[{"@type":"SearchAction","target":{"@type":"EntryPoint","urlTemplate":"https:\/\/www.daisho.be\/de\/?s={search_term_string}"},"query-input":{"@type":"PropertyValueSpecification","valueRequired":true,"valueName":"search_term_string"}}],"inLanguage":"de"},{"@type":"Organization","@id":"https:\/\/www.daisho.be\/de\/#organization","name":"Daisho","url":"https:\/\/www.daisho.be\/de\/","logo":{"@type":"ImageObject","inLanguage":"de","@id":"https:\/\/www.daisho.be\/de\/#\/schema\/logo\/image\/","url":"https:\/\/www.daisho.be\/wp-content\/uploads\/2019\/07\/color-nothing-horizontale4x-e1564486100247.png","contentUrl":"https:\/\/www.daisho.be\/wp-content\/uploads\/2019\/07\/color-nothing-horizontale4x-e1564486100247.png","width":1547,"height":385,"caption":"Daisho"},"image":{"@id":"https:\/\/www.daisho.be\/de\/#\/schema\/logo\/image\/"}}]}},"_links":{"self":[{"href":"https:\/\/www.daisho.be\/de\/wp-json\/wp\/v2\/product\/459507","targetHints":{"allow":["GET"]}}],"collection":[{"href":"https:\/\/www.daisho.be\/de\/wp-json\/wp\/v2\/product"}],"about":[{"href":"https:\/\/www.daisho.be\/de\/wp-json\/wp\/v2\/types\/product"}],"replies":[{"embeddable":true,"href":"https:\/\/www.daisho.be\/de\/wp-json\/wp\/v2\/comments?post=459507"}],"wp:featuredmedia":[{"embeddable":true,"href":"https:\/\/www.daisho.be\/de\/wp-json\/wp\/v2\/media\/459512"}],"wp:attachment":[{"href":"https:\/\/www.daisho.be\/de\/wp-json\/wp\/v2\/media?parent=459507"}],"wp:term":[{"taxonomy":"product_brand","embeddable":true,"href":"https:\/\/www.daisho.be\/de\/wp-json\/wp\/v2\/product_brand?post=459507"},{"taxonomy":"product_cat","embeddable":true,"href":"https:\/\/www.daisho.be\/de\/wp-json\/wp\/v2\/product_cat?post=459507"},{"taxonomy":"product_tag","embeddable":true,"href":"https:\/\/www.daisho.be\/de\/wp-json\/wp\/v2\/product_tag?post=459507"},{"taxonomy":"sport","embeddable":true,"href":"https:\/\/www.daisho.be\/de\/wp-json\/wp\/v2\/sport?post=459507"}],"curies":[{"name":"wp","href":"https:\/\/api.w.org\/{rel}","templated":true}]}}