{"id":459468,"date":"2022-02-15T16:24:29","date_gmt":"2022-02-15T15:24:29","guid":{"rendered":"https:\/\/www.daisho.be\/produit\/ecktasche-adidas-maya\/"},"modified":"2025-11-20T12:17:24","modified_gmt":"2025-11-20T11:17:24","slug":"ecktasche-adidas-maya","status":"publish","type":"product","link":"https:\/\/www.daisho.be\/de\/produit\/ecktasche-adidas-maya\/","title":{"rendered":"Ecktasche adidas Maya"},"content":{"rendered":"<p>Dieser PU-Boxsack von Adidas ist eine Augenweide.<br \/>\nDie Boxs\u00e4cke sind sehr fest vern\u00e4ht, um Risse zu vermeiden.<br \/>\nDie Boxs\u00e4cke sind mit neu gekauften, geschnittenen Textilien gef\u00fcllt, um Schimmel und Gestank zu vermeiden und um sicherzustellen, dass keine harten Gegenst\u00e4nde wie Metall, Eisen und Steine in die F\u00fcllung gelangen.<br \/>\nDer Boxsack wird au\u00dferdem elektronisch auf Eisenpartikel gescannt. Vor allem zu Ihrer Sicherheit.<x id=\"gid_3\"><\/x>Die F\u00fcllung der Boxs\u00e4cke ist so zusammengesetzt, dass sie Ihre Schl\u00e4ge perfekt abf\u00e4ngt und Ihre H\u00e4nde und Beine gut gesch\u00fctzt bleiben.<x id=\"gid_4\"><\/x>Der Boxsack ist f\u00fcr Gro\u00df und Klein, Amateure und Profis geeignet.<x id=\"gid_5\"><\/x>Kann sowohl im Fitnessstudio als auch zu Hause verwendet werden. Der Boxsack ist geeignet f\u00fcr: Kickboxen, Freikampf, traditionelles Boxen, Thaiboxen.<br \/>\nVorteile:<br \/>\n&#8211; robust und f\u00fcr jeden geeignet<br \/>\n&#8211; sehr sch\u00f6nes Aussehen<br \/>\n&#8211; f\u00fcr den Gebrauch zu Hause und im Fitnessstudio<br \/>\n&#8211; sehr robustes PU<br \/>\n&#8211; gef\u00fcllt mit einer sauberen Textilmischung mit idealer H\u00e4rte<br \/>\n&#8211; extra stark vern\u00e4ht, um Risse zu vermeiden<br \/>\nWeitere Informationen:<br \/>\n160cm: Gewicht: 45kg  <\/p>\n","protected":false},"excerpt":{"rendered":"<p>Dieser PU-Boxsack von Adidas ist eine Augenweide. Die Boxs\u00e4cke sind sehr fest vern\u00e4ht, um Risse zu vermeiden. Die Boxs\u00e4cke sind mit neu gekauften, geschnittenen Textilien gef\u00fcllt, um Schimmel und Gestank zu vermeiden und um sicherzustellen, dass keine harten Gegenst\u00e4nde wie Metall, Eisen und Steine in die F\u00fcllung gelangen. Der Boxsack wird au\u00dferdem elektronisch auf Eisenpartikel [&hellip;]<\/p>\n","protected":false},"featured_media":459470,"comment_status":"closed","ping_status":"closed","template":"","meta":{"inline_featured_image":false},"product_brand":[],"product_cat":[2252,2278,2251,2256],"product_tag":[2178,2554],"sport":[],"class_list":{"0":"post-459468","1":"product","2":"type-product","3":"status-publish","4":"has-post-thumbnail","6":"product_cat-boxsacke-und-trainingszubehor","7":"product_cat-boxsacke-und-trainingszubehor-boxen","8":"product_cat-boxsacke-und-trainingszubehor-karate","9":"product_cat-taekwondo-boxsacke-und-trainingszubehor-von-adidas","10":"product_tag-adidas-de","11":"product_tag-kostenvoranschlag","12":"product_shipping_class-schwere-produkte","13":"pa_size-120-cm","14":"pa_size-160-cm","16":"first","17":"instock","18":"taxable","19":"shipping-taxable","20":"purchasable","21":"product-type-variable"},"yoast_head":"<!-- This site is optimized with the Yoast SEO plugin v27.2 - https:\/\/yoast.com\/product\/yoast-seo-wordpress\/ -->\n<title>Ecktasche adidas Maya &#8211; Daisho<\/title>\n<meta name=\"description\" content=\"Die Adidas Maya Eckentasche wurde speziell entwickelt, um Sie zu sch\u00fctzen und Ihre Leistung zu verbessern. Kaufen Sie ihn auf www.daisho.be|Daisho\" \/>\n<meta name=\"robots\" content=\"index, follow, max-snippet:-1, max-image-preview:large, max-video-preview:-1\" \/>\n<link rel=\"canonical\" href=\"https:\/\/www.daisho.be\/de\/produit\/ecktasche-adidas-maya\/\" \/>\n<meta property=\"og:locale\" content=\"de_DE\" \/>\n<meta property=\"og:type\" content=\"article\" \/>\n<meta property=\"og:title\" content=\"Ecktasche adidas Maya &#8211; Daisho\" \/>\n<meta property=\"og:description\" content=\"Die Adidas Maya Eckentasche wurde speziell entwickelt, um Sie zu sch\u00fctzen und Ihre Leistung zu verbessern. Kaufen Sie ihn auf www.daisho.be|Daisho\" \/>\n<meta property=\"og:url\" content=\"https:\/\/www.daisho.be\/de\/produit\/ecktasche-adidas-maya\/\" \/>\n<meta property=\"og:site_name\" content=\"Daisho\" \/>\n<meta property=\"article:modified_time\" content=\"2025-11-20T11:17:24+00:00\" \/>\n<meta property=\"og:image\" content=\"https:\/\/www.daisho.be\/wp-content\/uploads\/2024\/07\/image-10.jpg\" \/>\n\t<meta property=\"og:image:width\" content=\"650\" \/>\n\t<meta property=\"og:image:height\" content=\"650\" \/>\n\t<meta property=\"og:image:type\" content=\"image\/jpeg\" \/>\n<meta name=\"twitter:card\" content=\"summary_large_image\" \/>\n<meta name=\"twitter:label1\" content=\"Gesch\u00e4tzte Lesezeit\" \/>\n\t<meta name=\"twitter:data1\" content=\"1\u00a0Minute\" \/>\n<script type=\"application\/ld+json\" class=\"yoast-schema-graph\">{\"@context\":\"https:\/\/schema.org\",\"@graph\":[{\"@type\":\"WebPage\",\"@id\":\"https:\/\/www.daisho.be\/de\/produit\/ecktasche-adidas-maya\/\",\"url\":\"https:\/\/www.daisho.be\/de\/produit\/ecktasche-adidas-maya\/\",\"name\":\"Ecktasche adidas Maya &#8211; Daisho\",\"isPartOf\":{\"@id\":\"https:\/\/www.daisho.be\/de\/#website\"},\"primaryImageOfPage\":{\"@id\":\"https:\/\/www.daisho.be\/de\/produit\/ecktasche-adidas-maya\/#primaryimage\"},\"image\":{\"@id\":\"https:\/\/www.daisho.be\/de\/produit\/ecktasche-adidas-maya\/#primaryimage\"},\"thumbnailUrl\":\"https:\/\/www.daisho.be\/wp-content\/uploads\/2024\/07\/image-10.jpg\",\"datePublished\":\"2022-02-15T15:24:29+00:00\",\"dateModified\":\"2025-11-20T11:17:24+00:00\",\"description\":\"Die Adidas Maya Eckentasche wurde speziell entwickelt, um Sie zu sch\u00fctzen und Ihre Leistung zu verbessern. Kaufen Sie ihn auf www.daisho.be|Daisho\",\"breadcrumb\":{\"@id\":\"https:\/\/www.daisho.be\/de\/produit\/ecktasche-adidas-maya\/#breadcrumb\"},\"inLanguage\":\"de\",\"potentialAction\":[{\"@type\":\"ReadAction\",\"target\":[\"https:\/\/www.daisho.be\/de\/produit\/ecktasche-adidas-maya\/\"]}]},{\"@type\":\"ImageObject\",\"inLanguage\":\"de\",\"@id\":\"https:\/\/www.daisho.be\/de\/produit\/ecktasche-adidas-maya\/#primaryimage\",\"url\":\"https:\/\/www.daisho.be\/wp-content\/uploads\/2024\/07\/image-10.jpg\",\"contentUrl\":\"https:\/\/www.daisho.be\/wp-content\/uploads\/2024\/07\/image-10.jpg\",\"width\":650,\"height\":650,\"caption\":\"Ecktasche adidas Maya -1\"},{\"@type\":\"BreadcrumbList\",\"@id\":\"https:\/\/www.daisho.be\/de\/produit\/ecktasche-adidas-maya\/#breadcrumb\",\"itemListElement\":[{\"@type\":\"ListItem\",\"position\":1,\"name\":\"Accueil\",\"item\":\"https:\/\/www.daisho.be\/de\/\"},{\"@type\":\"ListItem\",\"position\":2,\"name\":\"Produkte\",\"item\":\"https:\/\/www.daisho.be\/de\/produkte\/\"},{\"@type\":\"ListItem\",\"position\":3,\"name\":\"ADIDAS COMBAT SPORTS\",\"item\":\"https:\/\/www.daisho.be\/de\/categorie-produit\/adidas-combat-sports-de\/\"},{\"@type\":\"ListItem\",\"position\":4,\"name\":\"MMA\",\"item\":\"https:\/\/www.daisho.be\/de\/categorie-produit\/adidas-combat-sports-de\/mma-de\/\"},{\"@type\":\"ListItem\",\"position\":5,\"name\":\"Boxs\u00e4cke und Trainingszubeh\u00f6r\",\"item\":\"https:\/\/www.daisho.be\/de\/categorie-produit\/adidas-combat-sports-de\/mma-de\/boxsacke-und-trainingszubehor\/\"},{\"@type\":\"ListItem\",\"position\":6,\"name\":\"Ecktasche adidas Maya\"}]},{\"@type\":\"WebSite\",\"@id\":\"https:\/\/www.daisho.be\/de\/#website\",\"url\":\"https:\/\/www.daisho.be\/de\/\",\"name\":\"Daisho\",\"description\":\"Sp&eacute;cialiste de l'&eacute;quipement sportif d'arts martiaux\",\"publisher\":{\"@id\":\"https:\/\/www.daisho.be\/de\/#organization\"},\"potentialAction\":[{\"@type\":\"SearchAction\",\"target\":{\"@type\":\"EntryPoint\",\"urlTemplate\":\"https:\/\/www.daisho.be\/de\/?s={search_term_string}\"},\"query-input\":{\"@type\":\"PropertyValueSpecification\",\"valueRequired\":true,\"valueName\":\"search_term_string\"}}],\"inLanguage\":\"de\"},{\"@type\":\"Organization\",\"@id\":\"https:\/\/www.daisho.be\/de\/#organization\",\"name\":\"Daisho\",\"url\":\"https:\/\/www.daisho.be\/de\/\",\"logo\":{\"@type\":\"ImageObject\",\"inLanguage\":\"de\",\"@id\":\"https:\/\/www.daisho.be\/de\/#\/schema\/logo\/image\/\",\"url\":\"https:\/\/www.daisho.be\/wp-content\/uploads\/2019\/07\/color-nothing-horizontale4x-e1564486100247.png\",\"contentUrl\":\"https:\/\/www.daisho.be\/wp-content\/uploads\/2019\/07\/color-nothing-horizontale4x-e1564486100247.png\",\"width\":1547,\"height\":385,\"caption\":\"Daisho\"},\"image\":{\"@id\":\"https:\/\/www.daisho.be\/de\/#\/schema\/logo\/image\/\"}}]}<\/script>\n<!-- \/ Yoast SEO plugin. -->","yoast_head_json":{"title":"Ecktasche adidas Maya &#8211; Daisho","description":"Die Adidas Maya Eckentasche wurde speziell entwickelt, um Sie zu sch\u00fctzen und Ihre Leistung zu verbessern. Kaufen Sie ihn auf www.daisho.be|Daisho","robots":{"index":"index","follow":"follow","max-snippet":"max-snippet:-1","max-image-preview":"max-image-preview:large","max-video-preview":"max-video-preview:-1"},"canonical":"https:\/\/www.daisho.be\/de\/produit\/ecktasche-adidas-maya\/","og_locale":"de_DE","og_type":"article","og_title":"Ecktasche adidas Maya &#8211; Daisho","og_description":"Die Adidas Maya Eckentasche wurde speziell entwickelt, um Sie zu sch\u00fctzen und Ihre Leistung zu verbessern. Kaufen Sie ihn auf www.daisho.be|Daisho","og_url":"https:\/\/www.daisho.be\/de\/produit\/ecktasche-adidas-maya\/","og_site_name":"Daisho","article_modified_time":"2025-11-20T11:17:24+00:00","og_image":[{"width":650,"height":650,"url":"https:\/\/www.daisho.be\/wp-content\/uploads\/2024\/07\/image-10.jpg","type":"image\/jpeg"}],"twitter_card":"summary_large_image","twitter_misc":{"Gesch\u00e4tzte Lesezeit":"1\u00a0Minute"},"schema":{"@context":"https:\/\/schema.org","@graph":[{"@type":"WebPage","@id":"https:\/\/www.daisho.be\/de\/produit\/ecktasche-adidas-maya\/","url":"https:\/\/www.daisho.be\/de\/produit\/ecktasche-adidas-maya\/","name":"Ecktasche adidas Maya &#8211; Daisho","isPartOf":{"@id":"https:\/\/www.daisho.be\/de\/#website"},"primaryImageOfPage":{"@id":"https:\/\/www.daisho.be\/de\/produit\/ecktasche-adidas-maya\/#primaryimage"},"image":{"@id":"https:\/\/www.daisho.be\/de\/produit\/ecktasche-adidas-maya\/#primaryimage"},"thumbnailUrl":"https:\/\/www.daisho.be\/wp-content\/uploads\/2024\/07\/image-10.jpg","datePublished":"2022-02-15T15:24:29+00:00","dateModified":"2025-11-20T11:17:24+00:00","description":"Die Adidas Maya Eckentasche wurde speziell entwickelt, um Sie zu sch\u00fctzen und Ihre Leistung zu verbessern. Kaufen Sie ihn auf www.daisho.be|Daisho","breadcrumb":{"@id":"https:\/\/www.daisho.be\/de\/produit\/ecktasche-adidas-maya\/#breadcrumb"},"inLanguage":"de","potentialAction":[{"@type":"ReadAction","target":["https:\/\/www.daisho.be\/de\/produit\/ecktasche-adidas-maya\/"]}]},{"@type":"ImageObject","inLanguage":"de","@id":"https:\/\/www.daisho.be\/de\/produit\/ecktasche-adidas-maya\/#primaryimage","url":"https:\/\/www.daisho.be\/wp-content\/uploads\/2024\/07\/image-10.jpg","contentUrl":"https:\/\/www.daisho.be\/wp-content\/uploads\/2024\/07\/image-10.jpg","width":650,"height":650,"caption":"Ecktasche adidas Maya -1"},{"@type":"BreadcrumbList","@id":"https:\/\/www.daisho.be\/de\/produit\/ecktasche-adidas-maya\/#breadcrumb","itemListElement":[{"@type":"ListItem","position":1,"name":"Accueil","item":"https:\/\/www.daisho.be\/de\/"},{"@type":"ListItem","position":2,"name":"Produkte","item":"https:\/\/www.daisho.be\/de\/produkte\/"},{"@type":"ListItem","position":3,"name":"ADIDAS COMBAT SPORTS","item":"https:\/\/www.daisho.be\/de\/categorie-produit\/adidas-combat-sports-de\/"},{"@type":"ListItem","position":4,"name":"MMA","item":"https:\/\/www.daisho.be\/de\/categorie-produit\/adidas-combat-sports-de\/mma-de\/"},{"@type":"ListItem","position":5,"name":"Boxs\u00e4cke und Trainingszubeh\u00f6r","item":"https:\/\/www.daisho.be\/de\/categorie-produit\/adidas-combat-sports-de\/mma-de\/boxsacke-und-trainingszubehor\/"},{"@type":"ListItem","position":6,"name":"Ecktasche adidas Maya"}]},{"@type":"WebSite","@id":"https:\/\/www.daisho.be\/de\/#website","url":"https:\/\/www.daisho.be\/de\/","name":"Daisho","description":"Sp&eacute;cialiste de l'&eacute;quipement sportif d'arts martiaux","publisher":{"@id":"https:\/\/www.daisho.be\/de\/#organization"},"potentialAction":[{"@type":"SearchAction","target":{"@type":"EntryPoint","urlTemplate":"https:\/\/www.daisho.be\/de\/?s={search_term_string}"},"query-input":{"@type":"PropertyValueSpecification","valueRequired":true,"valueName":"search_term_string"}}],"inLanguage":"de"},{"@type":"Organization","@id":"https:\/\/www.daisho.be\/de\/#organization","name":"Daisho","url":"https:\/\/www.daisho.be\/de\/","logo":{"@type":"ImageObject","inLanguage":"de","@id":"https:\/\/www.daisho.be\/de\/#\/schema\/logo\/image\/","url":"https:\/\/www.daisho.be\/wp-content\/uploads\/2019\/07\/color-nothing-horizontale4x-e1564486100247.png","contentUrl":"https:\/\/www.daisho.be\/wp-content\/uploads\/2019\/07\/color-nothing-horizontale4x-e1564486100247.png","width":1547,"height":385,"caption":"Daisho"},"image":{"@id":"https:\/\/www.daisho.be\/de\/#\/schema\/logo\/image\/"}}]}},"_links":{"self":[{"href":"https:\/\/www.daisho.be\/de\/wp-json\/wp\/v2\/product\/459468","targetHints":{"allow":["GET"]}}],"collection":[{"href":"https:\/\/www.daisho.be\/de\/wp-json\/wp\/v2\/product"}],"about":[{"href":"https:\/\/www.daisho.be\/de\/wp-json\/wp\/v2\/types\/product"}],"replies":[{"embeddable":true,"href":"https:\/\/www.daisho.be\/de\/wp-json\/wp\/v2\/comments?post=459468"}],"wp:featuredmedia":[{"embeddable":true,"href":"https:\/\/www.daisho.be\/de\/wp-json\/wp\/v2\/media\/459470"}],"wp:attachment":[{"href":"https:\/\/www.daisho.be\/de\/wp-json\/wp\/v2\/media?parent=459468"}],"wp:term":[{"taxonomy":"product_brand","embeddable":true,"href":"https:\/\/www.daisho.be\/de\/wp-json\/wp\/v2\/product_brand?post=459468"},{"taxonomy":"product_cat","embeddable":true,"href":"https:\/\/www.daisho.be\/de\/wp-json\/wp\/v2\/product_cat?post=459468"},{"taxonomy":"product_tag","embeddable":true,"href":"https:\/\/www.daisho.be\/de\/wp-json\/wp\/v2\/product_tag?post=459468"},{"taxonomy":"sport","embeddable":true,"href":"https:\/\/www.daisho.be\/de\/wp-json\/wp\/v2\/sport?post=459468"}],"curies":[{"name":"wp","href":"https:\/\/api.w.org\/{rel}","templated":true}]}}