{"id":459454,"date":"2022-02-15T16:28:34","date_gmt":"2022-02-15T15:28:34","guid":{"rendered":"https:\/\/www.daisho.be\/produit\/adidas-military-combat-sporttasche-blau-camo-silber\/"},"modified":"2025-02-28T11:30:27","modified_gmt":"2025-02-28T10:30:27","slug":"adidas-military-combat-sporttasche-blau-camo-silber","status":"publish","type":"product","link":"https:\/\/www.daisho.be\/de\/produit\/adidas-military-combat-sporttasche-blau-camo-silber\/","title":{"rendered":"adidas Military Combat Sporttasche Blau Camo\/Silber"},"content":{"rendered":"<p>Diese adidas Sporttasche hei\u00dft Milit\u00e4rsporttasche.<br \/>\nDiese Sporttasche ist praktisch, da die Tasche durch Aufrollen des Oberteils vergr\u00f6\u00dfert oder verkleinert werden kann.<br \/>\nDie Tasche hat eine praktische zus\u00e4tzliche Fronttasche auf der Vorderseite.<br \/>\nDie Tasche hat eine luftdurchl\u00e4ssige Innentasche f\u00fcr zus\u00e4tzlichen Stauraum f\u00fcr z.B. nasse Gegenst\u00e4nde oder Schuhe.<br \/>\nAn der Oberseite der Tasche befindet sich ein zus\u00e4tzlicher Griff.<br \/>\nVorteile:<br \/>\n&#8211; aus robustem Polyester<br \/>\n&#8211; gro\u00dfes Staufach<br \/>\n&#8211; praktisch zum Verkleinern<br \/>\n&#8211; zus\u00e4tzliche Stauf\u00e4cher<\/p>\n<p>Gr\u00f6\u00dfe M:<br \/>\nL\u00e4nge ca. 62cm, H\u00f6he ca. 31 cm, Breite: ca. 31 cm<br \/>\nVolumen: ca. 25 Liter<\/p>\n","protected":false},"excerpt":{"rendered":"<p>Diese adidas Sporttasche hei\u00dft Milit\u00e4rsporttasche. Diese Sporttasche ist praktisch, da die Tasche durch Aufrollen des Oberteils vergr\u00f6\u00dfert oder verkleinert werden kann. Die Tasche hat eine praktische zus\u00e4tzliche Fronttasche auf der Vorderseite. Die Tasche hat eine luftdurchl\u00e4ssige Innentasche f\u00fcr zus\u00e4tzlichen Stauraum f\u00fcr z.B. nasse Gegenst\u00e4nde oder Schuhe. An der Oberseite der Tasche befindet sich ein zus\u00e4tzlicher [&hellip;]<\/p>\n","protected":false},"featured_media":459459,"comment_status":"closed","ping_status":"closed","template":"","meta":{"inline_featured_image":false},"product_brand":[],"product_cat":[2263,2063,2061],"product_tag":[2178],"sport":[],"class_list":{"0":"post-459454","1":"product","2":"type-product","3":"status-publish","4":"has-post-thumbnail","6":"product_cat-karate-tasche-adidas","7":"product_cat-karate-taschen","8":"product_cat-sporttaschen","9":"product_tag-adidas-de","10":"pa_size-l","11":"pa_size-m","13":"first","14":"instock","15":"taxable","16":"shipping-taxable","17":"purchasable","18":"product-type-variable"},"yoast_head":"<!-- This site is optimized with the Yoast SEO plugin v27.2 - https:\/\/yoast.com\/product\/yoast-seo-wordpress\/ -->\n<title>adidas Military Combat Sporttasche Blau Camo\/Silber &#8211; Daisho<\/title>\n<meta name=\"description\" content=\"Die Adidas Military Sporttasche passt sich Ihren Bed\u00fcrfnissen an. Sie k\u00f6nnen die Gr\u00f6\u00dfe der Tasche an Ihre Bed\u00fcrfnisse anpassen. Kaufen Sie sie auf www.daisho.be\" \/>\n<meta name=\"robots\" content=\"index, follow, max-snippet:-1, max-image-preview:large, max-video-preview:-1\" \/>\n<link rel=\"canonical\" href=\"https:\/\/www.daisho.be\/de\/produit\/adidas-military-combat-sporttasche-blau-camo-silber\/\" \/>\n<meta property=\"og:locale\" content=\"de_DE\" \/>\n<meta property=\"og:type\" content=\"article\" \/>\n<meta property=\"og:title\" content=\"adidas Military Combat Sporttasche Blau Camo\/Silber &#8211; Daisho\" \/>\n<meta property=\"og:description\" content=\"Die Adidas Military Sporttasche passt sich Ihren Bed\u00fcrfnissen an. Sie k\u00f6nnen die Gr\u00f6\u00dfe der Tasche an Ihre Bed\u00fcrfnisse anpassen. Kaufen Sie sie auf www.daisho.be\" \/>\n<meta property=\"og:url\" content=\"https:\/\/www.daisho.be\/de\/produit\/adidas-military-combat-sporttasche-blau-camo-silber\/\" \/>\n<meta property=\"og:site_name\" content=\"Daisho\" \/>\n<meta property=\"article:modified_time\" content=\"2025-02-28T10:30:27+00:00\" \/>\n<meta property=\"og:image\" content=\"https:\/\/www.daisho.be\/wp-content\/uploads\/2023\/12\/image-35.jpg\" \/>\n\t<meta property=\"og:image:width\" content=\"583\" \/>\n\t<meta property=\"og:image:height\" content=\"580\" \/>\n\t<meta property=\"og:image:type\" content=\"image\/jpeg\" \/>\n<meta name=\"twitter:card\" content=\"summary_large_image\" \/>\n<meta name=\"twitter:label1\" content=\"Gesch\u00e4tzte Lesezeit\" \/>\n\t<meta name=\"twitter:data1\" content=\"1\u00a0Minute\" \/>\n<script type=\"application\/ld+json\" class=\"yoast-schema-graph\">{\"@context\":\"https:\/\/schema.org\",\"@graph\":[{\"@type\":\"WebPage\",\"@id\":\"https:\/\/www.daisho.be\/de\/produit\/adidas-military-combat-sporttasche-blau-camo-silber\/\",\"url\":\"https:\/\/www.daisho.be\/de\/produit\/adidas-military-combat-sporttasche-blau-camo-silber\/\",\"name\":\"adidas Military Combat Sporttasche Blau Camo\/Silber &#8211; Daisho\",\"isPartOf\":{\"@id\":\"https:\/\/www.daisho.be\/de\/#website\"},\"primaryImageOfPage\":{\"@id\":\"https:\/\/www.daisho.be\/de\/produit\/adidas-military-combat-sporttasche-blau-camo-silber\/#primaryimage\"},\"image\":{\"@id\":\"https:\/\/www.daisho.be\/de\/produit\/adidas-military-combat-sporttasche-blau-camo-silber\/#primaryimage\"},\"thumbnailUrl\":\"https:\/\/www.daisho.be\/wp-content\/uploads\/2023\/12\/image-35.jpg\",\"datePublished\":\"2022-02-15T15:28:34+00:00\",\"dateModified\":\"2025-02-28T10:30:27+00:00\",\"description\":\"Die Adidas Military Sporttasche passt sich Ihren Bed\u00fcrfnissen an. Sie k\u00f6nnen die Gr\u00f6\u00dfe der Tasche an Ihre Bed\u00fcrfnisse anpassen. Kaufen Sie sie auf www.daisho.be\",\"breadcrumb\":{\"@id\":\"https:\/\/www.daisho.be\/de\/produit\/adidas-military-combat-sporttasche-blau-camo-silber\/#breadcrumb\"},\"inLanguage\":\"de\",\"potentialAction\":[{\"@type\":\"ReadAction\",\"target\":[\"https:\/\/www.daisho.be\/de\/produit\/adidas-military-combat-sporttasche-blau-camo-silber\/\"]}]},{\"@type\":\"ImageObject\",\"inLanguage\":\"de\",\"@id\":\"https:\/\/www.daisho.be\/de\/produit\/adidas-military-combat-sporttasche-blau-camo-silber\/#primaryimage\",\"url\":\"https:\/\/www.daisho.be\/wp-content\/uploads\/2023\/12\/image-35.jpg\",\"contentUrl\":\"https:\/\/www.daisho.be\/wp-content\/uploads\/2023\/12\/image-35.jpg\",\"width\":583,\"height\":580,\"caption\":\"adidas Military Combat Sporttasche Blau Camo\/Silber-1\"},{\"@type\":\"BreadcrumbList\",\"@id\":\"https:\/\/www.daisho.be\/de\/produit\/adidas-military-combat-sporttasche-blau-camo-silber\/#breadcrumb\",\"itemListElement\":[{\"@type\":\"ListItem\",\"position\":1,\"name\":\"Accueil\",\"item\":\"https:\/\/www.daisho.be\/de\/\"},{\"@type\":\"ListItem\",\"position\":2,\"name\":\"Produkte\",\"item\":\"https:\/\/www.daisho.be\/de\/produkte\/\"},{\"@type\":\"ListItem\",\"position\":3,\"name\":\"ADIDAS COMBAT SPORTS\",\"item\":\"https:\/\/www.daisho.be\/de\/categorie-produit\/adidas-combat-sports-de\/\"},{\"@type\":\"ListItem\",\"position\":4,\"name\":\"Karate\",\"item\":\"https:\/\/www.daisho.be\/de\/categorie-produit\/adidas-combat-sports-de\/karate-de\/\"},{\"@type\":\"ListItem\",\"position\":5,\"name\":\"Karate Tasche Adidas\",\"item\":\"https:\/\/www.daisho.be\/de\/categorie-produit\/adidas-combat-sports-de\/karate-de\/karate-tasche-adidas\/\"},{\"@type\":\"ListItem\",\"position\":6,\"name\":\"adidas Military Combat Sporttasche Blau Camo\/Silber\"}]},{\"@type\":\"WebSite\",\"@id\":\"https:\/\/www.daisho.be\/de\/#website\",\"url\":\"https:\/\/www.daisho.be\/de\/\",\"name\":\"Daisho\",\"description\":\"Sp&eacute;cialiste de l'&eacute;quipement sportif d'arts martiaux\",\"publisher\":{\"@id\":\"https:\/\/www.daisho.be\/de\/#organization\"},\"potentialAction\":[{\"@type\":\"SearchAction\",\"target\":{\"@type\":\"EntryPoint\",\"urlTemplate\":\"https:\/\/www.daisho.be\/de\/?s={search_term_string}\"},\"query-input\":{\"@type\":\"PropertyValueSpecification\",\"valueRequired\":true,\"valueName\":\"search_term_string\"}}],\"inLanguage\":\"de\"},{\"@type\":\"Organization\",\"@id\":\"https:\/\/www.daisho.be\/de\/#organization\",\"name\":\"Daisho\",\"url\":\"https:\/\/www.daisho.be\/de\/\",\"logo\":{\"@type\":\"ImageObject\",\"inLanguage\":\"de\",\"@id\":\"https:\/\/www.daisho.be\/de\/#\/schema\/logo\/image\/\",\"url\":\"https:\/\/www.daisho.be\/wp-content\/uploads\/2019\/07\/color-nothing-horizontale4x-e1564486100247.png\",\"contentUrl\":\"https:\/\/www.daisho.be\/wp-content\/uploads\/2019\/07\/color-nothing-horizontale4x-e1564486100247.png\",\"width\":1547,\"height\":385,\"caption\":\"Daisho\"},\"image\":{\"@id\":\"https:\/\/www.daisho.be\/de\/#\/schema\/logo\/image\/\"}}]}<\/script>\n<!-- \/ Yoast SEO plugin. -->","yoast_head_json":{"title":"adidas Military Combat Sporttasche Blau Camo\/Silber &#8211; Daisho","description":"Die Adidas Military Sporttasche passt sich Ihren Bed\u00fcrfnissen an. Sie k\u00f6nnen die Gr\u00f6\u00dfe der Tasche an Ihre Bed\u00fcrfnisse anpassen. Kaufen Sie sie auf www.daisho.be","robots":{"index":"index","follow":"follow","max-snippet":"max-snippet:-1","max-image-preview":"max-image-preview:large","max-video-preview":"max-video-preview:-1"},"canonical":"https:\/\/www.daisho.be\/de\/produit\/adidas-military-combat-sporttasche-blau-camo-silber\/","og_locale":"de_DE","og_type":"article","og_title":"adidas Military Combat Sporttasche Blau Camo\/Silber &#8211; Daisho","og_description":"Die Adidas Military Sporttasche passt sich Ihren Bed\u00fcrfnissen an. Sie k\u00f6nnen die Gr\u00f6\u00dfe der Tasche an Ihre Bed\u00fcrfnisse anpassen. Kaufen Sie sie auf www.daisho.be","og_url":"https:\/\/www.daisho.be\/de\/produit\/adidas-military-combat-sporttasche-blau-camo-silber\/","og_site_name":"Daisho","article_modified_time":"2025-02-28T10:30:27+00:00","og_image":[{"width":583,"height":580,"url":"https:\/\/www.daisho.be\/wp-content\/uploads\/2023\/12\/image-35.jpg","type":"image\/jpeg"}],"twitter_card":"summary_large_image","twitter_misc":{"Gesch\u00e4tzte Lesezeit":"1\u00a0Minute"},"schema":{"@context":"https:\/\/schema.org","@graph":[{"@type":"WebPage","@id":"https:\/\/www.daisho.be\/de\/produit\/adidas-military-combat-sporttasche-blau-camo-silber\/","url":"https:\/\/www.daisho.be\/de\/produit\/adidas-military-combat-sporttasche-blau-camo-silber\/","name":"adidas Military Combat Sporttasche Blau Camo\/Silber &#8211; Daisho","isPartOf":{"@id":"https:\/\/www.daisho.be\/de\/#website"},"primaryImageOfPage":{"@id":"https:\/\/www.daisho.be\/de\/produit\/adidas-military-combat-sporttasche-blau-camo-silber\/#primaryimage"},"image":{"@id":"https:\/\/www.daisho.be\/de\/produit\/adidas-military-combat-sporttasche-blau-camo-silber\/#primaryimage"},"thumbnailUrl":"https:\/\/www.daisho.be\/wp-content\/uploads\/2023\/12\/image-35.jpg","datePublished":"2022-02-15T15:28:34+00:00","dateModified":"2025-02-28T10:30:27+00:00","description":"Die Adidas Military Sporttasche passt sich Ihren Bed\u00fcrfnissen an. Sie k\u00f6nnen die Gr\u00f6\u00dfe der Tasche an Ihre Bed\u00fcrfnisse anpassen. Kaufen Sie sie auf www.daisho.be","breadcrumb":{"@id":"https:\/\/www.daisho.be\/de\/produit\/adidas-military-combat-sporttasche-blau-camo-silber\/#breadcrumb"},"inLanguage":"de","potentialAction":[{"@type":"ReadAction","target":["https:\/\/www.daisho.be\/de\/produit\/adidas-military-combat-sporttasche-blau-camo-silber\/"]}]},{"@type":"ImageObject","inLanguage":"de","@id":"https:\/\/www.daisho.be\/de\/produit\/adidas-military-combat-sporttasche-blau-camo-silber\/#primaryimage","url":"https:\/\/www.daisho.be\/wp-content\/uploads\/2023\/12\/image-35.jpg","contentUrl":"https:\/\/www.daisho.be\/wp-content\/uploads\/2023\/12\/image-35.jpg","width":583,"height":580,"caption":"adidas Military Combat Sporttasche Blau Camo\/Silber-1"},{"@type":"BreadcrumbList","@id":"https:\/\/www.daisho.be\/de\/produit\/adidas-military-combat-sporttasche-blau-camo-silber\/#breadcrumb","itemListElement":[{"@type":"ListItem","position":1,"name":"Accueil","item":"https:\/\/www.daisho.be\/de\/"},{"@type":"ListItem","position":2,"name":"Produkte","item":"https:\/\/www.daisho.be\/de\/produkte\/"},{"@type":"ListItem","position":3,"name":"ADIDAS COMBAT SPORTS","item":"https:\/\/www.daisho.be\/de\/categorie-produit\/adidas-combat-sports-de\/"},{"@type":"ListItem","position":4,"name":"Karate","item":"https:\/\/www.daisho.be\/de\/categorie-produit\/adidas-combat-sports-de\/karate-de\/"},{"@type":"ListItem","position":5,"name":"Karate Tasche Adidas","item":"https:\/\/www.daisho.be\/de\/categorie-produit\/adidas-combat-sports-de\/karate-de\/karate-tasche-adidas\/"},{"@type":"ListItem","position":6,"name":"adidas Military Combat Sporttasche Blau Camo\/Silber"}]},{"@type":"WebSite","@id":"https:\/\/www.daisho.be\/de\/#website","url":"https:\/\/www.daisho.be\/de\/","name":"Daisho","description":"Sp&eacute;cialiste de l'&eacute;quipement sportif d'arts martiaux","publisher":{"@id":"https:\/\/www.daisho.be\/de\/#organization"},"potentialAction":[{"@type":"SearchAction","target":{"@type":"EntryPoint","urlTemplate":"https:\/\/www.daisho.be\/de\/?s={search_term_string}"},"query-input":{"@type":"PropertyValueSpecification","valueRequired":true,"valueName":"search_term_string"}}],"inLanguage":"de"},{"@type":"Organization","@id":"https:\/\/www.daisho.be\/de\/#organization","name":"Daisho","url":"https:\/\/www.daisho.be\/de\/","logo":{"@type":"ImageObject","inLanguage":"de","@id":"https:\/\/www.daisho.be\/de\/#\/schema\/logo\/image\/","url":"https:\/\/www.daisho.be\/wp-content\/uploads\/2019\/07\/color-nothing-horizontale4x-e1564486100247.png","contentUrl":"https:\/\/www.daisho.be\/wp-content\/uploads\/2019\/07\/color-nothing-horizontale4x-e1564486100247.png","width":1547,"height":385,"caption":"Daisho"},"image":{"@id":"https:\/\/www.daisho.be\/de\/#\/schema\/logo\/image\/"}}]}},"_links":{"self":[{"href":"https:\/\/www.daisho.be\/de\/wp-json\/wp\/v2\/product\/459454","targetHints":{"allow":["GET"]}}],"collection":[{"href":"https:\/\/www.daisho.be\/de\/wp-json\/wp\/v2\/product"}],"about":[{"href":"https:\/\/www.daisho.be\/de\/wp-json\/wp\/v2\/types\/product"}],"replies":[{"embeddable":true,"href":"https:\/\/www.daisho.be\/de\/wp-json\/wp\/v2\/comments?post=459454"}],"wp:featuredmedia":[{"embeddable":true,"href":"https:\/\/www.daisho.be\/de\/wp-json\/wp\/v2\/media\/459459"}],"wp:attachment":[{"href":"https:\/\/www.daisho.be\/de\/wp-json\/wp\/v2\/media?parent=459454"}],"wp:term":[{"taxonomy":"product_brand","embeddable":true,"href":"https:\/\/www.daisho.be\/de\/wp-json\/wp\/v2\/product_brand?post=459454"},{"taxonomy":"product_cat","embeddable":true,"href":"https:\/\/www.daisho.be\/de\/wp-json\/wp\/v2\/product_cat?post=459454"},{"taxonomy":"product_tag","embeddable":true,"href":"https:\/\/www.daisho.be\/de\/wp-json\/wp\/v2\/product_tag?post=459454"},{"taxonomy":"sport","embeddable":true,"href":"https:\/\/www.daisho.be\/de\/wp-json\/wp\/v2\/sport?post=459454"}],"curies":[{"name":"wp","href":"https:\/\/api.w.org\/{rel}","templated":true}]}}