{"id":459432,"date":"2022-02-15T16:38:09","date_gmt":"2022-02-15T15:38:09","guid":{"rendered":"https:\/\/www.daisho.be\/produit\/adidas-micro-diamond-thai-boxing-shorts-gelb-blau\/"},"modified":"2025-02-28T11:29:15","modified_gmt":"2025-02-28T10:29:15","slug":"adidas-micro-diamond-thai-boxing-shorts-gelb-blau","status":"publish","type":"product","link":"https:\/\/www.daisho.be\/de\/produit\/adidas-micro-diamond-thai-boxing-shorts-gelb-blau\/","title":{"rendered":"adidas Micro Diamond Thai Boxing Shorts Gelb\/Blau"},"content":{"rendered":"<p>Diese adidas Shorts sind aus Mikrodiamant gefertigt, der sehr atmungsaktiv und feuchtigkeitsableitend ist. Leicht und innovativ auf dem Markt.  Nicht vergleichbar mit dem Standard-Satin der meisten anderen Shorts. Die Shorts haben einen Schlitz, der die perfekte Bewegungsfreiheit gew\u00e4hrleistet, die Sie w\u00e4hrend des Trainings ben\u00f6tigen. Die Shorts haben ein breites Gummiband und Schn\u00fcre auf der Innenseite, um die Shorts noch enger zu machen.<br \/>\nDie Shorts sind f\u00fcr Muay Thai, K1 und Kickboxen geeignet.<br \/>\nVorteile:<br \/>\n&#8211; aus Micro Diamond<br \/>\n&#8211; viel Bewegungsfreiheit<br \/>\n&#8211; robust und langlebig<\/p>\n","protected":false},"excerpt":{"rendered":"<p>Diese adidas Shorts sind aus Mikrodiamant gefertigt, der sehr atmungsaktiv und feuchtigkeitsableitend ist. Leicht und innovativ auf dem Markt. Nicht vergleichbar mit dem Standard-Satin der meisten anderen Shorts. Die Shorts haben einen Schlitz, der die perfekte Bewegungsfreiheit gew\u00e4hrleistet, die Sie w\u00e4hrend des Trainings ben\u00f6tigen. Die Shorts haben ein breites Gummiband und Schn\u00fcre auf der Innenseite, [&hellip;]<\/p>\n","protected":false},"featured_media":485680,"comment_status":"open","ping_status":"closed","template":"","meta":{"inline_featured_image":false},"product_brand":[],"product_cat":[2305,2284],"product_tag":[2178],"sport":[],"class_list":{"0":"post-459432","1":"product","2":"type-product","3":"status-publish","4":"has-post-thumbnail","6":"product_cat-adidas-kleidung-fur-muay-thai","7":"product_cat-adidas-kleidung-fur-das-boxen","8":"product_tag-adidas-de","9":"pa_size-l","10":"pa_size-m","11":"pa_size-s","12":"pa_size-xl","13":"pa_size-xs","14":"pa_size-xxl","15":"pa_size-xxs","17":"first","18":"instock","19":"taxable","20":"shipping-taxable","21":"purchasable","22":"product-type-variable"},"yoast_head":"<!-- This site is optimized with the Yoast SEO plugin v27.2 - https:\/\/yoast.com\/product\/yoast-seo-wordpress\/ -->\n<title>adidas Micro Diamond Thai Boxing Shorts Gelb\/Blau &#8211; Daisho<\/title>\n<meta name=\"description\" content=\"Die Adidas Thai Boxing Shorts sind aus Mikrodiamanten gefertigt, die sehr atmungsaktiv sind und Feuchtigkeit ableiten. Kaufen Sie sie auf unserer Webseite www.daisho.be|Daisho\" \/>\n<meta name=\"robots\" content=\"index, follow, max-snippet:-1, max-image-preview:large, max-video-preview:-1\" \/>\n<link rel=\"canonical\" href=\"https:\/\/www.daisho.be\/de\/produit\/adidas-micro-diamond-thai-boxing-shorts-gelb-blau\/\" \/>\n<meta property=\"og:locale\" content=\"de_DE\" \/>\n<meta property=\"og:type\" content=\"article\" \/>\n<meta property=\"og:title\" content=\"adidas Micro Diamond Thai Boxing Shorts Gelb\/Blau &#8211; Daisho\" \/>\n<meta property=\"og:description\" content=\"Die Adidas Thai Boxing Shorts sind aus Mikrodiamanten gefertigt, die sehr atmungsaktiv sind und Feuchtigkeit ableiten. Kaufen Sie sie auf unserer Webseite www.daisho.be|Daisho\" \/>\n<meta property=\"og:url\" content=\"https:\/\/www.daisho.be\/de\/produit\/adidas-micro-diamond-thai-boxing-shorts-gelb-blau\/\" \/>\n<meta property=\"og:site_name\" content=\"Daisho\" \/>\n<meta property=\"article:modified_time\" content=\"2025-02-28T10:29:15+00:00\" \/>\n<meta property=\"og:image\" content=\"https:\/\/www.daisho.be\/wp-content\/uploads\/2025\/01\/image-20.jpg\" \/>\n\t<meta property=\"og:image:width\" content=\"650\" \/>\n\t<meta property=\"og:image:height\" content=\"650\" \/>\n\t<meta property=\"og:image:type\" content=\"image\/jpeg\" \/>\n<meta name=\"twitter:card\" content=\"summary_large_image\" \/>\n<script type=\"application\/ld+json\" class=\"yoast-schema-graph\">{\"@context\":\"https:\/\/schema.org\",\"@graph\":[{\"@type\":\"WebPage\",\"@id\":\"https:\/\/www.daisho.be\/de\/produit\/adidas-micro-diamond-thai-boxing-shorts-gelb-blau\/\",\"url\":\"https:\/\/www.daisho.be\/de\/produit\/adidas-micro-diamond-thai-boxing-shorts-gelb-blau\/\",\"name\":\"adidas Micro Diamond Thai Boxing Shorts Gelb\/Blau &#8211; Daisho\",\"isPartOf\":{\"@id\":\"https:\/\/www.daisho.be\/de\/#website\"},\"primaryImageOfPage\":{\"@id\":\"https:\/\/www.daisho.be\/de\/produit\/adidas-micro-diamond-thai-boxing-shorts-gelb-blau\/#primaryimage\"},\"image\":{\"@id\":\"https:\/\/www.daisho.be\/de\/produit\/adidas-micro-diamond-thai-boxing-shorts-gelb-blau\/#primaryimage\"},\"thumbnailUrl\":\"https:\/\/www.daisho.be\/wp-content\/uploads\/2025\/01\/image-20.jpg\",\"datePublished\":\"2022-02-15T15:38:09+00:00\",\"dateModified\":\"2025-02-28T10:29:15+00:00\",\"description\":\"Die Adidas Thai Boxing Shorts sind aus Mikrodiamanten gefertigt, die sehr atmungsaktiv sind und Feuchtigkeit ableiten. Kaufen Sie sie auf unserer Webseite www.daisho.be|Daisho\",\"breadcrumb\":{\"@id\":\"https:\/\/www.daisho.be\/de\/produit\/adidas-micro-diamond-thai-boxing-shorts-gelb-blau\/#breadcrumb\"},\"inLanguage\":\"de\",\"potentialAction\":[{\"@type\":\"ReadAction\",\"target\":[\"https:\/\/www.daisho.be\/de\/produit\/adidas-micro-diamond-thai-boxing-shorts-gelb-blau\/\"]}]},{\"@type\":\"ImageObject\",\"inLanguage\":\"de\",\"@id\":\"https:\/\/www.daisho.be\/de\/produit\/adidas-micro-diamond-thai-boxing-shorts-gelb-blau\/#primaryimage\",\"url\":\"https:\/\/www.daisho.be\/wp-content\/uploads\/2025\/01\/image-20.jpg\",\"contentUrl\":\"https:\/\/www.daisho.be\/wp-content\/uploads\/2025\/01\/image-20.jpg\",\"width\":650,\"height\":650,\"caption\":\"adidas Micro Diamond Thai Boxing Shorts Gelb\/Blau-1\"},{\"@type\":\"BreadcrumbList\",\"@id\":\"https:\/\/www.daisho.be\/de\/produit\/adidas-micro-diamond-thai-boxing-shorts-gelb-blau\/#breadcrumb\",\"itemListElement\":[{\"@type\":\"ListItem\",\"position\":1,\"name\":\"Accueil\",\"item\":\"https:\/\/www.daisho.be\/de\/\"},{\"@type\":\"ListItem\",\"position\":2,\"name\":\"Produkte\",\"item\":\"https:\/\/www.daisho.be\/de\/produkte\/\"},{\"@type\":\"ListItem\",\"position\":3,\"name\":\"ADIDAS COMBAT SPORTS\",\"item\":\"https:\/\/www.daisho.be\/de\/categorie-produit\/adidas-combat-sports-de\/\"},{\"@type\":\"ListItem\",\"position\":4,\"name\":\"Muay Thai\",\"item\":\"https:\/\/www.daisho.be\/de\/categorie-produit\/adidas-combat-sports-de\/muay-thai-de\/\"},{\"@type\":\"ListItem\",\"position\":5,\"name\":\"Adidas Kleidung f\u00fcr Muay Thai\",\"item\":\"https:\/\/www.daisho.be\/de\/categorie-produit\/adidas-combat-sports-de\/muay-thai-de\/adidas-kleidung-fur-muay-thai\/\"},{\"@type\":\"ListItem\",\"position\":6,\"name\":\"adidas Micro Diamond Thai Boxing Shorts Gelb\/Blau\"}]},{\"@type\":\"WebSite\",\"@id\":\"https:\/\/www.daisho.be\/de\/#website\",\"url\":\"https:\/\/www.daisho.be\/de\/\",\"name\":\"Daisho\",\"description\":\"Sp&eacute;cialiste de l'&eacute;quipement sportif d'arts martiaux\",\"publisher\":{\"@id\":\"https:\/\/www.daisho.be\/de\/#organization\"},\"potentialAction\":[{\"@type\":\"SearchAction\",\"target\":{\"@type\":\"EntryPoint\",\"urlTemplate\":\"https:\/\/www.daisho.be\/de\/?s={search_term_string}\"},\"query-input\":{\"@type\":\"PropertyValueSpecification\",\"valueRequired\":true,\"valueName\":\"search_term_string\"}}],\"inLanguage\":\"de\"},{\"@type\":\"Organization\",\"@id\":\"https:\/\/www.daisho.be\/de\/#organization\",\"name\":\"Daisho\",\"url\":\"https:\/\/www.daisho.be\/de\/\",\"logo\":{\"@type\":\"ImageObject\",\"inLanguage\":\"de\",\"@id\":\"https:\/\/www.daisho.be\/de\/#\/schema\/logo\/image\/\",\"url\":\"https:\/\/www.daisho.be\/wp-content\/uploads\/2019\/07\/color-nothing-horizontale4x-e1564486100247.png\",\"contentUrl\":\"https:\/\/www.daisho.be\/wp-content\/uploads\/2019\/07\/color-nothing-horizontale4x-e1564486100247.png\",\"width\":1547,\"height\":385,\"caption\":\"Daisho\"},\"image\":{\"@id\":\"https:\/\/www.daisho.be\/de\/#\/schema\/logo\/image\/\"}}]}<\/script>\n<!-- \/ Yoast SEO plugin. -->","yoast_head_json":{"title":"adidas Micro Diamond Thai Boxing Shorts Gelb\/Blau &#8211; Daisho","description":"Die Adidas Thai Boxing Shorts sind aus Mikrodiamanten gefertigt, die sehr atmungsaktiv sind und Feuchtigkeit ableiten. Kaufen Sie sie auf unserer Webseite www.daisho.be|Daisho","robots":{"index":"index","follow":"follow","max-snippet":"max-snippet:-1","max-image-preview":"max-image-preview:large","max-video-preview":"max-video-preview:-1"},"canonical":"https:\/\/www.daisho.be\/de\/produit\/adidas-micro-diamond-thai-boxing-shorts-gelb-blau\/","og_locale":"de_DE","og_type":"article","og_title":"adidas Micro Diamond Thai Boxing Shorts Gelb\/Blau &#8211; Daisho","og_description":"Die Adidas Thai Boxing Shorts sind aus Mikrodiamanten gefertigt, die sehr atmungsaktiv sind und Feuchtigkeit ableiten. Kaufen Sie sie auf unserer Webseite www.daisho.be|Daisho","og_url":"https:\/\/www.daisho.be\/de\/produit\/adidas-micro-diamond-thai-boxing-shorts-gelb-blau\/","og_site_name":"Daisho","article_modified_time":"2025-02-28T10:29:15+00:00","og_image":[{"width":650,"height":650,"url":"https:\/\/www.daisho.be\/wp-content\/uploads\/2025\/01\/image-20.jpg","type":"image\/jpeg"}],"twitter_card":"summary_large_image","schema":{"@context":"https:\/\/schema.org","@graph":[{"@type":"WebPage","@id":"https:\/\/www.daisho.be\/de\/produit\/adidas-micro-diamond-thai-boxing-shorts-gelb-blau\/","url":"https:\/\/www.daisho.be\/de\/produit\/adidas-micro-diamond-thai-boxing-shorts-gelb-blau\/","name":"adidas Micro Diamond Thai Boxing Shorts Gelb\/Blau &#8211; Daisho","isPartOf":{"@id":"https:\/\/www.daisho.be\/de\/#website"},"primaryImageOfPage":{"@id":"https:\/\/www.daisho.be\/de\/produit\/adidas-micro-diamond-thai-boxing-shorts-gelb-blau\/#primaryimage"},"image":{"@id":"https:\/\/www.daisho.be\/de\/produit\/adidas-micro-diamond-thai-boxing-shorts-gelb-blau\/#primaryimage"},"thumbnailUrl":"https:\/\/www.daisho.be\/wp-content\/uploads\/2025\/01\/image-20.jpg","datePublished":"2022-02-15T15:38:09+00:00","dateModified":"2025-02-28T10:29:15+00:00","description":"Die Adidas Thai Boxing Shorts sind aus Mikrodiamanten gefertigt, die sehr atmungsaktiv sind und Feuchtigkeit ableiten. Kaufen Sie sie auf unserer Webseite www.daisho.be|Daisho","breadcrumb":{"@id":"https:\/\/www.daisho.be\/de\/produit\/adidas-micro-diamond-thai-boxing-shorts-gelb-blau\/#breadcrumb"},"inLanguage":"de","potentialAction":[{"@type":"ReadAction","target":["https:\/\/www.daisho.be\/de\/produit\/adidas-micro-diamond-thai-boxing-shorts-gelb-blau\/"]}]},{"@type":"ImageObject","inLanguage":"de","@id":"https:\/\/www.daisho.be\/de\/produit\/adidas-micro-diamond-thai-boxing-shorts-gelb-blau\/#primaryimage","url":"https:\/\/www.daisho.be\/wp-content\/uploads\/2025\/01\/image-20.jpg","contentUrl":"https:\/\/www.daisho.be\/wp-content\/uploads\/2025\/01\/image-20.jpg","width":650,"height":650,"caption":"adidas Micro Diamond Thai Boxing Shorts Gelb\/Blau-1"},{"@type":"BreadcrumbList","@id":"https:\/\/www.daisho.be\/de\/produit\/adidas-micro-diamond-thai-boxing-shorts-gelb-blau\/#breadcrumb","itemListElement":[{"@type":"ListItem","position":1,"name":"Accueil","item":"https:\/\/www.daisho.be\/de\/"},{"@type":"ListItem","position":2,"name":"Produkte","item":"https:\/\/www.daisho.be\/de\/produkte\/"},{"@type":"ListItem","position":3,"name":"ADIDAS COMBAT SPORTS","item":"https:\/\/www.daisho.be\/de\/categorie-produit\/adidas-combat-sports-de\/"},{"@type":"ListItem","position":4,"name":"Muay Thai","item":"https:\/\/www.daisho.be\/de\/categorie-produit\/adidas-combat-sports-de\/muay-thai-de\/"},{"@type":"ListItem","position":5,"name":"Adidas Kleidung f\u00fcr Muay Thai","item":"https:\/\/www.daisho.be\/de\/categorie-produit\/adidas-combat-sports-de\/muay-thai-de\/adidas-kleidung-fur-muay-thai\/"},{"@type":"ListItem","position":6,"name":"adidas Micro Diamond Thai Boxing Shorts Gelb\/Blau"}]},{"@type":"WebSite","@id":"https:\/\/www.daisho.be\/de\/#website","url":"https:\/\/www.daisho.be\/de\/","name":"Daisho","description":"Sp&eacute;cialiste de l'&eacute;quipement sportif d'arts martiaux","publisher":{"@id":"https:\/\/www.daisho.be\/de\/#organization"},"potentialAction":[{"@type":"SearchAction","target":{"@type":"EntryPoint","urlTemplate":"https:\/\/www.daisho.be\/de\/?s={search_term_string}"},"query-input":{"@type":"PropertyValueSpecification","valueRequired":true,"valueName":"search_term_string"}}],"inLanguage":"de"},{"@type":"Organization","@id":"https:\/\/www.daisho.be\/de\/#organization","name":"Daisho","url":"https:\/\/www.daisho.be\/de\/","logo":{"@type":"ImageObject","inLanguage":"de","@id":"https:\/\/www.daisho.be\/de\/#\/schema\/logo\/image\/","url":"https:\/\/www.daisho.be\/wp-content\/uploads\/2019\/07\/color-nothing-horizontale4x-e1564486100247.png","contentUrl":"https:\/\/www.daisho.be\/wp-content\/uploads\/2019\/07\/color-nothing-horizontale4x-e1564486100247.png","width":1547,"height":385,"caption":"Daisho"},"image":{"@id":"https:\/\/www.daisho.be\/de\/#\/schema\/logo\/image\/"}}]}},"_links":{"self":[{"href":"https:\/\/www.daisho.be\/de\/wp-json\/wp\/v2\/product\/459432","targetHints":{"allow":["GET"]}}],"collection":[{"href":"https:\/\/www.daisho.be\/de\/wp-json\/wp\/v2\/product"}],"about":[{"href":"https:\/\/www.daisho.be\/de\/wp-json\/wp\/v2\/types\/product"}],"replies":[{"embeddable":true,"href":"https:\/\/www.daisho.be\/de\/wp-json\/wp\/v2\/comments?post=459432"}],"wp:featuredmedia":[{"embeddable":true,"href":"https:\/\/www.daisho.be\/de\/wp-json\/wp\/v2\/media\/485680"}],"wp:attachment":[{"href":"https:\/\/www.daisho.be\/de\/wp-json\/wp\/v2\/media?parent=459432"}],"wp:term":[{"taxonomy":"product_brand","embeddable":true,"href":"https:\/\/www.daisho.be\/de\/wp-json\/wp\/v2\/product_brand?post=459432"},{"taxonomy":"product_cat","embeddable":true,"href":"https:\/\/www.daisho.be\/de\/wp-json\/wp\/v2\/product_cat?post=459432"},{"taxonomy":"product_tag","embeddable":true,"href":"https:\/\/www.daisho.be\/de\/wp-json\/wp\/v2\/product_tag?post=459432"},{"taxonomy":"sport","embeddable":true,"href":"https:\/\/www.daisho.be\/de\/wp-json\/wp\/v2\/sport?post=459432"}],"curies":[{"name":"wp","href":"https:\/\/api.w.org\/{rel}","templated":true}]}}