{"id":459390,"date":"2022-02-22T13:51:05","date_gmt":"2022-02-22T12:51:05","guid":{"rendered":"https:\/\/www.daisho.be\/produit\/helm-mit-visier\/"},"modified":"2026-03-10T15:29:49","modified_gmt":"2026-03-10T14:29:49","slug":"helm-mit-visier","status":"publish","type":"product","link":"https:\/\/www.daisho.be\/de\/produit\/helm-mit-visier\/","title":{"rendered":"Helm mit Visier"},"content":{"rendered":"<p>Dieser Helm wurde f\u00fcr das Waffentraining entwickelt.<br \/>\nEr bietet optimalen Schutz f\u00fcr den gesamten Kopf.<br \/>\nDas Visier gibt Ihnen eine gute Sicht.<br \/>\nMit zus\u00e4tzlichem, verst\u00e4rktem Kinnschutz.<br \/>\nEs gibt auch ein Polster auf dem Oberkopf.<\/p>\n<p>Material: Kopfschutz aus Kunstleder, Visier aus Plexiglas.<br \/>\nErh\u00e4ltlich in den Gr\u00f6\u00dfen M, L, XL.<br \/>\nMit Wangenknochenschutz.<br \/>\nKopfumfang:<br \/>\nM passt zu ca. 53-56 cm<br \/>\nL passt zu ca. 55-58 cm<br \/>\nXL passt zu ca. 57-59 cm.<\/p>\n","protected":false},"excerpt":{"rendered":"<p>Dieser Helm wurde f\u00fcr das Waffentraining entwickelt. Er bietet optimalen Schutz f\u00fcr den gesamten Kopf. Das Visier gibt Ihnen eine gute Sicht. Mit zus\u00e4tzlichem, verst\u00e4rktem Kinnschutz. Es gibt auch ein Polster auf dem Oberkopf. Material: Kopfschutz aus Kunstleder, Visier aus Plexiglas. Erh\u00e4ltlich in den Gr\u00f6\u00dfen M, L, XL. Mit Wangenknochenschutz. Kopfumfang: M passt zu ca. [&hellip;]<\/p>\n","protected":false},"featured_media":459392,"comment_status":"open","ping_status":"closed","template":"","meta":{"inline_featured_image":false},"product_brand":[],"product_cat":[2062,2051,2160],"product_tag":[2158],"sport":[],"class_list":{"0":"post-459390","1":"product","2":"type-product","3":"status-publish","4":"has-post-thumbnail","6":"product_cat-karate-schutzkleidung","7":"product_cat-schutz","8":"product_cat-schutzer-fur-kendo-und-iaido","9":"product_tag-s-b-j-de","10":"pa_size-l","11":"pa_size-m","12":"pa_size-xl","14":"first","15":"instock","16":"sale","17":"taxable","18":"shipping-taxable","19":"purchasable","20":"product-type-variable"},"yoast_head":"<!-- This site is optimized with the Yoast SEO plugin v27.2 - https:\/\/yoast.com\/product\/yoast-seo-wordpress\/ -->\n<title>Helm mit Visier &#8211; Daisho<\/title>\n<meta name=\"description\" content=\"Helm mit Visier f\u00fcr das Nahkampftraining oder das Training von Spezialeinheiten. | Finden Sie ihn in unserem Daisho-Shop.\" \/>\n<meta name=\"robots\" content=\"index, follow, max-snippet:-1, max-image-preview:large, max-video-preview:-1\" \/>\n<link rel=\"canonical\" href=\"https:\/\/www.daisho.be\/de\/produit\/helm-mit-visier\/\" \/>\n<meta property=\"og:locale\" content=\"de_DE\" \/>\n<meta property=\"og:type\" content=\"article\" \/>\n<meta property=\"og:title\" content=\"Helm mit Visier &#8211; Daisho\" \/>\n<meta property=\"og:description\" content=\"Helm mit Visier f\u00fcr das Nahkampftraining oder das Training von Spezialeinheiten. | Finden Sie ihn in unserem Daisho-Shop.\" \/>\n<meta property=\"og:url\" content=\"https:\/\/www.daisho.be\/de\/produit\/helm-mit-visier\/\" \/>\n<meta property=\"og:site_name\" content=\"Daisho\" \/>\n<meta property=\"article:modified_time\" content=\"2026-03-10T14:29:49+00:00\" \/>\n<meta property=\"og:image\" content=\"https:\/\/www.daisho.be\/wp-content\/uploads\/2024\/01\/image-95.jpg\" \/>\n\t<meta property=\"og:image:width\" content=\"1200\" \/>\n\t<meta property=\"og:image:height\" content=\"1113\" \/>\n\t<meta property=\"og:image:type\" content=\"image\/jpeg\" \/>\n<meta name=\"twitter:card\" content=\"summary_large_image\" \/>\n<script type=\"application\/ld+json\" class=\"yoast-schema-graph\">{\"@context\":\"https:\/\/schema.org\",\"@graph\":[{\"@type\":\"WebPage\",\"@id\":\"https:\/\/www.daisho.be\/de\/produit\/helm-mit-visier\/\",\"url\":\"https:\/\/www.daisho.be\/de\/produit\/helm-mit-visier\/\",\"name\":\"Helm mit Visier &#8211; Daisho\",\"isPartOf\":{\"@id\":\"https:\/\/www.daisho.be\/de\/#website\"},\"primaryImageOfPage\":{\"@id\":\"https:\/\/www.daisho.be\/de\/produit\/helm-mit-visier\/#primaryimage\"},\"image\":{\"@id\":\"https:\/\/www.daisho.be\/de\/produit\/helm-mit-visier\/#primaryimage\"},\"thumbnailUrl\":\"https:\/\/www.daisho.be\/wp-content\/uploads\/2024\/01\/image-95.jpg\",\"datePublished\":\"2022-02-22T12:51:05+00:00\",\"dateModified\":\"2026-03-10T14:29:49+00:00\",\"description\":\"Helm mit Visier f\u00fcr das Nahkampftraining oder das Training von Spezialeinheiten. | Finden Sie ihn in unserem Daisho-Shop.\",\"breadcrumb\":{\"@id\":\"https:\/\/www.daisho.be\/de\/produit\/helm-mit-visier\/#breadcrumb\"},\"inLanguage\":\"de\",\"potentialAction\":[{\"@type\":\"ReadAction\",\"target\":[\"https:\/\/www.daisho.be\/de\/produit\/helm-mit-visier\/\"]}]},{\"@type\":\"ImageObject\",\"inLanguage\":\"de\",\"@id\":\"https:\/\/www.daisho.be\/de\/produit\/helm-mit-visier\/#primaryimage\",\"url\":\"https:\/\/www.daisho.be\/wp-content\/uploads\/2024\/01\/image-95.jpg\",\"contentUrl\":\"https:\/\/www.daisho.be\/wp-content\/uploads\/2024\/01\/image-95.jpg\",\"width\":1200,\"height\":1113,\"caption\":\"Kopfh\u00f6rer mit Visier-1\"},{\"@type\":\"BreadcrumbList\",\"@id\":\"https:\/\/www.daisho.be\/de\/produit\/helm-mit-visier\/#breadcrumb\",\"itemListElement\":[{\"@type\":\"ListItem\",\"position\":1,\"name\":\"Accueil\",\"item\":\"https:\/\/www.daisho.be\/de\/\"},{\"@type\":\"ListItem\",\"position\":2,\"name\":\"Produkte\",\"item\":\"https:\/\/www.daisho.be\/de\/produkte\/\"},{\"@type\":\"ListItem\",\"position\":3,\"name\":\"Ausr\u00fcstung und Kleidung f\u00fcr Kampfkunst und Kampfsport\",\"item\":\"https:\/\/www.daisho.be\/de\/categorie-produit\/ausrustung-und-kleidung-fur-kampfkunst-und-kampfsport\/\"},{\"@type\":\"ListItem\",\"position\":4,\"name\":\"Karate\",\"item\":\"https:\/\/www.daisho.be\/de\/categorie-produit\/ausrustung-und-kleidung-fur-kampfkunst-und-kampfsport\/karate-de-2\/\"},{\"@type\":\"ListItem\",\"position\":5,\"name\":\"Karate-Schutzkleidung\",\"item\":\"https:\/\/www.daisho.be\/de\/categorie-produit\/ausrustung-und-kleidung-fur-kampfkunst-und-kampfsport\/karate-de-2\/karate-schutzkleidung\/\"},{\"@type\":\"ListItem\",\"position\":6,\"name\":\"Helm mit Visier\"}]},{\"@type\":\"WebSite\",\"@id\":\"https:\/\/www.daisho.be\/de\/#website\",\"url\":\"https:\/\/www.daisho.be\/de\/\",\"name\":\"Daisho\",\"description\":\"Sp&eacute;cialiste de l'&eacute;quipement sportif d'arts martiaux\",\"publisher\":{\"@id\":\"https:\/\/www.daisho.be\/de\/#organization\"},\"potentialAction\":[{\"@type\":\"SearchAction\",\"target\":{\"@type\":\"EntryPoint\",\"urlTemplate\":\"https:\/\/www.daisho.be\/de\/?s={search_term_string}\"},\"query-input\":{\"@type\":\"PropertyValueSpecification\",\"valueRequired\":true,\"valueName\":\"search_term_string\"}}],\"inLanguage\":\"de\"},{\"@type\":\"Organization\",\"@id\":\"https:\/\/www.daisho.be\/de\/#organization\",\"name\":\"Daisho\",\"url\":\"https:\/\/www.daisho.be\/de\/\",\"logo\":{\"@type\":\"ImageObject\",\"inLanguage\":\"de\",\"@id\":\"https:\/\/www.daisho.be\/de\/#\/schema\/logo\/image\/\",\"url\":\"https:\/\/www.daisho.be\/wp-content\/uploads\/2019\/07\/color-nothing-horizontale4x-e1564486100247.png\",\"contentUrl\":\"https:\/\/www.daisho.be\/wp-content\/uploads\/2019\/07\/color-nothing-horizontale4x-e1564486100247.png\",\"width\":1547,\"height\":385,\"caption\":\"Daisho\"},\"image\":{\"@id\":\"https:\/\/www.daisho.be\/de\/#\/schema\/logo\/image\/\"}}]}<\/script>\n<!-- \/ Yoast SEO plugin. -->","yoast_head_json":{"title":"Helm mit Visier &#8211; Daisho","description":"Helm mit Visier f\u00fcr das Nahkampftraining oder das Training von Spezialeinheiten. | Finden Sie ihn in unserem Daisho-Shop.","robots":{"index":"index","follow":"follow","max-snippet":"max-snippet:-1","max-image-preview":"max-image-preview:large","max-video-preview":"max-video-preview:-1"},"canonical":"https:\/\/www.daisho.be\/de\/produit\/helm-mit-visier\/","og_locale":"de_DE","og_type":"article","og_title":"Helm mit Visier &#8211; Daisho","og_description":"Helm mit Visier f\u00fcr das Nahkampftraining oder das Training von Spezialeinheiten. | Finden Sie ihn in unserem Daisho-Shop.","og_url":"https:\/\/www.daisho.be\/de\/produit\/helm-mit-visier\/","og_site_name":"Daisho","article_modified_time":"2026-03-10T14:29:49+00:00","og_image":[{"width":1200,"height":1113,"url":"https:\/\/www.daisho.be\/wp-content\/uploads\/2024\/01\/image-95.jpg","type":"image\/jpeg"}],"twitter_card":"summary_large_image","schema":{"@context":"https:\/\/schema.org","@graph":[{"@type":"WebPage","@id":"https:\/\/www.daisho.be\/de\/produit\/helm-mit-visier\/","url":"https:\/\/www.daisho.be\/de\/produit\/helm-mit-visier\/","name":"Helm mit Visier &#8211; Daisho","isPartOf":{"@id":"https:\/\/www.daisho.be\/de\/#website"},"primaryImageOfPage":{"@id":"https:\/\/www.daisho.be\/de\/produit\/helm-mit-visier\/#primaryimage"},"image":{"@id":"https:\/\/www.daisho.be\/de\/produit\/helm-mit-visier\/#primaryimage"},"thumbnailUrl":"https:\/\/www.daisho.be\/wp-content\/uploads\/2024\/01\/image-95.jpg","datePublished":"2022-02-22T12:51:05+00:00","dateModified":"2026-03-10T14:29:49+00:00","description":"Helm mit Visier f\u00fcr das Nahkampftraining oder das Training von Spezialeinheiten. | Finden Sie ihn in unserem Daisho-Shop.","breadcrumb":{"@id":"https:\/\/www.daisho.be\/de\/produit\/helm-mit-visier\/#breadcrumb"},"inLanguage":"de","potentialAction":[{"@type":"ReadAction","target":["https:\/\/www.daisho.be\/de\/produit\/helm-mit-visier\/"]}]},{"@type":"ImageObject","inLanguage":"de","@id":"https:\/\/www.daisho.be\/de\/produit\/helm-mit-visier\/#primaryimage","url":"https:\/\/www.daisho.be\/wp-content\/uploads\/2024\/01\/image-95.jpg","contentUrl":"https:\/\/www.daisho.be\/wp-content\/uploads\/2024\/01\/image-95.jpg","width":1200,"height":1113,"caption":"Kopfh\u00f6rer mit Visier-1"},{"@type":"BreadcrumbList","@id":"https:\/\/www.daisho.be\/de\/produit\/helm-mit-visier\/#breadcrumb","itemListElement":[{"@type":"ListItem","position":1,"name":"Accueil","item":"https:\/\/www.daisho.be\/de\/"},{"@type":"ListItem","position":2,"name":"Produkte","item":"https:\/\/www.daisho.be\/de\/produkte\/"},{"@type":"ListItem","position":3,"name":"Ausr\u00fcstung und Kleidung f\u00fcr Kampfkunst und Kampfsport","item":"https:\/\/www.daisho.be\/de\/categorie-produit\/ausrustung-und-kleidung-fur-kampfkunst-und-kampfsport\/"},{"@type":"ListItem","position":4,"name":"Karate","item":"https:\/\/www.daisho.be\/de\/categorie-produit\/ausrustung-und-kleidung-fur-kampfkunst-und-kampfsport\/karate-de-2\/"},{"@type":"ListItem","position":5,"name":"Karate-Schutzkleidung","item":"https:\/\/www.daisho.be\/de\/categorie-produit\/ausrustung-und-kleidung-fur-kampfkunst-und-kampfsport\/karate-de-2\/karate-schutzkleidung\/"},{"@type":"ListItem","position":6,"name":"Helm mit Visier"}]},{"@type":"WebSite","@id":"https:\/\/www.daisho.be\/de\/#website","url":"https:\/\/www.daisho.be\/de\/","name":"Daisho","description":"Sp&eacute;cialiste de l'&eacute;quipement sportif d'arts martiaux","publisher":{"@id":"https:\/\/www.daisho.be\/de\/#organization"},"potentialAction":[{"@type":"SearchAction","target":{"@type":"EntryPoint","urlTemplate":"https:\/\/www.daisho.be\/de\/?s={search_term_string}"},"query-input":{"@type":"PropertyValueSpecification","valueRequired":true,"valueName":"search_term_string"}}],"inLanguage":"de"},{"@type":"Organization","@id":"https:\/\/www.daisho.be\/de\/#organization","name":"Daisho","url":"https:\/\/www.daisho.be\/de\/","logo":{"@type":"ImageObject","inLanguage":"de","@id":"https:\/\/www.daisho.be\/de\/#\/schema\/logo\/image\/","url":"https:\/\/www.daisho.be\/wp-content\/uploads\/2019\/07\/color-nothing-horizontale4x-e1564486100247.png","contentUrl":"https:\/\/www.daisho.be\/wp-content\/uploads\/2019\/07\/color-nothing-horizontale4x-e1564486100247.png","width":1547,"height":385,"caption":"Daisho"},"image":{"@id":"https:\/\/www.daisho.be\/de\/#\/schema\/logo\/image\/"}}]}},"_links":{"self":[{"href":"https:\/\/www.daisho.be\/de\/wp-json\/wp\/v2\/product\/459390","targetHints":{"allow":["GET"]}}],"collection":[{"href":"https:\/\/www.daisho.be\/de\/wp-json\/wp\/v2\/product"}],"about":[{"href":"https:\/\/www.daisho.be\/de\/wp-json\/wp\/v2\/types\/product"}],"replies":[{"embeddable":true,"href":"https:\/\/www.daisho.be\/de\/wp-json\/wp\/v2\/comments?post=459390"}],"wp:featuredmedia":[{"embeddable":true,"href":"https:\/\/www.daisho.be\/de\/wp-json\/wp\/v2\/media\/459392"}],"wp:attachment":[{"href":"https:\/\/www.daisho.be\/de\/wp-json\/wp\/v2\/media?parent=459390"}],"wp:term":[{"taxonomy":"product_brand","embeddable":true,"href":"https:\/\/www.daisho.be\/de\/wp-json\/wp\/v2\/product_brand?post=459390"},{"taxonomy":"product_cat","embeddable":true,"href":"https:\/\/www.daisho.be\/de\/wp-json\/wp\/v2\/product_cat?post=459390"},{"taxonomy":"product_tag","embeddable":true,"href":"https:\/\/www.daisho.be\/de\/wp-json\/wp\/v2\/product_tag?post=459390"},{"taxonomy":"sport","embeddable":true,"href":"https:\/\/www.daisho.be\/de\/wp-json\/wp\/v2\/sport?post=459390"}],"curies":[{"name":"wp","href":"https:\/\/api.w.org\/{rel}","templated":true}]}}