{"id":459379,"date":"2022-03-03T14:31:47","date_gmt":"2022-03-03T13:31:47","guid":{"rendered":"https:\/\/www.daisho.be\/produit\/boxsack-aus-leder-adidas-pro-o-40-cm\/"},"modified":"2025-11-18T14:59:28","modified_gmt":"2025-11-18T13:59:28","slug":"boxsack-aus-leder-adidas-pro-o-40-cm","status":"publish","type":"product","link":"https:\/\/www.daisho.be\/de\/produit\/boxsack-aus-leder-adidas-pro-o-40-cm\/","title":{"rendered":"Boxsack aus Leder adidas Pro \u00d8 40 cm"},"content":{"rendered":"<p>Hochwertiger Leder-Schlagsack f\u00fcr Amateure und Profis.<br \/>\nElegantes Adidas-Logo direkt auf die Tasche gedruckt.<br \/>\nDeckenaufh\u00e4ngung mit vier Ketten und einem mehrdimensionalen Kugelgelenk.<br \/>\nVerst\u00e4rkte Riemen und ein selbstschlie\u00dfender Rei\u00dfverschluss an der Oberseite des Rucksacks sorgen f\u00fcr zus\u00e4tzliche Haltbarkeit.<br \/>\nDieses Zubeh\u00f6r ist nur mit Textilst\u00fccken gef\u00fcllt, um eine perfekte Absorption zu gew\u00e4hrleisten und wurde zu Ihrer Sicherheit mit einem Scanner \u00fcberpr\u00fcft.<br \/>\nDie F\u00fcllung der Boxs\u00e4cke ist so konzipiert, dass sie Ihren Aufprall perfekt absorbiert und Ihre H\u00e4nde und Beine gut gesch\u00fctzt bleiben.<br \/>\nDie Boxs\u00e4cke werden mit einer passenden 4-Punkt-Kette geliefert und sind in sehr robustem, transparentem Kunststoff verpackt.<br \/>\nDer Boxsack ist geeignet f\u00fcr: Kickboxen, Freikampf, traditionelles Boxen, Thaiboxen.<br \/>\nFarbe: Schwarz und Rot.<br \/>\nGewicht :<br \/>\n&#8211; Sack von 120 cm x \u00d8 40 cm = +\/- 35 kg<br \/>\n&#8211; Sack von 150 cm x \u00d8 40 cm = +\/- 45 kg<\/p>\n","protected":false},"excerpt":{"rendered":"<p>Hochwertiger Leder-Schlagsack f\u00fcr Amateure und Profis. Elegantes Adidas-Logo direkt auf die Tasche gedruckt. Deckenaufh\u00e4ngung mit vier Ketten und einem mehrdimensionalen Kugelgelenk. Verst\u00e4rkte Riemen und ein selbstschlie\u00dfender Rei\u00dfverschluss an der Oberseite des Rucksacks sorgen f\u00fcr zus\u00e4tzliche Haltbarkeit. Dieses Zubeh\u00f6r ist nur mit Textilst\u00fccken gef\u00fcllt, um eine perfekte Absorption zu gew\u00e4hrleisten und wurde zu Ihrer Sicherheit mit [&hellip;]<\/p>\n","protected":false},"featured_media":459382,"comment_status":"open","ping_status":"closed","template":"","meta":{"inline_featured_image":false},"product_brand":[],"product_cat":[2279,2252,2278,2251],"product_tag":[2178,2554],"sport":[],"class_list":{"0":"post-459379","1":"product","2":"type-product","3":"status-publish","4":"has-post-thumbnail","6":"product_cat-boxsacke-und-trainingszubehor-de","7":"product_cat-boxsacke-und-trainingszubehor","8":"product_cat-boxsacke-und-trainingszubehor-boxen","9":"product_cat-boxsacke-und-trainingszubehor-karate","10":"product_tag-adidas-de","11":"product_tag-kostenvoranschlag","12":"product_shipping_class-schwere-produkte","13":"pa_size-120-cm","14":"pa_size-150-cm","16":"first","17":"instock","18":"taxable","19":"shipping-taxable","20":"purchasable","21":"product-type-variable"},"yoast_head":"<!-- This site is optimized with the Yoast SEO plugin v27.2 - https:\/\/yoast.com\/product\/yoast-seo-wordpress\/ -->\n<title>Boxsack aus Leder adidas Pro \u00d8 40 cm &#8211; Daisho<\/title>\n<meta name=\"description\" content=\"Der Adidas Boxsack wurde speziell f\u00fcr Ihre Sicherheit entwickelt. Kaufen Sie ihn auf unserer Website www.Daisho.be|Daisho\" \/>\n<meta name=\"robots\" content=\"index, follow, max-snippet:-1, max-image-preview:large, max-video-preview:-1\" \/>\n<link rel=\"canonical\" href=\"https:\/\/www.daisho.be\/de\/produit\/boxsack-aus-leder-adidas-pro-o-40-cm\/\" \/>\n<meta property=\"og:locale\" content=\"de_DE\" \/>\n<meta property=\"og:type\" content=\"article\" \/>\n<meta property=\"og:title\" content=\"Boxsack aus Leder adidas Pro \u00d8 40 cm &#8211; Daisho\" \/>\n<meta property=\"og:description\" content=\"Der Adidas Boxsack wurde speziell f\u00fcr Ihre Sicherheit entwickelt. Kaufen Sie ihn auf unserer Website www.Daisho.be|Daisho\" \/>\n<meta property=\"og:url\" content=\"https:\/\/www.daisho.be\/de\/produit\/boxsack-aus-leder-adidas-pro-o-40-cm\/\" \/>\n<meta property=\"og:site_name\" content=\"Daisho\" \/>\n<meta property=\"article:modified_time\" content=\"2025-11-18T13:59:28+00:00\" \/>\n<meta property=\"og:image\" content=\"https:\/\/www.daisho.be\/wp-content\/uploads\/2024\/08\/image-18.jpg\" \/>\n\t<meta property=\"og:image:width\" content=\"458\" \/>\n\t<meta property=\"og:image:height\" content=\"458\" \/>\n\t<meta property=\"og:image:type\" content=\"image\/jpeg\" \/>\n<meta name=\"twitter:card\" content=\"summary_large_image\" \/>\n<meta name=\"twitter:label1\" content=\"Gesch\u00e4tzte Lesezeit\" \/>\n\t<meta name=\"twitter:data1\" content=\"1\u00a0Minute\" \/>\n<script type=\"application\/ld+json\" class=\"yoast-schema-graph\">{\"@context\":\"https:\/\/schema.org\",\"@graph\":[{\"@type\":\"WebPage\",\"@id\":\"https:\/\/www.daisho.be\/de\/produit\/boxsack-aus-leder-adidas-pro-o-40-cm\/\",\"url\":\"https:\/\/www.daisho.be\/de\/produit\/boxsack-aus-leder-adidas-pro-o-40-cm\/\",\"name\":\"Boxsack aus Leder adidas Pro \u00d8 40 cm &#8211; Daisho\",\"isPartOf\":{\"@id\":\"https:\/\/www.daisho.be\/de\/#website\"},\"primaryImageOfPage\":{\"@id\":\"https:\/\/www.daisho.be\/de\/produit\/boxsack-aus-leder-adidas-pro-o-40-cm\/#primaryimage\"},\"image\":{\"@id\":\"https:\/\/www.daisho.be\/de\/produit\/boxsack-aus-leder-adidas-pro-o-40-cm\/#primaryimage\"},\"thumbnailUrl\":\"https:\/\/www.daisho.be\/wp-content\/uploads\/2024\/08\/image-18.jpg\",\"datePublished\":\"2022-03-03T13:31:47+00:00\",\"dateModified\":\"2025-11-18T13:59:28+00:00\",\"description\":\"Der Adidas Boxsack wurde speziell f\u00fcr Ihre Sicherheit entwickelt. Kaufen Sie ihn auf unserer Website www.Daisho.be|Daisho\",\"breadcrumb\":{\"@id\":\"https:\/\/www.daisho.be\/de\/produit\/boxsack-aus-leder-adidas-pro-o-40-cm\/#breadcrumb\"},\"inLanguage\":\"de\",\"potentialAction\":[{\"@type\":\"ReadAction\",\"target\":[\"https:\/\/www.daisho.be\/de\/produit\/boxsack-aus-leder-adidas-pro-o-40-cm\/\"]}]},{\"@type\":\"ImageObject\",\"inLanguage\":\"de\",\"@id\":\"https:\/\/www.daisho.be\/de\/produit\/boxsack-aus-leder-adidas-pro-o-40-cm\/#primaryimage\",\"url\":\"https:\/\/www.daisho.be\/wp-content\/uploads\/2024\/08\/image-18.jpg\",\"contentUrl\":\"https:\/\/www.daisho.be\/wp-content\/uploads\/2024\/08\/image-18.jpg\",\"width\":458,\"height\":458,\"caption\":\"Boxsack aus Leder adidas Pro \u00d8 40 cm-1\"},{\"@type\":\"BreadcrumbList\",\"@id\":\"https:\/\/www.daisho.be\/de\/produit\/boxsack-aus-leder-adidas-pro-o-40-cm\/#breadcrumb\",\"itemListElement\":[{\"@type\":\"ListItem\",\"position\":1,\"name\":\"Accueil\",\"item\":\"https:\/\/www.daisho.be\/de\/\"},{\"@type\":\"ListItem\",\"position\":2,\"name\":\"Produkte\",\"item\":\"https:\/\/www.daisho.be\/de\/produkte\/\"},{\"@type\":\"ListItem\",\"position\":3,\"name\":\"ADIDAS COMBAT SPORTS\",\"item\":\"https:\/\/www.daisho.be\/de\/categorie-produit\/adidas-combat-sports-de\/\"},{\"@type\":\"ListItem\",\"position\":4,\"name\":\"Kick-Boxing\",\"item\":\"https:\/\/www.daisho.be\/de\/categorie-produit\/adidas-combat-sports-de\/kick-boxing-de\/\"},{\"@type\":\"ListItem\",\"position\":5,\"name\":\"Boxs\u00e4cke und Trainingszubeh\u00f6r\",\"item\":\"https:\/\/www.daisho.be\/de\/categorie-produit\/adidas-combat-sports-de\/kick-boxing-de\/boxsacke-und-trainingszubehor-de\/\"},{\"@type\":\"ListItem\",\"position\":6,\"name\":\"Boxsack aus Leder adidas Pro \u00d8 40 cm\"}]},{\"@type\":\"WebSite\",\"@id\":\"https:\/\/www.daisho.be\/de\/#website\",\"url\":\"https:\/\/www.daisho.be\/de\/\",\"name\":\"Daisho\",\"description\":\"Sp&eacute;cialiste de l'&eacute;quipement sportif d'arts martiaux\",\"publisher\":{\"@id\":\"https:\/\/www.daisho.be\/de\/#organization\"},\"potentialAction\":[{\"@type\":\"SearchAction\",\"target\":{\"@type\":\"EntryPoint\",\"urlTemplate\":\"https:\/\/www.daisho.be\/de\/?s={search_term_string}\"},\"query-input\":{\"@type\":\"PropertyValueSpecification\",\"valueRequired\":true,\"valueName\":\"search_term_string\"}}],\"inLanguage\":\"de\"},{\"@type\":\"Organization\",\"@id\":\"https:\/\/www.daisho.be\/de\/#organization\",\"name\":\"Daisho\",\"url\":\"https:\/\/www.daisho.be\/de\/\",\"logo\":{\"@type\":\"ImageObject\",\"inLanguage\":\"de\",\"@id\":\"https:\/\/www.daisho.be\/de\/#\/schema\/logo\/image\/\",\"url\":\"https:\/\/www.daisho.be\/wp-content\/uploads\/2019\/07\/color-nothing-horizontale4x-e1564486100247.png\",\"contentUrl\":\"https:\/\/www.daisho.be\/wp-content\/uploads\/2019\/07\/color-nothing-horizontale4x-e1564486100247.png\",\"width\":1547,\"height\":385,\"caption\":\"Daisho\"},\"image\":{\"@id\":\"https:\/\/www.daisho.be\/de\/#\/schema\/logo\/image\/\"}}]}<\/script>\n<!-- \/ Yoast SEO plugin. -->","yoast_head_json":{"title":"Boxsack aus Leder adidas Pro \u00d8 40 cm &#8211; Daisho","description":"Der Adidas Boxsack wurde speziell f\u00fcr Ihre Sicherheit entwickelt. Kaufen Sie ihn auf unserer Website www.Daisho.be|Daisho","robots":{"index":"index","follow":"follow","max-snippet":"max-snippet:-1","max-image-preview":"max-image-preview:large","max-video-preview":"max-video-preview:-1"},"canonical":"https:\/\/www.daisho.be\/de\/produit\/boxsack-aus-leder-adidas-pro-o-40-cm\/","og_locale":"de_DE","og_type":"article","og_title":"Boxsack aus Leder adidas Pro \u00d8 40 cm &#8211; Daisho","og_description":"Der Adidas Boxsack wurde speziell f\u00fcr Ihre Sicherheit entwickelt. Kaufen Sie ihn auf unserer Website www.Daisho.be|Daisho","og_url":"https:\/\/www.daisho.be\/de\/produit\/boxsack-aus-leder-adidas-pro-o-40-cm\/","og_site_name":"Daisho","article_modified_time":"2025-11-18T13:59:28+00:00","og_image":[{"width":458,"height":458,"url":"https:\/\/www.daisho.be\/wp-content\/uploads\/2024\/08\/image-18.jpg","type":"image\/jpeg"}],"twitter_card":"summary_large_image","twitter_misc":{"Gesch\u00e4tzte Lesezeit":"1\u00a0Minute"},"schema":{"@context":"https:\/\/schema.org","@graph":[{"@type":"WebPage","@id":"https:\/\/www.daisho.be\/de\/produit\/boxsack-aus-leder-adidas-pro-o-40-cm\/","url":"https:\/\/www.daisho.be\/de\/produit\/boxsack-aus-leder-adidas-pro-o-40-cm\/","name":"Boxsack aus Leder adidas Pro \u00d8 40 cm &#8211; Daisho","isPartOf":{"@id":"https:\/\/www.daisho.be\/de\/#website"},"primaryImageOfPage":{"@id":"https:\/\/www.daisho.be\/de\/produit\/boxsack-aus-leder-adidas-pro-o-40-cm\/#primaryimage"},"image":{"@id":"https:\/\/www.daisho.be\/de\/produit\/boxsack-aus-leder-adidas-pro-o-40-cm\/#primaryimage"},"thumbnailUrl":"https:\/\/www.daisho.be\/wp-content\/uploads\/2024\/08\/image-18.jpg","datePublished":"2022-03-03T13:31:47+00:00","dateModified":"2025-11-18T13:59:28+00:00","description":"Der Adidas Boxsack wurde speziell f\u00fcr Ihre Sicherheit entwickelt. Kaufen Sie ihn auf unserer Website www.Daisho.be|Daisho","breadcrumb":{"@id":"https:\/\/www.daisho.be\/de\/produit\/boxsack-aus-leder-adidas-pro-o-40-cm\/#breadcrumb"},"inLanguage":"de","potentialAction":[{"@type":"ReadAction","target":["https:\/\/www.daisho.be\/de\/produit\/boxsack-aus-leder-adidas-pro-o-40-cm\/"]}]},{"@type":"ImageObject","inLanguage":"de","@id":"https:\/\/www.daisho.be\/de\/produit\/boxsack-aus-leder-adidas-pro-o-40-cm\/#primaryimage","url":"https:\/\/www.daisho.be\/wp-content\/uploads\/2024\/08\/image-18.jpg","contentUrl":"https:\/\/www.daisho.be\/wp-content\/uploads\/2024\/08\/image-18.jpg","width":458,"height":458,"caption":"Boxsack aus Leder adidas Pro \u00d8 40 cm-1"},{"@type":"BreadcrumbList","@id":"https:\/\/www.daisho.be\/de\/produit\/boxsack-aus-leder-adidas-pro-o-40-cm\/#breadcrumb","itemListElement":[{"@type":"ListItem","position":1,"name":"Accueil","item":"https:\/\/www.daisho.be\/de\/"},{"@type":"ListItem","position":2,"name":"Produkte","item":"https:\/\/www.daisho.be\/de\/produkte\/"},{"@type":"ListItem","position":3,"name":"ADIDAS COMBAT SPORTS","item":"https:\/\/www.daisho.be\/de\/categorie-produit\/adidas-combat-sports-de\/"},{"@type":"ListItem","position":4,"name":"Kick-Boxing","item":"https:\/\/www.daisho.be\/de\/categorie-produit\/adidas-combat-sports-de\/kick-boxing-de\/"},{"@type":"ListItem","position":5,"name":"Boxs\u00e4cke und Trainingszubeh\u00f6r","item":"https:\/\/www.daisho.be\/de\/categorie-produit\/adidas-combat-sports-de\/kick-boxing-de\/boxsacke-und-trainingszubehor-de\/"},{"@type":"ListItem","position":6,"name":"Boxsack aus Leder adidas Pro \u00d8 40 cm"}]},{"@type":"WebSite","@id":"https:\/\/www.daisho.be\/de\/#website","url":"https:\/\/www.daisho.be\/de\/","name":"Daisho","description":"Sp&eacute;cialiste de l'&eacute;quipement sportif d'arts martiaux","publisher":{"@id":"https:\/\/www.daisho.be\/de\/#organization"},"potentialAction":[{"@type":"SearchAction","target":{"@type":"EntryPoint","urlTemplate":"https:\/\/www.daisho.be\/de\/?s={search_term_string}"},"query-input":{"@type":"PropertyValueSpecification","valueRequired":true,"valueName":"search_term_string"}}],"inLanguage":"de"},{"@type":"Organization","@id":"https:\/\/www.daisho.be\/de\/#organization","name":"Daisho","url":"https:\/\/www.daisho.be\/de\/","logo":{"@type":"ImageObject","inLanguage":"de","@id":"https:\/\/www.daisho.be\/de\/#\/schema\/logo\/image\/","url":"https:\/\/www.daisho.be\/wp-content\/uploads\/2019\/07\/color-nothing-horizontale4x-e1564486100247.png","contentUrl":"https:\/\/www.daisho.be\/wp-content\/uploads\/2019\/07\/color-nothing-horizontale4x-e1564486100247.png","width":1547,"height":385,"caption":"Daisho"},"image":{"@id":"https:\/\/www.daisho.be\/de\/#\/schema\/logo\/image\/"}}]}},"_links":{"self":[{"href":"https:\/\/www.daisho.be\/de\/wp-json\/wp\/v2\/product\/459379","targetHints":{"allow":["GET"]}}],"collection":[{"href":"https:\/\/www.daisho.be\/de\/wp-json\/wp\/v2\/product"}],"about":[{"href":"https:\/\/www.daisho.be\/de\/wp-json\/wp\/v2\/types\/product"}],"replies":[{"embeddable":true,"href":"https:\/\/www.daisho.be\/de\/wp-json\/wp\/v2\/comments?post=459379"}],"wp:featuredmedia":[{"embeddable":true,"href":"https:\/\/www.daisho.be\/de\/wp-json\/wp\/v2\/media\/459382"}],"wp:attachment":[{"href":"https:\/\/www.daisho.be\/de\/wp-json\/wp\/v2\/media?parent=459379"}],"wp:term":[{"taxonomy":"product_brand","embeddable":true,"href":"https:\/\/www.daisho.be\/de\/wp-json\/wp\/v2\/product_brand?post=459379"},{"taxonomy":"product_cat","embeddable":true,"href":"https:\/\/www.daisho.be\/de\/wp-json\/wp\/v2\/product_cat?post=459379"},{"taxonomy":"product_tag","embeddable":true,"href":"https:\/\/www.daisho.be\/de\/wp-json\/wp\/v2\/product_tag?post=459379"},{"taxonomy":"sport","embeddable":true,"href":"https:\/\/www.daisho.be\/de\/wp-json\/wp\/v2\/sport?post=459379"}],"curies":[{"name":"wp","href":"https:\/\/api.w.org\/{rel}","templated":true}]}}