{"id":459364,"date":"2022-03-03T21:11:43","date_gmt":"2022-03-03T20:11:43","guid":{"rendered":"https:\/\/www.daisho.be\/produit\/boxsack-adidas-schwarz-gold-aus-pu\/"},"modified":"2026-01-20T10:40:07","modified_gmt":"2026-01-20T09:40:07","slug":"boxsack-adidas-schwarz-gold-aus-pu","status":"publish","type":"product","link":"https:\/\/www.daisho.be\/de\/produit\/boxsack-adidas-schwarz-gold-aus-pu\/","title":{"rendered":"Boxsack Adidas schwarz\/gold aus PU"},"content":{"rendered":"<p>Dieser PU-Boxsack von adidas ist eine Augenweide.<br \/>\nDie Boxs\u00e4cke sind sehr fest vern\u00e4ht, um Risse zu vermeiden. Der PU-Boxsack besteht aus zwei Schichten robusten Kunstleders. Dies verleiht dem Boxsack zus\u00e4tzliche Festigkeit und beh\u00e4lt immer seine sch\u00f6ne, elegante Form. Die Boxs\u00e4cke sind mit neu gekauften, geschnittenen Textilien gef\u00fcllt, um Schimmel und Gestank zu vermeiden und um sicherzustellen, dass keine harten Gegenst\u00e4nde wie Metall, Eisen und Steine in die F\u00fcllung gelangen. Der Boxsack wird auch elektronisch auf Eisenpartikel gescannt. Vor allem zu Ihrer Sicherheit.<br \/>\nDie F\u00fcllung der Boxs\u00e4cke ist so zusammengesetzt, dass sie Ihre Schl\u00e4ge perfekt absorbiert und Ihre H\u00e4nde und Beine gut gesch\u00fctzt bleiben.<br \/>\nDer Boxsack ist f\u00fcr Gro\u00df und Klein, f\u00fcr Amateure und Profis geeignet. Er kann sowohl im Fitnessstudio als auch zu Hause verwendet werden. Der Boxsack ist geeignet f\u00fcr Kickboxen, Freikampf, traditionelles Boxen, Thai-Boxen.<br \/>\nWenn Sie den Boxsack als Erwachsener f\u00fcr Kicks und Schl\u00e4ge benutzen wollen, brauchen Sie den 150 cm oder 180 cm Boxsack. Dieser Boxsack wird dann in der richtigen H\u00f6he f\u00fcr Low Kicks und High Kicks aufgeh\u00e4ngt.<br \/>\nH\u00f6he: 150 cm<br \/>\nDurchmesser: 33 cm<br \/>\nGewicht: \u00b1 51 kg<br \/>\nVorteile :<br \/>\n&#8211; stabil und f\u00fcr jeden geeignet<br \/>\n&#8211; sehr sch\u00f6nes Aussehen<br \/>\n&#8211; f\u00fcr den Gebrauch zu Hause und im Fitnessstudio<br \/>\n&#8211; sehr strapazierf\u00e4higes PU<br \/>\n&#8211; gef\u00fcllt mit einer sauberen Textilmischung mit idealer H\u00e4rte<br \/>\n&#8211; sehr fest vern\u00e4ht, um Risse zu vermeiden<br \/>\n&#8211; wird mit einer passenden 4-Punkt-Kette geliefert. <\/p>\n","protected":false},"excerpt":{"rendered":"<p>Dieser PU-Boxsack von adidas ist eine Augenweide. Die Boxs\u00e4cke sind sehr fest vern\u00e4ht, um Risse zu vermeiden. Der PU-Boxsack besteht aus zwei Schichten robusten Kunstleders. Dies verleiht dem Boxsack zus\u00e4tzliche Festigkeit und beh\u00e4lt immer seine sch\u00f6ne, elegante Form. Die Boxs\u00e4cke sind mit neu gekauften, geschnittenen Textilien gef\u00fcllt, um Schimmel und Gestank zu vermeiden und um [&hellip;]<\/p>\n","protected":false},"featured_media":459370,"comment_status":"open","ping_status":"closed","template":"","meta":{"inline_featured_image":false},"product_brand":[],"product_cat":[2132,2252,2278,2251],"product_tag":[2178,2554],"sport":[],"class_list":{"0":"post-459364","1":"product","2":"type-product","3":"status-publish","4":"has-post-thumbnail","6":"product_cat-boxsacke","7":"product_cat-boxsacke-und-trainingszubehor","8":"product_cat-boxsacke-und-trainingszubehor-boxen","9":"product_cat-boxsacke-und-trainingszubehor-karate","10":"product_tag-adidas-de","11":"product_tag-kostenvoranschlag","12":"product_shipping_class-schwere-produkte","13":"pa_size-120-cm","14":"pa_size-150-cm","15":"pa_size-180-cm","16":"pa_size-90-cm","18":"first","19":"instock","20":"taxable","21":"shipping-taxable","22":"purchasable","23":"product-type-variable"},"yoast_head":"<!-- This site is optimized with the Yoast SEO plugin v27.2 - https:\/\/yoast.com\/product\/yoast-seo-wordpress\/ -->\n<title>Boxsack Adidas schwarz\/gold aus PU &#8211; Daisho<\/title>\n<meta name=\"description\" content=\"Der Adidas Boxsack eignet sich f\u00fcr kleine und gro\u00dfe Kinder und ist f\u00fcr den t\u00e4glichen Gebrauch geeignet. Kaufen Sie ihn auf unserer Website www.daisho.be|Daisho\" \/>\n<meta name=\"robots\" content=\"index, follow, max-snippet:-1, max-image-preview:large, max-video-preview:-1\" \/>\n<link rel=\"canonical\" href=\"https:\/\/www.daisho.be\/de\/produit\/boxsack-adidas-schwarz-gold-aus-pu\/\" \/>\n<meta property=\"og:locale\" content=\"de_DE\" \/>\n<meta property=\"og:type\" content=\"article\" \/>\n<meta property=\"og:title\" content=\"Boxsack Adidas schwarz\/gold aus PU &#8211; Daisho\" \/>\n<meta property=\"og:description\" content=\"Der Adidas Boxsack eignet sich f\u00fcr kleine und gro\u00dfe Kinder und ist f\u00fcr den t\u00e4glichen Gebrauch geeignet. Kaufen Sie ihn auf unserer Website www.daisho.be|Daisho\" \/>\n<meta property=\"og:url\" content=\"https:\/\/www.daisho.be\/de\/produit\/boxsack-adidas-schwarz-gold-aus-pu\/\" \/>\n<meta property=\"og:site_name\" content=\"Daisho\" \/>\n<meta property=\"article:modified_time\" content=\"2026-01-20T09:40:07+00:00\" \/>\n<meta property=\"og:image\" content=\"https:\/\/www.daisho.be\/wp-content\/uploads\/2023\/07\/image-2.jpg\" \/>\n\t<meta property=\"og:image:width\" content=\"800\" \/>\n\t<meta property=\"og:image:height\" content=\"800\" \/>\n\t<meta property=\"og:image:type\" content=\"image\/jpeg\" \/>\n<meta name=\"twitter:card\" content=\"summary_large_image\" \/>\n<meta name=\"twitter:label1\" content=\"Gesch\u00e4tzte Lesezeit\" \/>\n\t<meta name=\"twitter:data1\" content=\"1\u00a0Minute\" \/>\n<script type=\"application\/ld+json\" class=\"yoast-schema-graph\">{\"@context\":\"https:\/\/schema.org\",\"@graph\":[{\"@type\":\"WebPage\",\"@id\":\"https:\/\/www.daisho.be\/de\/produit\/boxsack-adidas-schwarz-gold-aus-pu\/\",\"url\":\"https:\/\/www.daisho.be\/de\/produit\/boxsack-adidas-schwarz-gold-aus-pu\/\",\"name\":\"Boxsack Adidas schwarz\/gold aus PU &#8211; Daisho\",\"isPartOf\":{\"@id\":\"https:\/\/www.daisho.be\/de\/#website\"},\"primaryImageOfPage\":{\"@id\":\"https:\/\/www.daisho.be\/de\/produit\/boxsack-adidas-schwarz-gold-aus-pu\/#primaryimage\"},\"image\":{\"@id\":\"https:\/\/www.daisho.be\/de\/produit\/boxsack-adidas-schwarz-gold-aus-pu\/#primaryimage\"},\"thumbnailUrl\":\"https:\/\/www.daisho.be\/wp-content\/uploads\/2023\/07\/image-2.jpg\",\"datePublished\":\"2022-03-03T20:11:43+00:00\",\"dateModified\":\"2026-01-20T09:40:07+00:00\",\"description\":\"Der Adidas Boxsack eignet sich f\u00fcr kleine und gro\u00dfe Kinder und ist f\u00fcr den t\u00e4glichen Gebrauch geeignet. Kaufen Sie ihn auf unserer Website www.daisho.be|Daisho\",\"breadcrumb\":{\"@id\":\"https:\/\/www.daisho.be\/de\/produit\/boxsack-adidas-schwarz-gold-aus-pu\/#breadcrumb\"},\"inLanguage\":\"de\",\"potentialAction\":[{\"@type\":\"ReadAction\",\"target\":[\"https:\/\/www.daisho.be\/de\/produit\/boxsack-adidas-schwarz-gold-aus-pu\/\"]}]},{\"@type\":\"ImageObject\",\"inLanguage\":\"de\",\"@id\":\"https:\/\/www.daisho.be\/de\/produit\/boxsack-adidas-schwarz-gold-aus-pu\/#primaryimage\",\"url\":\"https:\/\/www.daisho.be\/wp-content\/uploads\/2023\/07\/image-2.jpg\",\"contentUrl\":\"https:\/\/www.daisho.be\/wp-content\/uploads\/2023\/07\/image-2.jpg\",\"width\":800,\"height\":800,\"caption\":\"Boxsack Adidas schwarz\/gold aus PU-1\"},{\"@type\":\"BreadcrumbList\",\"@id\":\"https:\/\/www.daisho.be\/de\/produit\/boxsack-adidas-schwarz-gold-aus-pu\/#breadcrumb\",\"itemListElement\":[{\"@type\":\"ListItem\",\"position\":1,\"name\":\"Accueil\",\"item\":\"https:\/\/www.daisho.be\/de\/\"},{\"@type\":\"ListItem\",\"position\":2,\"name\":\"Produkte\",\"item\":\"https:\/\/www.daisho.be\/de\/produkte\/\"},{\"@type\":\"ListItem\",\"position\":3,\"name\":\"ADIDAS COMBAT SPORTS\",\"item\":\"https:\/\/www.daisho.be\/de\/categorie-produit\/adidas-combat-sports-de\/\"},{\"@type\":\"ListItem\",\"position\":4,\"name\":\"MMA\",\"item\":\"https:\/\/www.daisho.be\/de\/categorie-produit\/adidas-combat-sports-de\/mma-de\/\"},{\"@type\":\"ListItem\",\"position\":5,\"name\":\"Boxs\u00e4cke und Trainingszubeh\u00f6r\",\"item\":\"https:\/\/www.daisho.be\/de\/categorie-produit\/adidas-combat-sports-de\/mma-de\/boxsacke-und-trainingszubehor\/\"},{\"@type\":\"ListItem\",\"position\":6,\"name\":\"Boxsack Adidas schwarz\/gold aus PU\"}]},{\"@type\":\"WebSite\",\"@id\":\"https:\/\/www.daisho.be\/de\/#website\",\"url\":\"https:\/\/www.daisho.be\/de\/\",\"name\":\"Daisho\",\"description\":\"Sp&eacute;cialiste de l'&eacute;quipement sportif d'arts martiaux\",\"publisher\":{\"@id\":\"https:\/\/www.daisho.be\/de\/#organization\"},\"potentialAction\":[{\"@type\":\"SearchAction\",\"target\":{\"@type\":\"EntryPoint\",\"urlTemplate\":\"https:\/\/www.daisho.be\/de\/?s={search_term_string}\"},\"query-input\":{\"@type\":\"PropertyValueSpecification\",\"valueRequired\":true,\"valueName\":\"search_term_string\"}}],\"inLanguage\":\"de\"},{\"@type\":\"Organization\",\"@id\":\"https:\/\/www.daisho.be\/de\/#organization\",\"name\":\"Daisho\",\"url\":\"https:\/\/www.daisho.be\/de\/\",\"logo\":{\"@type\":\"ImageObject\",\"inLanguage\":\"de\",\"@id\":\"https:\/\/www.daisho.be\/de\/#\/schema\/logo\/image\/\",\"url\":\"https:\/\/www.daisho.be\/wp-content\/uploads\/2019\/07\/color-nothing-horizontale4x-e1564486100247.png\",\"contentUrl\":\"https:\/\/www.daisho.be\/wp-content\/uploads\/2019\/07\/color-nothing-horizontale4x-e1564486100247.png\",\"width\":1547,\"height\":385,\"caption\":\"Daisho\"},\"image\":{\"@id\":\"https:\/\/www.daisho.be\/de\/#\/schema\/logo\/image\/\"}}]}<\/script>\n<!-- \/ Yoast SEO plugin. -->","yoast_head_json":{"title":"Boxsack Adidas schwarz\/gold aus PU &#8211; Daisho","description":"Der Adidas Boxsack eignet sich f\u00fcr kleine und gro\u00dfe Kinder und ist f\u00fcr den t\u00e4glichen Gebrauch geeignet. Kaufen Sie ihn auf unserer Website www.daisho.be|Daisho","robots":{"index":"index","follow":"follow","max-snippet":"max-snippet:-1","max-image-preview":"max-image-preview:large","max-video-preview":"max-video-preview:-1"},"canonical":"https:\/\/www.daisho.be\/de\/produit\/boxsack-adidas-schwarz-gold-aus-pu\/","og_locale":"de_DE","og_type":"article","og_title":"Boxsack Adidas schwarz\/gold aus PU &#8211; Daisho","og_description":"Der Adidas Boxsack eignet sich f\u00fcr kleine und gro\u00dfe Kinder und ist f\u00fcr den t\u00e4glichen Gebrauch geeignet. Kaufen Sie ihn auf unserer Website www.daisho.be|Daisho","og_url":"https:\/\/www.daisho.be\/de\/produit\/boxsack-adidas-schwarz-gold-aus-pu\/","og_site_name":"Daisho","article_modified_time":"2026-01-20T09:40:07+00:00","og_image":[{"width":800,"height":800,"url":"https:\/\/www.daisho.be\/wp-content\/uploads\/2023\/07\/image-2.jpg","type":"image\/jpeg"}],"twitter_card":"summary_large_image","twitter_misc":{"Gesch\u00e4tzte Lesezeit":"1\u00a0Minute"},"schema":{"@context":"https:\/\/schema.org","@graph":[{"@type":"WebPage","@id":"https:\/\/www.daisho.be\/de\/produit\/boxsack-adidas-schwarz-gold-aus-pu\/","url":"https:\/\/www.daisho.be\/de\/produit\/boxsack-adidas-schwarz-gold-aus-pu\/","name":"Boxsack Adidas schwarz\/gold aus PU &#8211; Daisho","isPartOf":{"@id":"https:\/\/www.daisho.be\/de\/#website"},"primaryImageOfPage":{"@id":"https:\/\/www.daisho.be\/de\/produit\/boxsack-adidas-schwarz-gold-aus-pu\/#primaryimage"},"image":{"@id":"https:\/\/www.daisho.be\/de\/produit\/boxsack-adidas-schwarz-gold-aus-pu\/#primaryimage"},"thumbnailUrl":"https:\/\/www.daisho.be\/wp-content\/uploads\/2023\/07\/image-2.jpg","datePublished":"2022-03-03T20:11:43+00:00","dateModified":"2026-01-20T09:40:07+00:00","description":"Der Adidas Boxsack eignet sich f\u00fcr kleine und gro\u00dfe Kinder und ist f\u00fcr den t\u00e4glichen Gebrauch geeignet. Kaufen Sie ihn auf unserer Website www.daisho.be|Daisho","breadcrumb":{"@id":"https:\/\/www.daisho.be\/de\/produit\/boxsack-adidas-schwarz-gold-aus-pu\/#breadcrumb"},"inLanguage":"de","potentialAction":[{"@type":"ReadAction","target":["https:\/\/www.daisho.be\/de\/produit\/boxsack-adidas-schwarz-gold-aus-pu\/"]}]},{"@type":"ImageObject","inLanguage":"de","@id":"https:\/\/www.daisho.be\/de\/produit\/boxsack-adidas-schwarz-gold-aus-pu\/#primaryimage","url":"https:\/\/www.daisho.be\/wp-content\/uploads\/2023\/07\/image-2.jpg","contentUrl":"https:\/\/www.daisho.be\/wp-content\/uploads\/2023\/07\/image-2.jpg","width":800,"height":800,"caption":"Boxsack Adidas schwarz\/gold aus PU-1"},{"@type":"BreadcrumbList","@id":"https:\/\/www.daisho.be\/de\/produit\/boxsack-adidas-schwarz-gold-aus-pu\/#breadcrumb","itemListElement":[{"@type":"ListItem","position":1,"name":"Accueil","item":"https:\/\/www.daisho.be\/de\/"},{"@type":"ListItem","position":2,"name":"Produkte","item":"https:\/\/www.daisho.be\/de\/produkte\/"},{"@type":"ListItem","position":3,"name":"ADIDAS COMBAT SPORTS","item":"https:\/\/www.daisho.be\/de\/categorie-produit\/adidas-combat-sports-de\/"},{"@type":"ListItem","position":4,"name":"MMA","item":"https:\/\/www.daisho.be\/de\/categorie-produit\/adidas-combat-sports-de\/mma-de\/"},{"@type":"ListItem","position":5,"name":"Boxs\u00e4cke und Trainingszubeh\u00f6r","item":"https:\/\/www.daisho.be\/de\/categorie-produit\/adidas-combat-sports-de\/mma-de\/boxsacke-und-trainingszubehor\/"},{"@type":"ListItem","position":6,"name":"Boxsack Adidas schwarz\/gold aus PU"}]},{"@type":"WebSite","@id":"https:\/\/www.daisho.be\/de\/#website","url":"https:\/\/www.daisho.be\/de\/","name":"Daisho","description":"Sp&eacute;cialiste de l'&eacute;quipement sportif d'arts martiaux","publisher":{"@id":"https:\/\/www.daisho.be\/de\/#organization"},"potentialAction":[{"@type":"SearchAction","target":{"@type":"EntryPoint","urlTemplate":"https:\/\/www.daisho.be\/de\/?s={search_term_string}"},"query-input":{"@type":"PropertyValueSpecification","valueRequired":true,"valueName":"search_term_string"}}],"inLanguage":"de"},{"@type":"Organization","@id":"https:\/\/www.daisho.be\/de\/#organization","name":"Daisho","url":"https:\/\/www.daisho.be\/de\/","logo":{"@type":"ImageObject","inLanguage":"de","@id":"https:\/\/www.daisho.be\/de\/#\/schema\/logo\/image\/","url":"https:\/\/www.daisho.be\/wp-content\/uploads\/2019\/07\/color-nothing-horizontale4x-e1564486100247.png","contentUrl":"https:\/\/www.daisho.be\/wp-content\/uploads\/2019\/07\/color-nothing-horizontale4x-e1564486100247.png","width":1547,"height":385,"caption":"Daisho"},"image":{"@id":"https:\/\/www.daisho.be\/de\/#\/schema\/logo\/image\/"}}]}},"_links":{"self":[{"href":"https:\/\/www.daisho.be\/de\/wp-json\/wp\/v2\/product\/459364","targetHints":{"allow":["GET"]}}],"collection":[{"href":"https:\/\/www.daisho.be\/de\/wp-json\/wp\/v2\/product"}],"about":[{"href":"https:\/\/www.daisho.be\/de\/wp-json\/wp\/v2\/types\/product"}],"replies":[{"embeddable":true,"href":"https:\/\/www.daisho.be\/de\/wp-json\/wp\/v2\/comments?post=459364"}],"wp:featuredmedia":[{"embeddable":true,"href":"https:\/\/www.daisho.be\/de\/wp-json\/wp\/v2\/media\/459370"}],"wp:attachment":[{"href":"https:\/\/www.daisho.be\/de\/wp-json\/wp\/v2\/media?parent=459364"}],"wp:term":[{"taxonomy":"product_brand","embeddable":true,"href":"https:\/\/www.daisho.be\/de\/wp-json\/wp\/v2\/product_brand?post=459364"},{"taxonomy":"product_cat","embeddable":true,"href":"https:\/\/www.daisho.be\/de\/wp-json\/wp\/v2\/product_cat?post=459364"},{"taxonomy":"product_tag","embeddable":true,"href":"https:\/\/www.daisho.be\/de\/wp-json\/wp\/v2\/product_tag?post=459364"},{"taxonomy":"sport","embeddable":true,"href":"https:\/\/www.daisho.be\/de\/wp-json\/wp\/v2\/sport?post=459364"}],"curies":[{"name":"wp","href":"https:\/\/api.w.org\/{rel}","templated":true}]}}