{"id":459355,"date":"2022-03-03T21:31:07","date_gmt":"2022-03-03T20:31:07","guid":{"rendered":"https:\/\/www.daisho.be\/produit\/boxbaender-adidas-3-5m-schwarz\/"},"modified":"2025-02-28T11:29:03","modified_gmt":"2025-02-28T10:29:03","slug":"boxbaender-adidas-3-5m-schwarz","status":"publish","type":"product","link":"https:\/\/www.daisho.be\/de\/produit\/boxbaender-adidas-3-5m-schwarz\/","title":{"rendered":"Boxb\u00e4nder adidas 3.5m schwarz"},"content":{"rendered":"<p>Die adidas Boxb\u00e4nder bestehen zu 100% aus weicher, leicht dehnbarer, gewebter Baumwolle und haben einen f\u00fcnf Zentimeter breiten Klettverschluss.<br \/>\nDie Boxb\u00e4nder sind 3,55 Meter lang und haben eine Daumenschlaufe f\u00fcr einfaches Anbringen. Erh\u00e4ltlich in f\u00fcnf Farben.<br \/>\nDie B\u00e4nder eignen sich f\u00fcr alle Kampfk\u00fcnstler wie MMA, K1 und (Kick-)Boxen.<br \/>\nVorteile:<br \/>\n&#8211; verschiedene L\u00e4ngen<br \/>\n&#8211; verschiedene Farben<br \/>\n&#8211; mit Daumenschlaufe und Klettverschluss<br \/>\n&#8211; sehr stark und dehnbar. <\/p>\n","protected":false},"excerpt":{"rendered":"<p>Die adidas Boxb\u00e4nder bestehen zu 100% aus weicher, leicht dehnbarer, gewebter Baumwolle und haben einen f\u00fcnf Zentimeter breiten Klettverschluss. Die Boxb\u00e4nder sind 3,55 Meter lang und haben eine Daumenschlaufe f\u00fcr einfaches Anbringen. Erh\u00e4ltlich in f\u00fcnf Farben. Die B\u00e4nder eignen sich f\u00fcr alle Kampfk\u00fcnstler wie MMA, K1 und (Kick-)Boxen. Vorteile: &#8211; verschiedene L\u00e4ngen &#8211; verschiedene Farben [&hellip;]<\/p>\n","protected":false},"featured_media":459358,"comment_status":"open","ping_status":"closed","template":"","meta":{"inline_featured_image":false},"product_brand":[],"product_cat":[2271,2277,2297],"product_tag":[2178],"sport":[],"class_list":{"0":"post-459355","1":"product","2":"type-product","3":"status-publish","4":"has-post-thumbnail","6":"product_cat-adidas-boxing-protektoren","7":"product_cat-kick-boxing-protektoren-adidas","8":"product_cat-muay-thai-protektoren-adidas","9":"product_tag-adidas-de","10":"pa_size-sans-taille-defaut","12":"first","13":"instock","14":"taxable","15":"shipping-taxable","16":"purchasable","17":"product-type-simple"},"yoast_head":"<!-- This site is optimized with the Yoast SEO plugin v27.2 - https:\/\/yoast.com\/product\/yoast-seo-wordpress\/ -->\n<title>Boxb\u00e4nder adidas 3.5m schwarz &#8211; Daisho<\/title>\n<meta name=\"description\" content=\"Das Adidas Boxband eignet sich f\u00fcr alle Kampfsportarten. Es bietet St\u00e4rke und Dehnbarkeit. Kaufen Sie es jetzt auf www.daisho.be|Daisho\" \/>\n<meta name=\"robots\" content=\"index, follow, max-snippet:-1, max-image-preview:large, max-video-preview:-1\" \/>\n<link rel=\"canonical\" href=\"https:\/\/www.daisho.be\/de\/produit\/boxbaender-adidas-3-5m-schwarz\/\" \/>\n<meta property=\"og:locale\" content=\"de_DE\" \/>\n<meta property=\"og:type\" content=\"article\" \/>\n<meta property=\"og:title\" content=\"Boxb\u00e4nder adidas 3.5m schwarz &#8211; Daisho\" \/>\n<meta property=\"og:description\" content=\"Das Adidas Boxband eignet sich f\u00fcr alle Kampfsportarten. Es bietet St\u00e4rke und Dehnbarkeit. Kaufen Sie es jetzt auf www.daisho.be|Daisho\" \/>\n<meta property=\"og:url\" content=\"https:\/\/www.daisho.be\/de\/produit\/boxbaender-adidas-3-5m-schwarz\/\" \/>\n<meta property=\"og:site_name\" content=\"Daisho\" \/>\n<meta property=\"article:modified_time\" content=\"2025-02-28T10:29:03+00:00\" \/>\n<meta property=\"og:image\" content=\"https:\/\/www.daisho.be\/wp-content\/uploads\/2023\/09\/image-15.jpg\" \/>\n\t<meta property=\"og:image:width\" content=\"800\" \/>\n\t<meta property=\"og:image:height\" content=\"800\" \/>\n\t<meta property=\"og:image:type\" content=\"image\/jpeg\" \/>\n<meta name=\"twitter:card\" content=\"summary_large_image\" \/>\n<script type=\"application\/ld+json\" class=\"yoast-schema-graph\">{\"@context\":\"https:\/\/schema.org\",\"@graph\":[{\"@type\":\"WebPage\",\"@id\":\"https:\/\/www.daisho.be\/de\/produit\/boxbaender-adidas-3-5m-schwarz\/\",\"url\":\"https:\/\/www.daisho.be\/de\/produit\/boxbaender-adidas-3-5m-schwarz\/\",\"name\":\"Boxb\u00e4nder adidas 3.5m schwarz &#8211; Daisho\",\"isPartOf\":{\"@id\":\"https:\/\/www.daisho.be\/de\/#website\"},\"primaryImageOfPage\":{\"@id\":\"https:\/\/www.daisho.be\/de\/produit\/boxbaender-adidas-3-5m-schwarz\/#primaryimage\"},\"image\":{\"@id\":\"https:\/\/www.daisho.be\/de\/produit\/boxbaender-adidas-3-5m-schwarz\/#primaryimage\"},\"thumbnailUrl\":\"https:\/\/www.daisho.be\/wp-content\/uploads\/2023\/09\/image-15.jpg\",\"datePublished\":\"2022-03-03T20:31:07+00:00\",\"dateModified\":\"2025-02-28T10:29:03+00:00\",\"description\":\"Das Adidas Boxband eignet sich f\u00fcr alle Kampfsportarten. Es bietet St\u00e4rke und Dehnbarkeit. Kaufen Sie es jetzt auf www.daisho.be|Daisho\",\"breadcrumb\":{\"@id\":\"https:\/\/www.daisho.be\/de\/produit\/boxbaender-adidas-3-5m-schwarz\/#breadcrumb\"},\"inLanguage\":\"de\",\"potentialAction\":[{\"@type\":\"ReadAction\",\"target\":[\"https:\/\/www.daisho.be\/de\/produit\/boxbaender-adidas-3-5m-schwarz\/\"]}]},{\"@type\":\"ImageObject\",\"inLanguage\":\"de\",\"@id\":\"https:\/\/www.daisho.be\/de\/produit\/boxbaender-adidas-3-5m-schwarz\/#primaryimage\",\"url\":\"https:\/\/www.daisho.be\/wp-content\/uploads\/2023\/09\/image-15.jpg\",\"contentUrl\":\"https:\/\/www.daisho.be\/wp-content\/uploads\/2023\/09\/image-15.jpg\",\"width\":800,\"height\":800,\"caption\":\"Boxb\u00e4nder adidas 3.5m schwarz-1\"},{\"@type\":\"BreadcrumbList\",\"@id\":\"https:\/\/www.daisho.be\/de\/produit\/boxbaender-adidas-3-5m-schwarz\/#breadcrumb\",\"itemListElement\":[{\"@type\":\"ListItem\",\"position\":1,\"name\":\"Accueil\",\"item\":\"https:\/\/www.daisho.be\/de\/\"},{\"@type\":\"ListItem\",\"position\":2,\"name\":\"Produkte\",\"item\":\"https:\/\/www.daisho.be\/de\/produkte\/\"},{\"@type\":\"ListItem\",\"position\":3,\"name\":\"ADIDAS COMBAT SPORTS\",\"item\":\"https:\/\/www.daisho.be\/de\/categorie-produit\/adidas-combat-sports-de\/\"},{\"@type\":\"ListItem\",\"position\":4,\"name\":\"Boxen\",\"item\":\"https:\/\/www.daisho.be\/de\/categorie-produit\/adidas-combat-sports-de\/boxen\/\"},{\"@type\":\"ListItem\",\"position\":5,\"name\":\"Adidas Boxing Protektoren\",\"item\":\"https:\/\/www.daisho.be\/de\/categorie-produit\/adidas-combat-sports-de\/boxen\/adidas-boxing-protektoren\/\"},{\"@type\":\"ListItem\",\"position\":6,\"name\":\"Boxb\u00e4nder adidas 3.5m schwarz\"}]},{\"@type\":\"WebSite\",\"@id\":\"https:\/\/www.daisho.be\/de\/#website\",\"url\":\"https:\/\/www.daisho.be\/de\/\",\"name\":\"Daisho\",\"description\":\"Sp&eacute;cialiste de l'&eacute;quipement sportif d'arts martiaux\",\"publisher\":{\"@id\":\"https:\/\/www.daisho.be\/de\/#organization\"},\"potentialAction\":[{\"@type\":\"SearchAction\",\"target\":{\"@type\":\"EntryPoint\",\"urlTemplate\":\"https:\/\/www.daisho.be\/de\/?s={search_term_string}\"},\"query-input\":{\"@type\":\"PropertyValueSpecification\",\"valueRequired\":true,\"valueName\":\"search_term_string\"}}],\"inLanguage\":\"de\"},{\"@type\":\"Organization\",\"@id\":\"https:\/\/www.daisho.be\/de\/#organization\",\"name\":\"Daisho\",\"url\":\"https:\/\/www.daisho.be\/de\/\",\"logo\":{\"@type\":\"ImageObject\",\"inLanguage\":\"de\",\"@id\":\"https:\/\/www.daisho.be\/de\/#\/schema\/logo\/image\/\",\"url\":\"https:\/\/www.daisho.be\/wp-content\/uploads\/2019\/07\/color-nothing-horizontale4x-e1564486100247.png\",\"contentUrl\":\"https:\/\/www.daisho.be\/wp-content\/uploads\/2019\/07\/color-nothing-horizontale4x-e1564486100247.png\",\"width\":1547,\"height\":385,\"caption\":\"Daisho\"},\"image\":{\"@id\":\"https:\/\/www.daisho.be\/de\/#\/schema\/logo\/image\/\"}}]}<\/script>\n<!-- \/ Yoast SEO plugin. -->","yoast_head_json":{"title":"Boxb\u00e4nder adidas 3.5m schwarz &#8211; Daisho","description":"Das Adidas Boxband eignet sich f\u00fcr alle Kampfsportarten. Es bietet St\u00e4rke und Dehnbarkeit. Kaufen Sie es jetzt auf www.daisho.be|Daisho","robots":{"index":"index","follow":"follow","max-snippet":"max-snippet:-1","max-image-preview":"max-image-preview:large","max-video-preview":"max-video-preview:-1"},"canonical":"https:\/\/www.daisho.be\/de\/produit\/boxbaender-adidas-3-5m-schwarz\/","og_locale":"de_DE","og_type":"article","og_title":"Boxb\u00e4nder adidas 3.5m schwarz &#8211; Daisho","og_description":"Das Adidas Boxband eignet sich f\u00fcr alle Kampfsportarten. Es bietet St\u00e4rke und Dehnbarkeit. Kaufen Sie es jetzt auf www.daisho.be|Daisho","og_url":"https:\/\/www.daisho.be\/de\/produit\/boxbaender-adidas-3-5m-schwarz\/","og_site_name":"Daisho","article_modified_time":"2025-02-28T10:29:03+00:00","og_image":[{"width":800,"height":800,"url":"https:\/\/www.daisho.be\/wp-content\/uploads\/2023\/09\/image-15.jpg","type":"image\/jpeg"}],"twitter_card":"summary_large_image","schema":{"@context":"https:\/\/schema.org","@graph":[{"@type":"WebPage","@id":"https:\/\/www.daisho.be\/de\/produit\/boxbaender-adidas-3-5m-schwarz\/","url":"https:\/\/www.daisho.be\/de\/produit\/boxbaender-adidas-3-5m-schwarz\/","name":"Boxb\u00e4nder adidas 3.5m schwarz &#8211; Daisho","isPartOf":{"@id":"https:\/\/www.daisho.be\/de\/#website"},"primaryImageOfPage":{"@id":"https:\/\/www.daisho.be\/de\/produit\/boxbaender-adidas-3-5m-schwarz\/#primaryimage"},"image":{"@id":"https:\/\/www.daisho.be\/de\/produit\/boxbaender-adidas-3-5m-schwarz\/#primaryimage"},"thumbnailUrl":"https:\/\/www.daisho.be\/wp-content\/uploads\/2023\/09\/image-15.jpg","datePublished":"2022-03-03T20:31:07+00:00","dateModified":"2025-02-28T10:29:03+00:00","description":"Das Adidas Boxband eignet sich f\u00fcr alle Kampfsportarten. Es bietet St\u00e4rke und Dehnbarkeit. Kaufen Sie es jetzt auf www.daisho.be|Daisho","breadcrumb":{"@id":"https:\/\/www.daisho.be\/de\/produit\/boxbaender-adidas-3-5m-schwarz\/#breadcrumb"},"inLanguage":"de","potentialAction":[{"@type":"ReadAction","target":["https:\/\/www.daisho.be\/de\/produit\/boxbaender-adidas-3-5m-schwarz\/"]}]},{"@type":"ImageObject","inLanguage":"de","@id":"https:\/\/www.daisho.be\/de\/produit\/boxbaender-adidas-3-5m-schwarz\/#primaryimage","url":"https:\/\/www.daisho.be\/wp-content\/uploads\/2023\/09\/image-15.jpg","contentUrl":"https:\/\/www.daisho.be\/wp-content\/uploads\/2023\/09\/image-15.jpg","width":800,"height":800,"caption":"Boxb\u00e4nder adidas 3.5m schwarz-1"},{"@type":"BreadcrumbList","@id":"https:\/\/www.daisho.be\/de\/produit\/boxbaender-adidas-3-5m-schwarz\/#breadcrumb","itemListElement":[{"@type":"ListItem","position":1,"name":"Accueil","item":"https:\/\/www.daisho.be\/de\/"},{"@type":"ListItem","position":2,"name":"Produkte","item":"https:\/\/www.daisho.be\/de\/produkte\/"},{"@type":"ListItem","position":3,"name":"ADIDAS COMBAT SPORTS","item":"https:\/\/www.daisho.be\/de\/categorie-produit\/adidas-combat-sports-de\/"},{"@type":"ListItem","position":4,"name":"Boxen","item":"https:\/\/www.daisho.be\/de\/categorie-produit\/adidas-combat-sports-de\/boxen\/"},{"@type":"ListItem","position":5,"name":"Adidas Boxing Protektoren","item":"https:\/\/www.daisho.be\/de\/categorie-produit\/adidas-combat-sports-de\/boxen\/adidas-boxing-protektoren\/"},{"@type":"ListItem","position":6,"name":"Boxb\u00e4nder adidas 3.5m schwarz"}]},{"@type":"WebSite","@id":"https:\/\/www.daisho.be\/de\/#website","url":"https:\/\/www.daisho.be\/de\/","name":"Daisho","description":"Sp&eacute;cialiste de l'&eacute;quipement sportif d'arts martiaux","publisher":{"@id":"https:\/\/www.daisho.be\/de\/#organization"},"potentialAction":[{"@type":"SearchAction","target":{"@type":"EntryPoint","urlTemplate":"https:\/\/www.daisho.be\/de\/?s={search_term_string}"},"query-input":{"@type":"PropertyValueSpecification","valueRequired":true,"valueName":"search_term_string"}}],"inLanguage":"de"},{"@type":"Organization","@id":"https:\/\/www.daisho.be\/de\/#organization","name":"Daisho","url":"https:\/\/www.daisho.be\/de\/","logo":{"@type":"ImageObject","inLanguage":"de","@id":"https:\/\/www.daisho.be\/de\/#\/schema\/logo\/image\/","url":"https:\/\/www.daisho.be\/wp-content\/uploads\/2019\/07\/color-nothing-horizontale4x-e1564486100247.png","contentUrl":"https:\/\/www.daisho.be\/wp-content\/uploads\/2019\/07\/color-nothing-horizontale4x-e1564486100247.png","width":1547,"height":385,"caption":"Daisho"},"image":{"@id":"https:\/\/www.daisho.be\/de\/#\/schema\/logo\/image\/"}}]}},"_links":{"self":[{"href":"https:\/\/www.daisho.be\/de\/wp-json\/wp\/v2\/product\/459355","targetHints":{"allow":["GET"]}}],"collection":[{"href":"https:\/\/www.daisho.be\/de\/wp-json\/wp\/v2\/product"}],"about":[{"href":"https:\/\/www.daisho.be\/de\/wp-json\/wp\/v2\/types\/product"}],"replies":[{"embeddable":true,"href":"https:\/\/www.daisho.be\/de\/wp-json\/wp\/v2\/comments?post=459355"}],"wp:featuredmedia":[{"embeddable":true,"href":"https:\/\/www.daisho.be\/de\/wp-json\/wp\/v2\/media\/459358"}],"wp:attachment":[{"href":"https:\/\/www.daisho.be\/de\/wp-json\/wp\/v2\/media?parent=459355"}],"wp:term":[{"taxonomy":"product_brand","embeddable":true,"href":"https:\/\/www.daisho.be\/de\/wp-json\/wp\/v2\/product_brand?post=459355"},{"taxonomy":"product_cat","embeddable":true,"href":"https:\/\/www.daisho.be\/de\/wp-json\/wp\/v2\/product_cat?post=459355"},{"taxonomy":"product_tag","embeddable":true,"href":"https:\/\/www.daisho.be\/de\/wp-json\/wp\/v2\/product_tag?post=459355"},{"taxonomy":"sport","embeddable":true,"href":"https:\/\/www.daisho.be\/de\/wp-json\/wp\/v2\/sport?post=459355"}],"curies":[{"name":"wp","href":"https:\/\/api.w.org\/{rel}","templated":true}]}}