{"id":459286,"date":"2022-03-14T21:22:55","date_gmt":"2022-03-14T20:22:55","guid":{"rendered":"https:\/\/www.daisho.be\/produit\/hakama-basic-tetron-ah250-navy\/"},"modified":"2026-05-05T10:10:37","modified_gmt":"2026-05-05T08:10:37","slug":"hakama-basic-tetron-ah250-navy","status":"publish","type":"product","link":"https:\/\/www.daisho.be\/de\/produit\/hakama-basic-tetron-ah250-navy\/","title":{"rendered":"Hakama Basic Tetron &#8211; AH250 NAVY"},"content":{"rendered":"<p>Tozando&#8217;s letzter Basis-Hakama f\u00fcr Aikido. Mit seinem ausgezeichneten Preis-Leistungs-Verh\u00e4ltnis empfehlen wir ihn f\u00fcr Anf\u00e4nger.<br \/>\nDieser Hakama besteht aus feinem, leichtem Tetron-Gewebe (65% Polyester, 35% Rayon) und hat eine matte Textur, die ihm ein klassisches Aussehen verleiht.<br \/>\nDie Falten wurden speziell geb\u00fcgelt, um eine scharfe Definition zu erhalten, und haben eine Innennaht. Er wird jedoch nicht in Japan hergestellt, wie unser Standard-Tozando Hakama aus Tetron (AH350).<br \/>\nDer Koshi-ita wurde im Geiste des Ukemi entworfen und besteht aus einem Verbundgummi, der so konstruiert ist, dass er seine Form beh\u00e4lt und gleichzeitig vor Verletzungen sch\u00fctzt.<br \/>\nDer Obi-Bund ist mit sieben Nahtlinien verst\u00e4rkt, die verhindern sollen, dass er rei\u00dft oder sich verdreht. Ein st\u00e4rkerer Obi-Bund erm\u00f6glicht es Ihnen auch, Ihren Hakama sicherer zu befestigen.<br \/>\nMerkmale:<br \/>\n&#8211; Tetron-Gewebe (65% Polyester, 35% Rayon)<br \/>\n&#8211; Die Vorder- und R\u00fcckseite dieses Hakama sind gleich lang<br \/>\n&#8211; Erh\u00e4ltlich in Schwarz und Marineblau<br \/>\n&#8211; Hergestellt in Japan  <\/p>\n<p>Wie messe ich einen Hakama in der richtigen Gr\u00f6\u00dfe?<br \/>\nWas normalerweise als &#8222;Hakama-L\u00e4nge&#8220; bezeichnet wird, ist die L\u00e4nge der &#8222;Beine&#8220; ohne den G\u00fcrtel.<br \/>\nJe nach Geschlecht und Kleidungsvorlieben kann die ideale L\u00e4nge von Person zu Person variieren.<br \/>\nDie korrekte Messung f\u00fcr einen Hakama erfolgt, indem man von der Stelle, an der der Obi normalerweise aufliegt (normalerweise die Oberseite des H\u00fcftknochens), bis zum Kn\u00f6chelknochen misst.<br \/>\nDiese L\u00e4nge ist ideal f\u00fcr Ihren Hakama<br \/>\nBitte beachten Sie den Abschnitt &#8222;Hakama-L\u00e4nge&#8220; in unserer Gr\u00f6\u00dfentabelle.<br \/>\nUm Ihre Gr\u00f6\u00dfe einfacher zu messen, k\u00f6nnen Sie auch einen G\u00fcrtel an der Stelle befestigen, an der Sie den Obi Ihres Hakama befestigen w\u00fcrden und dann von der Unterseite dieses Testg\u00fcrtels bis zu Ihrem Kn\u00f6chel messen.<br \/>\nIn der Regel tragen M\u00e4nner ihren Hakama mit einem G\u00fcrtel auf H\u00fcfth\u00f6he, w\u00e4hrend Frauen ihn etwas h\u00f6her und mit einem G\u00fcrtel auf Taillenh\u00f6he tragen.<\/p>\n","protected":false},"excerpt":{"rendered":"<p>Tozando&#8217;s letzter Basis-Hakama f\u00fcr Aikido. Mit seinem ausgezeichneten Preis-Leistungs-Verh\u00e4ltnis empfehlen wir ihn f\u00fcr Anf\u00e4nger. Dieser Hakama besteht aus feinem, leichtem Tetron-Gewebe (65% Polyester, 35% Rayon) und hat eine matte Textur, die ihm ein klassisches Aussehen verleiht. Die Falten wurden speziell geb\u00fcgelt, um eine scharfe Definition zu erhalten, und haben eine Innennaht. Er wird jedoch nicht [&hellip;]<\/p>\n","protected":false},"featured_media":459296,"comment_status":"closed","ping_status":"closed","template":"","meta":{"inline_featured_image":false},"product_brand":[],"product_cat":[2334,2118],"product_tag":[2332],"sport":[],"class_list":{"0":"post-459286","1":"product","2":"type-product","3":"status-publish","4":"has-post-thumbnail","6":"product_cat-aikido-hakamas-de","7":"product_cat-kleidung-kimonos","8":"product_tag-tozando-de","9":"pa_size-1062","10":"pa_size-23-160-163-cm","11":"pa_size-24-164-167-cm","12":"pa_size-25-168-170-cm","13":"pa_size-26-171-175-cm","14":"pa_size-27-176-179-cm","15":"pa_size-28-180-184-cm","16":"pa_size-29-185-189-cm","17":"pa_size-30-190-195-cm","19":"first","20":"instock","21":"taxable","22":"shipping-taxable","23":"purchasable","24":"product-type-variable"},"yoast_head":"<!-- This site is optimized with the Yoast SEO plugin v27.2 - https:\/\/yoast.com\/product\/yoast-seo-wordpress\/ -->\n<title>Hakama Basic Tetron - AH250 NAVY &#8211; Daisho<\/title>\n<meta name=\"description\" content=\"Tozando&#039;s letzter Basis-Hakama f\u00fcr Aikido. Mit seinem ausgezeichneten Preis-Leistungs-Verh\u00e4ltnis ist er ideal f\u00fcr Anf\u00e4nger. Finden Sie ihn auf www.daisho.be|Daisho\" \/>\n<meta name=\"robots\" content=\"index, follow, max-snippet:-1, max-image-preview:large, max-video-preview:-1\" \/>\n<link rel=\"canonical\" href=\"https:\/\/www.daisho.be\/de\/produit\/hakama-basic-tetron-ah250-navy\/\" \/>\n<meta property=\"og:locale\" content=\"de_DE\" \/>\n<meta property=\"og:type\" content=\"article\" \/>\n<meta property=\"og:title\" content=\"Hakama Basic Tetron - AH250 NAVY &#8211; Daisho\" \/>\n<meta property=\"og:description\" content=\"Tozando&#039;s letzter Basis-Hakama f\u00fcr Aikido. Mit seinem ausgezeichneten Preis-Leistungs-Verh\u00e4ltnis ist er ideal f\u00fcr Anf\u00e4nger. Finden Sie ihn auf www.daisho.be|Daisho\" \/>\n<meta property=\"og:url\" content=\"https:\/\/www.daisho.be\/de\/produit\/hakama-basic-tetron-ah250-navy\/\" \/>\n<meta property=\"og:site_name\" content=\"Daisho\" \/>\n<meta property=\"article:modified_time\" content=\"2026-05-05T08:10:37+00:00\" \/>\n<meta property=\"og:image\" content=\"https:\/\/www.daisho.be\/wp-content\/uploads\/2024\/06\/image-125.jpg\" \/>\n\t<meta property=\"og:image:width\" content=\"470\" \/>\n\t<meta property=\"og:image:height\" content=\"470\" \/>\n\t<meta property=\"og:image:type\" content=\"image\/jpeg\" \/>\n<meta name=\"twitter:card\" content=\"summary_large_image\" \/>\n<meta name=\"twitter:label1\" content=\"Gesch\u00e4tzte Lesezeit\" \/>\n\t<meta name=\"twitter:data1\" content=\"2\u00a0Minuten\" \/>\n<script type=\"application\/ld+json\" class=\"yoast-schema-graph\">{\"@context\":\"https:\/\/schema.org\",\"@graph\":[{\"@type\":\"WebPage\",\"@id\":\"https:\/\/www.daisho.be\/de\/produit\/hakama-basic-tetron-ah250-navy\/\",\"url\":\"https:\/\/www.daisho.be\/de\/produit\/hakama-basic-tetron-ah250-navy\/\",\"name\":\"Hakama Basic Tetron - AH250 NAVY &#8211; Daisho\",\"isPartOf\":{\"@id\":\"https:\/\/www.daisho.be\/de\/#website\"},\"primaryImageOfPage\":{\"@id\":\"https:\/\/www.daisho.be\/de\/produit\/hakama-basic-tetron-ah250-navy\/#primaryimage\"},\"image\":{\"@id\":\"https:\/\/www.daisho.be\/de\/produit\/hakama-basic-tetron-ah250-navy\/#primaryimage\"},\"thumbnailUrl\":\"https:\/\/www.daisho.be\/wp-content\/uploads\/2024\/06\/image-125.jpg\",\"datePublished\":\"2022-03-14T20:22:55+00:00\",\"dateModified\":\"2026-05-05T08:10:37+00:00\",\"description\":\"Tozando's letzter Basis-Hakama f\u00fcr Aikido. Mit seinem ausgezeichneten Preis-Leistungs-Verh\u00e4ltnis ist er ideal f\u00fcr Anf\u00e4nger. Finden Sie ihn auf www.daisho.be|Daisho\",\"breadcrumb\":{\"@id\":\"https:\/\/www.daisho.be\/de\/produit\/hakama-basic-tetron-ah250-navy\/#breadcrumb\"},\"inLanguage\":\"de\",\"potentialAction\":[{\"@type\":\"ReadAction\",\"target\":[\"https:\/\/www.daisho.be\/de\/produit\/hakama-basic-tetron-ah250-navy\/\"]}]},{\"@type\":\"ImageObject\",\"inLanguage\":\"de\",\"@id\":\"https:\/\/www.daisho.be\/de\/produit\/hakama-basic-tetron-ah250-navy\/#primaryimage\",\"url\":\"https:\/\/www.daisho.be\/wp-content\/uploads\/2024\/06\/image-125.jpg\",\"contentUrl\":\"https:\/\/www.daisho.be\/wp-content\/uploads\/2024\/06\/image-125.jpg\",\"width\":470,\"height\":470,\"caption\":\"Hakama Basic Tetron - AH250 NAVY-1\"},{\"@type\":\"BreadcrumbList\",\"@id\":\"https:\/\/www.daisho.be\/de\/produit\/hakama-basic-tetron-ah250-navy\/#breadcrumb\",\"itemListElement\":[{\"@type\":\"ListItem\",\"position\":1,\"name\":\"Accueil\",\"item\":\"https:\/\/www.daisho.be\/de\/\"},{\"@type\":\"ListItem\",\"position\":2,\"name\":\"Produkte\",\"item\":\"https:\/\/www.daisho.be\/de\/produkte\/\"},{\"@type\":\"ListItem\",\"position\":3,\"name\":\"Ausr\u00fcstung und Kleidung f\u00fcr Kampfkunst und Kampfsport\",\"item\":\"https:\/\/www.daisho.be\/de\/categorie-produit\/ausrustung-und-kleidung-fur-kampfkunst-und-kampfsport\/\"},{\"@type\":\"ListItem\",\"position\":4,\"name\":\"A\u00efkido\",\"item\":\"https:\/\/www.daisho.be\/de\/categorie-produit\/ausrustung-und-kleidung-fur-kampfkunst-und-kampfsport\/aikido-de\/\"},{\"@type\":\"ListItem\",\"position\":5,\"name\":\"Aikido Hakamas\",\"item\":\"https:\/\/www.daisho.be\/de\/categorie-produit\/ausrustung-und-kleidung-fur-kampfkunst-und-kampfsport\/aikido-de\/aikido-hakamas-de\/\"},{\"@type\":\"ListItem\",\"position\":6,\"name\":\"Hakama Basic Tetron &#8211; AH250 NAVY\"}]},{\"@type\":\"WebSite\",\"@id\":\"https:\/\/www.daisho.be\/de\/#website\",\"url\":\"https:\/\/www.daisho.be\/de\/\",\"name\":\"Daisho\",\"description\":\"Sp&eacute;cialiste de l'&eacute;quipement sportif d'arts martiaux\",\"publisher\":{\"@id\":\"https:\/\/www.daisho.be\/de\/#organization\"},\"potentialAction\":[{\"@type\":\"SearchAction\",\"target\":{\"@type\":\"EntryPoint\",\"urlTemplate\":\"https:\/\/www.daisho.be\/de\/?s={search_term_string}\"},\"query-input\":{\"@type\":\"PropertyValueSpecification\",\"valueRequired\":true,\"valueName\":\"search_term_string\"}}],\"inLanguage\":\"de\"},{\"@type\":\"Organization\",\"@id\":\"https:\/\/www.daisho.be\/de\/#organization\",\"name\":\"Daisho\",\"url\":\"https:\/\/www.daisho.be\/de\/\",\"logo\":{\"@type\":\"ImageObject\",\"inLanguage\":\"de\",\"@id\":\"https:\/\/www.daisho.be\/de\/#\/schema\/logo\/image\/\",\"url\":\"https:\/\/www.daisho.be\/wp-content\/uploads\/2019\/07\/color-nothing-horizontale4x-e1564486100247.png\",\"contentUrl\":\"https:\/\/www.daisho.be\/wp-content\/uploads\/2019\/07\/color-nothing-horizontale4x-e1564486100247.png\",\"width\":1547,\"height\":385,\"caption\":\"Daisho\"},\"image\":{\"@id\":\"https:\/\/www.daisho.be\/de\/#\/schema\/logo\/image\/\"}}]}<\/script>\n<!-- \/ Yoast SEO plugin. -->","yoast_head_json":{"title":"Hakama Basic Tetron - AH250 NAVY &#8211; Daisho","description":"Tozando's letzter Basis-Hakama f\u00fcr Aikido. Mit seinem ausgezeichneten Preis-Leistungs-Verh\u00e4ltnis ist er ideal f\u00fcr Anf\u00e4nger. Finden Sie ihn auf www.daisho.be|Daisho","robots":{"index":"index","follow":"follow","max-snippet":"max-snippet:-1","max-image-preview":"max-image-preview:large","max-video-preview":"max-video-preview:-1"},"canonical":"https:\/\/www.daisho.be\/de\/produit\/hakama-basic-tetron-ah250-navy\/","og_locale":"de_DE","og_type":"article","og_title":"Hakama Basic Tetron - AH250 NAVY &#8211; Daisho","og_description":"Tozando's letzter Basis-Hakama f\u00fcr Aikido. Mit seinem ausgezeichneten Preis-Leistungs-Verh\u00e4ltnis ist er ideal f\u00fcr Anf\u00e4nger. Finden Sie ihn auf www.daisho.be|Daisho","og_url":"https:\/\/www.daisho.be\/de\/produit\/hakama-basic-tetron-ah250-navy\/","og_site_name":"Daisho","article_modified_time":"2026-05-05T08:10:37+00:00","og_image":[{"width":470,"height":470,"url":"https:\/\/www.daisho.be\/wp-content\/uploads\/2024\/06\/image-125.jpg","type":"image\/jpeg"}],"twitter_card":"summary_large_image","twitter_misc":{"Gesch\u00e4tzte Lesezeit":"2\u00a0Minuten"},"schema":{"@context":"https:\/\/schema.org","@graph":[{"@type":"WebPage","@id":"https:\/\/www.daisho.be\/de\/produit\/hakama-basic-tetron-ah250-navy\/","url":"https:\/\/www.daisho.be\/de\/produit\/hakama-basic-tetron-ah250-navy\/","name":"Hakama Basic Tetron - AH250 NAVY &#8211; Daisho","isPartOf":{"@id":"https:\/\/www.daisho.be\/de\/#website"},"primaryImageOfPage":{"@id":"https:\/\/www.daisho.be\/de\/produit\/hakama-basic-tetron-ah250-navy\/#primaryimage"},"image":{"@id":"https:\/\/www.daisho.be\/de\/produit\/hakama-basic-tetron-ah250-navy\/#primaryimage"},"thumbnailUrl":"https:\/\/www.daisho.be\/wp-content\/uploads\/2024\/06\/image-125.jpg","datePublished":"2022-03-14T20:22:55+00:00","dateModified":"2026-05-05T08:10:37+00:00","description":"Tozando's letzter Basis-Hakama f\u00fcr Aikido. Mit seinem ausgezeichneten Preis-Leistungs-Verh\u00e4ltnis ist er ideal f\u00fcr Anf\u00e4nger. Finden Sie ihn auf www.daisho.be|Daisho","breadcrumb":{"@id":"https:\/\/www.daisho.be\/de\/produit\/hakama-basic-tetron-ah250-navy\/#breadcrumb"},"inLanguage":"de","potentialAction":[{"@type":"ReadAction","target":["https:\/\/www.daisho.be\/de\/produit\/hakama-basic-tetron-ah250-navy\/"]}]},{"@type":"ImageObject","inLanguage":"de","@id":"https:\/\/www.daisho.be\/de\/produit\/hakama-basic-tetron-ah250-navy\/#primaryimage","url":"https:\/\/www.daisho.be\/wp-content\/uploads\/2024\/06\/image-125.jpg","contentUrl":"https:\/\/www.daisho.be\/wp-content\/uploads\/2024\/06\/image-125.jpg","width":470,"height":470,"caption":"Hakama Basic Tetron - AH250 NAVY-1"},{"@type":"BreadcrumbList","@id":"https:\/\/www.daisho.be\/de\/produit\/hakama-basic-tetron-ah250-navy\/#breadcrumb","itemListElement":[{"@type":"ListItem","position":1,"name":"Accueil","item":"https:\/\/www.daisho.be\/de\/"},{"@type":"ListItem","position":2,"name":"Produkte","item":"https:\/\/www.daisho.be\/de\/produkte\/"},{"@type":"ListItem","position":3,"name":"Ausr\u00fcstung und Kleidung f\u00fcr Kampfkunst und Kampfsport","item":"https:\/\/www.daisho.be\/de\/categorie-produit\/ausrustung-und-kleidung-fur-kampfkunst-und-kampfsport\/"},{"@type":"ListItem","position":4,"name":"A\u00efkido","item":"https:\/\/www.daisho.be\/de\/categorie-produit\/ausrustung-und-kleidung-fur-kampfkunst-und-kampfsport\/aikido-de\/"},{"@type":"ListItem","position":5,"name":"Aikido Hakamas","item":"https:\/\/www.daisho.be\/de\/categorie-produit\/ausrustung-und-kleidung-fur-kampfkunst-und-kampfsport\/aikido-de\/aikido-hakamas-de\/"},{"@type":"ListItem","position":6,"name":"Hakama Basic Tetron &#8211; AH250 NAVY"}]},{"@type":"WebSite","@id":"https:\/\/www.daisho.be\/de\/#website","url":"https:\/\/www.daisho.be\/de\/","name":"Daisho","description":"Sp&eacute;cialiste de l'&eacute;quipement sportif d'arts martiaux","publisher":{"@id":"https:\/\/www.daisho.be\/de\/#organization"},"potentialAction":[{"@type":"SearchAction","target":{"@type":"EntryPoint","urlTemplate":"https:\/\/www.daisho.be\/de\/?s={search_term_string}"},"query-input":{"@type":"PropertyValueSpecification","valueRequired":true,"valueName":"search_term_string"}}],"inLanguage":"de"},{"@type":"Organization","@id":"https:\/\/www.daisho.be\/de\/#organization","name":"Daisho","url":"https:\/\/www.daisho.be\/de\/","logo":{"@type":"ImageObject","inLanguage":"de","@id":"https:\/\/www.daisho.be\/de\/#\/schema\/logo\/image\/","url":"https:\/\/www.daisho.be\/wp-content\/uploads\/2019\/07\/color-nothing-horizontale4x-e1564486100247.png","contentUrl":"https:\/\/www.daisho.be\/wp-content\/uploads\/2019\/07\/color-nothing-horizontale4x-e1564486100247.png","width":1547,"height":385,"caption":"Daisho"},"image":{"@id":"https:\/\/www.daisho.be\/de\/#\/schema\/logo\/image\/"}}]}},"_links":{"self":[{"href":"https:\/\/www.daisho.be\/de\/wp-json\/wp\/v2\/product\/459286","targetHints":{"allow":["GET"]}}],"collection":[{"href":"https:\/\/www.daisho.be\/de\/wp-json\/wp\/v2\/product"}],"about":[{"href":"https:\/\/www.daisho.be\/de\/wp-json\/wp\/v2\/types\/product"}],"replies":[{"embeddable":true,"href":"https:\/\/www.daisho.be\/de\/wp-json\/wp\/v2\/comments?post=459286"}],"wp:featuredmedia":[{"embeddable":true,"href":"https:\/\/www.daisho.be\/de\/wp-json\/wp\/v2\/media\/459296"}],"wp:attachment":[{"href":"https:\/\/www.daisho.be\/de\/wp-json\/wp\/v2\/media?parent=459286"}],"wp:term":[{"taxonomy":"product_brand","embeddable":true,"href":"https:\/\/www.daisho.be\/de\/wp-json\/wp\/v2\/product_brand?post=459286"},{"taxonomy":"product_cat","embeddable":true,"href":"https:\/\/www.daisho.be\/de\/wp-json\/wp\/v2\/product_cat?post=459286"},{"taxonomy":"product_tag","embeddable":true,"href":"https:\/\/www.daisho.be\/de\/wp-json\/wp\/v2\/product_tag?post=459286"},{"taxonomy":"sport","embeddable":true,"href":"https:\/\/www.daisho.be\/de\/wp-json\/wp\/v2\/sport?post=459286"}],"curies":[{"name":"wp","href":"https:\/\/api.w.org\/{rel}","templated":true}]}}