{"id":459204,"date":"2022-03-14T21:24:15","date_gmt":"2022-03-14T20:24:15","guid":{"rendered":"https:\/\/www.daisho.be\/produit\/hakama-subaru-ah350-tetron-aikido-navy\/"},"modified":"2024-12-12T13:00:43","modified_gmt":"2024-12-12T12:00:43","slug":"hakama-subaru-ah350-tetron-aikido-navy","status":"publish","type":"product","link":"https:\/\/www.daisho.be\/de\/produit\/hakama-subaru-ah350-tetron-aikido-navy\/","title":{"rendered":"Hakama Subaru &#8211; AH350 Tetron Aikido Navy"},"content":{"rendered":"<p>Der neue Standard Aikido Hakama von Tozando. Dieser strapazierf\u00e4hige Hakama wird aus traditionellem Tetron-Gewebe (65% Polyester und 35% Rayon) von unseren Handwerkern in Nishijin, Kyoto, handgefertigt. Wir haben es geschafft, Haltbarkeit, Sicherheit und eine sch\u00f6ne Form beim Tragen des Produkts durch einen sorgf\u00e4ltigen Schnitt und N\u00e4hte zu kombinieren. Wir verwenden Gummi f\u00fcr das Koshiita, um den Aufprall bei Ukemi zu absorbieren. Dar\u00fcber hinaus beh\u00e4lt dieser Hakama dank der originalen Tozando-Machart seine urspr\u00fcngliche Form und sorgt f\u00fcr flie\u00dfende Bewegungen. Da die inneren Falten des Hakama sorgf\u00e4ltig gen\u00e4ht sind, beh\u00e4lt das Produkt auch nach mehrmaligem Waschen seine sch\u00f6ne Form. Erh\u00e4ltlich in schwarz und marineblau. <\/p>\n","protected":false},"excerpt":{"rendered":"<p>Der neue Standard Aikido Hakama von Tozando. Dieser strapazierf\u00e4hige Hakama wird aus traditionellem Tetron-Gewebe (65% Polyester und 35% Rayon) von unseren Handwerkern in Nishijin, Kyoto, handgefertigt. Wir haben es geschafft, Haltbarkeit, Sicherheit und eine sch\u00f6ne Form beim Tragen des Produkts durch einen sorgf\u00e4ltigen Schnitt und N\u00e4hte zu kombinieren. Wir verwenden Gummi f\u00fcr das Koshiita, um [&hellip;]<\/p>\n","protected":false},"featured_media":459216,"comment_status":"closed","ping_status":"closed","template":"","meta":{"inline_featured_image":false},"product_brand":[],"product_cat":[2334],"product_tag":[2332],"sport":[],"class_list":{"0":"post-459204","1":"product","2":"type-product","3":"status-publish","4":"has-post-thumbnail","6":"product_cat-aikido-hakamas-de","7":"product_tag-tozando-de","8":"pa_size-23-160-163-cm","9":"pa_size-235-2","10":"pa_size-24-164-167-cm","11":"pa_size-245-2","12":"pa_size-25-168-170-cm","13":"pa_size-255-2","14":"pa_size-26-171-175-cm","15":"pa_size-265-2","17":"first","18":"instock","19":"taxable","20":"shipping-taxable","21":"purchasable","22":"product-type-variable"},"yoast_head":"<!-- This site is optimized with the Yoast SEO plugin v27.2 - https:\/\/yoast.com\/product\/yoast-seo-wordpress\/ -->\n<title>Hakama Subaru - AH350 Tetron Aikido Navy &#8211; Daisho<\/title>\n<meta name=\"description\" content=\"Der neue Standard Aikido Hakama von Tozando. Dieser strapazierf\u00e4hige Hakama wird von unseren Kunsthandwerkern in Nishijin, Kyoto, handgefertigt.\" \/>\n<meta name=\"robots\" content=\"index, follow, max-snippet:-1, max-image-preview:large, max-video-preview:-1\" \/>\n<link rel=\"canonical\" href=\"https:\/\/www.daisho.be\/de\/produit\/hakama-subaru-ah350-tetron-aikido-navy\/\" \/>\n<meta property=\"og:locale\" content=\"de_DE\" \/>\n<meta property=\"og:type\" content=\"article\" \/>\n<meta property=\"og:title\" content=\"Hakama Subaru - AH350 Tetron Aikido Navy &#8211; Daisho\" \/>\n<meta property=\"og:description\" content=\"Der neue Standard Aikido Hakama von Tozando. Dieser strapazierf\u00e4hige Hakama wird von unseren Kunsthandwerkern in Nishijin, Kyoto, handgefertigt.\" \/>\n<meta property=\"og:url\" content=\"https:\/\/www.daisho.be\/de\/produit\/hakama-subaru-ah350-tetron-aikido-navy\/\" \/>\n<meta property=\"og:site_name\" content=\"Daisho\" \/>\n<meta property=\"article:modified_time\" content=\"2024-12-12T12:00:43+00:00\" \/>\n<meta property=\"og:image\" content=\"https:\/\/www.daisho.be\/wp-content\/uploads\/2024\/06\/image-139.jpg\" \/>\n\t<meta property=\"og:image:width\" content=\"1000\" \/>\n\t<meta property=\"og:image:height\" content=\"1000\" \/>\n\t<meta property=\"og:image:type\" content=\"image\/jpeg\" \/>\n<meta name=\"twitter:card\" content=\"summary_large_image\" \/>\n<meta name=\"twitter:label1\" content=\"Gesch\u00e4tzte Lesezeit\" \/>\n\t<meta name=\"twitter:data1\" content=\"1\u00a0Minute\" \/>\n<script type=\"application\/ld+json\" class=\"yoast-schema-graph\">{\"@context\":\"https:\/\/schema.org\",\"@graph\":[{\"@type\":\"WebPage\",\"@id\":\"https:\/\/www.daisho.be\/de\/produit\/hakama-subaru-ah350-tetron-aikido-navy\/\",\"url\":\"https:\/\/www.daisho.be\/de\/produit\/hakama-subaru-ah350-tetron-aikido-navy\/\",\"name\":\"Hakama Subaru - AH350 Tetron Aikido Navy &#8211; Daisho\",\"isPartOf\":{\"@id\":\"https:\/\/www.daisho.be\/de\/#website\"},\"primaryImageOfPage\":{\"@id\":\"https:\/\/www.daisho.be\/de\/produit\/hakama-subaru-ah350-tetron-aikido-navy\/#primaryimage\"},\"image\":{\"@id\":\"https:\/\/www.daisho.be\/de\/produit\/hakama-subaru-ah350-tetron-aikido-navy\/#primaryimage\"},\"thumbnailUrl\":\"https:\/\/www.daisho.be\/wp-content\/uploads\/2024\/06\/image-139.jpg\",\"datePublished\":\"2022-03-14T20:24:15+00:00\",\"dateModified\":\"2024-12-12T12:00:43+00:00\",\"description\":\"Der neue Standard Aikido Hakama von Tozando. Dieser strapazierf\u00e4hige Hakama wird von unseren Kunsthandwerkern in Nishijin, Kyoto, handgefertigt.\",\"breadcrumb\":{\"@id\":\"https:\/\/www.daisho.be\/de\/produit\/hakama-subaru-ah350-tetron-aikido-navy\/#breadcrumb\"},\"inLanguage\":\"de\",\"potentialAction\":[{\"@type\":\"ReadAction\",\"target\":[\"https:\/\/www.daisho.be\/de\/produit\/hakama-subaru-ah350-tetron-aikido-navy\/\"]}]},{\"@type\":\"ImageObject\",\"inLanguage\":\"de\",\"@id\":\"https:\/\/www.daisho.be\/de\/produit\/hakama-subaru-ah350-tetron-aikido-navy\/#primaryimage\",\"url\":\"https:\/\/www.daisho.be\/wp-content\/uploads\/2024\/06\/image-139.jpg\",\"contentUrl\":\"https:\/\/www.daisho.be\/wp-content\/uploads\/2024\/06\/image-139.jpg\",\"width\":1000,\"height\":1000,\"caption\":\"Hakama Subaru - AH350 Tetron Aikido Navy-1\"},{\"@type\":\"BreadcrumbList\",\"@id\":\"https:\/\/www.daisho.be\/de\/produit\/hakama-subaru-ah350-tetron-aikido-navy\/#breadcrumb\",\"itemListElement\":[{\"@type\":\"ListItem\",\"position\":1,\"name\":\"Accueil\",\"item\":\"https:\/\/www.daisho.be\/de\/\"},{\"@type\":\"ListItem\",\"position\":2,\"name\":\"Produkte\",\"item\":\"https:\/\/www.daisho.be\/de\/produkte\/\"},{\"@type\":\"ListItem\",\"position\":3,\"name\":\"Ausr\u00fcstung und Kleidung f\u00fcr Kampfkunst und Kampfsport\",\"item\":\"https:\/\/www.daisho.be\/de\/categorie-produit\/ausrustung-und-kleidung-fur-kampfkunst-und-kampfsport\/\"},{\"@type\":\"ListItem\",\"position\":4,\"name\":\"A\u00efkido\",\"item\":\"https:\/\/www.daisho.be\/de\/categorie-produit\/ausrustung-und-kleidung-fur-kampfkunst-und-kampfsport\/aikido-de\/\"},{\"@type\":\"ListItem\",\"position\":5,\"name\":\"Aikido Hakamas\",\"item\":\"https:\/\/www.daisho.be\/de\/categorie-produit\/ausrustung-und-kleidung-fur-kampfkunst-und-kampfsport\/aikido-de\/aikido-hakamas-de\/\"},{\"@type\":\"ListItem\",\"position\":6,\"name\":\"Hakama Subaru &#8211; AH350 Tetron Aikido Navy\"}]},{\"@type\":\"WebSite\",\"@id\":\"https:\/\/www.daisho.be\/de\/#website\",\"url\":\"https:\/\/www.daisho.be\/de\/\",\"name\":\"Daisho\",\"description\":\"Sp&eacute;cialiste de l'&eacute;quipement sportif d'arts martiaux\",\"publisher\":{\"@id\":\"https:\/\/www.daisho.be\/de\/#organization\"},\"potentialAction\":[{\"@type\":\"SearchAction\",\"target\":{\"@type\":\"EntryPoint\",\"urlTemplate\":\"https:\/\/www.daisho.be\/de\/?s={search_term_string}\"},\"query-input\":{\"@type\":\"PropertyValueSpecification\",\"valueRequired\":true,\"valueName\":\"search_term_string\"}}],\"inLanguage\":\"de\"},{\"@type\":\"Organization\",\"@id\":\"https:\/\/www.daisho.be\/de\/#organization\",\"name\":\"Daisho\",\"url\":\"https:\/\/www.daisho.be\/de\/\",\"logo\":{\"@type\":\"ImageObject\",\"inLanguage\":\"de\",\"@id\":\"https:\/\/www.daisho.be\/de\/#\/schema\/logo\/image\/\",\"url\":\"https:\/\/www.daisho.be\/wp-content\/uploads\/2019\/07\/color-nothing-horizontale4x-e1564486100247.png\",\"contentUrl\":\"https:\/\/www.daisho.be\/wp-content\/uploads\/2019\/07\/color-nothing-horizontale4x-e1564486100247.png\",\"width\":1547,\"height\":385,\"caption\":\"Daisho\"},\"image\":{\"@id\":\"https:\/\/www.daisho.be\/de\/#\/schema\/logo\/image\/\"}}]}<\/script>\n<!-- \/ Yoast SEO plugin. -->","yoast_head_json":{"title":"Hakama Subaru - AH350 Tetron Aikido Navy &#8211; Daisho","description":"Der neue Standard Aikido Hakama von Tozando. Dieser strapazierf\u00e4hige Hakama wird von unseren Kunsthandwerkern in Nishijin, Kyoto, handgefertigt.","robots":{"index":"index","follow":"follow","max-snippet":"max-snippet:-1","max-image-preview":"max-image-preview:large","max-video-preview":"max-video-preview:-1"},"canonical":"https:\/\/www.daisho.be\/de\/produit\/hakama-subaru-ah350-tetron-aikido-navy\/","og_locale":"de_DE","og_type":"article","og_title":"Hakama Subaru - AH350 Tetron Aikido Navy &#8211; Daisho","og_description":"Der neue Standard Aikido Hakama von Tozando. Dieser strapazierf\u00e4hige Hakama wird von unseren Kunsthandwerkern in Nishijin, Kyoto, handgefertigt.","og_url":"https:\/\/www.daisho.be\/de\/produit\/hakama-subaru-ah350-tetron-aikido-navy\/","og_site_name":"Daisho","article_modified_time":"2024-12-12T12:00:43+00:00","og_image":[{"width":1000,"height":1000,"url":"https:\/\/www.daisho.be\/wp-content\/uploads\/2024\/06\/image-139.jpg","type":"image\/jpeg"}],"twitter_card":"summary_large_image","twitter_misc":{"Gesch\u00e4tzte Lesezeit":"1\u00a0Minute"},"schema":{"@context":"https:\/\/schema.org","@graph":[{"@type":"WebPage","@id":"https:\/\/www.daisho.be\/de\/produit\/hakama-subaru-ah350-tetron-aikido-navy\/","url":"https:\/\/www.daisho.be\/de\/produit\/hakama-subaru-ah350-tetron-aikido-navy\/","name":"Hakama Subaru - AH350 Tetron Aikido Navy &#8211; Daisho","isPartOf":{"@id":"https:\/\/www.daisho.be\/de\/#website"},"primaryImageOfPage":{"@id":"https:\/\/www.daisho.be\/de\/produit\/hakama-subaru-ah350-tetron-aikido-navy\/#primaryimage"},"image":{"@id":"https:\/\/www.daisho.be\/de\/produit\/hakama-subaru-ah350-tetron-aikido-navy\/#primaryimage"},"thumbnailUrl":"https:\/\/www.daisho.be\/wp-content\/uploads\/2024\/06\/image-139.jpg","datePublished":"2022-03-14T20:24:15+00:00","dateModified":"2024-12-12T12:00:43+00:00","description":"Der neue Standard Aikido Hakama von Tozando. Dieser strapazierf\u00e4hige Hakama wird von unseren Kunsthandwerkern in Nishijin, Kyoto, handgefertigt.","breadcrumb":{"@id":"https:\/\/www.daisho.be\/de\/produit\/hakama-subaru-ah350-tetron-aikido-navy\/#breadcrumb"},"inLanguage":"de","potentialAction":[{"@type":"ReadAction","target":["https:\/\/www.daisho.be\/de\/produit\/hakama-subaru-ah350-tetron-aikido-navy\/"]}]},{"@type":"ImageObject","inLanguage":"de","@id":"https:\/\/www.daisho.be\/de\/produit\/hakama-subaru-ah350-tetron-aikido-navy\/#primaryimage","url":"https:\/\/www.daisho.be\/wp-content\/uploads\/2024\/06\/image-139.jpg","contentUrl":"https:\/\/www.daisho.be\/wp-content\/uploads\/2024\/06\/image-139.jpg","width":1000,"height":1000,"caption":"Hakama Subaru - AH350 Tetron Aikido Navy-1"},{"@type":"BreadcrumbList","@id":"https:\/\/www.daisho.be\/de\/produit\/hakama-subaru-ah350-tetron-aikido-navy\/#breadcrumb","itemListElement":[{"@type":"ListItem","position":1,"name":"Accueil","item":"https:\/\/www.daisho.be\/de\/"},{"@type":"ListItem","position":2,"name":"Produkte","item":"https:\/\/www.daisho.be\/de\/produkte\/"},{"@type":"ListItem","position":3,"name":"Ausr\u00fcstung und Kleidung f\u00fcr Kampfkunst und Kampfsport","item":"https:\/\/www.daisho.be\/de\/categorie-produit\/ausrustung-und-kleidung-fur-kampfkunst-und-kampfsport\/"},{"@type":"ListItem","position":4,"name":"A\u00efkido","item":"https:\/\/www.daisho.be\/de\/categorie-produit\/ausrustung-und-kleidung-fur-kampfkunst-und-kampfsport\/aikido-de\/"},{"@type":"ListItem","position":5,"name":"Aikido Hakamas","item":"https:\/\/www.daisho.be\/de\/categorie-produit\/ausrustung-und-kleidung-fur-kampfkunst-und-kampfsport\/aikido-de\/aikido-hakamas-de\/"},{"@type":"ListItem","position":6,"name":"Hakama Subaru &#8211; AH350 Tetron Aikido Navy"}]},{"@type":"WebSite","@id":"https:\/\/www.daisho.be\/de\/#website","url":"https:\/\/www.daisho.be\/de\/","name":"Daisho","description":"Sp&eacute;cialiste de l'&eacute;quipement sportif d'arts martiaux","publisher":{"@id":"https:\/\/www.daisho.be\/de\/#organization"},"potentialAction":[{"@type":"SearchAction","target":{"@type":"EntryPoint","urlTemplate":"https:\/\/www.daisho.be\/de\/?s={search_term_string}"},"query-input":{"@type":"PropertyValueSpecification","valueRequired":true,"valueName":"search_term_string"}}],"inLanguage":"de"},{"@type":"Organization","@id":"https:\/\/www.daisho.be\/de\/#organization","name":"Daisho","url":"https:\/\/www.daisho.be\/de\/","logo":{"@type":"ImageObject","inLanguage":"de","@id":"https:\/\/www.daisho.be\/de\/#\/schema\/logo\/image\/","url":"https:\/\/www.daisho.be\/wp-content\/uploads\/2019\/07\/color-nothing-horizontale4x-e1564486100247.png","contentUrl":"https:\/\/www.daisho.be\/wp-content\/uploads\/2019\/07\/color-nothing-horizontale4x-e1564486100247.png","width":1547,"height":385,"caption":"Daisho"},"image":{"@id":"https:\/\/www.daisho.be\/de\/#\/schema\/logo\/image\/"}}]}},"_links":{"self":[{"href":"https:\/\/www.daisho.be\/de\/wp-json\/wp\/v2\/product\/459204","targetHints":{"allow":["GET"]}}],"collection":[{"href":"https:\/\/www.daisho.be\/de\/wp-json\/wp\/v2\/product"}],"about":[{"href":"https:\/\/www.daisho.be\/de\/wp-json\/wp\/v2\/types\/product"}],"replies":[{"embeddable":true,"href":"https:\/\/www.daisho.be\/de\/wp-json\/wp\/v2\/comments?post=459204"}],"wp:featuredmedia":[{"embeddable":true,"href":"https:\/\/www.daisho.be\/de\/wp-json\/wp\/v2\/media\/459216"}],"wp:attachment":[{"href":"https:\/\/www.daisho.be\/de\/wp-json\/wp\/v2\/media?parent=459204"}],"wp:term":[{"taxonomy":"product_brand","embeddable":true,"href":"https:\/\/www.daisho.be\/de\/wp-json\/wp\/v2\/product_brand?post=459204"},{"taxonomy":"product_cat","embeddable":true,"href":"https:\/\/www.daisho.be\/de\/wp-json\/wp\/v2\/product_cat?post=459204"},{"taxonomy":"product_tag","embeddable":true,"href":"https:\/\/www.daisho.be\/de\/wp-json\/wp\/v2\/product_tag?post=459204"},{"taxonomy":"sport","embeddable":true,"href":"https:\/\/www.daisho.be\/de\/wp-json\/wp\/v2\/sport?post=459204"}],"curies":[{"name":"wp","href":"https:\/\/api.w.org\/{rel}","templated":true}]}}