{"id":459190,"date":"2022-03-14T22:04:05","date_gmt":"2022-03-14T21:04:05","guid":{"rendered":"https:\/\/www.daisho.be\/produit\/keikogi-set-ai-hohe-qualitaet-slim\/"},"modified":"2022-03-14T22:04:05","modified_gmt":"2022-03-14T21:04:05","slug":"keikogi-set-ai-hohe-qualitaet-slim","status":"publish","type":"product","link":"https:\/\/www.daisho.be\/de\/produit\/keikogi-set-ai-hohe-qualitaet-slim\/","title":{"rendered":"Keikogi-Set &#8222;AI&#8220; Hohe Qualit\u00e4t &#8211; Slim"},"content":{"rendered":"<p>Dies ist ein hochwertiger Kimono und eine Hose, die traditionell f\u00fcr Aikido hergestellt werden.<br \/>\nDas Aikidogi-Oberteil wird traditionell mit einer einzigen Lage mittelschwerer Sashiko-Webart auf der Oberseite f\u00fcr die Haltbarkeit und mit rechteckigen Mustern, Hishizashi, auf der Unterseite f\u00fcr die Flexibilit\u00e4t hergestellt. Es ist so gefertigt, dass es ein perfektes Gleichgewicht zwischen Dicke und Gewicht aufweist. Diese Eigenschaft macht es m\u00f6glich, dass es das ganze Jahr \u00fcber verwendet werden kann. Der Sashiko-Stoff wird in Japan gewebt und hat einen hohen Standard in Bezug auf Aussehen und Qualit\u00e4t. Wir haben die R\u00fcckseite des Kimonos nahtlos verarbeitet, damit Sie keine Schmerzen haben und sich nicht unbehaglich f\u00fchlen, wenn Sie w\u00e4hrend des Ukemi auf den R\u00fccken fallen. Die Hose ist aus dickem, strapazierf\u00e4higem Baumwollgewebe gefertigt, das vorne und an der Unterseite der Oberschenkel gef\u00fcttert ist, um die Hose f\u00fcr die kniende Position zu verst\u00e4rken. Die anderen Teile der Hose sind aus einfachem Leinen gefertigt, das schnell trocknet und angenehmer zu tragen ist. Die Hose ist eng und wird an den H\u00fcften mit Schn\u00fcren gest\u00fctzt. Im Gegensatz zu vielen &#8222;Aikido-Kimonos&#8220;, die von anderen Marken verkauft werden, die Judo-Uniformen als &#8222;Aikido-Uniformen&#8220; verkaufen, sind Tozando Aikido Kimonos und Hosen speziell f\u00fcr Aikido hergestellt. Zum Beispiel hat unser Aikido Kimono einen tieferen Schnitt in der Achselh\u00f6hle, um eine bessere Passform zu gew\u00e4hrleisten und um zu verhindern, dass der Kimono seine Form verliert, wenn Sie ihn tragen. Ohne die N\u00e4hte am R\u00fccken werden Sie auch keine Schmerzen haben, wenn Sie beim Ukemi fallen. Die Hose ist so gefertigt, dass sie stark und leicht zu bewegen ist, wobei zu beachten ist, dass Kimono und Hose den einzigartigen Bewegungen des Aikido-Trainers standhalten k\u00f6nnen. Sehr empfehlenswert f\u00fcr Anf\u00e4nger und Fortgeschrittene. Dieser Kimono und die Hose werden von erfahrenen Handwerkern in den Tozando-Fabriken in Iwate, Japan, hergestellt. Eigenschaften:<br \/>\n&#8211; Kimono und Hose sind aus 100% Baumwolle gefertigt<br \/>\n&#8211; Sashiko-Webung auf dem Oberteil und Hishizashi-Muster auf dem Unterteil<br \/>\n&#8211; Nahtlos auf dem R\u00fccken<br \/>\n&#8211; Regular Fit und Slim Fit &#8222;Y Type&#8220; sind erh\u00e4ltlich. &#8211; Empfohlen f\u00fcr Anf\u00e4nger und Fortgeschrittene.  <\/p>\n","protected":false},"excerpt":{"rendered":"<p>Dies ist ein hochwertiger Kimono und eine Hose, die traditionell f\u00fcr Aikido hergestellt werden. Das Aikidogi-Oberteil wird traditionell mit einer einzigen Lage mittelschwerer Sashiko-Webart auf der Oberseite f\u00fcr die Haltbarkeit und mit rechteckigen Mustern, Hishizashi, auf der Unterseite f\u00fcr die Flexibilit\u00e4t hergestellt. Es ist so gefertigt, dass es ein perfektes Gleichgewicht zwischen Dicke und Gewicht [&hellip;]<\/p>\n","protected":false},"featured_media":459198,"comment_status":"open","ping_status":"closed","template":"","meta":{"inline_featured_image":false},"product_brand":[],"product_cat":[2127],"product_tag":[2332],"sport":[],"class_list":{"0":"post-459190","1":"product","2":"type-product","3":"status-publish","4":"has-post-thumbnail","6":"product_cat-aikido-kimonos-de","7":"product_tag-tozando-de","8":"pa_size-85","9":"pa_size-35-2","10":"pa_size-84","11":"pa_size-45-2","13":"first","14":"instock","15":"taxable","16":"shipping-taxable","17":"purchasable","18":"product-type-variable"},"yoast_head":"<!-- This site is optimized with the Yoast SEO plugin v27.2 - https:\/\/yoast.com\/product\/yoast-seo-wordpress\/ -->\n<title>Keikogi-Set &quot;AI&quot; Hohe Qualit\u00e4t - Slim &#8211; Daisho<\/title>\n<meta name=\"robots\" content=\"index, follow, max-snippet:-1, max-image-preview:large, max-video-preview:-1\" \/>\n<link rel=\"canonical\" href=\"https:\/\/www.daisho.be\/de\/produit\/keikogi-set-ai-hohe-qualitaet-slim\/\" \/>\n<meta property=\"og:locale\" content=\"de_DE\" \/>\n<meta property=\"og:type\" content=\"article\" \/>\n<meta property=\"og:title\" content=\"Keikogi-Set &quot;AI&quot; Hohe Qualit\u00e4t - Slim &#8211; Daisho\" \/>\n<meta property=\"og:description\" content=\"Dies ist ein hochwertiger Kimono und eine Hose, die traditionell f\u00fcr Aikido hergestellt werden. Das Aikidogi-Oberteil wird traditionell mit einer einzigen Lage mittelschwerer Sashiko-Webart auf der Oberseite f\u00fcr die Haltbarkeit und mit rechteckigen Mustern, Hishizashi, auf der Unterseite f\u00fcr die Flexibilit\u00e4t hergestellt. Es ist so gefertigt, dass es ein perfektes Gleichgewicht zwischen Dicke und Gewicht [&hellip;]\" \/>\n<meta property=\"og:url\" content=\"https:\/\/www.daisho.be\/de\/produit\/keikogi-set-ai-hohe-qualitaet-slim\/\" \/>\n<meta property=\"og:site_name\" content=\"Daisho\" \/>\n<meta property=\"og:image\" content=\"https:\/\/www.daisho.be\/wp-content\/uploads\/2022\/03\/image-78.jpg\" \/>\n\t<meta property=\"og:image:width\" content=\"600\" \/>\n\t<meta property=\"og:image:height\" content=\"600\" \/>\n\t<meta property=\"og:image:type\" content=\"image\/jpeg\" \/>\n<meta name=\"twitter:card\" content=\"summary_large_image\" \/>\n<meta name=\"twitter:label1\" content=\"Gesch\u00e4tzte Lesezeit\" \/>\n\t<meta name=\"twitter:data1\" content=\"2\u00a0Minuten\" \/>\n<script type=\"application\/ld+json\" class=\"yoast-schema-graph\">{\"@context\":\"https:\/\/schema.org\",\"@graph\":[{\"@type\":\"WebPage\",\"@id\":\"https:\/\/www.daisho.be\/de\/produit\/keikogi-set-ai-hohe-qualitaet-slim\/\",\"url\":\"https:\/\/www.daisho.be\/de\/produit\/keikogi-set-ai-hohe-qualitaet-slim\/\",\"name\":\"Keikogi-Set \\\"AI\\\" Hohe Qualit\u00e4t - Slim &#8211; Daisho\",\"isPartOf\":{\"@id\":\"https:\/\/www.daisho.be\/de\/#website\"},\"primaryImageOfPage\":{\"@id\":\"https:\/\/www.daisho.be\/de\/produit\/keikogi-set-ai-hohe-qualitaet-slim\/#primaryimage\"},\"image\":{\"@id\":\"https:\/\/www.daisho.be\/de\/produit\/keikogi-set-ai-hohe-qualitaet-slim\/#primaryimage\"},\"thumbnailUrl\":\"https:\/\/www.daisho.be\/wp-content\/uploads\/2022\/03\/image-78.jpg\",\"datePublished\":\"2022-03-14T21:04:05+00:00\",\"breadcrumb\":{\"@id\":\"https:\/\/www.daisho.be\/de\/produit\/keikogi-set-ai-hohe-qualitaet-slim\/#breadcrumb\"},\"inLanguage\":\"de\",\"potentialAction\":[{\"@type\":\"ReadAction\",\"target\":[\"https:\/\/www.daisho.be\/de\/produit\/keikogi-set-ai-hohe-qualitaet-slim\/\"]}]},{\"@type\":\"ImageObject\",\"inLanguage\":\"de\",\"@id\":\"https:\/\/www.daisho.be\/de\/produit\/keikogi-set-ai-hohe-qualitaet-slim\/#primaryimage\",\"url\":\"https:\/\/www.daisho.be\/wp-content\/uploads\/2022\/03\/image-78.jpg\",\"contentUrl\":\"https:\/\/www.daisho.be\/wp-content\/uploads\/2022\/03\/image-78.jpg\",\"width\":600,\"height\":600},{\"@type\":\"BreadcrumbList\",\"@id\":\"https:\/\/www.daisho.be\/de\/produit\/keikogi-set-ai-hohe-qualitaet-slim\/#breadcrumb\",\"itemListElement\":[{\"@type\":\"ListItem\",\"position\":1,\"name\":\"Accueil\",\"item\":\"https:\/\/www.daisho.be\/de\/\"},{\"@type\":\"ListItem\",\"position\":2,\"name\":\"Produkte\",\"item\":\"https:\/\/www.daisho.be\/de\/produkte\/\"},{\"@type\":\"ListItem\",\"position\":3,\"name\":\"Ausr\u00fcstung und Kleidung f\u00fcr Kampfkunst und Kampfsport\",\"item\":\"https:\/\/www.daisho.be\/de\/categorie-produit\/ausrustung-und-kleidung-fur-kampfkunst-und-kampfsport\/\"},{\"@type\":\"ListItem\",\"position\":4,\"name\":\"A\u00efkido\",\"item\":\"https:\/\/www.daisho.be\/de\/categorie-produit\/ausrustung-und-kleidung-fur-kampfkunst-und-kampfsport\/aikido-de\/\"},{\"@type\":\"ListItem\",\"position\":5,\"name\":\"Aikido Kimonos\",\"item\":\"https:\/\/www.daisho.be\/de\/categorie-produit\/ausrustung-und-kleidung-fur-kampfkunst-und-kampfsport\/aikido-de\/aikido-kimonos-de\/\"},{\"@type\":\"ListItem\",\"position\":6,\"name\":\"Keikogi-Set &#8222;AI&#8220; Hohe Qualit\u00e4t &#8211; Slim\"}]},{\"@type\":\"WebSite\",\"@id\":\"https:\/\/www.daisho.be\/de\/#website\",\"url\":\"https:\/\/www.daisho.be\/de\/\",\"name\":\"Daisho\",\"description\":\"Sp&eacute;cialiste de l'&eacute;quipement sportif d'arts martiaux\",\"publisher\":{\"@id\":\"https:\/\/www.daisho.be\/de\/#organization\"},\"potentialAction\":[{\"@type\":\"SearchAction\",\"target\":{\"@type\":\"EntryPoint\",\"urlTemplate\":\"https:\/\/www.daisho.be\/de\/?s={search_term_string}\"},\"query-input\":{\"@type\":\"PropertyValueSpecification\",\"valueRequired\":true,\"valueName\":\"search_term_string\"}}],\"inLanguage\":\"de\"},{\"@type\":\"Organization\",\"@id\":\"https:\/\/www.daisho.be\/de\/#organization\",\"name\":\"Daisho\",\"url\":\"https:\/\/www.daisho.be\/de\/\",\"logo\":{\"@type\":\"ImageObject\",\"inLanguage\":\"de\",\"@id\":\"https:\/\/www.daisho.be\/de\/#\/schema\/logo\/image\/\",\"url\":\"https:\/\/www.daisho.be\/wp-content\/uploads\/2019\/07\/color-nothing-horizontale4x-e1564486100247.png\",\"contentUrl\":\"https:\/\/www.daisho.be\/wp-content\/uploads\/2019\/07\/color-nothing-horizontale4x-e1564486100247.png\",\"width\":1547,\"height\":385,\"caption\":\"Daisho\"},\"image\":{\"@id\":\"https:\/\/www.daisho.be\/de\/#\/schema\/logo\/image\/\"}}]}<\/script>\n<!-- \/ Yoast SEO plugin. -->","yoast_head_json":{"title":"Keikogi-Set \"AI\" Hohe Qualit\u00e4t - Slim &#8211; Daisho","robots":{"index":"index","follow":"follow","max-snippet":"max-snippet:-1","max-image-preview":"max-image-preview:large","max-video-preview":"max-video-preview:-1"},"canonical":"https:\/\/www.daisho.be\/de\/produit\/keikogi-set-ai-hohe-qualitaet-slim\/","og_locale":"de_DE","og_type":"article","og_title":"Keikogi-Set \"AI\" Hohe Qualit\u00e4t - Slim &#8211; Daisho","og_description":"Dies ist ein hochwertiger Kimono und eine Hose, die traditionell f\u00fcr Aikido hergestellt werden. Das Aikidogi-Oberteil wird traditionell mit einer einzigen Lage mittelschwerer Sashiko-Webart auf der Oberseite f\u00fcr die Haltbarkeit und mit rechteckigen Mustern, Hishizashi, auf der Unterseite f\u00fcr die Flexibilit\u00e4t hergestellt. Es ist so gefertigt, dass es ein perfektes Gleichgewicht zwischen Dicke und Gewicht [&hellip;]","og_url":"https:\/\/www.daisho.be\/de\/produit\/keikogi-set-ai-hohe-qualitaet-slim\/","og_site_name":"Daisho","og_image":[{"width":600,"height":600,"url":"https:\/\/www.daisho.be\/wp-content\/uploads\/2022\/03\/image-78.jpg","type":"image\/jpeg"}],"twitter_card":"summary_large_image","twitter_misc":{"Gesch\u00e4tzte Lesezeit":"2\u00a0Minuten"},"schema":{"@context":"https:\/\/schema.org","@graph":[{"@type":"WebPage","@id":"https:\/\/www.daisho.be\/de\/produit\/keikogi-set-ai-hohe-qualitaet-slim\/","url":"https:\/\/www.daisho.be\/de\/produit\/keikogi-set-ai-hohe-qualitaet-slim\/","name":"Keikogi-Set \"AI\" Hohe Qualit\u00e4t - Slim &#8211; Daisho","isPartOf":{"@id":"https:\/\/www.daisho.be\/de\/#website"},"primaryImageOfPage":{"@id":"https:\/\/www.daisho.be\/de\/produit\/keikogi-set-ai-hohe-qualitaet-slim\/#primaryimage"},"image":{"@id":"https:\/\/www.daisho.be\/de\/produit\/keikogi-set-ai-hohe-qualitaet-slim\/#primaryimage"},"thumbnailUrl":"https:\/\/www.daisho.be\/wp-content\/uploads\/2022\/03\/image-78.jpg","datePublished":"2022-03-14T21:04:05+00:00","breadcrumb":{"@id":"https:\/\/www.daisho.be\/de\/produit\/keikogi-set-ai-hohe-qualitaet-slim\/#breadcrumb"},"inLanguage":"de","potentialAction":[{"@type":"ReadAction","target":["https:\/\/www.daisho.be\/de\/produit\/keikogi-set-ai-hohe-qualitaet-slim\/"]}]},{"@type":"ImageObject","inLanguage":"de","@id":"https:\/\/www.daisho.be\/de\/produit\/keikogi-set-ai-hohe-qualitaet-slim\/#primaryimage","url":"https:\/\/www.daisho.be\/wp-content\/uploads\/2022\/03\/image-78.jpg","contentUrl":"https:\/\/www.daisho.be\/wp-content\/uploads\/2022\/03\/image-78.jpg","width":600,"height":600},{"@type":"BreadcrumbList","@id":"https:\/\/www.daisho.be\/de\/produit\/keikogi-set-ai-hohe-qualitaet-slim\/#breadcrumb","itemListElement":[{"@type":"ListItem","position":1,"name":"Accueil","item":"https:\/\/www.daisho.be\/de\/"},{"@type":"ListItem","position":2,"name":"Produkte","item":"https:\/\/www.daisho.be\/de\/produkte\/"},{"@type":"ListItem","position":3,"name":"Ausr\u00fcstung und Kleidung f\u00fcr Kampfkunst und Kampfsport","item":"https:\/\/www.daisho.be\/de\/categorie-produit\/ausrustung-und-kleidung-fur-kampfkunst-und-kampfsport\/"},{"@type":"ListItem","position":4,"name":"A\u00efkido","item":"https:\/\/www.daisho.be\/de\/categorie-produit\/ausrustung-und-kleidung-fur-kampfkunst-und-kampfsport\/aikido-de\/"},{"@type":"ListItem","position":5,"name":"Aikido Kimonos","item":"https:\/\/www.daisho.be\/de\/categorie-produit\/ausrustung-und-kleidung-fur-kampfkunst-und-kampfsport\/aikido-de\/aikido-kimonos-de\/"},{"@type":"ListItem","position":6,"name":"Keikogi-Set &#8222;AI&#8220; Hohe Qualit\u00e4t &#8211; Slim"}]},{"@type":"WebSite","@id":"https:\/\/www.daisho.be\/de\/#website","url":"https:\/\/www.daisho.be\/de\/","name":"Daisho","description":"Sp&eacute;cialiste de l'&eacute;quipement sportif d'arts martiaux","publisher":{"@id":"https:\/\/www.daisho.be\/de\/#organization"},"potentialAction":[{"@type":"SearchAction","target":{"@type":"EntryPoint","urlTemplate":"https:\/\/www.daisho.be\/de\/?s={search_term_string}"},"query-input":{"@type":"PropertyValueSpecification","valueRequired":true,"valueName":"search_term_string"}}],"inLanguage":"de"},{"@type":"Organization","@id":"https:\/\/www.daisho.be\/de\/#organization","name":"Daisho","url":"https:\/\/www.daisho.be\/de\/","logo":{"@type":"ImageObject","inLanguage":"de","@id":"https:\/\/www.daisho.be\/de\/#\/schema\/logo\/image\/","url":"https:\/\/www.daisho.be\/wp-content\/uploads\/2019\/07\/color-nothing-horizontale4x-e1564486100247.png","contentUrl":"https:\/\/www.daisho.be\/wp-content\/uploads\/2019\/07\/color-nothing-horizontale4x-e1564486100247.png","width":1547,"height":385,"caption":"Daisho"},"image":{"@id":"https:\/\/www.daisho.be\/de\/#\/schema\/logo\/image\/"}}]}},"_links":{"self":[{"href":"https:\/\/www.daisho.be\/de\/wp-json\/wp\/v2\/product\/459190","targetHints":{"allow":["GET"]}}],"collection":[{"href":"https:\/\/www.daisho.be\/de\/wp-json\/wp\/v2\/product"}],"about":[{"href":"https:\/\/www.daisho.be\/de\/wp-json\/wp\/v2\/types\/product"}],"replies":[{"embeddable":true,"href":"https:\/\/www.daisho.be\/de\/wp-json\/wp\/v2\/comments?post=459190"}],"wp:featuredmedia":[{"embeddable":true,"href":"https:\/\/www.daisho.be\/de\/wp-json\/wp\/v2\/media\/459198"}],"wp:attachment":[{"href":"https:\/\/www.daisho.be\/de\/wp-json\/wp\/v2\/media?parent=459190"}],"wp:term":[{"taxonomy":"product_brand","embeddable":true,"href":"https:\/\/www.daisho.be\/de\/wp-json\/wp\/v2\/product_brand?post=459190"},{"taxonomy":"product_cat","embeddable":true,"href":"https:\/\/www.daisho.be\/de\/wp-json\/wp\/v2\/product_cat?post=459190"},{"taxonomy":"product_tag","embeddable":true,"href":"https:\/\/www.daisho.be\/de\/wp-json\/wp\/v2\/product_tag?post=459190"},{"taxonomy":"sport","embeddable":true,"href":"https:\/\/www.daisho.be\/de\/wp-json\/wp\/v2\/sport?post=459190"}],"curies":[{"name":"wp","href":"https:\/\/api.w.org\/{rel}","templated":true}]}}