{"id":459054,"date":"2022-03-14T23:32:39","date_gmt":"2022-03-14T22:32:39","guid":{"rendered":"https:\/\/www.daisho.be\/produit\/4-21-shaku-jo-bo-weisseiche-8-bu-24-2mm\/"},"modified":"2026-01-03T13:39:26","modified_gmt":"2026-01-03T12:39:26","slug":"4-21-shaku-jo-bo-weisseiche-8-bu-24-2mm","status":"publish","type":"product","link":"https:\/\/www.daisho.be\/de\/produit\/4-21-shaku-jo-bo-weisseiche-8-bu-24-2mm\/","title":{"rendered":"Jo\/Bo 4.21 Shaku oder 127,6 cm &#8211; Wei\u00dfeiche 8 bu &#8211; 24.2mm &#8211; made in Japan"},"content":{"rendered":"<p>Der Jo ist ein kurzer Stock, der im Jodo, Aikido und verschiedenen Stilen des Bujutsu Koryu verwendet wird.<br \/>\nEs ist ein einfacher Stock, der verschiedene L\u00e4ngen haben kann.<br \/>\nDie gebr\u00e4uchlichste L\u00e4nge ist etwa 127,6 cm, was 4.21 Shaku entspricht. Shaku ist eine traditionelle japanische Ma\u00dfeinheit.<br \/>\nUnsere Jo werden in der Aramaki Werkstatt in Kyushu aus lokalen Materialien hergestellt.<br \/>\nSie k\u00f6nnen zwischen japanischer Roteiche und Wei\u00dfeiche w\u00e4hlen.<br \/>\nRote Eiche ist leicht und einfach zu handhaben, w\u00e4hrend wei\u00dfe Eiche dichter und schwerer ist &#8211; besser geeignet f\u00fcr ein kr\u00e4ftiges Kontakttraining. <\/p>\n","protected":false},"excerpt":{"rendered":"<p>Der Jo ist ein kurzer Stock, der im Jodo, Aikido und verschiedenen Stilen des Bujutsu Koryu verwendet wird. Es ist ein einfacher Stock, der verschiedene L\u00e4ngen haben kann. Die gebr\u00e4uchlichste L\u00e4nge ist etwa 127,6 cm, was 4.21 Shaku entspricht. Shaku ist eine traditionelle japanische Ma\u00dfeinheit. Unsere Jo werden in der Aramaki Werkstatt in Kyushu aus [&hellip;]<\/p>\n","protected":false},"featured_media":649481,"comment_status":"open","ping_status":"closed","template":"","meta":{"inline_featured_image":false},"product_brand":[],"product_cat":[2115,2120,2121],"product_tag":[2332],"sport":[],"class_list":{"0":"post-459054","1":"product","2":"type-product","3":"status-publish","4":"has-post-thumbnail","6":"product_cat-waffen","7":"product_cat-waffen-fur-aikido","8":"product_cat-waffen-fur-kendo-und-iaido","9":"product_tag-tozando-de","10":"product_shipping_class-grose-produkte","11":"pa_size-439","13":"first","14":"instock","15":"taxable","16":"shipping-taxable","17":"purchasable","18":"product-type-variable"},"yoast_head":"<!-- This site is optimized with the Yoast SEO plugin v27.2 - https:\/\/yoast.com\/product\/yoast-seo-wordpress\/ -->\n<title>Jo\/Bo 4.21 Shaku oder 127,6 cm - Wei\u00dfeiche 8 bu - 24.2mm - made in Japan &#8211; Daisho<\/title>\n<meta name=\"robots\" content=\"index, follow, max-snippet:-1, max-image-preview:large, max-video-preview:-1\" \/>\n<link rel=\"canonical\" href=\"https:\/\/www.daisho.be\/de\/produit\/4-21-shaku-jo-bo-weisseiche-8-bu-24-2mm\/\" \/>\n<meta property=\"og:locale\" content=\"de_DE\" \/>\n<meta property=\"og:type\" content=\"article\" \/>\n<meta property=\"og:title\" content=\"Jo\/Bo 4.21 Shaku oder 127,6 cm - Wei\u00dfeiche 8 bu - 24.2mm - made in Japan &#8211; Daisho\" \/>\n<meta property=\"og:description\" content=\"Der Jo ist ein kurzer Stock, der im Jodo, Aikido und verschiedenen Stilen des Bujutsu Koryu verwendet wird. Es ist ein einfacher Stock, der verschiedene L\u00e4ngen haben kann. Die gebr\u00e4uchlichste L\u00e4nge ist etwa 127,6 cm, was 4.21 Shaku entspricht. Shaku ist eine traditionelle japanische Ma\u00dfeinheit. Unsere Jo werden in der Aramaki Werkstatt in Kyushu aus [&hellip;]\" \/>\n<meta property=\"og:url\" content=\"https:\/\/www.daisho.be\/de\/produit\/4-21-shaku-jo-bo-weisseiche-8-bu-24-2mm\/\" \/>\n<meta property=\"og:site_name\" content=\"Daisho\" \/>\n<meta property=\"article:modified_time\" content=\"2026-01-03T12:39:26+00:00\" \/>\n<meta property=\"og:image\" content=\"https:\/\/www.daisho.be\/wp-content\/uploads\/2026\/01\/image-6.jpg\" \/>\n\t<meta property=\"og:image:width\" content=\"389\" \/>\n\t<meta property=\"og:image:height\" content=\"389\" \/>\n\t<meta property=\"og:image:type\" content=\"image\/jpeg\" \/>\n<meta name=\"twitter:card\" content=\"summary_large_image\" \/>\n<script type=\"application\/ld+json\" class=\"yoast-schema-graph\">{\"@context\":\"https:\/\/schema.org\",\"@graph\":[{\"@type\":\"WebPage\",\"@id\":\"https:\/\/www.daisho.be\/de\/produit\/4-21-shaku-jo-bo-weisseiche-8-bu-24-2mm\/\",\"url\":\"https:\/\/www.daisho.be\/de\/produit\/4-21-shaku-jo-bo-weisseiche-8-bu-24-2mm\/\",\"name\":\"Jo\/Bo 4.21 Shaku oder 127,6 cm - Wei\u00dfeiche 8 bu - 24.2mm - made in Japan &#8211; Daisho\",\"isPartOf\":{\"@id\":\"https:\/\/www.daisho.be\/de\/#website\"},\"primaryImageOfPage\":{\"@id\":\"https:\/\/www.daisho.be\/de\/produit\/4-21-shaku-jo-bo-weisseiche-8-bu-24-2mm\/#primaryimage\"},\"image\":{\"@id\":\"https:\/\/www.daisho.be\/de\/produit\/4-21-shaku-jo-bo-weisseiche-8-bu-24-2mm\/#primaryimage\"},\"thumbnailUrl\":\"https:\/\/www.daisho.be\/wp-content\/uploads\/2026\/01\/image-6.jpg\",\"datePublished\":\"2022-03-14T22:32:39+00:00\",\"dateModified\":\"2026-01-03T12:39:26+00:00\",\"breadcrumb\":{\"@id\":\"https:\/\/www.daisho.be\/de\/produit\/4-21-shaku-jo-bo-weisseiche-8-bu-24-2mm\/#breadcrumb\"},\"inLanguage\":\"de\",\"potentialAction\":[{\"@type\":\"ReadAction\",\"target\":[\"https:\/\/www.daisho.be\/de\/produit\/4-21-shaku-jo-bo-weisseiche-8-bu-24-2mm\/\"]}]},{\"@type\":\"ImageObject\",\"inLanguage\":\"de\",\"@id\":\"https:\/\/www.daisho.be\/de\/produit\/4-21-shaku-jo-bo-weisseiche-8-bu-24-2mm\/#primaryimage\",\"url\":\"https:\/\/www.daisho.be\/wp-content\/uploads\/2026\/01\/image-6.jpg\",\"contentUrl\":\"https:\/\/www.daisho.be\/wp-content\/uploads\/2026\/01\/image-6.jpg\",\"width\":389,\"height\":389,\"caption\":\"Jo\/Bo 4.21 Shaku oder 127,6 cm - Wei\u00dfeiche 8 bu - 24.2mm - made in Japan-1\"},{\"@type\":\"BreadcrumbList\",\"@id\":\"https:\/\/www.daisho.be\/de\/produit\/4-21-shaku-jo-bo-weisseiche-8-bu-24-2mm\/#breadcrumb\",\"itemListElement\":[{\"@type\":\"ListItem\",\"position\":1,\"name\":\"Accueil\",\"item\":\"https:\/\/www.daisho.be\/de\/\"},{\"@type\":\"ListItem\",\"position\":2,\"name\":\"Produkte\",\"item\":\"https:\/\/www.daisho.be\/de\/produkte\/\"},{\"@type\":\"ListItem\",\"position\":3,\"name\":\"Ausr\u00fcstung und Kleidung f\u00fcr Kampfkunst und Kampfsport\",\"item\":\"https:\/\/www.daisho.be\/de\/categorie-produit\/ausrustung-und-kleidung-fur-kampfkunst-und-kampfsport\/\"},{\"@type\":\"ListItem\",\"position\":4,\"name\":\"A\u00efkido\",\"item\":\"https:\/\/www.daisho.be\/de\/categorie-produit\/ausrustung-und-kleidung-fur-kampfkunst-und-kampfsport\/aikido-de\/\"},{\"@type\":\"ListItem\",\"position\":5,\"name\":\"Waffen f\u00fcr Aikido\",\"item\":\"https:\/\/www.daisho.be\/de\/categorie-produit\/ausrustung-und-kleidung-fur-kampfkunst-und-kampfsport\/aikido-de\/waffen-fur-aikido\/\"},{\"@type\":\"ListItem\",\"position\":6,\"name\":\"Jo\/Bo 4.21 Shaku oder 127,6 cm &#8211; Wei\u00dfeiche 8 bu &#8211; 24.2mm &#8211; made in Japan\"}]},{\"@type\":\"WebSite\",\"@id\":\"https:\/\/www.daisho.be\/de\/#website\",\"url\":\"https:\/\/www.daisho.be\/de\/\",\"name\":\"Daisho\",\"description\":\"Sp&eacute;cialiste de l'&eacute;quipement sportif d'arts martiaux\",\"publisher\":{\"@id\":\"https:\/\/www.daisho.be\/de\/#organization\"},\"potentialAction\":[{\"@type\":\"SearchAction\",\"target\":{\"@type\":\"EntryPoint\",\"urlTemplate\":\"https:\/\/www.daisho.be\/de\/?s={search_term_string}\"},\"query-input\":{\"@type\":\"PropertyValueSpecification\",\"valueRequired\":true,\"valueName\":\"search_term_string\"}}],\"inLanguage\":\"de\"},{\"@type\":\"Organization\",\"@id\":\"https:\/\/www.daisho.be\/de\/#organization\",\"name\":\"Daisho\",\"url\":\"https:\/\/www.daisho.be\/de\/\",\"logo\":{\"@type\":\"ImageObject\",\"inLanguage\":\"de\",\"@id\":\"https:\/\/www.daisho.be\/de\/#\/schema\/logo\/image\/\",\"url\":\"https:\/\/www.daisho.be\/wp-content\/uploads\/2019\/07\/color-nothing-horizontale4x-e1564486100247.png\",\"contentUrl\":\"https:\/\/www.daisho.be\/wp-content\/uploads\/2019\/07\/color-nothing-horizontale4x-e1564486100247.png\",\"width\":1547,\"height\":385,\"caption\":\"Daisho\"},\"image\":{\"@id\":\"https:\/\/www.daisho.be\/de\/#\/schema\/logo\/image\/\"}}]}<\/script>\n<!-- \/ Yoast SEO plugin. -->","yoast_head_json":{"title":"Jo\/Bo 4.21 Shaku oder 127,6 cm - Wei\u00dfeiche 8 bu - 24.2mm - made in Japan &#8211; Daisho","robots":{"index":"index","follow":"follow","max-snippet":"max-snippet:-1","max-image-preview":"max-image-preview:large","max-video-preview":"max-video-preview:-1"},"canonical":"https:\/\/www.daisho.be\/de\/produit\/4-21-shaku-jo-bo-weisseiche-8-bu-24-2mm\/","og_locale":"de_DE","og_type":"article","og_title":"Jo\/Bo 4.21 Shaku oder 127,6 cm - Wei\u00dfeiche 8 bu - 24.2mm - made in Japan &#8211; Daisho","og_description":"Der Jo ist ein kurzer Stock, der im Jodo, Aikido und verschiedenen Stilen des Bujutsu Koryu verwendet wird. Es ist ein einfacher Stock, der verschiedene L\u00e4ngen haben kann. Die gebr\u00e4uchlichste L\u00e4nge ist etwa 127,6 cm, was 4.21 Shaku entspricht. Shaku ist eine traditionelle japanische Ma\u00dfeinheit. Unsere Jo werden in der Aramaki Werkstatt in Kyushu aus [&hellip;]","og_url":"https:\/\/www.daisho.be\/de\/produit\/4-21-shaku-jo-bo-weisseiche-8-bu-24-2mm\/","og_site_name":"Daisho","article_modified_time":"2026-01-03T12:39:26+00:00","og_image":[{"width":389,"height":389,"url":"https:\/\/www.daisho.be\/wp-content\/uploads\/2026\/01\/image-6.jpg","type":"image\/jpeg"}],"twitter_card":"summary_large_image","schema":{"@context":"https:\/\/schema.org","@graph":[{"@type":"WebPage","@id":"https:\/\/www.daisho.be\/de\/produit\/4-21-shaku-jo-bo-weisseiche-8-bu-24-2mm\/","url":"https:\/\/www.daisho.be\/de\/produit\/4-21-shaku-jo-bo-weisseiche-8-bu-24-2mm\/","name":"Jo\/Bo 4.21 Shaku oder 127,6 cm - Wei\u00dfeiche 8 bu - 24.2mm - made in Japan &#8211; Daisho","isPartOf":{"@id":"https:\/\/www.daisho.be\/de\/#website"},"primaryImageOfPage":{"@id":"https:\/\/www.daisho.be\/de\/produit\/4-21-shaku-jo-bo-weisseiche-8-bu-24-2mm\/#primaryimage"},"image":{"@id":"https:\/\/www.daisho.be\/de\/produit\/4-21-shaku-jo-bo-weisseiche-8-bu-24-2mm\/#primaryimage"},"thumbnailUrl":"https:\/\/www.daisho.be\/wp-content\/uploads\/2026\/01\/image-6.jpg","datePublished":"2022-03-14T22:32:39+00:00","dateModified":"2026-01-03T12:39:26+00:00","breadcrumb":{"@id":"https:\/\/www.daisho.be\/de\/produit\/4-21-shaku-jo-bo-weisseiche-8-bu-24-2mm\/#breadcrumb"},"inLanguage":"de","potentialAction":[{"@type":"ReadAction","target":["https:\/\/www.daisho.be\/de\/produit\/4-21-shaku-jo-bo-weisseiche-8-bu-24-2mm\/"]}]},{"@type":"ImageObject","inLanguage":"de","@id":"https:\/\/www.daisho.be\/de\/produit\/4-21-shaku-jo-bo-weisseiche-8-bu-24-2mm\/#primaryimage","url":"https:\/\/www.daisho.be\/wp-content\/uploads\/2026\/01\/image-6.jpg","contentUrl":"https:\/\/www.daisho.be\/wp-content\/uploads\/2026\/01\/image-6.jpg","width":389,"height":389,"caption":"Jo\/Bo 4.21 Shaku oder 127,6 cm - Wei\u00dfeiche 8 bu - 24.2mm - made in Japan-1"},{"@type":"BreadcrumbList","@id":"https:\/\/www.daisho.be\/de\/produit\/4-21-shaku-jo-bo-weisseiche-8-bu-24-2mm\/#breadcrumb","itemListElement":[{"@type":"ListItem","position":1,"name":"Accueil","item":"https:\/\/www.daisho.be\/de\/"},{"@type":"ListItem","position":2,"name":"Produkte","item":"https:\/\/www.daisho.be\/de\/produkte\/"},{"@type":"ListItem","position":3,"name":"Ausr\u00fcstung und Kleidung f\u00fcr Kampfkunst und Kampfsport","item":"https:\/\/www.daisho.be\/de\/categorie-produit\/ausrustung-und-kleidung-fur-kampfkunst-und-kampfsport\/"},{"@type":"ListItem","position":4,"name":"A\u00efkido","item":"https:\/\/www.daisho.be\/de\/categorie-produit\/ausrustung-und-kleidung-fur-kampfkunst-und-kampfsport\/aikido-de\/"},{"@type":"ListItem","position":5,"name":"Waffen f\u00fcr Aikido","item":"https:\/\/www.daisho.be\/de\/categorie-produit\/ausrustung-und-kleidung-fur-kampfkunst-und-kampfsport\/aikido-de\/waffen-fur-aikido\/"},{"@type":"ListItem","position":6,"name":"Jo\/Bo 4.21 Shaku oder 127,6 cm &#8211; Wei\u00dfeiche 8 bu &#8211; 24.2mm &#8211; made in Japan"}]},{"@type":"WebSite","@id":"https:\/\/www.daisho.be\/de\/#website","url":"https:\/\/www.daisho.be\/de\/","name":"Daisho","description":"Sp&eacute;cialiste de l'&eacute;quipement sportif d'arts martiaux","publisher":{"@id":"https:\/\/www.daisho.be\/de\/#organization"},"potentialAction":[{"@type":"SearchAction","target":{"@type":"EntryPoint","urlTemplate":"https:\/\/www.daisho.be\/de\/?s={search_term_string}"},"query-input":{"@type":"PropertyValueSpecification","valueRequired":true,"valueName":"search_term_string"}}],"inLanguage":"de"},{"@type":"Organization","@id":"https:\/\/www.daisho.be\/de\/#organization","name":"Daisho","url":"https:\/\/www.daisho.be\/de\/","logo":{"@type":"ImageObject","inLanguage":"de","@id":"https:\/\/www.daisho.be\/de\/#\/schema\/logo\/image\/","url":"https:\/\/www.daisho.be\/wp-content\/uploads\/2019\/07\/color-nothing-horizontale4x-e1564486100247.png","contentUrl":"https:\/\/www.daisho.be\/wp-content\/uploads\/2019\/07\/color-nothing-horizontale4x-e1564486100247.png","width":1547,"height":385,"caption":"Daisho"},"image":{"@id":"https:\/\/www.daisho.be\/de\/#\/schema\/logo\/image\/"}}]}},"_links":{"self":[{"href":"https:\/\/www.daisho.be\/de\/wp-json\/wp\/v2\/product\/459054","targetHints":{"allow":["GET"]}}],"collection":[{"href":"https:\/\/www.daisho.be\/de\/wp-json\/wp\/v2\/product"}],"about":[{"href":"https:\/\/www.daisho.be\/de\/wp-json\/wp\/v2\/types\/product"}],"replies":[{"embeddable":true,"href":"https:\/\/www.daisho.be\/de\/wp-json\/wp\/v2\/comments?post=459054"}],"wp:featuredmedia":[{"embeddable":true,"href":"https:\/\/www.daisho.be\/de\/wp-json\/wp\/v2\/media\/649481"}],"wp:attachment":[{"href":"https:\/\/www.daisho.be\/de\/wp-json\/wp\/v2\/media?parent=459054"}],"wp:term":[{"taxonomy":"product_brand","embeddable":true,"href":"https:\/\/www.daisho.be\/de\/wp-json\/wp\/v2\/product_brand?post=459054"},{"taxonomy":"product_cat","embeddable":true,"href":"https:\/\/www.daisho.be\/de\/wp-json\/wp\/v2\/product_cat?post=459054"},{"taxonomy":"product_tag","embeddable":true,"href":"https:\/\/www.daisho.be\/de\/wp-json\/wp\/v2\/product_tag?post=459054"},{"taxonomy":"sport","embeddable":true,"href":"https:\/\/www.daisho.be\/de\/wp-json\/wp\/v2\/sport?post=459054"}],"curies":[{"name":"wp","href":"https:\/\/api.w.org\/{rel}","templated":true}]}}