{"id":458772,"date":"2022-04-02T12:01:44","date_gmt":"2022-04-02T10:01:44","guid":{"rendered":"https:\/\/www.daisho.be\/produit\/schwarze-kung-fu-schuhe-mit-gummisohle\/"},"modified":"2026-02-05T08:37:07","modified_gmt":"2026-02-05T07:37:07","slug":"schwarze-kung-fu-schuhe-mit-gummisohle","status":"publish","type":"product","link":"https:\/\/www.daisho.be\/de\/produit\/schwarze-kung-fu-schuhe-mit-gummisohle\/","title":{"rendered":"Schwarze Kung Fu-Schuhe mit Gummisohle"},"content":{"rendered":"<p>Chinesische Kung Fu \/ Tai Chi Schuhe mit rutschfester Gummisohle. Bequemes Design mit zus\u00e4tzlicher Fersenverst\u00e4rkung.<br \/>\nIdeal f\u00fcr Tai Chi, Kung Fu, Wushu, Wing Chun oder als Strandschuh oder Pantoffel.<br \/>\nErh\u00e4ltlich in den Gr\u00f6\u00dfen 36 bis 45.<br \/>\nFarbe schwarz. <\/p>\n<p>Eigenschaften:<\/p>\n<p> Schaft aus schwarzem Leinen.<br \/>\n Rutschfeste Gummisohle (Anti-Rutsch-Sohle)<br \/>\n Lieferung pro Paar<br \/>\n Die Farbe Schwarz<\/p>\n","protected":false},"excerpt":{"rendered":"<p>Chinesische Kung Fu \/ Tai Chi Schuhe mit rutschfester Gummisohle. Bequemes Design mit zus\u00e4tzlicher Fersenverst\u00e4rkung. Ideal f\u00fcr Tai Chi, Kung Fu, Wushu, Wing Chun oder als Strandschuh oder Pantoffel. Erh\u00e4ltlich in den Gr\u00f6\u00dfen 36 bis 45. Farbe schwarz. Eigenschaften: Schaft aus schwarzem Leinen. Rutschfeste Gummisohle (Anti-Rutsch-Sohle) Lieferung pro Paar Die Farbe Schwarz<\/p>\n","protected":false},"featured_media":657923,"comment_status":"open","ping_status":"closed","template":"","meta":{"inline_featured_image":false},"product_brand":[],"product_cat":[2326,2019],"product_tag":[2158],"sport":[1117],"class_list":{"0":"post-458772","1":"product","2":"type-product","3":"status-publish","4":"has-post-thumbnail","6":"product_cat-jiu-jitsu-de","7":"product_cat-schuhe","8":"product_tag-s-b-j-de","9":"pa_size-400","10":"pa_size-399","11":"pa_size-398","12":"pa_size-397","13":"pa_size-396","14":"pa_size-395","15":"pa_size-394","16":"pa_size-393","17":"pa_size-392","18":"pa_size-391","19":"pa_size-390","20":"sport-equipement-pour-le-kung-fu","22":"first","23":"instock","24":"taxable","25":"shipping-taxable","26":"purchasable","27":"product-type-variable"},"yoast_head":"<!-- This site is optimized with the Yoast SEO plugin v27.2 - https:\/\/yoast.com\/product\/yoast-seo-wordpress\/ -->\n<title>Schwarze Kung Fu-Schuhe mit Gummisohle &#8211; Daisho<\/title>\n<meta name=\"robots\" content=\"index, follow, max-snippet:-1, max-image-preview:large, max-video-preview:-1\" \/>\n<link rel=\"canonical\" href=\"https:\/\/www.daisho.be\/de\/produit\/schwarze-kung-fu-schuhe-mit-gummisohle\/\" \/>\n<meta property=\"og:locale\" content=\"de_DE\" \/>\n<meta property=\"og:type\" content=\"article\" \/>\n<meta property=\"og:title\" content=\"Schwarze Kung Fu-Schuhe mit Gummisohle &#8211; Daisho\" \/>\n<meta property=\"og:description\" content=\"Chinesische Kung Fu \/ Tai Chi Schuhe mit rutschfester Gummisohle. Bequemes Design mit zus\u00e4tzlicher Fersenverst\u00e4rkung. Ideal f\u00fcr Tai Chi, Kung Fu, Wushu, Wing Chun oder als Strandschuh oder Pantoffel. Erh\u00e4ltlich in den Gr\u00f6\u00dfen 36 bis 45. Farbe schwarz. Eigenschaften: Schaft aus schwarzem Leinen. Rutschfeste Gummisohle (Anti-Rutsch-Sohle) Lieferung pro Paar Die Farbe Schwarz\" \/>\n<meta property=\"og:url\" content=\"https:\/\/www.daisho.be\/de\/produit\/schwarze-kung-fu-schuhe-mit-gummisohle\/\" \/>\n<meta property=\"og:site_name\" content=\"Daisho\" \/>\n<meta property=\"article:modified_time\" content=\"2026-02-05T07:37:07+00:00\" \/>\n<meta property=\"og:image\" content=\"https:\/\/www.daisho.be\/wp-content\/uploads\/2026\/02\/image-2.jpg\" \/>\n\t<meta property=\"og:image:width\" content=\"1200\" \/>\n\t<meta property=\"og:image:height\" content=\"453\" \/>\n\t<meta property=\"og:image:type\" content=\"image\/jpeg\" \/>\n<meta name=\"twitter:card\" content=\"summary_large_image\" \/>\n<script type=\"application\/ld+json\" class=\"yoast-schema-graph\">{\"@context\":\"https:\/\/schema.org\",\"@graph\":[{\"@type\":\"WebPage\",\"@id\":\"https:\/\/www.daisho.be\/de\/produit\/schwarze-kung-fu-schuhe-mit-gummisohle\/\",\"url\":\"https:\/\/www.daisho.be\/de\/produit\/schwarze-kung-fu-schuhe-mit-gummisohle\/\",\"name\":\"Schwarze Kung Fu-Schuhe mit Gummisohle &#8211; Daisho\",\"isPartOf\":{\"@id\":\"https:\/\/www.daisho.be\/de\/#website\"},\"primaryImageOfPage\":{\"@id\":\"https:\/\/www.daisho.be\/de\/produit\/schwarze-kung-fu-schuhe-mit-gummisohle\/#primaryimage\"},\"image\":{\"@id\":\"https:\/\/www.daisho.be\/de\/produit\/schwarze-kung-fu-schuhe-mit-gummisohle\/#primaryimage\"},\"thumbnailUrl\":\"https:\/\/www.daisho.be\/wp-content\/uploads\/2026\/02\/image-2.jpg\",\"datePublished\":\"2022-04-02T10:01:44+00:00\",\"dateModified\":\"2026-02-05T07:37:07+00:00\",\"breadcrumb\":{\"@id\":\"https:\/\/www.daisho.be\/de\/produit\/schwarze-kung-fu-schuhe-mit-gummisohle\/#breadcrumb\"},\"inLanguage\":\"de\",\"potentialAction\":[{\"@type\":\"ReadAction\",\"target\":[\"https:\/\/www.daisho.be\/de\/produit\/schwarze-kung-fu-schuhe-mit-gummisohle\/\"]}]},{\"@type\":\"ImageObject\",\"inLanguage\":\"de\",\"@id\":\"https:\/\/www.daisho.be\/de\/produit\/schwarze-kung-fu-schuhe-mit-gummisohle\/#primaryimage\",\"url\":\"https:\/\/www.daisho.be\/wp-content\/uploads\/2026\/02\/image-2.jpg\",\"contentUrl\":\"https:\/\/www.daisho.be\/wp-content\/uploads\/2026\/02\/image-2.jpg\",\"width\":1200,\"height\":453,\"caption\":\"Chaussures de Kung Fu noires avec semelle en caoutchouc-1\"},{\"@type\":\"BreadcrumbList\",\"@id\":\"https:\/\/www.daisho.be\/de\/produit\/schwarze-kung-fu-schuhe-mit-gummisohle\/#breadcrumb\",\"itemListElement\":[{\"@type\":\"ListItem\",\"position\":1,\"name\":\"Accueil\",\"item\":\"https:\/\/www.daisho.be\/de\/\"},{\"@type\":\"ListItem\",\"position\":2,\"name\":\"Produkte\",\"item\":\"https:\/\/www.daisho.be\/de\/produkte\/\"},{\"@type\":\"ListItem\",\"position\":3,\"name\":\"ADIDAS COMBAT SPORTS\",\"item\":\"https:\/\/www.daisho.be\/de\/categorie-produit\/adidas-combat-sports-de\/\"},{\"@type\":\"ListItem\",\"position\":4,\"name\":\"Jiu-Jitsu\",\"item\":\"https:\/\/www.daisho.be\/de\/categorie-produit\/adidas-combat-sports-de\/jiu-jitsu-de\/\"},{\"@type\":\"ListItem\",\"position\":5,\"name\":\"Schwarze Kung Fu-Schuhe mit Gummisohle\"}]},{\"@type\":\"WebSite\",\"@id\":\"https:\/\/www.daisho.be\/de\/#website\",\"url\":\"https:\/\/www.daisho.be\/de\/\",\"name\":\"Daisho\",\"description\":\"Sp&eacute;cialiste de l'&eacute;quipement sportif d'arts martiaux\",\"publisher\":{\"@id\":\"https:\/\/www.daisho.be\/de\/#organization\"},\"potentialAction\":[{\"@type\":\"SearchAction\",\"target\":{\"@type\":\"EntryPoint\",\"urlTemplate\":\"https:\/\/www.daisho.be\/de\/?s={search_term_string}\"},\"query-input\":{\"@type\":\"PropertyValueSpecification\",\"valueRequired\":true,\"valueName\":\"search_term_string\"}}],\"inLanguage\":\"de\"},{\"@type\":\"Organization\",\"@id\":\"https:\/\/www.daisho.be\/de\/#organization\",\"name\":\"Daisho\",\"url\":\"https:\/\/www.daisho.be\/de\/\",\"logo\":{\"@type\":\"ImageObject\",\"inLanguage\":\"de\",\"@id\":\"https:\/\/www.daisho.be\/de\/#\/schema\/logo\/image\/\",\"url\":\"https:\/\/www.daisho.be\/wp-content\/uploads\/2019\/07\/color-nothing-horizontale4x-e1564486100247.png\",\"contentUrl\":\"https:\/\/www.daisho.be\/wp-content\/uploads\/2019\/07\/color-nothing-horizontale4x-e1564486100247.png\",\"width\":1547,\"height\":385,\"caption\":\"Daisho\"},\"image\":{\"@id\":\"https:\/\/www.daisho.be\/de\/#\/schema\/logo\/image\/\"}}]}<\/script>\n<!-- \/ Yoast SEO plugin. -->","yoast_head_json":{"title":"Schwarze Kung Fu-Schuhe mit Gummisohle &#8211; Daisho","robots":{"index":"index","follow":"follow","max-snippet":"max-snippet:-1","max-image-preview":"max-image-preview:large","max-video-preview":"max-video-preview:-1"},"canonical":"https:\/\/www.daisho.be\/de\/produit\/schwarze-kung-fu-schuhe-mit-gummisohle\/","og_locale":"de_DE","og_type":"article","og_title":"Schwarze Kung Fu-Schuhe mit Gummisohle &#8211; Daisho","og_description":"Chinesische Kung Fu \/ Tai Chi Schuhe mit rutschfester Gummisohle. Bequemes Design mit zus\u00e4tzlicher Fersenverst\u00e4rkung. Ideal f\u00fcr Tai Chi, Kung Fu, Wushu, Wing Chun oder als Strandschuh oder Pantoffel. Erh\u00e4ltlich in den Gr\u00f6\u00dfen 36 bis 45. Farbe schwarz. Eigenschaften: Schaft aus schwarzem Leinen. Rutschfeste Gummisohle (Anti-Rutsch-Sohle) Lieferung pro Paar Die Farbe Schwarz","og_url":"https:\/\/www.daisho.be\/de\/produit\/schwarze-kung-fu-schuhe-mit-gummisohle\/","og_site_name":"Daisho","article_modified_time":"2026-02-05T07:37:07+00:00","og_image":[{"width":1200,"height":453,"url":"https:\/\/www.daisho.be\/wp-content\/uploads\/2026\/02\/image-2.jpg","type":"image\/jpeg"}],"twitter_card":"summary_large_image","schema":{"@context":"https:\/\/schema.org","@graph":[{"@type":"WebPage","@id":"https:\/\/www.daisho.be\/de\/produit\/schwarze-kung-fu-schuhe-mit-gummisohle\/","url":"https:\/\/www.daisho.be\/de\/produit\/schwarze-kung-fu-schuhe-mit-gummisohle\/","name":"Schwarze Kung Fu-Schuhe mit Gummisohle &#8211; Daisho","isPartOf":{"@id":"https:\/\/www.daisho.be\/de\/#website"},"primaryImageOfPage":{"@id":"https:\/\/www.daisho.be\/de\/produit\/schwarze-kung-fu-schuhe-mit-gummisohle\/#primaryimage"},"image":{"@id":"https:\/\/www.daisho.be\/de\/produit\/schwarze-kung-fu-schuhe-mit-gummisohle\/#primaryimage"},"thumbnailUrl":"https:\/\/www.daisho.be\/wp-content\/uploads\/2026\/02\/image-2.jpg","datePublished":"2022-04-02T10:01:44+00:00","dateModified":"2026-02-05T07:37:07+00:00","breadcrumb":{"@id":"https:\/\/www.daisho.be\/de\/produit\/schwarze-kung-fu-schuhe-mit-gummisohle\/#breadcrumb"},"inLanguage":"de","potentialAction":[{"@type":"ReadAction","target":["https:\/\/www.daisho.be\/de\/produit\/schwarze-kung-fu-schuhe-mit-gummisohle\/"]}]},{"@type":"ImageObject","inLanguage":"de","@id":"https:\/\/www.daisho.be\/de\/produit\/schwarze-kung-fu-schuhe-mit-gummisohle\/#primaryimage","url":"https:\/\/www.daisho.be\/wp-content\/uploads\/2026\/02\/image-2.jpg","contentUrl":"https:\/\/www.daisho.be\/wp-content\/uploads\/2026\/02\/image-2.jpg","width":1200,"height":453,"caption":"Chaussures de Kung Fu noires avec semelle en caoutchouc-1"},{"@type":"BreadcrumbList","@id":"https:\/\/www.daisho.be\/de\/produit\/schwarze-kung-fu-schuhe-mit-gummisohle\/#breadcrumb","itemListElement":[{"@type":"ListItem","position":1,"name":"Accueil","item":"https:\/\/www.daisho.be\/de\/"},{"@type":"ListItem","position":2,"name":"Produkte","item":"https:\/\/www.daisho.be\/de\/produkte\/"},{"@type":"ListItem","position":3,"name":"ADIDAS COMBAT SPORTS","item":"https:\/\/www.daisho.be\/de\/categorie-produit\/adidas-combat-sports-de\/"},{"@type":"ListItem","position":4,"name":"Jiu-Jitsu","item":"https:\/\/www.daisho.be\/de\/categorie-produit\/adidas-combat-sports-de\/jiu-jitsu-de\/"},{"@type":"ListItem","position":5,"name":"Schwarze Kung Fu-Schuhe mit Gummisohle"}]},{"@type":"WebSite","@id":"https:\/\/www.daisho.be\/de\/#website","url":"https:\/\/www.daisho.be\/de\/","name":"Daisho","description":"Sp&eacute;cialiste de l'&eacute;quipement sportif d'arts martiaux","publisher":{"@id":"https:\/\/www.daisho.be\/de\/#organization"},"potentialAction":[{"@type":"SearchAction","target":{"@type":"EntryPoint","urlTemplate":"https:\/\/www.daisho.be\/de\/?s={search_term_string}"},"query-input":{"@type":"PropertyValueSpecification","valueRequired":true,"valueName":"search_term_string"}}],"inLanguage":"de"},{"@type":"Organization","@id":"https:\/\/www.daisho.be\/de\/#organization","name":"Daisho","url":"https:\/\/www.daisho.be\/de\/","logo":{"@type":"ImageObject","inLanguage":"de","@id":"https:\/\/www.daisho.be\/de\/#\/schema\/logo\/image\/","url":"https:\/\/www.daisho.be\/wp-content\/uploads\/2019\/07\/color-nothing-horizontale4x-e1564486100247.png","contentUrl":"https:\/\/www.daisho.be\/wp-content\/uploads\/2019\/07\/color-nothing-horizontale4x-e1564486100247.png","width":1547,"height":385,"caption":"Daisho"},"image":{"@id":"https:\/\/www.daisho.be\/de\/#\/schema\/logo\/image\/"}}]}},"_links":{"self":[{"href":"https:\/\/www.daisho.be\/de\/wp-json\/wp\/v2\/product\/458772","targetHints":{"allow":["GET"]}}],"collection":[{"href":"https:\/\/www.daisho.be\/de\/wp-json\/wp\/v2\/product"}],"about":[{"href":"https:\/\/www.daisho.be\/de\/wp-json\/wp\/v2\/types\/product"}],"replies":[{"embeddable":true,"href":"https:\/\/www.daisho.be\/de\/wp-json\/wp\/v2\/comments?post=458772"}],"wp:featuredmedia":[{"embeddable":true,"href":"https:\/\/www.daisho.be\/de\/wp-json\/wp\/v2\/media\/657923"}],"wp:attachment":[{"href":"https:\/\/www.daisho.be\/de\/wp-json\/wp\/v2\/media?parent=458772"}],"wp:term":[{"taxonomy":"product_brand","embeddable":true,"href":"https:\/\/www.daisho.be\/de\/wp-json\/wp\/v2\/product_brand?post=458772"},{"taxonomy":"product_cat","embeddable":true,"href":"https:\/\/www.daisho.be\/de\/wp-json\/wp\/v2\/product_cat?post=458772"},{"taxonomy":"product_tag","embeddable":true,"href":"https:\/\/www.daisho.be\/de\/wp-json\/wp\/v2\/product_tag?post=458772"},{"taxonomy":"sport","embeddable":true,"href":"https:\/\/www.daisho.be\/de\/wp-json\/wp\/v2\/sport?post=458772"}],"curies":[{"name":"wp","href":"https:\/\/api.w.org\/{rel}","templated":true}]}}