{"id":458717,"date":"2021-09-06T09:35:36","date_gmt":"2021-09-06T07:35:36","guid":{"rendered":"https:\/\/www.daisho.be\/produit\/helm-adidas-rookie-blau\/"},"modified":"2025-12-24T10:53:24","modified_gmt":"2025-12-24T09:53:24","slug":"helm-adidas-rookie-blau","status":"publish","type":"product","link":"https:\/\/www.daisho.be\/de\/produit\/helm-adidas-rookie-blau\/","title":{"rendered":"Helm adidas Rookie blau"},"content":{"rendered":"<p>Der Rookie-Helm ist ideal, um Ihren Kopf sicher zu sch\u00fctzen. Er ist CE-gepr\u00fcft und hat eine Polsterung aus eingespritztem Schaumstoff.<br \/>\nErh\u00e4ltlich in Rot und Blau und in den Gr\u00f6\u00dfen XS bis XL.<br \/>\nDieser Kopfschutz ist aus PU3G, einem sehr robusten und langlebigen Material, gefertigt. Die eingespritzte Schaumstoffpolsterung sorgt f\u00fcr eine sichere Absorption von Schl\u00e4gen und Tritten.<br \/>\nDer Helm ist CE-zertifiziert, was bedeutet, dass er alle europ\u00e4ischen Sicherheitsanforderungen erf\u00fcllt. Kopf und Schl\u00e4fe sind gut gesch\u00fctzt. Sie k\u00f6nnen die Haube einfach mit einem Klettverschluss schlie\u00dfen.<\/p>\n<p>Vorteile:<br \/>\n&#8211; optimale Sicht<br \/>\n&#8211; robust und langlebig<br \/>\n&#8211; einfacher Klettverschluss<br \/>\n&#8211; CE-gepr\u00fcft    <\/p>\n","protected":false},"excerpt":{"rendered":"<p>Der Rookie-Helm ist ideal, um Ihren Kopf sicher zu sch\u00fctzen. Er ist CE-gepr\u00fcft und hat eine Polsterung aus eingespritztem Schaumstoff. Erh\u00e4ltlich in Rot und Blau und in den Gr\u00f6\u00dfen XS bis XL. Dieser Kopfschutz ist aus PU3G, einem sehr robusten und langlebigen Material, gefertigt. Die eingespritzte Schaumstoffpolsterung sorgt f\u00fcr eine sichere Absorption von Schl\u00e4gen und [&hellip;]<\/p>\n","protected":false},"featured_media":645934,"comment_status":"open","ping_status":"closed","template":"","meta":{"inline_featured_image":false},"product_brand":[],"product_cat":[2271,2277,2021,2051],"product_tag":[2178],"sport":[],"class_list":{"0":"post-458717","1":"product","2":"type-product","3":"status-publish","4":"has-post-thumbnail","6":"product_cat-adidas-boxing-protektoren","7":"product_cat-kick-boxing-protektoren-adidas","8":"product_cat-protektoren-kick-boxing","9":"product_cat-schutz","10":"product_tag-adidas-de","11":"pa_size-l","12":"pa_size-m","13":"pa_size-s","14":"pa_size-xl","15":"pa_size-xs","17":"first","18":"instock","19":"taxable","20":"shipping-taxable","21":"purchasable","22":"product-type-variable"},"yoast_head":"<!-- This site is optimized with the Yoast SEO plugin v27.2 - https:\/\/yoast.com\/product\/yoast-seo-wordpress\/ -->\n<title>Helm adidas Rookie blau &#8211; Daisho<\/title>\n<meta name=\"description\" content=\"Entdecken Sie unsere Adidas-Helme. Er bietet Ihnen einen optimalen Schutz. Sie finden sie ab sofort auf unserer Website www.daisho.be|Daisho.\" \/>\n<meta name=\"robots\" content=\"index, follow, max-snippet:-1, max-image-preview:large, max-video-preview:-1\" \/>\n<link rel=\"canonical\" href=\"https:\/\/www.daisho.be\/de\/produit\/helm-adidas-rookie-blau\/\" \/>\n<meta property=\"og:locale\" content=\"de_DE\" \/>\n<meta property=\"og:type\" content=\"article\" \/>\n<meta property=\"og:title\" content=\"Helm adidas Rookie blau &#8211; Daisho\" \/>\n<meta property=\"og:description\" content=\"Entdecken Sie unsere Adidas-Helme. Er bietet Ihnen einen optimalen Schutz. Sie finden sie ab sofort auf unserer Website www.daisho.be|Daisho.\" \/>\n<meta property=\"og:url\" content=\"https:\/\/www.daisho.be\/de\/produit\/helm-adidas-rookie-blau\/\" \/>\n<meta property=\"og:site_name\" content=\"Daisho\" \/>\n<meta property=\"article:modified_time\" content=\"2025-12-24T09:53:24+00:00\" \/>\n<meta property=\"og:image\" content=\"https:\/\/www.daisho.be\/wp-content\/uploads\/2025\/12\/image-91.jpg\" \/>\n\t<meta property=\"og:image:width\" content=\"650\" \/>\n\t<meta property=\"og:image:height\" content=\"650\" \/>\n\t<meta property=\"og:image:type\" content=\"image\/jpeg\" \/>\n<meta name=\"twitter:card\" content=\"summary_large_image\" \/>\n<meta name=\"twitter:label1\" content=\"Gesch\u00e4tzte Lesezeit\" \/>\n\t<meta name=\"twitter:data1\" content=\"1\u00a0Minute\" \/>\n<script type=\"application\/ld+json\" class=\"yoast-schema-graph\">{\"@context\":\"https:\/\/schema.org\",\"@graph\":[{\"@type\":\"WebPage\",\"@id\":\"https:\/\/www.daisho.be\/de\/produit\/helm-adidas-rookie-blau\/\",\"url\":\"https:\/\/www.daisho.be\/de\/produit\/helm-adidas-rookie-blau\/\",\"name\":\"Helm adidas Rookie blau &#8211; Daisho\",\"isPartOf\":{\"@id\":\"https:\/\/www.daisho.be\/de\/#website\"},\"primaryImageOfPage\":{\"@id\":\"https:\/\/www.daisho.be\/de\/produit\/helm-adidas-rookie-blau\/#primaryimage\"},\"image\":{\"@id\":\"https:\/\/www.daisho.be\/de\/produit\/helm-adidas-rookie-blau\/#primaryimage\"},\"thumbnailUrl\":\"https:\/\/www.daisho.be\/wp-content\/uploads\/2025\/12\/image-91.jpg\",\"datePublished\":\"2021-09-06T07:35:36+00:00\",\"dateModified\":\"2025-12-24T09:53:24+00:00\",\"description\":\"Entdecken Sie unsere Adidas-Helme. Er bietet Ihnen einen optimalen Schutz. Sie finden sie ab sofort auf unserer Website www.daisho.be|Daisho.\",\"breadcrumb\":{\"@id\":\"https:\/\/www.daisho.be\/de\/produit\/helm-adidas-rookie-blau\/#breadcrumb\"},\"inLanguage\":\"de\",\"potentialAction\":[{\"@type\":\"ReadAction\",\"target\":[\"https:\/\/www.daisho.be\/de\/produit\/helm-adidas-rookie-blau\/\"]}]},{\"@type\":\"ImageObject\",\"inLanguage\":\"de\",\"@id\":\"https:\/\/www.daisho.be\/de\/produit\/helm-adidas-rookie-blau\/#primaryimage\",\"url\":\"https:\/\/www.daisho.be\/wp-content\/uploads\/2025\/12\/image-91.jpg\",\"contentUrl\":\"https:\/\/www.daisho.be\/wp-content\/uploads\/2025\/12\/image-91.jpg\",\"width\":650,\"height\":650,\"caption\":\"Helm adidas Rookie blau-1\"},{\"@type\":\"BreadcrumbList\",\"@id\":\"https:\/\/www.daisho.be\/de\/produit\/helm-adidas-rookie-blau\/#breadcrumb\",\"itemListElement\":[{\"@type\":\"ListItem\",\"position\":1,\"name\":\"Accueil\",\"item\":\"https:\/\/www.daisho.be\/de\/\"},{\"@type\":\"ListItem\",\"position\":2,\"name\":\"Produkte\",\"item\":\"https:\/\/www.daisho.be\/de\/produkte\/\"},{\"@type\":\"ListItem\",\"position\":3,\"name\":\"ADIDAS COMBAT SPORTS\",\"item\":\"https:\/\/www.daisho.be\/de\/categorie-produit\/adidas-combat-sports-de\/\"},{\"@type\":\"ListItem\",\"position\":4,\"name\":\"Boxen\",\"item\":\"https:\/\/www.daisho.be\/de\/categorie-produit\/adidas-combat-sports-de\/boxen\/\"},{\"@type\":\"ListItem\",\"position\":5,\"name\":\"Adidas Boxing Protektoren\",\"item\":\"https:\/\/www.daisho.be\/de\/categorie-produit\/adidas-combat-sports-de\/boxen\/adidas-boxing-protektoren\/\"},{\"@type\":\"ListItem\",\"position\":6,\"name\":\"Helm adidas Rookie blau\"}]},{\"@type\":\"WebSite\",\"@id\":\"https:\/\/www.daisho.be\/de\/#website\",\"url\":\"https:\/\/www.daisho.be\/de\/\",\"name\":\"Daisho\",\"description\":\"Sp&eacute;cialiste de l'&eacute;quipement sportif d'arts martiaux\",\"publisher\":{\"@id\":\"https:\/\/www.daisho.be\/de\/#organization\"},\"potentialAction\":[{\"@type\":\"SearchAction\",\"target\":{\"@type\":\"EntryPoint\",\"urlTemplate\":\"https:\/\/www.daisho.be\/de\/?s={search_term_string}\"},\"query-input\":{\"@type\":\"PropertyValueSpecification\",\"valueRequired\":true,\"valueName\":\"search_term_string\"}}],\"inLanguage\":\"de\"},{\"@type\":\"Organization\",\"@id\":\"https:\/\/www.daisho.be\/de\/#organization\",\"name\":\"Daisho\",\"url\":\"https:\/\/www.daisho.be\/de\/\",\"logo\":{\"@type\":\"ImageObject\",\"inLanguage\":\"de\",\"@id\":\"https:\/\/www.daisho.be\/de\/#\/schema\/logo\/image\/\",\"url\":\"https:\/\/www.daisho.be\/wp-content\/uploads\/2019\/07\/color-nothing-horizontale4x-e1564486100247.png\",\"contentUrl\":\"https:\/\/www.daisho.be\/wp-content\/uploads\/2019\/07\/color-nothing-horizontale4x-e1564486100247.png\",\"width\":1547,\"height\":385,\"caption\":\"Daisho\"},\"image\":{\"@id\":\"https:\/\/www.daisho.be\/de\/#\/schema\/logo\/image\/\"}}]}<\/script>\n<!-- \/ Yoast SEO plugin. -->","yoast_head_json":{"title":"Helm adidas Rookie blau &#8211; Daisho","description":"Entdecken Sie unsere Adidas-Helme. Er bietet Ihnen einen optimalen Schutz. Sie finden sie ab sofort auf unserer Website www.daisho.be|Daisho.","robots":{"index":"index","follow":"follow","max-snippet":"max-snippet:-1","max-image-preview":"max-image-preview:large","max-video-preview":"max-video-preview:-1"},"canonical":"https:\/\/www.daisho.be\/de\/produit\/helm-adidas-rookie-blau\/","og_locale":"de_DE","og_type":"article","og_title":"Helm adidas Rookie blau &#8211; Daisho","og_description":"Entdecken Sie unsere Adidas-Helme. Er bietet Ihnen einen optimalen Schutz. Sie finden sie ab sofort auf unserer Website www.daisho.be|Daisho.","og_url":"https:\/\/www.daisho.be\/de\/produit\/helm-adidas-rookie-blau\/","og_site_name":"Daisho","article_modified_time":"2025-12-24T09:53:24+00:00","og_image":[{"width":650,"height":650,"url":"https:\/\/www.daisho.be\/wp-content\/uploads\/2025\/12\/image-91.jpg","type":"image\/jpeg"}],"twitter_card":"summary_large_image","twitter_misc":{"Gesch\u00e4tzte Lesezeit":"1\u00a0Minute"},"schema":{"@context":"https:\/\/schema.org","@graph":[{"@type":"WebPage","@id":"https:\/\/www.daisho.be\/de\/produit\/helm-adidas-rookie-blau\/","url":"https:\/\/www.daisho.be\/de\/produit\/helm-adidas-rookie-blau\/","name":"Helm adidas Rookie blau &#8211; Daisho","isPartOf":{"@id":"https:\/\/www.daisho.be\/de\/#website"},"primaryImageOfPage":{"@id":"https:\/\/www.daisho.be\/de\/produit\/helm-adidas-rookie-blau\/#primaryimage"},"image":{"@id":"https:\/\/www.daisho.be\/de\/produit\/helm-adidas-rookie-blau\/#primaryimage"},"thumbnailUrl":"https:\/\/www.daisho.be\/wp-content\/uploads\/2025\/12\/image-91.jpg","datePublished":"2021-09-06T07:35:36+00:00","dateModified":"2025-12-24T09:53:24+00:00","description":"Entdecken Sie unsere Adidas-Helme. Er bietet Ihnen einen optimalen Schutz. Sie finden sie ab sofort auf unserer Website www.daisho.be|Daisho.","breadcrumb":{"@id":"https:\/\/www.daisho.be\/de\/produit\/helm-adidas-rookie-blau\/#breadcrumb"},"inLanguage":"de","potentialAction":[{"@type":"ReadAction","target":["https:\/\/www.daisho.be\/de\/produit\/helm-adidas-rookie-blau\/"]}]},{"@type":"ImageObject","inLanguage":"de","@id":"https:\/\/www.daisho.be\/de\/produit\/helm-adidas-rookie-blau\/#primaryimage","url":"https:\/\/www.daisho.be\/wp-content\/uploads\/2025\/12\/image-91.jpg","contentUrl":"https:\/\/www.daisho.be\/wp-content\/uploads\/2025\/12\/image-91.jpg","width":650,"height":650,"caption":"Helm adidas Rookie blau-1"},{"@type":"BreadcrumbList","@id":"https:\/\/www.daisho.be\/de\/produit\/helm-adidas-rookie-blau\/#breadcrumb","itemListElement":[{"@type":"ListItem","position":1,"name":"Accueil","item":"https:\/\/www.daisho.be\/de\/"},{"@type":"ListItem","position":2,"name":"Produkte","item":"https:\/\/www.daisho.be\/de\/produkte\/"},{"@type":"ListItem","position":3,"name":"ADIDAS COMBAT SPORTS","item":"https:\/\/www.daisho.be\/de\/categorie-produit\/adidas-combat-sports-de\/"},{"@type":"ListItem","position":4,"name":"Boxen","item":"https:\/\/www.daisho.be\/de\/categorie-produit\/adidas-combat-sports-de\/boxen\/"},{"@type":"ListItem","position":5,"name":"Adidas Boxing Protektoren","item":"https:\/\/www.daisho.be\/de\/categorie-produit\/adidas-combat-sports-de\/boxen\/adidas-boxing-protektoren\/"},{"@type":"ListItem","position":6,"name":"Helm adidas Rookie blau"}]},{"@type":"WebSite","@id":"https:\/\/www.daisho.be\/de\/#website","url":"https:\/\/www.daisho.be\/de\/","name":"Daisho","description":"Sp&eacute;cialiste de l'&eacute;quipement sportif d'arts martiaux","publisher":{"@id":"https:\/\/www.daisho.be\/de\/#organization"},"potentialAction":[{"@type":"SearchAction","target":{"@type":"EntryPoint","urlTemplate":"https:\/\/www.daisho.be\/de\/?s={search_term_string}"},"query-input":{"@type":"PropertyValueSpecification","valueRequired":true,"valueName":"search_term_string"}}],"inLanguage":"de"},{"@type":"Organization","@id":"https:\/\/www.daisho.be\/de\/#organization","name":"Daisho","url":"https:\/\/www.daisho.be\/de\/","logo":{"@type":"ImageObject","inLanguage":"de","@id":"https:\/\/www.daisho.be\/de\/#\/schema\/logo\/image\/","url":"https:\/\/www.daisho.be\/wp-content\/uploads\/2019\/07\/color-nothing-horizontale4x-e1564486100247.png","contentUrl":"https:\/\/www.daisho.be\/wp-content\/uploads\/2019\/07\/color-nothing-horizontale4x-e1564486100247.png","width":1547,"height":385,"caption":"Daisho"},"image":{"@id":"https:\/\/www.daisho.be\/de\/#\/schema\/logo\/image\/"}}]}},"_links":{"self":[{"href":"https:\/\/www.daisho.be\/de\/wp-json\/wp\/v2\/product\/458717","targetHints":{"allow":["GET"]}}],"collection":[{"href":"https:\/\/www.daisho.be\/de\/wp-json\/wp\/v2\/product"}],"about":[{"href":"https:\/\/www.daisho.be\/de\/wp-json\/wp\/v2\/types\/product"}],"replies":[{"embeddable":true,"href":"https:\/\/www.daisho.be\/de\/wp-json\/wp\/v2\/comments?post=458717"}],"wp:featuredmedia":[{"embeddable":true,"href":"https:\/\/www.daisho.be\/de\/wp-json\/wp\/v2\/media\/645934"}],"wp:attachment":[{"href":"https:\/\/www.daisho.be\/de\/wp-json\/wp\/v2\/media?parent=458717"}],"wp:term":[{"taxonomy":"product_brand","embeddable":true,"href":"https:\/\/www.daisho.be\/de\/wp-json\/wp\/v2\/product_brand?post=458717"},{"taxonomy":"product_cat","embeddable":true,"href":"https:\/\/www.daisho.be\/de\/wp-json\/wp\/v2\/product_cat?post=458717"},{"taxonomy":"product_tag","embeddable":true,"href":"https:\/\/www.daisho.be\/de\/wp-json\/wp\/v2\/product_tag?post=458717"},{"taxonomy":"sport","embeddable":true,"href":"https:\/\/www.daisho.be\/de\/wp-json\/wp\/v2\/sport?post=458717"}],"curies":[{"name":"wp","href":"https:\/\/api.w.org\/{rel}","templated":true}]}}