{"id":458685,"date":"2021-09-11T23:09:09","date_gmt":"2021-09-11T21:09:09","guid":{"rendered":"https:\/\/www.daisho.be\/produit\/weisser-guertel-roter-streifen-rolle-50m\/"},"modified":"2021-09-11T23:09:09","modified_gmt":"2021-09-11T21:09:09","slug":"weisser-guertel-roter-streifen-rolle-50m","status":"publish","type":"product","link":"https:\/\/www.daisho.be\/de\/produit\/weisser-guertel-roter-streifen-rolle-50m\/","title":{"rendered":"WEISSER G\u00dcRTEL \/ ROTER STREIFEN &#8211; ROLLE 50M"},"content":{"rendered":"<p>G\u00fcrtel f\u00fcr Karate, Judo oder verschiedene Kampfsportarten.<br \/>\nFarbe: Wei\u00df mit 1 roten Strich<br \/>\n50 m Rolle.<br \/>\nHergestellt in Frankreich.<\/p>\n","protected":false},"excerpt":{"rendered":"<p>G\u00fcrtel f\u00fcr Karate, Judo oder verschiedene Kampfsportarten. Farbe: Wei\u00df mit 1 roten Strich 50 m Rolle. Hergestellt in Frankreich.<\/p>\n","protected":false},"featured_media":458689,"comment_status":"open","ping_status":"closed","template":"","meta":{"inline_featured_image":false},"product_brand":[],"product_cat":[2104,2110,2156],"product_tag":[2053],"sport":[],"class_list":{"0":"post-458685","1":"product","2":"type-product","3":"status-publish","4":"has-post-thumbnail","6":"product_cat-gurtel","7":"product_cat-jiu-jitsu-gurtel","8":"product_cat-judo-gurtel","9":"product_tag-daisho-de","10":"pa_size-sans-taille","12":"first","13":"instock","14":"taxable","15":"shipping-taxable","16":"purchasable","17":"product-type-simple"},"yoast_head":"<!-- This site is optimized with the Yoast SEO plugin v27.2 - https:\/\/yoast.com\/product\/yoast-seo-wordpress\/ -->\n<title>WEISSER G\u00dcRTEL \/ ROTER STREIFEN - ROLLE 50M &#8211; Daisho<\/title>\n<meta name=\"robots\" content=\"index, follow, max-snippet:-1, max-image-preview:large, max-video-preview:-1\" \/>\n<link rel=\"canonical\" href=\"https:\/\/www.daisho.be\/de\/produit\/weisser-guertel-roter-streifen-rolle-50m\/\" \/>\n<meta property=\"og:locale\" content=\"de_DE\" \/>\n<meta property=\"og:type\" content=\"article\" \/>\n<meta property=\"og:title\" content=\"WEISSER G\u00dcRTEL \/ ROTER STREIFEN - ROLLE 50M &#8211; Daisho\" \/>\n<meta property=\"og:description\" content=\"G\u00fcrtel f\u00fcr Karate, Judo oder verschiedene Kampfsportarten. Farbe: Wei\u00df mit 1 roten Strich 50 m Rolle. Hergestellt in Frankreich.\" \/>\n<meta property=\"og:url\" content=\"https:\/\/www.daisho.be\/de\/produit\/weisser-guertel-roter-streifen-rolle-50m\/\" \/>\n<meta property=\"og:site_name\" content=\"Daisho\" \/>\n<meta property=\"og:image\" content=\"https:\/\/www.daisho.be\/wp-content\/uploads\/2024\/11\/image-9-1024x1024.png\" \/>\n\t<meta property=\"og:image:width\" content=\"1024\" \/>\n\t<meta property=\"og:image:height\" content=\"1024\" \/>\n\t<meta property=\"og:image:type\" content=\"image\/png\" \/>\n<meta name=\"twitter:card\" content=\"summary_large_image\" \/>\n<script type=\"application\/ld+json\" class=\"yoast-schema-graph\">{\"@context\":\"https:\/\/schema.org\",\"@graph\":[{\"@type\":\"WebPage\",\"@id\":\"https:\/\/www.daisho.be\/de\/produit\/weisser-guertel-roter-streifen-rolle-50m\/\",\"url\":\"https:\/\/www.daisho.be\/de\/produit\/weisser-guertel-roter-streifen-rolle-50m\/\",\"name\":\"WEISSER G\u00dcRTEL \/ ROTER STREIFEN - ROLLE 50M &#8211; Daisho\",\"isPartOf\":{\"@id\":\"https:\/\/www.daisho.be\/de\/#website\"},\"primaryImageOfPage\":{\"@id\":\"https:\/\/www.daisho.be\/de\/produit\/weisser-guertel-roter-streifen-rolle-50m\/#primaryimage\"},\"image\":{\"@id\":\"https:\/\/www.daisho.be\/de\/produit\/weisser-guertel-roter-streifen-rolle-50m\/#primaryimage\"},\"thumbnailUrl\":\"https:\/\/www.daisho.be\/wp-content\/uploads\/2024\/11\/image-9.png\",\"datePublished\":\"2021-09-11T21:09:09+00:00\",\"breadcrumb\":{\"@id\":\"https:\/\/www.daisho.be\/de\/produit\/weisser-guertel-roter-streifen-rolle-50m\/#breadcrumb\"},\"inLanguage\":\"de\",\"potentialAction\":[{\"@type\":\"ReadAction\",\"target\":[\"https:\/\/www.daisho.be\/de\/produit\/weisser-guertel-roter-streifen-rolle-50m\/\"]}]},{\"@type\":\"ImageObject\",\"inLanguage\":\"de\",\"@id\":\"https:\/\/www.daisho.be\/de\/produit\/weisser-guertel-roter-streifen-rolle-50m\/#primaryimage\",\"url\":\"https:\/\/www.daisho.be\/wp-content\/uploads\/2024\/11\/image-9.png\",\"contentUrl\":\"https:\/\/www.daisho.be\/wp-content\/uploads\/2024\/11\/image-9.png\",\"width\":2048,\"height\":2048},{\"@type\":\"BreadcrumbList\",\"@id\":\"https:\/\/www.daisho.be\/de\/produit\/weisser-guertel-roter-streifen-rolle-50m\/#breadcrumb\",\"itemListElement\":[{\"@type\":\"ListItem\",\"position\":1,\"name\":\"Accueil\",\"item\":\"https:\/\/www.daisho.be\/de\/\"},{\"@type\":\"ListItem\",\"position\":2,\"name\":\"Produkte\",\"item\":\"https:\/\/www.daisho.be\/de\/produkte\/\"},{\"@type\":\"ListItem\",\"position\":3,\"name\":\"Ausr\u00fcstung und Kleidung f\u00fcr Kampfkunst und Kampfsport\",\"item\":\"https:\/\/www.daisho.be\/de\/categorie-produit\/ausrustung-und-kleidung-fur-kampfkunst-und-kampfsport\/\"},{\"@type\":\"ListItem\",\"position\":4,\"name\":\"Brasilianisches Jujitsu und Jiu-Jitsu\",\"item\":\"https:\/\/www.daisho.be\/de\/categorie-produit\/ausrustung-und-kleidung-fur-kampfkunst-und-kampfsport\/brasilianisches-jujitsu-und-jiu-jitsu\/\"},{\"@type\":\"ListItem\",\"position\":5,\"name\":\"Jiu Jitsu G\u00fcrtel\",\"item\":\"https:\/\/www.daisho.be\/de\/categorie-produit\/ausrustung-und-kleidung-fur-kampfkunst-und-kampfsport\/brasilianisches-jujitsu-und-jiu-jitsu\/jiu-jitsu-gurtel\/\"},{\"@type\":\"ListItem\",\"position\":6,\"name\":\"WEISSER G\u00dcRTEL \/ ROTER STREIFEN &#8211; ROLLE 50M\"}]},{\"@type\":\"WebSite\",\"@id\":\"https:\/\/www.daisho.be\/de\/#website\",\"url\":\"https:\/\/www.daisho.be\/de\/\",\"name\":\"Daisho\",\"description\":\"Sp&eacute;cialiste de l'&eacute;quipement sportif d'arts martiaux\",\"publisher\":{\"@id\":\"https:\/\/www.daisho.be\/de\/#organization\"},\"potentialAction\":[{\"@type\":\"SearchAction\",\"target\":{\"@type\":\"EntryPoint\",\"urlTemplate\":\"https:\/\/www.daisho.be\/de\/?s={search_term_string}\"},\"query-input\":{\"@type\":\"PropertyValueSpecification\",\"valueRequired\":true,\"valueName\":\"search_term_string\"}}],\"inLanguage\":\"de\"},{\"@type\":\"Organization\",\"@id\":\"https:\/\/www.daisho.be\/de\/#organization\",\"name\":\"Daisho\",\"url\":\"https:\/\/www.daisho.be\/de\/\",\"logo\":{\"@type\":\"ImageObject\",\"inLanguage\":\"de\",\"@id\":\"https:\/\/www.daisho.be\/de\/#\/schema\/logo\/image\/\",\"url\":\"https:\/\/www.daisho.be\/wp-content\/uploads\/2019\/07\/color-nothing-horizontale4x-e1564486100247.png\",\"contentUrl\":\"https:\/\/www.daisho.be\/wp-content\/uploads\/2019\/07\/color-nothing-horizontale4x-e1564486100247.png\",\"width\":1547,\"height\":385,\"caption\":\"Daisho\"},\"image\":{\"@id\":\"https:\/\/www.daisho.be\/de\/#\/schema\/logo\/image\/\"}}]}<\/script>\n<!-- \/ Yoast SEO plugin. -->","yoast_head_json":{"title":"WEISSER G\u00dcRTEL \/ ROTER STREIFEN - ROLLE 50M &#8211; Daisho","robots":{"index":"index","follow":"follow","max-snippet":"max-snippet:-1","max-image-preview":"max-image-preview:large","max-video-preview":"max-video-preview:-1"},"canonical":"https:\/\/www.daisho.be\/de\/produit\/weisser-guertel-roter-streifen-rolle-50m\/","og_locale":"de_DE","og_type":"article","og_title":"WEISSER G\u00dcRTEL \/ ROTER STREIFEN - ROLLE 50M &#8211; Daisho","og_description":"G\u00fcrtel f\u00fcr Karate, Judo oder verschiedene Kampfsportarten. Farbe: Wei\u00df mit 1 roten Strich 50 m Rolle. Hergestellt in Frankreich.","og_url":"https:\/\/www.daisho.be\/de\/produit\/weisser-guertel-roter-streifen-rolle-50m\/","og_site_name":"Daisho","og_image":[{"width":1024,"height":1024,"url":"https:\/\/www.daisho.be\/wp-content\/uploads\/2024\/11\/image-9-1024x1024.png","type":"image\/png"}],"twitter_card":"summary_large_image","schema":{"@context":"https:\/\/schema.org","@graph":[{"@type":"WebPage","@id":"https:\/\/www.daisho.be\/de\/produit\/weisser-guertel-roter-streifen-rolle-50m\/","url":"https:\/\/www.daisho.be\/de\/produit\/weisser-guertel-roter-streifen-rolle-50m\/","name":"WEISSER G\u00dcRTEL \/ ROTER STREIFEN - ROLLE 50M &#8211; Daisho","isPartOf":{"@id":"https:\/\/www.daisho.be\/de\/#website"},"primaryImageOfPage":{"@id":"https:\/\/www.daisho.be\/de\/produit\/weisser-guertel-roter-streifen-rolle-50m\/#primaryimage"},"image":{"@id":"https:\/\/www.daisho.be\/de\/produit\/weisser-guertel-roter-streifen-rolle-50m\/#primaryimage"},"thumbnailUrl":"https:\/\/www.daisho.be\/wp-content\/uploads\/2024\/11\/image-9.png","datePublished":"2021-09-11T21:09:09+00:00","breadcrumb":{"@id":"https:\/\/www.daisho.be\/de\/produit\/weisser-guertel-roter-streifen-rolle-50m\/#breadcrumb"},"inLanguage":"de","potentialAction":[{"@type":"ReadAction","target":["https:\/\/www.daisho.be\/de\/produit\/weisser-guertel-roter-streifen-rolle-50m\/"]}]},{"@type":"ImageObject","inLanguage":"de","@id":"https:\/\/www.daisho.be\/de\/produit\/weisser-guertel-roter-streifen-rolle-50m\/#primaryimage","url":"https:\/\/www.daisho.be\/wp-content\/uploads\/2024\/11\/image-9.png","contentUrl":"https:\/\/www.daisho.be\/wp-content\/uploads\/2024\/11\/image-9.png","width":2048,"height":2048},{"@type":"BreadcrumbList","@id":"https:\/\/www.daisho.be\/de\/produit\/weisser-guertel-roter-streifen-rolle-50m\/#breadcrumb","itemListElement":[{"@type":"ListItem","position":1,"name":"Accueil","item":"https:\/\/www.daisho.be\/de\/"},{"@type":"ListItem","position":2,"name":"Produkte","item":"https:\/\/www.daisho.be\/de\/produkte\/"},{"@type":"ListItem","position":3,"name":"Ausr\u00fcstung und Kleidung f\u00fcr Kampfkunst und Kampfsport","item":"https:\/\/www.daisho.be\/de\/categorie-produit\/ausrustung-und-kleidung-fur-kampfkunst-und-kampfsport\/"},{"@type":"ListItem","position":4,"name":"Brasilianisches Jujitsu und Jiu-Jitsu","item":"https:\/\/www.daisho.be\/de\/categorie-produit\/ausrustung-und-kleidung-fur-kampfkunst-und-kampfsport\/brasilianisches-jujitsu-und-jiu-jitsu\/"},{"@type":"ListItem","position":5,"name":"Jiu Jitsu G\u00fcrtel","item":"https:\/\/www.daisho.be\/de\/categorie-produit\/ausrustung-und-kleidung-fur-kampfkunst-und-kampfsport\/brasilianisches-jujitsu-und-jiu-jitsu\/jiu-jitsu-gurtel\/"},{"@type":"ListItem","position":6,"name":"WEISSER G\u00dcRTEL \/ ROTER STREIFEN &#8211; ROLLE 50M"}]},{"@type":"WebSite","@id":"https:\/\/www.daisho.be\/de\/#website","url":"https:\/\/www.daisho.be\/de\/","name":"Daisho","description":"Sp&eacute;cialiste de l'&eacute;quipement sportif d'arts martiaux","publisher":{"@id":"https:\/\/www.daisho.be\/de\/#organization"},"potentialAction":[{"@type":"SearchAction","target":{"@type":"EntryPoint","urlTemplate":"https:\/\/www.daisho.be\/de\/?s={search_term_string}"},"query-input":{"@type":"PropertyValueSpecification","valueRequired":true,"valueName":"search_term_string"}}],"inLanguage":"de"},{"@type":"Organization","@id":"https:\/\/www.daisho.be\/de\/#organization","name":"Daisho","url":"https:\/\/www.daisho.be\/de\/","logo":{"@type":"ImageObject","inLanguage":"de","@id":"https:\/\/www.daisho.be\/de\/#\/schema\/logo\/image\/","url":"https:\/\/www.daisho.be\/wp-content\/uploads\/2019\/07\/color-nothing-horizontale4x-e1564486100247.png","contentUrl":"https:\/\/www.daisho.be\/wp-content\/uploads\/2019\/07\/color-nothing-horizontale4x-e1564486100247.png","width":1547,"height":385,"caption":"Daisho"},"image":{"@id":"https:\/\/www.daisho.be\/de\/#\/schema\/logo\/image\/"}}]}},"_links":{"self":[{"href":"https:\/\/www.daisho.be\/de\/wp-json\/wp\/v2\/product\/458685","targetHints":{"allow":["GET"]}}],"collection":[{"href":"https:\/\/www.daisho.be\/de\/wp-json\/wp\/v2\/product"}],"about":[{"href":"https:\/\/www.daisho.be\/de\/wp-json\/wp\/v2\/types\/product"}],"replies":[{"embeddable":true,"href":"https:\/\/www.daisho.be\/de\/wp-json\/wp\/v2\/comments?post=458685"}],"wp:featuredmedia":[{"embeddable":true,"href":"https:\/\/www.daisho.be\/de\/wp-json\/wp\/v2\/media\/458689"}],"wp:attachment":[{"href":"https:\/\/www.daisho.be\/de\/wp-json\/wp\/v2\/media?parent=458685"}],"wp:term":[{"taxonomy":"product_brand","embeddable":true,"href":"https:\/\/www.daisho.be\/de\/wp-json\/wp\/v2\/product_brand?post=458685"},{"taxonomy":"product_cat","embeddable":true,"href":"https:\/\/www.daisho.be\/de\/wp-json\/wp\/v2\/product_cat?post=458685"},{"taxonomy":"product_tag","embeddable":true,"href":"https:\/\/www.daisho.be\/de\/wp-json\/wp\/v2\/product_tag?post=458685"},{"taxonomy":"sport","embeddable":true,"href":"https:\/\/www.daisho.be\/de\/wp-json\/wp\/v2\/sport?post=458685"}],"curies":[{"name":"wp","href":"https:\/\/api.w.org\/{rel}","templated":true}]}}