{"id":458650,"date":"2022-04-02T12:08:52","date_gmt":"2022-04-02T10:08:52","guid":{"rendered":"https:\/\/www.daisho.be\/produit\/tai-chi-schuhe-mit-stoffsohle\/"},"modified":"2025-10-09T14:16:45","modified_gmt":"2025-10-09T12:16:45","slug":"tai-chi-schuhe-mit-stoffsohle","status":"publish","type":"product","link":"https:\/\/www.daisho.be\/de\/produit\/tai-chi-schuhe-mit-stoffsohle\/","title":{"rendered":"Tai Chi-Schuhe mit Stoffsohle"},"content":{"rendered":"<p>Die originalen chinesischen Tai Chi Schuhe haben eine mehrfach gen\u00e4hte Stoffsohle.<br \/>\nDie Stoffsohle der Tai Chi Schuhe ist stabil und bietet daher einen guten Halt.<br \/>\nSchuhe im Peking-Stil sind ideal f\u00fcr Tai Chi, Kung Fu, Wushu, Wing Chun, Qi Gong, k\u00f6nnen aber auch als Strandschuhe oder Pantoffeln verwendet werden.<br \/>\nDie Schuhe sind in den Gr\u00f6\u00dfen 30 bis 47 erh\u00e4ltlich.<br \/>\nDank der mehrfachen N\u00e4hte in der Sohle haben diese leichten Tai Chi Schuhe eine extrem stabile Sohle.<br \/>\nDie Tai Chi-Schuhe sind au\u00dfen schwarz.<br \/>\nDas Innenfutter der Taichi-Schuhe ist wei\u00df.<br \/>\nDie Stoffsohle ist wei\u00df. Das Material der Schuhe ist ein angenehm zu tragender Stoff.<br \/>\nDie QiGong-Schuhe werden paarweise geliefert.<br \/>\nAufgrund des Materials (Baumwolle) h\u00e4lt die Sohle auf bestimmten Oberfl\u00e4chen wie Stein, Sand oder rauem Boden nicht so lange.<br \/>\nBestellen Sie jetzt Ihre Tai Chi-Schuhe mit Stoffsohle und erleben Sie h\u00f6chsten Komfort, Stabilit\u00e4t und Stil in einem Produkt.<br \/>\nIhr Trainingserlebnis wird nie wieder dasselbe sein! <\/p>\n<p>Eigenschaften :<\/p>\n<p>Material: Canvas<br \/>\nLieferung pro Paar<br \/>\nFarbe: Au\u00dfenseite schwarz. Sohle und Innenfutter wei\u00df.<br \/>\nGr\u00f6\u00dfen: 30 &#8211; 47<br \/>\nMehrmals gen\u00e4hte Sohle <\/p>\n","protected":false},"excerpt":{"rendered":"<p>Die originalen chinesischen Tai Chi Schuhe haben eine mehrfach gen\u00e4hte Stoffsohle. Die Stoffsohle der Tai Chi Schuhe ist stabil und bietet daher einen guten Halt. Schuhe im Peking-Stil sind ideal f\u00fcr Tai Chi, Kung Fu, Wushu, Wing Chun, Qi Gong, k\u00f6nnen aber auch als Strandschuhe oder Pantoffeln verwendet werden. Die Schuhe sind in den Gr\u00f6\u00dfen [&hellip;]<\/p>\n","protected":false},"featured_media":471391,"comment_status":"open","ping_status":"closed","template":"","meta":{"inline_featured_image":false},"product_brand":[],"product_cat":[2019,2328],"product_tag":[2158],"sport":[1117],"class_list":{"0":"post-458650","1":"product","2":"type-product","3":"status-publish","4":"has-post-thumbnail","6":"product_cat-schuhe","7":"product_cat-tai-chi-schuhe","8":"product_tag-s-b-j-de","9":"pa_size-1216","10":"pa_size-405","11":"pa_size-404","12":"pa_size-403","13":"pa_size-402","14":"pa_size-401","15":"pa_size-400","16":"pa_size-399","17":"pa_size-398","18":"pa_size-397","19":"pa_size-396","20":"pa_size-395","21":"pa_size-394","22":"pa_size-393","23":"pa_size-392","24":"pa_size-391","25":"pa_size-390","26":"pa_size-389","27":"sport-equipement-pour-le-kung-fu","29":"first","30":"instock","31":"taxable","32":"shipping-taxable","33":"purchasable","34":"product-type-variable"},"yoast_head":"<!-- This site is optimized with the Yoast SEO plugin v27.2 - https:\/\/yoast.com\/product\/yoast-seo-wordpress\/ -->\n<title>Tai Chi-Schuhe mit Stoffsohle &#8211; Daisho<\/title>\n<meta name=\"description\" content=\"Tai Chi - Amateur oder Profi? Entdecken Sie die Schuhe mit Stoffsohle auf unserer Website www.daisho.be|Daisho.\" \/>\n<meta name=\"robots\" content=\"index, follow, max-snippet:-1, max-image-preview:large, max-video-preview:-1\" \/>\n<link rel=\"canonical\" href=\"https:\/\/www.daisho.be\/de\/produit\/tai-chi-schuhe-mit-stoffsohle\/\" \/>\n<meta property=\"og:locale\" content=\"de_DE\" \/>\n<meta property=\"og:type\" content=\"article\" \/>\n<meta property=\"og:title\" content=\"Tai Chi-Schuhe mit Stoffsohle &#8211; Daisho\" \/>\n<meta property=\"og:description\" content=\"Tai Chi - Amateur oder Profi? Entdecken Sie die Schuhe mit Stoffsohle auf unserer Website www.daisho.be|Daisho.\" \/>\n<meta property=\"og:url\" content=\"https:\/\/www.daisho.be\/de\/produit\/tai-chi-schuhe-mit-stoffsohle\/\" \/>\n<meta property=\"og:site_name\" content=\"Daisho\" \/>\n<meta property=\"article:modified_time\" content=\"2025-10-09T12:16:45+00:00\" \/>\n<meta property=\"og:image\" content=\"https:\/\/www.daisho.be\/wp-content\/uploads\/2023\/06\/image-42.jpg\" \/>\n\t<meta property=\"og:image:width\" content=\"1200\" \/>\n\t<meta property=\"og:image:height\" content=\"554\" \/>\n\t<meta property=\"og:image:type\" content=\"image\/jpeg\" \/>\n<meta name=\"twitter:card\" content=\"summary_large_image\" \/>\n<meta name=\"twitter:label1\" content=\"Gesch\u00e4tzte Lesezeit\" \/>\n\t<meta name=\"twitter:data1\" content=\"1\u00a0Minute\" \/>\n<script type=\"application\/ld+json\" class=\"yoast-schema-graph\">{\"@context\":\"https:\/\/schema.org\",\"@graph\":[{\"@type\":\"WebPage\",\"@id\":\"https:\/\/www.daisho.be\/de\/produit\/tai-chi-schuhe-mit-stoffsohle\/\",\"url\":\"https:\/\/www.daisho.be\/de\/produit\/tai-chi-schuhe-mit-stoffsohle\/\",\"name\":\"Tai Chi-Schuhe mit Stoffsohle &#8211; Daisho\",\"isPartOf\":{\"@id\":\"https:\/\/www.daisho.be\/de\/#website\"},\"primaryImageOfPage\":{\"@id\":\"https:\/\/www.daisho.be\/de\/produit\/tai-chi-schuhe-mit-stoffsohle\/#primaryimage\"},\"image\":{\"@id\":\"https:\/\/www.daisho.be\/de\/produit\/tai-chi-schuhe-mit-stoffsohle\/#primaryimage\"},\"thumbnailUrl\":\"https:\/\/www.daisho.be\/wp-content\/uploads\/2023\/06\/image-42.jpg\",\"datePublished\":\"2022-04-02T10:08:52+00:00\",\"dateModified\":\"2025-10-09T12:16:45+00:00\",\"description\":\"Tai Chi - Amateur oder Profi? Entdecken Sie die Schuhe mit Stoffsohle auf unserer Website www.daisho.be|Daisho.\",\"breadcrumb\":{\"@id\":\"https:\/\/www.daisho.be\/de\/produit\/tai-chi-schuhe-mit-stoffsohle\/#breadcrumb\"},\"inLanguage\":\"de\",\"potentialAction\":[{\"@type\":\"ReadAction\",\"target\":[\"https:\/\/www.daisho.be\/de\/produit\/tai-chi-schuhe-mit-stoffsohle\/\"]}]},{\"@type\":\"ImageObject\",\"inLanguage\":\"de\",\"@id\":\"https:\/\/www.daisho.be\/de\/produit\/tai-chi-schuhe-mit-stoffsohle\/#primaryimage\",\"url\":\"https:\/\/www.daisho.be\/wp-content\/uploads\/2023\/06\/image-42.jpg\",\"contentUrl\":\"https:\/\/www.daisho.be\/wp-content\/uploads\/2023\/06\/image-42.jpg\",\"width\":1200,\"height\":554,\"caption\":\"Tai Chi-Schuhe mit Stoffsohle-1\"},{\"@type\":\"BreadcrumbList\",\"@id\":\"https:\/\/www.daisho.be\/de\/produit\/tai-chi-schuhe-mit-stoffsohle\/#breadcrumb\",\"itemListElement\":[{\"@type\":\"ListItem\",\"position\":1,\"name\":\"Accueil\",\"item\":\"https:\/\/www.daisho.be\/de\/\"},{\"@type\":\"ListItem\",\"position\":2,\"name\":\"Produkte\",\"item\":\"https:\/\/www.daisho.be\/de\/produkte\/\"},{\"@type\":\"ListItem\",\"position\":3,\"name\":\"Ausr\u00fcstung und Kleidung f\u00fcr Kampfkunst und Kampfsport\",\"item\":\"https:\/\/www.daisho.be\/de\/categorie-produit\/ausrustung-und-kleidung-fur-kampfkunst-und-kampfsport\/\"},{\"@type\":\"ListItem\",\"position\":4,\"name\":\"Tai Chi\",\"item\":\"https:\/\/www.daisho.be\/de\/categorie-produit\/ausrustung-und-kleidung-fur-kampfkunst-und-kampfsport\/tai-chi-de\/\"},{\"@type\":\"ListItem\",\"position\":5,\"name\":\"Tai Chi Schuhe\",\"item\":\"https:\/\/www.daisho.be\/de\/categorie-produit\/ausrustung-und-kleidung-fur-kampfkunst-und-kampfsport\/tai-chi-de\/tai-chi-schuhe\/\"},{\"@type\":\"ListItem\",\"position\":6,\"name\":\"Tai Chi-Schuhe mit Stoffsohle\"}]},{\"@type\":\"WebSite\",\"@id\":\"https:\/\/www.daisho.be\/de\/#website\",\"url\":\"https:\/\/www.daisho.be\/de\/\",\"name\":\"Daisho\",\"description\":\"Sp&eacute;cialiste de l'&eacute;quipement sportif d'arts martiaux\",\"publisher\":{\"@id\":\"https:\/\/www.daisho.be\/de\/#organization\"},\"potentialAction\":[{\"@type\":\"SearchAction\",\"target\":{\"@type\":\"EntryPoint\",\"urlTemplate\":\"https:\/\/www.daisho.be\/de\/?s={search_term_string}\"},\"query-input\":{\"@type\":\"PropertyValueSpecification\",\"valueRequired\":true,\"valueName\":\"search_term_string\"}}],\"inLanguage\":\"de\"},{\"@type\":\"Organization\",\"@id\":\"https:\/\/www.daisho.be\/de\/#organization\",\"name\":\"Daisho\",\"url\":\"https:\/\/www.daisho.be\/de\/\",\"logo\":{\"@type\":\"ImageObject\",\"inLanguage\":\"de\",\"@id\":\"https:\/\/www.daisho.be\/de\/#\/schema\/logo\/image\/\",\"url\":\"https:\/\/www.daisho.be\/wp-content\/uploads\/2019\/07\/color-nothing-horizontale4x-e1564486100247.png\",\"contentUrl\":\"https:\/\/www.daisho.be\/wp-content\/uploads\/2019\/07\/color-nothing-horizontale4x-e1564486100247.png\",\"width\":1547,\"height\":385,\"caption\":\"Daisho\"},\"image\":{\"@id\":\"https:\/\/www.daisho.be\/de\/#\/schema\/logo\/image\/\"}}]}<\/script>\n<!-- \/ Yoast SEO plugin. -->","yoast_head_json":{"title":"Tai Chi-Schuhe mit Stoffsohle &#8211; Daisho","description":"Tai Chi - Amateur oder Profi? Entdecken Sie die Schuhe mit Stoffsohle auf unserer Website www.daisho.be|Daisho.","robots":{"index":"index","follow":"follow","max-snippet":"max-snippet:-1","max-image-preview":"max-image-preview:large","max-video-preview":"max-video-preview:-1"},"canonical":"https:\/\/www.daisho.be\/de\/produit\/tai-chi-schuhe-mit-stoffsohle\/","og_locale":"de_DE","og_type":"article","og_title":"Tai Chi-Schuhe mit Stoffsohle &#8211; Daisho","og_description":"Tai Chi - Amateur oder Profi? Entdecken Sie die Schuhe mit Stoffsohle auf unserer Website www.daisho.be|Daisho.","og_url":"https:\/\/www.daisho.be\/de\/produit\/tai-chi-schuhe-mit-stoffsohle\/","og_site_name":"Daisho","article_modified_time":"2025-10-09T12:16:45+00:00","og_image":[{"width":1200,"height":554,"url":"https:\/\/www.daisho.be\/wp-content\/uploads\/2023\/06\/image-42.jpg","type":"image\/jpeg"}],"twitter_card":"summary_large_image","twitter_misc":{"Gesch\u00e4tzte Lesezeit":"1\u00a0Minute"},"schema":{"@context":"https:\/\/schema.org","@graph":[{"@type":"WebPage","@id":"https:\/\/www.daisho.be\/de\/produit\/tai-chi-schuhe-mit-stoffsohle\/","url":"https:\/\/www.daisho.be\/de\/produit\/tai-chi-schuhe-mit-stoffsohle\/","name":"Tai Chi-Schuhe mit Stoffsohle &#8211; Daisho","isPartOf":{"@id":"https:\/\/www.daisho.be\/de\/#website"},"primaryImageOfPage":{"@id":"https:\/\/www.daisho.be\/de\/produit\/tai-chi-schuhe-mit-stoffsohle\/#primaryimage"},"image":{"@id":"https:\/\/www.daisho.be\/de\/produit\/tai-chi-schuhe-mit-stoffsohle\/#primaryimage"},"thumbnailUrl":"https:\/\/www.daisho.be\/wp-content\/uploads\/2023\/06\/image-42.jpg","datePublished":"2022-04-02T10:08:52+00:00","dateModified":"2025-10-09T12:16:45+00:00","description":"Tai Chi - Amateur oder Profi? Entdecken Sie die Schuhe mit Stoffsohle auf unserer Website www.daisho.be|Daisho.","breadcrumb":{"@id":"https:\/\/www.daisho.be\/de\/produit\/tai-chi-schuhe-mit-stoffsohle\/#breadcrumb"},"inLanguage":"de","potentialAction":[{"@type":"ReadAction","target":["https:\/\/www.daisho.be\/de\/produit\/tai-chi-schuhe-mit-stoffsohle\/"]}]},{"@type":"ImageObject","inLanguage":"de","@id":"https:\/\/www.daisho.be\/de\/produit\/tai-chi-schuhe-mit-stoffsohle\/#primaryimage","url":"https:\/\/www.daisho.be\/wp-content\/uploads\/2023\/06\/image-42.jpg","contentUrl":"https:\/\/www.daisho.be\/wp-content\/uploads\/2023\/06\/image-42.jpg","width":1200,"height":554,"caption":"Tai Chi-Schuhe mit Stoffsohle-1"},{"@type":"BreadcrumbList","@id":"https:\/\/www.daisho.be\/de\/produit\/tai-chi-schuhe-mit-stoffsohle\/#breadcrumb","itemListElement":[{"@type":"ListItem","position":1,"name":"Accueil","item":"https:\/\/www.daisho.be\/de\/"},{"@type":"ListItem","position":2,"name":"Produkte","item":"https:\/\/www.daisho.be\/de\/produkte\/"},{"@type":"ListItem","position":3,"name":"Ausr\u00fcstung und Kleidung f\u00fcr Kampfkunst und Kampfsport","item":"https:\/\/www.daisho.be\/de\/categorie-produit\/ausrustung-und-kleidung-fur-kampfkunst-und-kampfsport\/"},{"@type":"ListItem","position":4,"name":"Tai Chi","item":"https:\/\/www.daisho.be\/de\/categorie-produit\/ausrustung-und-kleidung-fur-kampfkunst-und-kampfsport\/tai-chi-de\/"},{"@type":"ListItem","position":5,"name":"Tai Chi Schuhe","item":"https:\/\/www.daisho.be\/de\/categorie-produit\/ausrustung-und-kleidung-fur-kampfkunst-und-kampfsport\/tai-chi-de\/tai-chi-schuhe\/"},{"@type":"ListItem","position":6,"name":"Tai Chi-Schuhe mit Stoffsohle"}]},{"@type":"WebSite","@id":"https:\/\/www.daisho.be\/de\/#website","url":"https:\/\/www.daisho.be\/de\/","name":"Daisho","description":"Sp&eacute;cialiste de l'&eacute;quipement sportif d'arts martiaux","publisher":{"@id":"https:\/\/www.daisho.be\/de\/#organization"},"potentialAction":[{"@type":"SearchAction","target":{"@type":"EntryPoint","urlTemplate":"https:\/\/www.daisho.be\/de\/?s={search_term_string}"},"query-input":{"@type":"PropertyValueSpecification","valueRequired":true,"valueName":"search_term_string"}}],"inLanguage":"de"},{"@type":"Organization","@id":"https:\/\/www.daisho.be\/de\/#organization","name":"Daisho","url":"https:\/\/www.daisho.be\/de\/","logo":{"@type":"ImageObject","inLanguage":"de","@id":"https:\/\/www.daisho.be\/de\/#\/schema\/logo\/image\/","url":"https:\/\/www.daisho.be\/wp-content\/uploads\/2019\/07\/color-nothing-horizontale4x-e1564486100247.png","contentUrl":"https:\/\/www.daisho.be\/wp-content\/uploads\/2019\/07\/color-nothing-horizontale4x-e1564486100247.png","width":1547,"height":385,"caption":"Daisho"},"image":{"@id":"https:\/\/www.daisho.be\/de\/#\/schema\/logo\/image\/"}}]}},"_links":{"self":[{"href":"https:\/\/www.daisho.be\/de\/wp-json\/wp\/v2\/product\/458650","targetHints":{"allow":["GET"]}}],"collection":[{"href":"https:\/\/www.daisho.be\/de\/wp-json\/wp\/v2\/product"}],"about":[{"href":"https:\/\/www.daisho.be\/de\/wp-json\/wp\/v2\/types\/product"}],"replies":[{"embeddable":true,"href":"https:\/\/www.daisho.be\/de\/wp-json\/wp\/v2\/comments?post=458650"}],"wp:featuredmedia":[{"embeddable":true,"href":"https:\/\/www.daisho.be\/de\/wp-json\/wp\/v2\/media\/471391"}],"wp:attachment":[{"href":"https:\/\/www.daisho.be\/de\/wp-json\/wp\/v2\/media?parent=458650"}],"wp:term":[{"taxonomy":"product_brand","embeddable":true,"href":"https:\/\/www.daisho.be\/de\/wp-json\/wp\/v2\/product_brand?post=458650"},{"taxonomy":"product_cat","embeddable":true,"href":"https:\/\/www.daisho.be\/de\/wp-json\/wp\/v2\/product_cat?post=458650"},{"taxonomy":"product_tag","embeddable":true,"href":"https:\/\/www.daisho.be\/de\/wp-json\/wp\/v2\/product_tag?post=458650"},{"taxonomy":"sport","embeddable":true,"href":"https:\/\/www.daisho.be\/de\/wp-json\/wp\/v2\/sport?post=458650"}],"curies":[{"name":"wp","href":"https:\/\/api.w.org\/{rel}","templated":true}]}}