{"id":458611,"date":"2022-04-02T13:52:42","date_gmt":"2022-04-02T11:52:42","guid":{"rendered":"https:\/\/www.daisho.be\/produit\/adidas-sh1-teppichbodenschuhe-fuer-innenraeume\/"},"modified":"2022-04-02T13:52:42","modified_gmt":"2022-04-02T11:52:42","slug":"adidas-sh1-teppichbodenschuhe-fuer-innenraeume","status":"publish","type":"product","link":"https:\/\/www.daisho.be\/de\/produit\/adidas-sh1-teppichbodenschuhe-fuer-innenraeume\/","title":{"rendered":"adidas SH1 Teppichbodenschuhe f\u00fcr Innenr\u00e4ume"},"content":{"rendered":"<p>Ob f\u00fcr Wettkampf oder Training, ob f\u00fcr Sportler oder Schiedsrichter, dieser Schuh passt zu jedem Outfit, damit Sie in den Trainingspausen keine kalten F\u00fc\u00dfe bekommen. Auch geeignet f\u00fcr Wushu, Qigong und Tai Chi. Diese Schuhe eignen sich auch als Hausschuhe. Bitte achten Sie darauf, dass sie nicht auf sehr rauen Oberfl\u00e4chen getragen werden. Das Reiben auf unebenen Fl\u00e4chen, Felsen und jeder spitzen oder rauen Oberfl\u00e4che kann das Mesh-Gewebe von der Sohle l\u00f6sen. Dieser Schuh ist kein Ersatz f\u00fcr einen Trainings- oder Sportschuh. Praktischer Gleitschuh aus atmungsaktivem Material. Bequemes, leichtes Meshgewebe vorne und an den Seiten.<br \/>\nMit gepolsterter, k\u00e4lteisolierender, rutschfester Sohle.<br \/>\nMaterial: 100% Polyester<br \/>\nFarbe: schwarz\/wei\u00df<\/p>\n<p><img loading=\"lazy\" decoding=\"async\" class=\"alignnone wp-image-262818 size-full\" src=\"https:\/\/www.daisho.be\/wp-content\/uploads\/2022\/04\/capture-decran-2023-11-23-090233.png\" alt=\"\" width=\"388\" height=\"200\" srcset=\"https:\/\/www.daisho.be\/wp-content\/uploads\/2022\/04\/capture-decran-2023-11-23-090233.png 388w, https:\/\/www.daisho.be\/wp-content\/uploads\/2022\/04\/capture-decran-2023-11-23-090233-300x155.png 300w, https:\/\/www.daisho.be\/wp-content\/uploads\/2022\/04\/capture-decran-2023-11-23-090233-155x80.png 155w\" sizes=\"auto, (max-width: 388px) 100vw, 388px\" \/><\/p>\n","protected":false},"excerpt":{"rendered":"<p>Ob f\u00fcr Wettkampf oder Training, ob f\u00fcr Sportler oder Schiedsrichter, dieser Schuh passt zu jedem Outfit, damit Sie in den Trainingspausen keine kalten F\u00fc\u00dfe bekommen. Auch geeignet f\u00fcr Wushu, Qigong und Tai Chi. Diese Schuhe eignen sich auch als Hausschuhe. Bitte achten Sie darauf, dass sie nicht auf sehr rauen Oberfl\u00e4chen getragen werden. Das Reiben [&hellip;]<\/p>\n","protected":false},"featured_media":458621,"comment_status":"closed","ping_status":"closed","template":"","meta":{"inline_featured_image":false},"product_brand":[],"product_cat":[2326,2019],"product_tag":[2178],"sport":[],"class_list":{"0":"post-458611","1":"product","2":"type-product","3":"status-publish","4":"has-post-thumbnail","6":"product_cat-jiu-jitsu-de","7":"product_cat-schuhe","8":"product_tag-adidas-de","9":"pa_size-2xs","10":"pa_size-3xs","11":"pa_size-s","12":"pa_size-xs","14":"first","15":"instock","16":"taxable","17":"shipping-taxable","18":"purchasable","19":"product-type-variable"},"yoast_head":"<!-- This site is optimized with the Yoast SEO plugin v27.2 - https:\/\/yoast.com\/product\/yoast-seo-wordpress\/ -->\n<title>adidas SH1 Teppichbodenschuhe f\u00fcr Innenr\u00e4ume &#8211; Daisho<\/title>\n<meta name=\"robots\" content=\"index, follow, max-snippet:-1, max-image-preview:large, max-video-preview:-1\" \/>\n<link rel=\"canonical\" href=\"https:\/\/www.daisho.be\/de\/produit\/adidas-sh1-teppichbodenschuhe-fuer-innenraeume\/\" \/>\n<meta property=\"og:locale\" content=\"de_DE\" \/>\n<meta property=\"og:type\" content=\"article\" \/>\n<meta property=\"og:title\" content=\"adidas SH1 Teppichbodenschuhe f\u00fcr Innenr\u00e4ume &#8211; Daisho\" \/>\n<meta property=\"og:description\" content=\"Ob f\u00fcr Wettkampf oder Training, ob f\u00fcr Sportler oder Schiedsrichter, dieser Schuh passt zu jedem Outfit, damit Sie in den Trainingspausen keine kalten F\u00fc\u00dfe bekommen. Auch geeignet f\u00fcr Wushu, Qigong und Tai Chi. Diese Schuhe eignen sich auch als Hausschuhe. Bitte achten Sie darauf, dass sie nicht auf sehr rauen Oberfl\u00e4chen getragen werden. Das Reiben [&hellip;]\" \/>\n<meta property=\"og:url\" content=\"https:\/\/www.daisho.be\/de\/produit\/adidas-sh1-teppichbodenschuhe-fuer-innenraeume\/\" \/>\n<meta property=\"og:site_name\" content=\"Daisho\" \/>\n<meta property=\"og:image\" content=\"https:\/\/www.daisho.be\/wp-content\/uploads\/2023\/11\/image-93.jpg\" \/>\n\t<meta property=\"og:image:width\" content=\"1200\" \/>\n\t<meta property=\"og:image:height\" content=\"588\" \/>\n\t<meta property=\"og:image:type\" content=\"image\/jpeg\" \/>\n<meta name=\"twitter:card\" content=\"summary_large_image\" \/>\n<meta name=\"twitter:label1\" content=\"Gesch\u00e4tzte Lesezeit\" \/>\n\t<meta name=\"twitter:data1\" content=\"1\u00a0Minute\" \/>\n<script type=\"application\/ld+json\" class=\"yoast-schema-graph\">{\"@context\":\"https:\/\/schema.org\",\"@graph\":[{\"@type\":\"WebPage\",\"@id\":\"https:\/\/www.daisho.be\/de\/produit\/adidas-sh1-teppichbodenschuhe-fuer-innenraeume\/\",\"url\":\"https:\/\/www.daisho.be\/de\/produit\/adidas-sh1-teppichbodenschuhe-fuer-innenraeume\/\",\"name\":\"adidas SH1 Teppichbodenschuhe f\u00fcr Innenr\u00e4ume &#8211; Daisho\",\"isPartOf\":{\"@id\":\"https:\/\/www.daisho.be\/de\/#website\"},\"primaryImageOfPage\":{\"@id\":\"https:\/\/www.daisho.be\/de\/produit\/adidas-sh1-teppichbodenschuhe-fuer-innenraeume\/#primaryimage\"},\"image\":{\"@id\":\"https:\/\/www.daisho.be\/de\/produit\/adidas-sh1-teppichbodenschuhe-fuer-innenraeume\/#primaryimage\"},\"thumbnailUrl\":\"https:\/\/www.daisho.be\/wp-content\/uploads\/2023\/11\/image-93.jpg\",\"datePublished\":\"2022-04-02T11:52:42+00:00\",\"breadcrumb\":{\"@id\":\"https:\/\/www.daisho.be\/de\/produit\/adidas-sh1-teppichbodenschuhe-fuer-innenraeume\/#breadcrumb\"},\"inLanguage\":\"de\",\"potentialAction\":[{\"@type\":\"ReadAction\",\"target\":[\"https:\/\/www.daisho.be\/de\/produit\/adidas-sh1-teppichbodenschuhe-fuer-innenraeume\/\"]}]},{\"@type\":\"ImageObject\",\"inLanguage\":\"de\",\"@id\":\"https:\/\/www.daisho.be\/de\/produit\/adidas-sh1-teppichbodenschuhe-fuer-innenraeume\/#primaryimage\",\"url\":\"https:\/\/www.daisho.be\/wp-content\/uploads\/2023\/11\/image-93.jpg\",\"contentUrl\":\"https:\/\/www.daisho.be\/wp-content\/uploads\/2023\/11\/image-93.jpg\",\"width\":1200,\"height\":588},{\"@type\":\"BreadcrumbList\",\"@id\":\"https:\/\/www.daisho.be\/de\/produit\/adidas-sh1-teppichbodenschuhe-fuer-innenraeume\/#breadcrumb\",\"itemListElement\":[{\"@type\":\"ListItem\",\"position\":1,\"name\":\"Accueil\",\"item\":\"https:\/\/www.daisho.be\/de\/\"},{\"@type\":\"ListItem\",\"position\":2,\"name\":\"Produkte\",\"item\":\"https:\/\/www.daisho.be\/de\/produkte\/\"},{\"@type\":\"ListItem\",\"position\":3,\"name\":\"ADIDAS COMBAT SPORTS\",\"item\":\"https:\/\/www.daisho.be\/de\/categorie-produit\/adidas-combat-sports-de\/\"},{\"@type\":\"ListItem\",\"position\":4,\"name\":\"Jiu-Jitsu\",\"item\":\"https:\/\/www.daisho.be\/de\/categorie-produit\/adidas-combat-sports-de\/jiu-jitsu-de\/\"},{\"@type\":\"ListItem\",\"position\":5,\"name\":\"adidas SH1 Teppichbodenschuhe f\u00fcr Innenr\u00e4ume\"}]},{\"@type\":\"WebSite\",\"@id\":\"https:\/\/www.daisho.be\/de\/#website\",\"url\":\"https:\/\/www.daisho.be\/de\/\",\"name\":\"Daisho\",\"description\":\"Sp&eacute;cialiste de l'&eacute;quipement sportif d'arts martiaux\",\"publisher\":{\"@id\":\"https:\/\/www.daisho.be\/de\/#organization\"},\"potentialAction\":[{\"@type\":\"SearchAction\",\"target\":{\"@type\":\"EntryPoint\",\"urlTemplate\":\"https:\/\/www.daisho.be\/de\/?s={search_term_string}\"},\"query-input\":{\"@type\":\"PropertyValueSpecification\",\"valueRequired\":true,\"valueName\":\"search_term_string\"}}],\"inLanguage\":\"de\"},{\"@type\":\"Organization\",\"@id\":\"https:\/\/www.daisho.be\/de\/#organization\",\"name\":\"Daisho\",\"url\":\"https:\/\/www.daisho.be\/de\/\",\"logo\":{\"@type\":\"ImageObject\",\"inLanguage\":\"de\",\"@id\":\"https:\/\/www.daisho.be\/de\/#\/schema\/logo\/image\/\",\"url\":\"https:\/\/www.daisho.be\/wp-content\/uploads\/2019\/07\/color-nothing-horizontale4x-e1564486100247.png\",\"contentUrl\":\"https:\/\/www.daisho.be\/wp-content\/uploads\/2019\/07\/color-nothing-horizontale4x-e1564486100247.png\",\"width\":1547,\"height\":385,\"caption\":\"Daisho\"},\"image\":{\"@id\":\"https:\/\/www.daisho.be\/de\/#\/schema\/logo\/image\/\"}}]}<\/script>\n<!-- \/ Yoast SEO plugin. -->","yoast_head_json":{"title":"adidas SH1 Teppichbodenschuhe f\u00fcr Innenr\u00e4ume &#8211; Daisho","robots":{"index":"index","follow":"follow","max-snippet":"max-snippet:-1","max-image-preview":"max-image-preview:large","max-video-preview":"max-video-preview:-1"},"canonical":"https:\/\/www.daisho.be\/de\/produit\/adidas-sh1-teppichbodenschuhe-fuer-innenraeume\/","og_locale":"de_DE","og_type":"article","og_title":"adidas SH1 Teppichbodenschuhe f\u00fcr Innenr\u00e4ume &#8211; Daisho","og_description":"Ob f\u00fcr Wettkampf oder Training, ob f\u00fcr Sportler oder Schiedsrichter, dieser Schuh passt zu jedem Outfit, damit Sie in den Trainingspausen keine kalten F\u00fc\u00dfe bekommen. Auch geeignet f\u00fcr Wushu, Qigong und Tai Chi. Diese Schuhe eignen sich auch als Hausschuhe. Bitte achten Sie darauf, dass sie nicht auf sehr rauen Oberfl\u00e4chen getragen werden. Das Reiben [&hellip;]","og_url":"https:\/\/www.daisho.be\/de\/produit\/adidas-sh1-teppichbodenschuhe-fuer-innenraeume\/","og_site_name":"Daisho","og_image":[{"width":1200,"height":588,"url":"https:\/\/www.daisho.be\/wp-content\/uploads\/2023\/11\/image-93.jpg","type":"image\/jpeg"}],"twitter_card":"summary_large_image","twitter_misc":{"Gesch\u00e4tzte Lesezeit":"1\u00a0Minute"},"schema":{"@context":"https:\/\/schema.org","@graph":[{"@type":"WebPage","@id":"https:\/\/www.daisho.be\/de\/produit\/adidas-sh1-teppichbodenschuhe-fuer-innenraeume\/","url":"https:\/\/www.daisho.be\/de\/produit\/adidas-sh1-teppichbodenschuhe-fuer-innenraeume\/","name":"adidas SH1 Teppichbodenschuhe f\u00fcr Innenr\u00e4ume &#8211; Daisho","isPartOf":{"@id":"https:\/\/www.daisho.be\/de\/#website"},"primaryImageOfPage":{"@id":"https:\/\/www.daisho.be\/de\/produit\/adidas-sh1-teppichbodenschuhe-fuer-innenraeume\/#primaryimage"},"image":{"@id":"https:\/\/www.daisho.be\/de\/produit\/adidas-sh1-teppichbodenschuhe-fuer-innenraeume\/#primaryimage"},"thumbnailUrl":"https:\/\/www.daisho.be\/wp-content\/uploads\/2023\/11\/image-93.jpg","datePublished":"2022-04-02T11:52:42+00:00","breadcrumb":{"@id":"https:\/\/www.daisho.be\/de\/produit\/adidas-sh1-teppichbodenschuhe-fuer-innenraeume\/#breadcrumb"},"inLanguage":"de","potentialAction":[{"@type":"ReadAction","target":["https:\/\/www.daisho.be\/de\/produit\/adidas-sh1-teppichbodenschuhe-fuer-innenraeume\/"]}]},{"@type":"ImageObject","inLanguage":"de","@id":"https:\/\/www.daisho.be\/de\/produit\/adidas-sh1-teppichbodenschuhe-fuer-innenraeume\/#primaryimage","url":"https:\/\/www.daisho.be\/wp-content\/uploads\/2023\/11\/image-93.jpg","contentUrl":"https:\/\/www.daisho.be\/wp-content\/uploads\/2023\/11\/image-93.jpg","width":1200,"height":588},{"@type":"BreadcrumbList","@id":"https:\/\/www.daisho.be\/de\/produit\/adidas-sh1-teppichbodenschuhe-fuer-innenraeume\/#breadcrumb","itemListElement":[{"@type":"ListItem","position":1,"name":"Accueil","item":"https:\/\/www.daisho.be\/de\/"},{"@type":"ListItem","position":2,"name":"Produkte","item":"https:\/\/www.daisho.be\/de\/produkte\/"},{"@type":"ListItem","position":3,"name":"ADIDAS COMBAT SPORTS","item":"https:\/\/www.daisho.be\/de\/categorie-produit\/adidas-combat-sports-de\/"},{"@type":"ListItem","position":4,"name":"Jiu-Jitsu","item":"https:\/\/www.daisho.be\/de\/categorie-produit\/adidas-combat-sports-de\/jiu-jitsu-de\/"},{"@type":"ListItem","position":5,"name":"adidas SH1 Teppichbodenschuhe f\u00fcr Innenr\u00e4ume"}]},{"@type":"WebSite","@id":"https:\/\/www.daisho.be\/de\/#website","url":"https:\/\/www.daisho.be\/de\/","name":"Daisho","description":"Sp&eacute;cialiste de l'&eacute;quipement sportif d'arts martiaux","publisher":{"@id":"https:\/\/www.daisho.be\/de\/#organization"},"potentialAction":[{"@type":"SearchAction","target":{"@type":"EntryPoint","urlTemplate":"https:\/\/www.daisho.be\/de\/?s={search_term_string}"},"query-input":{"@type":"PropertyValueSpecification","valueRequired":true,"valueName":"search_term_string"}}],"inLanguage":"de"},{"@type":"Organization","@id":"https:\/\/www.daisho.be\/de\/#organization","name":"Daisho","url":"https:\/\/www.daisho.be\/de\/","logo":{"@type":"ImageObject","inLanguage":"de","@id":"https:\/\/www.daisho.be\/de\/#\/schema\/logo\/image\/","url":"https:\/\/www.daisho.be\/wp-content\/uploads\/2019\/07\/color-nothing-horizontale4x-e1564486100247.png","contentUrl":"https:\/\/www.daisho.be\/wp-content\/uploads\/2019\/07\/color-nothing-horizontale4x-e1564486100247.png","width":1547,"height":385,"caption":"Daisho"},"image":{"@id":"https:\/\/www.daisho.be\/de\/#\/schema\/logo\/image\/"}}]}},"_links":{"self":[{"href":"https:\/\/www.daisho.be\/de\/wp-json\/wp\/v2\/product\/458611","targetHints":{"allow":["GET"]}}],"collection":[{"href":"https:\/\/www.daisho.be\/de\/wp-json\/wp\/v2\/product"}],"about":[{"href":"https:\/\/www.daisho.be\/de\/wp-json\/wp\/v2\/types\/product"}],"replies":[{"embeddable":true,"href":"https:\/\/www.daisho.be\/de\/wp-json\/wp\/v2\/comments?post=458611"}],"wp:featuredmedia":[{"embeddable":true,"href":"https:\/\/www.daisho.be\/de\/wp-json\/wp\/v2\/media\/458621"}],"wp:attachment":[{"href":"https:\/\/www.daisho.be\/de\/wp-json\/wp\/v2\/media?parent=458611"}],"wp:term":[{"taxonomy":"product_brand","embeddable":true,"href":"https:\/\/www.daisho.be\/de\/wp-json\/wp\/v2\/product_brand?post=458611"},{"taxonomy":"product_cat","embeddable":true,"href":"https:\/\/www.daisho.be\/de\/wp-json\/wp\/v2\/product_cat?post=458611"},{"taxonomy":"product_tag","embeddable":true,"href":"https:\/\/www.daisho.be\/de\/wp-json\/wp\/v2\/product_tag?post=458611"},{"taxonomy":"sport","embeddable":true,"href":"https:\/\/www.daisho.be\/de\/wp-json\/wp\/v2\/sport?post=458611"}],"curies":[{"name":"wp","href":"https:\/\/api.w.org\/{rel}","templated":true}]}}